{"id":1155,"date":"2021-01-27T14:59:45","date_gmt":"2021-01-27T14:59:45","guid":{"rendered":"https:\/\/ferrycroatia.com\/hr\/?page_id=1155"},"modified":"2021-02-01T11:46:13","modified_gmt":"2021-02-01T11:46:13","slug":"kasnjenje-trajekata-u-hrvatskoj","status":"publish","type":"page","link":"https:\/\/www.ferrycroatia.com\/hr\/kasnjenje-trajekata-u-hrvatskoj\/","title":{"rendered":"Ka\u0161njenje trajekata u Hrvatskoj"},"content":{"rendered":"<p>Trajekti u Hrvatskoj prometuju tijekom cijele godine, uz u\u010destalije polaske tijekom ljetnih mjeseci. U ve\u0107ini slu\u010dajeva trajektne linije prometuju prema <b>rasporedu najavljenom na po\u010detku godine\/sezone <\/b>s malo ili bez ikakvih izmjena. <b>Ka\u0161njenja trajekata vrlo su rijetka<\/b> unato\u010d gu\u017evi tijekom sezone, a ve\u0107ina <b>izmjena polazaka unaprijed je najavljena na web stranicama prijevoznika<\/b>. Na pomorski promet ipak utje\u010de nekoliko \u010dimbenika, poput vremenskih uvjeta koji mogu uzrokovati ka\u0161njenja ili \u010dak otkazivanje trajektnih linija izme\u0111u <a href=\"https:\/\/ferrycroatia.com\/hr\/otoci-u-hrvatskoj\/\">otoka na Jadranu<\/a>.<\/p>\n<p>Na Jadranskom moru pu\u0161e nekoliko vjetrova, od kojih dva mogu zna\u010dajno utjecati na pomorski promet. <b>Jugoisto\u010dni vjetar<\/b> zvan <b>jugo<\/b> zajedno s ju\u017enim o\u0161trom javlja se tijekom cijele godine, no posebno u prolje\u0107e, jesen i zimu. Jugo donosi toplinu i vlagu pra\u0107enu ki\u0161om i \u010desto grmljavinom. \u010cesto postupno ja\u010da i podi\u017ee valove zbog \u010dega se ve\u0107ina trajektnih i katamaranskih linija mora otkazati zbog sigurnosti putnika.<\/p>\n<p>Drugi zna\u010dajan vjetar zove se <b>bura<\/b>, a <b>pu\u0161e sa sjevera<\/b>. Ovaj vjetar, potpuna suprotnost jugu, donosi suh zrak i vedro nebo. Me\u0111utim, bura ima tendenciju postizati brzine preko 200 km\/h \u0161to mo\u017ee uzrokovati vrlo velike valove. Upravo zato kada pu\u0161e jaka bura, ve\u0107ina trajektnih i katamaranskih polazaka bude otkazana.<\/p>\n<p>Ponekad, \u010dak i kad su ovi vjetrovi umjereni, mo\u017eete o\u010dekivati \u200b\u200botkazivanja ili ka\u0161njenja. <b>Katamaranske i brzobrodke linije \u010desto se otkazuju<\/b> zbog lo\u0161eg vremena jer su ti brodovi manji i manje stabilni na valovima. Trajekti, posebno oni veliki poput <a href=\"https:\/\/ferrycroatia.com\/hr\/jadrolinija\/\">Jadrolinijinih<\/a> Petra Hektorovi\u0107a, Farosa i Biokova, puno su stabilniji na moru i otporniji na visoke valove. Ka\u0161njenja se mogu o\u010dekivati \u200b\u200bako brod zbog jakog vjetra ima pote\u0161ko\u0107e s privezom.<\/p>\n<p>Dr\u017eite na umu kako se ovako lo\u0161e vrijeme uzrokovano vjetrovima u Hrvatskoj o\u010dekuje u jesen, zimu i rano prolje\u0107e. No, ovo je rijedak slu\u010daj tijekom ljetnih mjeseci i<b> nije uobi\u010dajeno izme\u0111u lipnja i rujna<\/b>.<\/p>\n<p>U svakom slu\u010daju, kako biste bili sigurni prometuje li va\u0161 trajekt na datum va\u0161eg putovanja unato\u010d lo\u0161em vremenu, predla\u017eemo da <b>provjerite slu\u017ebenu web stranicu prijevoznika<\/b> koji \u0107e obavijestiti putnike u slu\u010daju ka\u0161njenja i otkazivanja.<\/p>\n","protected":false},"excerpt":{"rendered":"<p>Trajekti u Hrvatskoj prometuju tijekom cijele godine, uz u\u010destalije polaske tijekom ljetnih mjeseci. U ve\u0107ini slu\u010dajeva trajektne linije prometuju prema rasporedu najavljenom na po\u010detku godine\/sezone s malo ili bez ikakvih izmjena. Ka\u0161njenja trajekata vrlo su rijetka unato\u010d gu\u017evi tijekom sezone, a ve\u0107ina izmjena polazaka unaprijed je najavljena na web stranicama prijevoznika. Na pomorski promet ipak [&hellip;]<\/p>\n<p><a class=\"more-link\" href=\"https:\/\/www.ferrycroatia.com\/hr\/kasnjenje-trajekata-u-hrvatskoj\/\"> Continue reading&#8230;<\/a><\/p>\n","protected":false},"author":5,"featured_media":1157,"parent":0,"menu_order":0,"comment_status":"closed","ping_status":"closed","template":"","meta":[],"yoast_head":"<!-- This site is optimized with the Yoast SEO plugin v19.8 - https:\/\/yoast.com\/wordpress\/plugins\/seo\/ -->\n<title>Ka\u0161njenje trajekata u Hrvatskoj - Informacije za putnike<\/title>\n<meta name=\"description\" content=\"Informacije o ka\u0161njenju trajekata i katamarana u Hrvatskoj. Razlozi ka\u0161njenja trajekata te gdje prona\u0107i informacije o prekidu trajektnih linija.\" \/>\n<meta name=\"robots\" content=\"index, follow, max-snippet:-1, max-image-preview:large, max-video-preview:-1\" \/>\n<link rel=\"canonical\" href=\"https:\/\/www.ferrycroatia.com\/hr\/kasnjenje-trajekata-u-hrvatskoj\/\" \/>\n<meta property=\"og:locale\" content=\"en_US\" \/>\n<meta property=\"og:type\" content=\"article\" \/>\n<meta property=\"og:title\" content=\"Ka\u0161njenje trajekata u Hrvatskoj - Informacije za putnike\" \/>\n<meta property=\"og:description\" content=\"Informacije o ka\u0161njenju trajekata i katamarana u Hrvatskoj. Razlozi ka\u0161njenja trajekata te gdje prona\u0107i informacije o prekidu trajektnih linija.\" \/>\n<meta property=\"og:url\" content=\"https:\/\/www.ferrycroatia.com\/hr\/kasnjenje-trajekata-u-hrvatskoj\/\" \/>\n<meta property=\"og:site_name\" content=\"Trajekti Hrvatska\" \/>\n<meta property=\"article:modified_time\" content=\"2021-02-01T11:46:13+00:00\" \/>\n<meta property=\"og:image\" content=\"https:\/\/www.ferrycroatia.com\/hr\/wp-content\/uploads\/2021\/01\/Trajekt.jpg\" \/>\n\t<meta property=\"og:image:width\" content=\"960\" \/>\n\t<meta property=\"og:image:height\" content=\"720\" \/>\n\t<meta property=\"og:image:type\" content=\"image\/jpeg\" \/>\n<meta name=\"twitter:card\" content=\"summary_large_image\" \/>\n<meta name=\"twitter:label1\" content=\"Est. reading time\" \/>\n\t<meta name=\"twitter:data1\" content=\"2 minutes\" \/>\n<script type=\"application\/ld+json\" class=\"yoast-schema-graph\">{\"@context\":\"https:\/\/schema.org\",\"@graph\":[{\"@type\":\"WebPage\",\"@id\":\"https:\/\/www.ferrycroatia.com\/hr\/kasnjenje-trajekata-u-hrvatskoj\/\",\"url\":\"https:\/\/www.ferrycroatia.com\/hr\/kasnjenje-trajekata-u-hrvatskoj\/\",\"name\":\"Ka\u0161njenje trajekata u Hrvatskoj - Informacije za putnike\",\"isPartOf\":{\"@id\":\"https:\/\/www.ferrycroatia.com\/hr\/#website\"},\"datePublished\":\"2021-01-27T14:59:45+00:00\",\"dateModified\":\"2021-02-01T11:46:13+00:00\",\"description\":\"Informacije o ka\u0161njenju trajekata i katamarana u Hrvatskoj. Razlozi ka\u0161njenja trajekata te gdje prona\u0107i informacije o prekidu trajektnih linija.\",\"breadcrumb\":{\"@id\":\"https:\/\/www.ferrycroatia.com\/hr\/kasnjenje-trajekata-u-hrvatskoj\/#breadcrumb\"},\"inLanguage\":\"en-US\",\"potentialAction\":[{\"@type\":\"ReadAction\",\"target\":[\"https:\/\/www.ferrycroatia.com\/hr\/kasnjenje-trajekata-u-hrvatskoj\/\"]}]},{\"@type\":\"BreadcrumbList\",\"@id\":\"https:\/\/www.ferrycroatia.com\/hr\/kasnjenje-trajekata-u-hrvatskoj\/#breadcrumb\",\"itemListElement\":[{\"@type\":\"ListItem\",\"position\":1,\"name\":\"Home\",\"item\":\"https:\/\/www.ferrycroatia.com\/hr\/\"},{\"@type\":\"ListItem\",\"position\":2,\"name\":\"Ka\u0161njenje trajekata u Hrvatskoj\"}]},{\"@type\":\"WebSite\",\"@id\":\"https:\/\/www.ferrycroatia.com\/hr\/#website\",\"url\":\"https:\/\/www.ferrycroatia.com\/hr\/\",\"name\":\"Trajekti Hrvatska\",\"description\":\"Vozni red za sve trajekte i katamarane u Hrvatskoj\",\"potentialAction\":[{\"@type\":\"SearchAction\",\"target\":{\"@type\":\"EntryPoint\",\"urlTemplate\":\"https:\/\/www.ferrycroatia.com\/hr\/?s={search_term_string}\"},\"query-input\":\"required name=search_term_string\"}],\"inLanguage\":\"en-US\"}]}<\/script>\n<!-- \/ Yoast SEO plugin. -->","yoast_head_json":{"title":"Ka\u0161njenje trajekata u Hrvatskoj - Informacije za putnike","description":"Informacije o ka\u0161njenju trajekata i katamarana u Hrvatskoj. Razlozi ka\u0161njenja trajekata te gdje prona\u0107i informacije o prekidu trajektnih linija.","robots":{"index":"index","follow":"follow","max-snippet":"max-snippet:-1","max-image-preview":"max-image-preview:large","max-video-preview":"max-video-preview:-1"},"canonical":"https:\/\/www.ferrycroatia.com\/hr\/kasnjenje-trajekata-u-hrvatskoj\/","og_locale":"en_US","og_type":"article","og_title":"Ka\u0161njenje trajekata u Hrvatskoj - Informacije za putnike","og_description":"Informacije o ka\u0161njenju trajekata i katamarana u Hrvatskoj. Razlozi ka\u0161njenja trajekata te gdje prona\u0107i informacije o prekidu trajektnih linija.","og_url":"https:\/\/www.ferrycroatia.com\/hr\/kasnjenje-trajekata-u-hrvatskoj\/","og_site_name":"Trajekti Hrvatska","article_modified_time":"2021-02-01T11:46:13+00:00","og_image":[{"width":960,"height":720,"url":"https:\/\/www.ferrycroatia.com\/hr\/wp-content\/uploads\/2021\/01\/Trajekt.jpg","type":"image\/jpeg"}],"twitter_card":"summary_large_image","twitter_misc":{"Est. reading time":"2 minutes"},"schema":{"@context":"https:\/\/schema.org","@graph":[{"@type":"WebPage","@id":"https:\/\/www.ferrycroatia.com\/hr\/kasnjenje-trajekata-u-hrvatskoj\/","url":"https:\/\/www.ferrycroatia.com\/hr\/kasnjenje-trajekata-u-hrvatskoj\/","name":"Ka\u0161njenje trajekata u Hrvatskoj - Informacije za putnike","isPartOf":{"@id":"https:\/\/www.ferrycroatia.com\/hr\/#website"},"datePublished":"2021-01-27T14:59:45+00:00","dateModified":"2021-02-01T11:46:13+00:00","description":"Informacije o ka\u0161njenju trajekata i katamarana u Hrvatskoj. Razlozi ka\u0161njenja trajekata te gdje prona\u0107i informacije o prekidu trajektnih linija.","breadcrumb":{"@id":"https:\/\/www.ferrycroatia.com\/hr\/kasnjenje-trajekata-u-hrvatskoj\/#breadcrumb"},"inLanguage":"en-US","potentialAction":[{"@type":"ReadAction","target":["https:\/\/www.ferrycroatia.com\/hr\/kasnjenje-trajekata-u-hrvatskoj\/"]}]},{"@type":"BreadcrumbList","@id":"https:\/\/www.ferrycroatia.com\/hr\/kasnjenje-trajekata-u-hrvatskoj\/#breadcrumb","itemListElement":[{"@type":"ListItem","position":1,"name":"Home","item":"https:\/\/www.ferrycroatia.com\/hr\/"},{"@type":"ListItem","position":2,"name":"Ka\u0161njenje trajekata u Hrvatskoj"}]},{"@type":"WebSite","@id":"https:\/\/www.ferrycroatia.com\/hr\/#website","url":"https:\/\/www.ferrycroatia.com\/hr\/","name":"Trajekti Hrvatska","description":"Vozni red za sve trajekte i katamarane u Hrvatskoj","potentialAction":[{"@type":"SearchAction","target":{"@type":"EntryPoint","urlTemplate":"https:\/\/www.ferrycroatia.com\/hr\/?s={search_term_string}"},"query-input":"required name=search_term_string"}],"inLanguage":"en-US"}]}},"_links":{"self":[{"href":"https:\/\/www.ferrycroatia.com\/hr\/wp-json\/wp\/v2\/pages\/1155"}],"collection":[{"href":"https:\/\/www.ferrycroatia.com\/hr\/wp-json\/wp\/v2\/pages"}],"about":[{"href":"https:\/\/www.ferrycroatia.com\/hr\/wp-json\/wp\/v2\/types\/page"}],"author":[{"embeddable":true,"href":"https:\/\/www.ferrycroatia.com\/hr\/wp-json\/wp\/v2\/users\/5"}],"replies":[{"embeddable":true,"href":"https:\/\/www.ferrycroatia.com\/hr\/wp-json\/wp\/v2\/comments?post=1155"}],"version-history":[{"count":2,"href":"https:\/\/www.ferrycroatia.com\/hr\/wp-json\/wp\/v2\/pages\/1155\/revisions"}],"predecessor-version":[{"id":1676,"href":"https:\/\/www.ferrycroatia.com\/hr\/wp-json\/wp\/v2\/pages\/1155\/revisions\/1676"}],"wp:featuredmedia":[{"embeddable":true,"href":"https:\/\/www.ferrycroatia.com\/hr\/wp-json\/wp\/v2\/media\/1157"}],"wp:attachment":[{"href":"https:\/\/www.ferrycroatia.com\/hr\/wp-json\/wp\/v2\/media?parent=1155"}],"curies":[{"name":"wp","href":"https:\/\/api.w.org\/{rel}","templated":true}]}}