{"id":1166,"date":"2021-01-27T15:59:28","date_gmt":"2021-01-27T15:59:28","guid":{"rendered":"https:\/\/ferrycroatia.com\/hr\/?page_id=1166"},"modified":"2021-07-29T14:33:24","modified_gmt":"2021-07-29T12:33:24","slug":"bura-line","status":"publish","type":"page","link":"https:\/\/www.ferrycroatia.com\/hr\/bura-line\/","title":{"rendered":"Bura Line"},"content":{"rendered":"\n<p><strong>Bura Line mala je obiteljska tvrtka<\/strong> osnovana 2004. godine sa sjedi\u0161tem u Slatinama na otoku \u010ciovu. Glavna djelatnost ove tvrtke je odr\u017eavanje brodske linije <strong>Split &#8211; Slatine &#8211; Trogir<\/strong> (i obrnuto), koja povezuje Split sa Trogirom i <a href=\"https:\/\/ferrycroatia.com\/hr\/trajektna-luka-slatine-ciovo\/\">lukom Slatine<\/a> na isto\u010dnom dijelu otoka \u010ciova. Osim toga, tvrtka nudi <strong>izlete brodom i ture <\/strong>na podru\u010dju Splita. Iako je prometna povezanost Splita i Trogira vrlo dobra, <strong>brodska linija 616<\/strong> uz brzi dolazak na pristani\u0161te putnicima ujedno pru\u017ea i&nbsp; veli\u010danstven panoramski pogled na Ka\u0161telanski zaljev i Split prilikom uplovljavanja u luku.<\/p>\n\n\n\n<p>Tvrtka na raspolaganju ima<strong> jedan gliser i \u010detiri broda<\/strong> koji su prepoznatljivi po znaku BURA LINE ispisanom na bokovima. Brodovi mogu prevesti <strong>izme\u0111u 50 i 140 putnika<\/strong>.<\/p>\n\n\n\n<h2><b>Bura Line \u2013 naj\u010de\u0161\u0107a pitanja<\/b><\/h2>\n\n\n\n<div class=\"schema-faq wp-block-yoast-faq-block\"><div class=\"schema-faq-section\" id=\"faq-question-1625739730446\"><strong class=\"schema-faq-question\"><strong>Gdje se nalazi polazna i odredi\u0161na stanica?<\/strong><\/strong> <p class=\"schema-faq-answer\">U Splitu brodovi Bura Line-a sti\u017eu do prvog pristani\u0161ta splitske trajektne luke, na Gat Svetog Nikole (adresa Obala Lazareta 1). U Trogiru pak brodovi sti\u017eu tik do \u010diovskog mosta.<\/p> <\/div> <div class=\"schema-faq-section\" id=\"faq-question-1625739740053\"><strong class=\"schema-faq-question\"><strong>Gdje mogu kupiti karte za polaske koje nudi Bura Line?<\/strong><\/strong> <p class=\"schema-faq-answer\">Ulaznice se mogu kupiti <strong>na brodu<\/strong>, na <strong>prodajnim mjestima na pristani\u0161tima u Trogiru, Splitu i Slatinama<\/strong> ili najjednostavnije na na\u0161oj stranici <a href=\"https:\/\/www.ferrycroatia.com\/hr\/\">FerryCroatia<\/a>. Obavezno do\u0111ite do mjesta polaska na vrijeme, posebno tijekom ljeta, kada se ukrcaje zna\u010dajna koli\u010dina ljudi. Tako\u0111er, preporu\u010dujemo da pripremite to\u010dan iznos novca prilikom pla\u0107anja karte ukoliko je ne kupujete online.<\/p> <\/div> <div class=\"schema-faq-section\" id=\"faq-question-1625739757838\"><strong class=\"schema-faq-question\"><strong>Koliko prtljage mogu ponijeti na brod?<\/strong><\/strong> <p class=\"schema-faq-answer\">Bura Line nije strogo odredila koli\u010dinu prtljage koju mo\u017eete ponijeti, dakle prihvatljive su torbe i koferi standardne veli\u010dine. Tako\u0111er, prtljaga je besplatna.<\/p> <\/div> <div class=\"schema-faq-section\" id=\"faq-question-1625739772918\"><strong class=\"schema-faq-question\"><strong>Mogu li povesti svog ljubimca na katamaran?<\/strong><\/strong> <p class=\"schema-faq-answer\">Da, mo\u017eete povesti svog ku\u0107nog ljubimca na brod. Ali kako biste provjerili ovu informaciju, preporu\u010dujemo slanje upita na e-mail adresu tvrtke Bura Line.<\/p> <\/div> <div class=\"schema-faq-section\" id=\"faq-question-1625739785597\"><strong class=\"schema-faq-question\"><strong>Mogu li ponijeti svoj bicikl na brod?<\/strong><\/strong> <p class=\"schema-faq-answer\">Ba\u0161 kao i kod pitanja s ku\u0107nim ljubimcima \u2013 dozvoljen je transport bicikli. S obzirom na to da flota tvrtke Bura Line uklju\u010duje srednje i male putni\u010dke brodove, preporu\u010dujemo da se izravno obratite predstavnicima navedene tvrtke u vezi ovog pitanja.<\/p> <\/div> <\/div>\n","protected":false},"excerpt":{"rendered":"<p>Bura Line mala je obiteljska tvrtka osnovana 2004. godine sa sjedi\u0161tem u Slatinama na otoku \u010ciovu. Glavna djelatnost ove tvrtke je odr\u017eavanje brodske linije Split &#8211; Slatine &#8211; Trogir (i obrnuto), koja povezuje Split sa Trogirom i lukom Slatine na isto\u010dnom dijelu otoka \u010ciova. Osim toga, tvrtka nudi izlete brodom i ture na podru\u010dju Splita. [&hellip;]<\/p>\n<p><a class=\"more-link\" href=\"https:\/\/www.ferrycroatia.com\/hr\/bura-line\/\"> Continue reading&#8230;<\/a><\/p>\n","protected":false},"author":5,"featured_media":0,"parent":0,"menu_order":0,"comment_status":"closed","ping_status":"closed","template":"","meta":[],"yoast_head":"<!-- This site is optimized with the Yoast SEO plugin v19.8 - https:\/\/yoast.com\/wordpress\/plugins\/seo\/ -->\n<title>Bura Line - Informacije o tvrtci, vozni red i cijene<\/title>\n<meta name=\"description\" content=\"Bura Line je trajektna tvrtka sa sredi\u0161tem u Slatinama. Pro\u010ditajte vi\u0161e o tvrtki i kako kupiti karte za liniju Split - Slatine - Trogir.\" \/>\n<meta name=\"robots\" content=\"index, follow, max-snippet:-1, max-image-preview:large, max-video-preview:-1\" \/>\n<link rel=\"canonical\" href=\"https:\/\/www.ferrycroatia.com\/hr\/bura-line\/\" \/>\n<meta property=\"og:locale\" content=\"en_US\" \/>\n<meta property=\"og:type\" content=\"article\" \/>\n<meta property=\"og:title\" content=\"Bura Line - Informacije o tvrtci, vozni red i cijene\" \/>\n<meta property=\"og:description\" content=\"Bura Line je trajektna tvrtka sa sredi\u0161tem u Slatinama. Pro\u010ditajte vi\u0161e o tvrtki i kako kupiti karte za liniju Split - Slatine - Trogir.\" \/>\n<meta property=\"og:url\" content=\"https:\/\/www.ferrycroatia.com\/hr\/bura-line\/\" \/>\n<meta property=\"og:site_name\" content=\"Trajekti Hrvatska\" \/>\n<meta property=\"article:modified_time\" content=\"2021-07-29T12:33:24+00:00\" \/>\n<meta name=\"twitter:card\" content=\"summary_large_image\" \/>\n<meta name=\"twitter:label1\" content=\"Est. reading time\" \/>\n\t<meta name=\"twitter:data1\" content=\"2 minutes\" \/>\n<script type=\"application\/ld+json\" class=\"yoast-schema-graph\">{\"@context\":\"https:\/\/schema.org\",\"@graph\":[{\"@type\":[\"WebPage\",\"FAQPage\"],\"@id\":\"https:\/\/www.ferrycroatia.com\/hr\/bura-line\/\",\"url\":\"https:\/\/www.ferrycroatia.com\/hr\/bura-line\/\",\"name\":\"Bura Line - Informacije o tvrtci, vozni red i cijene\",\"isPartOf\":{\"@id\":\"https:\/\/www.ferrycroatia.com\/hr\/#website\"},\"datePublished\":\"2021-01-27T15:59:28+00:00\",\"dateModified\":\"2021-07-29T12:33:24+00:00\",\"description\":\"Bura Line je trajektna tvrtka sa sredi\u0161tem u Slatinama. Pro\u010ditajte vi\u0161e o tvrtki i kako kupiti karte za liniju Split - Slatine - Trogir.\",\"breadcrumb\":{\"@id\":\"https:\/\/www.ferrycroatia.com\/hr\/bura-line\/#breadcrumb\"},\"mainEntity\":[{\"@id\":\"https:\/\/www.ferrycroatia.com\/hr\/bura-line\/#faq-question-1625739730446\"},{\"@id\":\"https:\/\/www.ferrycroatia.com\/hr\/bura-line\/#faq-question-1625739740053\"},{\"@id\":\"https:\/\/www.ferrycroatia.com\/hr\/bura-line\/#faq-question-1625739757838\"},{\"@id\":\"https:\/\/www.ferrycroatia.com\/hr\/bura-line\/#faq-question-1625739772918\"},{\"@id\":\"https:\/\/www.ferrycroatia.com\/hr\/bura-line\/#faq-question-1625739785597\"}],\"inLanguage\":\"en-US\",\"potentialAction\":[{\"@type\":\"ReadAction\",\"target\":[\"https:\/\/www.ferrycroatia.com\/hr\/bura-line\/\"]}]},{\"@type\":\"BreadcrumbList\",\"@id\":\"https:\/\/www.ferrycroatia.com\/hr\/bura-line\/#breadcrumb\",\"itemListElement\":[{\"@type\":\"ListItem\",\"position\":1,\"name\":\"Home\",\"item\":\"https:\/\/www.ferrycroatia.com\/hr\/\"},{\"@type\":\"ListItem\",\"position\":2,\"name\":\"Bura Line\"}]},{\"@type\":\"WebSite\",\"@id\":\"https:\/\/www.ferrycroatia.com\/hr\/#website\",\"url\":\"https:\/\/www.ferrycroatia.com\/hr\/\",\"name\":\"Trajekti Hrvatska\",\"description\":\"Vozni red za sve trajekte i katamarane u Hrvatskoj\",\"potentialAction\":[{\"@type\":\"SearchAction\",\"target\":{\"@type\":\"EntryPoint\",\"urlTemplate\":\"https:\/\/www.ferrycroatia.com\/hr\/?s={search_term_string}\"},\"query-input\":\"required name=search_term_string\"}],\"inLanguage\":\"en-US\"},{\"@type\":\"Question\",\"@id\":\"https:\/\/www.ferrycroatia.com\/hr\/bura-line\/#faq-question-1625739730446\",\"position\":1,\"url\":\"https:\/\/www.ferrycroatia.com\/hr\/bura-line\/#faq-question-1625739730446\",\"name\":\"Gdje se nalazi polazna i odredi\u0161na stanica?\",\"answerCount\":1,\"acceptedAnswer\":{\"@type\":\"Answer\",\"text\":\"U Splitu brodovi Bura Line-a sti\u017eu do prvog pristani\u0161ta splitske trajektne luke, na Gat Svetog Nikole (adresa Obala Lazareta 1). U Trogiru pak brodovi sti\u017eu tik do \u010diovskog mosta.\",\"inLanguage\":\"en-US\"},\"inLanguage\":\"en-US\"},{\"@type\":\"Question\",\"@id\":\"https:\/\/www.ferrycroatia.com\/hr\/bura-line\/#faq-question-1625739740053\",\"position\":2,\"url\":\"https:\/\/www.ferrycroatia.com\/hr\/bura-line\/#faq-question-1625739740053\",\"name\":\"Gdje mogu kupiti karte za polaske koje nudi Bura Line?\",\"answerCount\":1,\"acceptedAnswer\":{\"@type\":\"Answer\",\"text\":\"Ulaznice se mogu kupiti <strong>na brodu<\/strong>, na <strong>prodajnim mjestima na pristani\u0161tima u Trogiru, Splitu i Slatinama<\/strong> ili najjednostavnije na na\u0161oj stranici <a href=\\\"https:\/\/www.ferrycroatia.com\/hr\/\\\">FerryCroatia<\/a>. Obavezno do\u0111ite do mjesta polaska na vrijeme, posebno tijekom ljeta, kada se ukrcaje zna\u010dajna koli\u010dina ljudi. Tako\u0111er, preporu\u010dujemo da pripremite to\u010dan iznos novca prilikom pla\u0107anja karte ukoliko je ne kupujete online.\",\"inLanguage\":\"en-US\"},\"inLanguage\":\"en-US\"},{\"@type\":\"Question\",\"@id\":\"https:\/\/www.ferrycroatia.com\/hr\/bura-line\/#faq-question-1625739757838\",\"position\":3,\"url\":\"https:\/\/www.ferrycroatia.com\/hr\/bura-line\/#faq-question-1625739757838\",\"name\":\"Koliko prtljage mogu ponijeti na brod?\",\"answerCount\":1,\"acceptedAnswer\":{\"@type\":\"Answer\",\"text\":\"Bura Line nije strogo odredila koli\u010dinu prtljage koju mo\u017eete ponijeti, dakle prihvatljive su torbe i koferi standardne veli\u010dine. Tako\u0111er, prtljaga je besplatna.\",\"inLanguage\":\"en-US\"},\"inLanguage\":\"en-US\"},{\"@type\":\"Question\",\"@id\":\"https:\/\/www.ferrycroatia.com\/hr\/bura-line\/#faq-question-1625739772918\",\"position\":4,\"url\":\"https:\/\/www.ferrycroatia.com\/hr\/bura-line\/#faq-question-1625739772918\",\"name\":\"Mogu li povesti svog ljubimca na katamaran?\",\"answerCount\":1,\"acceptedAnswer\":{\"@type\":\"Answer\",\"text\":\"Da, mo\u017eete povesti svog ku\u0107nog ljubimca na brod. Ali kako biste provjerili ovu informaciju, preporu\u010dujemo slanje upita na e-mail adresu tvrtke Bura Line.\",\"inLanguage\":\"en-US\"},\"inLanguage\":\"en-US\"},{\"@type\":\"Question\",\"@id\":\"https:\/\/www.ferrycroatia.com\/hr\/bura-line\/#faq-question-1625739785597\",\"position\":5,\"url\":\"https:\/\/www.ferrycroatia.com\/hr\/bura-line\/#faq-question-1625739785597\",\"name\":\"Mogu li ponijeti svoj bicikl na brod?\",\"answerCount\":1,\"acceptedAnswer\":{\"@type\":\"Answer\",\"text\":\"Ba\u0161 kao i kod pitanja s ku\u0107nim ljubimcima \u2013 dozvoljen je transport bicikli. S obzirom na to da flota tvrtke Bura Line uklju\u010duje srednje i male putni\u010dke brodove, preporu\u010dujemo da se izravno obratite predstavnicima navedene tvrtke u vezi ovog pitanja.\",\"inLanguage\":\"en-US\"},\"inLanguage\":\"en-US\"}]}<\/script>\n<!-- \/ Yoast SEO plugin. -->","yoast_head_json":{"title":"Bura Line - Informacije o tvrtci, vozni red i cijene","description":"Bura Line je trajektna tvrtka sa sredi\u0161tem u Slatinama. Pro\u010ditajte vi\u0161e o tvrtki i kako kupiti karte za liniju Split - Slatine - Trogir.","robots":{"index":"index","follow":"follow","max-snippet":"max-snippet:-1","max-image-preview":"max-image-preview:large","max-video-preview":"max-video-preview:-1"},"canonical":"https:\/\/www.ferrycroatia.com\/hr\/bura-line\/","og_locale":"en_US","og_type":"article","og_title":"Bura Line - Informacije o tvrtci, vozni red i cijene","og_description":"Bura Line je trajektna tvrtka sa sredi\u0161tem u Slatinama. Pro\u010ditajte vi\u0161e o tvrtki i kako kupiti karte za liniju Split - Slatine - Trogir.","og_url":"https:\/\/www.ferrycroatia.com\/hr\/bura-line\/","og_site_name":"Trajekti Hrvatska","article_modified_time":"2021-07-29T12:33:24+00:00","twitter_card":"summary_large_image","twitter_misc":{"Est. reading time":"2 minutes"},"schema":{"@context":"https:\/\/schema.org","@graph":[{"@type":["WebPage","FAQPage"],"@id":"https:\/\/www.ferrycroatia.com\/hr\/bura-line\/","url":"https:\/\/www.ferrycroatia.com\/hr\/bura-line\/","name":"Bura Line - Informacije o tvrtci, vozni red i cijene","isPartOf":{"@id":"https:\/\/www.ferrycroatia.com\/hr\/#website"},"datePublished":"2021-01-27T15:59:28+00:00","dateModified":"2021-07-29T12:33:24+00:00","description":"Bura Line je trajektna tvrtka sa sredi\u0161tem u Slatinama. Pro\u010ditajte vi\u0161e o tvrtki i kako kupiti karte za liniju Split - Slatine - Trogir.","breadcrumb":{"@id":"https:\/\/www.ferrycroatia.com\/hr\/bura-line\/#breadcrumb"},"mainEntity":[{"@id":"https:\/\/www.ferrycroatia.com\/hr\/bura-line\/#faq-question-1625739730446"},{"@id":"https:\/\/www.ferrycroatia.com\/hr\/bura-line\/#faq-question-1625739740053"},{"@id":"https:\/\/www.ferrycroatia.com\/hr\/bura-line\/#faq-question-1625739757838"},{"@id":"https:\/\/www.ferrycroatia.com\/hr\/bura-line\/#faq-question-1625739772918"},{"@id":"https:\/\/www.ferrycroatia.com\/hr\/bura-line\/#faq-question-1625739785597"}],"inLanguage":"en-US","potentialAction":[{"@type":"ReadAction","target":["https:\/\/www.ferrycroatia.com\/hr\/bura-line\/"]}]},{"@type":"BreadcrumbList","@id":"https:\/\/www.ferrycroatia.com\/hr\/bura-line\/#breadcrumb","itemListElement":[{"@type":"ListItem","position":1,"name":"Home","item":"https:\/\/www.ferrycroatia.com\/hr\/"},{"@type":"ListItem","position":2,"name":"Bura Line"}]},{"@type":"WebSite","@id":"https:\/\/www.ferrycroatia.com\/hr\/#website","url":"https:\/\/www.ferrycroatia.com\/hr\/","name":"Trajekti Hrvatska","description":"Vozni red za sve trajekte i katamarane u Hrvatskoj","potentialAction":[{"@type":"SearchAction","target":{"@type":"EntryPoint","urlTemplate":"https:\/\/www.ferrycroatia.com\/hr\/?s={search_term_string}"},"query-input":"required name=search_term_string"}],"inLanguage":"en-US"},{"@type":"Question","@id":"https:\/\/www.ferrycroatia.com\/hr\/bura-line\/#faq-question-1625739730446","position":1,"url":"https:\/\/www.ferrycroatia.com\/hr\/bura-line\/#faq-question-1625739730446","name":"Gdje se nalazi polazna i odredi\u0161na stanica?","answerCount":1,"acceptedAnswer":{"@type":"Answer","text":"U Splitu brodovi Bura Line-a sti\u017eu do prvog pristani\u0161ta splitske trajektne luke, na Gat Svetog Nikole (adresa Obala Lazareta 1). U Trogiru pak brodovi sti\u017eu tik do \u010diovskog mosta.","inLanguage":"en-US"},"inLanguage":"en-US"},{"@type":"Question","@id":"https:\/\/www.ferrycroatia.com\/hr\/bura-line\/#faq-question-1625739740053","position":2,"url":"https:\/\/www.ferrycroatia.com\/hr\/bura-line\/#faq-question-1625739740053","name":"Gdje mogu kupiti karte za polaske koje nudi Bura Line?","answerCount":1,"acceptedAnswer":{"@type":"Answer","text":"Ulaznice se mogu kupiti <strong>na brodu<\/strong>, na <strong>prodajnim mjestima na pristani\u0161tima u Trogiru, Splitu i Slatinama<\/strong> ili najjednostavnije na na\u0161oj stranici <a href=\"https:\/\/www.ferrycroatia.com\/hr\/\">FerryCroatia<\/a>. Obavezno do\u0111ite do mjesta polaska na vrijeme, posebno tijekom ljeta, kada se ukrcaje zna\u010dajna koli\u010dina ljudi. Tako\u0111er, preporu\u010dujemo da pripremite to\u010dan iznos novca prilikom pla\u0107anja karte ukoliko je ne kupujete online.","inLanguage":"en-US"},"inLanguage":"en-US"},{"@type":"Question","@id":"https:\/\/www.ferrycroatia.com\/hr\/bura-line\/#faq-question-1625739757838","position":3,"url":"https:\/\/www.ferrycroatia.com\/hr\/bura-line\/#faq-question-1625739757838","name":"Koliko prtljage mogu ponijeti na brod?","answerCount":1,"acceptedAnswer":{"@type":"Answer","text":"Bura Line nije strogo odredila koli\u010dinu prtljage koju mo\u017eete ponijeti, dakle prihvatljive su torbe i koferi standardne veli\u010dine. Tako\u0111er, prtljaga je besplatna.","inLanguage":"en-US"},"inLanguage":"en-US"},{"@type":"Question","@id":"https:\/\/www.ferrycroatia.com\/hr\/bura-line\/#faq-question-1625739772918","position":4,"url":"https:\/\/www.ferrycroatia.com\/hr\/bura-line\/#faq-question-1625739772918","name":"Mogu li povesti svog ljubimca na katamaran?","answerCount":1,"acceptedAnswer":{"@type":"Answer","text":"Da, mo\u017eete povesti svog ku\u0107nog ljubimca na brod. Ali kako biste provjerili ovu informaciju, preporu\u010dujemo slanje upita na e-mail adresu tvrtke Bura Line.","inLanguage":"en-US"},"inLanguage":"en-US"},{"@type":"Question","@id":"https:\/\/www.ferrycroatia.com\/hr\/bura-line\/#faq-question-1625739785597","position":5,"url":"https:\/\/www.ferrycroatia.com\/hr\/bura-line\/#faq-question-1625739785597","name":"Mogu li ponijeti svoj bicikl na brod?","answerCount":1,"acceptedAnswer":{"@type":"Answer","text":"Ba\u0161 kao i kod pitanja s ku\u0107nim ljubimcima \u2013 dozvoljen je transport bicikli. S obzirom na to da flota tvrtke Bura Line uklju\u010duje srednje i male putni\u010dke brodove, preporu\u010dujemo da se izravno obratite predstavnicima navedene tvrtke u vezi ovog pitanja.","inLanguage":"en-US"},"inLanguage":"en-US"}]}},"_links":{"self":[{"href":"https:\/\/www.ferrycroatia.com\/hr\/wp-json\/wp\/v2\/pages\/1166"}],"collection":[{"href":"https:\/\/www.ferrycroatia.com\/hr\/wp-json\/wp\/v2\/pages"}],"about":[{"href":"https:\/\/www.ferrycroatia.com\/hr\/wp-json\/wp\/v2\/types\/page"}],"author":[{"embeddable":true,"href":"https:\/\/www.ferrycroatia.com\/hr\/wp-json\/wp\/v2\/users\/5"}],"replies":[{"embeddable":true,"href":"https:\/\/www.ferrycroatia.com\/hr\/wp-json\/wp\/v2\/comments?post=1166"}],"version-history":[{"count":5,"href":"https:\/\/www.ferrycroatia.com\/hr\/wp-json\/wp\/v2\/pages\/1166\/revisions"}],"predecessor-version":[{"id":2452,"href":"https:\/\/www.ferrycroatia.com\/hr\/wp-json\/wp\/v2\/pages\/1166\/revisions\/2452"}],"wp:attachment":[{"href":"https:\/\/www.ferrycroatia.com\/hr\/wp-json\/wp\/v2\/media?parent=1166"}],"curies":[{"name":"wp","href":"https:\/\/api.w.org\/{rel}","templated":true}]}}