{"id":1168,"date":"2021-01-27T16:22:53","date_gmt":"2021-01-27T16:22:53","guid":{"rendered":"https:\/\/ferrycroatia.com\/hr\/?page_id=1168"},"modified":"2021-07-08T12:25:28","modified_gmt":"2021-07-08T10:25:28","slug":"catamaran-line","status":"publish","type":"page","link":"https:\/\/www.ferrycroatia.com\/hr\/catamaran-line\/","title":{"rendered":"Catamaran Line"},"content":{"rendered":"\n<p><strong>Catamaran Line d.o.o.<\/strong> relativno je nova trajektna\/katamaranska tvrtka, osnovana 2017. godine sa sjedi\u0161tem u Splitu. Uz prijevoz katamaranom, na upit putnika organiziraju <strong>izlete i pomorske transfere<\/strong>. Od nedavno u ponudi imaju dvije redovne katamaranske linije: P<strong>ula &#8211; Unije &#8211; Susak &#8211; Mali Lo\u0161inj &#8211; Ilovik &#8211; Silba &#8211; Zadar<\/strong> i <strong>Zra\u010dna luka Split &#8211; Split<\/strong>.<\/p>\n\n\n\n<p><strong>Katamaranska linija Zra\u010dna luka Split &#8211; Split<\/strong> posebno je zanimljiva jer se mo\u017ee koristiti kao alternativa ostalim prijevoznim sredstvima do Splita. Osim \u0161to omogu\u0107ava brzo putovanje do grada, putnicima pru\u017ea mogu u\u017eivati \u200b\u200bu <strong>lijepom pogledu<\/strong> <strong>prilikom ulaska u splitsku luku<\/strong>. \u0160to se ti\u010de <strong>katamaranske linije 9141<\/strong>, ona povezuje <a href=\"https:\/\/www.ferrycroatia.com\/hr\/trajektna-luka-pula\/\">Pulu<\/a> sa <a href=\"https:\/\/www.ferrycroatia.com\/hr\/trajektna-luka-zadar\/\">Zadrom<\/a>, ali i s ostalim otocima poput <a href=\"https:\/\/www.ferrycroatia.com\/hr\/otok-losinj\/\">Lo\u0161inja<\/a>, Suska i Ilovika.<\/p>\n\n\n\n<p>Catamaran Line d.o.o. flota uklju\u010duje <strong>tri katamarana<\/strong>: \u201eFOR\u201c (145 putnika), \u201eKomiza\u201c (159 putnika) i \u201eBisovo\u201c (325 putnika).<\/p>\n\n\n\n<h2><b>Catamaran Line \u2013 naj\u010de\u0161\u0107a pitanja<\/b><\/h2>\n\n\n\n<div class=\"schema-faq wp-block-yoast-faq-block\"><div class=\"schema-faq-section\" id=\"faq-question-1625739835627\"><strong class=\"schema-faq-question\"><strong>Gdje mogu kupiti karte za polaske koje nudi Catamaran Line?<\/strong><\/strong> <p class=\"schema-faq-answer\">Na prodajnim mjestima u Puli, Malom Lo\u0161inju i Zadru mo\u017eete kupiti karte. Sve tri lokacije u Puli nalaze se blizu luke. Prodajna mjesta u Malom Lo\u0161inju i Zadru tako\u0111er su smje\u0161tena odmah pored luka. Nadalje, kartu uvijek mo\u017eete <strong>kupiti putem interneta<\/strong> ukoliko \u017eelite u\u0161tedjeti svoje vrijeme. Kartu za liniju Zra\u010dna luka Split-Split mo\u017eete kupiti na brodu, na prodajnom mjestu blizu Rive ili putem interneta.<\/p> <\/div> <div class=\"schema-faq-section\" id=\"faq-question-1625739845977\"><strong class=\"schema-faq-question\"><strong>Moram li kupiti zasebnu kartu za malu djecu koja putuju sa mnom?<\/strong><\/strong> <p class=\"schema-faq-answer\">Djeca u dobi od 1 do 3 godine <strong>putuju besplatno<\/strong>. Djeca do 1 godine ne\u0107e dobiti putnu kartu, dok \u0107e djeca do 3 godine imati putnu kartu sa sobom.<\/p> <\/div> <div class=\"schema-faq-section\" id=\"faq-question-1625739859103\"><strong class=\"schema-faq-question\"><strong>Moram li imati ispisanu kartu prilikom ulaska u katamaran?<\/strong><\/strong> <p class=\"schema-faq-answer\">Ako kartu kupite putem interneta, primit \u0107ete e-poruku s potvrdom kupljene karte. Nakon toga trebat \u0107ete <strong>isprintati i pokazati tu potvrdu prilikom preuzimanja karata<\/strong> na prethodno spomenutim prodajnim mjestima ili izravno na katamaranu, gdje \u0107ete dobiti putnu karticu.<\/p> <\/div> <div class=\"schema-faq-section\" id=\"faq-question-1625739873301\"><strong class=\"schema-faq-question\"><strong>Koliko prtljage mogu ponijeti sa sobom?<\/strong><\/strong> <p class=\"schema-faq-answer\">Svaki putnik mo\u017ee ponijeti <strong>do 20 kg<\/strong> ru\u010dne prtljage besplatno. Prtljaga do 100 kg prevozi se prema cjeniku odre\u0111enom za prijevoz prtljage. \u0160to se ti\u010de linije Zra\u010dna luka Split &#8211; Split, prtljaga je <strong>besplatna<\/strong> bez obzira na njezinu veli\u010dinu.<\/p> <\/div> <div class=\"schema-faq-section\" id=\"faq-question-1625739888245\"><strong class=\"schema-faq-question\"><strong>Mogu li povesti svog ljubimca na katamaran?<\/strong><\/strong> <p class=\"schema-faq-answer\">Izvadak iz op\u0107ih uvjeta poslovanja tvrtke Catamaran Linea za transport ku\u0107nih ljubimaca navodi:<br\/><em>Kada su ispunjeni tehni\u010dki uvjeti za prijevoz ku\u0107nih ljubimaca (posjedovanje posebnih kutija za transport \u017eivotinja), onda se cijena karta za ku\u0107ne ljubimce umanjuje za 50% od ukupne cijene karte odraslog putnika.<\/em><br\/>Ku\u0107ni ljubimci smiju boraviti na brodu samo ako ne uznemiravaju putnike i ne predstavljaju nikakvu opasnost. Njihov boravak nije dopu\u0161ten u zatvorenim putni\u010dkim prostorima. Vlasnici preuzimaju potpunu odgovornost za putovanje i eventualnu po\u010dinjenu \u0161tetu. Psi moraju imati brnjicu (osim pasa vodi\u010da) i vlasnici ih obavezno trebaju dr\u017eati ih na uzici. Ma\u010dke se prevoze u transportnim kutijama, a ptice u kavezima. Tako\u0111er, psi i ma\u010dke moraju imati odgovaraju\u0107e dokumente o cijepljenju. Karta za katamaran Bisovo uklju\u010duje odgovaraju\u0107i spremnik za ku\u0107ne ljubimce. Na brodovima Broc i Komiza, ku\u0107ni ljubimci nisu dopu\u0161teni, osim pasa vodi\u010da za slijepe.<\/p> <\/div> <\/div>\n","protected":false},"excerpt":{"rendered":"<p>Catamaran Line d.o.o. relativno je nova trajektna\/katamaranska tvrtka, osnovana 2017. godine sa sjedi\u0161tem u Splitu. Uz prijevoz katamaranom, na upit putnika organiziraju izlete i pomorske transfere. Od nedavno u ponudi imaju dvije redovne katamaranske linije: Pula &#8211; Unije &#8211; Susak &#8211; Mali Lo\u0161inj &#8211; Ilovik &#8211; Silba &#8211; Zadar i Zra\u010dna luka Split &#8211; Split. [&hellip;]<\/p>\n<p><a class=\"more-link\" href=\"https:\/\/www.ferrycroatia.com\/hr\/catamaran-line\/\"> Continue reading&#8230;<\/a><\/p>\n","protected":false},"author":5,"featured_media":0,"parent":0,"menu_order":0,"comment_status":"closed","ping_status":"closed","template":"","meta":[],"yoast_head":"<!-- This site is optimized with the Yoast SEO plugin v19.8 - https:\/\/yoast.com\/wordpress\/plugins\/seo\/ -->\n<title>Catamaran Line - Informacije, vozni red i cijene<\/title>\n<meta name=\"robots\" content=\"index, follow, max-snippet:-1, max-image-preview:large, max-video-preview:-1\" \/>\n<link rel=\"canonical\" href=\"https:\/\/www.ferrycroatia.com\/hr\/catamaran-line\/\" \/>\n<meta property=\"og:locale\" content=\"en_US\" \/>\n<meta property=\"og:type\" content=\"article\" \/>\n<meta property=\"og:title\" content=\"Catamaran Line - Informacije, vozni red i cijene\" \/>\n<meta property=\"og:description\" content=\"Catamaran Line d.o.o. relativno je nova trajektna\/katamaranska tvrtka, osnovana 2017. godine sa sjedi\u0161tem u Splitu. Uz prijevoz katamaranom, na upit putnika organiziraju izlete i pomorske transfere. Od nedavno u ponudi imaju dvije redovne katamaranske linije: Pula &#8211; Unije &#8211; Susak &#8211; Mali Lo\u0161inj &#8211; Ilovik &#8211; Silba &#8211; Zadar i Zra\u010dna luka Split &#8211; Split. [&hellip;] Continue reading...\" \/>\n<meta property=\"og:url\" content=\"https:\/\/www.ferrycroatia.com\/hr\/catamaran-line\/\" \/>\n<meta property=\"og:site_name\" content=\"Trajekti Hrvatska\" \/>\n<meta property=\"article:modified_time\" content=\"2021-07-08T10:25:28+00:00\" \/>\n<meta name=\"twitter:card\" content=\"summary_large_image\" \/>\n<meta name=\"twitter:label1\" content=\"Est. reading time\" \/>\n\t<meta name=\"twitter:data1\" content=\"3 minutes\" \/>\n<script type=\"application\/ld+json\" class=\"yoast-schema-graph\">{\"@context\":\"https:\/\/schema.org\",\"@graph\":[{\"@type\":[\"WebPage\",\"FAQPage\"],\"@id\":\"https:\/\/www.ferrycroatia.com\/hr\/catamaran-line\/\",\"url\":\"https:\/\/www.ferrycroatia.com\/hr\/catamaran-line\/\",\"name\":\"Catamaran Line - Informacije, vozni red i cijene\",\"isPartOf\":{\"@id\":\"https:\/\/www.ferrycroatia.com\/hr\/#website\"},\"datePublished\":\"2021-01-27T16:22:53+00:00\",\"dateModified\":\"2021-07-08T10:25:28+00:00\",\"breadcrumb\":{\"@id\":\"https:\/\/www.ferrycroatia.com\/hr\/catamaran-line\/#breadcrumb\"},\"mainEntity\":[{\"@id\":\"https:\/\/www.ferrycroatia.com\/hr\/catamaran-line\/#faq-question-1625739835627\"},{\"@id\":\"https:\/\/www.ferrycroatia.com\/hr\/catamaran-line\/#faq-question-1625739845977\"},{\"@id\":\"https:\/\/www.ferrycroatia.com\/hr\/catamaran-line\/#faq-question-1625739859103\"},{\"@id\":\"https:\/\/www.ferrycroatia.com\/hr\/catamaran-line\/#faq-question-1625739873301\"},{\"@id\":\"https:\/\/www.ferrycroatia.com\/hr\/catamaran-line\/#faq-question-1625739888245\"}],\"inLanguage\":\"en-US\",\"potentialAction\":[{\"@type\":\"ReadAction\",\"target\":[\"https:\/\/www.ferrycroatia.com\/hr\/catamaran-line\/\"]}]},{\"@type\":\"BreadcrumbList\",\"@id\":\"https:\/\/www.ferrycroatia.com\/hr\/catamaran-line\/#breadcrumb\",\"itemListElement\":[{\"@type\":\"ListItem\",\"position\":1,\"name\":\"Home\",\"item\":\"https:\/\/www.ferrycroatia.com\/hr\/\"},{\"@type\":\"ListItem\",\"position\":2,\"name\":\"Catamaran Line\"}]},{\"@type\":\"WebSite\",\"@id\":\"https:\/\/www.ferrycroatia.com\/hr\/#website\",\"url\":\"https:\/\/www.ferrycroatia.com\/hr\/\",\"name\":\"Trajekti Hrvatska\",\"description\":\"Vozni red za sve trajekte i katamarane u Hrvatskoj\",\"potentialAction\":[{\"@type\":\"SearchAction\",\"target\":{\"@type\":\"EntryPoint\",\"urlTemplate\":\"https:\/\/www.ferrycroatia.com\/hr\/?s={search_term_string}\"},\"query-input\":\"required name=search_term_string\"}],\"inLanguage\":\"en-US\"},{\"@type\":\"Question\",\"@id\":\"https:\/\/www.ferrycroatia.com\/hr\/catamaran-line\/#faq-question-1625739835627\",\"position\":1,\"url\":\"https:\/\/www.ferrycroatia.com\/hr\/catamaran-line\/#faq-question-1625739835627\",\"name\":\"Gdje mogu kupiti karte za polaske koje nudi Catamaran Line?\",\"answerCount\":1,\"acceptedAnswer\":{\"@type\":\"Answer\",\"text\":\"Na prodajnim mjestima u Puli, Malom Lo\u0161inju i Zadru mo\u017eete kupiti karte. Sve tri lokacije u Puli nalaze se blizu luke. Prodajna mjesta u Malom Lo\u0161inju i Zadru tako\u0111er su smje\u0161tena odmah pored luka. Nadalje, kartu uvijek mo\u017eete <strong>kupiti putem interneta<\/strong> ukoliko \u017eelite u\u0161tedjeti svoje vrijeme. Kartu za liniju Zra\u010dna luka Split-Split mo\u017eete kupiti na brodu, na prodajnom mjestu blizu Rive ili putem interneta.\",\"inLanguage\":\"en-US\"},\"inLanguage\":\"en-US\"},{\"@type\":\"Question\",\"@id\":\"https:\/\/www.ferrycroatia.com\/hr\/catamaran-line\/#faq-question-1625739845977\",\"position\":2,\"url\":\"https:\/\/www.ferrycroatia.com\/hr\/catamaran-line\/#faq-question-1625739845977\",\"name\":\"Moram li kupiti zasebnu kartu za malu djecu koja putuju sa mnom?\",\"answerCount\":1,\"acceptedAnswer\":{\"@type\":\"Answer\",\"text\":\"Djeca u dobi od 1 do 3 godine <strong>putuju besplatno<\/strong>. Djeca do 1 godine ne\u0107e dobiti putnu kartu, dok \u0107e djeca do 3 godine imati putnu kartu sa sobom.\",\"inLanguage\":\"en-US\"},\"inLanguage\":\"en-US\"},{\"@type\":\"Question\",\"@id\":\"https:\/\/www.ferrycroatia.com\/hr\/catamaran-line\/#faq-question-1625739859103\",\"position\":3,\"url\":\"https:\/\/www.ferrycroatia.com\/hr\/catamaran-line\/#faq-question-1625739859103\",\"name\":\"Moram li imati ispisanu kartu prilikom ulaska u katamaran?\",\"answerCount\":1,\"acceptedAnswer\":{\"@type\":\"Answer\",\"text\":\"Ako kartu kupite putem interneta, primit \u0107ete e-poruku s potvrdom kupljene karte. Nakon toga trebat \u0107ete <strong>isprintati i pokazati tu potvrdu prilikom preuzimanja karata<\/strong> na prethodno spomenutim prodajnim mjestima ili izravno na katamaranu, gdje \u0107ete dobiti putnu karticu.\",\"inLanguage\":\"en-US\"},\"inLanguage\":\"en-US\"},{\"@type\":\"Question\",\"@id\":\"https:\/\/www.ferrycroatia.com\/hr\/catamaran-line\/#faq-question-1625739873301\",\"position\":4,\"url\":\"https:\/\/www.ferrycroatia.com\/hr\/catamaran-line\/#faq-question-1625739873301\",\"name\":\"Koliko prtljage mogu ponijeti sa sobom?\",\"answerCount\":1,\"acceptedAnswer\":{\"@type\":\"Answer\",\"text\":\"Svaki putnik mo\u017ee ponijeti <strong>do 20 kg<\/strong> ru\u010dne prtljage besplatno. Prtljaga do 100 kg prevozi se prema cjeniku odre\u0111enom za prijevoz prtljage. \u0160to se ti\u010de linije Zra\u010dna luka Split - Split, prtljaga je <strong>besplatna<\/strong> bez obzira na njezinu veli\u010dinu.\",\"inLanguage\":\"en-US\"},\"inLanguage\":\"en-US\"},{\"@type\":\"Question\",\"@id\":\"https:\/\/www.ferrycroatia.com\/hr\/catamaran-line\/#faq-question-1625739888245\",\"position\":5,\"url\":\"https:\/\/www.ferrycroatia.com\/hr\/catamaran-line\/#faq-question-1625739888245\",\"name\":\"Mogu li povesti svog ljubimca na katamaran?\",\"answerCount\":1,\"acceptedAnswer\":{\"@type\":\"Answer\",\"text\":\"Izvadak iz op\u0107ih uvjeta poslovanja tvrtke Catamaran Linea za transport ku\u0107nih ljubimaca navodi:<br\/><em>Kada su ispunjeni tehni\u010dki uvjeti za prijevoz ku\u0107nih ljubimaca (posjedovanje posebnih kutija za transport \u017eivotinja), onda se cijena karta za ku\u0107ne ljubimce umanjuje za 50% od ukupne cijene karte odraslog putnika.<\/em><br\/>Ku\u0107ni ljubimci smiju boraviti na brodu samo ako ne uznemiravaju putnike i ne predstavljaju nikakvu opasnost. Njihov boravak nije dopu\u0161ten u zatvorenim putni\u010dkim prostorima. Vlasnici preuzimaju potpunu odgovornost za putovanje i eventualnu po\u010dinjenu \u0161tetu. Psi moraju imati brnjicu (osim pasa vodi\u010da) i vlasnici ih obavezno trebaju dr\u017eati ih na uzici. Ma\u010dke se prevoze u transportnim kutijama, a ptice u kavezima. Tako\u0111er, psi i ma\u010dke moraju imati odgovaraju\u0107e dokumente o cijepljenju. Karta za katamaran Bisovo uklju\u010duje odgovaraju\u0107i spremnik za ku\u0107ne ljubimce. Na brodovima Broc i Komiza, ku\u0107ni ljubimci nisu dopu\u0161teni, osim pasa vodi\u010da za slijepe.\",\"inLanguage\":\"en-US\"},\"inLanguage\":\"en-US\"}]}<\/script>\n<!-- \/ Yoast SEO plugin. -->","yoast_head_json":{"title":"Catamaran Line - Informacije, vozni red i cijene","robots":{"index":"index","follow":"follow","max-snippet":"max-snippet:-1","max-image-preview":"max-image-preview:large","max-video-preview":"max-video-preview:-1"},"canonical":"https:\/\/www.ferrycroatia.com\/hr\/catamaran-line\/","og_locale":"en_US","og_type":"article","og_title":"Catamaran Line - Informacije, vozni red i cijene","og_description":"Catamaran Line d.o.o. relativno je nova trajektna\/katamaranska tvrtka, osnovana 2017. godine sa sjedi\u0161tem u Splitu. Uz prijevoz katamaranom, na upit putnika organiziraju izlete i pomorske transfere. Od nedavno u ponudi imaju dvije redovne katamaranske linije: Pula &#8211; Unije &#8211; Susak &#8211; Mali Lo\u0161inj &#8211; Ilovik &#8211; Silba &#8211; Zadar i Zra\u010dna luka Split &#8211; Split. [&hellip;] Continue reading...","og_url":"https:\/\/www.ferrycroatia.com\/hr\/catamaran-line\/","og_site_name":"Trajekti Hrvatska","article_modified_time":"2021-07-08T10:25:28+00:00","twitter_card":"summary_large_image","twitter_misc":{"Est. reading time":"3 minutes"},"schema":{"@context":"https:\/\/schema.org","@graph":[{"@type":["WebPage","FAQPage"],"@id":"https:\/\/www.ferrycroatia.com\/hr\/catamaran-line\/","url":"https:\/\/www.ferrycroatia.com\/hr\/catamaran-line\/","name":"Catamaran Line - Informacije, vozni red i cijene","isPartOf":{"@id":"https:\/\/www.ferrycroatia.com\/hr\/#website"},"datePublished":"2021-01-27T16:22:53+00:00","dateModified":"2021-07-08T10:25:28+00:00","breadcrumb":{"@id":"https:\/\/www.ferrycroatia.com\/hr\/catamaran-line\/#breadcrumb"},"mainEntity":[{"@id":"https:\/\/www.ferrycroatia.com\/hr\/catamaran-line\/#faq-question-1625739835627"},{"@id":"https:\/\/www.ferrycroatia.com\/hr\/catamaran-line\/#faq-question-1625739845977"},{"@id":"https:\/\/www.ferrycroatia.com\/hr\/catamaran-line\/#faq-question-1625739859103"},{"@id":"https:\/\/www.ferrycroatia.com\/hr\/catamaran-line\/#faq-question-1625739873301"},{"@id":"https:\/\/www.ferrycroatia.com\/hr\/catamaran-line\/#faq-question-1625739888245"}],"inLanguage":"en-US","potentialAction":[{"@type":"ReadAction","target":["https:\/\/www.ferrycroatia.com\/hr\/catamaran-line\/"]}]},{"@type":"BreadcrumbList","@id":"https:\/\/www.ferrycroatia.com\/hr\/catamaran-line\/#breadcrumb","itemListElement":[{"@type":"ListItem","position":1,"name":"Home","item":"https:\/\/www.ferrycroatia.com\/hr\/"},{"@type":"ListItem","position":2,"name":"Catamaran Line"}]},{"@type":"WebSite","@id":"https:\/\/www.ferrycroatia.com\/hr\/#website","url":"https:\/\/www.ferrycroatia.com\/hr\/","name":"Trajekti Hrvatska","description":"Vozni red za sve trajekte i katamarane u Hrvatskoj","potentialAction":[{"@type":"SearchAction","target":{"@type":"EntryPoint","urlTemplate":"https:\/\/www.ferrycroatia.com\/hr\/?s={search_term_string}"},"query-input":"required name=search_term_string"}],"inLanguage":"en-US"},{"@type":"Question","@id":"https:\/\/www.ferrycroatia.com\/hr\/catamaran-line\/#faq-question-1625739835627","position":1,"url":"https:\/\/www.ferrycroatia.com\/hr\/catamaran-line\/#faq-question-1625739835627","name":"Gdje mogu kupiti karte za polaske koje nudi Catamaran Line?","answerCount":1,"acceptedAnswer":{"@type":"Answer","text":"Na prodajnim mjestima u Puli, Malom Lo\u0161inju i Zadru mo\u017eete kupiti karte. Sve tri lokacije u Puli nalaze se blizu luke. Prodajna mjesta u Malom Lo\u0161inju i Zadru tako\u0111er su smje\u0161tena odmah pored luka. Nadalje, kartu uvijek mo\u017eete <strong>kupiti putem interneta<\/strong> ukoliko \u017eelite u\u0161tedjeti svoje vrijeme. Kartu za liniju Zra\u010dna luka Split-Split mo\u017eete kupiti na brodu, na prodajnom mjestu blizu Rive ili putem interneta.","inLanguage":"en-US"},"inLanguage":"en-US"},{"@type":"Question","@id":"https:\/\/www.ferrycroatia.com\/hr\/catamaran-line\/#faq-question-1625739845977","position":2,"url":"https:\/\/www.ferrycroatia.com\/hr\/catamaran-line\/#faq-question-1625739845977","name":"Moram li kupiti zasebnu kartu za malu djecu koja putuju sa mnom?","answerCount":1,"acceptedAnswer":{"@type":"Answer","text":"Djeca u dobi od 1 do 3 godine <strong>putuju besplatno<\/strong>. Djeca do 1 godine ne\u0107e dobiti putnu kartu, dok \u0107e djeca do 3 godine imati putnu kartu sa sobom.","inLanguage":"en-US"},"inLanguage":"en-US"},{"@type":"Question","@id":"https:\/\/www.ferrycroatia.com\/hr\/catamaran-line\/#faq-question-1625739859103","position":3,"url":"https:\/\/www.ferrycroatia.com\/hr\/catamaran-line\/#faq-question-1625739859103","name":"Moram li imati ispisanu kartu prilikom ulaska u katamaran?","answerCount":1,"acceptedAnswer":{"@type":"Answer","text":"Ako kartu kupite putem interneta, primit \u0107ete e-poruku s potvrdom kupljene karte. Nakon toga trebat \u0107ete <strong>isprintati i pokazati tu potvrdu prilikom preuzimanja karata<\/strong> na prethodno spomenutim prodajnim mjestima ili izravno na katamaranu, gdje \u0107ete dobiti putnu karticu.","inLanguage":"en-US"},"inLanguage":"en-US"},{"@type":"Question","@id":"https:\/\/www.ferrycroatia.com\/hr\/catamaran-line\/#faq-question-1625739873301","position":4,"url":"https:\/\/www.ferrycroatia.com\/hr\/catamaran-line\/#faq-question-1625739873301","name":"Koliko prtljage mogu ponijeti sa sobom?","answerCount":1,"acceptedAnswer":{"@type":"Answer","text":"Svaki putnik mo\u017ee ponijeti <strong>do 20 kg<\/strong> ru\u010dne prtljage besplatno. Prtljaga do 100 kg prevozi se prema cjeniku odre\u0111enom za prijevoz prtljage. \u0160to se ti\u010de linije Zra\u010dna luka Split - Split, prtljaga je <strong>besplatna<\/strong> bez obzira na njezinu veli\u010dinu.","inLanguage":"en-US"},"inLanguage":"en-US"},{"@type":"Question","@id":"https:\/\/www.ferrycroatia.com\/hr\/catamaran-line\/#faq-question-1625739888245","position":5,"url":"https:\/\/www.ferrycroatia.com\/hr\/catamaran-line\/#faq-question-1625739888245","name":"Mogu li povesti svog ljubimca na katamaran?","answerCount":1,"acceptedAnswer":{"@type":"Answer","text":"Izvadak iz op\u0107ih uvjeta poslovanja tvrtke Catamaran Linea za transport ku\u0107nih ljubimaca navodi:<br\/><em>Kada su ispunjeni tehni\u010dki uvjeti za prijevoz ku\u0107nih ljubimaca (posjedovanje posebnih kutija za transport \u017eivotinja), onda se cijena karta za ku\u0107ne ljubimce umanjuje za 50% od ukupne cijene karte odraslog putnika.<\/em><br\/>Ku\u0107ni ljubimci smiju boraviti na brodu samo ako ne uznemiravaju putnike i ne predstavljaju nikakvu opasnost. Njihov boravak nije dopu\u0161ten u zatvorenim putni\u010dkim prostorima. Vlasnici preuzimaju potpunu odgovornost za putovanje i eventualnu po\u010dinjenu \u0161tetu. Psi moraju imati brnjicu (osim pasa vodi\u010da) i vlasnici ih obavezno trebaju dr\u017eati ih na uzici. Ma\u010dke se prevoze u transportnim kutijama, a ptice u kavezima. Tako\u0111er, psi i ma\u010dke moraju imati odgovaraju\u0107e dokumente o cijepljenju. Karta za katamaran Bisovo uklju\u010duje odgovaraju\u0107i spremnik za ku\u0107ne ljubimce. Na brodovima Broc i Komiza, ku\u0107ni ljubimci nisu dopu\u0161teni, osim pasa vodi\u010da za slijepe.","inLanguage":"en-US"},"inLanguage":"en-US"}]}},"_links":{"self":[{"href":"https:\/\/www.ferrycroatia.com\/hr\/wp-json\/wp\/v2\/pages\/1168"}],"collection":[{"href":"https:\/\/www.ferrycroatia.com\/hr\/wp-json\/wp\/v2\/pages"}],"about":[{"href":"https:\/\/www.ferrycroatia.com\/hr\/wp-json\/wp\/v2\/types\/page"}],"author":[{"embeddable":true,"href":"https:\/\/www.ferrycroatia.com\/hr\/wp-json\/wp\/v2\/users\/5"}],"replies":[{"embeddable":true,"href":"https:\/\/www.ferrycroatia.com\/hr\/wp-json\/wp\/v2\/comments?post=1168"}],"version-history":[{"count":6,"href":"https:\/\/www.ferrycroatia.com\/hr\/wp-json\/wp\/v2\/pages\/1168\/revisions"}],"predecessor-version":[{"id":2453,"href":"https:\/\/www.ferrycroatia.com\/hr\/wp-json\/wp\/v2\/pages\/1168\/revisions\/2453"}],"wp:attachment":[{"href":"https:\/\/www.ferrycroatia.com\/hr\/wp-json\/wp\/v2\/media?parent=1168"}],"curies":[{"name":"wp","href":"https:\/\/api.w.org\/{rel}","templated":true}]}}