{"id":1171,"date":"2021-01-27T16:30:35","date_gmt":"2021-01-27T16:30:35","guid":{"rendered":"https:\/\/ferrycroatia.com\/hr\/?page_id=1171"},"modified":"2022-07-21T10:37:15","modified_gmt":"2022-07-21T08:37:15","slug":"tp-line","status":"publish","type":"page","link":"https:\/\/www.ferrycroatia.com\/hr\/tp-line\/","title":{"rendered":"TP Line"},"content":{"rendered":"\n<p><strong>TP Line d.o.o. trajektni je prijevoznik sa sredi\u0161tem u Zadru<\/strong> koju valja razlikovati od <a href=\"https:\/\/ferrycroatia.com\/hr\/gv-line-zadar\/\">G&amp;V Line ladera d.o.o<\/a>., trajektne tvrtke iz Zadra. Prija\u0161njeg imena G&amp;V Line Dubrovnik, flota prijevoznika uklju\u010duje 6 katamarana samo za putnike, koji prometuju izme\u0111u Splita, Dubrovnika, Makarske i otoka <a href=\"https:\/\/www.ferrycroatia.com\/hr\/otok-brac\/\">Bra\u010da<\/a>, <a href=\"https:\/\/www.ferrycroatia.com\/hr\/otok-hvar\/\">Hvara<\/a>, <a href=\"https:\/\/www.ferrycroatia.com\/hr\/otok-korcula\/\">Kor\u010dule<\/a>, <a href=\"https:\/\/www.ferrycroatia.com\/hr\/otok-mljet\/\">Mljeta<\/a> i <a href=\"https:\/\/www.ferrycroatia.com\/hr\/otok-vis\/\">Visa<\/a>.<\/p>\n\n\n\n<p>Njihova najkra\u0107a i naj\u010de\u0161\u0107a linije su Split &#8211; Hvar i Dubrovnik &#8211; Luka \u0160ipanska &#8211; Sobra (Mljet) ili Pola\u010de (Mljet) koje voze najmanje jednom u danu. Polasci i<strong>zme\u0111u Dubrovnika, Kor\u010dule i Ublija<\/strong> (Lastovo) te <strong>Makarske i Splita <\/strong>su rje\u0111i. Ispod mo\u017eete prona\u0107i popis raspolo\u017eivih linija, ili jednostavno mo\u017eete koristiti obrazac za pretra\u017eivanje kako biste prona\u0161li polazak za \u017eeljeni datum.<\/p>\n\n\n\n<h2><strong>TP Line d.o.o. &#8211; naj\u010de\u0161\u0107a pitanja<\/strong><\/h2>\n\n\n\n<div class=\"schema-faq wp-block-yoast-faq-block\"><div class=\"schema-faq-section\" id=\"faq-question-1625739949795\"><strong class=\"schema-faq-question\"><strong>Gdje mogu kupiti karte za brzi brod TP Line?<\/strong><\/strong> <p class=\"schema-faq-answer\">Karte se isklju\u010divo mogu kupiti direktno na brodu na dan plovidbe, zasad jo\u0161 uvijek nema opcije za rezervaciju ili kupnju karte unaprijed.<\/p> <\/div> <div class=\"schema-faq-section\" id=\"faq-question-1625739958253\"><strong class=\"schema-faq-question\"><strong>Koliko prtljage mogu ponijeti?<\/strong><\/strong> <p class=\"schema-faq-answer\">Putnik mo\u017ee ponijeti do 20 kg prtljage bez pla\u0107anja.<\/p> <\/div> <div class=\"schema-faq-section\" id=\"faq-question-1625739967438\"><strong class=\"schema-faq-question\"><strong>Mogu li ponijeti svoj bicikl na katamaran?<\/strong><\/strong> <p class=\"schema-faq-answer\">Ne, bicikli nisu dozvoljeni na katamaranima TP Linea.<\/p> <\/div> <div class=\"schema-faq-section\" id=\"faq-question-1625739975470\"><strong class=\"schema-faq-question\"><strong>Mogu li povesti svog ku\u0107nog ljubimca na katamaran?<\/strong><\/strong> <p class=\"schema-faq-answer\">Mo\u017eete povesti svog ku\u0107nog ljubimca ukoliko po\u0161tujete Pravilnik TP line d.o.o.<br\/><em>\u201cKu\u0107ni ljubimci smiju se prevoziti samo ako ne predstavljaju opasnost ili smetnju za putnike ili brod i ne smije ih se unositi u zatvorene putni\u010dke prostorije ve\u0107 se prevoze u za to odre\u0111enim spremnicima. Psi moraju imati brnjicu (izuzev psa vodi\u010da slijepe osobe), ma\u010dke moraju biti u kutijama, a ptice u krletkama. Za pse i ma\u010dke vlasnici moraju imati uvjerenje o obveznom cijepljenju. O prehrani ku\u0107nih ljubimaca brigu vodi vlasnik. Vlasnici preuzimaju rizik i odgovornost za eventualne \u0161tete na putovanju prouzro\u010dene od strane \u017eivotinja. Brodar ne odgovora za bilo kakve ozljede \u017eivotinja nastale tijekom putovanja.\u201d<\/em><\/p> <\/div> <div class=\"schema-faq-section\" id=\"faq-question-1625739996321\"><strong class=\"schema-faq-question\"><strong>Koliko ranije trebam do\u0107i u luku prije samog polaska?<\/strong><\/strong> <p class=\"schema-faq-answer\">Preporu\u010deno je do\u0107i najmanje 30 minuta prije vremena polaska navedenog na karti, po\u0161to tada po\u010dinje ukrcaj putnika.<\/p> <\/div> <\/div>\n\n\n\n<h2><strong>TP Line d.o.o. &#8211; najpopularnije linije<\/strong><\/h2>\n\n\n\n<p>Iz Splita:<\/p>\n\n\n\n<figure class=\"wp-block-table\"><table><tbody><tr><td><a href=\"https:\/\/www.ferrycroatia.com\/hr\/split-hvar\/\">Split &#8211; Hvar<\/a><\/td><td><a href=\"https:\/\/www.ferrycroatia.com\/hr\/split-dubrovnik\/\">Split \u2013 Milna \u2013 Hvar \u2013 Korcula \u2013 Mljet \u2013 Dubrovnik<\/a><\/td><\/tr><\/tbody><\/table><\/figure>\n\n\n\n<p>Iz Dubrovnika:<\/p>\n\n\n\n<figure class=\"wp-block-table\"><table><tbody><tr><td><a href=\"http:\/\/www.ferrycroatia.com\/hr\/dubrovnik-korcula\/\">Dubrovnik &#8211; Kor\u010dula<\/a><\/td><td><a href=\"http:\/\/www.ferrycroatia.com\/hr\/dubrovnik-ubli\/\">Dubrovnik &#8211; Ubli (Lastovo)<\/a><\/td><td><a href=\"http:\/\/www.ferrycroatia.com\/hr\/dubrovnik-sipanska-luka\/\">Dubrovnik &#8211; Luka \u0160ipanska<\/a><\/td><\/tr><tr><td><a href=\"http:\/\/www.ferrycroatia.com\/hr\/dubrovnik-sobra\/\">Dubrovnik &#8211; Sobra (Mljet)<\/a><\/td><td><a href=\"http:\/\/www.ferrycroatia.com\/hr\/korcula-sobra\/\">Kor\u010dula &#8211; Sobra (Mljet)<\/a><\/td><td><a href=\"http:\/\/www.ferrycroatia.com\/hr\/korcula-ubli\/\">Kor\u010dula &#8211; Ubli (Lastovo)<\/a><\/td><\/tr><\/tbody><\/table><\/figure>\n\n\n\n<p>Iz Makarske:<\/p>\n\n\n\n<figure class=\"wp-block-table\"><table><tbody><tr><td class=\"has-text-align-center\" data-align=\"center\"><a href=\"https:\/\/www.ferrycroatia.com\/hr\/makarska-split\/\">Makarska &#8211; Bol (Bra\u010d) &#8211; Hvar &#8211; Vis &#8211; Split<\/a><\/td><\/tr><\/tbody><\/table><\/figure>\n","protected":false},"excerpt":{"rendered":"<p>TP Line d.o.o. trajektni je prijevoznik sa sredi\u0161tem u Zadru koju valja razlikovati od G&amp;V Line ladera d.o.o., trajektne tvrtke iz Zadra. Prija\u0161njeg imena G&amp;V Line Dubrovnik, flota prijevoznika uklju\u010duje 6 katamarana samo za putnike, koji prometuju izme\u0111u Splita, Dubrovnika, Makarske i otoka Bra\u010da, Hvara, Kor\u010dule, Mljeta i Visa. Njihova najkra\u0107a i naj\u010de\u0161\u0107a linije su [&hellip;]<\/p>\n<p><a class=\"more-link\" href=\"https:\/\/www.ferrycroatia.com\/hr\/tp-line\/\"> Continue reading&#8230;<\/a><\/p>\n","protected":false},"author":5,"featured_media":0,"parent":0,"menu_order":0,"comment_status":"closed","ping_status":"closed","template":"","meta":[],"yoast_head":"<!-- This site is optimized with the Yoast SEO plugin v19.8 - https:\/\/yoast.com\/wordpress\/plugins\/seo\/ -->\n<title>TP Line d.o.o. Zadar, informacije i vozni red<\/title>\n<meta name=\"description\" content=\"Trajektni prijevoznik TP Line iz Zadra, Brze katamaranske linije do Kor\u010dule, \u0160ipanske Luke, Sobre i Ublija te linije Split - Hvar i Split - Dubrovnik.\" \/>\n<meta name=\"robots\" content=\"index, follow, max-snippet:-1, max-image-preview:large, max-video-preview:-1\" \/>\n<link rel=\"canonical\" href=\"https:\/\/www.ferrycroatia.com\/hr\/tp-line\/\" \/>\n<meta property=\"og:locale\" content=\"en_US\" \/>\n<meta property=\"og:type\" content=\"article\" \/>\n<meta property=\"og:title\" content=\"TP Line d.o.o. Zadar, informacije i vozni red\" \/>\n<meta property=\"og:description\" content=\"Trajektni prijevoznik TP Line iz Zadra, Brze katamaranske linije do Kor\u010dule, \u0160ipanske Luke, Sobre i Ublija te linije Split - Hvar i Split - Dubrovnik.\" \/>\n<meta property=\"og:url\" content=\"https:\/\/www.ferrycroatia.com\/hr\/tp-line\/\" \/>\n<meta property=\"og:site_name\" content=\"Trajekti Hrvatska\" \/>\n<meta property=\"article:modified_time\" content=\"2022-07-21T08:37:15+00:00\" \/>\n<meta name=\"twitter:card\" content=\"summary_large_image\" \/>\n<meta name=\"twitter:label1\" content=\"Est. reading time\" \/>\n\t<meta name=\"twitter:data1\" content=\"2 minutes\" \/>\n<script type=\"application\/ld+json\" class=\"yoast-schema-graph\">{\"@context\":\"https:\/\/schema.org\",\"@graph\":[{\"@type\":[\"WebPage\",\"FAQPage\"],\"@id\":\"https:\/\/www.ferrycroatia.com\/hr\/tp-line\/\",\"url\":\"https:\/\/www.ferrycroatia.com\/hr\/tp-line\/\",\"name\":\"TP Line d.o.o. Zadar, informacije i vozni red\",\"isPartOf\":{\"@id\":\"https:\/\/www.ferrycroatia.com\/hr\/#website\"},\"datePublished\":\"2021-01-27T16:30:35+00:00\",\"dateModified\":\"2022-07-21T08:37:15+00:00\",\"description\":\"Trajektni prijevoznik TP Line iz Zadra, Brze katamaranske linije do Kor\u010dule, \u0160ipanske Luke, Sobre i Ublija te linije Split - Hvar i Split - Dubrovnik.\",\"breadcrumb\":{\"@id\":\"https:\/\/www.ferrycroatia.com\/hr\/tp-line\/#breadcrumb\"},\"mainEntity\":[{\"@id\":\"https:\/\/www.ferrycroatia.com\/hr\/tp-line\/#faq-question-1625739949795\"},{\"@id\":\"https:\/\/www.ferrycroatia.com\/hr\/tp-line\/#faq-question-1625739958253\"},{\"@id\":\"https:\/\/www.ferrycroatia.com\/hr\/tp-line\/#faq-question-1625739967438\"},{\"@id\":\"https:\/\/www.ferrycroatia.com\/hr\/tp-line\/#faq-question-1625739975470\"},{\"@id\":\"https:\/\/www.ferrycroatia.com\/hr\/tp-line\/#faq-question-1625739996321\"}],\"inLanguage\":\"en-US\",\"potentialAction\":[{\"@type\":\"ReadAction\",\"target\":[\"https:\/\/www.ferrycroatia.com\/hr\/tp-line\/\"]}]},{\"@type\":\"BreadcrumbList\",\"@id\":\"https:\/\/www.ferrycroatia.com\/hr\/tp-line\/#breadcrumb\",\"itemListElement\":[{\"@type\":\"ListItem\",\"position\":1,\"name\":\"Home\",\"item\":\"https:\/\/www.ferrycroatia.com\/hr\/\"},{\"@type\":\"ListItem\",\"position\":2,\"name\":\"TP Line\"}]},{\"@type\":\"WebSite\",\"@id\":\"https:\/\/www.ferrycroatia.com\/hr\/#website\",\"url\":\"https:\/\/www.ferrycroatia.com\/hr\/\",\"name\":\"Trajekti Hrvatska\",\"description\":\"Vozni red za sve trajekte i katamarane u Hrvatskoj\",\"potentialAction\":[{\"@type\":\"SearchAction\",\"target\":{\"@type\":\"EntryPoint\",\"urlTemplate\":\"https:\/\/www.ferrycroatia.com\/hr\/?s={search_term_string}\"},\"query-input\":\"required name=search_term_string\"}],\"inLanguage\":\"en-US\"},{\"@type\":\"Question\",\"@id\":\"https:\/\/www.ferrycroatia.com\/hr\/tp-line\/#faq-question-1625739949795\",\"position\":1,\"url\":\"https:\/\/www.ferrycroatia.com\/hr\/tp-line\/#faq-question-1625739949795\",\"name\":\"Gdje mogu kupiti karte za brzi brod TP Line?\",\"answerCount\":1,\"acceptedAnswer\":{\"@type\":\"Answer\",\"text\":\"Karte se isklju\u010divo mogu kupiti direktno na brodu na dan plovidbe, zasad jo\u0161 uvijek nema opcije za rezervaciju ili kupnju karte unaprijed.\",\"inLanguage\":\"en-US\"},\"inLanguage\":\"en-US\"},{\"@type\":\"Question\",\"@id\":\"https:\/\/www.ferrycroatia.com\/hr\/tp-line\/#faq-question-1625739958253\",\"position\":2,\"url\":\"https:\/\/www.ferrycroatia.com\/hr\/tp-line\/#faq-question-1625739958253\",\"name\":\"Koliko prtljage mogu ponijeti?\",\"answerCount\":1,\"acceptedAnswer\":{\"@type\":\"Answer\",\"text\":\"Putnik mo\u017ee ponijeti do 20 kg prtljage bez pla\u0107anja.\",\"inLanguage\":\"en-US\"},\"inLanguage\":\"en-US\"},{\"@type\":\"Question\",\"@id\":\"https:\/\/www.ferrycroatia.com\/hr\/tp-line\/#faq-question-1625739967438\",\"position\":3,\"url\":\"https:\/\/www.ferrycroatia.com\/hr\/tp-line\/#faq-question-1625739967438\",\"name\":\"Mogu li ponijeti svoj bicikl na katamaran?\",\"answerCount\":1,\"acceptedAnswer\":{\"@type\":\"Answer\",\"text\":\"Ne, bicikli nisu dozvoljeni na katamaranima TP Linea.\",\"inLanguage\":\"en-US\"},\"inLanguage\":\"en-US\"},{\"@type\":\"Question\",\"@id\":\"https:\/\/www.ferrycroatia.com\/hr\/tp-line\/#faq-question-1625739975470\",\"position\":4,\"url\":\"https:\/\/www.ferrycroatia.com\/hr\/tp-line\/#faq-question-1625739975470\",\"name\":\"Mogu li povesti svog ku\u0107nog ljubimca na katamaran?\",\"answerCount\":1,\"acceptedAnswer\":{\"@type\":\"Answer\",\"text\":\"Mo\u017eete povesti svog ku\u0107nog ljubimca ukoliko po\u0161tujete Pravilnik TP line d.o.o.<br\/><em>\u201cKu\u0107ni ljubimci smiju se prevoziti samo ako ne predstavljaju opasnost ili smetnju za putnike ili brod i ne smije ih se unositi u zatvorene putni\u010dke prostorije ve\u0107 se prevoze u za to odre\u0111enim spremnicima. Psi moraju imati brnjicu (izuzev psa vodi\u010da slijepe osobe), ma\u010dke moraju biti u kutijama, a ptice u krletkama. Za pse i ma\u010dke vlasnici moraju imati uvjerenje o obveznom cijepljenju. O prehrani ku\u0107nih ljubimaca brigu vodi vlasnik. Vlasnici preuzimaju rizik i odgovornost za eventualne \u0161tete na putovanju prouzro\u010dene od strane \u017eivotinja. Brodar ne odgovora za bilo kakve ozljede \u017eivotinja nastale tijekom putovanja.\u201d<\/em>\",\"inLanguage\":\"en-US\"},\"inLanguage\":\"en-US\"},{\"@type\":\"Question\",\"@id\":\"https:\/\/www.ferrycroatia.com\/hr\/tp-line\/#faq-question-1625739996321\",\"position\":5,\"url\":\"https:\/\/www.ferrycroatia.com\/hr\/tp-line\/#faq-question-1625739996321\",\"name\":\"Koliko ranije trebam do\u0107i u luku prije samog polaska?\",\"answerCount\":1,\"acceptedAnswer\":{\"@type\":\"Answer\",\"text\":\"Preporu\u010deno je do\u0107i najmanje 30 minuta prije vremena polaska navedenog na karti, po\u0161to tada po\u010dinje ukrcaj putnika.\",\"inLanguage\":\"en-US\"},\"inLanguage\":\"en-US\"}]}<\/script>\n<!-- \/ Yoast SEO plugin. -->","yoast_head_json":{"title":"TP Line d.o.o. Zadar, informacije i vozni red","description":"Trajektni prijevoznik TP Line iz Zadra, Brze katamaranske linije do Kor\u010dule, \u0160ipanske Luke, Sobre i Ublija te linije Split - Hvar i Split - Dubrovnik.","robots":{"index":"index","follow":"follow","max-snippet":"max-snippet:-1","max-image-preview":"max-image-preview:large","max-video-preview":"max-video-preview:-1"},"canonical":"https:\/\/www.ferrycroatia.com\/hr\/tp-line\/","og_locale":"en_US","og_type":"article","og_title":"TP Line d.o.o. Zadar, informacije i vozni red","og_description":"Trajektni prijevoznik TP Line iz Zadra, Brze katamaranske linije do Kor\u010dule, \u0160ipanske Luke, Sobre i Ublija te linije Split - Hvar i Split - Dubrovnik.","og_url":"https:\/\/www.ferrycroatia.com\/hr\/tp-line\/","og_site_name":"Trajekti Hrvatska","article_modified_time":"2022-07-21T08:37:15+00:00","twitter_card":"summary_large_image","twitter_misc":{"Est. reading time":"2 minutes"},"schema":{"@context":"https:\/\/schema.org","@graph":[{"@type":["WebPage","FAQPage"],"@id":"https:\/\/www.ferrycroatia.com\/hr\/tp-line\/","url":"https:\/\/www.ferrycroatia.com\/hr\/tp-line\/","name":"TP Line d.o.o. Zadar, informacije i vozni red","isPartOf":{"@id":"https:\/\/www.ferrycroatia.com\/hr\/#website"},"datePublished":"2021-01-27T16:30:35+00:00","dateModified":"2022-07-21T08:37:15+00:00","description":"Trajektni prijevoznik TP Line iz Zadra, Brze katamaranske linije do Kor\u010dule, \u0160ipanske Luke, Sobre i Ublija te linije Split - Hvar i Split - Dubrovnik.","breadcrumb":{"@id":"https:\/\/www.ferrycroatia.com\/hr\/tp-line\/#breadcrumb"},"mainEntity":[{"@id":"https:\/\/www.ferrycroatia.com\/hr\/tp-line\/#faq-question-1625739949795"},{"@id":"https:\/\/www.ferrycroatia.com\/hr\/tp-line\/#faq-question-1625739958253"},{"@id":"https:\/\/www.ferrycroatia.com\/hr\/tp-line\/#faq-question-1625739967438"},{"@id":"https:\/\/www.ferrycroatia.com\/hr\/tp-line\/#faq-question-1625739975470"},{"@id":"https:\/\/www.ferrycroatia.com\/hr\/tp-line\/#faq-question-1625739996321"}],"inLanguage":"en-US","potentialAction":[{"@type":"ReadAction","target":["https:\/\/www.ferrycroatia.com\/hr\/tp-line\/"]}]},{"@type":"BreadcrumbList","@id":"https:\/\/www.ferrycroatia.com\/hr\/tp-line\/#breadcrumb","itemListElement":[{"@type":"ListItem","position":1,"name":"Home","item":"https:\/\/www.ferrycroatia.com\/hr\/"},{"@type":"ListItem","position":2,"name":"TP Line"}]},{"@type":"WebSite","@id":"https:\/\/www.ferrycroatia.com\/hr\/#website","url":"https:\/\/www.ferrycroatia.com\/hr\/","name":"Trajekti Hrvatska","description":"Vozni red za sve trajekte i katamarane u Hrvatskoj","potentialAction":[{"@type":"SearchAction","target":{"@type":"EntryPoint","urlTemplate":"https:\/\/www.ferrycroatia.com\/hr\/?s={search_term_string}"},"query-input":"required name=search_term_string"}],"inLanguage":"en-US"},{"@type":"Question","@id":"https:\/\/www.ferrycroatia.com\/hr\/tp-line\/#faq-question-1625739949795","position":1,"url":"https:\/\/www.ferrycroatia.com\/hr\/tp-line\/#faq-question-1625739949795","name":"Gdje mogu kupiti karte za brzi brod TP Line?","answerCount":1,"acceptedAnswer":{"@type":"Answer","text":"Karte se isklju\u010divo mogu kupiti direktno na brodu na dan plovidbe, zasad jo\u0161 uvijek nema opcije za rezervaciju ili kupnju karte unaprijed.","inLanguage":"en-US"},"inLanguage":"en-US"},{"@type":"Question","@id":"https:\/\/www.ferrycroatia.com\/hr\/tp-line\/#faq-question-1625739958253","position":2,"url":"https:\/\/www.ferrycroatia.com\/hr\/tp-line\/#faq-question-1625739958253","name":"Koliko prtljage mogu ponijeti?","answerCount":1,"acceptedAnswer":{"@type":"Answer","text":"Putnik mo\u017ee ponijeti do 20 kg prtljage bez pla\u0107anja.","inLanguage":"en-US"},"inLanguage":"en-US"},{"@type":"Question","@id":"https:\/\/www.ferrycroatia.com\/hr\/tp-line\/#faq-question-1625739967438","position":3,"url":"https:\/\/www.ferrycroatia.com\/hr\/tp-line\/#faq-question-1625739967438","name":"Mogu li ponijeti svoj bicikl na katamaran?","answerCount":1,"acceptedAnswer":{"@type":"Answer","text":"Ne, bicikli nisu dozvoljeni na katamaranima TP Linea.","inLanguage":"en-US"},"inLanguage":"en-US"},{"@type":"Question","@id":"https:\/\/www.ferrycroatia.com\/hr\/tp-line\/#faq-question-1625739975470","position":4,"url":"https:\/\/www.ferrycroatia.com\/hr\/tp-line\/#faq-question-1625739975470","name":"Mogu li povesti svog ku\u0107nog ljubimca na katamaran?","answerCount":1,"acceptedAnswer":{"@type":"Answer","text":"Mo\u017eete povesti svog ku\u0107nog ljubimca ukoliko po\u0161tujete Pravilnik TP line d.o.o.<br\/><em>\u201cKu\u0107ni ljubimci smiju se prevoziti samo ako ne predstavljaju opasnost ili smetnju za putnike ili brod i ne smije ih se unositi u zatvorene putni\u010dke prostorije ve\u0107 se prevoze u za to odre\u0111enim spremnicima. Psi moraju imati brnjicu (izuzev psa vodi\u010da slijepe osobe), ma\u010dke moraju biti u kutijama, a ptice u krletkama. Za pse i ma\u010dke vlasnici moraju imati uvjerenje o obveznom cijepljenju. O prehrani ku\u0107nih ljubimaca brigu vodi vlasnik. Vlasnici preuzimaju rizik i odgovornost za eventualne \u0161tete na putovanju prouzro\u010dene od strane \u017eivotinja. Brodar ne odgovora za bilo kakve ozljede \u017eivotinja nastale tijekom putovanja.\u201d<\/em>","inLanguage":"en-US"},"inLanguage":"en-US"},{"@type":"Question","@id":"https:\/\/www.ferrycroatia.com\/hr\/tp-line\/#faq-question-1625739996321","position":5,"url":"https:\/\/www.ferrycroatia.com\/hr\/tp-line\/#faq-question-1625739996321","name":"Koliko ranije trebam do\u0107i u luku prije samog polaska?","answerCount":1,"acceptedAnswer":{"@type":"Answer","text":"Preporu\u010deno je do\u0107i najmanje 30 minuta prije vremena polaska navedenog na karti, po\u0161to tada po\u010dinje ukrcaj putnika.","inLanguage":"en-US"},"inLanguage":"en-US"}]}},"_links":{"self":[{"href":"https:\/\/www.ferrycroatia.com\/hr\/wp-json\/wp\/v2\/pages\/1171"}],"collection":[{"href":"https:\/\/www.ferrycroatia.com\/hr\/wp-json\/wp\/v2\/pages"}],"about":[{"href":"https:\/\/www.ferrycroatia.com\/hr\/wp-json\/wp\/v2\/types\/page"}],"author":[{"embeddable":true,"href":"https:\/\/www.ferrycroatia.com\/hr\/wp-json\/wp\/v2\/users\/5"}],"replies":[{"embeddable":true,"href":"https:\/\/www.ferrycroatia.com\/hr\/wp-json\/wp\/v2\/comments?post=1171"}],"version-history":[{"count":11,"href":"https:\/\/www.ferrycroatia.com\/hr\/wp-json\/wp\/v2\/pages\/1171\/revisions"}],"predecessor-version":[{"id":2662,"href":"https:\/\/www.ferrycroatia.com\/hr\/wp-json\/wp\/v2\/pages\/1171\/revisions\/2662"}],"wp:attachment":[{"href":"https:\/\/www.ferrycroatia.com\/hr\/wp-json\/wp\/v2\/media?parent=1171"}],"curies":[{"name":"wp","href":"https:\/\/api.w.org\/{rel}","templated":true}]}}