{"id":1173,"date":"2021-01-27T16:35:46","date_gmt":"2021-01-27T16:35:46","guid":{"rendered":"https:\/\/ferrycroatia.com\/hr\/?page_id=1173"},"modified":"2021-07-08T12:29:42","modified_gmt":"2021-07-08T10:29:42","slug":"gv-line-zadar","status":"publish","type":"page","link":"https:\/\/www.ferrycroatia.com\/hr\/gv-line-zadar\/","title":{"rendered":"G&#038;V Line Zadar"},"content":{"rendered":"\n<p><strong>G&amp;V Line Iadera d.o.o<\/strong> trajektna je tvrtka sa sjedi\u0161tem u Zadru. Tvrtka uglavnom posjeduje brze trajektne i brodske linije koje prometuju do <strong>malih otoka u zadarskom arhipelagu<\/strong> (poput <a href=\"https:\/\/www.ferrycroatia.com\/hr\/otok-iz\/\">otoka I\u017ea<\/a>), ali prometuju i do <a href=\"http:\/\/www.ferrycroatia.com\/hr\/trajektna-luka-rijeka\/\">Rijeke<\/a>, <a href=\"https:\/\/www.ferrycroatia.com\/hr\/otok-rab\/\">Raba<\/a> i <a href=\"http:\/\/www.ferrycroatia.com\/hr\/trajektna-luka-zadar\/\">Zadra<\/a>. Trenutne predvi\u0111ene rute plovidbe su:<\/p>\n\n\n\n<ul><li aria-level=\"1\">Brodska linija br.405: Rava &#8211; I\u017e \u2013 Zadar<\/li><li aria-level=\"1\">Brodska linija br.406: Zadar &#8211; Sali \u2013 Zaglav<\/li><li aria-level=\"1\">Katamaranska linija br.9406: Zadar &#8211; Sali \u2013 Zaglav<\/li><li aria-level=\"1\">Katamaranska linija Rijeka &#8211; Krk &#8211; Lopar (Rab) &#8211; Silba \u2013 Zadar<\/li><\/ul>\n\n\n\n<p><strong>Flota G&amp;V Line Iadera<\/strong> broji 3 broda koji mogu prevesti izme\u0111u 180 i 250 putnika s prtljagom: brzog broda Antonija, motornog broda Anamarija i brzog trajekta Melita.<\/p>\n\n\n\n<h2><b>G&amp;V Line Iadera \u2013 naj\u010de\u0161\u0107a pitanja<\/b><\/h2>\n\n\n\n<div class=\"schema-faq wp-block-yoast-faq-block\"><div class=\"schema-faq-section\" id=\"faq-question-1625740045868\"><strong class=\"schema-faq-question\"><strong>Gdje mogu kupiti karte za polaske koje nudi G&amp;V Line Iadera?<\/strong><\/strong> <p class=\"schema-faq-answer\">Karte mo\u017eete kupiti putem interneta. Tako\u0111er, mo\u017eete ih kupiti na prodajnom mjestu u Zadru (nedaleko od mjesta ukrcavanja na katamaran). Za ostala odredi\u0161ta, karte mo\u017eete kupiti preko prodajnih agenata ili od same posade prije ukrcaja, ali imajte na umu da se u tom slu\u010daju prihva\u0107a samo gotovinsko pla\u0107anje (isklju\u010divo u hrvatskim kunama).<\/p> <\/div> <div class=\"schema-faq-section\" id=\"faq-question-1625740056662\"><strong class=\"schema-faq-question\"><strong>Postoje li vanjska sjedala na brodovima?<\/strong><\/strong> <p class=\"schema-faq-answer\">Postoje samo na motornom brodu Anamarija, na ostalim plovilima nije ponu\u0111ena takva mogu\u0107nost jer prebrzo voze.<\/p> <\/div> <div class=\"schema-faq-section\" id=\"faq-question-1625740076151\"><strong class=\"schema-faq-question\"><strong>Koliko ranije trebam do\u0107i u luku prije samog polaska?<\/strong><\/strong> <p class=\"schema-faq-answer\">Preporu\u010deno je do\u0107i najmanje 30 minuta prije vremena polaska navedenog na karti.<\/p> <\/div> <div class=\"schema-faq-section\" id=\"faq-question-1625740082198\"><strong class=\"schema-faq-question\"><strong>Mogu li se rezervirati susjedna mjesta na brodovima G&amp;V Line Iadera?<\/strong><\/strong> <p class=\"schema-faq-answer\">Mjesta se ne mogu rezervirati jer je slobodan raspored sjedenja. Stoga, ako putujete s obitelji ili pak u grupi, trebali biste ranije do\u0107i u red za ukrcaj kako biste osigurali svoja \u017eeljena mjesta.<\/p> <\/div> <div class=\"schema-faq-section\" id=\"faq-question-1625740097421\"><strong class=\"schema-faq-question\"><strong>Koliko prtljage mogu ponijeti sa sobom na brod?<\/strong><\/strong> <p class=\"schema-faq-answer\">Prtljaga je ograni\u010dena na jedan komad ru\u010dne prtljage i jednu ve\u0107u torbu ili kofer do 20 kg.<\/p> <\/div> <div class=\"schema-faq-section\" id=\"faq-question-1625740109637\"><strong class=\"schema-faq-question\"><strong>Mogu li povesti svog ljubimca na katamaran?<\/strong><\/strong> <p class=\"schema-faq-answer\">Izvadak iz op\u0107ih uvjeta poslovanja G&amp;V Line Iadera za transport ku\u0107nih ljubimaca navodi:<br\/><em>Ku\u0107ni ljubimci do 7 kg te\u017eine mogu tijekom putovanja boraviti u putni\u010dkom salonu, isklju\u010divo uz svog vlasnika pored njegovog sjedala. Kapacitet prijevoza za ku\u0107ne ljubimce (pse) te\u017ee od 7 kg ograni\u010den je na 2 mjesta. Cijena prijevoza ku\u0107nog ljubimca pla\u0107a se na brodu prilikom ukrcaja, isklju\u010divo u gotovini (valuta: hrvatska kuna).<\/em><\/p> <\/div> <div class=\"schema-faq-section\" id=\"faq-question-1625740138625\"><strong class=\"schema-faq-question\"><strong>Mogu li ponijeti svoj bicikl na katamaran?<\/strong><\/strong> <p class=\"schema-faq-answer\">Mo\u017eete, ali imajte na umu da je prostor za bicikle ograni\u010den (maksimalno 20 bicikli stane na katamaran). Tako\u0111er, potrebna je dodatna nadoplata prilikom ukrcaja i to isklju\u010divo u gotovini (valuta: hrvatska kuna).<\/p> <\/div> <div class=\"schema-faq-section\" id=\"faq-question-1625740147577\"><strong class=\"schema-faq-question\"><strong>Mogu li kupiti pi\u0107a i grickalice na brodu?<\/strong><\/strong> <p class=\"schema-faq-answer\">Da, ali samo na brodovima Antonija i Anamarija.<\/p> <\/div> <div class=\"schema-faq-section\" id=\"faq-question-1625740153838\"><strong class=\"schema-faq-question\"><strong>Kupio\/la sam kartu putem interneta na web stranici G&amp;V Line Iadera, ali na karti je pogre\u0161an datum putovanja, \u0161to da radim?<\/strong><\/strong> <p class=\"schema-faq-answer\"><a href=\"https:\/\/gv-zadar.hr\/uvjeti-kupnje\/\">Ovdje<\/a> mo\u017eete provjeriti op\u0107e uvjete za izmjenu karte.<\/p> <\/div> <\/div>\n\n\n\n<h2>Popularne linije G&amp;V Line Iadera<\/h2>\n\n\n\n<figure class=\"wp-block-table\"><table><tbody><tr><td><a href=\"https:\/\/www.ferrycroatia.com\/hr\/zadar-rijeka\/\" target=\"_blank\" rel=\"noopener noreferrer\">Zadar &#8211; Rijeka<\/a><\/td><td><a href=\"https:\/\/www.ferrycroatia.com\/hr\/zadar-lopar\/\" target=\"_blank\" rel=\"noopener noreferrer\">Zadar &#8211; Lopar (Rab)<\/a><\/td><td><a href=\"https:\/\/www.ferrycroatia.com\/hr\/zadar-krk\/\" target=\"_blank\" rel=\"noopener noreferrer\">Zadar &#8211; Krk<\/a><\/td><\/tr><tr><td><a href=\"http:\/\/www.ferrycroatia.com\/hr\/zadar-rava\/\" target=\"_blank\" rel=\"noopener noreferrer\">Zadar &#8211; Rava<\/a><\/td><td><a href=\"http:\/\/www.ferrycroatia.com\/hr\/zadar-sali\/\" target=\"_blank\" rel=\"noopener noreferrer\">Zadar &#8211; Sali (Dugi Otok)<\/a><\/td><td>Zadar &#8211; Zaglav (Dugi Otok)<\/td><\/tr><tr><td><a href=\"http:\/\/www.ferrycroatia.com\/hr\/silba-zadar\/\" target=\"_blank\" rel=\"noopener noreferrer\">Zadar &#8211; Silba<\/a><\/td><td><a href=\"http:\/\/www.ferrycroatia.com\/hr\/zadar-veli-iz\/\" target=\"_blank\" rel=\"noopener noreferrer\">Zadar &#8211; Veli I\u017e<\/a><\/td><td><a href=\"http:\/\/www.ferrycroatia.com\/hr\/rijeka-rab\/\" target=\"_blank\" rel=\"noopener noreferrer\">Rijeka &#8211; Lopar (Rab)<\/a><\/td><\/tr><\/tbody><\/table><\/figure>\n","protected":false},"excerpt":{"rendered":"<p>G&amp;V Line Iadera d.o.o trajektna je tvrtka sa sjedi\u0161tem u Zadru. Tvrtka uglavnom posjeduje brze trajektne i brodske linije koje prometuju do malih otoka u zadarskom arhipelagu (poput otoka I\u017ea), ali prometuju i do Rijeke, Raba i Zadra. Trenutne predvi\u0111ene rute plovidbe su: Brodska linija br.405: Rava &#8211; I\u017e \u2013 Zadar Brodska linija br.406: Zadar [&hellip;]<\/p>\n<p><a class=\"more-link\" href=\"https:\/\/www.ferrycroatia.com\/hr\/gv-line-zadar\/\"> Continue reading&#8230;<\/a><\/p>\n","protected":false},"author":5,"featured_media":0,"parent":0,"menu_order":0,"comment_status":"closed","ping_status":"closed","template":"","meta":[],"yoast_head":"<!-- This site is optimized with the Yoast SEO plugin v19.8 - https:\/\/yoast.com\/wordpress\/plugins\/seo\/ -->\n<title>Trajektna tvrtka G&amp;V Line Zadar - Informacije i vozni red<\/title>\n<meta name=\"robots\" content=\"index, follow, max-snippet:-1, max-image-preview:large, max-video-preview:-1\" \/>\n<link rel=\"canonical\" href=\"https:\/\/www.ferrycroatia.com\/hr\/gv-line-zadar\/\" \/>\n<meta property=\"og:locale\" content=\"en_US\" \/>\n<meta property=\"og:type\" content=\"article\" \/>\n<meta property=\"og:title\" content=\"Trajektna tvrtka G&amp;V Line Zadar - Informacije i vozni red\" \/>\n<meta property=\"og:description\" content=\"G&amp;V Line Iadera d.o.o trajektna je tvrtka sa sjedi\u0161tem u Zadru. Tvrtka uglavnom posjeduje brze trajektne i brodske linije koje prometuju do malih otoka u zadarskom arhipelagu (poput otoka I\u017ea), ali prometuju i do Rijeke, Raba i Zadra. Trenutne predvi\u0111ene rute plovidbe su: Brodska linija br.405: Rava &#8211; I\u017e \u2013 Zadar Brodska linija br.406: Zadar [&hellip;] Continue reading...\" \/>\n<meta property=\"og:url\" content=\"https:\/\/www.ferrycroatia.com\/hr\/gv-line-zadar\/\" \/>\n<meta property=\"og:site_name\" content=\"Trajekti Hrvatska\" \/>\n<meta property=\"article:modified_time\" content=\"2021-07-08T10:29:42+00:00\" \/>\n<meta name=\"twitter:card\" content=\"summary_large_image\" \/>\n<meta name=\"twitter:label1\" content=\"Est. reading time\" \/>\n\t<meta name=\"twitter:data1\" content=\"3 minutes\" \/>\n<script type=\"application\/ld+json\" class=\"yoast-schema-graph\">{\"@context\":\"https:\/\/schema.org\",\"@graph\":[{\"@type\":[\"WebPage\",\"FAQPage\"],\"@id\":\"https:\/\/www.ferrycroatia.com\/hr\/gv-line-zadar\/\",\"url\":\"https:\/\/www.ferrycroatia.com\/hr\/gv-line-zadar\/\",\"name\":\"Trajektna tvrtka G&V Line Zadar - Informacije i vozni red\",\"isPartOf\":{\"@id\":\"https:\/\/www.ferrycroatia.com\/hr\/#website\"},\"datePublished\":\"2021-01-27T16:35:46+00:00\",\"dateModified\":\"2021-07-08T10:29:42+00:00\",\"breadcrumb\":{\"@id\":\"https:\/\/www.ferrycroatia.com\/hr\/gv-line-zadar\/#breadcrumb\"},\"mainEntity\":[{\"@id\":\"https:\/\/www.ferrycroatia.com\/hr\/gv-line-zadar\/#faq-question-1625740045868\"},{\"@id\":\"https:\/\/www.ferrycroatia.com\/hr\/gv-line-zadar\/#faq-question-1625740056662\"},{\"@id\":\"https:\/\/www.ferrycroatia.com\/hr\/gv-line-zadar\/#faq-question-1625740076151\"},{\"@id\":\"https:\/\/www.ferrycroatia.com\/hr\/gv-line-zadar\/#faq-question-1625740082198\"},{\"@id\":\"https:\/\/www.ferrycroatia.com\/hr\/gv-line-zadar\/#faq-question-1625740097421\"},{\"@id\":\"https:\/\/www.ferrycroatia.com\/hr\/gv-line-zadar\/#faq-question-1625740109637\"},{\"@id\":\"https:\/\/www.ferrycroatia.com\/hr\/gv-line-zadar\/#faq-question-1625740138625\"},{\"@id\":\"https:\/\/www.ferrycroatia.com\/hr\/gv-line-zadar\/#faq-question-1625740147577\"},{\"@id\":\"https:\/\/www.ferrycroatia.com\/hr\/gv-line-zadar\/#faq-question-1625740153838\"}],\"inLanguage\":\"en-US\",\"potentialAction\":[{\"@type\":\"ReadAction\",\"target\":[\"https:\/\/www.ferrycroatia.com\/hr\/gv-line-zadar\/\"]}]},{\"@type\":\"BreadcrumbList\",\"@id\":\"https:\/\/www.ferrycroatia.com\/hr\/gv-line-zadar\/#breadcrumb\",\"itemListElement\":[{\"@type\":\"ListItem\",\"position\":1,\"name\":\"Home\",\"item\":\"https:\/\/www.ferrycroatia.com\/hr\/\"},{\"@type\":\"ListItem\",\"position\":2,\"name\":\"G&#038;V Line Zadar\"}]},{\"@type\":\"WebSite\",\"@id\":\"https:\/\/www.ferrycroatia.com\/hr\/#website\",\"url\":\"https:\/\/www.ferrycroatia.com\/hr\/\",\"name\":\"Trajekti Hrvatska\",\"description\":\"Vozni red za sve trajekte i katamarane u Hrvatskoj\",\"potentialAction\":[{\"@type\":\"SearchAction\",\"target\":{\"@type\":\"EntryPoint\",\"urlTemplate\":\"https:\/\/www.ferrycroatia.com\/hr\/?s={search_term_string}\"},\"query-input\":\"required name=search_term_string\"}],\"inLanguage\":\"en-US\"},{\"@type\":\"Question\",\"@id\":\"https:\/\/www.ferrycroatia.com\/hr\/gv-line-zadar\/#faq-question-1625740045868\",\"position\":1,\"url\":\"https:\/\/www.ferrycroatia.com\/hr\/gv-line-zadar\/#faq-question-1625740045868\",\"name\":\"Gdje mogu kupiti karte za polaske koje nudi G&amp;V Line Iadera?\",\"answerCount\":1,\"acceptedAnswer\":{\"@type\":\"Answer\",\"text\":\"Karte mo\u017eete kupiti putem interneta. Tako\u0111er, mo\u017eete ih kupiti na prodajnom mjestu u Zadru (nedaleko od mjesta ukrcavanja na katamaran). Za ostala odredi\u0161ta, karte mo\u017eete kupiti preko prodajnih agenata ili od same posade prije ukrcaja, ali imajte na umu da se u tom slu\u010daju prihva\u0107a samo gotovinsko pla\u0107anje (isklju\u010divo u hrvatskim kunama).\",\"inLanguage\":\"en-US\"},\"inLanguage\":\"en-US\"},{\"@type\":\"Question\",\"@id\":\"https:\/\/www.ferrycroatia.com\/hr\/gv-line-zadar\/#faq-question-1625740056662\",\"position\":2,\"url\":\"https:\/\/www.ferrycroatia.com\/hr\/gv-line-zadar\/#faq-question-1625740056662\",\"name\":\"Postoje li vanjska sjedala na brodovima?\",\"answerCount\":1,\"acceptedAnswer\":{\"@type\":\"Answer\",\"text\":\"Postoje samo na motornom brodu Anamarija, na ostalim plovilima nije ponu\u0111ena takva mogu\u0107nost jer prebrzo voze.\",\"inLanguage\":\"en-US\"},\"inLanguage\":\"en-US\"},{\"@type\":\"Question\",\"@id\":\"https:\/\/www.ferrycroatia.com\/hr\/gv-line-zadar\/#faq-question-1625740076151\",\"position\":3,\"url\":\"https:\/\/www.ferrycroatia.com\/hr\/gv-line-zadar\/#faq-question-1625740076151\",\"name\":\"Koliko ranije trebam do\u0107i u luku prije samog polaska?\",\"answerCount\":1,\"acceptedAnswer\":{\"@type\":\"Answer\",\"text\":\"Preporu\u010deno je do\u0107i najmanje 30 minuta prije vremena polaska navedenog na karti.\",\"inLanguage\":\"en-US\"},\"inLanguage\":\"en-US\"},{\"@type\":\"Question\",\"@id\":\"https:\/\/www.ferrycroatia.com\/hr\/gv-line-zadar\/#faq-question-1625740082198\",\"position\":4,\"url\":\"https:\/\/www.ferrycroatia.com\/hr\/gv-line-zadar\/#faq-question-1625740082198\",\"name\":\"Mogu li se rezervirati susjedna mjesta na brodovima G&amp;V Line Iadera?\",\"answerCount\":1,\"acceptedAnswer\":{\"@type\":\"Answer\",\"text\":\"Mjesta se ne mogu rezervirati jer je slobodan raspored sjedenja. Stoga, ako putujete s obitelji ili pak u grupi, trebali biste ranije do\u0107i u red za ukrcaj kako biste osigurali svoja \u017eeljena mjesta.\",\"inLanguage\":\"en-US\"},\"inLanguage\":\"en-US\"},{\"@type\":\"Question\",\"@id\":\"https:\/\/www.ferrycroatia.com\/hr\/gv-line-zadar\/#faq-question-1625740097421\",\"position\":5,\"url\":\"https:\/\/www.ferrycroatia.com\/hr\/gv-line-zadar\/#faq-question-1625740097421\",\"name\":\"Koliko prtljage mogu ponijeti sa sobom na brod?\",\"answerCount\":1,\"acceptedAnswer\":{\"@type\":\"Answer\",\"text\":\"Prtljaga je ograni\u010dena na jedan komad ru\u010dne prtljage i jednu ve\u0107u torbu ili kofer do 20 kg.\",\"inLanguage\":\"en-US\"},\"inLanguage\":\"en-US\"},{\"@type\":\"Question\",\"@id\":\"https:\/\/www.ferrycroatia.com\/hr\/gv-line-zadar\/#faq-question-1625740109637\",\"position\":6,\"url\":\"https:\/\/www.ferrycroatia.com\/hr\/gv-line-zadar\/#faq-question-1625740109637\",\"name\":\"Mogu li povesti svog ljubimca na katamaran?\",\"answerCount\":1,\"acceptedAnswer\":{\"@type\":\"Answer\",\"text\":\"Izvadak iz op\u0107ih uvjeta poslovanja G&amp;V Line Iadera za transport ku\u0107nih ljubimaca navodi:<br\/><em>Ku\u0107ni ljubimci do 7 kg te\u017eine mogu tijekom putovanja boraviti u putni\u010dkom salonu, isklju\u010divo uz svog vlasnika pored njegovog sjedala. Kapacitet prijevoza za ku\u0107ne ljubimce (pse) te\u017ee od 7 kg ograni\u010den je na 2 mjesta. Cijena prijevoza ku\u0107nog ljubimca pla\u0107a se na brodu prilikom ukrcaja, isklju\u010divo u gotovini (valuta: hrvatska kuna).<\/em>\",\"inLanguage\":\"en-US\"},\"inLanguage\":\"en-US\"},{\"@type\":\"Question\",\"@id\":\"https:\/\/www.ferrycroatia.com\/hr\/gv-line-zadar\/#faq-question-1625740138625\",\"position\":7,\"url\":\"https:\/\/www.ferrycroatia.com\/hr\/gv-line-zadar\/#faq-question-1625740138625\",\"name\":\"Mogu li ponijeti svoj bicikl na katamaran?\",\"answerCount\":1,\"acceptedAnswer\":{\"@type\":\"Answer\",\"text\":\"Mo\u017eete, ali imajte na umu da je prostor za bicikle ograni\u010den (maksimalno 20 bicikli stane na katamaran). Tako\u0111er, potrebna je dodatna nadoplata prilikom ukrcaja i to isklju\u010divo u gotovini (valuta: hrvatska kuna).\",\"inLanguage\":\"en-US\"},\"inLanguage\":\"en-US\"},{\"@type\":\"Question\",\"@id\":\"https:\/\/www.ferrycroatia.com\/hr\/gv-line-zadar\/#faq-question-1625740147577\",\"position\":8,\"url\":\"https:\/\/www.ferrycroatia.com\/hr\/gv-line-zadar\/#faq-question-1625740147577\",\"name\":\"Mogu li kupiti pi\u0107a i grickalice na brodu?\",\"answerCount\":1,\"acceptedAnswer\":{\"@type\":\"Answer\",\"text\":\"Da, ali samo na brodovima Antonija i Anamarija.\",\"inLanguage\":\"en-US\"},\"inLanguage\":\"en-US\"},{\"@type\":\"Question\",\"@id\":\"https:\/\/www.ferrycroatia.com\/hr\/gv-line-zadar\/#faq-question-1625740153838\",\"position\":9,\"url\":\"https:\/\/www.ferrycroatia.com\/hr\/gv-line-zadar\/#faq-question-1625740153838\",\"name\":\"Kupio\/la sam kartu putem interneta na web stranici G&amp;V Line Iadera, ali na karti je pogre\u0161an datum putovanja, \u0161to da radim?\",\"answerCount\":1,\"acceptedAnswer\":{\"@type\":\"Answer\",\"text\":\"<a href=\\\"https:\/\/gv-zadar.hr\/uvjeti-kupnje\/\\\">Ovdje<\/a> mo\u017eete provjeriti op\u0107e uvjete za izmjenu karte.\",\"inLanguage\":\"en-US\"},\"inLanguage\":\"en-US\"}]}<\/script>\n<!-- \/ Yoast SEO plugin. -->","yoast_head_json":{"title":"Trajektna tvrtka G&V Line Zadar - Informacije i vozni red","robots":{"index":"index","follow":"follow","max-snippet":"max-snippet:-1","max-image-preview":"max-image-preview:large","max-video-preview":"max-video-preview:-1"},"canonical":"https:\/\/www.ferrycroatia.com\/hr\/gv-line-zadar\/","og_locale":"en_US","og_type":"article","og_title":"Trajektna tvrtka G&V Line Zadar - Informacije i vozni red","og_description":"G&amp;V Line Iadera d.o.o trajektna je tvrtka sa sjedi\u0161tem u Zadru. Tvrtka uglavnom posjeduje brze trajektne i brodske linije koje prometuju do malih otoka u zadarskom arhipelagu (poput otoka I\u017ea), ali prometuju i do Rijeke, Raba i Zadra. Trenutne predvi\u0111ene rute plovidbe su: Brodska linija br.405: Rava &#8211; I\u017e \u2013 Zadar Brodska linija br.406: Zadar [&hellip;] Continue reading...","og_url":"https:\/\/www.ferrycroatia.com\/hr\/gv-line-zadar\/","og_site_name":"Trajekti Hrvatska","article_modified_time":"2021-07-08T10:29:42+00:00","twitter_card":"summary_large_image","twitter_misc":{"Est. reading time":"3 minutes"},"schema":{"@context":"https:\/\/schema.org","@graph":[{"@type":["WebPage","FAQPage"],"@id":"https:\/\/www.ferrycroatia.com\/hr\/gv-line-zadar\/","url":"https:\/\/www.ferrycroatia.com\/hr\/gv-line-zadar\/","name":"Trajektna tvrtka G&V Line Zadar - Informacije i vozni red","isPartOf":{"@id":"https:\/\/www.ferrycroatia.com\/hr\/#website"},"datePublished":"2021-01-27T16:35:46+00:00","dateModified":"2021-07-08T10:29:42+00:00","breadcrumb":{"@id":"https:\/\/www.ferrycroatia.com\/hr\/gv-line-zadar\/#breadcrumb"},"mainEntity":[{"@id":"https:\/\/www.ferrycroatia.com\/hr\/gv-line-zadar\/#faq-question-1625740045868"},{"@id":"https:\/\/www.ferrycroatia.com\/hr\/gv-line-zadar\/#faq-question-1625740056662"},{"@id":"https:\/\/www.ferrycroatia.com\/hr\/gv-line-zadar\/#faq-question-1625740076151"},{"@id":"https:\/\/www.ferrycroatia.com\/hr\/gv-line-zadar\/#faq-question-1625740082198"},{"@id":"https:\/\/www.ferrycroatia.com\/hr\/gv-line-zadar\/#faq-question-1625740097421"},{"@id":"https:\/\/www.ferrycroatia.com\/hr\/gv-line-zadar\/#faq-question-1625740109637"},{"@id":"https:\/\/www.ferrycroatia.com\/hr\/gv-line-zadar\/#faq-question-1625740138625"},{"@id":"https:\/\/www.ferrycroatia.com\/hr\/gv-line-zadar\/#faq-question-1625740147577"},{"@id":"https:\/\/www.ferrycroatia.com\/hr\/gv-line-zadar\/#faq-question-1625740153838"}],"inLanguage":"en-US","potentialAction":[{"@type":"ReadAction","target":["https:\/\/www.ferrycroatia.com\/hr\/gv-line-zadar\/"]}]},{"@type":"BreadcrumbList","@id":"https:\/\/www.ferrycroatia.com\/hr\/gv-line-zadar\/#breadcrumb","itemListElement":[{"@type":"ListItem","position":1,"name":"Home","item":"https:\/\/www.ferrycroatia.com\/hr\/"},{"@type":"ListItem","position":2,"name":"G&#038;V Line Zadar"}]},{"@type":"WebSite","@id":"https:\/\/www.ferrycroatia.com\/hr\/#website","url":"https:\/\/www.ferrycroatia.com\/hr\/","name":"Trajekti Hrvatska","description":"Vozni red za sve trajekte i katamarane u Hrvatskoj","potentialAction":[{"@type":"SearchAction","target":{"@type":"EntryPoint","urlTemplate":"https:\/\/www.ferrycroatia.com\/hr\/?s={search_term_string}"},"query-input":"required name=search_term_string"}],"inLanguage":"en-US"},{"@type":"Question","@id":"https:\/\/www.ferrycroatia.com\/hr\/gv-line-zadar\/#faq-question-1625740045868","position":1,"url":"https:\/\/www.ferrycroatia.com\/hr\/gv-line-zadar\/#faq-question-1625740045868","name":"Gdje mogu kupiti karte za polaske koje nudi G&amp;V Line Iadera?","answerCount":1,"acceptedAnswer":{"@type":"Answer","text":"Karte mo\u017eete kupiti putem interneta. Tako\u0111er, mo\u017eete ih kupiti na prodajnom mjestu u Zadru (nedaleko od mjesta ukrcavanja na katamaran). Za ostala odredi\u0161ta, karte mo\u017eete kupiti preko prodajnih agenata ili od same posade prije ukrcaja, ali imajte na umu da se u tom slu\u010daju prihva\u0107a samo gotovinsko pla\u0107anje (isklju\u010divo u hrvatskim kunama).","inLanguage":"en-US"},"inLanguage":"en-US"},{"@type":"Question","@id":"https:\/\/www.ferrycroatia.com\/hr\/gv-line-zadar\/#faq-question-1625740056662","position":2,"url":"https:\/\/www.ferrycroatia.com\/hr\/gv-line-zadar\/#faq-question-1625740056662","name":"Postoje li vanjska sjedala na brodovima?","answerCount":1,"acceptedAnswer":{"@type":"Answer","text":"Postoje samo na motornom brodu Anamarija, na ostalim plovilima nije ponu\u0111ena takva mogu\u0107nost jer prebrzo voze.","inLanguage":"en-US"},"inLanguage":"en-US"},{"@type":"Question","@id":"https:\/\/www.ferrycroatia.com\/hr\/gv-line-zadar\/#faq-question-1625740076151","position":3,"url":"https:\/\/www.ferrycroatia.com\/hr\/gv-line-zadar\/#faq-question-1625740076151","name":"Koliko ranije trebam do\u0107i u luku prije samog polaska?","answerCount":1,"acceptedAnswer":{"@type":"Answer","text":"Preporu\u010deno je do\u0107i najmanje 30 minuta prije vremena polaska navedenog na karti.","inLanguage":"en-US"},"inLanguage":"en-US"},{"@type":"Question","@id":"https:\/\/www.ferrycroatia.com\/hr\/gv-line-zadar\/#faq-question-1625740082198","position":4,"url":"https:\/\/www.ferrycroatia.com\/hr\/gv-line-zadar\/#faq-question-1625740082198","name":"Mogu li se rezervirati susjedna mjesta na brodovima G&amp;V Line Iadera?","answerCount":1,"acceptedAnswer":{"@type":"Answer","text":"Mjesta se ne mogu rezervirati jer je slobodan raspored sjedenja. Stoga, ako putujete s obitelji ili pak u grupi, trebali biste ranije do\u0107i u red za ukrcaj kako biste osigurali svoja \u017eeljena mjesta.","inLanguage":"en-US"},"inLanguage":"en-US"},{"@type":"Question","@id":"https:\/\/www.ferrycroatia.com\/hr\/gv-line-zadar\/#faq-question-1625740097421","position":5,"url":"https:\/\/www.ferrycroatia.com\/hr\/gv-line-zadar\/#faq-question-1625740097421","name":"Koliko prtljage mogu ponijeti sa sobom na brod?","answerCount":1,"acceptedAnswer":{"@type":"Answer","text":"Prtljaga je ograni\u010dena na jedan komad ru\u010dne prtljage i jednu ve\u0107u torbu ili kofer do 20 kg.","inLanguage":"en-US"},"inLanguage":"en-US"},{"@type":"Question","@id":"https:\/\/www.ferrycroatia.com\/hr\/gv-line-zadar\/#faq-question-1625740109637","position":6,"url":"https:\/\/www.ferrycroatia.com\/hr\/gv-line-zadar\/#faq-question-1625740109637","name":"Mogu li povesti svog ljubimca na katamaran?","answerCount":1,"acceptedAnswer":{"@type":"Answer","text":"Izvadak iz op\u0107ih uvjeta poslovanja G&amp;V Line Iadera za transport ku\u0107nih ljubimaca navodi:<br\/><em>Ku\u0107ni ljubimci do 7 kg te\u017eine mogu tijekom putovanja boraviti u putni\u010dkom salonu, isklju\u010divo uz svog vlasnika pored njegovog sjedala. Kapacitet prijevoza za ku\u0107ne ljubimce (pse) te\u017ee od 7 kg ograni\u010den je na 2 mjesta. Cijena prijevoza ku\u0107nog ljubimca pla\u0107a se na brodu prilikom ukrcaja, isklju\u010divo u gotovini (valuta: hrvatska kuna).<\/em>","inLanguage":"en-US"},"inLanguage":"en-US"},{"@type":"Question","@id":"https:\/\/www.ferrycroatia.com\/hr\/gv-line-zadar\/#faq-question-1625740138625","position":7,"url":"https:\/\/www.ferrycroatia.com\/hr\/gv-line-zadar\/#faq-question-1625740138625","name":"Mogu li ponijeti svoj bicikl na katamaran?","answerCount":1,"acceptedAnswer":{"@type":"Answer","text":"Mo\u017eete, ali imajte na umu da je prostor za bicikle ograni\u010den (maksimalno 20 bicikli stane na katamaran). Tako\u0111er, potrebna je dodatna nadoplata prilikom ukrcaja i to isklju\u010divo u gotovini (valuta: hrvatska kuna).","inLanguage":"en-US"},"inLanguage":"en-US"},{"@type":"Question","@id":"https:\/\/www.ferrycroatia.com\/hr\/gv-line-zadar\/#faq-question-1625740147577","position":8,"url":"https:\/\/www.ferrycroatia.com\/hr\/gv-line-zadar\/#faq-question-1625740147577","name":"Mogu li kupiti pi\u0107a i grickalice na brodu?","answerCount":1,"acceptedAnswer":{"@type":"Answer","text":"Da, ali samo na brodovima Antonija i Anamarija.","inLanguage":"en-US"},"inLanguage":"en-US"},{"@type":"Question","@id":"https:\/\/www.ferrycroatia.com\/hr\/gv-line-zadar\/#faq-question-1625740153838","position":9,"url":"https:\/\/www.ferrycroatia.com\/hr\/gv-line-zadar\/#faq-question-1625740153838","name":"Kupio\/la sam kartu putem interneta na web stranici G&amp;V Line Iadera, ali na karti je pogre\u0161an datum putovanja, \u0161to da radim?","answerCount":1,"acceptedAnswer":{"@type":"Answer","text":"<a href=\"https:\/\/gv-zadar.hr\/uvjeti-kupnje\/\">Ovdje<\/a> mo\u017eete provjeriti op\u0107e uvjete za izmjenu karte.","inLanguage":"en-US"},"inLanguage":"en-US"}]}},"_links":{"self":[{"href":"https:\/\/www.ferrycroatia.com\/hr\/wp-json\/wp\/v2\/pages\/1173"}],"collection":[{"href":"https:\/\/www.ferrycroatia.com\/hr\/wp-json\/wp\/v2\/pages"}],"about":[{"href":"https:\/\/www.ferrycroatia.com\/hr\/wp-json\/wp\/v2\/types\/page"}],"author":[{"embeddable":true,"href":"https:\/\/www.ferrycroatia.com\/hr\/wp-json\/wp\/v2\/users\/5"}],"replies":[{"embeddable":true,"href":"https:\/\/www.ferrycroatia.com\/hr\/wp-json\/wp\/v2\/comments?post=1173"}],"version-history":[{"count":4,"href":"https:\/\/www.ferrycroatia.com\/hr\/wp-json\/wp\/v2\/pages\/1173\/revisions"}],"predecessor-version":[{"id":2358,"href":"https:\/\/www.ferrycroatia.com\/hr\/wp-json\/wp\/v2\/pages\/1173\/revisions\/2358"}],"wp:attachment":[{"href":"https:\/\/www.ferrycroatia.com\/hr\/wp-json\/wp\/v2\/media?parent=1173"}],"curies":[{"name":"wp","href":"https:\/\/api.w.org\/{rel}","templated":true}]}}