{"id":1175,"date":"2021-01-27T16:40:45","date_gmt":"2021-01-27T16:40:45","guid":{"rendered":"https:\/\/ferrycroatia.com\/hr\/?page_id=1175"},"modified":"2021-07-08T13:06:37","modified_gmt":"2021-07-08T11:06:37","slug":"gomo-viaggi","status":"publish","type":"page","link":"https:\/\/www.ferrycroatia.com\/hr\/gomo-viaggi\/","title":{"rendered":"Gomo Viaggi"},"content":{"rendered":"\n<p><strong>Gomo Viaggi<\/strong> talijanska je putni\u010dka agencija i turoperator, osnovana 2003. godine u Pesaru u Italiji. Primarna usluga tvrtke je odr\u017eavanje <a href=\"https:\/\/ferrycroatia.com\/hr\/trajekt-italija-hrvatska\/\">trajektnih veza iz Italije do Hrvatske<\/a> i obrnuto. Od 2020.godine&nbsp; trajekti Gomo Viaggi povezuju<strong> Pesaro<\/strong> i <strong>Cesenatico<\/strong> u Italiji s <a href=\"https:\/\/ferrycroatia.com\/hr\/otoci-u-hrvatskoj\/\">hrvatskim otocima<\/a> &#8211; <a href=\"https:\/\/www.ferrycroatia.com\/hr\/otok-pag\/\">Pagom<\/a>, <a href=\"https:\/\/www.ferrycroatia.com\/hr\/otok-losinj\/\">Lo\u0161injem<\/a> i <a href=\"https:\/\/www.ferrycroatia.com\/hr\/otok-rab\/\">Rabom<\/a>, kao i s istarskim lukama <a href=\"https:\/\/www.ferrycroatia.com\/hr\/trajektna-luka-rovinj\/\">Rovinj<\/a> i <a href=\"https:\/\/www.ferrycroatia.com\/hr\/trajektna-luka-pula\/\">Pula<\/a>. Flota tvrtke uklju\u010duje <strong>brze katamarane i hidroglisere<\/strong>, \u0161to zna\u010di da putovanja do Hrvatske i Italije traju samo nekoliko sati.<\/p>\n\n\n\n<h2><strong>Gomo Viaggi \u2013 naj\u010de\u0161\u0107a pitanja<\/strong><\/h2>\n\n\n\n<div class=\"schema-faq wp-block-yoast-faq-block\"><div class=\"schema-faq-section\" id=\"faq-question-1625742262473\"><strong class=\"schema-faq-question\"><strong>Gdje mogu kupiti karte za polaske koje nudi Liberty Lines?<\/strong><\/strong> <p class=\"schema-faq-answer\">Karte se mogu rezervirati putem interneta, kao i u uredima agencije Liberty Lines u lukama u Pesaru, Cesenatiku, Malom Lo\u0161inju, Novalji (otok Pag), Puli, Rovinju i gradu Rabu (otok Rab).<\/p> <\/div> <div class=\"schema-faq-section\" id=\"faq-question-1625742272453\"><strong class=\"schema-faq-question\"><strong>Koliko prtljage mogu ponijeti na brod?<\/strong><\/strong> <p class=\"schema-faq-answer\">Svaki putnik mo\u017ee besplatno ponijeti jednu prijavljenu torbu maksimalne te\u017eine 15 kg (65x45x30 cm) i jedan ruksak maksimalne te\u017eine 5 kg. Ako va\u0161e torbe prelaze navedenu te\u017einu ili su prevelike, napla\u0107uje se dodatna naknada od 15 \u20ac po torbi.<\/p> <\/div> <div class=\"schema-faq-section\" id=\"faq-question-1625742285349\"><strong class=\"schema-faq-question\"><strong>Mogu li povesti svog ku\u0107nog ljubimca na brod?<\/strong><\/strong> <p class=\"schema-faq-answer\">Da, bicikli se mogu dovesti na brod, uz naknadu u iznosu od 20 \u20ac u jednom smjeru. Imajte na umu da trebate kontaktirati putni\u010dku agenciju vezano za ovaj upit jer je prostor za bicikle na brzim trajektima\/katamaranima ograni\u010den.<\/p> <\/div> <div class=\"schema-faq-section\" id=\"faq-question-1625742291275\"><strong class=\"schema-faq-question\"><strong>Koliko ranije bih trebao sti\u0107i u luku?<\/strong><\/strong> <p class=\"schema-faq-answer\">Preporu\u010dujemo da \u0161to prije do\u0111ete u luku, posebno tijekom ljetne sezone kada je znatno vi\u0161e putnika. Slu\u017ebena preporuka Gome Viaggija je da budete u luci najmanje 2 sata prije polaska kako biste obavili carinske formalnosti.<\/p> <\/div> <div class=\"schema-faq-section\" id=\"faq-question-1625742304436\"><strong class=\"schema-faq-question\"><strong>Koji su mi dokumenti potrebni dok putujem s Gomo Viaggijem u Hrvatsku?<\/strong><\/strong> <p class=\"schema-faq-answer\">Potrebna Vam je putovnica ili osobna iskaznica koja vrijedi za inozemna putovanja. Putovnica mora vrijediti najmanje 90 dana od datuma povratka. Ako Vam dokumenti uskoro isti\u010du, preporu\u010duje se da ih obnovite na vrijeme.<\/p> <\/div> <\/div>\n","protected":false},"excerpt":{"rendered":"<p>Gomo Viaggi talijanska je putni\u010dka agencija i turoperator, osnovana 2003. godine u Pesaru u Italiji. Primarna usluga tvrtke je odr\u017eavanje trajektnih veza iz Italije do Hrvatske i obrnuto. Od 2020.godine&nbsp; trajekti Gomo Viaggi povezuju Pesaro i Cesenatico u Italiji s hrvatskim otocima &#8211; Pagom, Lo\u0161injem i Rabom, kao i s istarskim lukama Rovinj i Pula. [&hellip;]<\/p>\n<p><a class=\"more-link\" href=\"https:\/\/www.ferrycroatia.com\/hr\/gomo-viaggi\/\"> Continue reading&#8230;<\/a><\/p>\n","protected":false},"author":5,"featured_media":0,"parent":0,"menu_order":0,"comment_status":"closed","ping_status":"closed","template":"","meta":[],"yoast_head":"<!-- This site is optimized with the Yoast SEO plugin v19.8 - https:\/\/yoast.com\/wordpress\/plugins\/seo\/ -->\n<title>Gomo Viaggi - Katamarani, vozni red i cijene karata<\/title>\n<meta name=\"description\" content=\"Gomo Viaggi talijanska je putni\u010dka agencija sa sjedi\u0161tem u Pesaru. Gomo Viaggi ima redovne polaske iz Italije prema Hrvatskoj. Pogledajte informacije o tvrtki, vozni red i naj\u010de\u0161\u0107a pitanja.\" \/>\n<meta name=\"robots\" content=\"index, follow, max-snippet:-1, max-image-preview:large, max-video-preview:-1\" \/>\n<link rel=\"canonical\" href=\"https:\/\/www.ferrycroatia.com\/hr\/gomo-viaggi\/\" \/>\n<meta property=\"og:locale\" content=\"en_US\" \/>\n<meta property=\"og:type\" content=\"article\" \/>\n<meta property=\"og:title\" content=\"Gomo Viaggi - Katamarani, vozni red i cijene karata\" \/>\n<meta property=\"og:description\" content=\"Gomo Viaggi talijanska je putni\u010dka agencija sa sjedi\u0161tem u Pesaru. Gomo Viaggi ima redovne polaske iz Italije prema Hrvatskoj. Pogledajte informacije o tvrtki, vozni red i naj\u010de\u0161\u0107a pitanja.\" \/>\n<meta property=\"og:url\" content=\"https:\/\/www.ferrycroatia.com\/hr\/gomo-viaggi\/\" \/>\n<meta property=\"og:site_name\" content=\"Trajekti Hrvatska\" \/>\n<meta property=\"article:modified_time\" content=\"2021-07-08T11:06:37+00:00\" \/>\n<meta name=\"twitter:card\" content=\"summary_large_image\" \/>\n<meta name=\"twitter:label1\" content=\"Est. reading time\" \/>\n\t<meta name=\"twitter:data1\" content=\"2 minutes\" \/>\n<script type=\"application\/ld+json\" class=\"yoast-schema-graph\">{\"@context\":\"https:\/\/schema.org\",\"@graph\":[{\"@type\":[\"WebPage\",\"FAQPage\"],\"@id\":\"https:\/\/www.ferrycroatia.com\/hr\/gomo-viaggi\/\",\"url\":\"https:\/\/www.ferrycroatia.com\/hr\/gomo-viaggi\/\",\"name\":\"Gomo Viaggi - Katamarani, vozni red i cijene karata\",\"isPartOf\":{\"@id\":\"https:\/\/www.ferrycroatia.com\/hr\/#website\"},\"datePublished\":\"2021-01-27T16:40:45+00:00\",\"dateModified\":\"2021-07-08T11:06:37+00:00\",\"description\":\"Gomo Viaggi talijanska je putni\u010dka agencija sa sjedi\u0161tem u Pesaru. Gomo Viaggi ima redovne polaske iz Italije prema Hrvatskoj. Pogledajte informacije o tvrtki, vozni red i naj\u010de\u0161\u0107a pitanja.\",\"breadcrumb\":{\"@id\":\"https:\/\/www.ferrycroatia.com\/hr\/gomo-viaggi\/#breadcrumb\"},\"mainEntity\":[{\"@id\":\"https:\/\/www.ferrycroatia.com\/hr\/gomo-viaggi\/#faq-question-1625742262473\"},{\"@id\":\"https:\/\/www.ferrycroatia.com\/hr\/gomo-viaggi\/#faq-question-1625742272453\"},{\"@id\":\"https:\/\/www.ferrycroatia.com\/hr\/gomo-viaggi\/#faq-question-1625742285349\"},{\"@id\":\"https:\/\/www.ferrycroatia.com\/hr\/gomo-viaggi\/#faq-question-1625742291275\"},{\"@id\":\"https:\/\/www.ferrycroatia.com\/hr\/gomo-viaggi\/#faq-question-1625742304436\"}],\"inLanguage\":\"en-US\",\"potentialAction\":[{\"@type\":\"ReadAction\",\"target\":[\"https:\/\/www.ferrycroatia.com\/hr\/gomo-viaggi\/\"]}]},{\"@type\":\"BreadcrumbList\",\"@id\":\"https:\/\/www.ferrycroatia.com\/hr\/gomo-viaggi\/#breadcrumb\",\"itemListElement\":[{\"@type\":\"ListItem\",\"position\":1,\"name\":\"Home\",\"item\":\"https:\/\/www.ferrycroatia.com\/hr\/\"},{\"@type\":\"ListItem\",\"position\":2,\"name\":\"Gomo Viaggi\"}]},{\"@type\":\"WebSite\",\"@id\":\"https:\/\/www.ferrycroatia.com\/hr\/#website\",\"url\":\"https:\/\/www.ferrycroatia.com\/hr\/\",\"name\":\"Trajekti Hrvatska\",\"description\":\"Vozni red za sve trajekte i katamarane u Hrvatskoj\",\"potentialAction\":[{\"@type\":\"SearchAction\",\"target\":{\"@type\":\"EntryPoint\",\"urlTemplate\":\"https:\/\/www.ferrycroatia.com\/hr\/?s={search_term_string}\"},\"query-input\":\"required name=search_term_string\"}],\"inLanguage\":\"en-US\"},{\"@type\":\"Question\",\"@id\":\"https:\/\/www.ferrycroatia.com\/hr\/gomo-viaggi\/#faq-question-1625742262473\",\"position\":1,\"url\":\"https:\/\/www.ferrycroatia.com\/hr\/gomo-viaggi\/#faq-question-1625742262473\",\"name\":\"Gdje mogu kupiti karte za polaske koje nudi Liberty Lines?\",\"answerCount\":1,\"acceptedAnswer\":{\"@type\":\"Answer\",\"text\":\"Karte se mogu rezervirati putem interneta, kao i u uredima agencije Liberty Lines u lukama u Pesaru, Cesenatiku, Malom Lo\u0161inju, Novalji (otok Pag), Puli, Rovinju i gradu Rabu (otok Rab).\",\"inLanguage\":\"en-US\"},\"inLanguage\":\"en-US\"},{\"@type\":\"Question\",\"@id\":\"https:\/\/www.ferrycroatia.com\/hr\/gomo-viaggi\/#faq-question-1625742272453\",\"position\":2,\"url\":\"https:\/\/www.ferrycroatia.com\/hr\/gomo-viaggi\/#faq-question-1625742272453\",\"name\":\"Koliko prtljage mogu ponijeti na brod?\",\"answerCount\":1,\"acceptedAnswer\":{\"@type\":\"Answer\",\"text\":\"Svaki putnik mo\u017ee besplatno ponijeti jednu prijavljenu torbu maksimalne te\u017eine 15 kg (65x45x30 cm) i jedan ruksak maksimalne te\u017eine 5 kg. Ako va\u0161e torbe prelaze navedenu te\u017einu ili su prevelike, napla\u0107uje se dodatna naknada od 15 \u20ac po torbi.\",\"inLanguage\":\"en-US\"},\"inLanguage\":\"en-US\"},{\"@type\":\"Question\",\"@id\":\"https:\/\/www.ferrycroatia.com\/hr\/gomo-viaggi\/#faq-question-1625742285349\",\"position\":3,\"url\":\"https:\/\/www.ferrycroatia.com\/hr\/gomo-viaggi\/#faq-question-1625742285349\",\"name\":\"Mogu li povesti svog ku\u0107nog ljubimca na brod?\",\"answerCount\":1,\"acceptedAnswer\":{\"@type\":\"Answer\",\"text\":\"Da, bicikli se mogu dovesti na brod, uz naknadu u iznosu od 20 \u20ac u jednom smjeru. Imajte na umu da trebate kontaktirati putni\u010dku agenciju vezano za ovaj upit jer je prostor za bicikle na brzim trajektima\/katamaranima ograni\u010den.\",\"inLanguage\":\"en-US\"},\"inLanguage\":\"en-US\"},{\"@type\":\"Question\",\"@id\":\"https:\/\/www.ferrycroatia.com\/hr\/gomo-viaggi\/#faq-question-1625742291275\",\"position\":4,\"url\":\"https:\/\/www.ferrycroatia.com\/hr\/gomo-viaggi\/#faq-question-1625742291275\",\"name\":\"Koliko ranije bih trebao sti\u0107i u luku?\",\"answerCount\":1,\"acceptedAnswer\":{\"@type\":\"Answer\",\"text\":\"Preporu\u010dujemo da \u0161to prije do\u0111ete u luku, posebno tijekom ljetne sezone kada je znatno vi\u0161e putnika. Slu\u017ebena preporuka Gome Viaggija je da budete u luci najmanje 2 sata prije polaska kako biste obavili carinske formalnosti.\",\"inLanguage\":\"en-US\"},\"inLanguage\":\"en-US\"},{\"@type\":\"Question\",\"@id\":\"https:\/\/www.ferrycroatia.com\/hr\/gomo-viaggi\/#faq-question-1625742304436\",\"position\":5,\"url\":\"https:\/\/www.ferrycroatia.com\/hr\/gomo-viaggi\/#faq-question-1625742304436\",\"name\":\"Koji su mi dokumenti potrebni dok putujem s Gomo Viaggijem u Hrvatsku?\",\"answerCount\":1,\"acceptedAnswer\":{\"@type\":\"Answer\",\"text\":\"Potrebna Vam je putovnica ili osobna iskaznica koja vrijedi za inozemna putovanja. Putovnica mora vrijediti najmanje 90 dana od datuma povratka. Ako Vam dokumenti uskoro isti\u010du, preporu\u010duje se da ih obnovite na vrijeme.\",\"inLanguage\":\"en-US\"},\"inLanguage\":\"en-US\"}]}<\/script>\n<!-- \/ Yoast SEO plugin. -->","yoast_head_json":{"title":"Gomo Viaggi - Katamarani, vozni red i cijene karata","description":"Gomo Viaggi talijanska je putni\u010dka agencija sa sjedi\u0161tem u Pesaru. Gomo Viaggi ima redovne polaske iz Italije prema Hrvatskoj. Pogledajte informacije o tvrtki, vozni red i naj\u010de\u0161\u0107a pitanja.","robots":{"index":"index","follow":"follow","max-snippet":"max-snippet:-1","max-image-preview":"max-image-preview:large","max-video-preview":"max-video-preview:-1"},"canonical":"https:\/\/www.ferrycroatia.com\/hr\/gomo-viaggi\/","og_locale":"en_US","og_type":"article","og_title":"Gomo Viaggi - Katamarani, vozni red i cijene karata","og_description":"Gomo Viaggi talijanska je putni\u010dka agencija sa sjedi\u0161tem u Pesaru. Gomo Viaggi ima redovne polaske iz Italije prema Hrvatskoj. Pogledajte informacije o tvrtki, vozni red i naj\u010de\u0161\u0107a pitanja.","og_url":"https:\/\/www.ferrycroatia.com\/hr\/gomo-viaggi\/","og_site_name":"Trajekti Hrvatska","article_modified_time":"2021-07-08T11:06:37+00:00","twitter_card":"summary_large_image","twitter_misc":{"Est. reading time":"2 minutes"},"schema":{"@context":"https:\/\/schema.org","@graph":[{"@type":["WebPage","FAQPage"],"@id":"https:\/\/www.ferrycroatia.com\/hr\/gomo-viaggi\/","url":"https:\/\/www.ferrycroatia.com\/hr\/gomo-viaggi\/","name":"Gomo Viaggi - Katamarani, vozni red i cijene karata","isPartOf":{"@id":"https:\/\/www.ferrycroatia.com\/hr\/#website"},"datePublished":"2021-01-27T16:40:45+00:00","dateModified":"2021-07-08T11:06:37+00:00","description":"Gomo Viaggi talijanska je putni\u010dka agencija sa sjedi\u0161tem u Pesaru. Gomo Viaggi ima redovne polaske iz Italije prema Hrvatskoj. Pogledajte informacije o tvrtki, vozni red i naj\u010de\u0161\u0107a pitanja.","breadcrumb":{"@id":"https:\/\/www.ferrycroatia.com\/hr\/gomo-viaggi\/#breadcrumb"},"mainEntity":[{"@id":"https:\/\/www.ferrycroatia.com\/hr\/gomo-viaggi\/#faq-question-1625742262473"},{"@id":"https:\/\/www.ferrycroatia.com\/hr\/gomo-viaggi\/#faq-question-1625742272453"},{"@id":"https:\/\/www.ferrycroatia.com\/hr\/gomo-viaggi\/#faq-question-1625742285349"},{"@id":"https:\/\/www.ferrycroatia.com\/hr\/gomo-viaggi\/#faq-question-1625742291275"},{"@id":"https:\/\/www.ferrycroatia.com\/hr\/gomo-viaggi\/#faq-question-1625742304436"}],"inLanguage":"en-US","potentialAction":[{"@type":"ReadAction","target":["https:\/\/www.ferrycroatia.com\/hr\/gomo-viaggi\/"]}]},{"@type":"BreadcrumbList","@id":"https:\/\/www.ferrycroatia.com\/hr\/gomo-viaggi\/#breadcrumb","itemListElement":[{"@type":"ListItem","position":1,"name":"Home","item":"https:\/\/www.ferrycroatia.com\/hr\/"},{"@type":"ListItem","position":2,"name":"Gomo Viaggi"}]},{"@type":"WebSite","@id":"https:\/\/www.ferrycroatia.com\/hr\/#website","url":"https:\/\/www.ferrycroatia.com\/hr\/","name":"Trajekti Hrvatska","description":"Vozni red za sve trajekte i katamarane u Hrvatskoj","potentialAction":[{"@type":"SearchAction","target":{"@type":"EntryPoint","urlTemplate":"https:\/\/www.ferrycroatia.com\/hr\/?s={search_term_string}"},"query-input":"required name=search_term_string"}],"inLanguage":"en-US"},{"@type":"Question","@id":"https:\/\/www.ferrycroatia.com\/hr\/gomo-viaggi\/#faq-question-1625742262473","position":1,"url":"https:\/\/www.ferrycroatia.com\/hr\/gomo-viaggi\/#faq-question-1625742262473","name":"Gdje mogu kupiti karte za polaske koje nudi Liberty Lines?","answerCount":1,"acceptedAnswer":{"@type":"Answer","text":"Karte se mogu rezervirati putem interneta, kao i u uredima agencije Liberty Lines u lukama u Pesaru, Cesenatiku, Malom Lo\u0161inju, Novalji (otok Pag), Puli, Rovinju i gradu Rabu (otok Rab).","inLanguage":"en-US"},"inLanguage":"en-US"},{"@type":"Question","@id":"https:\/\/www.ferrycroatia.com\/hr\/gomo-viaggi\/#faq-question-1625742272453","position":2,"url":"https:\/\/www.ferrycroatia.com\/hr\/gomo-viaggi\/#faq-question-1625742272453","name":"Koliko prtljage mogu ponijeti na brod?","answerCount":1,"acceptedAnswer":{"@type":"Answer","text":"Svaki putnik mo\u017ee besplatno ponijeti jednu prijavljenu torbu maksimalne te\u017eine 15 kg (65x45x30 cm) i jedan ruksak maksimalne te\u017eine 5 kg. Ako va\u0161e torbe prelaze navedenu te\u017einu ili su prevelike, napla\u0107uje se dodatna naknada od 15 \u20ac po torbi.","inLanguage":"en-US"},"inLanguage":"en-US"},{"@type":"Question","@id":"https:\/\/www.ferrycroatia.com\/hr\/gomo-viaggi\/#faq-question-1625742285349","position":3,"url":"https:\/\/www.ferrycroatia.com\/hr\/gomo-viaggi\/#faq-question-1625742285349","name":"Mogu li povesti svog ku\u0107nog ljubimca na brod?","answerCount":1,"acceptedAnswer":{"@type":"Answer","text":"Da, bicikli se mogu dovesti na brod, uz naknadu u iznosu od 20 \u20ac u jednom smjeru. Imajte na umu da trebate kontaktirati putni\u010dku agenciju vezano za ovaj upit jer je prostor za bicikle na brzim trajektima\/katamaranima ograni\u010den.","inLanguage":"en-US"},"inLanguage":"en-US"},{"@type":"Question","@id":"https:\/\/www.ferrycroatia.com\/hr\/gomo-viaggi\/#faq-question-1625742291275","position":4,"url":"https:\/\/www.ferrycroatia.com\/hr\/gomo-viaggi\/#faq-question-1625742291275","name":"Koliko ranije bih trebao sti\u0107i u luku?","answerCount":1,"acceptedAnswer":{"@type":"Answer","text":"Preporu\u010dujemo da \u0161to prije do\u0111ete u luku, posebno tijekom ljetne sezone kada je znatno vi\u0161e putnika. Slu\u017ebena preporuka Gome Viaggija je da budete u luci najmanje 2 sata prije polaska kako biste obavili carinske formalnosti.","inLanguage":"en-US"},"inLanguage":"en-US"},{"@type":"Question","@id":"https:\/\/www.ferrycroatia.com\/hr\/gomo-viaggi\/#faq-question-1625742304436","position":5,"url":"https:\/\/www.ferrycroatia.com\/hr\/gomo-viaggi\/#faq-question-1625742304436","name":"Koji su mi dokumenti potrebni dok putujem s Gomo Viaggijem u Hrvatsku?","answerCount":1,"acceptedAnswer":{"@type":"Answer","text":"Potrebna Vam je putovnica ili osobna iskaznica koja vrijedi za inozemna putovanja. Putovnica mora vrijediti najmanje 90 dana od datuma povratka. Ako Vam dokumenti uskoro isti\u010du, preporu\u010duje se da ih obnovite na vrijeme.","inLanguage":"en-US"},"inLanguage":"en-US"}]}},"_links":{"self":[{"href":"https:\/\/www.ferrycroatia.com\/hr\/wp-json\/wp\/v2\/pages\/1175"}],"collection":[{"href":"https:\/\/www.ferrycroatia.com\/hr\/wp-json\/wp\/v2\/pages"}],"about":[{"href":"https:\/\/www.ferrycroatia.com\/hr\/wp-json\/wp\/v2\/types\/page"}],"author":[{"embeddable":true,"href":"https:\/\/www.ferrycroatia.com\/hr\/wp-json\/wp\/v2\/users\/5"}],"replies":[{"embeddable":true,"href":"https:\/\/www.ferrycroatia.com\/hr\/wp-json\/wp\/v2\/comments?post=1175"}],"version-history":[{"count":5,"href":"https:\/\/www.ferrycroatia.com\/hr\/wp-json\/wp\/v2\/pages\/1175\/revisions"}],"predecessor-version":[{"id":2360,"href":"https:\/\/www.ferrycroatia.com\/hr\/wp-json\/wp\/v2\/pages\/1175\/revisions\/2360"}],"wp:attachment":[{"href":"https:\/\/www.ferrycroatia.com\/hr\/wp-json\/wp\/v2\/media?parent=1175"}],"curies":[{"name":"wp","href":"https:\/\/api.w.org\/{rel}","templated":true}]}}