{"id":1177,"date":"2021-01-27T16:49:58","date_gmt":"2021-01-27T16:49:58","guid":{"rendered":"https:\/\/ferrycroatia.com\/hr\/?page_id=1177"},"modified":"2024-05-23T12:43:11","modified_gmt":"2024-05-23T10:43:11","slug":"jadrolinija","status":"publish","type":"page","link":"https:\/\/www.ferrycroatia.com\/hr\/jadrolinija\/","title":{"rendered":"Jadrolinija"},"content":{"rendered":"\n<p>Jadrolinija <strong>glavna je trajektna tvrtka u Hrvatskoj<\/strong> sa stoljetnom tradicijom. Sjedi\u0161te Jadrolinije je u Rijeci, no u ponudi imaju polaske iz sve \u010detiti glavne luke u Hrvatskoj &#8211; Rijeke, Zadra, Splita i Dubrovnika.<\/p>\n\n\n\n<p><strong>Flota tvrtke trenutno broji vi\u0161e od 50 trajekata, katamarana, brzih brodova i brodova.<\/strong> Neki od starijih brodova nekad su pripadali drugim tvrtkama, no Jadrolinija ima i brojne nove trajekte koji voze na odre\u0111enim rutama, kao \u0161to je relacija <a href=\"https:\/\/ferrycroatia.com\/hr\/split-supetar\/\">Split &#8211; Supetar<\/a>.<\/p>\n\n\n\n<p>Jadrolinija upravlja i brojnim <strong>subvencioniranim linijama<\/strong> kako bi se odr\u017eala povezanost otoka s kopnom. Ne radi se samo o ljetnim linijama, ve\u0107 i linijama koje prometuju izvan sezone te zimi, kada nema toliko turista. Tako\u0111er, Jadrolinija upravlja ve\u0107inom trajektnih linija izme\u0111u Hrvatske i Italije, koje uklju\u010duju linije <a href=\"https:\/\/ferrycroatia.com\/hr\/zadar-ancona\/\">Zadar &#8211; Ancona<\/a>, <a href=\"https:\/\/ferrycroatia.com\/hr\/zadar-ancona\/\">Split &#8211; Ancona<\/a> i <a href=\"https:\/\/ferrycroatia.com\/hr\/dubrovnik-bari\/\">Dubrovnik &#8211; Bari<\/a>.<\/p>\n\n\n\n<h2>Jadrolinija &#8211; naj\u010de\u0161\u0107a pitanja<\/h2>\n\n\n\n<div class=\"schema-faq wp-block-yoast-faq-block\"><div class=\"schema-faq-section\" id=\"faq-question-1625742436084\"><strong class=\"schema-faq-question\"><strong>Smijem li povesti ljubimca na trajekt ili katamaran?<\/strong><\/strong> <p class=\"schema-faq-answer\">U Jadrolinijinim Uvjetima poslovanja za ljubimce navedeno je sljede\u0107e:<br\/><em>Ku\u0107ni ljubimci smiju se prevoziti samo ako ne predstavljaju opasnost ili smetnju za putnike ili brod i ne smije ih se unositi u zatvorene putni\u010dke prostorije. Vlasnici preuzimaju rizik putovanja i odgovornost za eventualne \u0161tete. Psi moraju imati brnjicu ( izuzev psa vodi\u010da slijepe osobe) i voditi se na povodniku, ma\u010dke u kutijama, a ptice u kavezu. Psi i ma\u010dke moraju imati uredne dokumente o cijepljenju.\u00a0<\/em><br\/><em>Na brzobrodskim linijama dozvoljen je prijevoz malih ku\u0107nih ljubimaca u salonu katamarana. Mali ku\u0107ni ljubimci prevoze se isklju\u010divo u torbi za no\u0161enje i prijevoz ku\u0107nih ljubimaca (transporter soft bag) maksimalnih dimenzija 45 x 35 x 25 cm. Dno torbe mora biti vodonepropusno. Ukupna te\u017eina torbe sa\u00a0 ku\u0107nim ljubimcem ne smije prelaziti 8 kg. Torba se mora dr\u017eati ispod sjedala ili u krilu tijekom \u010ditavog putovanja. Jedan putnik smije imati samo jednu torbu sa ku\u0107nim ljubimcem. Prijevoz velikih ku\u0107nih ljubimaca dozvoljen je samo ukoliko su zadovoljeni tehni\u010dki uvjeti na brodu ( posebni boxevi)<\/em>.<\/p> <\/div> <div class=\"schema-faq-section\" id=\"faq-question-1625742457236\"><strong class=\"schema-faq-question\"><strong>Gdje mogu kupiti karte za trajekt Jadrolinije?<\/strong><\/strong> <p class=\"schema-faq-answer\">Jadrolinija ima prodajna mjesta<strong> u svim lukama<\/strong> u Hrvatskoj, no najjednostavniji na\u010din kupnje karte za ve\u0107inu trajektnih linija je <strong>putem <a href=\"https:\/\/www.ferrycroatia.com\/hr\/\">interneta<\/a><\/strong>.<\/p> <\/div> <div class=\"schema-faq-section\" id=\"faq-question-1625742480331\"><strong class=\"schema-faq-question\"><strong>Smijem li ponijeti bicikl na trajekt ili katamaran?<\/strong><\/strong> <p class=\"schema-faq-answer\">Bicikl mo\u017eete ponijeti na trajekt, no trebat \u0107ete kupiti dodatnu odraslu kartu za va\u0161 bicikl. \u0160to se ti\u010de katamarana i brzih brodova, bicikli nisu dozvoljeni.<\/p> <\/div> <div class=\"schema-faq-section\" id=\"faq-question-1625742486387\"><strong class=\"schema-faq-question\"><strong>Koliko prtljage mogu ponijeti na trajekt?<\/strong><\/strong> <p class=\"schema-faq-answer\">Za trajekte je dozvoljeno do 100 kg prtljage, na katamaranima i brzim brodovima prtljaga do 20 kg se ne napla\u0107uje.<\/p> <\/div> <div class=\"schema-faq-section\" id=\"faq-question-1625742495549\"><strong class=\"schema-faq-question\"><strong>Poku\u0161avam kupiti kartu za trajekt, za\u0161to je za odre\u0111ene polaske navedeno kako mjesto nije zagarantirano?<\/strong><\/strong> <p class=\"schema-faq-answer\">Mnoge trajektne luke nemaju sustav utovara za automobile zbog uskih ulica ili malih luka, stoga se utovar automobila vr\u0161i po redosljedu dolaska u trajektnu luku. Upravo zato za odre\u0111ene polaske <strong>Jadrolinija ne mo\u017ee uvijek garantirati mjesto <\/strong>za odre\u0111eni polazak trajekta.<\/p> <\/div> <\/div>\n\n\n\n<figure class=\"wp-block-image size-large\"><img decoding=\"async\" loading=\"lazy\" width=\"1024\" height=\"576\" data-src=\"https:\/\/www.ferrycroatia.com\/hr\/wp-content\/uploads\/2024\/05\/Jadrolinija-Prodajno-mjesto-Jadrolinije-u-Trajektnoj-luci-Split-1-1024x576.webp\" alt=\"Jadrolinija - Prodajno mjesto Jadrolinije u trajektnoj luci Split\" class=\"wp-image-3458\" data-srcset=\"https:\/\/www.ferrycroatia.com\/hr\/wp-content\/uploads\/2024\/05\/Jadrolinija-Prodajno-mjesto-Jadrolinije-u-Trajektnoj-luci-Split-1-1024x576.webp 1024w, https:\/\/www.ferrycroatia.com\/hr\/wp-content\/uploads\/2024\/05\/Jadrolinija-Prodajno-mjesto-Jadrolinije-u-Trajektnoj-luci-Split-1-300x169.webp 300w, https:\/\/www.ferrycroatia.com\/hr\/wp-content\/uploads\/2024\/05\/Jadrolinija-Prodajno-mjesto-Jadrolinije-u-Trajektnoj-luci-Split-1-768x432.webp 768w, https:\/\/www.ferrycroatia.com\/hr\/wp-content\/uploads\/2024\/05\/Jadrolinija-Prodajno-mjesto-Jadrolinije-u-Trajektnoj-luci-Split-1-1536x864.webp 1536w, https:\/\/www.ferrycroatia.com\/hr\/wp-content\/uploads\/2024\/05\/Jadrolinija-Prodajno-mjesto-Jadrolinije-u-Trajektnoj-luci-Split-1.webp 1839w\" sizes=\"(max-width: 1024px) 100vw, 1024px\" \/><figcaption class=\"wp-element-caption\">Prodajno mjesto Jadrolinije u trajektnoj luci Split<\/figcaption><\/figure>\n","protected":false},"excerpt":{"rendered":"<p>Jadrolinija glavna je trajektna tvrtka u Hrvatskoj sa stoljetnom tradicijom. Sjedi\u0161te Jadrolinije je u Rijeci, no u ponudi imaju polaske iz sve \u010detiti glavne luke u Hrvatskoj &#8211; Rijeke, Zadra, Splita i Dubrovnika. Flota tvrtke trenutno broji vi\u0161e od 50 trajekata, katamarana, brzih brodova i brodova. Neki od starijih brodova nekad su pripadali drugim tvrtkama, [&hellip;]<\/p>\n<p><a class=\"more-link\" href=\"https:\/\/www.ferrycroatia.com\/hr\/jadrolinija\/\"> Continue reading&#8230;<\/a><\/p>\n","protected":false},"author":5,"featured_media":3640,"parent":0,"menu_order":0,"comment_status":"closed","ping_status":"closed","template":"","meta":[],"yoast_head":"<!-- This site is optimized with the Yoast SEO plugin v19.8 - https:\/\/yoast.com\/wordpress\/plugins\/seo\/ -->\n<title>Jadrolinija - Trajekti, Vozni Red i Cijene 2024<\/title>\n<meta name=\"description\" content=\"Jadrolinija - red plovidbe trajekata i katamarana, cjenik, online karte i raspored polazaka svih Jadrolinijinih linija.\" \/>\n<meta name=\"robots\" content=\"index, follow, max-snippet:-1, max-image-preview:large, max-video-preview:-1\" \/>\n<link rel=\"canonical\" href=\"https:\/\/www.ferrycroatia.com\/hr\/jadrolinija\/\" \/>\n<meta property=\"og:locale\" content=\"en_US\" \/>\n<meta property=\"og:type\" content=\"article\" \/>\n<meta property=\"og:title\" content=\"Jadrolinija - Trajekti, Vozni Red i Cijene 2024\" \/>\n<meta property=\"og:description\" content=\"Jadrolinija - red plovidbe trajekata i katamarana, cjenik, online karte i raspored polazaka svih Jadrolinijinih linija.\" \/>\n<meta property=\"og:url\" content=\"https:\/\/www.ferrycroatia.com\/hr\/jadrolinija\/\" \/>\n<meta property=\"og:site_name\" content=\"Trajekti Hrvatska\" \/>\n<meta property=\"article:modified_time\" content=\"2024-05-23T10:43:11+00:00\" \/>\n<meta property=\"og:image\" content=\"https:\/\/www.ferrycroatia.com\/hr\/wp-content\/uploads\/2024\/05\/Jadrolinija-trajekt.webp\" \/>\n\t<meta property=\"og:image:width\" content=\"1270\" \/>\n\t<meta property=\"og:image:height\" content=\"730\" \/>\n\t<meta property=\"og:image:type\" content=\"image\/webp\" \/>\n<meta name=\"twitter:card\" content=\"summary_large_image\" \/>\n<meta name=\"twitter:label1\" content=\"Est. reading time\" \/>\n\t<meta name=\"twitter:data1\" content=\"3 minutes\" \/>\n<script type=\"application\/ld+json\" class=\"yoast-schema-graph\">{\"@context\":\"https:\/\/schema.org\",\"@graph\":[{\"@type\":[\"WebPage\",\"FAQPage\"],\"@id\":\"https:\/\/www.ferrycroatia.com\/hr\/jadrolinija\/\",\"url\":\"https:\/\/www.ferrycroatia.com\/hr\/jadrolinija\/\",\"name\":\"Jadrolinija - Trajekti, Vozni Red i Cijene 2024\",\"isPartOf\":{\"@id\":\"https:\/\/www.ferrycroatia.com\/hr\/#website\"},\"datePublished\":\"2021-01-27T16:49:58+00:00\",\"dateModified\":\"2024-05-23T10:43:11+00:00\",\"description\":\"Jadrolinija - red plovidbe trajekata i katamarana, cjenik, online karte i raspored polazaka svih Jadrolinijinih linija.\",\"breadcrumb\":{\"@id\":\"https:\/\/www.ferrycroatia.com\/hr\/jadrolinija\/#breadcrumb\"},\"mainEntity\":[{\"@id\":\"https:\/\/www.ferrycroatia.com\/hr\/jadrolinija\/#faq-question-1625742436084\"},{\"@id\":\"https:\/\/www.ferrycroatia.com\/hr\/jadrolinija\/#faq-question-1625742457236\"},{\"@id\":\"https:\/\/www.ferrycroatia.com\/hr\/jadrolinija\/#faq-question-1625742480331\"},{\"@id\":\"https:\/\/www.ferrycroatia.com\/hr\/jadrolinija\/#faq-question-1625742486387\"},{\"@id\":\"https:\/\/www.ferrycroatia.com\/hr\/jadrolinija\/#faq-question-1625742495549\"}],\"inLanguage\":\"en-US\",\"potentialAction\":[{\"@type\":\"ReadAction\",\"target\":[\"https:\/\/www.ferrycroatia.com\/hr\/jadrolinija\/\"]}]},{\"@type\":\"BreadcrumbList\",\"@id\":\"https:\/\/www.ferrycroatia.com\/hr\/jadrolinija\/#breadcrumb\",\"itemListElement\":[{\"@type\":\"ListItem\",\"position\":1,\"name\":\"Home\",\"item\":\"https:\/\/www.ferrycroatia.com\/hr\/\"},{\"@type\":\"ListItem\",\"position\":2,\"name\":\"Jadrolinija\"}]},{\"@type\":\"WebSite\",\"@id\":\"https:\/\/www.ferrycroatia.com\/hr\/#website\",\"url\":\"https:\/\/www.ferrycroatia.com\/hr\/\",\"name\":\"Trajekti Hrvatska\",\"description\":\"Vozni red za sve trajekte i katamarane u Hrvatskoj\",\"potentialAction\":[{\"@type\":\"SearchAction\",\"target\":{\"@type\":\"EntryPoint\",\"urlTemplate\":\"https:\/\/www.ferrycroatia.com\/hr\/?s={search_term_string}\"},\"query-input\":\"required name=search_term_string\"}],\"inLanguage\":\"en-US\"},{\"@type\":\"Question\",\"@id\":\"https:\/\/www.ferrycroatia.com\/hr\/jadrolinija\/#faq-question-1625742436084\",\"position\":1,\"url\":\"https:\/\/www.ferrycroatia.com\/hr\/jadrolinija\/#faq-question-1625742436084\",\"name\":\"Smijem li povesti ljubimca na trajekt ili katamaran?\",\"answerCount\":1,\"acceptedAnswer\":{\"@type\":\"Answer\",\"text\":\"U Jadrolinijinim Uvjetima poslovanja za ljubimce navedeno je sljede\u0107e:<br\/><em>Ku\u0107ni ljubimci smiju se prevoziti samo ako ne predstavljaju opasnost ili smetnju za putnike ili brod i ne smije ih se unositi u zatvorene putni\u010dke prostorije. Vlasnici preuzimaju rizik putovanja i odgovornost za eventualne \u0161tete. Psi moraju imati brnjicu ( izuzev psa vodi\u010da slijepe osobe) i voditi se na povodniku, ma\u010dke u kutijama, a ptice u kavezu. Psi i ma\u010dke moraju imati uredne dokumente o cijepljenju.\u00a0<\/em><br\/><em>Na brzobrodskim linijama dozvoljen je prijevoz malih ku\u0107nih ljubimaca u salonu katamarana. Mali ku\u0107ni ljubimci prevoze se isklju\u010divo u torbi za no\u0161enje i prijevoz ku\u0107nih ljubimaca (transporter soft bag) maksimalnih dimenzija 45 x 35 x 25 cm. Dno torbe mora biti vodonepropusno. Ukupna te\u017eina torbe sa\u00a0 ku\u0107nim ljubimcem ne smije prelaziti 8 kg. Torba se mora dr\u017eati ispod sjedala ili u krilu tijekom \u010ditavog putovanja. Jedan putnik smije imati samo jednu torbu sa ku\u0107nim ljubimcem. Prijevoz velikih ku\u0107nih ljubimaca dozvoljen je samo ukoliko su zadovoljeni tehni\u010dki uvjeti na brodu ( posebni boxevi)<\/em>.\",\"inLanguage\":\"en-US\"},\"inLanguage\":\"en-US\"},{\"@type\":\"Question\",\"@id\":\"https:\/\/www.ferrycroatia.com\/hr\/jadrolinija\/#faq-question-1625742457236\",\"position\":2,\"url\":\"https:\/\/www.ferrycroatia.com\/hr\/jadrolinija\/#faq-question-1625742457236\",\"name\":\"Gdje mogu kupiti karte za trajekt Jadrolinije?\",\"answerCount\":1,\"acceptedAnswer\":{\"@type\":\"Answer\",\"text\":\"Jadrolinija ima prodajna mjesta<strong> u svim lukama<\/strong> u Hrvatskoj, no najjednostavniji na\u010din kupnje karte za ve\u0107inu trajektnih linija je <strong>putem <a href=\\\"https:\/\/www.ferrycroatia.com\/hr\/\\\">interneta<\/a><\/strong>.\",\"inLanguage\":\"en-US\"},\"inLanguage\":\"en-US\"},{\"@type\":\"Question\",\"@id\":\"https:\/\/www.ferrycroatia.com\/hr\/jadrolinija\/#faq-question-1625742480331\",\"position\":3,\"url\":\"https:\/\/www.ferrycroatia.com\/hr\/jadrolinija\/#faq-question-1625742480331\",\"name\":\"Smijem li ponijeti bicikl na trajekt ili katamaran?\",\"answerCount\":1,\"acceptedAnswer\":{\"@type\":\"Answer\",\"text\":\"Bicikl mo\u017eete ponijeti na trajekt, no trebat \u0107ete kupiti dodatnu odraslu kartu za va\u0161 bicikl. \u0160to se ti\u010de katamarana i brzih brodova, bicikli nisu dozvoljeni.\",\"inLanguage\":\"en-US\"},\"inLanguage\":\"en-US\"},{\"@type\":\"Question\",\"@id\":\"https:\/\/www.ferrycroatia.com\/hr\/jadrolinija\/#faq-question-1625742486387\",\"position\":4,\"url\":\"https:\/\/www.ferrycroatia.com\/hr\/jadrolinija\/#faq-question-1625742486387\",\"name\":\"Koliko prtljage mogu ponijeti na trajekt?\",\"answerCount\":1,\"acceptedAnswer\":{\"@type\":\"Answer\",\"text\":\"Za trajekte je dozvoljeno do 100 kg prtljage, na katamaranima i brzim brodovima prtljaga do 20 kg se ne napla\u0107uje.\",\"inLanguage\":\"en-US\"},\"inLanguage\":\"en-US\"},{\"@type\":\"Question\",\"@id\":\"https:\/\/www.ferrycroatia.com\/hr\/jadrolinija\/#faq-question-1625742495549\",\"position\":5,\"url\":\"https:\/\/www.ferrycroatia.com\/hr\/jadrolinija\/#faq-question-1625742495549\",\"name\":\"Poku\u0161avam kupiti kartu za trajekt, za\u0161to je za odre\u0111ene polaske navedeno kako mjesto nije zagarantirano?\",\"answerCount\":1,\"acceptedAnswer\":{\"@type\":\"Answer\",\"text\":\"Mnoge trajektne luke nemaju sustav utovara za automobile zbog uskih ulica ili malih luka, stoga se utovar automobila vr\u0161i po redosljedu dolaska u trajektnu luku. Upravo zato za odre\u0111ene polaske <strong>Jadrolinija ne mo\u017ee uvijek garantirati mjesto <\/strong>za odre\u0111eni polazak trajekta.\",\"inLanguage\":\"en-US\"},\"inLanguage\":\"en-US\"}]}<\/script>\n<!-- \/ Yoast SEO plugin. -->","yoast_head_json":{"title":"Jadrolinija - Trajekti, Vozni Red i Cijene 2024","description":"Jadrolinija - red plovidbe trajekata i katamarana, cjenik, online karte i raspored polazaka svih Jadrolinijinih linija.","robots":{"index":"index","follow":"follow","max-snippet":"max-snippet:-1","max-image-preview":"max-image-preview:large","max-video-preview":"max-video-preview:-1"},"canonical":"https:\/\/www.ferrycroatia.com\/hr\/jadrolinija\/","og_locale":"en_US","og_type":"article","og_title":"Jadrolinija - Trajekti, Vozni Red i Cijene 2024","og_description":"Jadrolinija - red plovidbe trajekata i katamarana, cjenik, online karte i raspored polazaka svih Jadrolinijinih linija.","og_url":"https:\/\/www.ferrycroatia.com\/hr\/jadrolinija\/","og_site_name":"Trajekti Hrvatska","article_modified_time":"2024-05-23T10:43:11+00:00","og_image":[{"width":1270,"height":730,"url":"https:\/\/www.ferrycroatia.com\/hr\/wp-content\/uploads\/2024\/05\/Jadrolinija-trajekt.webp","type":"image\/webp"}],"twitter_card":"summary_large_image","twitter_misc":{"Est. reading time":"3 minutes"},"schema":{"@context":"https:\/\/schema.org","@graph":[{"@type":["WebPage","FAQPage"],"@id":"https:\/\/www.ferrycroatia.com\/hr\/jadrolinija\/","url":"https:\/\/www.ferrycroatia.com\/hr\/jadrolinija\/","name":"Jadrolinija - Trajekti, Vozni Red i Cijene 2024","isPartOf":{"@id":"https:\/\/www.ferrycroatia.com\/hr\/#website"},"datePublished":"2021-01-27T16:49:58+00:00","dateModified":"2024-05-23T10:43:11+00:00","description":"Jadrolinija - red plovidbe trajekata i katamarana, cjenik, online karte i raspored polazaka svih Jadrolinijinih linija.","breadcrumb":{"@id":"https:\/\/www.ferrycroatia.com\/hr\/jadrolinija\/#breadcrumb"},"mainEntity":[{"@id":"https:\/\/www.ferrycroatia.com\/hr\/jadrolinija\/#faq-question-1625742436084"},{"@id":"https:\/\/www.ferrycroatia.com\/hr\/jadrolinija\/#faq-question-1625742457236"},{"@id":"https:\/\/www.ferrycroatia.com\/hr\/jadrolinija\/#faq-question-1625742480331"},{"@id":"https:\/\/www.ferrycroatia.com\/hr\/jadrolinija\/#faq-question-1625742486387"},{"@id":"https:\/\/www.ferrycroatia.com\/hr\/jadrolinija\/#faq-question-1625742495549"}],"inLanguage":"en-US","potentialAction":[{"@type":"ReadAction","target":["https:\/\/www.ferrycroatia.com\/hr\/jadrolinija\/"]}]},{"@type":"BreadcrumbList","@id":"https:\/\/www.ferrycroatia.com\/hr\/jadrolinija\/#breadcrumb","itemListElement":[{"@type":"ListItem","position":1,"name":"Home","item":"https:\/\/www.ferrycroatia.com\/hr\/"},{"@type":"ListItem","position":2,"name":"Jadrolinija"}]},{"@type":"WebSite","@id":"https:\/\/www.ferrycroatia.com\/hr\/#website","url":"https:\/\/www.ferrycroatia.com\/hr\/","name":"Trajekti Hrvatska","description":"Vozni red za sve trajekte i katamarane u Hrvatskoj","potentialAction":[{"@type":"SearchAction","target":{"@type":"EntryPoint","urlTemplate":"https:\/\/www.ferrycroatia.com\/hr\/?s={search_term_string}"},"query-input":"required name=search_term_string"}],"inLanguage":"en-US"},{"@type":"Question","@id":"https:\/\/www.ferrycroatia.com\/hr\/jadrolinija\/#faq-question-1625742436084","position":1,"url":"https:\/\/www.ferrycroatia.com\/hr\/jadrolinija\/#faq-question-1625742436084","name":"Smijem li povesti ljubimca na trajekt ili katamaran?","answerCount":1,"acceptedAnswer":{"@type":"Answer","text":"U Jadrolinijinim Uvjetima poslovanja za ljubimce navedeno je sljede\u0107e:<br\/><em>Ku\u0107ni ljubimci smiju se prevoziti samo ako ne predstavljaju opasnost ili smetnju za putnike ili brod i ne smije ih se unositi u zatvorene putni\u010dke prostorije. Vlasnici preuzimaju rizik putovanja i odgovornost za eventualne \u0161tete. Psi moraju imati brnjicu ( izuzev psa vodi\u010da slijepe osobe) i voditi se na povodniku, ma\u010dke u kutijama, a ptice u kavezu. Psi i ma\u010dke moraju imati uredne dokumente o cijepljenju.\u00a0<\/em><br\/><em>Na brzobrodskim linijama dozvoljen je prijevoz malih ku\u0107nih ljubimaca u salonu katamarana. Mali ku\u0107ni ljubimci prevoze se isklju\u010divo u torbi za no\u0161enje i prijevoz ku\u0107nih ljubimaca (transporter soft bag) maksimalnih dimenzija 45 x 35 x 25 cm. Dno torbe mora biti vodonepropusno. Ukupna te\u017eina torbe sa\u00a0 ku\u0107nim ljubimcem ne smije prelaziti 8 kg. Torba se mora dr\u017eati ispod sjedala ili u krilu tijekom \u010ditavog putovanja. Jedan putnik smije imati samo jednu torbu sa ku\u0107nim ljubimcem. Prijevoz velikih ku\u0107nih ljubimaca dozvoljen je samo ukoliko su zadovoljeni tehni\u010dki uvjeti na brodu ( posebni boxevi)<\/em>.","inLanguage":"en-US"},"inLanguage":"en-US"},{"@type":"Question","@id":"https:\/\/www.ferrycroatia.com\/hr\/jadrolinija\/#faq-question-1625742457236","position":2,"url":"https:\/\/www.ferrycroatia.com\/hr\/jadrolinija\/#faq-question-1625742457236","name":"Gdje mogu kupiti karte za trajekt Jadrolinije?","answerCount":1,"acceptedAnswer":{"@type":"Answer","text":"Jadrolinija ima prodajna mjesta<strong> u svim lukama<\/strong> u Hrvatskoj, no najjednostavniji na\u010din kupnje karte za ve\u0107inu trajektnih linija je <strong>putem <a href=\"https:\/\/www.ferrycroatia.com\/hr\/\">interneta<\/a><\/strong>.","inLanguage":"en-US"},"inLanguage":"en-US"},{"@type":"Question","@id":"https:\/\/www.ferrycroatia.com\/hr\/jadrolinija\/#faq-question-1625742480331","position":3,"url":"https:\/\/www.ferrycroatia.com\/hr\/jadrolinija\/#faq-question-1625742480331","name":"Smijem li ponijeti bicikl na trajekt ili katamaran?","answerCount":1,"acceptedAnswer":{"@type":"Answer","text":"Bicikl mo\u017eete ponijeti na trajekt, no trebat \u0107ete kupiti dodatnu odraslu kartu za va\u0161 bicikl. \u0160to se ti\u010de katamarana i brzih brodova, bicikli nisu dozvoljeni.","inLanguage":"en-US"},"inLanguage":"en-US"},{"@type":"Question","@id":"https:\/\/www.ferrycroatia.com\/hr\/jadrolinija\/#faq-question-1625742486387","position":4,"url":"https:\/\/www.ferrycroatia.com\/hr\/jadrolinija\/#faq-question-1625742486387","name":"Koliko prtljage mogu ponijeti na trajekt?","answerCount":1,"acceptedAnswer":{"@type":"Answer","text":"Za trajekte je dozvoljeno do 100 kg prtljage, na katamaranima i brzim brodovima prtljaga do 20 kg se ne napla\u0107uje.","inLanguage":"en-US"},"inLanguage":"en-US"},{"@type":"Question","@id":"https:\/\/www.ferrycroatia.com\/hr\/jadrolinija\/#faq-question-1625742495549","position":5,"url":"https:\/\/www.ferrycroatia.com\/hr\/jadrolinija\/#faq-question-1625742495549","name":"Poku\u0161avam kupiti kartu za trajekt, za\u0161to je za odre\u0111ene polaske navedeno kako mjesto nije zagarantirano?","answerCount":1,"acceptedAnswer":{"@type":"Answer","text":"Mnoge trajektne luke nemaju sustav utovara za automobile zbog uskih ulica ili malih luka, stoga se utovar automobila vr\u0161i po redosljedu dolaska u trajektnu luku. Upravo zato za odre\u0111ene polaske <strong>Jadrolinija ne mo\u017ee uvijek garantirati mjesto <\/strong>za odre\u0111eni polazak trajekta.","inLanguage":"en-US"},"inLanguage":"en-US"}]}},"_links":{"self":[{"href":"https:\/\/www.ferrycroatia.com\/hr\/wp-json\/wp\/v2\/pages\/1177"}],"collection":[{"href":"https:\/\/www.ferrycroatia.com\/hr\/wp-json\/wp\/v2\/pages"}],"about":[{"href":"https:\/\/www.ferrycroatia.com\/hr\/wp-json\/wp\/v2\/types\/page"}],"author":[{"embeddable":true,"href":"https:\/\/www.ferrycroatia.com\/hr\/wp-json\/wp\/v2\/users\/5"}],"replies":[{"embeddable":true,"href":"https:\/\/www.ferrycroatia.com\/hr\/wp-json\/wp\/v2\/comments?post=1177"}],"version-history":[{"count":6,"href":"https:\/\/www.ferrycroatia.com\/hr\/wp-json\/wp\/v2\/pages\/1177\/revisions"}],"predecessor-version":[{"id":3459,"href":"https:\/\/www.ferrycroatia.com\/hr\/wp-json\/wp\/v2\/pages\/1177\/revisions\/3459"}],"wp:featuredmedia":[{"embeddable":true,"href":"https:\/\/www.ferrycroatia.com\/hr\/wp-json\/wp\/v2\/media\/3640"}],"wp:attachment":[{"href":"https:\/\/www.ferrycroatia.com\/hr\/wp-json\/wp\/v2\/media?parent=1177"}],"curies":[{"name":"wp","href":"https:\/\/api.w.org\/{rel}","templated":true}]}}