{"id":1180,"date":"2021-01-27T16:56:06","date_gmt":"2021-01-27T16:56:06","guid":{"rendered":"https:\/\/ferrycroatia.com\/hr\/?page_id=1180"},"modified":"2021-07-29T15:10:09","modified_gmt":"2021-07-29T13:10:09","slug":"krilo","status":"publish","type":"page","link":"https:\/\/www.ferrycroatia.com\/hr\/krilo\/","title":{"rendered":"Krilo"},"content":{"rendered":"\n<p><strong>Trajektna tvrtka Krilo<\/strong>, tako\u0111er poznata kao Kapetan Luka, jedan je od najve\u0107ih brzobrodskih i katamaranskih prijevoznika. <strong>Glavna luka Krila je <a href=\"https:\/\/ferrycroatia.com\/hr\/trajektna-luka-split\/\">Trajektna luka Split<\/a><\/strong>, odakle nude katamarane prema najpopularnijim mjestima na hrvatskim otocima. <strong>Najpopularnije linije koje Krilo nudi<\/strong> su <a href=\"http:\/\/ferrycroatia.com\/hr\/split-hvar\/\">Split &#8211; Hvar<\/a> i <a href=\"http:\/\/ferrycroatia.com\/hr\/dubrovnik-hvar\/\">Dubrovnik &#8211; Hvar<\/a>. Pored redovnog reda plovidbe berih brodova, Krilo nudi i mogu\u0107nost najma brzog broda za posebna doga\u0111anja.<\/p>\n\n\n\n<p>Krilo <strong>katamarani nemaju jedinstven dizajn<\/strong>, neki su bijele, a neki tamne boje, no svi od njih imaju istaknute natpise <i>KRILO JET <\/i>ili <i>www.krilo.hr<\/i> te stoga ne biste trebali imati problema s pronalaskom va\u0161eg katamarana.<\/p>\n\n\n\n<h2>Krilo &#8211; Kapetan Luka &#8211; Naj\u010de\u0161\u0107a pitanja<\/h2>\n\n\n\n<div class=\"schema-faq wp-block-yoast-faq-block\"><div class=\"schema-faq-section\" id=\"faq-question-1625742543305\"><strong class=\"schema-faq-question\"><strong>Gdje mogu kupiti karte za katamarane Krilo?<\/strong><\/strong> <p class=\"schema-faq-answer\"><strong>Prodajna mjesta<\/strong> Krila nalaze se u svakoj luci, neka su njihova vlastita, dok su druga putni\u010dke agencije koje se nalaze u luci ili u blizini. Va\u0161u kartu uvijek mo\u017eete kupiti i <strong><a href=\"https:\/\/www.ferrycroatia.com\/hr\/\">putem interneta<\/a><\/strong>.<\/p> <\/div> <div class=\"schema-faq-section\" id=\"faq-question-1625742561915\"><strong class=\"schema-faq-question\"><strong>Je li potrebno isprintati kartu?<\/strong><\/strong> <p class=\"schema-faq-answer\">Preporu\u010damo da isprintate va\u0161e karte te ih imate pri ukrcaju. Ukoliko imate karte na va\u0161em mobitelu QR kod ili PDF prilikom ukrcaja trebalo bi biti dovoljno da ih poka\u017eete prilikom ukrcaja.<\/p> <\/div> <div class=\"schema-faq-section\" id=\"faq-question-1625742581252\"><strong class=\"schema-faq-question\"><strong>Koliko prtljage mogu ponijeti?<\/strong><\/strong> <p class=\"schema-faq-answer\">Brzi brodovi Krilo imaju mnogo prostora za pohranu prtljage, a tvrtka je fleksibilna po pitanju prtljage. Mo\u017eete ponijeti jedan komad prtljage te\u017eine do 20 kg, no putnici u ve\u0107ini slu\u010dajeva nemaju problema s te\u017eom prtljagom.<\/p> <\/div> <div class=\"schema-faq-section\" id=\"faq-question-1625742597107\"><strong class=\"schema-faq-question\"><strong>Mogu li ponijeti svoj bicikl?<\/strong><\/strong> <p class=\"schema-faq-answer\">Naravno, no morat \u0107ete <strong>kupiti kartu za vas i va\u0161 bicikl unaprijed putem interneta<\/strong>, po\u0161to je broj mjesta za bicikle ograni\u010den.<\/p> <\/div> <div class=\"schema-faq-section\" id=\"faq-question-1625742615107\"><strong class=\"schema-faq-question\"><strong>Mogu li povesti svog psa?<\/strong><\/strong> <p class=\"schema-faq-answer\">Da, <strong>ukoliko slijedite pravila Krila<\/strong> navedena ispod:<br\/><em>Sve \u017eivotinje moraju nositi brnjicu.<\/em><br\/><em>KU\u0106NI LJUBIMCI smiju se prevoziti samo ako ne predstavljaju opasnost ili smetnju za putnike ili brod.<\/em><br\/><em>Vlasnici preuzimaju rizik putovanja i odgovornost za eventualne \u0161tete.<\/em><br\/><em><strong>Psi moraju imati brnjicu<\/strong> (izuzev psa vodi\u010da slijepe osobe) i voditi se na povodniku, ma\u010dke u kutijama, a ptice u kavezu.<\/em><br\/><em>Psi i ma\u010dke moraju imati uredne dokumente o cjepljenju.<\/em><br\/><em>Na brzobrodskim linijama dozvoljen je prijevoz malih ku\u0107nih ljubimaca u salonu katamarana po cijeni od 50% a ve\u0107i vani po cijeni od 100%. Mali ku\u0107ni ljubimci prevoze se isklju\u010divo u torbi za no\u0161enje i prijevoz ku\u0107nih ljubimaca (transporter soft bag) maksimalnih dimenzija 45 x 35 x 25 cm. Dno torbe mora biti vodonepropusno. Ukupna te\u017eina torbe sa ku\u0107nim ljubimcem ne smije prelaziti 8 kg. Torba se mora dr\u017eati ispod sjedala ili u krilu tijekom \u010ditavog putovanja. Jedan putnik smije imati samo jednu torbu sa ku\u0107nim ljubimcem.<\/em><br\/><em>Prijevoz velikih ku\u0107nih ljubimaca dozvoljen je samo ukoliko su zadovoljeni tehni\u010dki uvjeti na brodu (posebni boxevi).\u201d<\/em><br\/><strong>Ukoliko niste sigurni smijete li povesti va\u0161eg ku\u0107nog ljubimca, najbolje je da se obratite Krilu putem emaila.\u00a0<\/strong><\/p> <\/div> <div class=\"schema-faq-section\" id=\"faq-question-1625742672868\"><strong class=\"schema-faq-question\"><strong>Nije li Krilo ime grada?<\/strong><\/strong> <p class=\"schema-faq-answer\">Da, Krilo je ime grada, a tvrtka Krilo osnovana je u tom gradu.<\/p> <\/div> <div class=\"schema-faq-section\" id=\"faq-question-1625742682956\"><strong class=\"schema-faq-question\"><strong>Voze li katamarani Krila cijelu godinu?<\/strong><\/strong> <p class=\"schema-faq-answer\">Sve linije, osim l<strong>inije Split &#8211; Hvar &#8211; Kor\u010dula<\/strong>, voze isklju\u010divo tijekom ljetne sezone, uglavnom od po\u010detka travnja do kraja listopada.<\/p> <\/div> <\/div>\n\n\n\n<h2>Krilo &#8211; Najpopularnije linije<\/h2>\n\n\n\n<figure class=\"wp-block-table\"><table><tbody><tr><td><a href=\"http:\/\/ferrycroatia.com\/hr\/split-hvar\/\">Split &#8211; Hvar<\/a><\/td><td><a href=\"http:\/\/ferrycroatia.com\/hr\/split-korcula\/\">Split &#8211; Kor\u010dula<\/a><\/td><td><a href=\"http:\/\/ferrycroatia.com\/hr\/split-dubrovnik\/\">Split &#8211; Dubrovnik<\/a><\/td><\/tr><tr><td><a href=\"http:\/\/ferrycroatia.com\/hr\/split-bol\/\">Split &#8211; Bol<\/a><\/td><td><a href=\"http:\/\/ferrycroatia.com\/hr\/hvar-korcula\/\">Hvar &#8211; Kor\u010dula<\/a><\/td><td><a href=\"http:\/\/ferrycroatia.com\/hr\/hvar-dubrovnik\/\">Hvar&nbsp; &#8211; Dubrovnik<\/a><\/td><\/tr><tr><td><a href=\"http:\/\/ferrycroatia.com\/hr\/hvar-bol\/\">Hvar &#8211; Bol<\/a><\/td><td><a href=\"http:\/\/ferrycroatia.com\/hr\/dubrovnik-korcula\/\">Dubrovnik &#8211; Kor\u010dula<\/a><\/td><td><a href=\"http:\/\/ferrycroatia.com\/hr\/dubrovnik-sobra\/\">Dubrovnik &#8211; Mljet (Sobra)<\/a><\/td><\/tr><\/tbody><\/table><\/figure>\n\n\n\n<figure class=\"wp-block-image\"><a class=\"lightbox\" href=\"http:\/\/www.ferrycroatia.com\/en\/wp-content\/uploads\/2020\/04\/Sales-Points-ferry-ticket.jpg\"><img decoding=\"async\" data-src=\"http:\/\/www.ferrycroatia.com\/en\/wp-content\/uploads\/2020\/04\/Sales-Points-ferry-ticket.jpg\" alt=\"Prodajno mjesto Krilo - Kapetan Luka\" class=\"wp-image-3163\"\/><\/a><\/figure>\n","protected":false},"excerpt":{"rendered":"<p>Trajektna tvrtka Krilo, tako\u0111er poznata kao Kapetan Luka, jedan je od najve\u0107ih brzobrodskih i katamaranskih prijevoznika. Glavna luka Krila je Trajektna luka Split, odakle nude katamarane prema najpopularnijim mjestima na hrvatskim otocima. Najpopularnije linije koje Krilo nudi su Split &#8211; Hvar i Dubrovnik &#8211; Hvar. Pored redovnog reda plovidbe berih brodova, Krilo nudi i mogu\u0107nost [&hellip;]<\/p>\n<p><a class=\"more-link\" href=\"https:\/\/www.ferrycroatia.com\/hr\/krilo\/\"> Continue reading&#8230;<\/a><\/p>\n","protected":false},"author":5,"featured_media":1181,"parent":0,"menu_order":0,"comment_status":"closed","ping_status":"closed","template":"","meta":[],"yoast_head":"<!-- This site is optimized with the Yoast SEO plugin v19.8 - https:\/\/yoast.com\/wordpress\/plugins\/seo\/ -->\n<title>Tvrtka Krilo - Kapetan Luka - Informacije za putnike<\/title>\n<meta name=\"robots\" content=\"index, follow, max-snippet:-1, max-image-preview:large, max-video-preview:-1\" \/>\n<link rel=\"canonical\" href=\"https:\/\/www.ferrycroatia.com\/hr\/krilo\/\" \/>\n<meta property=\"og:locale\" content=\"en_US\" \/>\n<meta property=\"og:type\" content=\"article\" \/>\n<meta property=\"og:title\" content=\"Tvrtka Krilo - Kapetan Luka - Informacije za putnike\" \/>\n<meta property=\"og:description\" content=\"Trajektna tvrtka Krilo, tako\u0111er poznata kao Kapetan Luka, jedan je od najve\u0107ih brzobrodskih i katamaranskih prijevoznika. Glavna luka Krila je Trajektna luka Split, odakle nude katamarane prema najpopularnijim mjestima na hrvatskim otocima. Najpopularnije linije koje Krilo nudi su Split &#8211; Hvar i Dubrovnik &#8211; Hvar. Pored redovnog reda plovidbe berih brodova, Krilo nudi i mogu\u0107nost [&hellip;] Continue reading...\" \/>\n<meta property=\"og:url\" content=\"https:\/\/www.ferrycroatia.com\/hr\/krilo\/\" \/>\n<meta property=\"og:site_name\" content=\"Trajekti Hrvatska\" \/>\n<meta property=\"article:modified_time\" content=\"2021-07-29T13:10:09+00:00\" \/>\n<meta property=\"og:image\" content=\"https:\/\/www.ferrycroatia.com\/hr\/wp-content\/uploads\/2021\/01\/Krilo-Kapetan-Luka.jpg\" \/>\n\t<meta property=\"og:image:width\" content=\"1452\" \/>\n\t<meta property=\"og:image:height\" content=\"1089\" \/>\n\t<meta property=\"og:image:type\" content=\"image\/jpeg\" \/>\n<meta name=\"twitter:card\" content=\"summary_large_image\" \/>\n<meta name=\"twitter:label1\" content=\"Est. reading time\" \/>\n\t<meta name=\"twitter:data1\" content=\"3 minutes\" \/>\n<script type=\"application\/ld+json\" class=\"yoast-schema-graph\">{\"@context\":\"https:\/\/schema.org\",\"@graph\":[{\"@type\":[\"WebPage\",\"FAQPage\"],\"@id\":\"https:\/\/www.ferrycroatia.com\/hr\/krilo\/\",\"url\":\"https:\/\/www.ferrycroatia.com\/hr\/krilo\/\",\"name\":\"Tvrtka Krilo - Kapetan Luka - Informacije za putnike\",\"isPartOf\":{\"@id\":\"https:\/\/www.ferrycroatia.com\/hr\/#website\"},\"datePublished\":\"2021-01-27T16:56:06+00:00\",\"dateModified\":\"2021-07-29T13:10:09+00:00\",\"breadcrumb\":{\"@id\":\"https:\/\/www.ferrycroatia.com\/hr\/krilo\/#breadcrumb\"},\"mainEntity\":[{\"@id\":\"https:\/\/www.ferrycroatia.com\/hr\/krilo\/#faq-question-1625742543305\"},{\"@id\":\"https:\/\/www.ferrycroatia.com\/hr\/krilo\/#faq-question-1625742561915\"},{\"@id\":\"https:\/\/www.ferrycroatia.com\/hr\/krilo\/#faq-question-1625742581252\"},{\"@id\":\"https:\/\/www.ferrycroatia.com\/hr\/krilo\/#faq-question-1625742597107\"},{\"@id\":\"https:\/\/www.ferrycroatia.com\/hr\/krilo\/#faq-question-1625742615107\"},{\"@id\":\"https:\/\/www.ferrycroatia.com\/hr\/krilo\/#faq-question-1625742672868\"},{\"@id\":\"https:\/\/www.ferrycroatia.com\/hr\/krilo\/#faq-question-1625742682956\"}],\"inLanguage\":\"en-US\",\"potentialAction\":[{\"@type\":\"ReadAction\",\"target\":[\"https:\/\/www.ferrycroatia.com\/hr\/krilo\/\"]}]},{\"@type\":\"BreadcrumbList\",\"@id\":\"https:\/\/www.ferrycroatia.com\/hr\/krilo\/#breadcrumb\",\"itemListElement\":[{\"@type\":\"ListItem\",\"position\":1,\"name\":\"Home\",\"item\":\"https:\/\/www.ferrycroatia.com\/hr\/\"},{\"@type\":\"ListItem\",\"position\":2,\"name\":\"Krilo\"}]},{\"@type\":\"WebSite\",\"@id\":\"https:\/\/www.ferrycroatia.com\/hr\/#website\",\"url\":\"https:\/\/www.ferrycroatia.com\/hr\/\",\"name\":\"Trajekti Hrvatska\",\"description\":\"Vozni red za sve trajekte i katamarane u Hrvatskoj\",\"potentialAction\":[{\"@type\":\"SearchAction\",\"target\":{\"@type\":\"EntryPoint\",\"urlTemplate\":\"https:\/\/www.ferrycroatia.com\/hr\/?s={search_term_string}\"},\"query-input\":\"required name=search_term_string\"}],\"inLanguage\":\"en-US\"},{\"@type\":\"Question\",\"@id\":\"https:\/\/www.ferrycroatia.com\/hr\/krilo\/#faq-question-1625742543305\",\"position\":1,\"url\":\"https:\/\/www.ferrycroatia.com\/hr\/krilo\/#faq-question-1625742543305\",\"name\":\"Gdje mogu kupiti karte za katamarane Krilo?\",\"answerCount\":1,\"acceptedAnswer\":{\"@type\":\"Answer\",\"text\":\"<strong>Prodajna mjesta<\/strong> Krila nalaze se u svakoj luci, neka su njihova vlastita, dok su druga putni\u010dke agencije koje se nalaze u luci ili u blizini. Va\u0161u kartu uvijek mo\u017eete kupiti i <strong><a href=\\\"https:\/\/www.ferrycroatia.com\/hr\/\\\">putem interneta<\/a><\/strong>.\",\"inLanguage\":\"en-US\"},\"inLanguage\":\"en-US\"},{\"@type\":\"Question\",\"@id\":\"https:\/\/www.ferrycroatia.com\/hr\/krilo\/#faq-question-1625742561915\",\"position\":2,\"url\":\"https:\/\/www.ferrycroatia.com\/hr\/krilo\/#faq-question-1625742561915\",\"name\":\"Je li potrebno isprintati kartu?\",\"answerCount\":1,\"acceptedAnswer\":{\"@type\":\"Answer\",\"text\":\"Preporu\u010damo da isprintate va\u0161e karte te ih imate pri ukrcaju. Ukoliko imate karte na va\u0161em mobitelu QR kod ili PDF prilikom ukrcaja trebalo bi biti dovoljno da ih poka\u017eete prilikom ukrcaja.\",\"inLanguage\":\"en-US\"},\"inLanguage\":\"en-US\"},{\"@type\":\"Question\",\"@id\":\"https:\/\/www.ferrycroatia.com\/hr\/krilo\/#faq-question-1625742581252\",\"position\":3,\"url\":\"https:\/\/www.ferrycroatia.com\/hr\/krilo\/#faq-question-1625742581252\",\"name\":\"Koliko prtljage mogu ponijeti?\",\"answerCount\":1,\"acceptedAnswer\":{\"@type\":\"Answer\",\"text\":\"Brzi brodovi Krilo imaju mnogo prostora za pohranu prtljage, a tvrtka je fleksibilna po pitanju prtljage. Mo\u017eete ponijeti jedan komad prtljage te\u017eine do 20 kg, no putnici u ve\u0107ini slu\u010dajeva nemaju problema s te\u017eom prtljagom.\",\"inLanguage\":\"en-US\"},\"inLanguage\":\"en-US\"},{\"@type\":\"Question\",\"@id\":\"https:\/\/www.ferrycroatia.com\/hr\/krilo\/#faq-question-1625742597107\",\"position\":4,\"url\":\"https:\/\/www.ferrycroatia.com\/hr\/krilo\/#faq-question-1625742597107\",\"name\":\"Mogu li ponijeti svoj bicikl?\",\"answerCount\":1,\"acceptedAnswer\":{\"@type\":\"Answer\",\"text\":\"Naravno, no morat \u0107ete <strong>kupiti kartu za vas i va\u0161 bicikl unaprijed putem interneta<\/strong>, po\u0161to je broj mjesta za bicikle ograni\u010den.\",\"inLanguage\":\"en-US\"},\"inLanguage\":\"en-US\"},{\"@type\":\"Question\",\"@id\":\"https:\/\/www.ferrycroatia.com\/hr\/krilo\/#faq-question-1625742615107\",\"position\":5,\"url\":\"https:\/\/www.ferrycroatia.com\/hr\/krilo\/#faq-question-1625742615107\",\"name\":\"Mogu li povesti svog psa?\",\"answerCount\":1,\"acceptedAnswer\":{\"@type\":\"Answer\",\"text\":\"Da, <strong>ukoliko slijedite pravila Krila<\/strong> navedena ispod:<br\/><em>Sve \u017eivotinje moraju nositi brnjicu.<\/em><br\/><em>KU\u0106NI LJUBIMCI smiju se prevoziti samo ako ne predstavljaju opasnost ili smetnju za putnike ili brod.<\/em><br\/><em>Vlasnici preuzimaju rizik putovanja i odgovornost za eventualne \u0161tete.<\/em><br\/><em><strong>Psi moraju imati brnjicu<\/strong> (izuzev psa vodi\u010da slijepe osobe) i voditi se na povodniku, ma\u010dke u kutijama, a ptice u kavezu.<\/em><br\/><em>Psi i ma\u010dke moraju imati uredne dokumente o cjepljenju.<\/em><br\/><em>Na brzobrodskim linijama dozvoljen je prijevoz malih ku\u0107nih ljubimaca u salonu katamarana po cijeni od 50% a ve\u0107i vani po cijeni od 100%. Mali ku\u0107ni ljubimci prevoze se isklju\u010divo u torbi za no\u0161enje i prijevoz ku\u0107nih ljubimaca (transporter soft bag) maksimalnih dimenzija 45 x 35 x 25 cm. Dno torbe mora biti vodonepropusno. Ukupna te\u017eina torbe sa ku\u0107nim ljubimcem ne smije prelaziti 8 kg. Torba se mora dr\u017eati ispod sjedala ili u krilu tijekom \u010ditavog putovanja. Jedan putnik smije imati samo jednu torbu sa ku\u0107nim ljubimcem.<\/em><br\/><em>Prijevoz velikih ku\u0107nih ljubimaca dozvoljen je samo ukoliko su zadovoljeni tehni\u010dki uvjeti na brodu (posebni boxevi).\u201d<\/em><br\/><strong>Ukoliko niste sigurni smijete li povesti va\u0161eg ku\u0107nog ljubimca, najbolje je da se obratite Krilu putem emaila.\u00a0<\/strong>\",\"inLanguage\":\"en-US\"},\"inLanguage\":\"en-US\"},{\"@type\":\"Question\",\"@id\":\"https:\/\/www.ferrycroatia.com\/hr\/krilo\/#faq-question-1625742672868\",\"position\":6,\"url\":\"https:\/\/www.ferrycroatia.com\/hr\/krilo\/#faq-question-1625742672868\",\"name\":\"Nije li Krilo ime grada?\",\"answerCount\":1,\"acceptedAnswer\":{\"@type\":\"Answer\",\"text\":\"Da, Krilo je ime grada, a tvrtka Krilo osnovana je u tom gradu.\",\"inLanguage\":\"en-US\"},\"inLanguage\":\"en-US\"},{\"@type\":\"Question\",\"@id\":\"https:\/\/www.ferrycroatia.com\/hr\/krilo\/#faq-question-1625742682956\",\"position\":7,\"url\":\"https:\/\/www.ferrycroatia.com\/hr\/krilo\/#faq-question-1625742682956\",\"name\":\"Voze li katamarani Krila cijelu godinu?\",\"answerCount\":1,\"acceptedAnswer\":{\"@type\":\"Answer\",\"text\":\"Sve linije, osim l<strong>inije Split - Hvar - Kor\u010dula<\/strong>, voze isklju\u010divo tijekom ljetne sezone, uglavnom od po\u010detka travnja do kraja listopada.\",\"inLanguage\":\"en-US\"},\"inLanguage\":\"en-US\"}]}<\/script>\n<!-- \/ Yoast SEO plugin. -->","yoast_head_json":{"title":"Tvrtka Krilo - Kapetan Luka - Informacije za putnike","robots":{"index":"index","follow":"follow","max-snippet":"max-snippet:-1","max-image-preview":"max-image-preview:large","max-video-preview":"max-video-preview:-1"},"canonical":"https:\/\/www.ferrycroatia.com\/hr\/krilo\/","og_locale":"en_US","og_type":"article","og_title":"Tvrtka Krilo - Kapetan Luka - Informacije za putnike","og_description":"Trajektna tvrtka Krilo, tako\u0111er poznata kao Kapetan Luka, jedan je od najve\u0107ih brzobrodskih i katamaranskih prijevoznika. Glavna luka Krila je Trajektna luka Split, odakle nude katamarane prema najpopularnijim mjestima na hrvatskim otocima. Najpopularnije linije koje Krilo nudi su Split &#8211; Hvar i Dubrovnik &#8211; Hvar. Pored redovnog reda plovidbe berih brodova, Krilo nudi i mogu\u0107nost [&hellip;] Continue reading...","og_url":"https:\/\/www.ferrycroatia.com\/hr\/krilo\/","og_site_name":"Trajekti Hrvatska","article_modified_time":"2021-07-29T13:10:09+00:00","og_image":[{"width":1452,"height":1089,"url":"https:\/\/www.ferrycroatia.com\/hr\/wp-content\/uploads\/2021\/01\/Krilo-Kapetan-Luka.jpg","type":"image\/jpeg"}],"twitter_card":"summary_large_image","twitter_misc":{"Est. reading time":"3 minutes"},"schema":{"@context":"https:\/\/schema.org","@graph":[{"@type":["WebPage","FAQPage"],"@id":"https:\/\/www.ferrycroatia.com\/hr\/krilo\/","url":"https:\/\/www.ferrycroatia.com\/hr\/krilo\/","name":"Tvrtka Krilo - Kapetan Luka - Informacije za putnike","isPartOf":{"@id":"https:\/\/www.ferrycroatia.com\/hr\/#website"},"datePublished":"2021-01-27T16:56:06+00:00","dateModified":"2021-07-29T13:10:09+00:00","breadcrumb":{"@id":"https:\/\/www.ferrycroatia.com\/hr\/krilo\/#breadcrumb"},"mainEntity":[{"@id":"https:\/\/www.ferrycroatia.com\/hr\/krilo\/#faq-question-1625742543305"},{"@id":"https:\/\/www.ferrycroatia.com\/hr\/krilo\/#faq-question-1625742561915"},{"@id":"https:\/\/www.ferrycroatia.com\/hr\/krilo\/#faq-question-1625742581252"},{"@id":"https:\/\/www.ferrycroatia.com\/hr\/krilo\/#faq-question-1625742597107"},{"@id":"https:\/\/www.ferrycroatia.com\/hr\/krilo\/#faq-question-1625742615107"},{"@id":"https:\/\/www.ferrycroatia.com\/hr\/krilo\/#faq-question-1625742672868"},{"@id":"https:\/\/www.ferrycroatia.com\/hr\/krilo\/#faq-question-1625742682956"}],"inLanguage":"en-US","potentialAction":[{"@type":"ReadAction","target":["https:\/\/www.ferrycroatia.com\/hr\/krilo\/"]}]},{"@type":"BreadcrumbList","@id":"https:\/\/www.ferrycroatia.com\/hr\/krilo\/#breadcrumb","itemListElement":[{"@type":"ListItem","position":1,"name":"Home","item":"https:\/\/www.ferrycroatia.com\/hr\/"},{"@type":"ListItem","position":2,"name":"Krilo"}]},{"@type":"WebSite","@id":"https:\/\/www.ferrycroatia.com\/hr\/#website","url":"https:\/\/www.ferrycroatia.com\/hr\/","name":"Trajekti Hrvatska","description":"Vozni red za sve trajekte i katamarane u Hrvatskoj","potentialAction":[{"@type":"SearchAction","target":{"@type":"EntryPoint","urlTemplate":"https:\/\/www.ferrycroatia.com\/hr\/?s={search_term_string}"},"query-input":"required name=search_term_string"}],"inLanguage":"en-US"},{"@type":"Question","@id":"https:\/\/www.ferrycroatia.com\/hr\/krilo\/#faq-question-1625742543305","position":1,"url":"https:\/\/www.ferrycroatia.com\/hr\/krilo\/#faq-question-1625742543305","name":"Gdje mogu kupiti karte za katamarane Krilo?","answerCount":1,"acceptedAnswer":{"@type":"Answer","text":"<strong>Prodajna mjesta<\/strong> Krila nalaze se u svakoj luci, neka su njihova vlastita, dok su druga putni\u010dke agencije koje se nalaze u luci ili u blizini. Va\u0161u kartu uvijek mo\u017eete kupiti i <strong><a href=\"https:\/\/www.ferrycroatia.com\/hr\/\">putem interneta<\/a><\/strong>.","inLanguage":"en-US"},"inLanguage":"en-US"},{"@type":"Question","@id":"https:\/\/www.ferrycroatia.com\/hr\/krilo\/#faq-question-1625742561915","position":2,"url":"https:\/\/www.ferrycroatia.com\/hr\/krilo\/#faq-question-1625742561915","name":"Je li potrebno isprintati kartu?","answerCount":1,"acceptedAnswer":{"@type":"Answer","text":"Preporu\u010damo da isprintate va\u0161e karte te ih imate pri ukrcaju. Ukoliko imate karte na va\u0161em mobitelu QR kod ili PDF prilikom ukrcaja trebalo bi biti dovoljno da ih poka\u017eete prilikom ukrcaja.","inLanguage":"en-US"},"inLanguage":"en-US"},{"@type":"Question","@id":"https:\/\/www.ferrycroatia.com\/hr\/krilo\/#faq-question-1625742581252","position":3,"url":"https:\/\/www.ferrycroatia.com\/hr\/krilo\/#faq-question-1625742581252","name":"Koliko prtljage mogu ponijeti?","answerCount":1,"acceptedAnswer":{"@type":"Answer","text":"Brzi brodovi Krilo imaju mnogo prostora za pohranu prtljage, a tvrtka je fleksibilna po pitanju prtljage. Mo\u017eete ponijeti jedan komad prtljage te\u017eine do 20 kg, no putnici u ve\u0107ini slu\u010dajeva nemaju problema s te\u017eom prtljagom.","inLanguage":"en-US"},"inLanguage":"en-US"},{"@type":"Question","@id":"https:\/\/www.ferrycroatia.com\/hr\/krilo\/#faq-question-1625742597107","position":4,"url":"https:\/\/www.ferrycroatia.com\/hr\/krilo\/#faq-question-1625742597107","name":"Mogu li ponijeti svoj bicikl?","answerCount":1,"acceptedAnswer":{"@type":"Answer","text":"Naravno, no morat \u0107ete <strong>kupiti kartu za vas i va\u0161 bicikl unaprijed putem interneta<\/strong>, po\u0161to je broj mjesta za bicikle ograni\u010den.","inLanguage":"en-US"},"inLanguage":"en-US"},{"@type":"Question","@id":"https:\/\/www.ferrycroatia.com\/hr\/krilo\/#faq-question-1625742615107","position":5,"url":"https:\/\/www.ferrycroatia.com\/hr\/krilo\/#faq-question-1625742615107","name":"Mogu li povesti svog psa?","answerCount":1,"acceptedAnswer":{"@type":"Answer","text":"Da, <strong>ukoliko slijedite pravila Krila<\/strong> navedena ispod:<br\/><em>Sve \u017eivotinje moraju nositi brnjicu.<\/em><br\/><em>KU\u0106NI LJUBIMCI smiju se prevoziti samo ako ne predstavljaju opasnost ili smetnju za putnike ili brod.<\/em><br\/><em>Vlasnici preuzimaju rizik putovanja i odgovornost za eventualne \u0161tete.<\/em><br\/><em><strong>Psi moraju imati brnjicu<\/strong> (izuzev psa vodi\u010da slijepe osobe) i voditi se na povodniku, ma\u010dke u kutijama, a ptice u kavezu.<\/em><br\/><em>Psi i ma\u010dke moraju imati uredne dokumente o cjepljenju.<\/em><br\/><em>Na brzobrodskim linijama dozvoljen je prijevoz malih ku\u0107nih ljubimaca u salonu katamarana po cijeni od 50% a ve\u0107i vani po cijeni od 100%. Mali ku\u0107ni ljubimci prevoze se isklju\u010divo u torbi za no\u0161enje i prijevoz ku\u0107nih ljubimaca (transporter soft bag) maksimalnih dimenzija 45 x 35 x 25 cm. Dno torbe mora biti vodonepropusno. Ukupna te\u017eina torbe sa ku\u0107nim ljubimcem ne smije prelaziti 8 kg. Torba se mora dr\u017eati ispod sjedala ili u krilu tijekom \u010ditavog putovanja. Jedan putnik smije imati samo jednu torbu sa ku\u0107nim ljubimcem.<\/em><br\/><em>Prijevoz velikih ku\u0107nih ljubimaca dozvoljen je samo ukoliko su zadovoljeni tehni\u010dki uvjeti na brodu (posebni boxevi).\u201d<\/em><br\/><strong>Ukoliko niste sigurni smijete li povesti va\u0161eg ku\u0107nog ljubimca, najbolje je da se obratite Krilu putem emaila.\u00a0<\/strong>","inLanguage":"en-US"},"inLanguage":"en-US"},{"@type":"Question","@id":"https:\/\/www.ferrycroatia.com\/hr\/krilo\/#faq-question-1625742672868","position":6,"url":"https:\/\/www.ferrycroatia.com\/hr\/krilo\/#faq-question-1625742672868","name":"Nije li Krilo ime grada?","answerCount":1,"acceptedAnswer":{"@type":"Answer","text":"Da, Krilo je ime grada, a tvrtka Krilo osnovana je u tom gradu.","inLanguage":"en-US"},"inLanguage":"en-US"},{"@type":"Question","@id":"https:\/\/www.ferrycroatia.com\/hr\/krilo\/#faq-question-1625742682956","position":7,"url":"https:\/\/www.ferrycroatia.com\/hr\/krilo\/#faq-question-1625742682956","name":"Voze li katamarani Krila cijelu godinu?","answerCount":1,"acceptedAnswer":{"@type":"Answer","text":"Sve linije, osim l<strong>inije Split - Hvar - Kor\u010dula<\/strong>, voze isklju\u010divo tijekom ljetne sezone, uglavnom od po\u010detka travnja do kraja listopada.","inLanguage":"en-US"},"inLanguage":"en-US"}]}},"_links":{"self":[{"href":"https:\/\/www.ferrycroatia.com\/hr\/wp-json\/wp\/v2\/pages\/1180"}],"collection":[{"href":"https:\/\/www.ferrycroatia.com\/hr\/wp-json\/wp\/v2\/pages"}],"about":[{"href":"https:\/\/www.ferrycroatia.com\/hr\/wp-json\/wp\/v2\/types\/page"}],"author":[{"embeddable":true,"href":"https:\/\/www.ferrycroatia.com\/hr\/wp-json\/wp\/v2\/users\/5"}],"replies":[{"embeddable":true,"href":"https:\/\/www.ferrycroatia.com\/hr\/wp-json\/wp\/v2\/comments?post=1180"}],"version-history":[{"count":6,"href":"https:\/\/www.ferrycroatia.com\/hr\/wp-json\/wp\/v2\/pages\/1180\/revisions"}],"predecessor-version":[{"id":2455,"href":"https:\/\/www.ferrycroatia.com\/hr\/wp-json\/wp\/v2\/pages\/1180\/revisions\/2455"}],"wp:featuredmedia":[{"embeddable":true,"href":"https:\/\/www.ferrycroatia.com\/hr\/wp-json\/wp\/v2\/media\/1181"}],"wp:attachment":[{"href":"https:\/\/www.ferrycroatia.com\/hr\/wp-json\/wp\/v2\/media?parent=1180"}],"curies":[{"name":"wp","href":"https:\/\/api.w.org\/{rel}","templated":true}]}}