{"id":1183,"date":"2021-01-27T17:00:35","date_gmt":"2021-01-27T17:00:35","guid":{"rendered":"https:\/\/ferrycroatia.com\/hr\/?page_id=1183"},"modified":"2021-07-29T15:28:16","modified_gmt":"2021-07-29T13:28:16","slug":"krilo-shipping-company","status":"publish","type":"page","link":"https:\/\/www.ferrycroatia.com\/hr\/krilo-shipping-company\/","title":{"rendered":"Krilo Shipping Company"},"content":{"rendered":"\n<p><strong>Krilo Shipping Company d.d.<\/strong> katamaranska je tvrtka sa sjedi\u0161tem u Krilu, Jesenice, no ne<strong> radi se o prijevozniku <a href=\"https:\/\/www.ferrycroatia.com\/hr\/krilo\/\">Krilo Kapetan Luka<\/a><\/strong> koji voze na drugim trajektnim linijama. Ovdje mo\u017eete prona\u0107i <strong>katamaranske linije<\/strong> na kojima prometuje Krilo Shipping Company:<\/p>\n\n\n\n<ul><li aria-level=\"1\"><strong>Split &#8211; Roga\u010d &#8211; Milna<\/strong> koja povezuje splitsku luku te otoke <a href=\"https:\/\/www.ferrycroatia.com\/hr\/otok-solta\/\">\u0160oltu<\/a> i <a href=\"https:\/\/www.ferrycroatia.com\/hr\/otok-brac\/\">Bra\u010d<\/a><\/li><li aria-level=\"1\"><strong>Dubrovnik &#8211; Pomena &#8211; Kor\u010dula<\/strong> koja povezuje <a href=\"https:\/\/www.ferrycroatia.com\/hr\/trajektna-luka-dubrovnik\/\">dubrova\u010dku luku<\/a>&nbsp; sa otocima <a href=\"https:\/\/www.ferrycroatia.com\/hr\/otok-mljet\/\">Mljetom<\/a> i <a href=\"https:\/\/www.ferrycroatia.com\/hr\/otok-korcula\/\">Kor\u010dulom<\/a><\/li><li aria-level=\"1\"><strong>Split &#8211; Sutivan &#8211; Milna<\/strong><\/li><\/ul>\n\n\n\n<p>Flota tvrtke uklju\u010duje <strong>nekoliko katamarana,&nbsp;<\/strong>a najpoznatiji je \u201cNaran\u010da\u201d koji mo\u017ee prevesti do 250 ljudi.<\/p>\n\n\n\n<h2>Krilo Shipping Company &#8211; naj\u010de\u0161\u0107a pitanja<\/h2>\n\n\n\n<div class=\"schema-faq wp-block-yoast-faq-block\"><div class=\"schema-faq-section\" id=\"faq-question-1625742746926\"><strong class=\"schema-faq-question\"><strong>Gdje mogu kupiti karte za Krilo katamarane?<\/strong><\/strong> <p class=\"schema-faq-answer\">Karte se mogu kupiti putem interneta te na dva prodajna mjesta, jedno u splitskoj trajektnoj luci na adresi Obala Lazareta 2, a drugo u roga\u010dkoj luci na otoku \u0160olti. Karte mo\u017eete kupiti i na <a href=\"https:\/\/www.ferrycroatia.com\/hr\/\">na\u0161oj stranici<\/a>. <\/p> <\/div> <div class=\"schema-faq-section\" id=\"faq-question-1625742754787\"><strong class=\"schema-faq-question\"><strong>Smijem li povesti ljubimca na katamaran?<\/strong><\/strong> <p class=\"schema-faq-answer\">U pravilniku Krilo Shippinga za ljubimce navedeno je sljede\u0107e:<br\/><em>Kada su zadovoljeni tehni\u010dki uvjeti na brodu (posebni boksovi) za prijevoz ku\u0107nih ljubimaca, prijevoz ku\u0107nog ljubimca u posebnom boksu napla\u0107uje se u visini 50 % redovne cijene karte po osobi.<\/em><\/p> <\/div> <div class=\"schema-faq-section\" id=\"faq-question-1625742765988\"><strong class=\"schema-faq-question\"><strong>Koliko prtljage smijem ponijeti sa sobom?<\/strong><\/strong> <p class=\"schema-faq-answer\">Na katamaranu bi trebalo biti dovoljno mjesta za prtljagu. Svaki putnik mo\u017ee donijeti do 20 kg ru\u010dne prtljage besplatno, te\u017ea prtljaga ne bi trebala predstavljati nikakav problem.<\/p> <\/div> <div class=\"schema-faq-section\" id=\"faq-question-1625742773548\"><strong class=\"schema-faq-question\"><strong>Moram li kupiti zasebnu kartu za malu djecu koja putuju sa mnom?<\/strong><\/strong> <p class=\"schema-faq-answer\">Djeca u dobi od 1 do 3 godine putuje besplatno. Djeca do 1 godine ne\u0107e dobiti putnu kartu, dok \u0107e djeca do 3 godine imati putnu kartu sa sobom.<\/p> <\/div> <\/div>\n","protected":false},"excerpt":{"rendered":"<p>Krilo Shipping Company d.d. katamaranska je tvrtka sa sjedi\u0161tem u Krilu, Jesenice, no ne radi se o prijevozniku Krilo Kapetan Luka koji voze na drugim trajektnim linijama. Ovdje mo\u017eete prona\u0107i katamaranske linije na kojima prometuje Krilo Shipping Company: Split &#8211; Roga\u010d &#8211; Milna koja povezuje splitsku luku te otoke \u0160oltu i Bra\u010d Dubrovnik &#8211; Pomena [&hellip;]<\/p>\n<p><a class=\"more-link\" href=\"https:\/\/www.ferrycroatia.com\/hr\/krilo-shipping-company\/\"> Continue reading&#8230;<\/a><\/p>\n","protected":false},"author":5,"featured_media":0,"parent":0,"menu_order":0,"comment_status":"closed","ping_status":"closed","template":"","meta":[],"yoast_head":"<!-- This site is optimized with the Yoast SEO plugin v19.8 - https:\/\/yoast.com\/wordpress\/plugins\/seo\/ -->\n<title>Krilo Shipping Company - Katamarani, vozni red i cijene<\/title>\n<meta name=\"description\" content=\"Krilo Shipping Company katamaranska je tvrtka sa sjedi\u0161tem u Kilu, Jesenice. Pogledajte informacije o tvrtki, kako kupiti kartu za katamaran i koje linije imaju u ponudi.\" \/>\n<meta name=\"robots\" content=\"index, follow, max-snippet:-1, max-image-preview:large, max-video-preview:-1\" \/>\n<link rel=\"canonical\" href=\"https:\/\/www.ferrycroatia.com\/hr\/krilo-shipping-company\/\" \/>\n<meta property=\"og:locale\" content=\"en_US\" \/>\n<meta property=\"og:type\" content=\"article\" \/>\n<meta property=\"og:title\" content=\"Krilo Shipping Company - Katamarani, vozni red i cijene\" \/>\n<meta property=\"og:description\" content=\"Krilo Shipping Company katamaranska je tvrtka sa sjedi\u0161tem u Kilu, Jesenice. Pogledajte informacije o tvrtki, kako kupiti kartu za katamaran i koje linije imaju u ponudi.\" \/>\n<meta property=\"og:url\" content=\"https:\/\/www.ferrycroatia.com\/hr\/krilo-shipping-company\/\" \/>\n<meta property=\"og:site_name\" content=\"Trajekti Hrvatska\" \/>\n<meta property=\"article:modified_time\" content=\"2021-07-29T13:28:16+00:00\" \/>\n<meta name=\"twitter:card\" content=\"summary_large_image\" \/>\n<meta name=\"twitter:label1\" content=\"Est. reading time\" \/>\n\t<meta name=\"twitter:data1\" content=\"2 minutes\" \/>\n<script type=\"application\/ld+json\" class=\"yoast-schema-graph\">{\"@context\":\"https:\/\/schema.org\",\"@graph\":[{\"@type\":[\"WebPage\",\"FAQPage\"],\"@id\":\"https:\/\/www.ferrycroatia.com\/hr\/krilo-shipping-company\/\",\"url\":\"https:\/\/www.ferrycroatia.com\/hr\/krilo-shipping-company\/\",\"name\":\"Krilo Shipping Company - Katamarani, vozni red i cijene\",\"isPartOf\":{\"@id\":\"https:\/\/www.ferrycroatia.com\/hr\/#website\"},\"datePublished\":\"2021-01-27T17:00:35+00:00\",\"dateModified\":\"2021-07-29T13:28:16+00:00\",\"description\":\"Krilo Shipping Company katamaranska je tvrtka sa sjedi\u0161tem u Kilu, Jesenice. Pogledajte informacije o tvrtki, kako kupiti kartu za katamaran i koje linije imaju u ponudi.\",\"breadcrumb\":{\"@id\":\"https:\/\/www.ferrycroatia.com\/hr\/krilo-shipping-company\/#breadcrumb\"},\"mainEntity\":[{\"@id\":\"https:\/\/www.ferrycroatia.com\/hr\/krilo-shipping-company\/#faq-question-1625742746926\"},{\"@id\":\"https:\/\/www.ferrycroatia.com\/hr\/krilo-shipping-company\/#faq-question-1625742754787\"},{\"@id\":\"https:\/\/www.ferrycroatia.com\/hr\/krilo-shipping-company\/#faq-question-1625742765988\"},{\"@id\":\"https:\/\/www.ferrycroatia.com\/hr\/krilo-shipping-company\/#faq-question-1625742773548\"}],\"inLanguage\":\"en-US\",\"potentialAction\":[{\"@type\":\"ReadAction\",\"target\":[\"https:\/\/www.ferrycroatia.com\/hr\/krilo-shipping-company\/\"]}]},{\"@type\":\"BreadcrumbList\",\"@id\":\"https:\/\/www.ferrycroatia.com\/hr\/krilo-shipping-company\/#breadcrumb\",\"itemListElement\":[{\"@type\":\"ListItem\",\"position\":1,\"name\":\"Home\",\"item\":\"https:\/\/www.ferrycroatia.com\/hr\/\"},{\"@type\":\"ListItem\",\"position\":2,\"name\":\"Krilo Shipping Company\"}]},{\"@type\":\"WebSite\",\"@id\":\"https:\/\/www.ferrycroatia.com\/hr\/#website\",\"url\":\"https:\/\/www.ferrycroatia.com\/hr\/\",\"name\":\"Trajekti Hrvatska\",\"description\":\"Vozni red za sve trajekte i katamarane u Hrvatskoj\",\"potentialAction\":[{\"@type\":\"SearchAction\",\"target\":{\"@type\":\"EntryPoint\",\"urlTemplate\":\"https:\/\/www.ferrycroatia.com\/hr\/?s={search_term_string}\"},\"query-input\":\"required name=search_term_string\"}],\"inLanguage\":\"en-US\"},{\"@type\":\"Question\",\"@id\":\"https:\/\/www.ferrycroatia.com\/hr\/krilo-shipping-company\/#faq-question-1625742746926\",\"position\":1,\"url\":\"https:\/\/www.ferrycroatia.com\/hr\/krilo-shipping-company\/#faq-question-1625742746926\",\"name\":\"Gdje mogu kupiti karte za Krilo katamarane?\",\"answerCount\":1,\"acceptedAnswer\":{\"@type\":\"Answer\",\"text\":\"Karte se mogu kupiti putem interneta te na dva prodajna mjesta, jedno u splitskoj trajektnoj luci na adresi Obala Lazareta 2, a drugo u roga\u010dkoj luci na otoku \u0160olti. Karte mo\u017eete kupiti i na <a href=\\\"https:\/\/www.ferrycroatia.com\/hr\/\\\">na\u0161oj stranici<\/a>. \",\"inLanguage\":\"en-US\"},\"inLanguage\":\"en-US\"},{\"@type\":\"Question\",\"@id\":\"https:\/\/www.ferrycroatia.com\/hr\/krilo-shipping-company\/#faq-question-1625742754787\",\"position\":2,\"url\":\"https:\/\/www.ferrycroatia.com\/hr\/krilo-shipping-company\/#faq-question-1625742754787\",\"name\":\"Smijem li povesti ljubimca na katamaran?\",\"answerCount\":1,\"acceptedAnswer\":{\"@type\":\"Answer\",\"text\":\"U pravilniku Krilo Shippinga za ljubimce navedeno je sljede\u0107e:<br\/><em>Kada su zadovoljeni tehni\u010dki uvjeti na brodu (posebni boksovi) za prijevoz ku\u0107nih ljubimaca, prijevoz ku\u0107nog ljubimca u posebnom boksu napla\u0107uje se u visini 50 % redovne cijene karte po osobi.<\/em>\",\"inLanguage\":\"en-US\"},\"inLanguage\":\"en-US\"},{\"@type\":\"Question\",\"@id\":\"https:\/\/www.ferrycroatia.com\/hr\/krilo-shipping-company\/#faq-question-1625742765988\",\"position\":3,\"url\":\"https:\/\/www.ferrycroatia.com\/hr\/krilo-shipping-company\/#faq-question-1625742765988\",\"name\":\"Koliko prtljage smijem ponijeti sa sobom?\",\"answerCount\":1,\"acceptedAnswer\":{\"@type\":\"Answer\",\"text\":\"Na katamaranu bi trebalo biti dovoljno mjesta za prtljagu. Svaki putnik mo\u017ee donijeti do 20 kg ru\u010dne prtljage besplatno, te\u017ea prtljaga ne bi trebala predstavljati nikakav problem.\",\"inLanguage\":\"en-US\"},\"inLanguage\":\"en-US\"},{\"@type\":\"Question\",\"@id\":\"https:\/\/www.ferrycroatia.com\/hr\/krilo-shipping-company\/#faq-question-1625742773548\",\"position\":4,\"url\":\"https:\/\/www.ferrycroatia.com\/hr\/krilo-shipping-company\/#faq-question-1625742773548\",\"name\":\"Moram li kupiti zasebnu kartu za malu djecu koja putuju sa mnom?\",\"answerCount\":1,\"acceptedAnswer\":{\"@type\":\"Answer\",\"text\":\"Djeca u dobi od 1 do 3 godine putuje besplatno. Djeca do 1 godine ne\u0107e dobiti putnu kartu, dok \u0107e djeca do 3 godine imati putnu kartu sa sobom.\",\"inLanguage\":\"en-US\"},\"inLanguage\":\"en-US\"}]}<\/script>\n<!-- \/ Yoast SEO plugin. -->","yoast_head_json":{"title":"Krilo Shipping Company - Katamarani, vozni red i cijene","description":"Krilo Shipping Company katamaranska je tvrtka sa sjedi\u0161tem u Kilu, Jesenice. Pogledajte informacije o tvrtki, kako kupiti kartu za katamaran i koje linije imaju u ponudi.","robots":{"index":"index","follow":"follow","max-snippet":"max-snippet:-1","max-image-preview":"max-image-preview:large","max-video-preview":"max-video-preview:-1"},"canonical":"https:\/\/www.ferrycroatia.com\/hr\/krilo-shipping-company\/","og_locale":"en_US","og_type":"article","og_title":"Krilo Shipping Company - Katamarani, vozni red i cijene","og_description":"Krilo Shipping Company katamaranska je tvrtka sa sjedi\u0161tem u Kilu, Jesenice. Pogledajte informacije o tvrtki, kako kupiti kartu za katamaran i koje linije imaju u ponudi.","og_url":"https:\/\/www.ferrycroatia.com\/hr\/krilo-shipping-company\/","og_site_name":"Trajekti Hrvatska","article_modified_time":"2021-07-29T13:28:16+00:00","twitter_card":"summary_large_image","twitter_misc":{"Est. reading time":"2 minutes"},"schema":{"@context":"https:\/\/schema.org","@graph":[{"@type":["WebPage","FAQPage"],"@id":"https:\/\/www.ferrycroatia.com\/hr\/krilo-shipping-company\/","url":"https:\/\/www.ferrycroatia.com\/hr\/krilo-shipping-company\/","name":"Krilo Shipping Company - Katamarani, vozni red i cijene","isPartOf":{"@id":"https:\/\/www.ferrycroatia.com\/hr\/#website"},"datePublished":"2021-01-27T17:00:35+00:00","dateModified":"2021-07-29T13:28:16+00:00","description":"Krilo Shipping Company katamaranska je tvrtka sa sjedi\u0161tem u Kilu, Jesenice. Pogledajte informacije o tvrtki, kako kupiti kartu za katamaran i koje linije imaju u ponudi.","breadcrumb":{"@id":"https:\/\/www.ferrycroatia.com\/hr\/krilo-shipping-company\/#breadcrumb"},"mainEntity":[{"@id":"https:\/\/www.ferrycroatia.com\/hr\/krilo-shipping-company\/#faq-question-1625742746926"},{"@id":"https:\/\/www.ferrycroatia.com\/hr\/krilo-shipping-company\/#faq-question-1625742754787"},{"@id":"https:\/\/www.ferrycroatia.com\/hr\/krilo-shipping-company\/#faq-question-1625742765988"},{"@id":"https:\/\/www.ferrycroatia.com\/hr\/krilo-shipping-company\/#faq-question-1625742773548"}],"inLanguage":"en-US","potentialAction":[{"@type":"ReadAction","target":["https:\/\/www.ferrycroatia.com\/hr\/krilo-shipping-company\/"]}]},{"@type":"BreadcrumbList","@id":"https:\/\/www.ferrycroatia.com\/hr\/krilo-shipping-company\/#breadcrumb","itemListElement":[{"@type":"ListItem","position":1,"name":"Home","item":"https:\/\/www.ferrycroatia.com\/hr\/"},{"@type":"ListItem","position":2,"name":"Krilo Shipping Company"}]},{"@type":"WebSite","@id":"https:\/\/www.ferrycroatia.com\/hr\/#website","url":"https:\/\/www.ferrycroatia.com\/hr\/","name":"Trajekti Hrvatska","description":"Vozni red za sve trajekte i katamarane u Hrvatskoj","potentialAction":[{"@type":"SearchAction","target":{"@type":"EntryPoint","urlTemplate":"https:\/\/www.ferrycroatia.com\/hr\/?s={search_term_string}"},"query-input":"required name=search_term_string"}],"inLanguage":"en-US"},{"@type":"Question","@id":"https:\/\/www.ferrycroatia.com\/hr\/krilo-shipping-company\/#faq-question-1625742746926","position":1,"url":"https:\/\/www.ferrycroatia.com\/hr\/krilo-shipping-company\/#faq-question-1625742746926","name":"Gdje mogu kupiti karte za Krilo katamarane?","answerCount":1,"acceptedAnswer":{"@type":"Answer","text":"Karte se mogu kupiti putem interneta te na dva prodajna mjesta, jedno u splitskoj trajektnoj luci na adresi Obala Lazareta 2, a drugo u roga\u010dkoj luci na otoku \u0160olti. Karte mo\u017eete kupiti i na <a href=\"https:\/\/www.ferrycroatia.com\/hr\/\">na\u0161oj stranici<\/a>. ","inLanguage":"en-US"},"inLanguage":"en-US"},{"@type":"Question","@id":"https:\/\/www.ferrycroatia.com\/hr\/krilo-shipping-company\/#faq-question-1625742754787","position":2,"url":"https:\/\/www.ferrycroatia.com\/hr\/krilo-shipping-company\/#faq-question-1625742754787","name":"Smijem li povesti ljubimca na katamaran?","answerCount":1,"acceptedAnswer":{"@type":"Answer","text":"U pravilniku Krilo Shippinga za ljubimce navedeno je sljede\u0107e:<br\/><em>Kada su zadovoljeni tehni\u010dki uvjeti na brodu (posebni boksovi) za prijevoz ku\u0107nih ljubimaca, prijevoz ku\u0107nog ljubimca u posebnom boksu napla\u0107uje se u visini 50 % redovne cijene karte po osobi.<\/em>","inLanguage":"en-US"},"inLanguage":"en-US"},{"@type":"Question","@id":"https:\/\/www.ferrycroatia.com\/hr\/krilo-shipping-company\/#faq-question-1625742765988","position":3,"url":"https:\/\/www.ferrycroatia.com\/hr\/krilo-shipping-company\/#faq-question-1625742765988","name":"Koliko prtljage smijem ponijeti sa sobom?","answerCount":1,"acceptedAnswer":{"@type":"Answer","text":"Na katamaranu bi trebalo biti dovoljno mjesta za prtljagu. Svaki putnik mo\u017ee donijeti do 20 kg ru\u010dne prtljage besplatno, te\u017ea prtljaga ne bi trebala predstavljati nikakav problem.","inLanguage":"en-US"},"inLanguage":"en-US"},{"@type":"Question","@id":"https:\/\/www.ferrycroatia.com\/hr\/krilo-shipping-company\/#faq-question-1625742773548","position":4,"url":"https:\/\/www.ferrycroatia.com\/hr\/krilo-shipping-company\/#faq-question-1625742773548","name":"Moram li kupiti zasebnu kartu za malu djecu koja putuju sa mnom?","answerCount":1,"acceptedAnswer":{"@type":"Answer","text":"Djeca u dobi od 1 do 3 godine putuje besplatno. Djeca do 1 godine ne\u0107e dobiti putnu kartu, dok \u0107e djeca do 3 godine imati putnu kartu sa sobom.","inLanguage":"en-US"},"inLanguage":"en-US"}]}},"_links":{"self":[{"href":"https:\/\/www.ferrycroatia.com\/hr\/wp-json\/wp\/v2\/pages\/1183"}],"collection":[{"href":"https:\/\/www.ferrycroatia.com\/hr\/wp-json\/wp\/v2\/pages"}],"about":[{"href":"https:\/\/www.ferrycroatia.com\/hr\/wp-json\/wp\/v2\/types\/page"}],"author":[{"embeddable":true,"href":"https:\/\/www.ferrycroatia.com\/hr\/wp-json\/wp\/v2\/users\/5"}],"replies":[{"embeddable":true,"href":"https:\/\/www.ferrycroatia.com\/hr\/wp-json\/wp\/v2\/comments?post=1183"}],"version-history":[{"count":5,"href":"https:\/\/www.ferrycroatia.com\/hr\/wp-json\/wp\/v2\/pages\/1183\/revisions"}],"predecessor-version":[{"id":2457,"href":"https:\/\/www.ferrycroatia.com\/hr\/wp-json\/wp\/v2\/pages\/1183\/revisions\/2457"}],"wp:attachment":[{"href":"https:\/\/www.ferrycroatia.com\/hr\/wp-json\/wp\/v2\/media?parent=1183"}],"curies":[{"name":"wp","href":"https:\/\/api.w.org\/{rel}","templated":true}]}}