{"id":1185,"date":"2021-01-27T17:22:25","date_gmt":"2021-01-27T17:22:25","guid":{"rendered":"https:\/\/ferrycroatia.com\/hr\/?page_id=1185"},"modified":"2021-07-08T13:15:22","modified_gmt":"2021-07-08T11:15:22","slug":"liberty-lines","status":"publish","type":"page","link":"https:\/\/www.ferrycroatia.com\/hr\/liberty-lines\/","title":{"rendered":"Liberty Lines"},"content":{"rendered":"\n<p><strong>Liberty Lines<\/strong> talijanska je trajektna\/kartamaranska tvrtka, osovana 1993. godine u Siciliji pod nazivom <i>Ustica Lines. <\/i><strong>Jedna je od najve\u0107ih tvrtki na svijetu koje se bave brzim pomorskim prometom<\/strong>, a prometuje iz Italije, Gr\u010dke, Slovenije i Hrvatske. U 2011 podru\u017enica <i>Trieste Lines <\/i>zapo\u010dela je s katamaranskim linijama prema Istri. Danas, Liberty Lines ima u ponudi ima vi\u0161e linija koje <strong>povezuju Italiju i Hrvatsku<\/strong>. Istarski gradovi <a href=\"https:\/\/www.ferrycroatia.com\/hr\/trajektna-luka-rovinj\/\">Rovinj<\/a> i <a href=\"https:\/\/www.ferrycroatia.com\/hr\/trajektna-luka-porec\/\">Pore\u010d<\/a> povezani su s Trstom i Piranom (Slovenija), dok druga linija povezuje Mali Lo\u0161inj i Trst. Flota trenutno uklju\u010duje <strong>32 broda<\/strong> me\u0111u kojima su hidrogliseri, brzi katamarani i jednotrupci. Brodovi mogu primiti izme\u0111u 200 i 350 putnika.<\/p>\n\n\n\n<h2>Liberty Lines&nbsp; &#8211; naj\u010de\u0161\u0107a pitanja<\/h2>\n\n\n\n<div class=\"schema-faq wp-block-yoast-faq-block\"><div class=\"schema-faq-section\" id=\"faq-question-1625742825822\"><strong class=\"schema-faq-question\"><strong>Gdje mogu kupiti karte za polaske koje nudi Liberty Lines?<\/strong><\/strong> <p class=\"schema-faq-answer\">Karte se mogu kupiti putem interneta te u odre\u0111enim putni\u010dkim agencijama u trajektnim lukama. Preporu\u010deno je da kartu kupite putem interneta, pogotovo tijekom ljetne sezone radi pove\u0107anog broja putnika. Prije ukrcaja na katamaran, putnici trebaju pro\u0107i check-in koji osoblje vr\u0161i na palubi broda.<\/p> <\/div> <div class=\"schema-faq-section\" id=\"faq-question-1625742838188\"><strong class=\"schema-faq-question\"><strong>Koliko ranije treba do\u0107i u trajektnu luku?<\/strong><\/strong> <p class=\"schema-faq-answer\">Uvijek se preporu\u010da do\u0107i \u0161to ranije, minimalno 30 minuta prije polaska. Dr\u017eite na umu kako je tijekom ljetne sezone broj putnika znatno ve\u0107i.<\/p> <\/div> <div class=\"schema-faq-section\" id=\"faq-question-1625742845636\"><strong class=\"schema-faq-question\"><strong>Koliko prtljage smijem ponijeti?<\/strong><\/strong> <p class=\"schema-faq-answer\">Svaki putnik ima pravo besplatno ponijeti jedan komad prtljage dimenzija do 60x40x20cm. Ukoliko je va\u0161a prtljaga ve\u0107a od navedenih dimenzija, morat \u0107ete platiti zasebnu kartu za va\u0161u prtljagu.<\/p> <\/div> <div class=\"schema-faq-section\" id=\"faq-question-1625742854787\"><strong class=\"schema-faq-question\"><strong>Mogu li ponijeti svoj bicikl?<\/strong><\/strong> <p class=\"schema-faq-answer\">Izvadak iz Op\u0107ih uvjeta Liberty Linesa za transport bicikala navodi:<br\/><em>\u017dao nam je, no radi ograni\u010denog prostora na na\u0161im plovilima na iste ne mo\u017eemo prihvatiti bicikle niti bilo koji drugi oblik (manjeg) prijevoznog sredstva. Iznimka je slu\u010daju elektri\u010dnog lexi bicikla bez baterija te spremljenog u odgovaraju\u0107u sigurnosnu torbu. U ovom slu\u010daju bicikl \u0107e se smatrati prtljagom.\u00a0<\/em><\/p> <\/div> <div class=\"schema-faq-section\" id=\"faq-question-1625742889732\"><strong class=\"schema-faq-question\"><strong>Smijem li povesti svog ku\u0107nog ljubimca?<\/strong><\/strong> <p class=\"schema-faq-answer\">Mogu\u0107e je povesti svog ku\u0107nog ljubimca na brod, no morat \u0107ete kupiti posebnu \u2018kartu za \u017eivotinje\u2019. Manje \u017eivotinje trebaju biti u kutijama za transport \u017eivotinja ili u kavezu za vrijeme \u010ditave vo\u017enje. Srednje i velike \u017eivotinje moraju imati brnjicu te biti na uzici. Tvrtka ima pravo zatra\u017eiti veterinarski certifikat koji svjedo\u010di o zdravlju \u017eivotinje.<\/p> <\/div> <\/div>\n","protected":false},"excerpt":{"rendered":"<p>Liberty Lines talijanska je trajektna\/kartamaranska tvrtka, osovana 1993. godine u Siciliji pod nazivom Ustica Lines. Jedna je od najve\u0107ih tvrtki na svijetu koje se bave brzim pomorskim prometom, a prometuje iz Italije, Gr\u010dke, Slovenije i Hrvatske. U 2011 podru\u017enica Trieste Lines zapo\u010dela je s katamaranskim linijama prema Istri. Danas, Liberty Lines ima u ponudi ima [&hellip;]<\/p>\n<p><a class=\"more-link\" href=\"https:\/\/www.ferrycroatia.com\/hr\/liberty-lines\/\"> Continue reading&#8230;<\/a><\/p>\n","protected":false},"author":5,"featured_media":0,"parent":0,"menu_order":0,"comment_status":"closed","ping_status":"closed","template":"","meta":[],"yoast_head":"<!-- This site is optimized with the Yoast SEO plugin v19.8 - https:\/\/yoast.com\/wordpress\/plugins\/seo\/ -->\n<title>Liberty Lines - Katamarani, vozni red i cijene<\/title>\n<meta name=\"description\" content=\"Liberty Lines je katamaranska\/trajektna tvrtka koja povezuje luke u Hrvatskoj, Italiji i Sloveniji na sjevernom Jadranu. Pogledajte informacije o tvrtki, linijama i naj\u010de\u0161\u0107a pitanja.\" \/>\n<meta name=\"robots\" content=\"index, follow, max-snippet:-1, max-image-preview:large, max-video-preview:-1\" \/>\n<link rel=\"canonical\" href=\"https:\/\/www.ferrycroatia.com\/hr\/liberty-lines\/\" \/>\n<meta property=\"og:locale\" content=\"en_US\" \/>\n<meta property=\"og:type\" content=\"article\" \/>\n<meta property=\"og:title\" content=\"Liberty Lines - Katamarani, vozni red i cijene\" \/>\n<meta property=\"og:description\" content=\"Liberty Lines je katamaranska\/trajektna tvrtka koja povezuje luke u Hrvatskoj, Italiji i Sloveniji na sjevernom Jadranu. Pogledajte informacije o tvrtki, linijama i naj\u010de\u0161\u0107a pitanja.\" \/>\n<meta property=\"og:url\" content=\"https:\/\/www.ferrycroatia.com\/hr\/liberty-lines\/\" \/>\n<meta property=\"og:site_name\" content=\"Trajekti Hrvatska\" \/>\n<meta property=\"article:modified_time\" content=\"2021-07-08T11:15:22+00:00\" \/>\n<meta name=\"twitter:card\" content=\"summary_large_image\" \/>\n<meta name=\"twitter:label1\" content=\"Est. reading time\" \/>\n\t<meta name=\"twitter:data1\" content=\"2 minutes\" \/>\n<script type=\"application\/ld+json\" class=\"yoast-schema-graph\">{\"@context\":\"https:\/\/schema.org\",\"@graph\":[{\"@type\":[\"WebPage\",\"FAQPage\"],\"@id\":\"https:\/\/www.ferrycroatia.com\/hr\/liberty-lines\/\",\"url\":\"https:\/\/www.ferrycroatia.com\/hr\/liberty-lines\/\",\"name\":\"Liberty Lines - Katamarani, vozni red i cijene\",\"isPartOf\":{\"@id\":\"https:\/\/www.ferrycroatia.com\/hr\/#website\"},\"datePublished\":\"2021-01-27T17:22:25+00:00\",\"dateModified\":\"2021-07-08T11:15:22+00:00\",\"description\":\"Liberty Lines je katamaranska\/trajektna tvrtka koja povezuje luke u Hrvatskoj, Italiji i Sloveniji na sjevernom Jadranu. Pogledajte informacije o tvrtki, linijama i naj\u010de\u0161\u0107a pitanja.\",\"breadcrumb\":{\"@id\":\"https:\/\/www.ferrycroatia.com\/hr\/liberty-lines\/#breadcrumb\"},\"mainEntity\":[{\"@id\":\"https:\/\/www.ferrycroatia.com\/hr\/liberty-lines\/#faq-question-1625742825822\"},{\"@id\":\"https:\/\/www.ferrycroatia.com\/hr\/liberty-lines\/#faq-question-1625742838188\"},{\"@id\":\"https:\/\/www.ferrycroatia.com\/hr\/liberty-lines\/#faq-question-1625742845636\"},{\"@id\":\"https:\/\/www.ferrycroatia.com\/hr\/liberty-lines\/#faq-question-1625742854787\"},{\"@id\":\"https:\/\/www.ferrycroatia.com\/hr\/liberty-lines\/#faq-question-1625742889732\"}],\"inLanguage\":\"en-US\",\"potentialAction\":[{\"@type\":\"ReadAction\",\"target\":[\"https:\/\/www.ferrycroatia.com\/hr\/liberty-lines\/\"]}]},{\"@type\":\"BreadcrumbList\",\"@id\":\"https:\/\/www.ferrycroatia.com\/hr\/liberty-lines\/#breadcrumb\",\"itemListElement\":[{\"@type\":\"ListItem\",\"position\":1,\"name\":\"Home\",\"item\":\"https:\/\/www.ferrycroatia.com\/hr\/\"},{\"@type\":\"ListItem\",\"position\":2,\"name\":\"Liberty Lines\"}]},{\"@type\":\"WebSite\",\"@id\":\"https:\/\/www.ferrycroatia.com\/hr\/#website\",\"url\":\"https:\/\/www.ferrycroatia.com\/hr\/\",\"name\":\"Trajekti Hrvatska\",\"description\":\"Vozni red za sve trajekte i katamarane u Hrvatskoj\",\"potentialAction\":[{\"@type\":\"SearchAction\",\"target\":{\"@type\":\"EntryPoint\",\"urlTemplate\":\"https:\/\/www.ferrycroatia.com\/hr\/?s={search_term_string}\"},\"query-input\":\"required name=search_term_string\"}],\"inLanguage\":\"en-US\"},{\"@type\":\"Question\",\"@id\":\"https:\/\/www.ferrycroatia.com\/hr\/liberty-lines\/#faq-question-1625742825822\",\"position\":1,\"url\":\"https:\/\/www.ferrycroatia.com\/hr\/liberty-lines\/#faq-question-1625742825822\",\"name\":\"Gdje mogu kupiti karte za polaske koje nudi Liberty Lines?\",\"answerCount\":1,\"acceptedAnswer\":{\"@type\":\"Answer\",\"text\":\"Karte se mogu kupiti putem interneta te u odre\u0111enim putni\u010dkim agencijama u trajektnim lukama. Preporu\u010deno je da kartu kupite putem interneta, pogotovo tijekom ljetne sezone radi pove\u0107anog broja putnika. Prije ukrcaja na katamaran, putnici trebaju pro\u0107i check-in koji osoblje vr\u0161i na palubi broda.\",\"inLanguage\":\"en-US\"},\"inLanguage\":\"en-US\"},{\"@type\":\"Question\",\"@id\":\"https:\/\/www.ferrycroatia.com\/hr\/liberty-lines\/#faq-question-1625742838188\",\"position\":2,\"url\":\"https:\/\/www.ferrycroatia.com\/hr\/liberty-lines\/#faq-question-1625742838188\",\"name\":\"Koliko ranije treba do\u0107i u trajektnu luku?\",\"answerCount\":1,\"acceptedAnswer\":{\"@type\":\"Answer\",\"text\":\"Uvijek se preporu\u010da do\u0107i \u0161to ranije, minimalno 30 minuta prije polaska. Dr\u017eite na umu kako je tijekom ljetne sezone broj putnika znatno ve\u0107i.\",\"inLanguage\":\"en-US\"},\"inLanguage\":\"en-US\"},{\"@type\":\"Question\",\"@id\":\"https:\/\/www.ferrycroatia.com\/hr\/liberty-lines\/#faq-question-1625742845636\",\"position\":3,\"url\":\"https:\/\/www.ferrycroatia.com\/hr\/liberty-lines\/#faq-question-1625742845636\",\"name\":\"Koliko prtljage smijem ponijeti?\",\"answerCount\":1,\"acceptedAnswer\":{\"@type\":\"Answer\",\"text\":\"Svaki putnik ima pravo besplatno ponijeti jedan komad prtljage dimenzija do 60x40x20cm. Ukoliko je va\u0161a prtljaga ve\u0107a od navedenih dimenzija, morat \u0107ete platiti zasebnu kartu za va\u0161u prtljagu.\",\"inLanguage\":\"en-US\"},\"inLanguage\":\"en-US\"},{\"@type\":\"Question\",\"@id\":\"https:\/\/www.ferrycroatia.com\/hr\/liberty-lines\/#faq-question-1625742854787\",\"position\":4,\"url\":\"https:\/\/www.ferrycroatia.com\/hr\/liberty-lines\/#faq-question-1625742854787\",\"name\":\"Mogu li ponijeti svoj bicikl?\",\"answerCount\":1,\"acceptedAnswer\":{\"@type\":\"Answer\",\"text\":\"Izvadak iz Op\u0107ih uvjeta Liberty Linesa za transport bicikala navodi:<br\/><em>\u017dao nam je, no radi ograni\u010denog prostora na na\u0161im plovilima na iste ne mo\u017eemo prihvatiti bicikle niti bilo koji drugi oblik (manjeg) prijevoznog sredstva. Iznimka je slu\u010daju elektri\u010dnog lexi bicikla bez baterija te spremljenog u odgovaraju\u0107u sigurnosnu torbu. U ovom slu\u010daju bicikl \u0107e se smatrati prtljagom.\u00a0<\/em>\",\"inLanguage\":\"en-US\"},\"inLanguage\":\"en-US\"},{\"@type\":\"Question\",\"@id\":\"https:\/\/www.ferrycroatia.com\/hr\/liberty-lines\/#faq-question-1625742889732\",\"position\":5,\"url\":\"https:\/\/www.ferrycroatia.com\/hr\/liberty-lines\/#faq-question-1625742889732\",\"name\":\"Smijem li povesti svog ku\u0107nog ljubimca?\",\"answerCount\":1,\"acceptedAnswer\":{\"@type\":\"Answer\",\"text\":\"Mogu\u0107e je povesti svog ku\u0107nog ljubimca na brod, no morat \u0107ete kupiti posebnu \u2018kartu za \u017eivotinje\u2019. Manje \u017eivotinje trebaju biti u kutijama za transport \u017eivotinja ili u kavezu za vrijeme \u010ditave vo\u017enje. Srednje i velike \u017eivotinje moraju imati brnjicu te biti na uzici. Tvrtka ima pravo zatra\u017eiti veterinarski certifikat koji svjedo\u010di o zdravlju \u017eivotinje.\",\"inLanguage\":\"en-US\"},\"inLanguage\":\"en-US\"}]}<\/script>\n<!-- \/ Yoast SEO plugin. -->","yoast_head_json":{"title":"Liberty Lines - Katamarani, vozni red i cijene","description":"Liberty Lines je katamaranska\/trajektna tvrtka koja povezuje luke u Hrvatskoj, Italiji i Sloveniji na sjevernom Jadranu. Pogledajte informacije o tvrtki, linijama i naj\u010de\u0161\u0107a pitanja.","robots":{"index":"index","follow":"follow","max-snippet":"max-snippet:-1","max-image-preview":"max-image-preview:large","max-video-preview":"max-video-preview:-1"},"canonical":"https:\/\/www.ferrycroatia.com\/hr\/liberty-lines\/","og_locale":"en_US","og_type":"article","og_title":"Liberty Lines - Katamarani, vozni red i cijene","og_description":"Liberty Lines je katamaranska\/trajektna tvrtka koja povezuje luke u Hrvatskoj, Italiji i Sloveniji na sjevernom Jadranu. Pogledajte informacije o tvrtki, linijama i naj\u010de\u0161\u0107a pitanja.","og_url":"https:\/\/www.ferrycroatia.com\/hr\/liberty-lines\/","og_site_name":"Trajekti Hrvatska","article_modified_time":"2021-07-08T11:15:22+00:00","twitter_card":"summary_large_image","twitter_misc":{"Est. reading time":"2 minutes"},"schema":{"@context":"https:\/\/schema.org","@graph":[{"@type":["WebPage","FAQPage"],"@id":"https:\/\/www.ferrycroatia.com\/hr\/liberty-lines\/","url":"https:\/\/www.ferrycroatia.com\/hr\/liberty-lines\/","name":"Liberty Lines - Katamarani, vozni red i cijene","isPartOf":{"@id":"https:\/\/www.ferrycroatia.com\/hr\/#website"},"datePublished":"2021-01-27T17:22:25+00:00","dateModified":"2021-07-08T11:15:22+00:00","description":"Liberty Lines je katamaranska\/trajektna tvrtka koja povezuje luke u Hrvatskoj, Italiji i Sloveniji na sjevernom Jadranu. Pogledajte informacije o tvrtki, linijama i naj\u010de\u0161\u0107a pitanja.","breadcrumb":{"@id":"https:\/\/www.ferrycroatia.com\/hr\/liberty-lines\/#breadcrumb"},"mainEntity":[{"@id":"https:\/\/www.ferrycroatia.com\/hr\/liberty-lines\/#faq-question-1625742825822"},{"@id":"https:\/\/www.ferrycroatia.com\/hr\/liberty-lines\/#faq-question-1625742838188"},{"@id":"https:\/\/www.ferrycroatia.com\/hr\/liberty-lines\/#faq-question-1625742845636"},{"@id":"https:\/\/www.ferrycroatia.com\/hr\/liberty-lines\/#faq-question-1625742854787"},{"@id":"https:\/\/www.ferrycroatia.com\/hr\/liberty-lines\/#faq-question-1625742889732"}],"inLanguage":"en-US","potentialAction":[{"@type":"ReadAction","target":["https:\/\/www.ferrycroatia.com\/hr\/liberty-lines\/"]}]},{"@type":"BreadcrumbList","@id":"https:\/\/www.ferrycroatia.com\/hr\/liberty-lines\/#breadcrumb","itemListElement":[{"@type":"ListItem","position":1,"name":"Home","item":"https:\/\/www.ferrycroatia.com\/hr\/"},{"@type":"ListItem","position":2,"name":"Liberty Lines"}]},{"@type":"WebSite","@id":"https:\/\/www.ferrycroatia.com\/hr\/#website","url":"https:\/\/www.ferrycroatia.com\/hr\/","name":"Trajekti Hrvatska","description":"Vozni red za sve trajekte i katamarane u Hrvatskoj","potentialAction":[{"@type":"SearchAction","target":{"@type":"EntryPoint","urlTemplate":"https:\/\/www.ferrycroatia.com\/hr\/?s={search_term_string}"},"query-input":"required name=search_term_string"}],"inLanguage":"en-US"},{"@type":"Question","@id":"https:\/\/www.ferrycroatia.com\/hr\/liberty-lines\/#faq-question-1625742825822","position":1,"url":"https:\/\/www.ferrycroatia.com\/hr\/liberty-lines\/#faq-question-1625742825822","name":"Gdje mogu kupiti karte za polaske koje nudi Liberty Lines?","answerCount":1,"acceptedAnswer":{"@type":"Answer","text":"Karte se mogu kupiti putem interneta te u odre\u0111enim putni\u010dkim agencijama u trajektnim lukama. Preporu\u010deno je da kartu kupite putem interneta, pogotovo tijekom ljetne sezone radi pove\u0107anog broja putnika. Prije ukrcaja na katamaran, putnici trebaju pro\u0107i check-in koji osoblje vr\u0161i na palubi broda.","inLanguage":"en-US"},"inLanguage":"en-US"},{"@type":"Question","@id":"https:\/\/www.ferrycroatia.com\/hr\/liberty-lines\/#faq-question-1625742838188","position":2,"url":"https:\/\/www.ferrycroatia.com\/hr\/liberty-lines\/#faq-question-1625742838188","name":"Koliko ranije treba do\u0107i u trajektnu luku?","answerCount":1,"acceptedAnswer":{"@type":"Answer","text":"Uvijek se preporu\u010da do\u0107i \u0161to ranije, minimalno 30 minuta prije polaska. Dr\u017eite na umu kako je tijekom ljetne sezone broj putnika znatno ve\u0107i.","inLanguage":"en-US"},"inLanguage":"en-US"},{"@type":"Question","@id":"https:\/\/www.ferrycroatia.com\/hr\/liberty-lines\/#faq-question-1625742845636","position":3,"url":"https:\/\/www.ferrycroatia.com\/hr\/liberty-lines\/#faq-question-1625742845636","name":"Koliko prtljage smijem ponijeti?","answerCount":1,"acceptedAnswer":{"@type":"Answer","text":"Svaki putnik ima pravo besplatno ponijeti jedan komad prtljage dimenzija do 60x40x20cm. Ukoliko je va\u0161a prtljaga ve\u0107a od navedenih dimenzija, morat \u0107ete platiti zasebnu kartu za va\u0161u prtljagu.","inLanguage":"en-US"},"inLanguage":"en-US"},{"@type":"Question","@id":"https:\/\/www.ferrycroatia.com\/hr\/liberty-lines\/#faq-question-1625742854787","position":4,"url":"https:\/\/www.ferrycroatia.com\/hr\/liberty-lines\/#faq-question-1625742854787","name":"Mogu li ponijeti svoj bicikl?","answerCount":1,"acceptedAnswer":{"@type":"Answer","text":"Izvadak iz Op\u0107ih uvjeta Liberty Linesa za transport bicikala navodi:<br\/><em>\u017dao nam je, no radi ograni\u010denog prostora na na\u0161im plovilima na iste ne mo\u017eemo prihvatiti bicikle niti bilo koji drugi oblik (manjeg) prijevoznog sredstva. Iznimka je slu\u010daju elektri\u010dnog lexi bicikla bez baterija te spremljenog u odgovaraju\u0107u sigurnosnu torbu. U ovom slu\u010daju bicikl \u0107e se smatrati prtljagom.\u00a0<\/em>","inLanguage":"en-US"},"inLanguage":"en-US"},{"@type":"Question","@id":"https:\/\/www.ferrycroatia.com\/hr\/liberty-lines\/#faq-question-1625742889732","position":5,"url":"https:\/\/www.ferrycroatia.com\/hr\/liberty-lines\/#faq-question-1625742889732","name":"Smijem li povesti svog ku\u0107nog ljubimca?","answerCount":1,"acceptedAnswer":{"@type":"Answer","text":"Mogu\u0107e je povesti svog ku\u0107nog ljubimca na brod, no morat \u0107ete kupiti posebnu \u2018kartu za \u017eivotinje\u2019. Manje \u017eivotinje trebaju biti u kutijama za transport \u017eivotinja ili u kavezu za vrijeme \u010ditave vo\u017enje. Srednje i velike \u017eivotinje moraju imati brnjicu te biti na uzici. Tvrtka ima pravo zatra\u017eiti veterinarski certifikat koji svjedo\u010di o zdravlju \u017eivotinje.","inLanguage":"en-US"},"inLanguage":"en-US"}]}},"_links":{"self":[{"href":"https:\/\/www.ferrycroatia.com\/hr\/wp-json\/wp\/v2\/pages\/1185"}],"collection":[{"href":"https:\/\/www.ferrycroatia.com\/hr\/wp-json\/wp\/v2\/pages"}],"about":[{"href":"https:\/\/www.ferrycroatia.com\/hr\/wp-json\/wp\/v2\/types\/page"}],"author":[{"embeddable":true,"href":"https:\/\/www.ferrycroatia.com\/hr\/wp-json\/wp\/v2\/users\/5"}],"replies":[{"embeddable":true,"href":"https:\/\/www.ferrycroatia.com\/hr\/wp-json\/wp\/v2\/comments?post=1185"}],"version-history":[{"count":4,"href":"https:\/\/www.ferrycroatia.com\/hr\/wp-json\/wp\/v2\/pages\/1185\/revisions"}],"predecessor-version":[{"id":2368,"href":"https:\/\/www.ferrycroatia.com\/hr\/wp-json\/wp\/v2\/pages\/1185\/revisions\/2368"}],"wp:attachment":[{"href":"https:\/\/www.ferrycroatia.com\/hr\/wp-json\/wp\/v2\/media?parent=1185"}],"curies":[{"name":"wp","href":"https:\/\/api.w.org\/{rel}","templated":true}]}}