{"id":1187,"date":"2021-01-27T17:37:43","date_gmt":"2021-01-27T17:37:43","guid":{"rendered":"https:\/\/ferrycroatia.com\/hr\/?page_id=1187"},"modified":"2021-07-08T13:17:10","modified_gmt":"2021-07-08T11:17:10","slug":"miatours","status":"publish","type":"page","link":"https:\/\/www.ferrycroatia.com\/hr\/miatours\/","title":{"rendered":"Miatours"},"content":{"rendered":"\n<p><strong>Miatours putni\u010dka je agencija<\/strong> osnovana u sklopu <strong>katamaranske tvrtke Miatrade d.o.o.<\/strong> smje\u0161tene u Zadru. Doma\u0107im katamaranskim linijama upravljaju vi\u0161e od 20 godina. Na po\u010detku svog rada nudili su polaske na me\u0111unarodnim linijama prema Italiji, ali trenutno u njihovoj ponudi dostupna je samo jedna doma\u0107a linija <strong>Zadar &#8211; Premuda &#8211; Silba &#8211; Olib<\/strong> koja povezuje Zadar s manjim otocima u zadarskom arhipelagu. Osim ove redovne linije, Miatours <strong>u ponudi tako\u0111er ima izlete<\/strong>, vjen\u010danja i druge posebne prigode.<\/p>\n\n\n\n<p>\u0160to se ti\u010de njihove flote, Miatours na raspolaganju ima <strong>dva putni\u010dka katamarana<\/strong>, a to su &#8220;Princ Zadra&#8221; koji mo\u017ee prevesti 300 putnika i katamaran &#8220;Mala Sirena&#8221; s kapacitetom prijevoza 180 putnika. \u201ePrinc Zadra\u201c veliki je katamaran na dvije eta\u017ee koje sadr\u017ee klima ure\u0111aje, sanitarne \u010dvorove i kiosk na brodu. \u201eMala Sirena\u201c ima samo jednu palubu, ali jednako opremljenu.<\/p>\n\n\n\n<h2><b>Miatours \u2013 naj\u010de\u0161\u0107a pitanja<\/b><\/h2>\n\n\n\n<div class=\"schema-faq wp-block-yoast-faq-block\"><div class=\"schema-faq-section\" id=\"faq-question-1625742955555\"><strong class=\"schema-faq-question\"><strong>Gdje mogu kupiti karte za katamarane agencije Miatours?<\/strong><\/strong> <p class=\"schema-faq-answer\">Karte se mogu kupiti putem interneta, kao i u lukama u Zadru, Premudama, Silbi i Olibu. Sva prodajna mjesta otvaraju se 30 minuta prije polaska katamarana, osim zadarskog prodajnog mjesta koje je ujedno i ured agencije Miatours te je otvoren tijekom cijelog radnog tjedna. Imajte na umu da se izvan sezone i zimi karte ne mogu kupiti na Premudi, Silbi i Olibu, ve\u0107 izravno na katamaranu (pla\u0107a se u hrvatskim kunama).<\/p> <\/div> <div class=\"schema-faq-section\" id=\"faq-question-1625742965196\"><strong class=\"schema-faq-question\"><strong>Koliko prtljage mogu ponijeti na katamarane Miatours?<\/strong><\/strong> <p class=\"schema-faq-answer\">Ako kartu kupite putem interneta, primit \u0107ete e-poruku s potvrdom kupljene karte. Nakon toga trebat \u0107ete pokazati tu potvrdu prilikom preuzimanja karata na prethodno spomenutim prodajnim mjestima.<\/p> <\/div> <div class=\"schema-faq-section\" id=\"faq-question-1625742973898\"><strong class=\"schema-faq-question\"><strong>Moram li imati ispisanu kartu prilikom ulaska u katamaran?<\/strong><\/strong> <p class=\"schema-faq-answer\">Ako kartu kupite putem interneta, primit \u0107ete e-poruku s potvrdom kupljene karte. Nakon toga trebat \u0107ete pokazati tu potvrdu prilikom preuzimanja karata na prethodno spomenutim prodajnim mjestima.<\/p> <\/div> <div class=\"schema-faq-section\" id=\"faq-question-1625742984092\"><strong class=\"schema-faq-question\"><strong>Mogu li povesti svog ljubimca na katamaran?<\/strong><\/strong> <p class=\"schema-faq-answer\">Izvadak iz op\u0107ih uvjeta poslovanja agencije Miatours za transport ku\u0107nih ljubimaca navodi:<br\/><em>Kada su ispunjeni tehni\u010dki uvjeti za prijevoz ku\u0107nih ljubimaca (posjedovanje posebnih kutija za transport \u017eivotinja), onda se cijena karta za ku\u0107ne ljubimce umanjuje za 50% od ukupne cijene karte odraslog putnika.<\/em><\/p> <\/div> <div class=\"schema-faq-section\" id=\"faq-question-1625742999086\"><strong class=\"schema-faq-question\"><strong>Moram li kupiti zasebnu kartu za malu djecu koja putuju sa mnom?<\/strong><\/strong> <p class=\"schema-faq-answer\">Djeca u dobi od 1 do 3 godine mogu putovati besplatno. Djeca do 1 godine ne\u0107e dobiti putnu kartu, dok \u0107e djeca do 3 godine imati putnu kartu sa sobom.<\/p> <\/div> <\/div>\n","protected":false},"excerpt":{"rendered":"<p>Miatours putni\u010dka je agencija osnovana u sklopu katamaranske tvrtke Miatrade d.o.o. smje\u0161tene u Zadru. Doma\u0107im katamaranskim linijama upravljaju vi\u0161e od 20 godina. Na po\u010detku svog rada nudili su polaske na me\u0111unarodnim linijama prema Italiji, ali trenutno u njihovoj ponudi dostupna je samo jedna doma\u0107a linija Zadar &#8211; Premuda &#8211; Silba &#8211; Olib koja povezuje Zadar [&hellip;]<\/p>\n<p><a class=\"more-link\" href=\"https:\/\/www.ferrycroatia.com\/hr\/miatours\/\"> Continue reading&#8230;<\/a><\/p>\n","protected":false},"author":5,"featured_media":0,"parent":0,"menu_order":0,"comment_status":"closed","ping_status":"closed","template":"","meta":[],"yoast_head":"<!-- This site is optimized with the Yoast SEO plugin v19.8 - https:\/\/yoast.com\/wordpress\/plugins\/seo\/ -->\n<title>Miatours - Informacije o katamaranima, vozni red i cijene<\/title>\n<meta name=\"description\" content=\"Miatours je trajektna\/katamaranska tvrtka sa sjedi\u0161tem u Zadru. Pro\u010ditajte vi\u0161e o tvrtki, kako kupiti karte i koje linije imaju u ponudi.\" \/>\n<meta name=\"robots\" content=\"index, follow, max-snippet:-1, max-image-preview:large, max-video-preview:-1\" \/>\n<link rel=\"canonical\" href=\"https:\/\/www.ferrycroatia.com\/hr\/miatours\/\" \/>\n<meta property=\"og:locale\" content=\"en_US\" \/>\n<meta property=\"og:type\" content=\"article\" \/>\n<meta property=\"og:title\" content=\"Miatours - Informacije o katamaranima, vozni red i cijene\" \/>\n<meta property=\"og:description\" content=\"Miatours je trajektna\/katamaranska tvrtka sa sjedi\u0161tem u Zadru. Pro\u010ditajte vi\u0161e o tvrtki, kako kupiti karte i koje linije imaju u ponudi.\" \/>\n<meta property=\"og:url\" content=\"https:\/\/www.ferrycroatia.com\/hr\/miatours\/\" \/>\n<meta property=\"og:site_name\" content=\"Trajekti Hrvatska\" \/>\n<meta property=\"article:modified_time\" content=\"2021-07-08T11:17:10+00:00\" \/>\n<meta name=\"twitter:card\" content=\"summary_large_image\" \/>\n<meta name=\"twitter:label1\" content=\"Est. reading time\" \/>\n\t<meta name=\"twitter:data1\" content=\"2 minutes\" \/>\n<script type=\"application\/ld+json\" class=\"yoast-schema-graph\">{\"@context\":\"https:\/\/schema.org\",\"@graph\":[{\"@type\":[\"WebPage\",\"FAQPage\"],\"@id\":\"https:\/\/www.ferrycroatia.com\/hr\/miatours\/\",\"url\":\"https:\/\/www.ferrycroatia.com\/hr\/miatours\/\",\"name\":\"Miatours - Informacije o katamaranima, vozni red i cijene\",\"isPartOf\":{\"@id\":\"https:\/\/www.ferrycroatia.com\/hr\/#website\"},\"datePublished\":\"2021-01-27T17:37:43+00:00\",\"dateModified\":\"2021-07-08T11:17:10+00:00\",\"description\":\"Miatours je trajektna\/katamaranska tvrtka sa sjedi\u0161tem u Zadru. Pro\u010ditajte vi\u0161e o tvrtki, kako kupiti karte i koje linije imaju u ponudi.\",\"breadcrumb\":{\"@id\":\"https:\/\/www.ferrycroatia.com\/hr\/miatours\/#breadcrumb\"},\"mainEntity\":[{\"@id\":\"https:\/\/www.ferrycroatia.com\/hr\/miatours\/#faq-question-1625742955555\"},{\"@id\":\"https:\/\/www.ferrycroatia.com\/hr\/miatours\/#faq-question-1625742965196\"},{\"@id\":\"https:\/\/www.ferrycroatia.com\/hr\/miatours\/#faq-question-1625742973898\"},{\"@id\":\"https:\/\/www.ferrycroatia.com\/hr\/miatours\/#faq-question-1625742984092\"},{\"@id\":\"https:\/\/www.ferrycroatia.com\/hr\/miatours\/#faq-question-1625742999086\"}],\"inLanguage\":\"en-US\",\"potentialAction\":[{\"@type\":\"ReadAction\",\"target\":[\"https:\/\/www.ferrycroatia.com\/hr\/miatours\/\"]}]},{\"@type\":\"BreadcrumbList\",\"@id\":\"https:\/\/www.ferrycroatia.com\/hr\/miatours\/#breadcrumb\",\"itemListElement\":[{\"@type\":\"ListItem\",\"position\":1,\"name\":\"Home\",\"item\":\"https:\/\/www.ferrycroatia.com\/hr\/\"},{\"@type\":\"ListItem\",\"position\":2,\"name\":\"Miatours\"}]},{\"@type\":\"WebSite\",\"@id\":\"https:\/\/www.ferrycroatia.com\/hr\/#website\",\"url\":\"https:\/\/www.ferrycroatia.com\/hr\/\",\"name\":\"Trajekti Hrvatska\",\"description\":\"Vozni red za sve trajekte i katamarane u Hrvatskoj\",\"potentialAction\":[{\"@type\":\"SearchAction\",\"target\":{\"@type\":\"EntryPoint\",\"urlTemplate\":\"https:\/\/www.ferrycroatia.com\/hr\/?s={search_term_string}\"},\"query-input\":\"required name=search_term_string\"}],\"inLanguage\":\"en-US\"},{\"@type\":\"Question\",\"@id\":\"https:\/\/www.ferrycroatia.com\/hr\/miatours\/#faq-question-1625742955555\",\"position\":1,\"url\":\"https:\/\/www.ferrycroatia.com\/hr\/miatours\/#faq-question-1625742955555\",\"name\":\"Gdje mogu kupiti karte za katamarane agencije Miatours?\",\"answerCount\":1,\"acceptedAnswer\":{\"@type\":\"Answer\",\"text\":\"Karte se mogu kupiti putem interneta, kao i u lukama u Zadru, Premudama, Silbi i Olibu. Sva prodajna mjesta otvaraju se 30 minuta prije polaska katamarana, osim zadarskog prodajnog mjesta koje je ujedno i ured agencije Miatours te je otvoren tijekom cijelog radnog tjedna. Imajte na umu da se izvan sezone i zimi karte ne mogu kupiti na Premudi, Silbi i Olibu, ve\u0107 izravno na katamaranu (pla\u0107a se u hrvatskim kunama).\",\"inLanguage\":\"en-US\"},\"inLanguage\":\"en-US\"},{\"@type\":\"Question\",\"@id\":\"https:\/\/www.ferrycroatia.com\/hr\/miatours\/#faq-question-1625742965196\",\"position\":2,\"url\":\"https:\/\/www.ferrycroatia.com\/hr\/miatours\/#faq-question-1625742965196\",\"name\":\"Koliko prtljage mogu ponijeti na katamarane Miatours?\",\"answerCount\":1,\"acceptedAnswer\":{\"@type\":\"Answer\",\"text\":\"Ako kartu kupite putem interneta, primit \u0107ete e-poruku s potvrdom kupljene karte. Nakon toga trebat \u0107ete pokazati tu potvrdu prilikom preuzimanja karata na prethodno spomenutim prodajnim mjestima.\",\"inLanguage\":\"en-US\"},\"inLanguage\":\"en-US\"},{\"@type\":\"Question\",\"@id\":\"https:\/\/www.ferrycroatia.com\/hr\/miatours\/#faq-question-1625742973898\",\"position\":3,\"url\":\"https:\/\/www.ferrycroatia.com\/hr\/miatours\/#faq-question-1625742973898\",\"name\":\"Moram li imati ispisanu kartu prilikom ulaska u katamaran?\",\"answerCount\":1,\"acceptedAnswer\":{\"@type\":\"Answer\",\"text\":\"Ako kartu kupite putem interneta, primit \u0107ete e-poruku s potvrdom kupljene karte. Nakon toga trebat \u0107ete pokazati tu potvrdu prilikom preuzimanja karata na prethodno spomenutim prodajnim mjestima.\",\"inLanguage\":\"en-US\"},\"inLanguage\":\"en-US\"},{\"@type\":\"Question\",\"@id\":\"https:\/\/www.ferrycroatia.com\/hr\/miatours\/#faq-question-1625742984092\",\"position\":4,\"url\":\"https:\/\/www.ferrycroatia.com\/hr\/miatours\/#faq-question-1625742984092\",\"name\":\"Mogu li povesti svog ljubimca na katamaran?\",\"answerCount\":1,\"acceptedAnswer\":{\"@type\":\"Answer\",\"text\":\"Izvadak iz op\u0107ih uvjeta poslovanja agencije Miatours za transport ku\u0107nih ljubimaca navodi:<br\/><em>Kada su ispunjeni tehni\u010dki uvjeti za prijevoz ku\u0107nih ljubimaca (posjedovanje posebnih kutija za transport \u017eivotinja), onda se cijena karta za ku\u0107ne ljubimce umanjuje za 50% od ukupne cijene karte odraslog putnika.<\/em>\",\"inLanguage\":\"en-US\"},\"inLanguage\":\"en-US\"},{\"@type\":\"Question\",\"@id\":\"https:\/\/www.ferrycroatia.com\/hr\/miatours\/#faq-question-1625742999086\",\"position\":5,\"url\":\"https:\/\/www.ferrycroatia.com\/hr\/miatours\/#faq-question-1625742999086\",\"name\":\"Moram li kupiti zasebnu kartu za malu djecu koja putuju sa mnom?\",\"answerCount\":1,\"acceptedAnswer\":{\"@type\":\"Answer\",\"text\":\"Djeca u dobi od 1 do 3 godine mogu putovati besplatno. Djeca do 1 godine ne\u0107e dobiti putnu kartu, dok \u0107e djeca do 3 godine imati putnu kartu sa sobom.\",\"inLanguage\":\"en-US\"},\"inLanguage\":\"en-US\"}]}<\/script>\n<!-- \/ Yoast SEO plugin. -->","yoast_head_json":{"title":"Miatours - Informacije o katamaranima, vozni red i cijene","description":"Miatours je trajektna\/katamaranska tvrtka sa sjedi\u0161tem u Zadru. Pro\u010ditajte vi\u0161e o tvrtki, kako kupiti karte i koje linije imaju u ponudi.","robots":{"index":"index","follow":"follow","max-snippet":"max-snippet:-1","max-image-preview":"max-image-preview:large","max-video-preview":"max-video-preview:-1"},"canonical":"https:\/\/www.ferrycroatia.com\/hr\/miatours\/","og_locale":"en_US","og_type":"article","og_title":"Miatours - Informacije o katamaranima, vozni red i cijene","og_description":"Miatours je trajektna\/katamaranska tvrtka sa sjedi\u0161tem u Zadru. Pro\u010ditajte vi\u0161e o tvrtki, kako kupiti karte i koje linije imaju u ponudi.","og_url":"https:\/\/www.ferrycroatia.com\/hr\/miatours\/","og_site_name":"Trajekti Hrvatska","article_modified_time":"2021-07-08T11:17:10+00:00","twitter_card":"summary_large_image","twitter_misc":{"Est. reading time":"2 minutes"},"schema":{"@context":"https:\/\/schema.org","@graph":[{"@type":["WebPage","FAQPage"],"@id":"https:\/\/www.ferrycroatia.com\/hr\/miatours\/","url":"https:\/\/www.ferrycroatia.com\/hr\/miatours\/","name":"Miatours - Informacije o katamaranima, vozni red i cijene","isPartOf":{"@id":"https:\/\/www.ferrycroatia.com\/hr\/#website"},"datePublished":"2021-01-27T17:37:43+00:00","dateModified":"2021-07-08T11:17:10+00:00","description":"Miatours je trajektna\/katamaranska tvrtka sa sjedi\u0161tem u Zadru. Pro\u010ditajte vi\u0161e o tvrtki, kako kupiti karte i koje linije imaju u ponudi.","breadcrumb":{"@id":"https:\/\/www.ferrycroatia.com\/hr\/miatours\/#breadcrumb"},"mainEntity":[{"@id":"https:\/\/www.ferrycroatia.com\/hr\/miatours\/#faq-question-1625742955555"},{"@id":"https:\/\/www.ferrycroatia.com\/hr\/miatours\/#faq-question-1625742965196"},{"@id":"https:\/\/www.ferrycroatia.com\/hr\/miatours\/#faq-question-1625742973898"},{"@id":"https:\/\/www.ferrycroatia.com\/hr\/miatours\/#faq-question-1625742984092"},{"@id":"https:\/\/www.ferrycroatia.com\/hr\/miatours\/#faq-question-1625742999086"}],"inLanguage":"en-US","potentialAction":[{"@type":"ReadAction","target":["https:\/\/www.ferrycroatia.com\/hr\/miatours\/"]}]},{"@type":"BreadcrumbList","@id":"https:\/\/www.ferrycroatia.com\/hr\/miatours\/#breadcrumb","itemListElement":[{"@type":"ListItem","position":1,"name":"Home","item":"https:\/\/www.ferrycroatia.com\/hr\/"},{"@type":"ListItem","position":2,"name":"Miatours"}]},{"@type":"WebSite","@id":"https:\/\/www.ferrycroatia.com\/hr\/#website","url":"https:\/\/www.ferrycroatia.com\/hr\/","name":"Trajekti Hrvatska","description":"Vozni red za sve trajekte i katamarane u Hrvatskoj","potentialAction":[{"@type":"SearchAction","target":{"@type":"EntryPoint","urlTemplate":"https:\/\/www.ferrycroatia.com\/hr\/?s={search_term_string}"},"query-input":"required name=search_term_string"}],"inLanguage":"en-US"},{"@type":"Question","@id":"https:\/\/www.ferrycroatia.com\/hr\/miatours\/#faq-question-1625742955555","position":1,"url":"https:\/\/www.ferrycroatia.com\/hr\/miatours\/#faq-question-1625742955555","name":"Gdje mogu kupiti karte za katamarane agencije Miatours?","answerCount":1,"acceptedAnswer":{"@type":"Answer","text":"Karte se mogu kupiti putem interneta, kao i u lukama u Zadru, Premudama, Silbi i Olibu. Sva prodajna mjesta otvaraju se 30 minuta prije polaska katamarana, osim zadarskog prodajnog mjesta koje je ujedno i ured agencije Miatours te je otvoren tijekom cijelog radnog tjedna. Imajte na umu da se izvan sezone i zimi karte ne mogu kupiti na Premudi, Silbi i Olibu, ve\u0107 izravno na katamaranu (pla\u0107a se u hrvatskim kunama).","inLanguage":"en-US"},"inLanguage":"en-US"},{"@type":"Question","@id":"https:\/\/www.ferrycroatia.com\/hr\/miatours\/#faq-question-1625742965196","position":2,"url":"https:\/\/www.ferrycroatia.com\/hr\/miatours\/#faq-question-1625742965196","name":"Koliko prtljage mogu ponijeti na katamarane Miatours?","answerCount":1,"acceptedAnswer":{"@type":"Answer","text":"Ako kartu kupite putem interneta, primit \u0107ete e-poruku s potvrdom kupljene karte. Nakon toga trebat \u0107ete pokazati tu potvrdu prilikom preuzimanja karata na prethodno spomenutim prodajnim mjestima.","inLanguage":"en-US"},"inLanguage":"en-US"},{"@type":"Question","@id":"https:\/\/www.ferrycroatia.com\/hr\/miatours\/#faq-question-1625742973898","position":3,"url":"https:\/\/www.ferrycroatia.com\/hr\/miatours\/#faq-question-1625742973898","name":"Moram li imati ispisanu kartu prilikom ulaska u katamaran?","answerCount":1,"acceptedAnswer":{"@type":"Answer","text":"Ako kartu kupite putem interneta, primit \u0107ete e-poruku s potvrdom kupljene karte. Nakon toga trebat \u0107ete pokazati tu potvrdu prilikom preuzimanja karata na prethodno spomenutim prodajnim mjestima.","inLanguage":"en-US"},"inLanguage":"en-US"},{"@type":"Question","@id":"https:\/\/www.ferrycroatia.com\/hr\/miatours\/#faq-question-1625742984092","position":4,"url":"https:\/\/www.ferrycroatia.com\/hr\/miatours\/#faq-question-1625742984092","name":"Mogu li povesti svog ljubimca na katamaran?","answerCount":1,"acceptedAnswer":{"@type":"Answer","text":"Izvadak iz op\u0107ih uvjeta poslovanja agencije Miatours za transport ku\u0107nih ljubimaca navodi:<br\/><em>Kada su ispunjeni tehni\u010dki uvjeti za prijevoz ku\u0107nih ljubimaca (posjedovanje posebnih kutija za transport \u017eivotinja), onda se cijena karta za ku\u0107ne ljubimce umanjuje za 50% od ukupne cijene karte odraslog putnika.<\/em>","inLanguage":"en-US"},"inLanguage":"en-US"},{"@type":"Question","@id":"https:\/\/www.ferrycroatia.com\/hr\/miatours\/#faq-question-1625742999086","position":5,"url":"https:\/\/www.ferrycroatia.com\/hr\/miatours\/#faq-question-1625742999086","name":"Moram li kupiti zasebnu kartu za malu djecu koja putuju sa mnom?","answerCount":1,"acceptedAnswer":{"@type":"Answer","text":"Djeca u dobi od 1 do 3 godine mogu putovati besplatno. Djeca do 1 godine ne\u0107e dobiti putnu kartu, dok \u0107e djeca do 3 godine imati putnu kartu sa sobom.","inLanguage":"en-US"},"inLanguage":"en-US"}]}},"_links":{"self":[{"href":"https:\/\/www.ferrycroatia.com\/hr\/wp-json\/wp\/v2\/pages\/1187"}],"collection":[{"href":"https:\/\/www.ferrycroatia.com\/hr\/wp-json\/wp\/v2\/pages"}],"about":[{"href":"https:\/\/www.ferrycroatia.com\/hr\/wp-json\/wp\/v2\/types\/page"}],"author":[{"embeddable":true,"href":"https:\/\/www.ferrycroatia.com\/hr\/wp-json\/wp\/v2\/users\/5"}],"replies":[{"embeddable":true,"href":"https:\/\/www.ferrycroatia.com\/hr\/wp-json\/wp\/v2\/comments?post=1187"}],"version-history":[{"count":2,"href":"https:\/\/www.ferrycroatia.com\/hr\/wp-json\/wp\/v2\/pages\/1187\/revisions"}],"predecessor-version":[{"id":2370,"href":"https:\/\/www.ferrycroatia.com\/hr\/wp-json\/wp\/v2\/pages\/1187\/revisions\/2370"}],"wp:attachment":[{"href":"https:\/\/www.ferrycroatia.com\/hr\/wp-json\/wp\/v2\/media?parent=1187"}],"curies":[{"name":"wp","href":"https:\/\/api.w.org\/{rel}","templated":true}]}}