{"id":1189,"date":"2021-01-27T17:41:55","date_gmt":"2021-01-27T17:41:55","guid":{"rendered":"https:\/\/ferrycroatia.com\/hr\/?page_id=1189"},"modified":"2021-07-08T13:19:16","modified_gmt":"2021-07-08T11:19:16","slug":"rapska-plovidba","status":"publish","type":"page","link":"https:\/\/www.ferrycroatia.com\/hr\/rapska-plovidba\/","title":{"rendered":"Rapska Plovidba"},"content":{"rendered":"\n<p><strong>Rapska plovidba d.d. lokalna je trajektna tvrtka<\/strong> sa sjedi\u0161tem u mjestu Mali Palit na <a href=\"https:\/\/www.ferrycroatia.com\/hr\/otok-rab\/\">otoku Rabu<\/a>. Trajektne linije neprestano se odr\u017eavaju od 1963.godine kada su zapo\u010dele s prometovanjem. <strong>Flota tvrtke trenutno uklju\u010duje pet trajekata:<\/strong> &#8220;\u010cetiri zvonika&#8221;, &#8220;Barbat&#8221;, &#8220;Sveti Marin&#8221;, &#8220;Sveti Kristofor&#8221; i &#8220;Maslina&#8221;. Budu\u0107i da je Rapska plovidba mala, lokalna tvrtka, trenutno nude samo <strong>dvije trajektne linije<\/strong>, od kojih jedna povezuje otok Rab s <a href=\"https:\/\/www.ferrycroatia.com\/hr\/otok-pag\/\">otokom Pagom<\/a>:<\/p>\n\n\n\n<ul><li aria-level=\"1\"><a href=\"https:\/\/www.ferrycroatia.com\/hr\/stinica-rab\/\">Stinica \u2013 Mi\u0161injak (Rab)<\/a><\/li><li aria-level=\"1\"><a href=\"https:\/\/www.ferrycroatia.com\/hr\/rab-lun-tovarnele\/\">Grad Rab\u2013 Lun Tovarnele (Pag)<\/a><\/li><\/ul>\n\n\n\n<p><strong>Navedene linije prometuju tijekom cijele godine<\/strong>, a u ljetnoj sezoni dostupno je desetak dnevnih polazaka. Izvan sezone i zimi, ponu\u0111eno je znatno manje polazaka te zato savjetujemo provjeru&nbsp; cjelovitog vozng reda prije polaska. Tako\u0111er, putem na\u0161eg obrasca za pretra\u017eivanje mo\u017eete prona\u0107i sve \u017eeljene linije.<\/p>\n\n\n\n<h2><b>Rapska Plovidba- naj\u010de\u0161\u0107a pitanja<\/b><\/h2>\n\n\n\n<div class=\"schema-faq wp-block-yoast-faq-block\"><div class=\"schema-faq-section\" id=\"faq-question-1625743059524\"><strong class=\"schema-faq-question\"><strong>Gdje mogu kupiti karte za polaske koje nudi Rapska plovidba?<\/strong><\/strong> <p class=\"schema-faq-answer\">Karte za trajekt mogu se kupiti samo na prodajnim mjestima u lukama. Zbog ljetnih gu\u017evi i ograni\u010denog prostora na trajektima, savjetujemo da svoje karte kupite na vrijeme. Tako\u0111er, ako putujete automobilom, imajte na umu da \u0107ete morati kupiti kartu za automobil uz putni\u010dku kartu.<\/p> <\/div> <div class=\"schema-faq-section\" id=\"faq-question-1625743069980\"><strong class=\"schema-faq-question\"><strong>Koliko ranije trebam do\u0107i u luku prije samog polaska?<\/strong><\/strong> <p class=\"schema-faq-answer\">Odgovor na ovo pitanje svakako ovisi o sezoni. Budu\u0107i da trajekti Rapske plovidbe imaju ograni\u010den prostor za automobile, preporu\u010dujemo da do\u0111ete \u0161to ranije kako biste osigurali svoje mjesto na trajektu. Stoga, savjetujemo da do\u0111ete najmanje sat i pol prije vremena polaska tijekom ljetne sezone.<\/p> <\/div> <div class=\"schema-faq-section\" id=\"faq-question-1625743078364\"><strong class=\"schema-faq-question\"><strong>Mogu li povesti svog ljubimca na trajekt?<\/strong><\/strong> <p class=\"schema-faq-answer\">Da, svog ljubimca mo\u017eete dovesti na brod (besplatno), ali samo ako to ne predstavlja opasnost ili bilo kakvu smetnju za ostale putnike. Va\u017eno je naglasiti da ku\u0107ne ljubimce nije mogu\u0107e unijeti u zatvorene putni\u010dke kabine.<\/p> <\/div> <div class=\"schema-faq-section\" id=\"faq-question-1625743088275\"><strong class=\"schema-faq-question\"><strong>Mogu li ponijeti svoj bicikl na trajekt Rapske plovidbe?<\/strong><\/strong> <p class=\"schema-faq-answer\">Da, bicikl mo\u017eete ponijeti na brod, ali imajte na umu da \u0107ete morati dodatno platiti. Cijenu transporta bicikla mo\u017eete prona\u0107i u voznim redovima ponu\u0111enih linija.<\/p> <\/div> <div class=\"schema-faq-section\" id=\"faq-question-1625743100669\"><strong class=\"schema-faq-question\"><strong>Koliko prtljage mogu ponijeti na trajekt Rapske plovidbe?<\/strong><\/strong> <p class=\"schema-faq-answer\">Ako ste putnik pje\u0161ak bez vozila, na brod mo\u017eete ponijeti do 100 kg prtljage. Prtljagu mo\u017eete besplatno ponijeti samo ako njena te\u017eina ne prelazi 20 kg.<\/p> <\/div> <div class=\"schema-faq-section\" id=\"faq-question-1625743108709\"><strong class=\"schema-faq-question\"><strong>Mogu li kupiti kartu za odre\u0111eni polazak?<\/strong><\/strong> <p class=\"schema-faq-answer\">Na\u017ealost ne, kartu mo\u017eete kupiti samo za odre\u0111eni datum, ali ne i za odre\u0111eno vrijeme polaska. Naime, zbog velikih gu\u017evi u trajektnim lukama, gdje automobili \u010dekaju u dugim redovima, Rapska plovidba koristi <em>First In First Out<\/em> sustav ukrcaja putnika i automobila. Upravo zato savjetujemo raniji dolazak u luku i pomno planiranje putovanja.<\/p> <\/div> <\/div>\n","protected":false},"excerpt":{"rendered":"<p>Rapska plovidba d.d. lokalna je trajektna tvrtka sa sjedi\u0161tem u mjestu Mali Palit na otoku Rabu. Trajektne linije neprestano se odr\u017eavaju od 1963.godine kada su zapo\u010dele s prometovanjem. Flota tvrtke trenutno uklju\u010duje pet trajekata: &#8220;\u010cetiri zvonika&#8221;, &#8220;Barbat&#8221;, &#8220;Sveti Marin&#8221;, &#8220;Sveti Kristofor&#8221; i &#8220;Maslina&#8221;. Budu\u0107i da je Rapska plovidba mala, lokalna tvrtka, trenutno nude samo dvije [&hellip;]<\/p>\n<p><a class=\"more-link\" href=\"https:\/\/www.ferrycroatia.com\/hr\/rapska-plovidba\/\"> Continue reading&#8230;<\/a><\/p>\n","protected":false},"author":5,"featured_media":1190,"parent":0,"menu_order":0,"comment_status":"closed","ping_status":"closed","template":"","meta":[],"yoast_head":"<!-- This site is optimized with the Yoast SEO plugin v19.8 - https:\/\/yoast.com\/wordpress\/plugins\/seo\/ -->\n<title>Rapska Plovidba d.d. - Informacije, vozni red i cijene<\/title>\n<meta name=\"description\" content=\"Rapska Plovidba je trajektna tvrtka sa sredi\u0161tem na otoku Rabu. Pro\u010ditajte vi\u0161e o tvrtki, kako kupiti trajektne karte i koje linije imaju u ponudi.\" \/>\n<meta name=\"robots\" content=\"index, follow, max-snippet:-1, max-image-preview:large, max-video-preview:-1\" \/>\n<link rel=\"canonical\" href=\"https:\/\/www.ferrycroatia.com\/hr\/rapska-plovidba\/\" \/>\n<meta property=\"og:locale\" content=\"en_US\" \/>\n<meta property=\"og:type\" content=\"article\" \/>\n<meta property=\"og:title\" content=\"Rapska Plovidba d.d. - Informacije, vozni red i cijene\" \/>\n<meta property=\"og:description\" content=\"Rapska Plovidba je trajektna tvrtka sa sredi\u0161tem na otoku Rabu. Pro\u010ditajte vi\u0161e o tvrtki, kako kupiti trajektne karte i koje linije imaju u ponudi.\" \/>\n<meta property=\"og:url\" content=\"https:\/\/www.ferrycroatia.com\/hr\/rapska-plovidba\/\" \/>\n<meta property=\"og:site_name\" content=\"Trajekti Hrvatska\" \/>\n<meta property=\"article:modified_time\" content=\"2021-07-08T11:19:16+00:00\" \/>\n<meta property=\"og:image\" content=\"https:\/\/www.ferrycroatia.com\/hr\/wp-content\/uploads\/2021\/01\/Rapska-plovidba.jpg\" \/>\n\t<meta property=\"og:image:width\" content=\"1024\" \/>\n\t<meta property=\"og:image:height\" content=\"576\" \/>\n\t<meta property=\"og:image:type\" content=\"image\/jpeg\" \/>\n<meta name=\"twitter:card\" content=\"summary_large_image\" \/>\n<meta name=\"twitter:label1\" content=\"Est. reading time\" \/>\n\t<meta name=\"twitter:data1\" content=\"2 minutes\" \/>\n<script type=\"application\/ld+json\" class=\"yoast-schema-graph\">{\"@context\":\"https:\/\/schema.org\",\"@graph\":[{\"@type\":[\"WebPage\",\"FAQPage\"],\"@id\":\"https:\/\/www.ferrycroatia.com\/hr\/rapska-plovidba\/\",\"url\":\"https:\/\/www.ferrycroatia.com\/hr\/rapska-plovidba\/\",\"name\":\"Rapska Plovidba d.d. - Informacije, vozni red i cijene\",\"isPartOf\":{\"@id\":\"https:\/\/www.ferrycroatia.com\/hr\/#website\"},\"datePublished\":\"2021-01-27T17:41:55+00:00\",\"dateModified\":\"2021-07-08T11:19:16+00:00\",\"description\":\"Rapska Plovidba je trajektna tvrtka sa sredi\u0161tem na otoku Rabu. Pro\u010ditajte vi\u0161e o tvrtki, kako kupiti trajektne karte i koje linije imaju u ponudi.\",\"breadcrumb\":{\"@id\":\"https:\/\/www.ferrycroatia.com\/hr\/rapska-plovidba\/#breadcrumb\"},\"mainEntity\":[{\"@id\":\"https:\/\/www.ferrycroatia.com\/hr\/rapska-plovidba\/#faq-question-1625743059524\"},{\"@id\":\"https:\/\/www.ferrycroatia.com\/hr\/rapska-plovidba\/#faq-question-1625743069980\"},{\"@id\":\"https:\/\/www.ferrycroatia.com\/hr\/rapska-plovidba\/#faq-question-1625743078364\"},{\"@id\":\"https:\/\/www.ferrycroatia.com\/hr\/rapska-plovidba\/#faq-question-1625743088275\"},{\"@id\":\"https:\/\/www.ferrycroatia.com\/hr\/rapska-plovidba\/#faq-question-1625743100669\"},{\"@id\":\"https:\/\/www.ferrycroatia.com\/hr\/rapska-plovidba\/#faq-question-1625743108709\"}],\"inLanguage\":\"en-US\",\"potentialAction\":[{\"@type\":\"ReadAction\",\"target\":[\"https:\/\/www.ferrycroatia.com\/hr\/rapska-plovidba\/\"]}]},{\"@type\":\"BreadcrumbList\",\"@id\":\"https:\/\/www.ferrycroatia.com\/hr\/rapska-plovidba\/#breadcrumb\",\"itemListElement\":[{\"@type\":\"ListItem\",\"position\":1,\"name\":\"Home\",\"item\":\"https:\/\/www.ferrycroatia.com\/hr\/\"},{\"@type\":\"ListItem\",\"position\":2,\"name\":\"Rapska Plovidba\"}]},{\"@type\":\"WebSite\",\"@id\":\"https:\/\/www.ferrycroatia.com\/hr\/#website\",\"url\":\"https:\/\/www.ferrycroatia.com\/hr\/\",\"name\":\"Trajekti Hrvatska\",\"description\":\"Vozni red za sve trajekte i katamarane u Hrvatskoj\",\"potentialAction\":[{\"@type\":\"SearchAction\",\"target\":{\"@type\":\"EntryPoint\",\"urlTemplate\":\"https:\/\/www.ferrycroatia.com\/hr\/?s={search_term_string}\"},\"query-input\":\"required name=search_term_string\"}],\"inLanguage\":\"en-US\"},{\"@type\":\"Question\",\"@id\":\"https:\/\/www.ferrycroatia.com\/hr\/rapska-plovidba\/#faq-question-1625743059524\",\"position\":1,\"url\":\"https:\/\/www.ferrycroatia.com\/hr\/rapska-plovidba\/#faq-question-1625743059524\",\"name\":\"Gdje mogu kupiti karte za polaske koje nudi Rapska plovidba?\",\"answerCount\":1,\"acceptedAnswer\":{\"@type\":\"Answer\",\"text\":\"Karte za trajekt mogu se kupiti samo na prodajnim mjestima u lukama. Zbog ljetnih gu\u017evi i ograni\u010denog prostora na trajektima, savjetujemo da svoje karte kupite na vrijeme. Tako\u0111er, ako putujete automobilom, imajte na umu da \u0107ete morati kupiti kartu za automobil uz putni\u010dku kartu.\",\"inLanguage\":\"en-US\"},\"inLanguage\":\"en-US\"},{\"@type\":\"Question\",\"@id\":\"https:\/\/www.ferrycroatia.com\/hr\/rapska-plovidba\/#faq-question-1625743069980\",\"position\":2,\"url\":\"https:\/\/www.ferrycroatia.com\/hr\/rapska-plovidba\/#faq-question-1625743069980\",\"name\":\"Koliko ranije trebam do\u0107i u luku prije samog polaska?\",\"answerCount\":1,\"acceptedAnswer\":{\"@type\":\"Answer\",\"text\":\"Odgovor na ovo pitanje svakako ovisi o sezoni. Budu\u0107i da trajekti Rapske plovidbe imaju ograni\u010den prostor za automobile, preporu\u010dujemo da do\u0111ete \u0161to ranije kako biste osigurali svoje mjesto na trajektu. Stoga, savjetujemo da do\u0111ete najmanje sat i pol prije vremena polaska tijekom ljetne sezone.\",\"inLanguage\":\"en-US\"},\"inLanguage\":\"en-US\"},{\"@type\":\"Question\",\"@id\":\"https:\/\/www.ferrycroatia.com\/hr\/rapska-plovidba\/#faq-question-1625743078364\",\"position\":3,\"url\":\"https:\/\/www.ferrycroatia.com\/hr\/rapska-plovidba\/#faq-question-1625743078364\",\"name\":\"Mogu li povesti svog ljubimca na trajekt?\",\"answerCount\":1,\"acceptedAnswer\":{\"@type\":\"Answer\",\"text\":\"Da, svog ljubimca mo\u017eete dovesti na brod (besplatno), ali samo ako to ne predstavlja opasnost ili bilo kakvu smetnju za ostale putnike. Va\u017eno je naglasiti da ku\u0107ne ljubimce nije mogu\u0107e unijeti u zatvorene putni\u010dke kabine.\",\"inLanguage\":\"en-US\"},\"inLanguage\":\"en-US\"},{\"@type\":\"Question\",\"@id\":\"https:\/\/www.ferrycroatia.com\/hr\/rapska-plovidba\/#faq-question-1625743088275\",\"position\":4,\"url\":\"https:\/\/www.ferrycroatia.com\/hr\/rapska-plovidba\/#faq-question-1625743088275\",\"name\":\"Mogu li ponijeti svoj bicikl na trajekt Rapske plovidbe?\",\"answerCount\":1,\"acceptedAnswer\":{\"@type\":\"Answer\",\"text\":\"Da, bicikl mo\u017eete ponijeti na brod, ali imajte na umu da \u0107ete morati dodatno platiti. Cijenu transporta bicikla mo\u017eete prona\u0107i u voznim redovima ponu\u0111enih linija.\",\"inLanguage\":\"en-US\"},\"inLanguage\":\"en-US\"},{\"@type\":\"Question\",\"@id\":\"https:\/\/www.ferrycroatia.com\/hr\/rapska-plovidba\/#faq-question-1625743100669\",\"position\":5,\"url\":\"https:\/\/www.ferrycroatia.com\/hr\/rapska-plovidba\/#faq-question-1625743100669\",\"name\":\"Koliko prtljage mogu ponijeti na trajekt Rapske plovidbe?\",\"answerCount\":1,\"acceptedAnswer\":{\"@type\":\"Answer\",\"text\":\"Ako ste putnik pje\u0161ak bez vozila, na brod mo\u017eete ponijeti do 100 kg prtljage. Prtljagu mo\u017eete besplatno ponijeti samo ako njena te\u017eina ne prelazi 20 kg.\",\"inLanguage\":\"en-US\"},\"inLanguage\":\"en-US\"},{\"@type\":\"Question\",\"@id\":\"https:\/\/www.ferrycroatia.com\/hr\/rapska-plovidba\/#faq-question-1625743108709\",\"position\":6,\"url\":\"https:\/\/www.ferrycroatia.com\/hr\/rapska-plovidba\/#faq-question-1625743108709\",\"name\":\"Mogu li kupiti kartu za odre\u0111eni polazak?\",\"answerCount\":1,\"acceptedAnswer\":{\"@type\":\"Answer\",\"text\":\"Na\u017ealost ne, kartu mo\u017eete kupiti samo za odre\u0111eni datum, ali ne i za odre\u0111eno vrijeme polaska. Naime, zbog velikih gu\u017evi u trajektnim lukama, gdje automobili \u010dekaju u dugim redovima, Rapska plovidba koristi <em>First In First Out<\/em> sustav ukrcaja putnika i automobila. Upravo zato savjetujemo raniji dolazak u luku i pomno planiranje putovanja.\",\"inLanguage\":\"en-US\"},\"inLanguage\":\"en-US\"}]}<\/script>\n<!-- \/ Yoast SEO plugin. -->","yoast_head_json":{"title":"Rapska Plovidba d.d. - Informacije, vozni red i cijene","description":"Rapska Plovidba je trajektna tvrtka sa sredi\u0161tem na otoku Rabu. Pro\u010ditajte vi\u0161e o tvrtki, kako kupiti trajektne karte i koje linije imaju u ponudi.","robots":{"index":"index","follow":"follow","max-snippet":"max-snippet:-1","max-image-preview":"max-image-preview:large","max-video-preview":"max-video-preview:-1"},"canonical":"https:\/\/www.ferrycroatia.com\/hr\/rapska-plovidba\/","og_locale":"en_US","og_type":"article","og_title":"Rapska Plovidba d.d. - Informacije, vozni red i cijene","og_description":"Rapska Plovidba je trajektna tvrtka sa sredi\u0161tem na otoku Rabu. Pro\u010ditajte vi\u0161e o tvrtki, kako kupiti trajektne karte i koje linije imaju u ponudi.","og_url":"https:\/\/www.ferrycroatia.com\/hr\/rapska-plovidba\/","og_site_name":"Trajekti Hrvatska","article_modified_time":"2021-07-08T11:19:16+00:00","og_image":[{"width":1024,"height":576,"url":"https:\/\/www.ferrycroatia.com\/hr\/wp-content\/uploads\/2021\/01\/Rapska-plovidba.jpg","type":"image\/jpeg"}],"twitter_card":"summary_large_image","twitter_misc":{"Est. reading time":"2 minutes"},"schema":{"@context":"https:\/\/schema.org","@graph":[{"@type":["WebPage","FAQPage"],"@id":"https:\/\/www.ferrycroatia.com\/hr\/rapska-plovidba\/","url":"https:\/\/www.ferrycroatia.com\/hr\/rapska-plovidba\/","name":"Rapska Plovidba d.d. - Informacije, vozni red i cijene","isPartOf":{"@id":"https:\/\/www.ferrycroatia.com\/hr\/#website"},"datePublished":"2021-01-27T17:41:55+00:00","dateModified":"2021-07-08T11:19:16+00:00","description":"Rapska Plovidba je trajektna tvrtka sa sredi\u0161tem na otoku Rabu. Pro\u010ditajte vi\u0161e o tvrtki, kako kupiti trajektne karte i koje linije imaju u ponudi.","breadcrumb":{"@id":"https:\/\/www.ferrycroatia.com\/hr\/rapska-plovidba\/#breadcrumb"},"mainEntity":[{"@id":"https:\/\/www.ferrycroatia.com\/hr\/rapska-plovidba\/#faq-question-1625743059524"},{"@id":"https:\/\/www.ferrycroatia.com\/hr\/rapska-plovidba\/#faq-question-1625743069980"},{"@id":"https:\/\/www.ferrycroatia.com\/hr\/rapska-plovidba\/#faq-question-1625743078364"},{"@id":"https:\/\/www.ferrycroatia.com\/hr\/rapska-plovidba\/#faq-question-1625743088275"},{"@id":"https:\/\/www.ferrycroatia.com\/hr\/rapska-plovidba\/#faq-question-1625743100669"},{"@id":"https:\/\/www.ferrycroatia.com\/hr\/rapska-plovidba\/#faq-question-1625743108709"}],"inLanguage":"en-US","potentialAction":[{"@type":"ReadAction","target":["https:\/\/www.ferrycroatia.com\/hr\/rapska-plovidba\/"]}]},{"@type":"BreadcrumbList","@id":"https:\/\/www.ferrycroatia.com\/hr\/rapska-plovidba\/#breadcrumb","itemListElement":[{"@type":"ListItem","position":1,"name":"Home","item":"https:\/\/www.ferrycroatia.com\/hr\/"},{"@type":"ListItem","position":2,"name":"Rapska Plovidba"}]},{"@type":"WebSite","@id":"https:\/\/www.ferrycroatia.com\/hr\/#website","url":"https:\/\/www.ferrycroatia.com\/hr\/","name":"Trajekti Hrvatska","description":"Vozni red za sve trajekte i katamarane u Hrvatskoj","potentialAction":[{"@type":"SearchAction","target":{"@type":"EntryPoint","urlTemplate":"https:\/\/www.ferrycroatia.com\/hr\/?s={search_term_string}"},"query-input":"required name=search_term_string"}],"inLanguage":"en-US"},{"@type":"Question","@id":"https:\/\/www.ferrycroatia.com\/hr\/rapska-plovidba\/#faq-question-1625743059524","position":1,"url":"https:\/\/www.ferrycroatia.com\/hr\/rapska-plovidba\/#faq-question-1625743059524","name":"Gdje mogu kupiti karte za polaske koje nudi Rapska plovidba?","answerCount":1,"acceptedAnswer":{"@type":"Answer","text":"Karte za trajekt mogu se kupiti samo na prodajnim mjestima u lukama. Zbog ljetnih gu\u017evi i ograni\u010denog prostora na trajektima, savjetujemo da svoje karte kupite na vrijeme. Tako\u0111er, ako putujete automobilom, imajte na umu da \u0107ete morati kupiti kartu za automobil uz putni\u010dku kartu.","inLanguage":"en-US"},"inLanguage":"en-US"},{"@type":"Question","@id":"https:\/\/www.ferrycroatia.com\/hr\/rapska-plovidba\/#faq-question-1625743069980","position":2,"url":"https:\/\/www.ferrycroatia.com\/hr\/rapska-plovidba\/#faq-question-1625743069980","name":"Koliko ranije trebam do\u0107i u luku prije samog polaska?","answerCount":1,"acceptedAnswer":{"@type":"Answer","text":"Odgovor na ovo pitanje svakako ovisi o sezoni. Budu\u0107i da trajekti Rapske plovidbe imaju ograni\u010den prostor za automobile, preporu\u010dujemo da do\u0111ete \u0161to ranije kako biste osigurali svoje mjesto na trajektu. Stoga, savjetujemo da do\u0111ete najmanje sat i pol prije vremena polaska tijekom ljetne sezone.","inLanguage":"en-US"},"inLanguage":"en-US"},{"@type":"Question","@id":"https:\/\/www.ferrycroatia.com\/hr\/rapska-plovidba\/#faq-question-1625743078364","position":3,"url":"https:\/\/www.ferrycroatia.com\/hr\/rapska-plovidba\/#faq-question-1625743078364","name":"Mogu li povesti svog ljubimca na trajekt?","answerCount":1,"acceptedAnswer":{"@type":"Answer","text":"Da, svog ljubimca mo\u017eete dovesti na brod (besplatno), ali samo ako to ne predstavlja opasnost ili bilo kakvu smetnju za ostale putnike. Va\u017eno je naglasiti da ku\u0107ne ljubimce nije mogu\u0107e unijeti u zatvorene putni\u010dke kabine.","inLanguage":"en-US"},"inLanguage":"en-US"},{"@type":"Question","@id":"https:\/\/www.ferrycroatia.com\/hr\/rapska-plovidba\/#faq-question-1625743088275","position":4,"url":"https:\/\/www.ferrycroatia.com\/hr\/rapska-plovidba\/#faq-question-1625743088275","name":"Mogu li ponijeti svoj bicikl na trajekt Rapske plovidbe?","answerCount":1,"acceptedAnswer":{"@type":"Answer","text":"Da, bicikl mo\u017eete ponijeti na brod, ali imajte na umu da \u0107ete morati dodatno platiti. Cijenu transporta bicikla mo\u017eete prona\u0107i u voznim redovima ponu\u0111enih linija.","inLanguage":"en-US"},"inLanguage":"en-US"},{"@type":"Question","@id":"https:\/\/www.ferrycroatia.com\/hr\/rapska-plovidba\/#faq-question-1625743100669","position":5,"url":"https:\/\/www.ferrycroatia.com\/hr\/rapska-plovidba\/#faq-question-1625743100669","name":"Koliko prtljage mogu ponijeti na trajekt Rapske plovidbe?","answerCount":1,"acceptedAnswer":{"@type":"Answer","text":"Ako ste putnik pje\u0161ak bez vozila, na brod mo\u017eete ponijeti do 100 kg prtljage. Prtljagu mo\u017eete besplatno ponijeti samo ako njena te\u017eina ne prelazi 20 kg.","inLanguage":"en-US"},"inLanguage":"en-US"},{"@type":"Question","@id":"https:\/\/www.ferrycroatia.com\/hr\/rapska-plovidba\/#faq-question-1625743108709","position":6,"url":"https:\/\/www.ferrycroatia.com\/hr\/rapska-plovidba\/#faq-question-1625743108709","name":"Mogu li kupiti kartu za odre\u0111eni polazak?","answerCount":1,"acceptedAnswer":{"@type":"Answer","text":"Na\u017ealost ne, kartu mo\u017eete kupiti samo za odre\u0111eni datum, ali ne i za odre\u0111eno vrijeme polaska. Naime, zbog velikih gu\u017evi u trajektnim lukama, gdje automobili \u010dekaju u dugim redovima, Rapska plovidba koristi <em>First In First Out<\/em> sustav ukrcaja putnika i automobila. Upravo zato savjetujemo raniji dolazak u luku i pomno planiranje putovanja.","inLanguage":"en-US"},"inLanguage":"en-US"}]}},"_links":{"self":[{"href":"https:\/\/www.ferrycroatia.com\/hr\/wp-json\/wp\/v2\/pages\/1189"}],"collection":[{"href":"https:\/\/www.ferrycroatia.com\/hr\/wp-json\/wp\/v2\/pages"}],"about":[{"href":"https:\/\/www.ferrycroatia.com\/hr\/wp-json\/wp\/v2\/types\/page"}],"author":[{"embeddable":true,"href":"https:\/\/www.ferrycroatia.com\/hr\/wp-json\/wp\/v2\/users\/5"}],"replies":[{"embeddable":true,"href":"https:\/\/www.ferrycroatia.com\/hr\/wp-json\/wp\/v2\/comments?post=1189"}],"version-history":[{"count":3,"href":"https:\/\/www.ferrycroatia.com\/hr\/wp-json\/wp\/v2\/pages\/1189\/revisions"}],"predecessor-version":[{"id":2372,"href":"https:\/\/www.ferrycroatia.com\/hr\/wp-json\/wp\/v2\/pages\/1189\/revisions\/2372"}],"wp:featuredmedia":[{"embeddable":true,"href":"https:\/\/www.ferrycroatia.com\/hr\/wp-json\/wp\/v2\/media\/1190"}],"wp:attachment":[{"href":"https:\/\/www.ferrycroatia.com\/hr\/wp-json\/wp\/v2\/media?parent=1189"}],"curies":[{"name":"wp","href":"https:\/\/api.w.org\/{rel}","templated":true}]}}