{"id":1192,"date":"2021-01-27T17:48:30","date_gmt":"2021-01-27T17:48:30","guid":{"rendered":"https:\/\/ferrycroatia.com\/hr\/?page_id=1192"},"modified":"2021-02-02T12:19:33","modified_gmt":"2021-02-02T12:19:33","slug":"manji-trajektni-prijevoznici-u-hrvatskoj","status":"publish","type":"page","link":"https:\/\/www.ferrycroatia.com\/hr\/manji-trajektni-prijevoznici-u-hrvatskoj\/","title":{"rendered":"Manji trajektni prijevoznici u Hrvatskoj"},"content":{"rendered":"<p>Ispod mo\u017eete prona\u0107i popis manjih trajektnih tvrtki u Hrvatskoj, kao i linije\/rute na kojima plove. Sve su doma\u0107e tvrtke koje voze od i do <a href=\"https:\/\/ferrycroatia.com\/hr\/otoci-u-hrvatskoj\/\">hrvatskih otoka<\/a>. Karte se uglavnom mogu kupiti na brodu ili u trajektnim lukama gdje su brodovi usidreni.<\/p>\n<div id=\"ez-toc-container\" class=\"ez-toc-v2_0_62 counter-flat ez-toc-counter ez-toc-custom ez-toc-container-direction\">\n<div class=\"ez-toc-title-container\">\n<p class=\"ez-toc-title \" >Table of Contents<\/p>\n<span class=\"ez-toc-title-toggle\"><a href=\"#\" class=\"ez-toc-pull-right ez-toc-btn ez-toc-btn-xs ez-toc-btn-default ez-toc-toggle\" aria-label=\"Toggle Table of Content\"><span class=\"ez-toc-js-icon-con\"><span class=\"\"><span class=\"eztoc-hide\" style=\"display:none;\">Toggle<\/span><span class=\"ez-toc-icon-toggle-span\"><svg style=\"fill: #070c63;color:#070c63\" xmlns=\"http:\/\/www.w3.org\/2000\/svg\" class=\"list-377408\" width=\"20px\" height=\"20px\" viewBox=\"0 0 24 24\" fill=\"none\"><path d=\"M6 6H4v2h2V6zm14 0H8v2h12V6zM4 11h2v2H4v-2zm16 0H8v2h12v-2zM4 16h2v2H4v-2zm16 0H8v2h12v-2z\" fill=\"currentColor\"><\/path><\/svg><svg style=\"fill: #070c63;color:#070c63\" class=\"arrow-unsorted-368013\" xmlns=\"http:\/\/www.w3.org\/2000\/svg\" width=\"10px\" height=\"10px\" viewBox=\"0 0 24 24\" version=\"1.2\" baseProfile=\"tiny\"><path d=\"M18.2 9.3l-6.2-6.3-6.2 6.3c-.2.2-.3.4-.3.7s.1.5.3.7c.2.2.4.3.7.3h11c.3 0 .5-.1.7-.3.2-.2.3-.5.3-.7s-.1-.5-.3-.7zM5.8 14.7l6.2 6.3 6.2-6.3c.2-.2.3-.5.3-.7s-.1-.5-.3-.7c-.2-.2-.4-.3-.7-.3h-11c-.3 0-.5.1-.7.3-.2.2-.3.5-.3.7s.1.5.3.7z\"\/><\/svg><\/span><\/span><\/span><\/a><\/span><\/div>\n<nav><ul class='ez-toc-list ez-toc-list-level-1 eztoc-toggle-hide-by-default' ><li class='ez-toc-page-1'><a class=\"ez-toc-link ez-toc-heading-1\" href=\"https:\/\/www.ferrycroatia.com\/hr\/manji-trajektni-prijevoznici-u-hrvatskoj\/#KTD_Bilan\" title=\"KTD Bilan\">KTD Bilan<\/a><\/li><li class='ez-toc-page-1'><a class=\"ez-toc-link ez-toc-heading-2\" href=\"https:\/\/www.ferrycroatia.com\/hr\/manji-trajektni-prijevoznici-u-hrvatskoj\/#Porat_Ilovik\" title=\"Porat Ilovik\">Porat Ilovik<\/a><\/li><li class='ez-toc-page-1'><a class=\"ez-toc-link ez-toc-heading-3\" href=\"https:\/\/www.ferrycroatia.com\/hr\/manji-trajektni-prijevoznici-u-hrvatskoj\/#RPZ_Vrgada\" title=\"RPZ Vrgada\">RPZ Vrgada<\/a><\/li><li class='ez-toc-page-1'><a class=\"ez-toc-link ez-toc-heading-4\" href=\"https:\/\/www.ferrycroatia.com\/hr\/manji-trajektni-prijevoznici-u-hrvatskoj\/#Nauticki_Centar_Komiza\" title=\"Nauti\u010dki Centar Komi\u017ea\">Nauti\u010dki Centar Komi\u017ea<\/a><\/li><\/ul><\/nav><\/div>\n<h2><span class=\"ez-toc-section\" id=\"KTD_Bilan\"><\/span>KTD Bilan<span class=\"ez-toc-section-end\"><\/span><\/h2>\n<p><strong>KTD Bilan<\/strong> mala je privatna trajektna tvrtka sa sjedi\u0161tem u Orebi\u0107u te zasad imaju jednu redovitu trajektnu liniju: Orebi\u0107 &#8211; Kor\u010dula. Spomenuta ruta broj 614 povezuje luku u Orebi\u0107u i grad Kor\u010dulu, a vo\u017enja traje nekih 15 minuta. Flota tvrtke uklju\u010duje <strong>2 putni\u010dka trajekta<\/strong>, \u201cTamaris\u201d i \u201cLovor\u201d, prepoznatljive po svojim imenima ili rutama istaknutima na boku.<\/p>\n<h2><span class=\"ez-toc-section\" id=\"Porat_Ilovik\"><\/span>Porat Ilovik<span class=\"ez-toc-section-end\"><\/span><\/h2>\n<p><strong>Porat Ilovik<\/strong> mala je privatna trajektna tvrtka sa sredi\u0161tem u Iloviku, osnovana 2000. godine. Tvrtka zasad vozi samo na jednoj liniji, a to je <strong>linija broj 311 Ilovik &#8211; Mrtvaska<\/strong>. Ova linija povezuje <a href=\"https:\/\/www.ferrycroatia.com\/hr\/otok-losinj\/\">otok Lo\u0161inj<\/a> i <a href=\"https:\/\/www.ferrycroatia.com\/hr\/trajektna-luka-ilovik\/\">trajektnu luku u Iloviku<\/a>, a vo\u017enja traje nekih 10 minuta. Tijekom ljetne sezone linija prometuje i do 5 puta u danu.<strong> Flota tvrtke broji samo jedan brod<\/strong> imena \u201c<i>TIM-G\u201d <\/i>koji je prepoznatljiv po svojoj bijeloj boji i natpisom <i>www.ilovik.hr<\/i> na boku.<\/p>\n<h2><span class=\"ez-toc-section\" id=\"RPZ_Vrgada\"><\/span>RPZ Vrgada<span class=\"ez-toc-section-end\"><\/span><\/h2>\n<p><strong>RPZ Vrgada<\/strong> mala je lokalna tvrtka osnovana 1909. u Biogradu na moru. Tvrtka se bavi pomorskim prijevozom jo\u0161 od 1963. godine, a danas imaju jednu aktivnu liniju, a to je <strong>linija broj 415 Vrgada &#8211; Pako\u0161tane &#8211; Biograd na Moru<\/strong> koja povezuje otok Vrgadu i Biogradsku trajektnu luku. Flota tvrtke broji jedan brod &#8211; katamaran \u201cVrgada\u201d koji mo\u017ee prevesti do <strong>128 putnika<\/strong>. Prepoznatljiv je po svojoj bijeloj boji i imenu broda napisanom na krilu.<\/p>\n<h2><span class=\"ez-toc-section\" id=\"Nauticki_Centar_Komiza\"><\/span>Nauti\u010dki Centar Komi\u017ea<span class=\"ez-toc-section-end\"><\/span><\/h2>\n<p><strong>Nauti\u010dki Centar Komi\u017ea<\/strong> mala je lokalna trajektna tvrtka sa sjedi\u0161tem u Komi\u017ei na otoku Visu. Trenutno tvrtka prometuje samo na jednoj liniji, a to je l<strong>inija broj 612 Komi\u017ea &#8211; Bisevo<\/strong> koja povezuje grad Komi\u017eu na <a href=\"https:\/\/www.ferrycroatia.com\/hr\/otok-vis\/\">Visu<\/a> s Poratom na otoku Bi\u0161evu. Flota tvrtke uklju\u010duje <strong>jedan brod<\/strong> &#8211; \u201cSveti Salvestar\u201d, prepoznatljiv po svojoj bijeloj boji i imenu broda napisanom na krmi. Zbog ograni\u010denog broja mjesta brod mo\u017ee primiti tek oko 15 putnika i to isklju\u010divo putnika pje\u0161aka.<\/p>\n","protected":false},"excerpt":{"rendered":"<p>Ispod mo\u017eete prona\u0107i popis manjih trajektnih tvrtki u Hrvatskoj, kao i linije\/rute na kojima plove. Sve su doma\u0107e tvrtke koje voze od i do hrvatskih otoka. Karte se uglavnom mogu kupiti na brodu ili u trajektnim lukama gdje su brodovi usidreni. KTD Bilan KTD Bilan mala je privatna trajektna tvrtka sa sjedi\u0161tem u Orebi\u0107u te [&hellip;]<\/p>\n<p><a class=\"more-link\" href=\"https:\/\/www.ferrycroatia.com\/hr\/manji-trajektni-prijevoznici-u-hrvatskoj\/\"> Continue reading&#8230;<\/a><\/p>\n","protected":false},"author":5,"featured_media":0,"parent":0,"menu_order":0,"comment_status":"closed","ping_status":"closed","template":"","meta":[],"yoast_head":"<!-- This site is optimized with the Yoast SEO plugin v19.8 - https:\/\/yoast.com\/wordpress\/plugins\/seo\/ -->\n<title>Manji trajektni prijevoznici u Hrvatskoj<\/title>\n<meta name=\"description\" content=\"Detaljan popis manjih trajektnih tvrtki koje upravljaju na linijama do otoka u Hrvatskoj. Pogledajte trajektne linije, vozne redove i druge informacije.\" \/>\n<meta name=\"robots\" content=\"index, follow, max-snippet:-1, max-image-preview:large, max-video-preview:-1\" \/>\n<link rel=\"canonical\" href=\"https:\/\/www.ferrycroatia.com\/hr\/manji-trajektni-prijevoznici-u-hrvatskoj\/\" \/>\n<meta property=\"og:locale\" content=\"en_US\" \/>\n<meta property=\"og:type\" content=\"article\" \/>\n<meta property=\"og:title\" content=\"Manji trajektni prijevoznici u Hrvatskoj\" \/>\n<meta property=\"og:description\" content=\"Detaljan popis manjih trajektnih tvrtki koje upravljaju na linijama do otoka u Hrvatskoj. Pogledajte trajektne linije, vozne redove i druge informacije.\" \/>\n<meta property=\"og:url\" content=\"https:\/\/www.ferrycroatia.com\/hr\/manji-trajektni-prijevoznici-u-hrvatskoj\/\" \/>\n<meta property=\"og:site_name\" content=\"Trajekti Hrvatska\" \/>\n<meta property=\"article:modified_time\" content=\"2021-02-02T12:19:33+00:00\" \/>\n<meta name=\"twitter:card\" content=\"summary_large_image\" \/>\n<meta name=\"twitter:label1\" content=\"Est. reading time\" \/>\n\t<meta name=\"twitter:data1\" content=\"2 minutes\" \/>\n<script type=\"application\/ld+json\" class=\"yoast-schema-graph\">{\"@context\":\"https:\/\/schema.org\",\"@graph\":[{\"@type\":\"WebPage\",\"@id\":\"https:\/\/www.ferrycroatia.com\/hr\/manji-trajektni-prijevoznici-u-hrvatskoj\/\",\"url\":\"https:\/\/www.ferrycroatia.com\/hr\/manji-trajektni-prijevoznici-u-hrvatskoj\/\",\"name\":\"Manji trajektni prijevoznici u Hrvatskoj\",\"isPartOf\":{\"@id\":\"https:\/\/www.ferrycroatia.com\/hr\/#website\"},\"datePublished\":\"2021-01-27T17:48:30+00:00\",\"dateModified\":\"2021-02-02T12:19:33+00:00\",\"description\":\"Detaljan popis manjih trajektnih tvrtki koje upravljaju na linijama do otoka u Hrvatskoj. Pogledajte trajektne linije, vozne redove i druge informacije.\",\"breadcrumb\":{\"@id\":\"https:\/\/www.ferrycroatia.com\/hr\/manji-trajektni-prijevoznici-u-hrvatskoj\/#breadcrumb\"},\"inLanguage\":\"en-US\",\"potentialAction\":[{\"@type\":\"ReadAction\",\"target\":[\"https:\/\/www.ferrycroatia.com\/hr\/manji-trajektni-prijevoznici-u-hrvatskoj\/\"]}]},{\"@type\":\"BreadcrumbList\",\"@id\":\"https:\/\/www.ferrycroatia.com\/hr\/manji-trajektni-prijevoznici-u-hrvatskoj\/#breadcrumb\",\"itemListElement\":[{\"@type\":\"ListItem\",\"position\":1,\"name\":\"Home\",\"item\":\"https:\/\/www.ferrycroatia.com\/hr\/\"},{\"@type\":\"ListItem\",\"position\":2,\"name\":\"Manji trajektni prijevoznici u Hrvatskoj\"}]},{\"@type\":\"WebSite\",\"@id\":\"https:\/\/www.ferrycroatia.com\/hr\/#website\",\"url\":\"https:\/\/www.ferrycroatia.com\/hr\/\",\"name\":\"Trajekti Hrvatska\",\"description\":\"Vozni red za sve trajekte i katamarane u Hrvatskoj\",\"potentialAction\":[{\"@type\":\"SearchAction\",\"target\":{\"@type\":\"EntryPoint\",\"urlTemplate\":\"https:\/\/www.ferrycroatia.com\/hr\/?s={search_term_string}\"},\"query-input\":\"required name=search_term_string\"}],\"inLanguage\":\"en-US\"}]}<\/script>\n<!-- \/ Yoast SEO plugin. -->","yoast_head_json":{"title":"Manji trajektni prijevoznici u Hrvatskoj","description":"Detaljan popis manjih trajektnih tvrtki koje upravljaju na linijama do otoka u Hrvatskoj. Pogledajte trajektne linije, vozne redove i druge informacije.","robots":{"index":"index","follow":"follow","max-snippet":"max-snippet:-1","max-image-preview":"max-image-preview:large","max-video-preview":"max-video-preview:-1"},"canonical":"https:\/\/www.ferrycroatia.com\/hr\/manji-trajektni-prijevoznici-u-hrvatskoj\/","og_locale":"en_US","og_type":"article","og_title":"Manji trajektni prijevoznici u Hrvatskoj","og_description":"Detaljan popis manjih trajektnih tvrtki koje upravljaju na linijama do otoka u Hrvatskoj. Pogledajte trajektne linije, vozne redove i druge informacije.","og_url":"https:\/\/www.ferrycroatia.com\/hr\/manji-trajektni-prijevoznici-u-hrvatskoj\/","og_site_name":"Trajekti Hrvatska","article_modified_time":"2021-02-02T12:19:33+00:00","twitter_card":"summary_large_image","twitter_misc":{"Est. reading time":"2 minutes"},"schema":{"@context":"https:\/\/schema.org","@graph":[{"@type":"WebPage","@id":"https:\/\/www.ferrycroatia.com\/hr\/manji-trajektni-prijevoznici-u-hrvatskoj\/","url":"https:\/\/www.ferrycroatia.com\/hr\/manji-trajektni-prijevoznici-u-hrvatskoj\/","name":"Manji trajektni prijevoznici u Hrvatskoj","isPartOf":{"@id":"https:\/\/www.ferrycroatia.com\/hr\/#website"},"datePublished":"2021-01-27T17:48:30+00:00","dateModified":"2021-02-02T12:19:33+00:00","description":"Detaljan popis manjih trajektnih tvrtki koje upravljaju na linijama do otoka u Hrvatskoj. Pogledajte trajektne linije, vozne redove i druge informacije.","breadcrumb":{"@id":"https:\/\/www.ferrycroatia.com\/hr\/manji-trajektni-prijevoznici-u-hrvatskoj\/#breadcrumb"},"inLanguage":"en-US","potentialAction":[{"@type":"ReadAction","target":["https:\/\/www.ferrycroatia.com\/hr\/manji-trajektni-prijevoznici-u-hrvatskoj\/"]}]},{"@type":"BreadcrumbList","@id":"https:\/\/www.ferrycroatia.com\/hr\/manji-trajektni-prijevoznici-u-hrvatskoj\/#breadcrumb","itemListElement":[{"@type":"ListItem","position":1,"name":"Home","item":"https:\/\/www.ferrycroatia.com\/hr\/"},{"@type":"ListItem","position":2,"name":"Manji trajektni prijevoznici u Hrvatskoj"}]},{"@type":"WebSite","@id":"https:\/\/www.ferrycroatia.com\/hr\/#website","url":"https:\/\/www.ferrycroatia.com\/hr\/","name":"Trajekti Hrvatska","description":"Vozni red za sve trajekte i katamarane u Hrvatskoj","potentialAction":[{"@type":"SearchAction","target":{"@type":"EntryPoint","urlTemplate":"https:\/\/www.ferrycroatia.com\/hr\/?s={search_term_string}"},"query-input":"required name=search_term_string"}],"inLanguage":"en-US"}]}},"_links":{"self":[{"href":"https:\/\/www.ferrycroatia.com\/hr\/wp-json\/wp\/v2\/pages\/1192"}],"collection":[{"href":"https:\/\/www.ferrycroatia.com\/hr\/wp-json\/wp\/v2\/pages"}],"about":[{"href":"https:\/\/www.ferrycroatia.com\/hr\/wp-json\/wp\/v2\/types\/page"}],"author":[{"embeddable":true,"href":"https:\/\/www.ferrycroatia.com\/hr\/wp-json\/wp\/v2\/users\/5"}],"replies":[{"embeddable":true,"href":"https:\/\/www.ferrycroatia.com\/hr\/wp-json\/wp\/v2\/comments?post=1192"}],"version-history":[{"count":4,"href":"https:\/\/www.ferrycroatia.com\/hr\/wp-json\/wp\/v2\/pages\/1192\/revisions"}],"predecessor-version":[{"id":1712,"href":"https:\/\/www.ferrycroatia.com\/hr\/wp-json\/wp\/v2\/pages\/1192\/revisions\/1712"}],"wp:attachment":[{"href":"https:\/\/www.ferrycroatia.com\/hr\/wp-json\/wp\/v2\/media?parent=1192"}],"curies":[{"name":"wp","href":"https:\/\/api.w.org\/{rel}","templated":true}]}}