{"id":1194,"date":"2021-01-27T17:54:47","date_gmt":"2021-01-27T17:54:47","guid":{"rendered":"https:\/\/ferrycroatia.com\/hr\/?page_id=1194"},"modified":"2021-07-08T13:21:14","modified_gmt":"2021-07-08T11:21:14","slug":"snav","status":"publish","type":"page","link":"https:\/\/www.ferrycroatia.com\/hr\/snav\/","title":{"rendered":"SNAV"},"content":{"rendered":"\n<p><strong>SNAV S.p.A.<\/strong> talijanska je trajektna\/katamaranska tvrtka sa sredi\u0161tem u Napulju, au ponudi imaju redovite polaske prema Hrvatskoj, \u0160panjolskoj, Tunisu i Maroku. Pored doma\u0107ih linija, naju\u010destalija linija je <a href=\"https:\/\/www.ferrycroatia.com\/hr\/ancona-split\/\">Ancona &#8211; Split<\/a>. Tijekom ljetne sezone dnevno imaju minimalno 2 polaska iz <a href=\"https:\/\/www.ferrycroatia.com\/hr\/split-ancona\/\">Splita za Anconu<\/a> i obrnuto.<\/p>\n\n\n\n<p>SNAV flota uklju\u010duje <strong>katamarane, hidroglisere te brze kruzere<\/strong> koji mogu primiti i putnike i vozila. Trajekte je lako prepoznati po velikom natpisu <i>SNAV<\/i> na strani broda. Ostale pogodnosti &#8211; brzi kruzeri imaju kabine za spavanje za do \u010detiri osobe od kojih neke pru\u017eaju i divan pogled. Trajketi su tako\u0111er opremljeni s <strong>kafi\u0107ima, restoranom, toaletom<\/strong> te je osiguran <strong>pristup osobama s invaliditetom<\/strong>. Katamarani i hidrogliseri nisu opremljeni kabinama za spavanje ni restoranom, no nude sve ostale pogodnosti koje nude i trajekti.<\/p>\n\n\n\n<h2>SNAV &#8211; naj\u010de\u0161\u0107a pitanja<\/h2>\n\n\n\n<div class=\"schema-faq wp-block-yoast-faq-block\"><div class=\"schema-faq-section\" id=\"faq-question-1625743185292\"><strong class=\"schema-faq-question\"><strong>Gdje mogu kupiti karte za SNAV trajekte i katamarane?<\/strong><\/strong> <p class=\"schema-faq-answer\">Karte za sve polaske mogu se kupiti putem interneta, \u0161to se i preporu\u010da. Karte za liniju Split &#8211; Ancona mogu se kupiti i u splitskoj trajektnoj luci, no u luci se mo\u017ee o\u010dekivati gu\u017eva, osobito tijekom ljetnih mjeseci. Uvijek kupite va\u0161u kartu na vrijeme.<\/p> <\/div> <div class=\"schema-faq-section\" id=\"faq-question-1625743194829\"><strong class=\"schema-faq-question\"><strong>Koliko prtljage smijem ponijeti sa sobom?<\/strong><\/strong> <p class=\"schema-faq-answer\">Svaki putnik smije ponijeti <strong>jedan komad RU\u010cNE prtljage te\u017eine<\/strong> do 9kg besplatno. Sva prtljaga te\u017eine iznad navedene te\u017eine pla\u0107a se zasebno. Na kru\u017enim trajektima ru\u010dna prtljaga mo\u017ee se unijeti u kabine, dok se na brzim brodovima prtljaga odla\u017ee u poseban prostor za prtljagu.<\/p> <\/div> <div class=\"schema-faq-section\" id=\"faq-question-1625743205139\"><strong class=\"schema-faq-question\"><strong>Smijem li povesti svog ljubimca sa sobom?<\/strong><\/strong> <p class=\"schema-faq-answer\">Da, mo\u017eete. Ispod mo\u017eete prona\u0107i izvadak iz SNAV pravilnika koji se odnosi na ku\u0107ne ljubimce. Za vi\u0161e informacija posjetite slu\u017ebenu stranicu SNAV-a ili po\u0161aljite upit putem e-maila.<br\/><em>Prema odredbama propisanima zakonom ku\u0107ni ljubimci smiju na kru\u017ene trajekte (npr. ma\u010dke, psi itd.). Kako bi im se dozvolio ukrcaj, svi ljubimci moraju imati kartu i veterinarski certifikat da u u dobrom zdravstvenom stanju te da su pro\u0161li profilaksu vanjskih parazita. Psi moraju biti registrirani u registru pasa.\u00a0<\/em><br\/><em>Kako bi se pridr\u017eavali higijensko-zdravstvenih odredbi, ku\u0107ni ljubimci moraju biti u transportnim kutijama ili u zasebnim kabinama (maksimalno 2 ku\u0107na ljubimca po kabini).\u00a0<\/em><\/p> <\/div> <div class=\"schema-faq-section\" id=\"faq-question-1625743221099\"><strong class=\"schema-faq-question\"><strong>Smijem li ponijeti svoj bicikl?<\/strong><\/strong> <p class=\"schema-faq-answer\">Smijete ponijeti bicikl na trajekt, no mogu\u0107a je naplata dodatne pristrojbe za bicikl, stoga provjerite cijene prije polaska.<\/p> <\/div> <div class=\"schema-faq-section\" id=\"faq-question-1625743228717\"><strong class=\"schema-faq-question\"><strong>Koji dokumenti su potrebni prilikom putovanja na relaciji Ancona &#8211; Split i obrnuto?<\/strong><\/strong> <p class=\"schema-faq-answer\">Trebate imati putovnicu ili va\u017ee\u0107u osobnu iskaznicu koja vrijedi za putovanja u inozemstvo. Putovnica treba biti va\u017ee\u0107a minimalno 90 dana od datuma povratka. Ukoliko va\u0161i dokumenti uskoro isje\u010du, preporu\u010da se da ih obnovite na vrijeme. Ako putujete s automobilom potrebno vam je: voza\u010dka iskaznica, dokument o registraciji vozila i papiri o osiguranju.<\/p> <\/div> <div class=\"schema-faq-section\" id=\"faq-question-1625743239667\"><strong class=\"schema-faq-question\"><strong>Koliko ranije treba do\u0107i u trajektnu luku?<\/strong><\/strong> <p class=\"schema-faq-answer\">Za liniju Ancona &#8211; Split preporu\u010da se da u trajektnu luku do\u0111ete \u0161to ranije. SNAV za prijavu preporu\u010da da se do\u0111e najmanje 3 sata prije polaska. Potrebno je napomenuti da prije ukrcaja trebate oti\u0107i do terminala kako biste se prijavili i preuzeli svoju ukrcajnu propusnicu.<\/p> <\/div> <\/div>\n","protected":false},"excerpt":{"rendered":"<p>SNAV S.p.A. talijanska je trajektna\/katamaranska tvrtka sa sredi\u0161tem u Napulju, au ponudi imaju redovite polaske prema Hrvatskoj, \u0160panjolskoj, Tunisu i Maroku. Pored doma\u0107ih linija, naju\u010destalija linija je Ancona &#8211; Split. Tijekom ljetne sezone dnevno imaju minimalno 2 polaska iz Splita za Anconu i obrnuto. SNAV flota uklju\u010duje katamarane, hidroglisere te brze kruzere koji mogu primiti [&hellip;]<\/p>\n<p><a class=\"more-link\" href=\"https:\/\/www.ferrycroatia.com\/hr\/snav\/\"> Continue reading&#8230;<\/a><\/p>\n","protected":false},"author":5,"featured_media":0,"parent":0,"menu_order":0,"comment_status":"closed","ping_status":"closed","template":"","meta":[],"yoast_head":"<!-- This site is optimized with the Yoast SEO plugin v19.8 - https:\/\/yoast.com\/wordpress\/plugins\/seo\/ -->\n<title>SNAV - Trajekt\/katamaran, vozni redovi i cijene<\/title>\n<meta name=\"description\" content=\"SNAV je talijanska trajektna\/katamnaranska tvrtka sa sjedi\u0161tem u Napulju. SNAV nudi redovne poalske na liniji Split - Ancona. Pro\u010ditajte vi\u0161e o tvrtki, voznim redovima te naj\u010de\u0161\u0107a pitanja.\" \/>\n<meta name=\"robots\" content=\"index, follow, max-snippet:-1, max-image-preview:large, max-video-preview:-1\" \/>\n<link rel=\"canonical\" href=\"https:\/\/www.ferrycroatia.com\/hr\/snav\/\" \/>\n<meta property=\"og:locale\" content=\"en_US\" \/>\n<meta property=\"og:type\" content=\"article\" \/>\n<meta property=\"og:title\" content=\"SNAV - Trajekt\/katamaran, vozni redovi i cijene\" \/>\n<meta property=\"og:description\" content=\"SNAV je talijanska trajektna\/katamnaranska tvrtka sa sjedi\u0161tem u Napulju. SNAV nudi redovne poalske na liniji Split - Ancona. Pro\u010ditajte vi\u0161e o tvrtki, voznim redovima te naj\u010de\u0161\u0107a pitanja.\" \/>\n<meta property=\"og:url\" content=\"https:\/\/www.ferrycroatia.com\/hr\/snav\/\" \/>\n<meta property=\"og:site_name\" content=\"Trajekti Hrvatska\" \/>\n<meta property=\"article:modified_time\" content=\"2021-07-08T11:21:14+00:00\" \/>\n<meta name=\"twitter:card\" content=\"summary_large_image\" \/>\n<meta name=\"twitter:label1\" content=\"Est. reading time\" \/>\n\t<meta name=\"twitter:data1\" content=\"3 minutes\" \/>\n<script type=\"application\/ld+json\" class=\"yoast-schema-graph\">{\"@context\":\"https:\/\/schema.org\",\"@graph\":[{\"@type\":[\"WebPage\",\"FAQPage\"],\"@id\":\"https:\/\/www.ferrycroatia.com\/hr\/snav\/\",\"url\":\"https:\/\/www.ferrycroatia.com\/hr\/snav\/\",\"name\":\"SNAV - Trajekt\/katamaran, vozni redovi i cijene\",\"isPartOf\":{\"@id\":\"https:\/\/www.ferrycroatia.com\/hr\/#website\"},\"datePublished\":\"2021-01-27T17:54:47+00:00\",\"dateModified\":\"2021-07-08T11:21:14+00:00\",\"description\":\"SNAV je talijanska trajektna\/katamnaranska tvrtka sa sjedi\u0161tem u Napulju. SNAV nudi redovne poalske na liniji Split - Ancona. Pro\u010ditajte vi\u0161e o tvrtki, voznim redovima te naj\u010de\u0161\u0107a pitanja.\",\"breadcrumb\":{\"@id\":\"https:\/\/www.ferrycroatia.com\/hr\/snav\/#breadcrumb\"},\"mainEntity\":[{\"@id\":\"https:\/\/www.ferrycroatia.com\/hr\/snav\/#faq-question-1625743185292\"},{\"@id\":\"https:\/\/www.ferrycroatia.com\/hr\/snav\/#faq-question-1625743194829\"},{\"@id\":\"https:\/\/www.ferrycroatia.com\/hr\/snav\/#faq-question-1625743205139\"},{\"@id\":\"https:\/\/www.ferrycroatia.com\/hr\/snav\/#faq-question-1625743221099\"},{\"@id\":\"https:\/\/www.ferrycroatia.com\/hr\/snav\/#faq-question-1625743228717\"},{\"@id\":\"https:\/\/www.ferrycroatia.com\/hr\/snav\/#faq-question-1625743239667\"}],\"inLanguage\":\"en-US\",\"potentialAction\":[{\"@type\":\"ReadAction\",\"target\":[\"https:\/\/www.ferrycroatia.com\/hr\/snav\/\"]}]},{\"@type\":\"BreadcrumbList\",\"@id\":\"https:\/\/www.ferrycroatia.com\/hr\/snav\/#breadcrumb\",\"itemListElement\":[{\"@type\":\"ListItem\",\"position\":1,\"name\":\"Home\",\"item\":\"https:\/\/www.ferrycroatia.com\/hr\/\"},{\"@type\":\"ListItem\",\"position\":2,\"name\":\"SNAV\"}]},{\"@type\":\"WebSite\",\"@id\":\"https:\/\/www.ferrycroatia.com\/hr\/#website\",\"url\":\"https:\/\/www.ferrycroatia.com\/hr\/\",\"name\":\"Trajekti Hrvatska\",\"description\":\"Vozni red za sve trajekte i katamarane u Hrvatskoj\",\"potentialAction\":[{\"@type\":\"SearchAction\",\"target\":{\"@type\":\"EntryPoint\",\"urlTemplate\":\"https:\/\/www.ferrycroatia.com\/hr\/?s={search_term_string}\"},\"query-input\":\"required name=search_term_string\"}],\"inLanguage\":\"en-US\"},{\"@type\":\"Question\",\"@id\":\"https:\/\/www.ferrycroatia.com\/hr\/snav\/#faq-question-1625743185292\",\"position\":1,\"url\":\"https:\/\/www.ferrycroatia.com\/hr\/snav\/#faq-question-1625743185292\",\"name\":\"Gdje mogu kupiti karte za SNAV trajekte i katamarane?\",\"answerCount\":1,\"acceptedAnswer\":{\"@type\":\"Answer\",\"text\":\"Karte za sve polaske mogu se kupiti putem interneta, \u0161to se i preporu\u010da. Karte za liniju Split - Ancona mogu se kupiti i u splitskoj trajektnoj luci, no u luci se mo\u017ee o\u010dekivati gu\u017eva, osobito tijekom ljetnih mjeseci. Uvijek kupite va\u0161u kartu na vrijeme.\",\"inLanguage\":\"en-US\"},\"inLanguage\":\"en-US\"},{\"@type\":\"Question\",\"@id\":\"https:\/\/www.ferrycroatia.com\/hr\/snav\/#faq-question-1625743194829\",\"position\":2,\"url\":\"https:\/\/www.ferrycroatia.com\/hr\/snav\/#faq-question-1625743194829\",\"name\":\"Koliko prtljage smijem ponijeti sa sobom?\",\"answerCount\":1,\"acceptedAnswer\":{\"@type\":\"Answer\",\"text\":\"Svaki putnik smije ponijeti <strong>jedan komad RU\u010cNE prtljage te\u017eine<\/strong> do 9kg besplatno. Sva prtljaga te\u017eine iznad navedene te\u017eine pla\u0107a se zasebno. Na kru\u017enim trajektima ru\u010dna prtljaga mo\u017ee se unijeti u kabine, dok se na brzim brodovima prtljaga odla\u017ee u poseban prostor za prtljagu.\",\"inLanguage\":\"en-US\"},\"inLanguage\":\"en-US\"},{\"@type\":\"Question\",\"@id\":\"https:\/\/www.ferrycroatia.com\/hr\/snav\/#faq-question-1625743205139\",\"position\":3,\"url\":\"https:\/\/www.ferrycroatia.com\/hr\/snav\/#faq-question-1625743205139\",\"name\":\"Smijem li povesti svog ljubimca sa sobom?\",\"answerCount\":1,\"acceptedAnswer\":{\"@type\":\"Answer\",\"text\":\"Da, mo\u017eete. Ispod mo\u017eete prona\u0107i izvadak iz SNAV pravilnika koji se odnosi na ku\u0107ne ljubimce. Za vi\u0161e informacija posjetite slu\u017ebenu stranicu SNAV-a ili po\u0161aljite upit putem e-maila.<br\/><em>Prema odredbama propisanima zakonom ku\u0107ni ljubimci smiju na kru\u017ene trajekte (npr. ma\u010dke, psi itd.). Kako bi im se dozvolio ukrcaj, svi ljubimci moraju imati kartu i veterinarski certifikat da u u dobrom zdravstvenom stanju te da su pro\u0161li profilaksu vanjskih parazita. Psi moraju biti registrirani u registru pasa.\u00a0<\/em><br\/><em>Kako bi se pridr\u017eavali higijensko-zdravstvenih odredbi, ku\u0107ni ljubimci moraju biti u transportnim kutijama ili u zasebnim kabinama (maksimalno 2 ku\u0107na ljubimca po kabini).\u00a0<\/em>\",\"inLanguage\":\"en-US\"},\"inLanguage\":\"en-US\"},{\"@type\":\"Question\",\"@id\":\"https:\/\/www.ferrycroatia.com\/hr\/snav\/#faq-question-1625743221099\",\"position\":4,\"url\":\"https:\/\/www.ferrycroatia.com\/hr\/snav\/#faq-question-1625743221099\",\"name\":\"Smijem li ponijeti svoj bicikl?\",\"answerCount\":1,\"acceptedAnswer\":{\"@type\":\"Answer\",\"text\":\"Smijete ponijeti bicikl na trajekt, no mogu\u0107a je naplata dodatne pristrojbe za bicikl, stoga provjerite cijene prije polaska.\",\"inLanguage\":\"en-US\"},\"inLanguage\":\"en-US\"},{\"@type\":\"Question\",\"@id\":\"https:\/\/www.ferrycroatia.com\/hr\/snav\/#faq-question-1625743228717\",\"position\":5,\"url\":\"https:\/\/www.ferrycroatia.com\/hr\/snav\/#faq-question-1625743228717\",\"name\":\"Koji dokumenti su potrebni prilikom putovanja na relaciji Ancona - Split i obrnuto?\",\"answerCount\":1,\"acceptedAnswer\":{\"@type\":\"Answer\",\"text\":\"Trebate imati putovnicu ili va\u017ee\u0107u osobnu iskaznicu koja vrijedi za putovanja u inozemstvo. Putovnica treba biti va\u017ee\u0107a minimalno 90 dana od datuma povratka. Ukoliko va\u0161i dokumenti uskoro isje\u010du, preporu\u010da se da ih obnovite na vrijeme. Ako putujete s automobilom potrebno vam je: voza\u010dka iskaznica, dokument o registraciji vozila i papiri o osiguranju.\",\"inLanguage\":\"en-US\"},\"inLanguage\":\"en-US\"},{\"@type\":\"Question\",\"@id\":\"https:\/\/www.ferrycroatia.com\/hr\/snav\/#faq-question-1625743239667\",\"position\":6,\"url\":\"https:\/\/www.ferrycroatia.com\/hr\/snav\/#faq-question-1625743239667\",\"name\":\"Koliko ranije treba do\u0107i u trajektnu luku?\",\"answerCount\":1,\"acceptedAnswer\":{\"@type\":\"Answer\",\"text\":\"Za liniju Ancona - Split preporu\u010da se da u trajektnu luku do\u0111ete \u0161to ranije. SNAV za prijavu preporu\u010da da se do\u0111e najmanje 3 sata prije polaska. Potrebno je napomenuti da prije ukrcaja trebate oti\u0107i do terminala kako biste se prijavili i preuzeli svoju ukrcajnu propusnicu.\",\"inLanguage\":\"en-US\"},\"inLanguage\":\"en-US\"}]}<\/script>\n<!-- \/ Yoast SEO plugin. -->","yoast_head_json":{"title":"SNAV - Trajekt\/katamaran, vozni redovi i cijene","description":"SNAV je talijanska trajektna\/katamnaranska tvrtka sa sjedi\u0161tem u Napulju. SNAV nudi redovne poalske na liniji Split - Ancona. Pro\u010ditajte vi\u0161e o tvrtki, voznim redovima te naj\u010de\u0161\u0107a pitanja.","robots":{"index":"index","follow":"follow","max-snippet":"max-snippet:-1","max-image-preview":"max-image-preview:large","max-video-preview":"max-video-preview:-1"},"canonical":"https:\/\/www.ferrycroatia.com\/hr\/snav\/","og_locale":"en_US","og_type":"article","og_title":"SNAV - Trajekt\/katamaran, vozni redovi i cijene","og_description":"SNAV je talijanska trajektna\/katamnaranska tvrtka sa sjedi\u0161tem u Napulju. SNAV nudi redovne poalske na liniji Split - Ancona. Pro\u010ditajte vi\u0161e o tvrtki, voznim redovima te naj\u010de\u0161\u0107a pitanja.","og_url":"https:\/\/www.ferrycroatia.com\/hr\/snav\/","og_site_name":"Trajekti Hrvatska","article_modified_time":"2021-07-08T11:21:14+00:00","twitter_card":"summary_large_image","twitter_misc":{"Est. reading time":"3 minutes"},"schema":{"@context":"https:\/\/schema.org","@graph":[{"@type":["WebPage","FAQPage"],"@id":"https:\/\/www.ferrycroatia.com\/hr\/snav\/","url":"https:\/\/www.ferrycroatia.com\/hr\/snav\/","name":"SNAV - Trajekt\/katamaran, vozni redovi i cijene","isPartOf":{"@id":"https:\/\/www.ferrycroatia.com\/hr\/#website"},"datePublished":"2021-01-27T17:54:47+00:00","dateModified":"2021-07-08T11:21:14+00:00","description":"SNAV je talijanska trajektna\/katamnaranska tvrtka sa sjedi\u0161tem u Napulju. SNAV nudi redovne poalske na liniji Split - Ancona. Pro\u010ditajte vi\u0161e o tvrtki, voznim redovima te naj\u010de\u0161\u0107a pitanja.","breadcrumb":{"@id":"https:\/\/www.ferrycroatia.com\/hr\/snav\/#breadcrumb"},"mainEntity":[{"@id":"https:\/\/www.ferrycroatia.com\/hr\/snav\/#faq-question-1625743185292"},{"@id":"https:\/\/www.ferrycroatia.com\/hr\/snav\/#faq-question-1625743194829"},{"@id":"https:\/\/www.ferrycroatia.com\/hr\/snav\/#faq-question-1625743205139"},{"@id":"https:\/\/www.ferrycroatia.com\/hr\/snav\/#faq-question-1625743221099"},{"@id":"https:\/\/www.ferrycroatia.com\/hr\/snav\/#faq-question-1625743228717"},{"@id":"https:\/\/www.ferrycroatia.com\/hr\/snav\/#faq-question-1625743239667"}],"inLanguage":"en-US","potentialAction":[{"@type":"ReadAction","target":["https:\/\/www.ferrycroatia.com\/hr\/snav\/"]}]},{"@type":"BreadcrumbList","@id":"https:\/\/www.ferrycroatia.com\/hr\/snav\/#breadcrumb","itemListElement":[{"@type":"ListItem","position":1,"name":"Home","item":"https:\/\/www.ferrycroatia.com\/hr\/"},{"@type":"ListItem","position":2,"name":"SNAV"}]},{"@type":"WebSite","@id":"https:\/\/www.ferrycroatia.com\/hr\/#website","url":"https:\/\/www.ferrycroatia.com\/hr\/","name":"Trajekti Hrvatska","description":"Vozni red za sve trajekte i katamarane u Hrvatskoj","potentialAction":[{"@type":"SearchAction","target":{"@type":"EntryPoint","urlTemplate":"https:\/\/www.ferrycroatia.com\/hr\/?s={search_term_string}"},"query-input":"required name=search_term_string"}],"inLanguage":"en-US"},{"@type":"Question","@id":"https:\/\/www.ferrycroatia.com\/hr\/snav\/#faq-question-1625743185292","position":1,"url":"https:\/\/www.ferrycroatia.com\/hr\/snav\/#faq-question-1625743185292","name":"Gdje mogu kupiti karte za SNAV trajekte i katamarane?","answerCount":1,"acceptedAnswer":{"@type":"Answer","text":"Karte za sve polaske mogu se kupiti putem interneta, \u0161to se i preporu\u010da. Karte za liniju Split - Ancona mogu se kupiti i u splitskoj trajektnoj luci, no u luci se mo\u017ee o\u010dekivati gu\u017eva, osobito tijekom ljetnih mjeseci. Uvijek kupite va\u0161u kartu na vrijeme.","inLanguage":"en-US"},"inLanguage":"en-US"},{"@type":"Question","@id":"https:\/\/www.ferrycroatia.com\/hr\/snav\/#faq-question-1625743194829","position":2,"url":"https:\/\/www.ferrycroatia.com\/hr\/snav\/#faq-question-1625743194829","name":"Koliko prtljage smijem ponijeti sa sobom?","answerCount":1,"acceptedAnswer":{"@type":"Answer","text":"Svaki putnik smije ponijeti <strong>jedan komad RU\u010cNE prtljage te\u017eine<\/strong> do 9kg besplatno. Sva prtljaga te\u017eine iznad navedene te\u017eine pla\u0107a se zasebno. Na kru\u017enim trajektima ru\u010dna prtljaga mo\u017ee se unijeti u kabine, dok se na brzim brodovima prtljaga odla\u017ee u poseban prostor za prtljagu.","inLanguage":"en-US"},"inLanguage":"en-US"},{"@type":"Question","@id":"https:\/\/www.ferrycroatia.com\/hr\/snav\/#faq-question-1625743205139","position":3,"url":"https:\/\/www.ferrycroatia.com\/hr\/snav\/#faq-question-1625743205139","name":"Smijem li povesti svog ljubimca sa sobom?","answerCount":1,"acceptedAnswer":{"@type":"Answer","text":"Da, mo\u017eete. Ispod mo\u017eete prona\u0107i izvadak iz SNAV pravilnika koji se odnosi na ku\u0107ne ljubimce. Za vi\u0161e informacija posjetite slu\u017ebenu stranicu SNAV-a ili po\u0161aljite upit putem e-maila.<br\/><em>Prema odredbama propisanima zakonom ku\u0107ni ljubimci smiju na kru\u017ene trajekte (npr. ma\u010dke, psi itd.). Kako bi im se dozvolio ukrcaj, svi ljubimci moraju imati kartu i veterinarski certifikat da u u dobrom zdravstvenom stanju te da su pro\u0161li profilaksu vanjskih parazita. Psi moraju biti registrirani u registru pasa.\u00a0<\/em><br\/><em>Kako bi se pridr\u017eavali higijensko-zdravstvenih odredbi, ku\u0107ni ljubimci moraju biti u transportnim kutijama ili u zasebnim kabinama (maksimalno 2 ku\u0107na ljubimca po kabini).\u00a0<\/em>","inLanguage":"en-US"},"inLanguage":"en-US"},{"@type":"Question","@id":"https:\/\/www.ferrycroatia.com\/hr\/snav\/#faq-question-1625743221099","position":4,"url":"https:\/\/www.ferrycroatia.com\/hr\/snav\/#faq-question-1625743221099","name":"Smijem li ponijeti svoj bicikl?","answerCount":1,"acceptedAnswer":{"@type":"Answer","text":"Smijete ponijeti bicikl na trajekt, no mogu\u0107a je naplata dodatne pristrojbe za bicikl, stoga provjerite cijene prije polaska.","inLanguage":"en-US"},"inLanguage":"en-US"},{"@type":"Question","@id":"https:\/\/www.ferrycroatia.com\/hr\/snav\/#faq-question-1625743228717","position":5,"url":"https:\/\/www.ferrycroatia.com\/hr\/snav\/#faq-question-1625743228717","name":"Koji dokumenti su potrebni prilikom putovanja na relaciji Ancona - Split i obrnuto?","answerCount":1,"acceptedAnswer":{"@type":"Answer","text":"Trebate imati putovnicu ili va\u017ee\u0107u osobnu iskaznicu koja vrijedi za putovanja u inozemstvo. Putovnica treba biti va\u017ee\u0107a minimalno 90 dana od datuma povratka. Ukoliko va\u0161i dokumenti uskoro isje\u010du, preporu\u010da se da ih obnovite na vrijeme. Ako putujete s automobilom potrebno vam je: voza\u010dka iskaznica, dokument o registraciji vozila i papiri o osiguranju.","inLanguage":"en-US"},"inLanguage":"en-US"},{"@type":"Question","@id":"https:\/\/www.ferrycroatia.com\/hr\/snav\/#faq-question-1625743239667","position":6,"url":"https:\/\/www.ferrycroatia.com\/hr\/snav\/#faq-question-1625743239667","name":"Koliko ranije treba do\u0107i u trajektnu luku?","answerCount":1,"acceptedAnswer":{"@type":"Answer","text":"Za liniju Ancona - Split preporu\u010da se da u trajektnu luku do\u0111ete \u0161to ranije. SNAV za prijavu preporu\u010da da se do\u0111e najmanje 3 sata prije polaska. Potrebno je napomenuti da prije ukrcaja trebate oti\u0107i do terminala kako biste se prijavili i preuzeli svoju ukrcajnu propusnicu.","inLanguage":"en-US"},"inLanguage":"en-US"}]}},"_links":{"self":[{"href":"https:\/\/www.ferrycroatia.com\/hr\/wp-json\/wp\/v2\/pages\/1194"}],"collection":[{"href":"https:\/\/www.ferrycroatia.com\/hr\/wp-json\/wp\/v2\/pages"}],"about":[{"href":"https:\/\/www.ferrycroatia.com\/hr\/wp-json\/wp\/v2\/types\/page"}],"author":[{"embeddable":true,"href":"https:\/\/www.ferrycroatia.com\/hr\/wp-json\/wp\/v2\/users\/5"}],"replies":[{"embeddable":true,"href":"https:\/\/www.ferrycroatia.com\/hr\/wp-json\/wp\/v2\/comments?post=1194"}],"version-history":[{"count":3,"href":"https:\/\/www.ferrycroatia.com\/hr\/wp-json\/wp\/v2\/pages\/1194\/revisions"}],"predecessor-version":[{"id":2374,"href":"https:\/\/www.ferrycroatia.com\/hr\/wp-json\/wp\/v2\/pages\/1194\/revisions\/2374"}],"wp:attachment":[{"href":"https:\/\/www.ferrycroatia.com\/hr\/wp-json\/wp\/v2\/media?parent=1194"}],"curies":[{"name":"wp","href":"https:\/\/api.w.org\/{rel}","templated":true}]}}