{"id":1196,"date":"2021-01-27T18:01:27","date_gmt":"2021-01-27T18:01:27","guid":{"rendered":"https:\/\/ferrycroatia.com\/hr\/?page_id=1196"},"modified":"2022-04-08T08:34:57","modified_gmt":"2022-04-08T06:34:57","slug":"venezia-lines","status":"publish","type":"page","link":"https:\/\/www.ferrycroatia.com\/hr\/venezia-lines\/","title":{"rendered":"Venezia Lines"},"content":{"rendered":"\n<p><strong>Venezia Lines<\/strong> trajektna je tvrtka osnovana 2003. godine. Tvrtka prvenstveno upravlja <strong>trajektnim linijama na sjevernom Jadranu<\/strong>, a Veneciju povezuje s nekoliko hrvatskih i slovenskih luka. Preciznije, tvrtka nudi trajektne linije od Venecije do Pore\u010da, Rovinja, Pule i Umaga. U nastavku provjerite detalje o linijama:<\/p>\n\n\n\n<figure class=\"wp-block-table\"><table><tbody><tr><td><a href=\"https:\/\/www.ferrycroatia.com\/hr\/venecija-rovinj\/\">Venecija &#8211; Rovinj<\/a><\/td><td><a href=\"https:\/\/www.ferrycroatia.com\/hr\/venecija-porec\/\">Venecija &#8211; Pore\u010d<\/a><\/td><td><a href=\"https:\/\/www.ferrycroatia.com\/hr\/venecija-pula\/\">Venecija &#8211; Pula<\/a><\/td><td><a href=\"https:\/\/www.ferrycroatia.com\/hr\/venecija-umag\/\">Venecija &#8211; Umag<\/a><\/td><\/tr><tr><td><a href=\"https:\/\/www.ferrycroatia.com\/hr\/rovinj-venecija\/\">Rovinj &#8211; Venecija<\/a><\/td><td><a href=\"https:\/\/www.ferrycroatia.com\/hr\/porec-venecija\/\">Pore\u010d &#8211; Venecija<\/a><\/td><td><a href=\"https:\/\/www.ferrycroatia.com\/hr\/pula-venecija\/\">Pula &#8211; Venecija<\/a><\/td><td><a href=\"https:\/\/www.ferrycroatia.com\/hr\/umag-venecija\/\">Umag &#8211; Venecija<\/a><\/td><\/tr><\/tbody><\/table><\/figure>\n\n\n\n<p>Trenutno, Venezia Lines do ovih gradova prometuju samo od travnja do listopada. Tvrtka tako\u0111er nudi <strong>jednodnevne izlete i prijevoz za posebne prigode<\/strong>.<\/p>\n\n\n\n<p>Flota Venezia Linesa trenutno broji <strong>2 brza putni\u010dka trajekta<\/strong> koji prometuju na sjevernojadranskim linijama &#8211; \u201eSan Frangisk\u201c i \u201eSan Pawl\u201c. Svaki katamaran mo\u017ee primiti do <strong>310 putnika<\/strong>, a mo\u017eete ih prepoznati po velikom naran\u010dastom natpisu VENEZIA LINES ispisanom na strani i prednjem dijelu broda. Tako\u0111er, katamarani imaju barove, tako da mo\u017eete popiti pi\u0107e tijekom putovanja.<\/p>\n\n\n\n<h2><b>Venezia Lines \u2013 naj\u010de\u0161\u0107a pitanja<\/b><\/h2>\n\n\n\n<div class=\"schema-faq wp-block-yoast-faq-block\"><div class=\"schema-faq-section\" id=\"faq-question-1625743305837\"><strong class=\"schema-faq-question\"><strong>Gdje mogu kupiti karte za SNAV trajektne i katamaranske linije?<\/strong><\/strong> <p class=\"schema-faq-answer\">Za navedene polaske preporu\u010duje se kupnja karti putem interneta. Tako\u0111er, karte se mogu kupiti i na prodajnim mjestima u svim lukama, ali imajte na umu da postoji ograni\u010den broj mjesta. Zbog velikog broja putnika tijekom ljetne sezone, preporu\u010duje se kartu kupiti unaprijed.<\/p> <\/div> <div class=\"schema-faq-section\" id=\"faq-question-1625743317453\"><strong class=\"schema-faq-question\"><strong>Moram li imati ispisanu kartu prilikom ukrcaja na brod?<\/strong><\/strong> <p class=\"schema-faq-answer\">Preporu\u010deno je imati ispisanu kartu, ali mo\u017eete ju pokazati i posadi putem pametnog telefona.<\/p> <\/div> <div class=\"schema-faq-section\" id=\"faq-question-1625743338827\"><strong class=\"schema-faq-question\"><strong>Koliko prtljage mogu ponijeti na brod?<\/strong><\/strong> <p class=\"schema-faq-answer\">Svaki putnik mo\u017ee ponijeti <strong>jedan komad ru\u010dne prtljage<\/strong> te\u017eine do 10kg <strong>besplatno<\/strong>. Sve iznad propisane te\u017eine, posebno se nadopla\u0107uje. Na trajektnim krstarenjima ru\u010dna prtljaga mo\u017ee se unijeti u kabine, dok se na brzim brodovima prtljaga \u010duva na odre\u0111enom mjestu. Tako\u0111er, putnici mogu besplatno ponijeti <strong>jedan komad prtljage<\/strong> (bez obzira na veli\u010dinu i te\u017einu). Ako donosite vi\u0161e komada prtljage, morat \u0107ete platiti dodatnih 10 \u20ac (20 \u20ac ako pla\u0107ate prilikom prijave).<\/p> <\/div> <div class=\"schema-faq-section\" id=\"faq-question-1625743361588\"><strong class=\"schema-faq-question\"><strong>Mogu li povesti svog ljubimca na brod?<\/strong><\/strong> <p class=\"schema-faq-answer\">Izvadak iz op\u0107ih uvjeta poslovanja Venezia Lines za transport ku\u0107nih ljubimaca navodi:<br\/><em>Sve \u017eivotinje moraju posjedovati dokaz o svim potrebnim cjepivima (koje zahtjeva i polazna i odredi\u0161na luka) te me\u0111unarodnu putovnicu za \u017eivotinje.<\/em><br\/><em>Ma\u010dke je potrebno prevoziti u odgovaraju\u0107im kavezima.<\/em><br\/><em>Psi ne mogu biti ve\u0107i od 60 cm duljine i 50 cm visine (od glave prema dolje).<\/em><br\/><em>Tako\u0111er, svi psi moraju biti na uzici i imati brnjicu. Uzica omotana oko pasjih usta ne smatra se brnjicom.<\/em><br\/><em>Sve \u017eivotinje moraju se unaprijed najaviti prilikom rezervacije.<\/em><br\/><em>Va\u017eno je i naglasiti da tijekom putovanja mo\u017eda ne\u0107ete sjediti pored svog ljubimca.<\/em><\/p> <\/div> <div class=\"schema-faq-section\" id=\"faq-question-1625743385147\"><strong class=\"schema-faq-question\"><strong>Mogu li ponijeti svoj bicikl na brod?<\/strong><\/strong> <p class=\"schema-faq-answer\">Da, svoj bicikl mo\u017eete ponijeti na katamaran Venezia Lines, ali imajte na umu da je prostor za pohranu bicikli ograni\u010den. Tako\u0111er, potrebno je platiti dodatnih 10 EUR.<\/p> <\/div> <div class=\"schema-faq-section\" id=\"faq-question-1625743394723\"><strong class=\"schema-faq-question\"><strong>Koji su mi dokumenti potrebni kada putujem na linijama Venezia Lines?<\/strong><\/strong> <p class=\"schema-faq-answer\">Kada putujete u Veneciju iz hrvatskih luka (i obrnuto), potrebna vam je putovnica ili osobna iskaznica koja vrijedi za inozemna putovanja. Putovnica mora vrijediti najmanje 90 dana od datuma povratka. Ako vam dokumenti uskoro isti\u010du, preporu\u010duje se da ih obnovite na vrijeme. Voza\u010dka dozvola nije va\u017ee\u0107a putna isprava za ove rute.<\/p> <\/div> <div class=\"schema-faq-section\" id=\"faq-question-1625743405675\"><strong class=\"schema-faq-question\"><strong>Koliko ranije bih trebao sti\u0107i u luku?<\/strong><\/strong> <p class=\"schema-faq-answer\">Preporu\u010deno je \u0161to ranije biti u luci s obzirom da se putnici trebaju prijaviti prije ulaska u katamaran. U svim lukama prijava zapo\u010dinje sat vremena prije polaska i zavr\u0161ava 15 minuta prije samog ukrcaja. Tako\u0111er, Venezia Lines preporu\u010duje dvostruku provjeru vremena \/ datuma polaska bar 24 sata prije isplovljavanja.<\/p> <\/div> <\/div>\n","protected":false},"excerpt":{"rendered":"<p>Venezia Lines trajektna je tvrtka osnovana 2003. godine. Tvrtka prvenstveno upravlja trajektnim linijama na sjevernom Jadranu, a Veneciju povezuje s nekoliko hrvatskih i slovenskih luka. Preciznije, tvrtka nudi trajektne linije od Venecije do Pore\u010da, Rovinja, Pule i Umaga. U nastavku provjerite detalje o linijama: Venecija &#8211; Rovinj Venecija &#8211; Pore\u010d Venecija &#8211; Pula Venecija &#8211; [&hellip;]<\/p>\n<p><a class=\"more-link\" href=\"https:\/\/www.ferrycroatia.com\/hr\/venezia-lines\/\"> Continue reading&#8230;<\/a><\/p>\n","protected":false},"author":5,"featured_media":0,"parent":0,"menu_order":0,"comment_status":"closed","ping_status":"closed","template":"","meta":[],"yoast_head":"<!-- This site is optimized with the Yoast SEO plugin v19.8 - https:\/\/yoast.com\/wordpress\/plugins\/seo\/ -->\n<title>Venezia Lines - Informacije, vozni red i cijene karata<\/title>\n<meta name=\"description\" content=\"Venezia Lines je tvrtka koja povezuje luke u Italiji i Hrvatskoj u sjevernom Jadranu. Pro\u010ditajte vi\u0161e o tvrtki, linijama koje imaju u ponudi i naj\u010de\u0161\u0107a pitanja.\" \/>\n<meta name=\"robots\" content=\"index, follow, max-snippet:-1, max-image-preview:large, max-video-preview:-1\" \/>\n<link rel=\"canonical\" href=\"https:\/\/www.ferrycroatia.com\/hr\/venezia-lines\/\" \/>\n<meta property=\"og:locale\" content=\"en_US\" \/>\n<meta property=\"og:type\" content=\"article\" \/>\n<meta property=\"og:title\" content=\"Venezia Lines - Informacije, vozni red i cijene karata\" \/>\n<meta property=\"og:description\" content=\"Venezia Lines je tvrtka koja povezuje luke u Italiji i Hrvatskoj u sjevernom Jadranu. Pro\u010ditajte vi\u0161e o tvrtki, linijama koje imaju u ponudi i naj\u010de\u0161\u0107a pitanja.\" \/>\n<meta property=\"og:url\" content=\"https:\/\/www.ferrycroatia.com\/hr\/venezia-lines\/\" \/>\n<meta property=\"og:site_name\" content=\"Trajekti Hrvatska\" \/>\n<meta property=\"article:modified_time\" content=\"2022-04-08T06:34:57+00:00\" \/>\n<meta name=\"twitter:card\" content=\"summary_large_image\" \/>\n<meta name=\"twitter:label1\" content=\"Est. reading time\" \/>\n\t<meta name=\"twitter:data1\" content=\"3 minutes\" \/>\n<script type=\"application\/ld+json\" class=\"yoast-schema-graph\">{\"@context\":\"https:\/\/schema.org\",\"@graph\":[{\"@type\":[\"WebPage\",\"FAQPage\"],\"@id\":\"https:\/\/www.ferrycroatia.com\/hr\/venezia-lines\/\",\"url\":\"https:\/\/www.ferrycroatia.com\/hr\/venezia-lines\/\",\"name\":\"Venezia Lines - Informacije, vozni red i cijene karata\",\"isPartOf\":{\"@id\":\"https:\/\/www.ferrycroatia.com\/hr\/#website\"},\"datePublished\":\"2021-01-27T18:01:27+00:00\",\"dateModified\":\"2022-04-08T06:34:57+00:00\",\"description\":\"Venezia Lines je tvrtka koja povezuje luke u Italiji i Hrvatskoj u sjevernom Jadranu. Pro\u010ditajte vi\u0161e o tvrtki, linijama koje imaju u ponudi i naj\u010de\u0161\u0107a pitanja.\",\"breadcrumb\":{\"@id\":\"https:\/\/www.ferrycroatia.com\/hr\/venezia-lines\/#breadcrumb\"},\"mainEntity\":[{\"@id\":\"https:\/\/www.ferrycroatia.com\/hr\/venezia-lines\/#faq-question-1625743305837\"},{\"@id\":\"https:\/\/www.ferrycroatia.com\/hr\/venezia-lines\/#faq-question-1625743317453\"},{\"@id\":\"https:\/\/www.ferrycroatia.com\/hr\/venezia-lines\/#faq-question-1625743338827\"},{\"@id\":\"https:\/\/www.ferrycroatia.com\/hr\/venezia-lines\/#faq-question-1625743361588\"},{\"@id\":\"https:\/\/www.ferrycroatia.com\/hr\/venezia-lines\/#faq-question-1625743385147\"},{\"@id\":\"https:\/\/www.ferrycroatia.com\/hr\/venezia-lines\/#faq-question-1625743394723\"},{\"@id\":\"https:\/\/www.ferrycroatia.com\/hr\/venezia-lines\/#faq-question-1625743405675\"}],\"inLanguage\":\"en-US\",\"potentialAction\":[{\"@type\":\"ReadAction\",\"target\":[\"https:\/\/www.ferrycroatia.com\/hr\/venezia-lines\/\"]}]},{\"@type\":\"BreadcrumbList\",\"@id\":\"https:\/\/www.ferrycroatia.com\/hr\/venezia-lines\/#breadcrumb\",\"itemListElement\":[{\"@type\":\"ListItem\",\"position\":1,\"name\":\"Home\",\"item\":\"https:\/\/www.ferrycroatia.com\/hr\/\"},{\"@type\":\"ListItem\",\"position\":2,\"name\":\"Venezia Lines\"}]},{\"@type\":\"WebSite\",\"@id\":\"https:\/\/www.ferrycroatia.com\/hr\/#website\",\"url\":\"https:\/\/www.ferrycroatia.com\/hr\/\",\"name\":\"Trajekti Hrvatska\",\"description\":\"Vozni red za sve trajekte i katamarane u Hrvatskoj\",\"potentialAction\":[{\"@type\":\"SearchAction\",\"target\":{\"@type\":\"EntryPoint\",\"urlTemplate\":\"https:\/\/www.ferrycroatia.com\/hr\/?s={search_term_string}\"},\"query-input\":\"required name=search_term_string\"}],\"inLanguage\":\"en-US\"},{\"@type\":\"Question\",\"@id\":\"https:\/\/www.ferrycroatia.com\/hr\/venezia-lines\/#faq-question-1625743305837\",\"position\":1,\"url\":\"https:\/\/www.ferrycroatia.com\/hr\/venezia-lines\/#faq-question-1625743305837\",\"name\":\"Gdje mogu kupiti karte za SNAV trajektne i katamaranske linije?\",\"answerCount\":1,\"acceptedAnswer\":{\"@type\":\"Answer\",\"text\":\"Za navedene polaske preporu\u010duje se kupnja karti putem interneta. Tako\u0111er, karte se mogu kupiti i na prodajnim mjestima u svim lukama, ali imajte na umu da postoji ograni\u010den broj mjesta. Zbog velikog broja putnika tijekom ljetne sezone, preporu\u010duje se kartu kupiti unaprijed.\",\"inLanguage\":\"en-US\"},\"inLanguage\":\"en-US\"},{\"@type\":\"Question\",\"@id\":\"https:\/\/www.ferrycroatia.com\/hr\/venezia-lines\/#faq-question-1625743317453\",\"position\":2,\"url\":\"https:\/\/www.ferrycroatia.com\/hr\/venezia-lines\/#faq-question-1625743317453\",\"name\":\"Moram li imati ispisanu kartu prilikom ukrcaja na brod?\",\"answerCount\":1,\"acceptedAnswer\":{\"@type\":\"Answer\",\"text\":\"Preporu\u010deno je imati ispisanu kartu, ali mo\u017eete ju pokazati i posadi putem pametnog telefona.\",\"inLanguage\":\"en-US\"},\"inLanguage\":\"en-US\"},{\"@type\":\"Question\",\"@id\":\"https:\/\/www.ferrycroatia.com\/hr\/venezia-lines\/#faq-question-1625743338827\",\"position\":3,\"url\":\"https:\/\/www.ferrycroatia.com\/hr\/venezia-lines\/#faq-question-1625743338827\",\"name\":\"Koliko prtljage mogu ponijeti na brod?\",\"answerCount\":1,\"acceptedAnswer\":{\"@type\":\"Answer\",\"text\":\"Svaki putnik mo\u017ee ponijeti <strong>jedan komad ru\u010dne prtljage<\/strong> te\u017eine do 10kg <strong>besplatno<\/strong>. Sve iznad propisane te\u017eine, posebno se nadopla\u0107uje. Na trajektnim krstarenjima ru\u010dna prtljaga mo\u017ee se unijeti u kabine, dok se na brzim brodovima prtljaga \u010duva na odre\u0111enom mjestu. Tako\u0111er, putnici mogu besplatno ponijeti <strong>jedan komad prtljage<\/strong> (bez obzira na veli\u010dinu i te\u017einu). Ako donosite vi\u0161e komada prtljage, morat \u0107ete platiti dodatnih 10 \u20ac (20 \u20ac ako pla\u0107ate prilikom prijave).\",\"inLanguage\":\"en-US\"},\"inLanguage\":\"en-US\"},{\"@type\":\"Question\",\"@id\":\"https:\/\/www.ferrycroatia.com\/hr\/venezia-lines\/#faq-question-1625743361588\",\"position\":4,\"url\":\"https:\/\/www.ferrycroatia.com\/hr\/venezia-lines\/#faq-question-1625743361588\",\"name\":\"Mogu li povesti svog ljubimca na brod?\",\"answerCount\":1,\"acceptedAnswer\":{\"@type\":\"Answer\",\"text\":\"Izvadak iz op\u0107ih uvjeta poslovanja Venezia Lines za transport ku\u0107nih ljubimaca navodi:<br\/><em>Sve \u017eivotinje moraju posjedovati dokaz o svim potrebnim cjepivima (koje zahtjeva i polazna i odredi\u0161na luka) te me\u0111unarodnu putovnicu za \u017eivotinje.<\/em><br\/><em>Ma\u010dke je potrebno prevoziti u odgovaraju\u0107im kavezima.<\/em><br\/><em>Psi ne mogu biti ve\u0107i od 60 cm duljine i 50 cm visine (od glave prema dolje).<\/em><br\/><em>Tako\u0111er, svi psi moraju biti na uzici i imati brnjicu. Uzica omotana oko pasjih usta ne smatra se brnjicom.<\/em><br\/><em>Sve \u017eivotinje moraju se unaprijed najaviti prilikom rezervacije.<\/em><br\/><em>Va\u017eno je i naglasiti da tijekom putovanja mo\u017eda ne\u0107ete sjediti pored svog ljubimca.<\/em>\",\"inLanguage\":\"en-US\"},\"inLanguage\":\"en-US\"},{\"@type\":\"Question\",\"@id\":\"https:\/\/www.ferrycroatia.com\/hr\/venezia-lines\/#faq-question-1625743385147\",\"position\":5,\"url\":\"https:\/\/www.ferrycroatia.com\/hr\/venezia-lines\/#faq-question-1625743385147\",\"name\":\"Mogu li ponijeti svoj bicikl na brod?\",\"answerCount\":1,\"acceptedAnswer\":{\"@type\":\"Answer\",\"text\":\"Da, svoj bicikl mo\u017eete ponijeti na katamaran Venezia Lines, ali imajte na umu da je prostor za pohranu bicikli ograni\u010den. Tako\u0111er, potrebno je platiti dodatnih 10 EUR.\",\"inLanguage\":\"en-US\"},\"inLanguage\":\"en-US\"},{\"@type\":\"Question\",\"@id\":\"https:\/\/www.ferrycroatia.com\/hr\/venezia-lines\/#faq-question-1625743394723\",\"position\":6,\"url\":\"https:\/\/www.ferrycroatia.com\/hr\/venezia-lines\/#faq-question-1625743394723\",\"name\":\"Koji su mi dokumenti potrebni kada putujem na linijama Venezia Lines?\",\"answerCount\":1,\"acceptedAnswer\":{\"@type\":\"Answer\",\"text\":\"Kada putujete u Veneciju iz hrvatskih luka (i obrnuto), potrebna vam je putovnica ili osobna iskaznica koja vrijedi za inozemna putovanja. Putovnica mora vrijediti najmanje 90 dana od datuma povratka. Ako vam dokumenti uskoro isti\u010du, preporu\u010duje se da ih obnovite na vrijeme. Voza\u010dka dozvola nije va\u017ee\u0107a putna isprava za ove rute.\",\"inLanguage\":\"en-US\"},\"inLanguage\":\"en-US\"},{\"@type\":\"Question\",\"@id\":\"https:\/\/www.ferrycroatia.com\/hr\/venezia-lines\/#faq-question-1625743405675\",\"position\":7,\"url\":\"https:\/\/www.ferrycroatia.com\/hr\/venezia-lines\/#faq-question-1625743405675\",\"name\":\"Koliko ranije bih trebao sti\u0107i u luku?\",\"answerCount\":1,\"acceptedAnswer\":{\"@type\":\"Answer\",\"text\":\"Preporu\u010deno je \u0161to ranije biti u luci s obzirom da se putnici trebaju prijaviti prije ulaska u katamaran. U svim lukama prijava zapo\u010dinje sat vremena prije polaska i zavr\u0161ava 15 minuta prije samog ukrcaja. Tako\u0111er, Venezia Lines preporu\u010duje dvostruku provjeru vremena \/ datuma polaska bar 24 sata prije isplovljavanja.\",\"inLanguage\":\"en-US\"},\"inLanguage\":\"en-US\"}]}<\/script>\n<!-- \/ Yoast SEO plugin. -->","yoast_head_json":{"title":"Venezia Lines - Informacije, vozni red i cijene karata","description":"Venezia Lines je tvrtka koja povezuje luke u Italiji i Hrvatskoj u sjevernom Jadranu. Pro\u010ditajte vi\u0161e o tvrtki, linijama koje imaju u ponudi i naj\u010de\u0161\u0107a pitanja.","robots":{"index":"index","follow":"follow","max-snippet":"max-snippet:-1","max-image-preview":"max-image-preview:large","max-video-preview":"max-video-preview:-1"},"canonical":"https:\/\/www.ferrycroatia.com\/hr\/venezia-lines\/","og_locale":"en_US","og_type":"article","og_title":"Venezia Lines - Informacije, vozni red i cijene karata","og_description":"Venezia Lines je tvrtka koja povezuje luke u Italiji i Hrvatskoj u sjevernom Jadranu. Pro\u010ditajte vi\u0161e o tvrtki, linijama koje imaju u ponudi i naj\u010de\u0161\u0107a pitanja.","og_url":"https:\/\/www.ferrycroatia.com\/hr\/venezia-lines\/","og_site_name":"Trajekti Hrvatska","article_modified_time":"2022-04-08T06:34:57+00:00","twitter_card":"summary_large_image","twitter_misc":{"Est. reading time":"3 minutes"},"schema":{"@context":"https:\/\/schema.org","@graph":[{"@type":["WebPage","FAQPage"],"@id":"https:\/\/www.ferrycroatia.com\/hr\/venezia-lines\/","url":"https:\/\/www.ferrycroatia.com\/hr\/venezia-lines\/","name":"Venezia Lines - Informacije, vozni red i cijene karata","isPartOf":{"@id":"https:\/\/www.ferrycroatia.com\/hr\/#website"},"datePublished":"2021-01-27T18:01:27+00:00","dateModified":"2022-04-08T06:34:57+00:00","description":"Venezia Lines je tvrtka koja povezuje luke u Italiji i Hrvatskoj u sjevernom Jadranu. Pro\u010ditajte vi\u0161e o tvrtki, linijama koje imaju u ponudi i naj\u010de\u0161\u0107a pitanja.","breadcrumb":{"@id":"https:\/\/www.ferrycroatia.com\/hr\/venezia-lines\/#breadcrumb"},"mainEntity":[{"@id":"https:\/\/www.ferrycroatia.com\/hr\/venezia-lines\/#faq-question-1625743305837"},{"@id":"https:\/\/www.ferrycroatia.com\/hr\/venezia-lines\/#faq-question-1625743317453"},{"@id":"https:\/\/www.ferrycroatia.com\/hr\/venezia-lines\/#faq-question-1625743338827"},{"@id":"https:\/\/www.ferrycroatia.com\/hr\/venezia-lines\/#faq-question-1625743361588"},{"@id":"https:\/\/www.ferrycroatia.com\/hr\/venezia-lines\/#faq-question-1625743385147"},{"@id":"https:\/\/www.ferrycroatia.com\/hr\/venezia-lines\/#faq-question-1625743394723"},{"@id":"https:\/\/www.ferrycroatia.com\/hr\/venezia-lines\/#faq-question-1625743405675"}],"inLanguage":"en-US","potentialAction":[{"@type":"ReadAction","target":["https:\/\/www.ferrycroatia.com\/hr\/venezia-lines\/"]}]},{"@type":"BreadcrumbList","@id":"https:\/\/www.ferrycroatia.com\/hr\/venezia-lines\/#breadcrumb","itemListElement":[{"@type":"ListItem","position":1,"name":"Home","item":"https:\/\/www.ferrycroatia.com\/hr\/"},{"@type":"ListItem","position":2,"name":"Venezia Lines"}]},{"@type":"WebSite","@id":"https:\/\/www.ferrycroatia.com\/hr\/#website","url":"https:\/\/www.ferrycroatia.com\/hr\/","name":"Trajekti Hrvatska","description":"Vozni red za sve trajekte i katamarane u Hrvatskoj","potentialAction":[{"@type":"SearchAction","target":{"@type":"EntryPoint","urlTemplate":"https:\/\/www.ferrycroatia.com\/hr\/?s={search_term_string}"},"query-input":"required name=search_term_string"}],"inLanguage":"en-US"},{"@type":"Question","@id":"https:\/\/www.ferrycroatia.com\/hr\/venezia-lines\/#faq-question-1625743305837","position":1,"url":"https:\/\/www.ferrycroatia.com\/hr\/venezia-lines\/#faq-question-1625743305837","name":"Gdje mogu kupiti karte za SNAV trajektne i katamaranske linije?","answerCount":1,"acceptedAnswer":{"@type":"Answer","text":"Za navedene polaske preporu\u010duje se kupnja karti putem interneta. Tako\u0111er, karte se mogu kupiti i na prodajnim mjestima u svim lukama, ali imajte na umu da postoji ograni\u010den broj mjesta. Zbog velikog broja putnika tijekom ljetne sezone, preporu\u010duje se kartu kupiti unaprijed.","inLanguage":"en-US"},"inLanguage":"en-US"},{"@type":"Question","@id":"https:\/\/www.ferrycroatia.com\/hr\/venezia-lines\/#faq-question-1625743317453","position":2,"url":"https:\/\/www.ferrycroatia.com\/hr\/venezia-lines\/#faq-question-1625743317453","name":"Moram li imati ispisanu kartu prilikom ukrcaja na brod?","answerCount":1,"acceptedAnswer":{"@type":"Answer","text":"Preporu\u010deno je imati ispisanu kartu, ali mo\u017eete ju pokazati i posadi putem pametnog telefona.","inLanguage":"en-US"},"inLanguage":"en-US"},{"@type":"Question","@id":"https:\/\/www.ferrycroatia.com\/hr\/venezia-lines\/#faq-question-1625743338827","position":3,"url":"https:\/\/www.ferrycroatia.com\/hr\/venezia-lines\/#faq-question-1625743338827","name":"Koliko prtljage mogu ponijeti na brod?","answerCount":1,"acceptedAnswer":{"@type":"Answer","text":"Svaki putnik mo\u017ee ponijeti <strong>jedan komad ru\u010dne prtljage<\/strong> te\u017eine do 10kg <strong>besplatno<\/strong>. Sve iznad propisane te\u017eine, posebno se nadopla\u0107uje. Na trajektnim krstarenjima ru\u010dna prtljaga mo\u017ee se unijeti u kabine, dok se na brzim brodovima prtljaga \u010duva na odre\u0111enom mjestu. Tako\u0111er, putnici mogu besplatno ponijeti <strong>jedan komad prtljage<\/strong> (bez obzira na veli\u010dinu i te\u017einu). Ako donosite vi\u0161e komada prtljage, morat \u0107ete platiti dodatnih 10 \u20ac (20 \u20ac ako pla\u0107ate prilikom prijave).","inLanguage":"en-US"},"inLanguage":"en-US"},{"@type":"Question","@id":"https:\/\/www.ferrycroatia.com\/hr\/venezia-lines\/#faq-question-1625743361588","position":4,"url":"https:\/\/www.ferrycroatia.com\/hr\/venezia-lines\/#faq-question-1625743361588","name":"Mogu li povesti svog ljubimca na brod?","answerCount":1,"acceptedAnswer":{"@type":"Answer","text":"Izvadak iz op\u0107ih uvjeta poslovanja Venezia Lines za transport ku\u0107nih ljubimaca navodi:<br\/><em>Sve \u017eivotinje moraju posjedovati dokaz o svim potrebnim cjepivima (koje zahtjeva i polazna i odredi\u0161na luka) te me\u0111unarodnu putovnicu za \u017eivotinje.<\/em><br\/><em>Ma\u010dke je potrebno prevoziti u odgovaraju\u0107im kavezima.<\/em><br\/><em>Psi ne mogu biti ve\u0107i od 60 cm duljine i 50 cm visine (od glave prema dolje).<\/em><br\/><em>Tako\u0111er, svi psi moraju biti na uzici i imati brnjicu. Uzica omotana oko pasjih usta ne smatra se brnjicom.<\/em><br\/><em>Sve \u017eivotinje moraju se unaprijed najaviti prilikom rezervacije.<\/em><br\/><em>Va\u017eno je i naglasiti da tijekom putovanja mo\u017eda ne\u0107ete sjediti pored svog ljubimca.<\/em>","inLanguage":"en-US"},"inLanguage":"en-US"},{"@type":"Question","@id":"https:\/\/www.ferrycroatia.com\/hr\/venezia-lines\/#faq-question-1625743385147","position":5,"url":"https:\/\/www.ferrycroatia.com\/hr\/venezia-lines\/#faq-question-1625743385147","name":"Mogu li ponijeti svoj bicikl na brod?","answerCount":1,"acceptedAnswer":{"@type":"Answer","text":"Da, svoj bicikl mo\u017eete ponijeti na katamaran Venezia Lines, ali imajte na umu da je prostor za pohranu bicikli ograni\u010den. Tako\u0111er, potrebno je platiti dodatnih 10 EUR.","inLanguage":"en-US"},"inLanguage":"en-US"},{"@type":"Question","@id":"https:\/\/www.ferrycroatia.com\/hr\/venezia-lines\/#faq-question-1625743394723","position":6,"url":"https:\/\/www.ferrycroatia.com\/hr\/venezia-lines\/#faq-question-1625743394723","name":"Koji su mi dokumenti potrebni kada putujem na linijama Venezia Lines?","answerCount":1,"acceptedAnswer":{"@type":"Answer","text":"Kada putujete u Veneciju iz hrvatskih luka (i obrnuto), potrebna vam je putovnica ili osobna iskaznica koja vrijedi za inozemna putovanja. Putovnica mora vrijediti najmanje 90 dana od datuma povratka. Ako vam dokumenti uskoro isti\u010du, preporu\u010duje se da ih obnovite na vrijeme. Voza\u010dka dozvola nije va\u017ee\u0107a putna isprava za ove rute.","inLanguage":"en-US"},"inLanguage":"en-US"},{"@type":"Question","@id":"https:\/\/www.ferrycroatia.com\/hr\/venezia-lines\/#faq-question-1625743405675","position":7,"url":"https:\/\/www.ferrycroatia.com\/hr\/venezia-lines\/#faq-question-1625743405675","name":"Koliko ranije bih trebao sti\u0107i u luku?","answerCount":1,"acceptedAnswer":{"@type":"Answer","text":"Preporu\u010deno je \u0161to ranije biti u luci s obzirom da se putnici trebaju prijaviti prije ulaska u katamaran. U svim lukama prijava zapo\u010dinje sat vremena prije polaska i zavr\u0161ava 15 minuta prije samog ukrcaja. Tako\u0111er, Venezia Lines preporu\u010duje dvostruku provjeru vremena \/ datuma polaska bar 24 sata prije isplovljavanja.","inLanguage":"en-US"},"inLanguage":"en-US"}]}},"_links":{"self":[{"href":"https:\/\/www.ferrycroatia.com\/hr\/wp-json\/wp\/v2\/pages\/1196"}],"collection":[{"href":"https:\/\/www.ferrycroatia.com\/hr\/wp-json\/wp\/v2\/pages"}],"about":[{"href":"https:\/\/www.ferrycroatia.com\/hr\/wp-json\/wp\/v2\/types\/page"}],"author":[{"embeddable":true,"href":"https:\/\/www.ferrycroatia.com\/hr\/wp-json\/wp\/v2\/users\/5"}],"replies":[{"embeddable":true,"href":"https:\/\/www.ferrycroatia.com\/hr\/wp-json\/wp\/v2\/comments?post=1196"}],"version-history":[{"count":5,"href":"https:\/\/www.ferrycroatia.com\/hr\/wp-json\/wp\/v2\/pages\/1196\/revisions"}],"predecessor-version":[{"id":2479,"href":"https:\/\/www.ferrycroatia.com\/hr\/wp-json\/wp\/v2\/pages\/1196\/revisions\/2479"}],"wp:attachment":[{"href":"https:\/\/www.ferrycroatia.com\/hr\/wp-json\/wp\/v2\/media?parent=1196"}],"curies":[{"name":"wp","href":"https:\/\/api.w.org\/{rel}","templated":true}]}}