{"id":1266,"date":"2021-01-28T09:50:03","date_gmt":"2021-01-28T09:50:03","guid":{"rendered":"https:\/\/ferrycroatia.com\/hr\/?page_id=1266"},"modified":"2024-06-18T11:08:24","modified_gmt":"2024-06-18T09:08:24","slug":"trajektna-luka-bol","status":"publish","type":"page","link":"https:\/\/www.ferrycroatia.com\/hr\/trajektna-luka-bol\/","title":{"rendered":"Trajektna luka Bol"},"content":{"rendered":"\n<p><strong>Bol je grad na ju\u017enoj strani otoka Bra\u010da<\/strong>, poznat je po jednoj od najpopularnijih pla\u017ea u Hrvatskoj &#8211; Zlatnom ratu. Bol je redovitim katamaranskim linijama povezan <strong>s kopnom (Split)<\/strong> i <a href=\"https:\/\/www.ferrycroatia.com\/hr\/otok-hvar\/\">otokom Hvarom<\/a> (Jelsa). Trajektna luka Bol iz koje <strong>polaze katamarani nalazi se<\/strong> pored glavne \u0161etnice uz more, u centru grada.<\/p>\n\n\n\n<h3 class=\"has-medium-font-size\">Kako do\u0107i do luke u Bolu<\/h3>\n\n\n\n<p>Pristani\u0161te s kojeg isplovljavaju brzi trajekti\/katamarani <strong>nalazi se u samom centru Bola<\/strong>, u blizini glavne \u0161etnice uz more. Bez obzira gdje se nalazili, <strong>do pristani\u0161ta je lako do\u0107i pje\u0161ice<\/strong>. Dobra opcija ako imate prtljagu je naru\u010diti taksi \u010dija vas usluga ne bi trebala puno ko\u0161tati jer se radi o <strong>maloj udaljenosti<\/strong>.&nbsp;<\/p>\n\n\n\n<p><strong>Autobusni kolodvor se tako\u0111er nalazi u blizini luke<\/strong> i lako ga je prona\u0107i. <a href=\"https:\/\/getbybus.com\/hr\/autobus-bol-brac\">Kliknite ovdje<\/a> kako biste vidjeli to\u010dnu lokaciju. Postoje i&nbsp; autobusne linije izme\u0111u Bola i drugih popularnijih mjesta na Hvaru.<\/p>\n\n\n\n<h3 class=\"has-medium-font-size\">Na\u0161 video o katamaranskoj liniji Split-Bol<\/h3>\n\n\n\n<div style=\"position: relative; overflow: hidden; padding-top: 56.25%; width: 100%;\"><iframe style=\"position: absolute; top: 0; left: 0; width: 100%; height: 100%;\" title=\"YouTube video player\" src=\"https:\/\/www.youtube.com\/embed\/BbQ_YX5ZYSQ?si=w7vnBa5bVkiResRO\" frameborder=\"0\" allowfullscreen=\"allowfullscreen\" data-mce-fragment=\"1\"><span data-mce-type=\"bookmark\" style=\"display: inline-block; width: 0px; overflow: hidden; line-height: 0;\" class=\"mce_SELRES_start\">\ufeff<\/span><span data-mce-type=\"bookmark\" style=\"display: inline-block; width: 0px; overflow: hidden; line-height: 0;\" class=\"mce_SELRES_start\">\ufeff<\/span><span data-mce-type=\"bookmark\" style=\"display: inline-block; width: 0px; overflow: hidden; line-height: 0;\" class=\"mce_SELRES_start\">\ufeff<\/span><\/iframe><\/div>\n\n\n\n<h3 class=\"has-medium-font-size\">Kako iz Bola do\u0107i do Zra\u010dne luke Split<\/h3>\n\n\n\n<p>Izravni putni\u010dki <a href=\"http:\/\/ferrycroatia.com\/hr\/supetar-split\/\">trajekt <strong>od Bola do Splita<\/strong><\/a><strong> isplovljava nekoliko puta dnevno<\/strong>. Ako vam ne odgovara nijedan polazak, mo\u017eete trajektom od Supetra do Splita (u\u010destaliji polasci), ali dr\u017eite na umu kako <a href=\"https:\/\/getbybus.com\/hr\/autobus-bol-do-supetar\"><strong>vo\u017enja autobusom od Bola do Supetra <\/strong><\/a>mo\u017ee potrajati i sat vremena. Jednom kad do\u0111ete do <a href=\"http:\/\/ferrycroatia.com\/hr\/trajektna-luka-split\/\">splitske trajektne luke<\/a>, <strong>jednostavno prije\u0111ite ulicu i vidjet \u0107ete glavni autobusni kolodvor <\/strong>gdje mo\u017eete uhvatiti autobus  do zra\u010dne luke.<\/p>\n\n\n\n<p>Zra\u010dna luka nalazi se <strong>nekih 25 km od Splita<\/strong>, a vo\u017enja autobusom zra\u010dne luke traje oko 30-40 minuta.<\/p>\n\n\n\n<h3 class=\"has-medium-font-size\">Kako autobusom do\u0107i do Bola<\/h3>\n\n\n\n<p><strong>Ako putujete autobusom i \u017eelite do\u0107i do Bola<\/strong>, prvo morate do Splita koji je redovnim i sezonskim autobusnim linijama povezan s mnogim hrvatskim i <strong>europskim destinacijama<\/strong>. Glavni autobusni kolodvor nalazi se nasuprot trajektne luke odakle direktnim katamaranom mo\u017eete do\u0107i do Bola. To\u010dnu lokaciju mo\u017eete <a href=\"https:\/\/getbybus.com\/hr\/autobus-split\">vidjeti ovdje<\/a>.&nbsp;<\/p>\n\n\n\n<p>Ako putujete automobilom, druga opcija je da trajektom do\u0111ete <a href=\"http:\/\/ferrycroatia.com\/hr\/trajektna-luka-supetar\/\">do Supetra<\/a> te se zatim odvezete do Bola.<\/p>\n\n\n\n<h3 class=\"has-medium-font-size\">\u0160to se nalazi u Bolskoj luci<\/h3>\n\n\n\n<p>Kao \u0161to je ve\u0107 spomenuto, katamaranska luka u Bolu nalazi se <strong>u samom centru grada, pored glavne rive<\/strong>, tako da se vrlo blizu nalaze trgovine, barovi, restorani, bankomati itd.<\/p>\n\n\n\n<h3 class=\"has-medium-font-size\">Adresa luke u Bolu<\/h3>\n\n\n\n<p>Ra\u010di\u0107eva<\/p>\n\n\n\n<p>21420 Bol (Bra\u010d)<\/p>\n\n\n\n<p><strong>GPS koordinate: <\/strong>43.26092, 16.65739<\/p>\n\n\n\n<figure class=\"wp-block-image size-full\"><img decoding=\"async\" loading=\"lazy\" width=\"800\" height=\"423\" data-src=\"https:\/\/www.ferrycroatia.com\/hr\/wp-content\/uploads\/2024\/06\/Trajektna-luka-Bol.webp\" alt=\"Trajektna luka Bol\" class=\"wp-image-4070\" data-srcset=\"https:\/\/www.ferrycroatia.com\/hr\/wp-content\/uploads\/2024\/06\/Trajektna-luka-Bol.webp 800w, https:\/\/www.ferrycroatia.com\/hr\/wp-content\/uploads\/2024\/06\/Trajektna-luka-Bol-300x159.webp 300w, https:\/\/www.ferrycroatia.com\/hr\/wp-content\/uploads\/2024\/06\/Trajektna-luka-Bol-768x406.webp 768w\" sizes=\"(max-width: 800px) 100vw, 800px\" \/><figcaption class=\"wp-element-caption\">Trajektna luka Bol lokacija<\/figcaption><\/figure>\n\n\n\n<h3>Trajektna luka Bol &#8211; naj\u010de\u0161\u0107a pitanja<\/h3>\n\n\n\n<p><strong>Gdje se nalazi katamaransko pristani\u0161te u Bolu?<\/strong><\/p>\n\n\n\n<p>Katamaransko pristani\u0161te se nalazi pored glavne \u0161etnice uz more, u centru grada Bola.<\/p>\n\n\n\n<p><strong>Kako do\u0107i do luke u Bolu?<\/strong><\/p>\n\n\n\n<ul>\n<li><strong>Pje\u0161ice:<\/strong> Bol je mali grad i katamaransko pristani\u0161te je lako dostupno pje\u0161ice iz bilo kojeg dijela grada.<\/li>\n\n\n\n<li><strong>Taksi:<\/strong> Ako imate puno prtljage, mo\u017eete pozvati taksi, koji vas ne\u0107e puno ko\u0161tati zbog male udaljenosti.<\/li>\n\n\n\n<li><strong>Autobus:<\/strong> Autobusni kolodvor se nalazi u blizini luke, a postoje redovne autobusne linije izme\u0111u Bola i drugih mjesta na otoku Bra\u010du.<\/li>\n<\/ul>\n\n\n\n<p><strong>Kako do\u0107i do Zra\u010dne luke Split iz Bola?<\/strong><\/p>\n\n\n\n<ul>\n<li><strong>Katamaranom:<\/strong> Izravni putni\u010dki trajekti od Bola do Splita isplovljavaju nekoliko puta dnevno.<\/li>\n\n\n\n<li><strong>Trajektom preko Supetra:<\/strong> Ako nema dostupnog katamarana, mo\u017eete putovati trajektom od Supetra do Splita. Vo\u017enja autobusom od Bola do Supetra traje oko sat vremena.<\/li>\n\n\n\n<li><strong>Autobus iz Splita:<\/strong> Kada stignete u splitsku trajektnu luku, glavni autobusni kolodvor je odmah preko puta. Odatle mo\u017eete uhvatiti autobus za zra\u010dnu luku Split, koja je udaljena 25 km od grada. Vo\u017enja traje oko 30-40 minuta.<\/li>\n<\/ul>\n\n\n\n<p><strong>Kako do\u0107i do Bola autobusom?<\/strong><\/p>\n\n\n\n<ul>\n<li><strong>Autobusom do Splita:<\/strong> Prvo trebate sti\u0107i do Splita, koji je povezan redovnim i sezonskim autobusnim linijama s mnogim hrvatskim i europskim destinacijama.<\/li>\n\n\n\n<li><strong>Katamaranom iz Splita do Bola:<\/strong> Glavni autobusni kolodvor u Splitu nalazi se nasuprot trajektne luke, odakle mo\u017eete direktnim katamaranom do\u0107i do Bola.<\/li>\n\n\n\n<li><strong>Automobilom:<\/strong> Alternativno, mo\u017eete uzeti trajekt do Supetra i voziti se do Bola.<\/li>\n<\/ul>\n\n\n\n<p><strong>\u0160to se nalazi u blizini luke u Bolu?<\/strong><\/p>\n\n\n\n<p>Katamaranska luka u Bolu nalazi se u samom centru grada, pored glavne rive. U blizini se nalaze trgovine, barovi, restorani, bankomati i ostali gradski sadr\u017eaji.<\/p>\n\n\n\n<h3><strong>Popis linija do i iz Bola<\/strong><\/h3>\n\n\n\n<p>Katamaranska linija iz Splita preko Bola do Jelse na Hvaru<\/p>\n\n\n\n<figure class=\"wp-block-table\"><table class=\"has-fixed-layout\"><tbody><tr><td class=\"has-text-align-center\" data-align=\"center\"><a href=\"http:\/\/ferrycroatia.com\/hr\/bol-split\/\">Bol \u2013 Split<\/a><\/td><td class=\"has-text-align-center\" data-align=\"center\"><a href=\"http:\/\/ferrycroatia.com\/hr\/bol-jelsa\/\">Bol \u2013 Jelsa<\/a><\/td><\/tr><tr><td class=\"has-text-align-center\" data-align=\"center\"><a href=\"http:\/\/ferrycroatia.com\/hr\/split-bol\/\">Split \u2013 Bol<\/a><\/td><td class=\"has-text-align-center\" data-align=\"center\"><a href=\"http:\/\/ferrycroatia.com\/hr\/jelsa-bol\/\">Jelsa \u2013 Bol<\/a><\/td><\/tr><\/tbody><\/table><\/figure>\n\n\n\n<p>Katamaranska linija iz Splita preko Bola do Makarske, Sobre (Mljet), Kor\u010dule do Dubrovnika<\/p>\n\n\n\n<figure class=\"wp-block-table\"><table class=\"has-fixed-layout\"><tbody><tr><td class=\"has-text-align-center\" data-align=\"center\"><a href=\"http:\/\/ferrycroatia.com\/hr\/bol-makarska\/\">Bol \u2013 Makarska<\/a><\/td><td class=\"has-text-align-center\" data-align=\"center\"><a href=\"http:\/\/ferrycroatia.com\/hr\/bol-sobra\/\">Bol \u2013 Mljet<\/a><\/td><td class=\"has-text-align-center\" data-align=\"center\"><a href=\"http:\/\/ferrycroatia.com\/hr\/bol-korcula\/\">Bol \u2013 Kor\u010dula<\/a><\/td><\/tr><tr><td class=\"has-text-align-center\" data-align=\"center\"><a href=\"http:\/\/ferrycroatia.com\/hr\/makarska-bol\/\">Makarska \u2013 Bol<\/a><\/td><td class=\"has-text-align-center\" data-align=\"center\"><a href=\"http:\/\/ferrycroatia.com\/hr\/sobra-bol\/\">Mljet \u2013 Bol<\/a><\/td><td class=\"has-text-align-center\" data-align=\"center\"><a href=\"http:\/\/ferrycroatia.com\/hr\/korcula-bol\/\">Kor\u010dula \u2013 Bol<\/a><\/td><\/tr><\/tbody><\/table><\/figure>\n\n\n\n<p>Katamaranska linija iz Splita preko Bola do grada Hvara, Kor\u010dule i Dubrovnika<\/p>\n\n\n\n<figure class=\"wp-block-table\"><table class=\"has-fixed-layout\"><tbody><tr><td class=\"has-text-align-center\" data-align=\"center\"><a href=\"http:\/\/ferrycroatia.com\/hr\/bol-hvar\/\">Bol \u2013 Hvar<\/a><\/td><td class=\"has-text-align-center\" data-align=\"center\"><a href=\"http:\/\/ferrycroatia.com\/hr\/bol-dubrovnik\/\">Bol \u2013 Dubrovnik<\/a><\/td><\/tr><tr><td class=\"has-text-align-center\" data-align=\"center\"><a href=\"http:\/\/ferrycroatia.com\/hr\/hvar-bol\/\">Hvar \u2013 Bol<\/a><\/td><td class=\"has-text-align-center\" data-align=\"center\"><a href=\"http:\/\/ferrycroatia.com\/hr\/dubrovnik-bol\/\">Dubrovnik \u2013 Bol<\/a><\/td><\/tr><\/tbody><\/table><\/figure>\n\n\n\n<h3>Na\u0161 video o jednodnevnom izletu u Bol<\/h3>\n\n\n\n<p>Ako vam treba inspiracija za jednodnevni izlet u Bol, pogledajte moj video u nastavku i saznajte sve bitne informacije!<\/p>\n\n\n\n<div style=\"position: relative; overflow: hidden; padding-top: 56.25%; width: 100%;\"><iframe style=\"position: absolute; top: 0; left: 0; width: 100%; height: 100%;\" title=\"YouTube video player\" src=\"https:\/\/www.youtube.com\/embed\/uIFtbvZXy4s?si=BN7NhUihcBq0GTGs\" frameborder=\"0\" allowfullscreen=\"allowfullscreen\" data-mce-fragment=\"1\"><span data-mce-type=\"bookmark\" style=\"display: inline-block; width: 0px; overflow: hidden; line-height: 0;\" class=\"mce_SELRES_start\">\ufeff<\/span><span data-mce-type=\"bookmark\" style=\"display: inline-block; width: 0px; overflow: hidden; line-height: 0;\" class=\"mce_SELRES_start\">\ufeff<\/span><span data-mce-type=\"bookmark\" style=\"display: inline-block; width: 0px; overflow: hidden; line-height: 0;\" class=\"mce_SELRES_start\">\ufeff<\/span><span data-mce-type=\"bookmark\" style=\"display: inline-block; width: 0px; overflow: hidden; line-height: 0;\" class=\"mce_SELRES_start\">\ufeff<\/span><\/iframe><\/div>\n\n\n\n<p>Tekst i savjete za putovanja napisao\u00a0<a href=\"https:\/\/www.ferrycroatia.com\/hr\/morten-smalby\/\">Morten Smalby<\/a>\u00a0\u2013 zaljubljenik u putovanja koji \u017eivi u Splitu, u Hrvatskoj.<\/p>\n","protected":false},"excerpt":{"rendered":"<p>Bol je grad na ju\u017enoj strani otoka Bra\u010da, poznat je po jednoj od najpopularnijih pla\u017ea u Hrvatskoj &#8211; Zlatnom ratu. Bol je redovitim katamaranskim linijama povezan s kopnom (Split) i otokom Hvarom (Jelsa). Trajektna luka Bol iz koje polaze katamarani nalazi se pored glavne \u0161etnice uz more, u centru grada. Kako do\u0107i do luke u [&hellip;]<\/p>\n<p><a class=\"more-link\" href=\"https:\/\/www.ferrycroatia.com\/hr\/trajektna-luka-bol\/\"> Continue reading&#8230;<\/a><\/p>\n","protected":false},"author":5,"featured_media":1269,"parent":0,"menu_order":0,"comment_status":"closed","ping_status":"closed","template":"","meta":[],"yoast_head":"<!-- This site is optimized with the Yoast SEO plugin v19.8 - https:\/\/yoast.com\/wordpress\/plugins\/seo\/ -->\n<title>Trajektna luka Bol, katamaran do Bola na Bra\u010du<\/title>\n<meta name=\"description\" content=\"Informacije o trajektnoj luci Bol, kako do\u0107i do luke pje\u0161ke, taksijem ili autobusom. Lista katamarana koji idu od i do Bola na Bra\u010du.\" \/>\n<meta name=\"robots\" content=\"index, follow, max-snippet:-1, max-image-preview:large, max-video-preview:-1\" \/>\n<link rel=\"canonical\" href=\"https:\/\/www.ferrycroatia.com\/hr\/trajektna-luka-bol\/\" \/>\n<meta property=\"og:locale\" content=\"en_US\" \/>\n<meta property=\"og:type\" content=\"article\" \/>\n<meta property=\"og:title\" content=\"Trajektna luka Bol, katamaran do Bola na Bra\u010du\" \/>\n<meta property=\"og:description\" content=\"Informacije o trajektnoj luci Bol, kako do\u0107i do luke pje\u0161ke, taksijem ili autobusom. Lista katamarana koji idu od i do Bola na Bra\u010du.\" \/>\n<meta property=\"og:url\" content=\"https:\/\/www.ferrycroatia.com\/hr\/trajektna-luka-bol\/\" \/>\n<meta property=\"og:site_name\" content=\"Trajekti Hrvatska\" \/>\n<meta property=\"article:modified_time\" content=\"2024-06-18T09:08:24+00:00\" \/>\n<meta property=\"og:image\" content=\"https:\/\/www.ferrycroatia.com\/hr\/wp-content\/uploads\/2021\/01\/Bol-on-Brac.jpg\" \/>\n\t<meta property=\"og:image:width\" content=\"1024\" \/>\n\t<meta property=\"og:image:height\" content=\"763\" \/>\n\t<meta property=\"og:image:type\" content=\"image\/jpeg\" \/>\n<meta name=\"twitter:card\" content=\"summary_large_image\" \/>\n<meta name=\"twitter:label1\" content=\"Est. reading time\" \/>\n\t<meta name=\"twitter:data1\" content=\"4 minutes\" \/>\n<script type=\"application\/ld+json\" class=\"yoast-schema-graph\">{\"@context\":\"https:\/\/schema.org\",\"@graph\":[{\"@type\":\"WebPage\",\"@id\":\"https:\/\/www.ferrycroatia.com\/hr\/trajektna-luka-bol\/\",\"url\":\"https:\/\/www.ferrycroatia.com\/hr\/trajektna-luka-bol\/\",\"name\":\"Trajektna luka Bol, katamaran do Bola na Bra\u010du\",\"isPartOf\":{\"@id\":\"https:\/\/www.ferrycroatia.com\/hr\/#website\"},\"datePublished\":\"2021-01-28T09:50:03+00:00\",\"dateModified\":\"2024-06-18T09:08:24+00:00\",\"description\":\"Informacije o trajektnoj luci Bol, kako do\u0107i do luke pje\u0161ke, taksijem ili autobusom. Lista katamarana koji idu od i do Bola na Bra\u010du.\",\"breadcrumb\":{\"@id\":\"https:\/\/www.ferrycroatia.com\/hr\/trajektna-luka-bol\/#breadcrumb\"},\"inLanguage\":\"en-US\",\"potentialAction\":[{\"@type\":\"ReadAction\",\"target\":[\"https:\/\/www.ferrycroatia.com\/hr\/trajektna-luka-bol\/\"]}]},{\"@type\":\"BreadcrumbList\",\"@id\":\"https:\/\/www.ferrycroatia.com\/hr\/trajektna-luka-bol\/#breadcrumb\",\"itemListElement\":[{\"@type\":\"ListItem\",\"position\":1,\"name\":\"Home\",\"item\":\"https:\/\/www.ferrycroatia.com\/hr\/\"},{\"@type\":\"ListItem\",\"position\":2,\"name\":\"Trajektna luka Bol\"}]},{\"@type\":\"WebSite\",\"@id\":\"https:\/\/www.ferrycroatia.com\/hr\/#website\",\"url\":\"https:\/\/www.ferrycroatia.com\/hr\/\",\"name\":\"Trajekti Hrvatska\",\"description\":\"Vozni red za sve trajekte i katamarane u Hrvatskoj\",\"potentialAction\":[{\"@type\":\"SearchAction\",\"target\":{\"@type\":\"EntryPoint\",\"urlTemplate\":\"https:\/\/www.ferrycroatia.com\/hr\/?s={search_term_string}\"},\"query-input\":\"required name=search_term_string\"}],\"inLanguage\":\"en-US\"}]}<\/script>\n<!-- \/ Yoast SEO plugin. -->","yoast_head_json":{"title":"Trajektna luka Bol, katamaran do Bola na Bra\u010du","description":"Informacije o trajektnoj luci Bol, kako do\u0107i do luke pje\u0161ke, taksijem ili autobusom. Lista katamarana koji idu od i do Bola na Bra\u010du.","robots":{"index":"index","follow":"follow","max-snippet":"max-snippet:-1","max-image-preview":"max-image-preview:large","max-video-preview":"max-video-preview:-1"},"canonical":"https:\/\/www.ferrycroatia.com\/hr\/trajektna-luka-bol\/","og_locale":"en_US","og_type":"article","og_title":"Trajektna luka Bol, katamaran do Bola na Bra\u010du","og_description":"Informacije o trajektnoj luci Bol, kako do\u0107i do luke pje\u0161ke, taksijem ili autobusom. Lista katamarana koji idu od i do Bola na Bra\u010du.","og_url":"https:\/\/www.ferrycroatia.com\/hr\/trajektna-luka-bol\/","og_site_name":"Trajekti Hrvatska","article_modified_time":"2024-06-18T09:08:24+00:00","og_image":[{"width":1024,"height":763,"url":"https:\/\/www.ferrycroatia.com\/hr\/wp-content\/uploads\/2021\/01\/Bol-on-Brac.jpg","type":"image\/jpeg"}],"twitter_card":"summary_large_image","twitter_misc":{"Est. reading time":"4 minutes"},"schema":{"@context":"https:\/\/schema.org","@graph":[{"@type":"WebPage","@id":"https:\/\/www.ferrycroatia.com\/hr\/trajektna-luka-bol\/","url":"https:\/\/www.ferrycroatia.com\/hr\/trajektna-luka-bol\/","name":"Trajektna luka Bol, katamaran do Bola na Bra\u010du","isPartOf":{"@id":"https:\/\/www.ferrycroatia.com\/hr\/#website"},"datePublished":"2021-01-28T09:50:03+00:00","dateModified":"2024-06-18T09:08:24+00:00","description":"Informacije o trajektnoj luci Bol, kako do\u0107i do luke pje\u0161ke, taksijem ili autobusom. Lista katamarana koji idu od i do Bola na Bra\u010du.","breadcrumb":{"@id":"https:\/\/www.ferrycroatia.com\/hr\/trajektna-luka-bol\/#breadcrumb"},"inLanguage":"en-US","potentialAction":[{"@type":"ReadAction","target":["https:\/\/www.ferrycroatia.com\/hr\/trajektna-luka-bol\/"]}]},{"@type":"BreadcrumbList","@id":"https:\/\/www.ferrycroatia.com\/hr\/trajektna-luka-bol\/#breadcrumb","itemListElement":[{"@type":"ListItem","position":1,"name":"Home","item":"https:\/\/www.ferrycroatia.com\/hr\/"},{"@type":"ListItem","position":2,"name":"Trajektna luka Bol"}]},{"@type":"WebSite","@id":"https:\/\/www.ferrycroatia.com\/hr\/#website","url":"https:\/\/www.ferrycroatia.com\/hr\/","name":"Trajekti Hrvatska","description":"Vozni red za sve trajekte i katamarane u Hrvatskoj","potentialAction":[{"@type":"SearchAction","target":{"@type":"EntryPoint","urlTemplate":"https:\/\/www.ferrycroatia.com\/hr\/?s={search_term_string}"},"query-input":"required name=search_term_string"}],"inLanguage":"en-US"}]}},"_links":{"self":[{"href":"https:\/\/www.ferrycroatia.com\/hr\/wp-json\/wp\/v2\/pages\/1266"}],"collection":[{"href":"https:\/\/www.ferrycroatia.com\/hr\/wp-json\/wp\/v2\/pages"}],"about":[{"href":"https:\/\/www.ferrycroatia.com\/hr\/wp-json\/wp\/v2\/types\/page"}],"author":[{"embeddable":true,"href":"https:\/\/www.ferrycroatia.com\/hr\/wp-json\/wp\/v2\/users\/5"}],"replies":[{"embeddable":true,"href":"https:\/\/www.ferrycroatia.com\/hr\/wp-json\/wp\/v2\/comments?post=1266"}],"version-history":[{"count":10,"href":"https:\/\/www.ferrycroatia.com\/hr\/wp-json\/wp\/v2\/pages\/1266\/revisions"}],"predecessor-version":[{"id":4071,"href":"https:\/\/www.ferrycroatia.com\/hr\/wp-json\/wp\/v2\/pages\/1266\/revisions\/4071"}],"wp:featuredmedia":[{"embeddable":true,"href":"https:\/\/www.ferrycroatia.com\/hr\/wp-json\/wp\/v2\/media\/1269"}],"wp:attachment":[{"href":"https:\/\/www.ferrycroatia.com\/hr\/wp-json\/wp\/v2\/media?parent=1266"}],"curies":[{"name":"wp","href":"https:\/\/api.w.org\/{rel}","templated":true}]}}