{"id":1273,"date":"2021-01-28T09:55:33","date_gmt":"2021-01-28T09:55:33","guid":{"rendered":"https:\/\/ferrycroatia.com\/hr\/?page_id=1273"},"modified":"2021-07-08T10:27:33","modified_gmt":"2021-07-08T08:27:33","slug":"trajekt-hrvatska-italija","status":"publish","type":"page","link":"https:\/\/www.ferrycroatia.com\/hr\/trajekt-hrvatska-italija\/","title":{"rendered":"Trajekt Hrvatska &#8211; Italija"},"content":{"rendered":"\n<p><b>Vo\u017enja trajektom iz Hrvatske u Italiju<\/b> \u010desto je najlak\u0161i i najbr\u017ei na\u010din za do\u0107i iz jedne dr\u017eave u drugu, pogotovo ako iz <b>sredi\u0161njeg ili ju\u017enog dijela Hrvatske idete u sredi\u0161nju ili ju\u017enu Italiju<\/b>. Trajektna linija od Splita do Ancone prometuje tijekom cijele godine, isklju\u010divo putni\u010dki trajekti prometuju samo u razdoblju od svibnja do listopada, neki \u010dak i samo u srpnju i kolovozu.<\/p>\n\n\n\n<div id=\"ez-toc-container\" class=\"ez-toc-v2_0_62 counter-flat ez-toc-counter ez-toc-custom ez-toc-container-direction\">\n<div class=\"ez-toc-title-container\">\n<p class=\"ez-toc-title \" >Table of Contents<\/p>\n<span class=\"ez-toc-title-toggle\"><a href=\"#\" class=\"ez-toc-pull-right ez-toc-btn ez-toc-btn-xs ez-toc-btn-default ez-toc-toggle\" aria-label=\"Toggle Table of Content\"><span class=\"ez-toc-js-icon-con\"><span class=\"\"><span class=\"eztoc-hide\" style=\"display:none;\">Toggle<\/span><span class=\"ez-toc-icon-toggle-span\"><svg style=\"fill: #070c63;color:#070c63\" xmlns=\"http:\/\/www.w3.org\/2000\/svg\" class=\"list-377408\" width=\"20px\" height=\"20px\" viewBox=\"0 0 24 24\" fill=\"none\"><path d=\"M6 6H4v2h2V6zm14 0H8v2h12V6zM4 11h2v2H4v-2zm16 0H8v2h12v-2zM4 16h2v2H4v-2zm16 0H8v2h12v-2z\" fill=\"currentColor\"><\/path><\/svg><svg style=\"fill: #070c63;color:#070c63\" class=\"arrow-unsorted-368013\" xmlns=\"http:\/\/www.w3.org\/2000\/svg\" width=\"10px\" height=\"10px\" viewBox=\"0 0 24 24\" version=\"1.2\" baseProfile=\"tiny\"><path d=\"M18.2 9.3l-6.2-6.3-6.2 6.3c-.2.2-.3.4-.3.7s.1.5.3.7c.2.2.4.3.7.3h11c.3 0 .5-.1.7-.3.2-.2.3-.5.3-.7s-.1-.5-.3-.7zM5.8 14.7l6.2 6.3 6.2-6.3c.2-.2.3-.5.3-.7s-.1-.5-.3-.7c-.2-.2-.4-.3-.7-.3h-11c-.3 0-.5.1-.7.3-.2.2-.3.5-.3.7s.1.5.3.7z\"\/><\/svg><\/span><\/span><\/span><\/a><\/span><\/div>\n<nav><ul class='ez-toc-list ez-toc-list-level-1 eztoc-toggle-hide-by-default' ><li class='ez-toc-page-1'><a class=\"ez-toc-link ez-toc-heading-1\" href=\"https:\/\/www.ferrycroatia.com\/hr\/trajekt-hrvatska-italija\/#Trajekt_iz_Hrvatske_do_Italije\" title=\"Trajekt iz Hrvatske do Italije\">Trajekt iz Hrvatske do Italije<\/a><\/li><li class='ez-toc-page-1'><a class=\"ez-toc-link ez-toc-heading-2\" href=\"https:\/\/www.ferrycroatia.com\/hr\/trajekt-hrvatska-italija\/#Trajektne_luke_u_Hrvatskoj_s_trajektnim_linijama_prema_Italiji\" title=\"Trajektne luke u Hrvatskoj s trajektnim linijama prema Italiji\">Trajektne luke u Hrvatskoj s trajektnim linijama prema Italiji<\/a><\/li><li class='ez-toc-page-1'><a class=\"ez-toc-link ez-toc-heading-3\" href=\"https:\/\/www.ferrycroatia.com\/hr\/trajekt-hrvatska-italija\/#Trajekt_iz_Hrvatske_za_Italiju_%E2%80%93_najcesca_pitanja\" title=\"Trajekt iz Hrvatske za Italiju &#8211; naj\u010de\u0161\u0107a pitanja\">Trajekt iz Hrvatske za Italiju &#8211; naj\u010de\u0161\u0107a pitanja<\/a><\/li><li class='ez-toc-page-1'><a class=\"ez-toc-link ez-toc-heading-4\" href=\"https:\/\/www.ferrycroatia.com\/hr\/trajekt-hrvatska-italija\/#Karta_trajektnih_linija_iz_Hrvatske_za_Italiju\" title=\"Karta trajektnih linija iz Hrvatske za Italiju\">Karta trajektnih linija iz Hrvatske za Italiju<\/a><\/li><\/ul><\/nav><\/div>\n<h2><span class=\"ez-toc-section\" id=\"Trajekt_iz_Hrvatske_do_Italije\"><\/span><b>Trajekt iz Hrvatske do Italije<\/b><span class=\"ez-toc-section-end\"><\/span><\/h2>\n\n\n\n<p>Izme\u0111u Italije i Hrvatske postoje <b>3 mogu\u0107e trajektne linije<\/b>, najsjevernija je <a href=\"https:\/\/ferrycroatia.com\/hr\/zadar-ancona\/\">od Zadra do Ancone<\/a>, tijekom ljetne sezone budu 4 polazaka tjedno. Iz srednje Dalmacije prometuje <a href=\"https:\/\/ferrycroatia.com\/hr\/split-ancona\/\"><b>trajekt iz Splita za Anconu<\/b><\/a>, tijekom ljeta ovom linijom upravlja vi\u0161e tvrtki, te <b>bude do 7 polazaka tjedno<\/b>. Najju\u017enija veza je <a href=\"https:\/\/ferrycroatia.com\/hr\/dubrovnik-bari\/\">izme\u0111u Dubrovnika i Barija<\/a> koja prometuje i 4 puta vi\u0161e tjedan tijekom ljetne sezone. <b>Ve\u0107ina trajektnih linija prometuje tijekom no\u0107i<\/b>, s dolaskom u Italiju u ranim jutarnjim satima, na trajektima je mogu\u0107e unajmiti kabinu.<\/p>\n\n\n\n<h2><span class=\"ez-toc-section\" id=\"Trajektne_luke_u_Hrvatskoj_s_trajektnim_linijama_prema_Italiji\"><\/span><b>Trajektne luke u Hrvatskoj s trajektnim linijama prema Italiji<\/b><span class=\"ez-toc-section-end\"><\/span><\/h2>\n\n\n\n<p>Ispod mo\u017eete<b> prona\u0107i popis luka u Hrvatskoj <\/b>koje ima trajektnu vezu s Italijom.<\/p>\n\n\n\n<h3><b>Umag<\/b><\/h3>\n\n\n\n<p>Od lipnja do rujna iz Umaga postoji <b>brza trajektna linija do Venecije<\/b> kojom<b> upravlja Venezialines<\/b>, ova linija prometuje jednom tjedno, a u srpnju i kolovozu postoji i tjedna linija koju vozi Adriatic Lines.<\/p>\n\n\n\n<figure class=\"wp-block-table\"><table><tbody><tr><td>\n<p style=\"text-align: center;\"><a href=\"https:\/\/ferrycroatia.com\/hr\/umag-venecija\/\">Umag \u2013 Venecija<\/a><\/p>\n<\/td><td>\n<p style=\"text-align: center;\"><a href=\"https:\/\/ferrycroatia.com\/hr\/venecija-umag\/\">Venecija \u2013 Umag<\/a><\/p>\n<\/td><\/tr><\/tbody><\/table><\/figure>\n\n\n\n<h3><b>Pore\u010d<\/b><\/h3>\n\n\n\n<p>Tijekom ljetne sezone <a href=\"https:\/\/ferrycroatia.com\/hr\/trajektna-luka-porec\/\">iz Pore\u010da<\/a> postoji brza trajektna linija do Venecije i Trsta, <b>ruta izme\u0111u Pore\u010da i Venecije<\/b> dostupna je od svibnja do rujna, a u srpnju i kolovozu postoje svakodnevni polasci. Za katamaran mo\u017eete rezervirati redovnu jednosmjernu kartu ako idete<b> iz Hrvatske u Italiju<\/b>, ako boravite u Pore\u010du i \u017eelite vidjeti Veneciju, trajektna kompanija nudi <b>posebne jednodnevne karte<\/b>.<\/p>\n\n\n\n<figure class=\"wp-block-table\"><table><tbody><tr><td>\n<p style=\"text-align: center;\"><a href=\"https:\/\/ferrycroatia.com\/hr\/porec-venecija\/\">Pore\u010d \u2013 Venecija<\/a><\/p>\n<\/td><td>\n<p style=\"text-align: center;\"><a href=\"https:\/\/ferrycroatia.com\/hr\/porec-trst\/\">Pore\u010d \u2013 Trst<\/a><\/p>\n<\/td><\/tr><tr><td>\n<p style=\"text-align: center;\"><a href=\"https:\/\/ferrycroatia.com\/hr\/porec-venecija\/\">Venecija \u2013 Pore\u010d<\/a><\/p>\n<\/td><td>\n<p style=\"text-align: center;\"><a href=\"https:\/\/ferrycroatia.com\/hr\/trst-porec\/\">Trst \u2013 Pore\u010d<\/a><\/p>\n<\/td><\/tr><\/tbody><\/table><\/figure>\n\n\n\n<h3><b>Rovinj<\/b><\/h3>\n\n\n\n<p>Kao i iz Pore\u010da, tijekom ljetne sezone iz Rovinja tako\u0111er postoji <b>brza trajektna linija do Venecije i Trsta <a href=\"https:\/\/ferrycroatia.com\/hr\/trajektna-luka-rovinj\/\">iz Rovinja<\/a><\/b>, uz to postoji i tjedna linija <a href=\"https:\/\/ferrycroatia.com\/hr\/rovinj-cesenatico\/\">od <\/a><b>Rovinja do Cesenatica blizu Riminija<\/b>. Linijom izme\u0111u Rovinja i Trsta upravlja Libertylines, <a href=\"https:\/\/ferrycroatia.com\/hr\/rovinj-venecija\/\">trajektnom linijom od Rovinja do Venecije<\/a> prometuju Venezialines i Adriatic Lines, obje tvrtke nude <b>jednodnevne karte i jednosmjerne i povratne karte<\/b>. Ulaznice za jednodnevne izlete ne uklju\u010duju prtljagu, pa se ne mogu koristiti za transfer u Italiju<\/p>\n\n\n\n<h3><b>Pula<\/b><\/h3>\n\n\n\n<p><a href=\"https:\/\/ferrycroatia.com\/hr\/trajektna-luka-pula\/\">Iz Pule<\/a> je <b>mogu\u0107e putovati do Venecije<\/b>, u razdoblju izme\u0111u lipnja i rujna ima <b>do 7 tjednih polazaka<\/b>, rutom prometuje Venezialines i Adriatic Line. U kolovozu prometuje i brzi trajekt iz <b>Pule do Pesara kojim upravlja Gomo Viaggi<\/b>, ova ruta je odli\u010dna je opcija ako idete na talijansku jadransku obalu u blizini Riminija.<\/p>\n\n\n\n<figure class=\"wp-block-table\"><table><tbody><tr><td>\n<p style=\"text-align: center;\"><a href=\"https:\/\/ferrycroatia.com\/hr\/pula-venecija\/\">Pula \u2013 Venecija<\/a><\/p>\n<\/td><td>\n<p style=\"text-align: center;\">Pula \u2013 Pesaro<\/p>\n<\/td><\/tr><tr><td>\n<p style=\"text-align: center;\"><a href=\"https:\/\/ferrycroatia.com\/hr\/venecija-pula\/\">Venecija \u2013 Pula<\/a><\/p>\n<\/td><td>\n<p style=\"text-align: center;\">Pesaro \u2013 Pula<\/p>\n<\/td><\/tr><\/tbody><\/table><\/figure>\n\n\n\n<h3><b>Rabac<\/b><\/h3>\n\n\n\n<p>Ranijih godina Venezialine je nekada imala<b> tjedni katamaran izme\u0111u Rapca i Venecije<\/b>, ta linija vi\u0161e nije dio njihove mre\u017ee.<\/p>\n\n\n\n<h3><b>Mali Lo\u0161inj<\/b><\/h3>\n\n\n\n<p>Od kraja <b>lipnja do po\u010detka rujna Gomo Viaggi <\/b>postoji brzu trajektna linija <a href=\"https:\/\/ferrycroatia.com\/hr\/mali-losinj-cesenatico\/\">od Malog Lo\u0161inja do Cesenatica<\/a> ili Pesara, u srpnju i kolovozu linija prometuje dva puta tjedno.<\/p>\n\n\n\n<h3><b>Rab<\/b><\/h3>\n\n\n\n<p>Gomo Viaggi upravlja <b>katamaranom <a href=\"https:\/\/ferrycroatia.com\/hr\/rab-cesenatico\/\">izme\u0111u Raba i Cesenatica<\/a> ili Pesara<\/b>, linija prometuje u kolovozu.<\/p>\n\n\n\n<h3><b>Novalja<\/b><\/h3>\n\n\n\n<p>Katamarano <a href=\"https:\/\/ferrycroatia.com\/hr\/novalja-cesenatico\/\">izme\u0111u Novalje i Cesenatica<\/a> ili Pesara prometuje najprometnijim ljetnim tjednima, obi\u010dno od sredine\/kraja srpnja do kraja kolovoza.<\/p>\n\n\n\n<h3><b>Zadar<\/b><\/h3>\n\n\n\n<p>Zadar je jedan od 3 grada koji su <b>trajektima povezani s Italijom<\/b>, trajektna tvrtka Jadrolinija upravlja <a href=\"https:\/\/ferrycroatia.com\/hr\/zadar-ancona\/\">trajektom iz Zadra za Anconu<\/a>. Tijekom srpnja i kolovoza linija <b>prometuje do 4 puta tjedno<\/b>, a trajekt prometuje tijekom no\u0107i, iz Zadra kre\u0107e u ve\u010dernjim satima, a <b>u Anconu sti\u017ee u ranim jutarnjim satima<\/b>. Ako boravite u sjevernom i isto\u010dnom dijelu Hrvatske ova trajektna linija je odli\u010dan izbor.<\/p>\n\n\n\n<h3><b>Split<\/b><\/h3>\n\n\n\n<p><a href=\"https:\/\/ferrycroatia.com\/hr\/split-ancona\/\">Trajektna linija Split &#8211; Ancona<\/a> <b>najva\u017enija je trajektna linija izme\u0111u Hrvatske i Italije<\/b>, a trajektna tvrtka Jadrolinija njom upravlja tijekom cijele godine, s do 4 tjedna polazaka u ljetnoj sezoni. Tijekom ljetne sezone trajektna tvrtka SNAV upravlja trajektom na toj liniji. S<b>vi trajekti prometuju tijekom no\u0107i<\/b>, mjesta za sjedenje su uklju\u010dena, ali mo\u017eete unajmiti kabinu ako \u017eelite spavati u krevetu tijekom vo\u017enje.<\/p>\n\n\n\n<h3><b>Plo\u010de<\/b><\/h3>\n\n\n\n<p>Tvrtka <b>GSTravel nekad je upravljala brzim trajektom od Plo\u010da do Termolija<\/b>, a linije u 2020. godini su otkazane zbog pandemije koronacirusa, nije poznato ho\u0107e li linija prometovati 2021.<\/p>\n\n\n\n<h3><b>Dubrovnik<\/b><\/h3>\n\n\n\n<p>Ako putujete iz j<b>u\u017ene Hrvatske u ju\u017eni dio Italije<\/b>, <a href=\"https:\/\/ferrycroatia.com\/hr\/dubrovnik-bari\/\">trajektna linija izme\u0111u Dubrovnika i Barija<\/a> je idealna opcija. Ova trajektna linija prometuje ve\u0107i dio godine, s do 4 polaska tjedno.<\/p>\n\n\n\n<h2><span class=\"ez-toc-section\" id=\"Trajekt_iz_Hrvatske_za_Italiju_%E2%80%93_najcesca_pitanja\"><\/span><b>Trajekt iz Hrvatske za Italiju &#8211; naj\u010de\u0161\u0107a pitanja<\/b><span class=\"ez-toc-section-end\"><\/span><\/h2>\n\n\n\n<div class=\"schema-faq wp-block-yoast-faq-block\"><div class=\"schema-faq-section\" id=\"faq-question-1625732793017\"><strong class=\"schema-faq-question\"><strong>Postoje li grani\u010dna ograni\u010denja izme\u0111u Hrvatske i Italije?<\/strong><\/strong> <p class=\"schema-faq-answer\">Po\u0161to je Italija dio Shengena, a Hrvatska nije, postoji grani\u010dna kontrola<strong> gdje \u0107ete morati pokazati va\u0161u putovnicu<\/strong>.<\/p> <\/div> <div class=\"schema-faq-section\" id=\"faq-question-1625732801568\"><strong class=\"schema-faq-question\"><strong>Koliko traje vo\u017enja trajektom iz Hrvatske za Italiju?<\/strong><\/strong> <p class=\"schema-faq-answer\">Ovisi kojom linijom putujete, <strong>najbr\u017ea je od Istre do Venecije<\/strong>, a traje oko 3 sata. Najdu\u017ee su no\u0107ne trajektne linije, a traju oko 10 sati.<\/p> <\/div> <div class=\"schema-faq-section\" id=\"faq-question-1625732811753\"><strong class=\"schema-faq-question\"><strong>Je li trajekt jeftinija opcija od vo\u017enje automobilom?<\/strong><\/strong> <p class=\"schema-faq-answer\">Ovisi odakle putujete i koliko je osoba u automobilu.<\/p> <\/div> <div class=\"schema-faq-section\" id=\"faq-question-1625732820000\"><strong class=\"schema-faq-question\"><strong>Mogu li povesti svog psa na trajekt za Italiju?<\/strong><\/strong> <p class=\"schema-faq-answer\">Psi su dozvoljeni na trajketima koji prevoze i vozila.<\/p> <\/div> <\/div>\n\n\n\n<h2><span class=\"ez-toc-section\" id=\"Karta_trajektnih_linija_iz_Hrvatske_za_Italiju\"><\/span><b>Karta trajektnih linija iz Hrvatske za Italiju<\/b><span class=\"ez-toc-section-end\"><\/span><\/h2>\n\n\n\n<p>Na karti ispod mo\u017eete vidjeti trajektne luke u Hrvatskoj i Italiji koje su me\u0111usobno povezane. <b>Hrvatske luke ozna\u010dene ljubi\u010dastom i talijanske luke ozna\u010dene naran\u010dastom bojom <\/b>povezane su brzim trajektima, trajektne luke ozna\u010dene su <b>tamno crvenom i sme\u0111om bojom<\/b>. Kako biste vidjeli polaske iz odre\u0111ene hrvatske luke, kliknite na ikone luka za mogu\u0107a odredi\u0161ta u Italiji.<\/p>\n\n\n\n<p><iframe loading=\"lazy\" src=\"https:\/\/www.google.com\/maps\/d\/u\/0\/embed?mid=1r34omMBny9TyCvoNDT4ZBUw-UF_qUH8P\" width=\"640\" height=\"480\"><\/iframe><\/p>\n","protected":false},"excerpt":{"rendered":"<p>Vo\u017enja trajektom iz Hrvatske u Italiju \u010desto je najlak\u0161i i najbr\u017ei na\u010din za do\u0107i iz jedne dr\u017eave u drugu, pogotovo ako iz sredi\u0161njeg ili ju\u017enog dijela Hrvatske idete u sredi\u0161nju ili ju\u017enu Italiju. Trajektna linija od Splita do Ancone prometuje tijekom cijele godine, isklju\u010divo putni\u010dki trajekti prometuju samo u razdoblju od svibnja do listopada, neki [&hellip;]<\/p>\n<p><a class=\"more-link\" href=\"https:\/\/www.ferrycroatia.com\/hr\/trajekt-hrvatska-italija\/\"> Continue reading&#8230;<\/a><\/p>\n","protected":false},"author":5,"featured_media":0,"parent":0,"menu_order":0,"comment_status":"closed","ping_status":"closed","template":"","meta":[],"yoast_head":"<!-- This site is optimized with the Yoast SEO plugin v19.8 - https:\/\/yoast.com\/wordpress\/plugins\/seo\/ -->\n<title>Trajektne linije iz Hrvatske za Italiju, luke i karta<\/title>\n<meta name=\"description\" content=\"Trajektne i katamaranske linije iz Hrvatske za Italiju, vozni red i rute za trajektne i katamarane izme\u0111u Hrvatske i Italije.\" \/>\n<meta name=\"robots\" content=\"index, follow, max-snippet:-1, max-image-preview:large, max-video-preview:-1\" \/>\n<link rel=\"canonical\" href=\"https:\/\/www.ferrycroatia.com\/hr\/trajekt-hrvatska-italija\/\" \/>\n<meta property=\"og:locale\" content=\"en_US\" \/>\n<meta property=\"og:type\" content=\"article\" \/>\n<meta property=\"og:title\" content=\"Trajektne linije iz Hrvatske za Italiju, luke i karta\" \/>\n<meta property=\"og:description\" content=\"Trajektne i katamaranske linije iz Hrvatske za Italiju, vozni red i rute za trajektne i katamarane izme\u0111u Hrvatske i Italije.\" \/>\n<meta property=\"og:url\" content=\"https:\/\/www.ferrycroatia.com\/hr\/trajekt-hrvatska-italija\/\" \/>\n<meta property=\"og:site_name\" content=\"Trajekti Hrvatska\" \/>\n<meta property=\"article:modified_time\" content=\"2021-07-08T08:27:33+00:00\" \/>\n<meta name=\"twitter:card\" content=\"summary_large_image\" \/>\n<meta name=\"twitter:label1\" content=\"Est. reading time\" \/>\n\t<meta name=\"twitter:data1\" content=\"4 minutes\" \/>\n<script type=\"application\/ld+json\" class=\"yoast-schema-graph\">{\"@context\":\"https:\/\/schema.org\",\"@graph\":[{\"@type\":[\"WebPage\",\"FAQPage\"],\"@id\":\"https:\/\/www.ferrycroatia.com\/hr\/trajekt-hrvatska-italija\/\",\"url\":\"https:\/\/www.ferrycroatia.com\/hr\/trajekt-hrvatska-italija\/\",\"name\":\"Trajektne linije iz Hrvatske za Italiju, luke i karta\",\"isPartOf\":{\"@id\":\"https:\/\/www.ferrycroatia.com\/hr\/#website\"},\"datePublished\":\"2021-01-28T09:55:33+00:00\",\"dateModified\":\"2021-07-08T08:27:33+00:00\",\"description\":\"Trajektne i katamaranske linije iz Hrvatske za Italiju, vozni red i rute za trajektne i katamarane izme\u0111u Hrvatske i Italije.\",\"breadcrumb\":{\"@id\":\"https:\/\/www.ferrycroatia.com\/hr\/trajekt-hrvatska-italija\/#breadcrumb\"},\"mainEntity\":[{\"@id\":\"https:\/\/www.ferrycroatia.com\/hr\/trajekt-hrvatska-italija\/#faq-question-1625732793017\"},{\"@id\":\"https:\/\/www.ferrycroatia.com\/hr\/trajekt-hrvatska-italija\/#faq-question-1625732801568\"},{\"@id\":\"https:\/\/www.ferrycroatia.com\/hr\/trajekt-hrvatska-italija\/#faq-question-1625732811753\"},{\"@id\":\"https:\/\/www.ferrycroatia.com\/hr\/trajekt-hrvatska-italija\/#faq-question-1625732820000\"}],\"inLanguage\":\"en-US\",\"potentialAction\":[{\"@type\":\"ReadAction\",\"target\":[\"https:\/\/www.ferrycroatia.com\/hr\/trajekt-hrvatska-italija\/\"]}]},{\"@type\":\"BreadcrumbList\",\"@id\":\"https:\/\/www.ferrycroatia.com\/hr\/trajekt-hrvatska-italija\/#breadcrumb\",\"itemListElement\":[{\"@type\":\"ListItem\",\"position\":1,\"name\":\"Home\",\"item\":\"https:\/\/www.ferrycroatia.com\/hr\/\"},{\"@type\":\"ListItem\",\"position\":2,\"name\":\"Trajekt Hrvatska &#8211; Italija\"}]},{\"@type\":\"WebSite\",\"@id\":\"https:\/\/www.ferrycroatia.com\/hr\/#website\",\"url\":\"https:\/\/www.ferrycroatia.com\/hr\/\",\"name\":\"Trajekti Hrvatska\",\"description\":\"Vozni red za sve trajekte i katamarane u Hrvatskoj\",\"potentialAction\":[{\"@type\":\"SearchAction\",\"target\":{\"@type\":\"EntryPoint\",\"urlTemplate\":\"https:\/\/www.ferrycroatia.com\/hr\/?s={search_term_string}\"},\"query-input\":\"required name=search_term_string\"}],\"inLanguage\":\"en-US\"},{\"@type\":\"Question\",\"@id\":\"https:\/\/www.ferrycroatia.com\/hr\/trajekt-hrvatska-italija\/#faq-question-1625732793017\",\"position\":1,\"url\":\"https:\/\/www.ferrycroatia.com\/hr\/trajekt-hrvatska-italija\/#faq-question-1625732793017\",\"name\":\"Postoje li grani\u010dna ograni\u010denja izme\u0111u Hrvatske i Italije?\",\"answerCount\":1,\"acceptedAnswer\":{\"@type\":\"Answer\",\"text\":\"Po\u0161to je Italija dio Shengena, a Hrvatska nije, postoji grani\u010dna kontrola<strong> gdje \u0107ete morati pokazati va\u0161u putovnicu<\/strong>.\",\"inLanguage\":\"en-US\"},\"inLanguage\":\"en-US\"},{\"@type\":\"Question\",\"@id\":\"https:\/\/www.ferrycroatia.com\/hr\/trajekt-hrvatska-italija\/#faq-question-1625732801568\",\"position\":2,\"url\":\"https:\/\/www.ferrycroatia.com\/hr\/trajekt-hrvatska-italija\/#faq-question-1625732801568\",\"name\":\"Koliko traje vo\u017enja trajektom iz Hrvatske za Italiju?\",\"answerCount\":1,\"acceptedAnswer\":{\"@type\":\"Answer\",\"text\":\"Ovisi kojom linijom putujete, <strong>najbr\u017ea je od Istre do Venecije<\/strong>, a traje oko 3 sata. Najdu\u017ee su no\u0107ne trajektne linije, a traju oko 10 sati.\",\"inLanguage\":\"en-US\"},\"inLanguage\":\"en-US\"},{\"@type\":\"Question\",\"@id\":\"https:\/\/www.ferrycroatia.com\/hr\/trajekt-hrvatska-italija\/#faq-question-1625732811753\",\"position\":3,\"url\":\"https:\/\/www.ferrycroatia.com\/hr\/trajekt-hrvatska-italija\/#faq-question-1625732811753\",\"name\":\"Je li trajekt jeftinija opcija od vo\u017enje automobilom?\",\"answerCount\":1,\"acceptedAnswer\":{\"@type\":\"Answer\",\"text\":\"Ovisi odakle putujete i koliko je osoba u automobilu.\",\"inLanguage\":\"en-US\"},\"inLanguage\":\"en-US\"},{\"@type\":\"Question\",\"@id\":\"https:\/\/www.ferrycroatia.com\/hr\/trajekt-hrvatska-italija\/#faq-question-1625732820000\",\"position\":4,\"url\":\"https:\/\/www.ferrycroatia.com\/hr\/trajekt-hrvatska-italija\/#faq-question-1625732820000\",\"name\":\"Mogu li povesti svog psa na trajekt za Italiju?\",\"answerCount\":1,\"acceptedAnswer\":{\"@type\":\"Answer\",\"text\":\"Psi su dozvoljeni na trajketima koji prevoze i vozila.\",\"inLanguage\":\"en-US\"},\"inLanguage\":\"en-US\"}]}<\/script>\n<!-- \/ Yoast SEO plugin. -->","yoast_head_json":{"title":"Trajektne linije iz Hrvatske za Italiju, luke i karta","description":"Trajektne i katamaranske linije iz Hrvatske za Italiju, vozni red i rute za trajektne i katamarane izme\u0111u Hrvatske i Italije.","robots":{"index":"index","follow":"follow","max-snippet":"max-snippet:-1","max-image-preview":"max-image-preview:large","max-video-preview":"max-video-preview:-1"},"canonical":"https:\/\/www.ferrycroatia.com\/hr\/trajekt-hrvatska-italija\/","og_locale":"en_US","og_type":"article","og_title":"Trajektne linije iz Hrvatske za Italiju, luke i karta","og_description":"Trajektne i katamaranske linije iz Hrvatske za Italiju, vozni red i rute za trajektne i katamarane izme\u0111u Hrvatske i Italije.","og_url":"https:\/\/www.ferrycroatia.com\/hr\/trajekt-hrvatska-italija\/","og_site_name":"Trajekti Hrvatska","article_modified_time":"2021-07-08T08:27:33+00:00","twitter_card":"summary_large_image","twitter_misc":{"Est. reading time":"4 minutes"},"schema":{"@context":"https:\/\/schema.org","@graph":[{"@type":["WebPage","FAQPage"],"@id":"https:\/\/www.ferrycroatia.com\/hr\/trajekt-hrvatska-italija\/","url":"https:\/\/www.ferrycroatia.com\/hr\/trajekt-hrvatska-italija\/","name":"Trajektne linije iz Hrvatske za Italiju, luke i karta","isPartOf":{"@id":"https:\/\/www.ferrycroatia.com\/hr\/#website"},"datePublished":"2021-01-28T09:55:33+00:00","dateModified":"2021-07-08T08:27:33+00:00","description":"Trajektne i katamaranske linije iz Hrvatske za Italiju, vozni red i rute za trajektne i katamarane izme\u0111u Hrvatske i Italije.","breadcrumb":{"@id":"https:\/\/www.ferrycroatia.com\/hr\/trajekt-hrvatska-italija\/#breadcrumb"},"mainEntity":[{"@id":"https:\/\/www.ferrycroatia.com\/hr\/trajekt-hrvatska-italija\/#faq-question-1625732793017"},{"@id":"https:\/\/www.ferrycroatia.com\/hr\/trajekt-hrvatska-italija\/#faq-question-1625732801568"},{"@id":"https:\/\/www.ferrycroatia.com\/hr\/trajekt-hrvatska-italija\/#faq-question-1625732811753"},{"@id":"https:\/\/www.ferrycroatia.com\/hr\/trajekt-hrvatska-italija\/#faq-question-1625732820000"}],"inLanguage":"en-US","potentialAction":[{"@type":"ReadAction","target":["https:\/\/www.ferrycroatia.com\/hr\/trajekt-hrvatska-italija\/"]}]},{"@type":"BreadcrumbList","@id":"https:\/\/www.ferrycroatia.com\/hr\/trajekt-hrvatska-italija\/#breadcrumb","itemListElement":[{"@type":"ListItem","position":1,"name":"Home","item":"https:\/\/www.ferrycroatia.com\/hr\/"},{"@type":"ListItem","position":2,"name":"Trajekt Hrvatska &#8211; Italija"}]},{"@type":"WebSite","@id":"https:\/\/www.ferrycroatia.com\/hr\/#website","url":"https:\/\/www.ferrycroatia.com\/hr\/","name":"Trajekti Hrvatska","description":"Vozni red za sve trajekte i katamarane u Hrvatskoj","potentialAction":[{"@type":"SearchAction","target":{"@type":"EntryPoint","urlTemplate":"https:\/\/www.ferrycroatia.com\/hr\/?s={search_term_string}"},"query-input":"required name=search_term_string"}],"inLanguage":"en-US"},{"@type":"Question","@id":"https:\/\/www.ferrycroatia.com\/hr\/trajekt-hrvatska-italija\/#faq-question-1625732793017","position":1,"url":"https:\/\/www.ferrycroatia.com\/hr\/trajekt-hrvatska-italija\/#faq-question-1625732793017","name":"Postoje li grani\u010dna ograni\u010denja izme\u0111u Hrvatske i Italije?","answerCount":1,"acceptedAnswer":{"@type":"Answer","text":"Po\u0161to je Italija dio Shengena, a Hrvatska nije, postoji grani\u010dna kontrola<strong> gdje \u0107ete morati pokazati va\u0161u putovnicu<\/strong>.","inLanguage":"en-US"},"inLanguage":"en-US"},{"@type":"Question","@id":"https:\/\/www.ferrycroatia.com\/hr\/trajekt-hrvatska-italija\/#faq-question-1625732801568","position":2,"url":"https:\/\/www.ferrycroatia.com\/hr\/trajekt-hrvatska-italija\/#faq-question-1625732801568","name":"Koliko traje vo\u017enja trajektom iz Hrvatske za Italiju?","answerCount":1,"acceptedAnswer":{"@type":"Answer","text":"Ovisi kojom linijom putujete, <strong>najbr\u017ea je od Istre do Venecije<\/strong>, a traje oko 3 sata. Najdu\u017ee su no\u0107ne trajektne linije, a traju oko 10 sati.","inLanguage":"en-US"},"inLanguage":"en-US"},{"@type":"Question","@id":"https:\/\/www.ferrycroatia.com\/hr\/trajekt-hrvatska-italija\/#faq-question-1625732811753","position":3,"url":"https:\/\/www.ferrycroatia.com\/hr\/trajekt-hrvatska-italija\/#faq-question-1625732811753","name":"Je li trajekt jeftinija opcija od vo\u017enje automobilom?","answerCount":1,"acceptedAnswer":{"@type":"Answer","text":"Ovisi odakle putujete i koliko je osoba u automobilu.","inLanguage":"en-US"},"inLanguage":"en-US"},{"@type":"Question","@id":"https:\/\/www.ferrycroatia.com\/hr\/trajekt-hrvatska-italija\/#faq-question-1625732820000","position":4,"url":"https:\/\/www.ferrycroatia.com\/hr\/trajekt-hrvatska-italija\/#faq-question-1625732820000","name":"Mogu li povesti svog psa na trajekt za Italiju?","answerCount":1,"acceptedAnswer":{"@type":"Answer","text":"Psi su dozvoljeni na trajketima koji prevoze i vozila.","inLanguage":"en-US"},"inLanguage":"en-US"}]}},"_links":{"self":[{"href":"https:\/\/www.ferrycroatia.com\/hr\/wp-json\/wp\/v2\/pages\/1273"}],"collection":[{"href":"https:\/\/www.ferrycroatia.com\/hr\/wp-json\/wp\/v2\/pages"}],"about":[{"href":"https:\/\/www.ferrycroatia.com\/hr\/wp-json\/wp\/v2\/types\/page"}],"author":[{"embeddable":true,"href":"https:\/\/www.ferrycroatia.com\/hr\/wp-json\/wp\/v2\/users\/5"}],"replies":[{"embeddable":true,"href":"https:\/\/www.ferrycroatia.com\/hr\/wp-json\/wp\/v2\/comments?post=1273"}],"version-history":[{"count":8,"href":"https:\/\/www.ferrycroatia.com\/hr\/wp-json\/wp\/v2\/pages\/1273\/revisions"}],"predecessor-version":[{"id":2315,"href":"https:\/\/www.ferrycroatia.com\/hr\/wp-json\/wp\/v2\/pages\/1273\/revisions\/2315"}],"wp:attachment":[{"href":"https:\/\/www.ferrycroatia.com\/hr\/wp-json\/wp\/v2\/media?parent=1273"}],"curies":[{"name":"wp","href":"https:\/\/api.w.org\/{rel}","templated":true}]}}