{"id":1280,"date":"2021-01-28T10:03:04","date_gmt":"2021-01-28T10:03:04","guid":{"rendered":"https:\/\/ferrycroatia.com\/hr\/?page_id=1280"},"modified":"2022-04-08T08:24:23","modified_gmt":"2022-04-08T06:24:23","slug":"trajekt-italija-hrvatska","status":"publish","type":"page","link":"https:\/\/www.ferrycroatia.com\/hr\/trajekt-italija-hrvatska\/","title":{"rendered":"Trajekt Italija &#8211; Hrvatska"},"content":{"rendered":"\n<p>Iako su <b>Italija i Hrvatska gotovo povezane<\/b> na sjeveroisto\u010dnoj obali Jadranskog mora,<b> vo\u017enja trajektom<\/b> izme\u0111u ove dvije dr\u017eave u ve\u0107ini je slu\u010dajeva <b>br\u017ea i jeftinija<\/b> opcija. Ve\u0107ina trajektnih linija izme\u0111u Italije i Hrvaste prometuje samo tijekom ljetne sezone koja obi\u010dno uklju\u010duje svibanj, lipanj, srpanj, kolovoz, rujan i dio listopada, ali postoje i <b>trajektne linije iz Italije do Hrvatske<\/b> koje prometuju tijekom cijele godine.&nbsp; &nbsp; &nbsp; &nbsp; &nbsp; &nbsp;&nbsp;<\/p>\n\n\n\n<div id=\"ez-toc-container\" class=\"ez-toc-v2_0_62 counter-flat ez-toc-counter ez-toc-custom ez-toc-container-direction\">\n<div class=\"ez-toc-title-container\">\n<p class=\"ez-toc-title \" >Table of Contents<\/p>\n<span class=\"ez-toc-title-toggle\"><a href=\"#\" class=\"ez-toc-pull-right ez-toc-btn ez-toc-btn-xs ez-toc-btn-default ez-toc-toggle\" aria-label=\"Toggle Table of Content\"><span class=\"ez-toc-js-icon-con\"><span class=\"\"><span class=\"eztoc-hide\" style=\"display:none;\">Toggle<\/span><span class=\"ez-toc-icon-toggle-span\"><svg style=\"fill: #070c63;color:#070c63\" xmlns=\"http:\/\/www.w3.org\/2000\/svg\" class=\"list-377408\" width=\"20px\" height=\"20px\" viewBox=\"0 0 24 24\" fill=\"none\"><path d=\"M6 6H4v2h2V6zm14 0H8v2h12V6zM4 11h2v2H4v-2zm16 0H8v2h12v-2zM4 16h2v2H4v-2zm16 0H8v2h12v-2z\" fill=\"currentColor\"><\/path><\/svg><svg style=\"fill: #070c63;color:#070c63\" class=\"arrow-unsorted-368013\" xmlns=\"http:\/\/www.w3.org\/2000\/svg\" width=\"10px\" height=\"10px\" viewBox=\"0 0 24 24\" version=\"1.2\" baseProfile=\"tiny\"><path d=\"M18.2 9.3l-6.2-6.3-6.2 6.3c-.2.2-.3.4-.3.7s.1.5.3.7c.2.2.4.3.7.3h11c.3 0 .5-.1.7-.3.2-.2.3-.5.3-.7s-.1-.5-.3-.7zM5.8 14.7l6.2 6.3 6.2-6.3c.2-.2.3-.5.3-.7s-.1-.5-.3-.7c-.2-.2-.4-.3-.7-.3h-11c-.3 0-.5.1-.7.3-.2.2-.3.5-.3.7s.1.5.3.7z\"\/><\/svg><\/span><\/span><\/span><\/a><\/span><\/div>\n<nav><ul class='ez-toc-list ez-toc-list-level-1 eztoc-toggle-hide-by-default' ><li class='ez-toc-page-1'><a class=\"ez-toc-link ez-toc-heading-1\" href=\"https:\/\/www.ferrycroatia.com\/hr\/trajekt-italija-hrvatska\/#Trajekt_iz_Italije_do_Hrvatske\" title=\"Trajekt iz Italije do Hrvatske\">Trajekt iz Italije do Hrvatske<\/a><\/li><li class='ez-toc-page-1'><a class=\"ez-toc-link ez-toc-heading-2\" href=\"https:\/\/www.ferrycroatia.com\/hr\/trajekt-italija-hrvatska\/#Talijanske_luke_s_trajektnim_linijama_do_Hrvatske\" title=\"Talijanske luke s trajektnim linijama do Hrvatske\">Talijanske luke s trajektnim linijama do Hrvatske<\/a><\/li><li class='ez-toc-page-1'><a class=\"ez-toc-link ez-toc-heading-3\" href=\"https:\/\/www.ferrycroatia.com\/hr\/trajekt-italija-hrvatska\/#Cijena_karata_za_trajektne_linije_od_Italije_do_Hrvatske\" title=\"Cijena karata za trajektne linije od Italije do Hrvatske\">Cijena karata za trajektne linije od Italije do Hrvatske<\/a><\/li><li class='ez-toc-page-1'><a class=\"ez-toc-link ez-toc-heading-4\" href=\"https:\/\/www.ferrycroatia.com\/hr\/trajekt-italija-hrvatska\/#Alternative_trajektu_iz_Italije_do_Hrvatske\" title=\"Alternative trajektu iz Italije do Hrvatske\">Alternative trajektu iz Italije do Hrvatske<\/a><\/li><li class='ez-toc-page-1'><a class=\"ez-toc-link ez-toc-heading-5\" href=\"https:\/\/www.ferrycroatia.com\/hr\/trajekt-italija-hrvatska\/#Karta_trajektne_linije_iz_Italije_za_Hrvatsku\" title=\"Karta trajektne linije iz Italije za Hrvatsku\">Karta trajektne linije iz Italije za Hrvatsku<\/a><\/li><\/ul><\/nav><\/div>\n<h2><span class=\"ez-toc-section\" id=\"Trajekt_iz_Italije_do_Hrvatske\"><\/span><b>Trajekt iz Italije do Hrvatske<\/b><span class=\"ez-toc-section-end\"><\/span><\/h2>\n\n\n\n<p><b>Putujete li automobilom<\/b>, mo\u017eete birati izme\u0111u<b> 3 rute<\/b>, a to su: <a href=\"https:\/\/www.ferrycroatia.com\/hr\/bari-dubrovnik\/\">Bari &#8211; Dubrovnik<\/a>, <a href=\"https:\/\/www.ferrycroatia.com\/hr\/ancona-zadar\/\">Ancona &#8211; Zadar<\/a> ili <a href=\"https:\/\/www.ferrycroatia.com\/hr\/ancona-split\/\">Ancona &#8211; Split<\/a>. Navedene trajektne linije prometuju tijekom cijele godine,<b> tijekom zime dva puta tjedno<\/b>, a u ljetnoj sezoni 4 ili vi\u0161e puta tjedano. Ovim trima linijama upravlja <a href=\"https:\/\/www.ferrycroatia.com\/hr\/jadrolinija\/\">Jadrolinija<\/a>, a na liniji Ancona &#8211; Split tijekom ljetne sezone<b> vozi i SNAV<\/b>. Nekad SNAV koristi<b> tradicionalni trajekt<\/b> za automobile, a nekad brze trajekte\/katamarane.<\/p>\n\n\n\n<h2><span class=\"ez-toc-section\" id=\"Talijanske_luke_s_trajektnim_linijama_do_Hrvatske\"><\/span><b>Talijanske luke s trajektnim linijama do Hrvatske<\/b><span class=\"ez-toc-section-end\"><\/span><\/h2>\n\n\n\n<h3><b>Trst<\/b><\/h3>\n\n\n\n<p>Tvrtka Triestelines nekad je koristila <b>hidroglisere\/brze trajekte<\/b> na liniji iz Trsta do Pore\u010da, Rovinja i Pule, liniju je sada <b>preuzela Libertylines<\/b> koja planira zapo\u010deti prometovati na liniji 2020.<\/p>\n\n\n\n<figure class=\"wp-block-table\"><table><tbody><tr><td>\n<p style=\"text-align: center;\"><a href=\"https:\/\/www.ferrycroatia.com\/hr\/trst-rovinj\/\">Trst \u2013 Rovinj<\/a><\/p>\n<\/td><td>\n<p style=\"text-align: center;\"><a href=\"https:\/\/www.ferrycroatia.com\/hr\/trst-porec\/\">Trst \u2013 Pore\u010d<\/a><\/p>\n<\/td><td>\n<p style=\"text-align: center;\"><a href=\"https:\/\/www.ferrycroatia.com\/hr\/trst-pula\/\">Trst \u2013 Pula<\/a><\/p>\n<\/td><\/tr><tr><td>\n<p style=\"text-align: center;\"><a href=\"https:\/\/www.ferrycroatia.com\/hr\/rovinj-trst\/\">Rovinj \u2013 Trst<\/a><\/p>\n<\/td><td>\n<p style=\"text-align: center;\"><a href=\"https:\/\/www.ferrycroatia.com\/hr\/porec-trst\/\">Pore\u010d \u2013 Trst<\/a><\/p>\n<\/td><td>\n<p style=\"text-align: center;\"><a href=\"https:\/\/www.ferrycroatia.com\/hr\/pula-trst\/\">Pula \u2013 Trst<\/a><\/p>\n<\/td><\/tr><\/tbody><\/table><\/figure>\n\n\n\n<h3><b>Venecija<\/b><\/h3>\n\n\n\n<p><b>Luka u Veneciji <\/b>jedna je od glavnih luka za putovanja izme\u0111u Italije i Hrvatske, n<b>ekoliko tvrtki upravlja brzim trajektnim\/katamaranskim linijama <\/b>od ovog povijesnog grada <b>do gradova u Istri i do otoka Lo\u0161inja<\/b>, dostupne linije obi\u010dno se mijenjaju iz godine u godinu, a sljede\u0107e su dostupne svake godine:<\/p>\n\n\n\n<figure class=\"wp-block-table\"><table><tbody><tr><td>\n<p style=\"text-align: center;\"><a href=\"https:\/\/www.ferrycroatia.com\/hr\/venecija-rovinj\/\">Venecija \u2013 Rovinj<\/a><\/p>\n<\/td><td>\n<p style=\"text-align: center;\"><a href=\"https:\/\/www.ferrycroatia.com\/hr\/venecija-porec\/\">Venecija \u2013 Pore\u010d<\/a><\/p>\n<\/td><td>\n<p style=\"text-align: center;\"><a href=\"https:\/\/www.ferrycroatia.com\/hr\/venecija-pula\/\">Venecija \u2013 Pula<\/a><\/p>\n<\/td><\/tr><tr><td>\n<p style=\"text-align: center;\"><a href=\"https:\/\/www.ferrycroatia.com\/hr\/rovinj-venecija\/\">Rovinj \u2013 Venecija<\/a><\/p>\n<\/td><td>\n<p style=\"text-align: center;\"><a href=\"https:\/\/www.ferrycroatia.com\/hr\/porec-venecija\/\">Pore\u010d \u2013 Venecija<\/a><\/p>\n<\/td><td>\n<p style=\"text-align: center;\"><a href=\"https:\/\/www.ferrycroatia.com\/hr\/pula-venecija\/\">Pula \u2013 Venecija<\/a><\/p>\n<\/td><\/tr><\/tbody><\/table><\/figure>\n\n\n\n<h3><b>Cesenatico<\/b><\/h3>\n\n\n\n<p>Posljednje godine <b>trajektna tvrtka Gomo Viaggio<\/b> upravlja ljetnom linijom izme\u0111u Cesenatica i <b>gradova u Istri i Kvarneru<\/b>, zbog pandemije koronavirusa ova je linija <b>otkazana za 2020.<\/b> godinu, ali trebala bi ponovno po\u010deti prometovati 2021. godine.<\/p>\n\n\n\n<figure class=\"wp-block-table\"><table><tbody><tr><td>\n<p style=\"text-align: center;\"><a href=\"https:\/\/www.ferrycroatia.com\/hr\/cesenatico-rovinj\/\">Cesenatico \u2013 Rovinj<\/a><\/p>\n<\/td><td>\n<p style=\"text-align: center;\"><a href=\"https:\/\/ferrycroatia.com\/hr\/cesenatico-mali-losinj\/\">Cesenatico \u2013 Mali Lo\u0161inj<\/a><\/p>\n<\/td><td>\n<p style=\"text-align: center;\"><a href=\"https:\/\/ferrycroatia.com\/hr\/cesenatico-rab\/\">Cesenatico \u2013 Rab<\/a><\/p>\n<\/td><td>\n<p style=\"text-align: center;\"><a href=\"https:\/\/ferrycroatia.com\/hr\/cesenatico-novalja\/\">Cesenatico \u2013 Novalja<\/a><\/p>\n<\/td><\/tr><tr><td>\n<p style=\"text-align: center;\"><a href=\"https:\/\/ferrycroatia.com\/hr\/rovinj-cesenatico\/\">Rovinj \u2013 Cesenatico<\/a><\/p>\n<\/td><td>\n<p style=\"text-align: center;\"><a href=\"https:\/\/ferrycroatia.com\/hr\/mali-losinj-cesenatico\/\">Mali Lo\u0161inj \u2013 Cesenatico<\/a><\/p>\n<\/td><td>\n<p style=\"text-align: center;\"><a href=\"https:\/\/ferrycroatia.com\/hr\/rab-cesenatico\/\">Rab \u2013 Cesenatico<\/a><\/p>\n<\/td><td>\n<p style=\"text-align: center;\"><a href=\"https:\/\/ferrycroatia.com\/hr\/novalja-cesenatico\/\">Novalja \u2013 Cesenatico<\/a><\/p>\n<\/td><\/tr><\/tbody><\/table><\/figure>\n\n\n\n<h3><b>Pesaro<\/b><\/h3>\n\n\n\n<p>Trajektna tvrtka Gomo Viaggio ljeti tako\u0111er nudi <b>brzu trajektnu liniju od Pesara<\/b> do Lo\u0161inja, Pule, Raba, Novalje i Rovinja. Ove linije su tako\u0111er <b>otkazane za 2020. zbog pandemije koronavirusa<\/b>, ali bi trebale ponovno prometovati 2021.<\/p>\n\n\n\n<h3><b>Ancona<\/b><\/h3>\n\n\n\n<p><b>Ancona je glavni talijanski morski ulaz u Hrvatsku, <\/b>kao \u0161to je ve\u0107 spomenuto, iz Ancone prometuju dvije od <b>3 cjelogodi\u0161nje trajektne linije<\/b>, <a href=\"https:\/\/ferrycroatia.com\/hr\/zadar-ancona\/\">trajekt od Zadra do Ancone<\/a>, idealan za one koji idu u srednji i sjeverni dio Hrvatske, kao i one koji idu u sjeverni dio Bosne. <a href=\"https:\/\/ferrycroatia.com\/hr\/ancona-split\/\">Trajekt od Ancone do Splita<\/a> <b>idealan je ako putujete u Dalmaciju <\/b>ili mjesta poput Sarajeva, Mostara ili Me\u0111ugorja u Bosni i Hercegovini.<\/p>\n\n\n\n<h3><b>Civitanova Marche<\/b><\/h3>\n\n\n\n<p>Iz Civitanove Marche nekada je postojala brza trajektna linija do Splita kojom je upravljao Gomo Viaggio, ali navedena linija trenutno ne prometuje.<\/p>\n\n\n\n<h3><b>Pescara<\/b><\/h3>\n\n\n\n<p><b>Tvrtka SNAV<\/b> nekoliko je godina upravljala ljetnom linijom<b> izme\u0111u Pescare i Hvara i Splita<\/b>, ova linija trenutno ne prometuje.<\/p>\n\n\n\n<h3><b>Termoli<\/b><\/h3>\n\n\n\n<p>Prije nekoliko godina putni\u010dka tvrtka GSTravel zapo\u010dela je s<b> brzom trajektnom linijom izme\u0111u Termolija i Plo\u010da<\/b> u Hrvatskoj, vo\u017enja traje samo 4,5 sata te je odli\u010dan na\u010din da se iz Italije do\u0111e do ju\u017ene Hrvatske. Navedena linija ne\u0107e prometovati 2020 i nije potvr\u0111eno ho\u0107e li prometovati 2021. godine.<\/p>\n\n\n\n<h3><b>Bari<\/b><\/h3>\n\n\n\n<p>Najju\u017enija talijanska luka s <b>trajektnom linijom prema Hrvatskoj<\/b>, kao \u0161to je ve\u0107 spomenuto, prometuje cijelu godinu na relaciji <a href=\"https:\/\/ferrycroatia.com\/hr\/bari-dubrovnik\/\">Bari &#8211; Dubrovnik<\/a>, a trajektnom linijom upravlja Jadrolinija.<\/p>\n\n\n\n<h2><span class=\"ez-toc-section\" id=\"Cijena_karata_za_trajektne_linije_od_Italije_do_Hrvatske\"><\/span><b>Cijena karata za trajektne linije od Italije do Hrvatske<\/b><span class=\"ez-toc-section-end\"><\/span><\/h2>\n\n\n\n<p>O\u010dito je da <b>zbog brojnih trajektnih linija<\/b> postoji puno razli\u010ditih cijena, cijena jednosmjerne karte za odrasle na ljetnim <b>putni\u010dkim trajektnim linijama<\/b> obi\u010dno se kre\u0107u <b>od 70 -110 eura. <\/b>Popust na ranu kupnju i ptice i druge posebne ponude su u\u010destale..<\/p>\n\n\n\n<p><b>Trajektne karte tijekom zimske sezone<\/b> \u010desto se prodaju za samo 20 eura ili manje (cijena za jednog putnika bez vozila), dok je <b>tijekom ljeta cijena puno ve\u0107a<\/b>, u srpnju cijena za vozilo i 4 putnika u kolovozu mo\u017ee biti i do 800 eura ili vi\u0161e. Vijena je visoka, ali <b>u usporedbi s tro\u0161kovima i vremenom vo\u017enje oko jadranskog zaljeva<\/b>, to je opravdan tro\u0161ak. Op\u0107enito planiranje unaprijed je dobra ideja.<\/p>\n\n\n\n<h2><span class=\"ez-toc-section\" id=\"Alternative_trajektu_iz_Italije_do_Hrvatske\"><\/span><b>Alternative trajektu iz Italije do Hrvatske<\/b><span class=\"ez-toc-section-end\"><\/span><\/h2>\n\n\n\n<p><b>Vo\u017enja automobilom izme\u0111u Italije i Hrvatske <\/b>jedna je od alternativa. Ako ra\u010dunate tro\u0161kove <b>automobila u odnosu na trajekt<\/b>, ne zaboravite ura\u010dunati tro\u0161kove cestarine u Italiji, kao i u Hrvatskoj. Ako putujete u glavnoj sezoni, dr\u017eite na umu mogu\u0107nost <b>\u010dekanja na granici<\/b> izme\u0111u Slovenije i Hrvatske.<\/p>\n\n\n\n<p><b>Putovanje autobusom od Italije do Hrvatske<\/b> je opcija, ali treba razmotriti idete li iz sjevernog dijela Italije, npr. <b>autobusna linija <\/b><a href=\"https:\/\/getbybus.com\/hr\/autobus-venecija-do-pula\"><b>Venecija &#8211; Pula<\/b><\/a><b> i Venecija &#8211; Zagreb<\/b>, ako putujete iz zapadnijeg ili ju\u017enijeg dijela Italije morat \u0107ete presjesti barem jednom. \u0160to se ti\u010de cijena, <b>autobus je vjerojatno najjeftinija opcija<\/b>.<\/p>\n\n\n\n<p><b>Vo\u017enja vlakom iz Italije do Hrvatske<\/b> <i>nije mogu\u0107a<\/i>, najbli\u017ee \u0161to mo\u017eete do\u0107i vlakom je do Trsta odakle zatim mo\u017eete nastaviti hidrogliserom do Istre ili autobusom do Zagreba ili Rijeke.<\/p>\n\n\n\n<p><b>Let izme\u0111u Italije i Hrvatske<\/b> je jo\u0161 jedna opcija, ali uglavnom u ljetnoj sezoni, iznimka je <b>linija Rim &#8211; Split<\/b>, koja ina\u010de prometuje barem jednom tjedno godi\u0161nje.<\/p>\n\n\n\n<h2><span class=\"ez-toc-section\" id=\"Karta_trajektne_linije_iz_Italije_za_Hrvatsku\"><\/span><b>Karta trajektne linije iz Italije za Hrvatsku<\/b><span class=\"ez-toc-section-end\"><\/span><\/h2>\n\n\n\n<p>Ispod mo\u017eete vidjeti kartu <b>trajektnih linija izme\u0111u Italije i Hrvatske<\/b>. U izborniku na karti mo\u017eete odabrati linije veze iz, npr. Venecije. Ako \u017eelite vidjeti <b>vozni red i operativne dane<\/b> za odre\u0111enu kombinaciju putovanja, mo\u017eete upotrijebiti obrazac za pretragu na vrhu stranice!<\/p>\n\n\n\n<p><b>Luke ozna\u010dene ljubi\u010dastom i naran\u010dastom bojom<\/b> zna\u010de da trajekt samo za putnike vozi iz\/do navedene luke, a luke ozna\u010dene <b>tamnocrvenom i sme\u0111om<\/b> zna\u010de da trajekt vozi iz luke.<\/p>\n\n\n\n<p><iframe loading=\"lazy\" src=\"https:\/\/www.google.com\/maps\/d\/u\/0\/embed?mid=1y6MNMsAq3IB4wH90Or91f4VWFz4vkwP9\" width=\"640\" height=\"480\"><\/iframe><\/p>\n","protected":false},"excerpt":{"rendered":"<p>Iako su Italija i Hrvatska gotovo povezane na sjeveroisto\u010dnoj obali Jadranskog mora, vo\u017enja trajektom izme\u0111u ove dvije dr\u017eave u ve\u0107ini je slu\u010dajeva br\u017ea i jeftinija opcija. Ve\u0107ina trajektnih linija izme\u0111u Italije i Hrvaste prometuje samo tijekom ljetne sezone koja obi\u010dno uklju\u010duje svibanj, lipanj, srpanj, kolovoz, rujan i dio listopada, ali postoje i trajektne linije iz [&hellip;]<\/p>\n<p><a class=\"more-link\" href=\"https:\/\/www.ferrycroatia.com\/hr\/trajekt-italija-hrvatska\/\"> Continue reading&#8230;<\/a><\/p>\n","protected":false},"author":5,"featured_media":0,"parent":0,"menu_order":0,"comment_status":"closed","ping_status":"closed","template":"","meta":[],"yoast_head":"<!-- This site is optimized with the Yoast SEO plugin v19.8 - https:\/\/yoast.com\/wordpress\/plugins\/seo\/ -->\n<title>Trajektne linije iz Italije do Hrvatske, luke i vozni red<\/title>\n<meta name=\"robots\" content=\"index, follow, max-snippet:-1, max-image-preview:large, max-video-preview:-1\" \/>\n<link rel=\"canonical\" href=\"https:\/\/www.ferrycroatia.com\/hr\/trajekt-italija-hrvatska\/\" \/>\n<meta property=\"og:locale\" content=\"en_US\" \/>\n<meta property=\"og:type\" content=\"article\" \/>\n<meta property=\"og:title\" content=\"Trajektne linije iz Italije do Hrvatske, luke i vozni red\" \/>\n<meta property=\"og:description\" content=\"Iako su Italija i Hrvatska gotovo povezane na sjeveroisto\u010dnoj obali Jadranskog mora, vo\u017enja trajektom izme\u0111u ove dvije dr\u017eave u ve\u0107ini je slu\u010dajeva br\u017ea i jeftinija opcija. Ve\u0107ina trajektnih linija izme\u0111u Italije i Hrvaste prometuje samo tijekom ljetne sezone koja obi\u010dno uklju\u010duje svibanj, lipanj, srpanj, kolovoz, rujan i dio listopada, ali postoje i trajektne linije iz [&hellip;] Continue reading...\" \/>\n<meta property=\"og:url\" content=\"https:\/\/www.ferrycroatia.com\/hr\/trajekt-italija-hrvatska\/\" \/>\n<meta property=\"og:site_name\" content=\"Trajekti Hrvatska\" \/>\n<meta property=\"article:modified_time\" content=\"2022-04-08T06:24:23+00:00\" \/>\n<meta name=\"twitter:card\" content=\"summary_large_image\" \/>\n<meta name=\"twitter:label1\" content=\"Est. reading time\" \/>\n\t<meta name=\"twitter:data1\" content=\"4 minutes\" \/>\n<script type=\"application\/ld+json\" class=\"yoast-schema-graph\">{\"@context\":\"https:\/\/schema.org\",\"@graph\":[{\"@type\":\"WebPage\",\"@id\":\"https:\/\/www.ferrycroatia.com\/hr\/trajekt-italija-hrvatska\/\",\"url\":\"https:\/\/www.ferrycroatia.com\/hr\/trajekt-italija-hrvatska\/\",\"name\":\"Trajektne linije iz Italije do Hrvatske, luke i vozni red\",\"isPartOf\":{\"@id\":\"https:\/\/www.ferrycroatia.com\/hr\/#website\"},\"datePublished\":\"2021-01-28T10:03:04+00:00\",\"dateModified\":\"2022-04-08T06:24:23+00:00\",\"breadcrumb\":{\"@id\":\"https:\/\/www.ferrycroatia.com\/hr\/trajekt-italija-hrvatska\/#breadcrumb\"},\"inLanguage\":\"en-US\",\"potentialAction\":[{\"@type\":\"ReadAction\",\"target\":[\"https:\/\/www.ferrycroatia.com\/hr\/trajekt-italija-hrvatska\/\"]}]},{\"@type\":\"BreadcrumbList\",\"@id\":\"https:\/\/www.ferrycroatia.com\/hr\/trajekt-italija-hrvatska\/#breadcrumb\",\"itemListElement\":[{\"@type\":\"ListItem\",\"position\":1,\"name\":\"Home\",\"item\":\"https:\/\/www.ferrycroatia.com\/hr\/\"},{\"@type\":\"ListItem\",\"position\":2,\"name\":\"Trajekt Italija &#8211; Hrvatska\"}]},{\"@type\":\"WebSite\",\"@id\":\"https:\/\/www.ferrycroatia.com\/hr\/#website\",\"url\":\"https:\/\/www.ferrycroatia.com\/hr\/\",\"name\":\"Trajekti Hrvatska\",\"description\":\"Vozni red za sve trajekte i katamarane u Hrvatskoj\",\"potentialAction\":[{\"@type\":\"SearchAction\",\"target\":{\"@type\":\"EntryPoint\",\"urlTemplate\":\"https:\/\/www.ferrycroatia.com\/hr\/?s={search_term_string}\"},\"query-input\":\"required name=search_term_string\"}],\"inLanguage\":\"en-US\"}]}<\/script>\n<!-- \/ Yoast SEO plugin. -->","yoast_head_json":{"title":"Trajektne linije iz Italije do Hrvatske, luke i vozni red","robots":{"index":"index","follow":"follow","max-snippet":"max-snippet:-1","max-image-preview":"max-image-preview:large","max-video-preview":"max-video-preview:-1"},"canonical":"https:\/\/www.ferrycroatia.com\/hr\/trajekt-italija-hrvatska\/","og_locale":"en_US","og_type":"article","og_title":"Trajektne linije iz Italije do Hrvatske, luke i vozni red","og_description":"Iako su Italija i Hrvatska gotovo povezane na sjeveroisto\u010dnoj obali Jadranskog mora, vo\u017enja trajektom izme\u0111u ove dvije dr\u017eave u ve\u0107ini je slu\u010dajeva br\u017ea i jeftinija opcija. Ve\u0107ina trajektnih linija izme\u0111u Italije i Hrvaste prometuje samo tijekom ljetne sezone koja obi\u010dno uklju\u010duje svibanj, lipanj, srpanj, kolovoz, rujan i dio listopada, ali postoje i trajektne linije iz [&hellip;] Continue reading...","og_url":"https:\/\/www.ferrycroatia.com\/hr\/trajekt-italija-hrvatska\/","og_site_name":"Trajekti Hrvatska","article_modified_time":"2022-04-08T06:24:23+00:00","twitter_card":"summary_large_image","twitter_misc":{"Est. reading time":"4 minutes"},"schema":{"@context":"https:\/\/schema.org","@graph":[{"@type":"WebPage","@id":"https:\/\/www.ferrycroatia.com\/hr\/trajekt-italija-hrvatska\/","url":"https:\/\/www.ferrycroatia.com\/hr\/trajekt-italija-hrvatska\/","name":"Trajektne linije iz Italije do Hrvatske, luke i vozni red","isPartOf":{"@id":"https:\/\/www.ferrycroatia.com\/hr\/#website"},"datePublished":"2021-01-28T10:03:04+00:00","dateModified":"2022-04-08T06:24:23+00:00","breadcrumb":{"@id":"https:\/\/www.ferrycroatia.com\/hr\/trajekt-italija-hrvatska\/#breadcrumb"},"inLanguage":"en-US","potentialAction":[{"@type":"ReadAction","target":["https:\/\/www.ferrycroatia.com\/hr\/trajekt-italija-hrvatska\/"]}]},{"@type":"BreadcrumbList","@id":"https:\/\/www.ferrycroatia.com\/hr\/trajekt-italija-hrvatska\/#breadcrumb","itemListElement":[{"@type":"ListItem","position":1,"name":"Home","item":"https:\/\/www.ferrycroatia.com\/hr\/"},{"@type":"ListItem","position":2,"name":"Trajekt Italija &#8211; Hrvatska"}]},{"@type":"WebSite","@id":"https:\/\/www.ferrycroatia.com\/hr\/#website","url":"https:\/\/www.ferrycroatia.com\/hr\/","name":"Trajekti Hrvatska","description":"Vozni red za sve trajekte i katamarane u Hrvatskoj","potentialAction":[{"@type":"SearchAction","target":{"@type":"EntryPoint","urlTemplate":"https:\/\/www.ferrycroatia.com\/hr\/?s={search_term_string}"},"query-input":"required name=search_term_string"}],"inLanguage":"en-US"}]}},"_links":{"self":[{"href":"https:\/\/www.ferrycroatia.com\/hr\/wp-json\/wp\/v2\/pages\/1280"}],"collection":[{"href":"https:\/\/www.ferrycroatia.com\/hr\/wp-json\/wp\/v2\/pages"}],"about":[{"href":"https:\/\/www.ferrycroatia.com\/hr\/wp-json\/wp\/v2\/types\/page"}],"author":[{"embeddable":true,"href":"https:\/\/www.ferrycroatia.com\/hr\/wp-json\/wp\/v2\/users\/5"}],"replies":[{"embeddable":true,"href":"https:\/\/www.ferrycroatia.com\/hr\/wp-json\/wp\/v2\/comments?post=1280"}],"version-history":[{"count":12,"href":"https:\/\/www.ferrycroatia.com\/hr\/wp-json\/wp\/v2\/pages\/1280\/revisions"}],"predecessor-version":[{"id":2475,"href":"https:\/\/www.ferrycroatia.com\/hr\/wp-json\/wp\/v2\/pages\/1280\/revisions\/2475"}],"wp:attachment":[{"href":"https:\/\/www.ferrycroatia.com\/hr\/wp-json\/wp\/v2\/media?parent=1280"}],"curies":[{"name":"wp","href":"https:\/\/api.w.org\/{rel}","templated":true}]}}