{"id":1281,"date":"2021-01-28T09:58:10","date_gmt":"2021-01-28T09:58:10","guid":{"rendered":"https:\/\/ferrycroatia.com\/hr\/?page_id=1281"},"modified":"2021-04-08T10:39:33","modified_gmt":"2021-04-08T08:39:33","slug":"trajektna-luka-brestova","status":"publish","type":"page","link":"https:\/\/www.ferrycroatia.com\/hr\/trajektna-luka-brestova\/","title":{"rendered":"Trajektna luka Brestova"},"content":{"rendered":"\n<p>Trajektna luka Brestova smje\u0161tena je ju\u017eno od planine U\u010dke na isto\u010dnoj strani istarskog poluotoka. Izravno je povezana s otokom Cresom (s trajektnom lukom u Porozini) do kojeg najvjerojatnije \u017eelite do\u0107i.<\/p>\n\n\n\n<h3>Kako do\u0107i do Porozine na otoku Cresu<\/h3>\n\n\n\n<p><strong>Ako putujete automobilom na Cres<\/strong>, a dolazite iz Italije (Trst) ili Slovenije najbolja je opcija i\u0107i trajektom od Brestove do otoka. <strong>Nakon \u0161to prije\u0111ete granicu <\/strong>sa zapadne strane istarskog poluotoka, slijedite Istarsku magistralu (poznatu kao Istarski ipsilon) <strong>u smjeru Pazina<\/strong> i nakon toga slijedite putokaz prema Trajektnoj luci Brestova. Kada prije\u0111ete slovensku granicu kod Rupe, jednostavno <strong>vozite prema jugu slijede\u0107i obalu<\/strong> dok ne do\u0111ete do znaka koji \u0107e vas dovesti direktno do trajektne luke Brestova.<\/p>\n\n\n\n<p>Kad krenete niz cestu prema trajektnoj luci moglo bi do\u0107i do zastoja, posebno tijekom ljetnih mjeseci jer se svi automobili \u017eele \u0161to prije ukrcati na trajekt. Stoga vam savjetujemo da do\u0111ete ranije.<\/p>\n\n\n\n<h3>\u0160to se nalazi u blizini luke Brestova<\/h3>\n\n\n\n<p>Budu\u0107i da je Brestova u osnovi <strong>samo trajektna luka<\/strong>, nema puno dodatnih sadr\u017eaja (sela Zagorje i Brse\u010d su stvarno blizu &#8211; 1 km i 7 km) i ako trebate ne\u0161to kupiti prije nego \u0161to se ukrcate na trajekt, mo\u017eete uvijek oti\u0107i tamo ili se zaustaviti u nekom od gradova ili sela na putu do Brestove.<\/p>\n\n\n\n<h3>Adresa Trajektne luke Brestova<\/h3>\n\n\n\n<p>D402<\/p>\n\n\n\n<p>52234 Brestova<\/p>\n\n\n\n<p><strong>GPS koordinate:<\/strong> 45.144625, 14.223601<\/p>\n\n\n\n<figure class=\"wp-block-image size-large\"><img decoding=\"async\" loading=\"lazy\" width=\"800\" height=\"579\" data-src=\"https:\/\/ferrycroatia.com\/hr\/wp-content\/uploads\/2021\/01\/Brestova.jpg\" alt=\"Brestova trajektna luka\" class=\"wp-image-1282\" data-srcset=\"https:\/\/www.ferrycroatia.com\/hr\/wp-content\/uploads\/2021\/01\/Brestova.jpg 800w, https:\/\/www.ferrycroatia.com\/hr\/wp-content\/uploads\/2021\/01\/Brestova-300x217.jpg 300w, https:\/\/www.ferrycroatia.com\/hr\/wp-content\/uploads\/2021\/01\/Brestova-768x556.jpg 768w\" sizes=\"(max-width: 800px) 100vw, 800px\" \/><\/figure>\n\n\n\n<h3>Popis trajektnih linija iz Brestove<\/h3>\n\n\n\n<ul><li><a href=\"http:\/\/ferrycroatia.com\/hr\/brestova-porozina\/\">Trajekt Brestova \u2013 Porozina (Cres)<\/a><\/li><\/ul>\n","protected":false},"excerpt":{"rendered":"<p>Trajektna luka Brestova smje\u0161tena je ju\u017eno od planine U\u010dke na isto\u010dnoj strani istarskog poluotoka. Izravno je povezana s otokom Cresom (s trajektnom lukom u Porozini) do kojeg najvjerojatnije \u017eelite do\u0107i. Kako do\u0107i do Porozine na otoku Cresu Ako putujete automobilom na Cres, a dolazite iz Italije (Trst) ili Slovenije najbolja je opcija i\u0107i trajektom od [&hellip;]<\/p>\n<p><a class=\"more-link\" href=\"https:\/\/www.ferrycroatia.com\/hr\/trajektna-luka-brestova\/\"> Continue reading&#8230;<\/a><\/p>\n","protected":false},"author":5,"featured_media":0,"parent":0,"menu_order":0,"comment_status":"closed","ping_status":"closed","template":"","meta":[],"yoast_head":"<!-- This site is optimized with the Yoast SEO plugin v19.8 - https:\/\/yoast.com\/wordpress\/plugins\/seo\/ -->\n<title>Trajektna luka Brestova, polasci i dolasci iz luke<\/title>\n<meta name=\"robots\" content=\"index, follow, max-snippet:-1, max-image-preview:large, max-video-preview:-1\" \/>\n<link rel=\"canonical\" href=\"https:\/\/www.ferrycroatia.com\/hr\/trajektna-luka-brestova\/\" \/>\n<meta property=\"og:locale\" content=\"en_US\" \/>\n<meta property=\"og:type\" content=\"article\" \/>\n<meta property=\"og:title\" content=\"Trajektna luka Brestova, polasci i dolasci iz luke\" \/>\n<meta property=\"og:description\" content=\"Trajektna luka Brestova smje\u0161tena je ju\u017eno od planine U\u010dke na isto\u010dnoj strani istarskog poluotoka. Izravno je povezana s otokom Cresom (s trajektnom lukom u Porozini) do kojeg najvjerojatnije \u017eelite do\u0107i. Kako do\u0107i do Porozine na otoku Cresu Ako putujete automobilom na Cres, a dolazite iz Italije (Trst) ili Slovenije najbolja je opcija i\u0107i trajektom od [&hellip;] Continue reading...\" \/>\n<meta property=\"og:url\" content=\"https:\/\/www.ferrycroatia.com\/hr\/trajektna-luka-brestova\/\" \/>\n<meta property=\"og:site_name\" content=\"Trajekti Hrvatska\" \/>\n<meta property=\"article:modified_time\" content=\"2021-04-08T08:39:33+00:00\" \/>\n<meta property=\"og:image\" content=\"https:\/\/ferrycroatia.com\/hr\/wp-content\/uploads\/2021\/01\/Brestova.jpg\" \/>\n<meta name=\"twitter:card\" content=\"summary_large_image\" \/>\n<meta name=\"twitter:label1\" content=\"Est. reading time\" \/>\n\t<meta name=\"twitter:data1\" content=\"1 minute\" \/>\n<script type=\"application\/ld+json\" class=\"yoast-schema-graph\">{\"@context\":\"https:\/\/schema.org\",\"@graph\":[{\"@type\":\"WebPage\",\"@id\":\"https:\/\/www.ferrycroatia.com\/hr\/trajektna-luka-brestova\/\",\"url\":\"https:\/\/www.ferrycroatia.com\/hr\/trajektna-luka-brestova\/\",\"name\":\"Trajektna luka Brestova, polasci i dolasci iz luke\",\"isPartOf\":{\"@id\":\"https:\/\/www.ferrycroatia.com\/hr\/#website\"},\"datePublished\":\"2021-01-28T09:58:10+00:00\",\"dateModified\":\"2021-04-08T08:39:33+00:00\",\"breadcrumb\":{\"@id\":\"https:\/\/www.ferrycroatia.com\/hr\/trajektna-luka-brestova\/#breadcrumb\"},\"inLanguage\":\"en-US\",\"potentialAction\":[{\"@type\":\"ReadAction\",\"target\":[\"https:\/\/www.ferrycroatia.com\/hr\/trajektna-luka-brestova\/\"]}]},{\"@type\":\"BreadcrumbList\",\"@id\":\"https:\/\/www.ferrycroatia.com\/hr\/trajektna-luka-brestova\/#breadcrumb\",\"itemListElement\":[{\"@type\":\"ListItem\",\"position\":1,\"name\":\"Home\",\"item\":\"https:\/\/www.ferrycroatia.com\/hr\/\"},{\"@type\":\"ListItem\",\"position\":2,\"name\":\"Trajektna luka Brestova\"}]},{\"@type\":\"WebSite\",\"@id\":\"https:\/\/www.ferrycroatia.com\/hr\/#website\",\"url\":\"https:\/\/www.ferrycroatia.com\/hr\/\",\"name\":\"Trajekti Hrvatska\",\"description\":\"Vozni red za sve trajekte i katamarane u Hrvatskoj\",\"potentialAction\":[{\"@type\":\"SearchAction\",\"target\":{\"@type\":\"EntryPoint\",\"urlTemplate\":\"https:\/\/www.ferrycroatia.com\/hr\/?s={search_term_string}\"},\"query-input\":\"required name=search_term_string\"}],\"inLanguage\":\"en-US\"}]}<\/script>\n<!-- \/ Yoast SEO plugin. -->","yoast_head_json":{"title":"Trajektna luka Brestova, polasci i dolasci iz luke","robots":{"index":"index","follow":"follow","max-snippet":"max-snippet:-1","max-image-preview":"max-image-preview:large","max-video-preview":"max-video-preview:-1"},"canonical":"https:\/\/www.ferrycroatia.com\/hr\/trajektna-luka-brestova\/","og_locale":"en_US","og_type":"article","og_title":"Trajektna luka Brestova, polasci i dolasci iz luke","og_description":"Trajektna luka Brestova smje\u0161tena je ju\u017eno od planine U\u010dke na isto\u010dnoj strani istarskog poluotoka. Izravno je povezana s otokom Cresom (s trajektnom lukom u Porozini) do kojeg najvjerojatnije \u017eelite do\u0107i. Kako do\u0107i do Porozine na otoku Cresu Ako putujete automobilom na Cres, a dolazite iz Italije (Trst) ili Slovenije najbolja je opcija i\u0107i trajektom od [&hellip;] Continue reading...","og_url":"https:\/\/www.ferrycroatia.com\/hr\/trajektna-luka-brestova\/","og_site_name":"Trajekti Hrvatska","article_modified_time":"2021-04-08T08:39:33+00:00","og_image":[{"url":"https:\/\/ferrycroatia.com\/hr\/wp-content\/uploads\/2021\/01\/Brestova.jpg"}],"twitter_card":"summary_large_image","twitter_misc":{"Est. reading time":"1 minute"},"schema":{"@context":"https:\/\/schema.org","@graph":[{"@type":"WebPage","@id":"https:\/\/www.ferrycroatia.com\/hr\/trajektna-luka-brestova\/","url":"https:\/\/www.ferrycroatia.com\/hr\/trajektna-luka-brestova\/","name":"Trajektna luka Brestova, polasci i dolasci iz luke","isPartOf":{"@id":"https:\/\/www.ferrycroatia.com\/hr\/#website"},"datePublished":"2021-01-28T09:58:10+00:00","dateModified":"2021-04-08T08:39:33+00:00","breadcrumb":{"@id":"https:\/\/www.ferrycroatia.com\/hr\/trajektna-luka-brestova\/#breadcrumb"},"inLanguage":"en-US","potentialAction":[{"@type":"ReadAction","target":["https:\/\/www.ferrycroatia.com\/hr\/trajektna-luka-brestova\/"]}]},{"@type":"BreadcrumbList","@id":"https:\/\/www.ferrycroatia.com\/hr\/trajektna-luka-brestova\/#breadcrumb","itemListElement":[{"@type":"ListItem","position":1,"name":"Home","item":"https:\/\/www.ferrycroatia.com\/hr\/"},{"@type":"ListItem","position":2,"name":"Trajektna luka Brestova"}]},{"@type":"WebSite","@id":"https:\/\/www.ferrycroatia.com\/hr\/#website","url":"https:\/\/www.ferrycroatia.com\/hr\/","name":"Trajekti Hrvatska","description":"Vozni red za sve trajekte i katamarane u Hrvatskoj","potentialAction":[{"@type":"SearchAction","target":{"@type":"EntryPoint","urlTemplate":"https:\/\/www.ferrycroatia.com\/hr\/?s={search_term_string}"},"query-input":"required name=search_term_string"}],"inLanguage":"en-US"}]}},"_links":{"self":[{"href":"https:\/\/www.ferrycroatia.com\/hr\/wp-json\/wp\/v2\/pages\/1281"}],"collection":[{"href":"https:\/\/www.ferrycroatia.com\/hr\/wp-json\/wp\/v2\/pages"}],"about":[{"href":"https:\/\/www.ferrycroatia.com\/hr\/wp-json\/wp\/v2\/types\/page"}],"author":[{"embeddable":true,"href":"https:\/\/www.ferrycroatia.com\/hr\/wp-json\/wp\/v2\/users\/5"}],"replies":[{"embeddable":true,"href":"https:\/\/www.ferrycroatia.com\/hr\/wp-json\/wp\/v2\/comments?post=1281"}],"version-history":[{"count":5,"href":"https:\/\/www.ferrycroatia.com\/hr\/wp-json\/wp\/v2\/pages\/1281\/revisions"}],"predecessor-version":[{"id":2065,"href":"https:\/\/www.ferrycroatia.com\/hr\/wp-json\/wp\/v2\/pages\/1281\/revisions\/2065"}],"wp:attachment":[{"href":"https:\/\/www.ferrycroatia.com\/hr\/wp-json\/wp\/v2\/media?parent=1281"}],"curies":[{"name":"wp","href":"https:\/\/api.w.org\/{rel}","templated":true}]}}