{"id":1310,"date":"2021-01-28T10:44:17","date_gmt":"2021-01-28T10:44:17","guid":{"rendered":"https:\/\/ferrycroatia.com\/hr\/?page_id=1310"},"modified":"2021-04-08T10:41:41","modified_gmt":"2021-04-08T08:41:41","slug":"trajektna-luka-drvenik","status":"publish","type":"page","link":"https:\/\/www.ferrycroatia.com\/hr\/trajektna-luka-drvenik\/","title":{"rendered":"Trajektna luka Drvenik"},"content":{"rendered":"\n<p>Drvenik je malo mjesto u sklopu Makarske rivijere. Ima malu trajektnu luku koja je povezana samo s gradom Su\u0107urajem na <a href=\"http:\/\/ferrycroatia.com\/hr\/otok-hvar\/\">otoku Hvaru<\/a>. Trajektni terminal nalazi se na kraju \u0161irokog zaljeva, uz glavnu cestu koja prolazi kroz Drvenik <strong>nadomak \u0161etnice uz more i pla\u017eu.<\/strong><\/p>\n\n\n\n<h3>Kako do\u0107i i oti\u0107i iz luke Drvenik<\/h3>\n\n\n\n<p>Drvenik je zaista mali primorski grad i bez obzira na lokaciju Va\u0161eg smje\u0161taja do trajektne luke <strong>lako mo\u017eete do\u0107i pje\u0161ice<\/strong> i od tamo nastaviti put do Su\u0107uraja na Hvaru.&nbsp; Ako nosite puno prtljage, uvijek <strong>mo\u017eete do\u0107i taksijem do luke<\/strong>. Vo\u017enja ne\u0107e biti skupa jer se radi o maloj udaljenosti.<\/p>\n\n\n\n<h3>Kako do\u0107i iz zra\u010dnih luka Split i Dubrovnik do trajektne luke u Drveniku<\/h3>\n\n\n\n<p>Ako dolazite u Hrvatsku i \u017eelite putovati do Su\u0107uraja (Hvar) preko Drvenika, mo\u017eete letjeti do zra\u010dne luke u Dubrovniku ili Splitu.<\/p>\n\n\n\n<p><strong>Zra\u010dna luka Split od Drvenika<\/strong> udaljena je oko 140 km i s obzirom da nema direktnih autobusa od zra\u010dne luke do Drvenika, preostaju vam sljede\u0107e opcije:<\/p>\n\n\n\n<ul><li>Mo\u017eete zakazati transfer iz zra\u010dne luke Split do Drvenika &#8211; cijene variraju ovisno o vrsti vozila koje iznajmite, a<a href=\"https:\/\/getbytransfer.com\/\"> detalje mo\u017eete prona\u0107i ovdje<\/a> (alternativno mo\u017eete uzeti taksi)<\/li><li>Mo\u017eete<a href=\"https:\/\/getbybus.com\/hr\/blog\/autobus-zracna-luka-split\/\"> autobusom zra\u010dne luke do\u0107i do glavnog autobusnog kolodvora u Splitu<\/a> i od tamo nastaviti putovanje autobusom do Drvenika.<\/li><\/ul>\n\n\n\n<p><strong>Od zra\u010dne luke Dubrovnik do Drvenika<\/strong> ima oko 142 km i na\u017ealost ni za ovu rutu nisu dostupne izravne autobusne linije od zra\u010dne luke. Dakle, preostaju vam sljede\u0107e mogu\u0107nosti:<\/p>\n\n\n\n<ul><li>Mo\u017eete zakazati transfer iz zra\u010dne luke Dubrovnik do Drvenika &#8211; cijene variraju ovisno o vrsti vozila koje iznajmite, a<a href=\"https:\/\/getbytransfer.com\/\"> detalje mo\u017eete prona\u0107i ovdje<\/a> (alternativno mo\u017eete uzeti taksi)<\/li><li>Mo\u017eete<a href=\"https:\/\/getbybus.com\/hr\/blog\/autobus-zracna-luka-dubrovnik\/\"> autobusom zra\u010dne luke do\u0107i do glavnog autobusnog kolodvora u Dubrovniku<\/a> i od tamo nastaviti putovanje autobusom do Drvenika.<\/li><\/ul>\n\n\n\n<p>Autobusi su najjeftinija opcija putovanja, ali ako nosite puno prtljage savjetujemo da razmislite o drugim mogu\u0107nostima.<\/p>\n\n\n\n<h3>Kako do\u0107i iz drugih destinacija u Hrvatskoj do luke Drvenik<\/h3>\n\n\n\n<p>Postoje <strong>redovne i sezonske autobusne linije koje povezuju glavne hrvatske destinacije s Drvenikom<\/strong>. Kao \u0161to je ve\u0107 spomenuto, glavni autobusni kolodvor u Drveniku <strong>udaljen je 400 m od trajektnog terminala<\/strong>. Do tamo mo\u017eete jednostavno pro\u0161etati ili pozvati taksi ukoliko nosite puno prtljage. To\u010dnu lokaciju kolodvora provjerite<a href=\"https:\/\/getbybus.com\/hr\/autobus-drvenik\"> ovdje<\/a>.<\/p>\n\n\n\n<p>Ukoliko putujete automobilom, do Drvenika mo\u017eete do\u0107i autocestom ili cestom uz obalu. Bilo da dolazite sa sjevera ili juga, kad u\u0111ete u grad Drvenik, slijedite znak za sredi\u0161te grada i trajektni terminal.<\/p>\n\n\n\n<h3>\u0160to se nalazi u blizini luke Drvenik<\/h3>\n\n\n\n<p>Budu\u0107i da je Drvenik zaista mali primorski grad, u blizini trajektnog terminala nalaze se razli\u010diti sadr\u017eaji poput kafi\u0107a, restorana, trgovina, po\u0161te, banke itd.<\/p>\n\n\n\n<h3>Adresa Trajektne luke Drvenik<\/h3>\n\n\n\n<ul><li>D8 412<\/li><li>21333 Drvenik<\/li><li>GPS koordinate: 43.15457, 17.24869<\/li><\/ul>\n\n\n\n<figure class=\"wp-block-image size-large\"><img decoding=\"async\" loading=\"lazy\" width=\"800\" height=\"453\" data-src=\"https:\/\/ferrycroatia.com\/hr\/wp-content\/uploads\/2021\/01\/Drvenik.jpg\" alt=\"Trajektna luka Drvenik\" class=\"wp-image-1299\" data-srcset=\"https:\/\/www.ferrycroatia.com\/hr\/wp-content\/uploads\/2021\/01\/Drvenik.jpg 800w, https:\/\/www.ferrycroatia.com\/hr\/wp-content\/uploads\/2021\/01\/Drvenik-300x170.jpg 300w, https:\/\/www.ferrycroatia.com\/hr\/wp-content\/uploads\/2021\/01\/Drvenik-768x435.jpg 768w\" sizes=\"(max-width: 800px) 100vw, 800px\" \/><\/figure>\n\n\n\n<h3>Popis trajektnih i katamaranskih linija iz Drvenika<\/h3>\n\n\n<table width=\"747\" border=\" 1px solid black\">\n<tbody>\n<tr>\n<td style=\"text-align: center;\"><a href=\"http:\/\/www.ferrycroatia.com\/hr\/drvenik-sucuraj\/\">Drvenik \u2013 Sucuraj (Hvar)<\/a><\/td>\n<td style=\"text-align: center;\"><a href=\"http:\/\/www.ferrycroatia.com\/hr\/sucuraj-drvenik\/\">Sucuraj \u2013 Drvenik<\/a><\/td>\n<\/tr>\n<\/tbody>\n<\/table>\n\n\n<p><\/p>\n","protected":false},"excerpt":{"rendered":"<p>Drvenik je malo mjesto u sklopu Makarske rivijere. Ima malu trajektnu luku koja je povezana samo s gradom Su\u0107urajem na otoku Hvaru. Trajektni terminal nalazi se na kraju \u0161irokog zaljeva, uz glavnu cestu koja prolazi kroz Drvenik nadomak \u0161etnice uz more i pla\u017eu. Kako do\u0107i i oti\u0107i iz luke Drvenik Drvenik je zaista mali primorski [&hellip;]<\/p>\n<p><a class=\"more-link\" href=\"https:\/\/www.ferrycroatia.com\/hr\/trajektna-luka-drvenik\/\"> Continue reading&#8230;<\/a><\/p>\n","protected":false},"author":5,"featured_media":0,"parent":0,"menu_order":0,"comment_status":"closed","ping_status":"closed","template":"","meta":[],"yoast_head":"<!-- This site is optimized with the Yoast SEO plugin v19.8 - https:\/\/yoast.com\/wordpress\/plugins\/seo\/ -->\n<title>Trajektna luka Drvenik, polasci i dolasci iz luke<\/title>\n<meta name=\"robots\" content=\"index, follow, max-snippet:-1, max-image-preview:large, max-video-preview:-1\" \/>\n<link rel=\"canonical\" href=\"https:\/\/www.ferrycroatia.com\/hr\/trajektna-luka-drvenik\/\" \/>\n<meta property=\"og:locale\" content=\"en_US\" \/>\n<meta property=\"og:type\" content=\"article\" \/>\n<meta property=\"og:title\" content=\"Trajektna luka Drvenik, polasci i dolasci iz luke\" \/>\n<meta property=\"og:description\" content=\"Drvenik je malo mjesto u sklopu Makarske rivijere. Ima malu trajektnu luku koja je povezana samo s gradom Su\u0107urajem na otoku Hvaru. Trajektni terminal nalazi se na kraju \u0161irokog zaljeva, uz glavnu cestu koja prolazi kroz Drvenik nadomak \u0161etnice uz more i pla\u017eu. Kako do\u0107i i oti\u0107i iz luke Drvenik Drvenik je zaista mali primorski [&hellip;] Continue reading...\" \/>\n<meta property=\"og:url\" content=\"https:\/\/www.ferrycroatia.com\/hr\/trajektna-luka-drvenik\/\" \/>\n<meta property=\"og:site_name\" content=\"Trajekti Hrvatska\" \/>\n<meta property=\"article:modified_time\" content=\"2021-04-08T08:41:41+00:00\" \/>\n<meta property=\"og:image\" content=\"https:\/\/ferrycroatia.com\/hr\/wp-content\/uploads\/2021\/01\/Drvenik.jpg\" \/>\n<meta name=\"twitter:card\" content=\"summary_large_image\" \/>\n<meta name=\"twitter:label1\" content=\"Est. reading time\" \/>\n\t<meta name=\"twitter:data1\" content=\"2 minutes\" \/>\n<script type=\"application\/ld+json\" class=\"yoast-schema-graph\">{\"@context\":\"https:\/\/schema.org\",\"@graph\":[{\"@type\":\"WebPage\",\"@id\":\"https:\/\/www.ferrycroatia.com\/hr\/trajektna-luka-drvenik\/\",\"url\":\"https:\/\/www.ferrycroatia.com\/hr\/trajektna-luka-drvenik\/\",\"name\":\"Trajektna luka Drvenik, polasci i dolasci iz luke\",\"isPartOf\":{\"@id\":\"https:\/\/www.ferrycroatia.com\/hr\/#website\"},\"datePublished\":\"2021-01-28T10:44:17+00:00\",\"dateModified\":\"2021-04-08T08:41:41+00:00\",\"breadcrumb\":{\"@id\":\"https:\/\/www.ferrycroatia.com\/hr\/trajektna-luka-drvenik\/#breadcrumb\"},\"inLanguage\":\"en-US\",\"potentialAction\":[{\"@type\":\"ReadAction\",\"target\":[\"https:\/\/www.ferrycroatia.com\/hr\/trajektna-luka-drvenik\/\"]}]},{\"@type\":\"BreadcrumbList\",\"@id\":\"https:\/\/www.ferrycroatia.com\/hr\/trajektna-luka-drvenik\/#breadcrumb\",\"itemListElement\":[{\"@type\":\"ListItem\",\"position\":1,\"name\":\"Home\",\"item\":\"https:\/\/www.ferrycroatia.com\/hr\/\"},{\"@type\":\"ListItem\",\"position\":2,\"name\":\"Trajektna luka Drvenik\"}]},{\"@type\":\"WebSite\",\"@id\":\"https:\/\/www.ferrycroatia.com\/hr\/#website\",\"url\":\"https:\/\/www.ferrycroatia.com\/hr\/\",\"name\":\"Trajekti Hrvatska\",\"description\":\"Vozni red za sve trajekte i katamarane u Hrvatskoj\",\"potentialAction\":[{\"@type\":\"SearchAction\",\"target\":{\"@type\":\"EntryPoint\",\"urlTemplate\":\"https:\/\/www.ferrycroatia.com\/hr\/?s={search_term_string}\"},\"query-input\":\"required name=search_term_string\"}],\"inLanguage\":\"en-US\"}]}<\/script>\n<!-- \/ Yoast SEO plugin. -->","yoast_head_json":{"title":"Trajektna luka Drvenik, polasci i dolasci iz luke","robots":{"index":"index","follow":"follow","max-snippet":"max-snippet:-1","max-image-preview":"max-image-preview:large","max-video-preview":"max-video-preview:-1"},"canonical":"https:\/\/www.ferrycroatia.com\/hr\/trajektna-luka-drvenik\/","og_locale":"en_US","og_type":"article","og_title":"Trajektna luka Drvenik, polasci i dolasci iz luke","og_description":"Drvenik je malo mjesto u sklopu Makarske rivijere. Ima malu trajektnu luku koja je povezana samo s gradom Su\u0107urajem na otoku Hvaru. Trajektni terminal nalazi se na kraju \u0161irokog zaljeva, uz glavnu cestu koja prolazi kroz Drvenik nadomak \u0161etnice uz more i pla\u017eu. Kako do\u0107i i oti\u0107i iz luke Drvenik Drvenik je zaista mali primorski [&hellip;] Continue reading...","og_url":"https:\/\/www.ferrycroatia.com\/hr\/trajektna-luka-drvenik\/","og_site_name":"Trajekti Hrvatska","article_modified_time":"2021-04-08T08:41:41+00:00","og_image":[{"url":"https:\/\/ferrycroatia.com\/hr\/wp-content\/uploads\/2021\/01\/Drvenik.jpg"}],"twitter_card":"summary_large_image","twitter_misc":{"Est. reading time":"2 minutes"},"schema":{"@context":"https:\/\/schema.org","@graph":[{"@type":"WebPage","@id":"https:\/\/www.ferrycroatia.com\/hr\/trajektna-luka-drvenik\/","url":"https:\/\/www.ferrycroatia.com\/hr\/trajektna-luka-drvenik\/","name":"Trajektna luka Drvenik, polasci i dolasci iz luke","isPartOf":{"@id":"https:\/\/www.ferrycroatia.com\/hr\/#website"},"datePublished":"2021-01-28T10:44:17+00:00","dateModified":"2021-04-08T08:41:41+00:00","breadcrumb":{"@id":"https:\/\/www.ferrycroatia.com\/hr\/trajektna-luka-drvenik\/#breadcrumb"},"inLanguage":"en-US","potentialAction":[{"@type":"ReadAction","target":["https:\/\/www.ferrycroatia.com\/hr\/trajektna-luka-drvenik\/"]}]},{"@type":"BreadcrumbList","@id":"https:\/\/www.ferrycroatia.com\/hr\/trajektna-luka-drvenik\/#breadcrumb","itemListElement":[{"@type":"ListItem","position":1,"name":"Home","item":"https:\/\/www.ferrycroatia.com\/hr\/"},{"@type":"ListItem","position":2,"name":"Trajektna luka Drvenik"}]},{"@type":"WebSite","@id":"https:\/\/www.ferrycroatia.com\/hr\/#website","url":"https:\/\/www.ferrycroatia.com\/hr\/","name":"Trajekti Hrvatska","description":"Vozni red za sve trajekte i katamarane u Hrvatskoj","potentialAction":[{"@type":"SearchAction","target":{"@type":"EntryPoint","urlTemplate":"https:\/\/www.ferrycroatia.com\/hr\/?s={search_term_string}"},"query-input":"required name=search_term_string"}],"inLanguage":"en-US"}]}},"_links":{"self":[{"href":"https:\/\/www.ferrycroatia.com\/hr\/wp-json\/wp\/v2\/pages\/1310"}],"collection":[{"href":"https:\/\/www.ferrycroatia.com\/hr\/wp-json\/wp\/v2\/pages"}],"about":[{"href":"https:\/\/www.ferrycroatia.com\/hr\/wp-json\/wp\/v2\/types\/page"}],"author":[{"embeddable":true,"href":"https:\/\/www.ferrycroatia.com\/hr\/wp-json\/wp\/v2\/users\/5"}],"replies":[{"embeddable":true,"href":"https:\/\/www.ferrycroatia.com\/hr\/wp-json\/wp\/v2\/comments?post=1310"}],"version-history":[{"count":5,"href":"https:\/\/www.ferrycroatia.com\/hr\/wp-json\/wp\/v2\/pages\/1310\/revisions"}],"predecessor-version":[{"id":2069,"href":"https:\/\/www.ferrycroatia.com\/hr\/wp-json\/wp\/v2\/pages\/1310\/revisions\/2069"}],"wp:attachment":[{"href":"https:\/\/www.ferrycroatia.com\/hr\/wp-json\/wp\/v2\/media?parent=1310"}],"curies":[{"name":"wp","href":"https:\/\/api.w.org\/{rel}","templated":true}]}}