{"id":1317,"date":"2021-01-28T10:51:45","date_gmt":"2021-01-28T10:51:45","guid":{"rendered":"https:\/\/ferrycroatia.com\/hr\/?page_id=1317"},"modified":"2021-04-08T10:42:34","modified_gmt":"2021-04-08T08:42:34","slug":"trajektna-luka-drvenik-veli","status":"publish","type":"page","link":"https:\/\/www.ferrycroatia.com\/hr\/trajektna-luka-drvenik-veli\/","title":{"rendered":"Trajektna luka Drvenik Veli"},"content":{"rendered":"\n<p><strong>Otok Drvenik Veli smje\u0161ten je jugozapadno od grada Trogira<\/strong>. Trajektna luka nalazi se na zapadnoj strani otoka u \u0161irokoj uvali. Centar grada je stvarno blizu, ba\u0161 kao i glavna \u0161etnica uz more. Iako je ovo stvarno mali grad, u blizini \u0107ete prona\u0107i sve potrebne sadr\u017eaje.<\/p>\n\n\n\n<h3>Kako do\u0107i do luke Drvenik Veli<\/h3>\n\n\n\n<p>Kao \u0161to je ve\u0107 spomenuto, Drvenik Veli je mali grad smje\u0161ten na istoimenom oto\u010di\u0107u. Bez obzira gdje Vam se nalazi smje\u0161taj na otoku, <strong>ne\u0107e biti problem do\u0107i do njega iz trajektne luke<\/strong> s obzirom da je sve stvarno blizu. Ako nosite puno prtljage, mo\u017eete <strong>kontaktirati vlasnika svog smje\u0161taja<\/strong> i s njim dogovoriti mogu\u0107nost transfera iz trajektne luke.<\/p>\n\n\n\n<h3><strong>\u0160to se nalazi u blizini luke Drvenik Veli<\/strong><\/h3>\n\n\n\n<p>Drvenik Veli je mali oto\u010dni grad \u010dija se trajektna luka smjestila tik uz centar pa se u blizini nalaze svi gradski sadr\u017eaji: kafi\u0107i, restorani, trgovine itd.<\/p>\n\n\n\n<h3>Adresa Trajektne luke Drvenik Veli<\/h3>\n\n\n\n<ul><li>21225 Drvenik Veliki<\/li><li><strong>GPS-koordinate<\/strong>: 43.451144, 16.145382<\/li><\/ul>\n\n\n\n<figure class=\"wp-block-image size-large\"><img decoding=\"async\" loading=\"lazy\" width=\"891\" height=\"589\" data-src=\"https:\/\/ferrycroatia.com\/hr\/wp-content\/uploads\/2021\/01\/Drvenik-Veli-ferry-port.jpg\" alt=\"Trajektna luka Drvenik Veli\" class=\"wp-image-1320\" data-srcset=\"https:\/\/www.ferrycroatia.com\/hr\/wp-content\/uploads\/2021\/01\/Drvenik-Veli-ferry-port.jpg 891w, https:\/\/www.ferrycroatia.com\/hr\/wp-content\/uploads\/2021\/01\/Drvenik-Veli-ferry-port-300x198.jpg 300w, https:\/\/www.ferrycroatia.com\/hr\/wp-content\/uploads\/2021\/01\/Drvenik-Veli-ferry-port-768x508.jpg 768w\" sizes=\"(max-width: 891px) 100vw, 891px\" \/><\/figure>\n\n\n\n<p><\/p>\n\n\n\n<h3><strong>Popis dostupnih polazaka od\/do Drvenika Velog<\/strong><\/h3>\n\n\n\n<p>Linija: Split \u2013 Trogir \u2013 Seget Donji \u2013 Drvenik Mali \u2013 Drvenik Veliki<\/p>\n\n\n\n<ul><li><a href=\"http:\/\/ferrycroatia.com\/hr\/drvenik-veli-split\/\">Drvenik Veli \u2013 Split<\/a><\/li><li><a href=\"http:\/\/ferrycroatia.com\/hr\/drvenik-veli-trogir\/\">Drvenik Veli \u2013 Trogir<\/a><\/li><li><a href=\"http:\/\/ferrycroatia.com\/hr\/drvenik-veli-seget-donji\/\">Drvenik Veli \u2013 Seget Donji<\/a><\/li><li><a href=\"http:\/\/ferrycroatia.com\/hr\/drvenik-veli-drvenik-mali\/\">Drvenik Veli \u2013 Drvenik Mali<\/a><\/li><\/ul>\n","protected":false},"excerpt":{"rendered":"<p>Otok Drvenik Veli smje\u0161ten je jugozapadno od grada Trogira. Trajektna luka nalazi se na zapadnoj strani otoka u \u0161irokoj uvali. Centar grada je stvarno blizu, ba\u0161 kao i glavna \u0161etnica uz more. Iako je ovo stvarno mali grad, u blizini \u0107ete prona\u0107i sve potrebne sadr\u017eaje. Kako do\u0107i do luke Drvenik Veli Kao \u0161to je ve\u0107 [&hellip;]<\/p>\n<p><a class=\"more-link\" href=\"https:\/\/www.ferrycroatia.com\/hr\/trajektna-luka-drvenik-veli\/\"> Continue reading&#8230;<\/a><\/p>\n","protected":false},"author":5,"featured_media":0,"parent":0,"menu_order":0,"comment_status":"closed","ping_status":"closed","template":"","meta":[],"yoast_head":"<!-- This site is optimized with the Yoast SEO plugin v19.8 - https:\/\/yoast.com\/wordpress\/plugins\/seo\/ -->\n<title>Trajektna luka Drvenik Veli, dolasci i polasci iz luke<\/title>\n<meta name=\"robots\" content=\"index, follow, max-snippet:-1, max-image-preview:large, max-video-preview:-1\" \/>\n<link rel=\"canonical\" href=\"https:\/\/www.ferrycroatia.com\/hr\/trajektna-luka-drvenik-veli\/\" \/>\n<meta property=\"og:locale\" content=\"en_US\" \/>\n<meta property=\"og:type\" content=\"article\" \/>\n<meta property=\"og:title\" content=\"Trajektna luka Drvenik Veli, dolasci i polasci iz luke\" \/>\n<meta property=\"og:description\" content=\"Otok Drvenik Veli smje\u0161ten je jugozapadno od grada Trogira. Trajektna luka nalazi se na zapadnoj strani otoka u \u0161irokoj uvali. Centar grada je stvarno blizu, ba\u0161 kao i glavna \u0161etnica uz more. Iako je ovo stvarno mali grad, u blizini \u0107ete prona\u0107i sve potrebne sadr\u017eaje. Kako do\u0107i do luke Drvenik Veli Kao \u0161to je ve\u0107 [&hellip;] Continue reading...\" \/>\n<meta property=\"og:url\" content=\"https:\/\/www.ferrycroatia.com\/hr\/trajektna-luka-drvenik-veli\/\" \/>\n<meta property=\"og:site_name\" content=\"Trajekti Hrvatska\" \/>\n<meta property=\"article:modified_time\" content=\"2021-04-08T08:42:34+00:00\" \/>\n<meta property=\"og:image\" content=\"https:\/\/ferrycroatia.com\/hr\/wp-content\/uploads\/2021\/01\/Drvenik-Veli-ferry-port.jpg\" \/>\n<meta name=\"twitter:card\" content=\"summary_large_image\" \/>\n<meta name=\"twitter:label1\" content=\"Est. reading time\" \/>\n\t<meta name=\"twitter:data1\" content=\"1 minute\" \/>\n<script type=\"application\/ld+json\" class=\"yoast-schema-graph\">{\"@context\":\"https:\/\/schema.org\",\"@graph\":[{\"@type\":\"WebPage\",\"@id\":\"https:\/\/www.ferrycroatia.com\/hr\/trajektna-luka-drvenik-veli\/\",\"url\":\"https:\/\/www.ferrycroatia.com\/hr\/trajektna-luka-drvenik-veli\/\",\"name\":\"Trajektna luka Drvenik Veli, dolasci i polasci iz luke\",\"isPartOf\":{\"@id\":\"https:\/\/www.ferrycroatia.com\/hr\/#website\"},\"datePublished\":\"2021-01-28T10:51:45+00:00\",\"dateModified\":\"2021-04-08T08:42:34+00:00\",\"breadcrumb\":{\"@id\":\"https:\/\/www.ferrycroatia.com\/hr\/trajektna-luka-drvenik-veli\/#breadcrumb\"},\"inLanguage\":\"en-US\",\"potentialAction\":[{\"@type\":\"ReadAction\",\"target\":[\"https:\/\/www.ferrycroatia.com\/hr\/trajektna-luka-drvenik-veli\/\"]}]},{\"@type\":\"BreadcrumbList\",\"@id\":\"https:\/\/www.ferrycroatia.com\/hr\/trajektna-luka-drvenik-veli\/#breadcrumb\",\"itemListElement\":[{\"@type\":\"ListItem\",\"position\":1,\"name\":\"Home\",\"item\":\"https:\/\/www.ferrycroatia.com\/hr\/\"},{\"@type\":\"ListItem\",\"position\":2,\"name\":\"Trajektna luka Drvenik Veli\"}]},{\"@type\":\"WebSite\",\"@id\":\"https:\/\/www.ferrycroatia.com\/hr\/#website\",\"url\":\"https:\/\/www.ferrycroatia.com\/hr\/\",\"name\":\"Trajekti Hrvatska\",\"description\":\"Vozni red za sve trajekte i katamarane u Hrvatskoj\",\"potentialAction\":[{\"@type\":\"SearchAction\",\"target\":{\"@type\":\"EntryPoint\",\"urlTemplate\":\"https:\/\/www.ferrycroatia.com\/hr\/?s={search_term_string}\"},\"query-input\":\"required name=search_term_string\"}],\"inLanguage\":\"en-US\"}]}<\/script>\n<!-- \/ Yoast SEO plugin. -->","yoast_head_json":{"title":"Trajektna luka Drvenik Veli, dolasci i polasci iz luke","robots":{"index":"index","follow":"follow","max-snippet":"max-snippet:-1","max-image-preview":"max-image-preview:large","max-video-preview":"max-video-preview:-1"},"canonical":"https:\/\/www.ferrycroatia.com\/hr\/trajektna-luka-drvenik-veli\/","og_locale":"en_US","og_type":"article","og_title":"Trajektna luka Drvenik Veli, dolasci i polasci iz luke","og_description":"Otok Drvenik Veli smje\u0161ten je jugozapadno od grada Trogira. Trajektna luka nalazi se na zapadnoj strani otoka u \u0161irokoj uvali. Centar grada je stvarno blizu, ba\u0161 kao i glavna \u0161etnica uz more. Iako je ovo stvarno mali grad, u blizini \u0107ete prona\u0107i sve potrebne sadr\u017eaje. Kako do\u0107i do luke Drvenik Veli Kao \u0161to je ve\u0107 [&hellip;] Continue reading...","og_url":"https:\/\/www.ferrycroatia.com\/hr\/trajektna-luka-drvenik-veli\/","og_site_name":"Trajekti Hrvatska","article_modified_time":"2021-04-08T08:42:34+00:00","og_image":[{"url":"https:\/\/ferrycroatia.com\/hr\/wp-content\/uploads\/2021\/01\/Drvenik-Veli-ferry-port.jpg"}],"twitter_card":"summary_large_image","twitter_misc":{"Est. reading time":"1 minute"},"schema":{"@context":"https:\/\/schema.org","@graph":[{"@type":"WebPage","@id":"https:\/\/www.ferrycroatia.com\/hr\/trajektna-luka-drvenik-veli\/","url":"https:\/\/www.ferrycroatia.com\/hr\/trajektna-luka-drvenik-veli\/","name":"Trajektna luka Drvenik Veli, dolasci i polasci iz luke","isPartOf":{"@id":"https:\/\/www.ferrycroatia.com\/hr\/#website"},"datePublished":"2021-01-28T10:51:45+00:00","dateModified":"2021-04-08T08:42:34+00:00","breadcrumb":{"@id":"https:\/\/www.ferrycroatia.com\/hr\/trajektna-luka-drvenik-veli\/#breadcrumb"},"inLanguage":"en-US","potentialAction":[{"@type":"ReadAction","target":["https:\/\/www.ferrycroatia.com\/hr\/trajektna-luka-drvenik-veli\/"]}]},{"@type":"BreadcrumbList","@id":"https:\/\/www.ferrycroatia.com\/hr\/trajektna-luka-drvenik-veli\/#breadcrumb","itemListElement":[{"@type":"ListItem","position":1,"name":"Home","item":"https:\/\/www.ferrycroatia.com\/hr\/"},{"@type":"ListItem","position":2,"name":"Trajektna luka Drvenik Veli"}]},{"@type":"WebSite","@id":"https:\/\/www.ferrycroatia.com\/hr\/#website","url":"https:\/\/www.ferrycroatia.com\/hr\/","name":"Trajekti Hrvatska","description":"Vozni red za sve trajekte i katamarane u Hrvatskoj","potentialAction":[{"@type":"SearchAction","target":{"@type":"EntryPoint","urlTemplate":"https:\/\/www.ferrycroatia.com\/hr\/?s={search_term_string}"},"query-input":"required name=search_term_string"}],"inLanguage":"en-US"}]}},"_links":{"self":[{"href":"https:\/\/www.ferrycroatia.com\/hr\/wp-json\/wp\/v2\/pages\/1317"}],"collection":[{"href":"https:\/\/www.ferrycroatia.com\/hr\/wp-json\/wp\/v2\/pages"}],"about":[{"href":"https:\/\/www.ferrycroatia.com\/hr\/wp-json\/wp\/v2\/types\/page"}],"author":[{"embeddable":true,"href":"https:\/\/www.ferrycroatia.com\/hr\/wp-json\/wp\/v2\/users\/5"}],"replies":[{"embeddable":true,"href":"https:\/\/www.ferrycroatia.com\/hr\/wp-json\/wp\/v2\/comments?post=1317"}],"version-history":[{"count":6,"href":"https:\/\/www.ferrycroatia.com\/hr\/wp-json\/wp\/v2\/pages\/1317\/revisions"}],"predecessor-version":[{"id":2071,"href":"https:\/\/www.ferrycroatia.com\/hr\/wp-json\/wp\/v2\/pages\/1317\/revisions\/2071"}],"wp:attachment":[{"href":"https:\/\/www.ferrycroatia.com\/hr\/wp-json\/wp\/v2\/media?parent=1317"}],"curies":[{"name":"wp","href":"https:\/\/api.w.org\/{rel}","templated":true}]}}