{"id":1323,"date":"2021-01-28T11:00:19","date_gmt":"2021-01-28T11:00:19","guid":{"rendered":"https:\/\/ferrycroatia.com\/hr\/?page_id=1323"},"modified":"2024-06-17T15:10:51","modified_gmt":"2024-06-17T13:10:51","slug":"trajektna-luka-dubrovnik","status":"publish","type":"page","link":"https:\/\/www.ferrycroatia.com\/hr\/trajektna-luka-dubrovnik\/","title":{"rendered":"Trajektna luka Dubrovnik"},"content":{"rendered":"\n<p>Trajektna luka u Dubrovniku nalazi se u <strong>predjelu Kantafig u uvali Gru\u017e<\/strong> udaljenoj 3 km od povijesnog dijela grada. Svi trajekti i katamarani iz\/do Dubrovnika prometuju od tamo. Trajektni terminal otvoren je svakim danom od 0-24 h. <strong>Glavni autobusni kolodvor<\/strong> smje\u0161ten je u blizini trajektne luke \u0161to uvelike olak\u0161ava putovanje iz drugih gradova.<\/p>\n\n\n\n<h3>Kako do\u0107i do trajektne luke Dubrovnik<\/h3>\n\n\n\n<p>Ukoliko odsjedate u Dubrovniku i \u017eelite i\u0107i do otoka <strong><a href=\"http:\/\/ferrycroatia.com\/hr\/otok-lopud\/\">Lopud<\/a>, \u0160ipan, Kolo\u010dep, <a href=\"http:\/\/ferrycroatia.com\/hr\/otok-mljet\/\">Mljet<\/a> i sl.,<\/strong> ovdje mo\u017eete prona\u0107i popis autobusnih linija iz razli\u010ditih dijelova grada (ovisno o tome gdje se nalazi va\u0161 smje\u0161taj) do trajektne luke.<\/p>\n\n\n\n<p>Od <strong>starog grada do trajektne luke<\/strong> mo\u017eete putovati autobusima 1A, 1B, 3 ili 6 (vrijedi i u suprotnom smjeru).<\/p>\n\n\n\n<p>Ako odsjedate u gradskom dijelu Lapada, <strong>do trajektne luke trebate putovati linijom broj 6<\/strong>.<\/p>\n\n\n\n<p>Ako odsjedate u <strong>Babinom kuku i \u017eelite do\u0107i do trajektne luke<\/strong>, trebaju vam gradske linije 6 i 7.<\/p>\n\n\n\n<figure class=\"wp-block-image size-full\"><img decoding=\"async\" loading=\"lazy\" width=\"1024\" height=\"768\" data-src=\"https:\/\/www.ferrycroatia.com\/hr\/wp-content\/uploads\/2024\/06\/Ulaz-Pile-Dubrovnik.webp\" alt=\"Ulaz Pile Dubrovnik\" class=\"wp-image-3957\" data-srcset=\"https:\/\/www.ferrycroatia.com\/hr\/wp-content\/uploads\/2024\/06\/Ulaz-Pile-Dubrovnik.webp 1024w, https:\/\/www.ferrycroatia.com\/hr\/wp-content\/uploads\/2024\/06\/Ulaz-Pile-Dubrovnik-300x225.webp 300w, https:\/\/www.ferrycroatia.com\/hr\/wp-content\/uploads\/2024\/06\/Ulaz-Pile-Dubrovnik-768x576.webp 768w\" sizes=\"(max-width: 1024px) 100vw, 1024px\" \/><\/figure>\n\n\n\n<p>Cijena <strong>jednosmjerne autobusne karte za linije javnog prijevoza iznosi oko 2 \u20ac <\/strong>(cijena karte kupljene u autobusu) <strong>ili ne\u0161to manje ako se kupi prije polaska na kiosku.<\/strong><\/p>\n\n\n\n<p>Iz sva tri navedena dijela grada tako\u0111er mo\u017eete do\u0107i taksijem do trajektne luke. Vo\u017enja ne\u0107e biti skupa jer se radi o vrlo maloj udaljenosti.<\/p>\n\n\n\n<p><strong>Ako odsjedate u Cavtatu, morate putovati autobusom broj 10<\/strong> koji \u0107e vas odvesti do glavnog autobusnog kolodvora (smje\u0161tenog tik uz trajektni terminal). Cijena jednosmjerne karte iz Cavtata iznosi oko 25 kn (putovanje traje 25 minuta).<\/p>\n\n\n\n<p>Tako\u0111er, iz Cavtata <strong>mo\u017eete unajmiti privatni transfer <\/strong>do Dubrovnika.<\/p>\n\n\n\n<p>Svi autobusi voze od ranog jutra do kasno nave\u010der i polasci su prili\u010dno \u010desti.<\/p>\n\n\n\n<h3>Kako do\u0107i iz Zra\u010dne luke Dubrovnik do trajektne luke<\/h3>\n\n\n\n<p><strong>Zra\u010dna luka Dubrovnik<\/strong> udaljena je 22 km od trajektne luke. Nakon \u0161to sletite, <strong>unaprijed rezerviranim transferom ili taksijem (oko 30-ak \u20ac ) <\/strong>mo\u017eete do\u0107i do Dubrovnika. Na raspolaganju su vam i <strong>autobusi zra\u010dne luke koji voze do glavnog autobusnog kolodvora u Dubrovniku <\/strong>udaljenog nekoliko minuta \u0161etnje od trajektne luke<strong>. Cijena karte iznosi oko 5\u20ac<\/strong>, a vo\u017enja traje 30-40 minuta.<\/p>\n\n\n\n<p>Ako \u017eelite pro\u010ditati vi\u0161e o prijevozu od zra\u010dne luke do trajektnog terminala,<a href=\"https:\/\/getbybus.com\/hr\/blog\/autobus-zracna-luka-dubrovnik\/\"> kliknite ovdje.<\/a><\/p>\n\n\n\n<figure class=\"wp-block-image size-full\"><img decoding=\"async\" loading=\"lazy\" width=\"1024\" height=\"768\" data-src=\"https:\/\/www.ferrycroatia.com\/hr\/wp-content\/uploads\/2024\/06\/Trajektna-luka-Dubrovnik.webp\" alt=\"Trajektna luka Dubrovnik\" class=\"wp-image-3959\" data-srcset=\"https:\/\/www.ferrycroatia.com\/hr\/wp-content\/uploads\/2024\/06\/Trajektna-luka-Dubrovnik.webp 1024w, https:\/\/www.ferrycroatia.com\/hr\/wp-content\/uploads\/2024\/06\/Trajektna-luka-Dubrovnik-300x225.webp 300w, https:\/\/www.ferrycroatia.com\/hr\/wp-content\/uploads\/2024\/06\/Trajektna-luka-Dubrovnik-768x576.webp 768w\" sizes=\"(max-width: 1024px) 100vw, 1024px\" \/><figcaption class=\"wp-element-caption\">Trajektna luka Dubrovnik nalazi se nedaleko od mosta<\/figcaption><\/figure>\n\n\n\n<h3>Kako do\u0107i do trajektne luke u Dubrovniku od drugih destinacija<\/h3>\n\n\n\n<p>Dubrovnik je dobro povezan redovnim i sezonskim autobusnim linijama <strong>s mnogim hrvatskim destinacijama.<\/strong> Kao \u0161to je ve\u0107 spomenuto, glavni autobusni kolodvor u Dubrovniku nalazi se nekoliko minuta hoda od trajektne luke.<\/p>\n\n\n\n<p>Na ovoj poveznici prona\u0107i \u0107ete to\u010dnu lokaciju kolodvora:<a href=\"https:\/\/getbybus.com\/hr\/autobus-dubrovnik\"> https:\/\/getbybus.com\/hr\/autobus-dubrovnik<\/a><\/p>\n\n\n\n<p><strong>Ako putujete automobilom<\/strong> i dolazite sa sjevera, <strong>nakon ulaska u grad vrlo brzo \u0107ete do\u0107i \u0107ete do velikog Mosta<\/strong> <strong>Franje Tu\u0111mana<\/strong>. Do trajektne luke najlak\u0161e je do\u0107i skretanjem ulijevo nakon mosta. <strong>Put \u0107e vas odvesti izravno do trajektnog terminala.<\/strong><\/p>\n\n\n\n<p>Ako dolazite s juga, <strong>ne slijedite natpise za Dubrovnik<\/strong>, ve\u0107 nastavite voziti ravno dok ne vidite most ispred sebe. Kad ga vidite, skrenite desno prije njega i pratite ulicu koja \u0107e vas izravno dovesti do trajektne luke.<\/p>\n\n\n\n<h3>\u0160to se nalazi u trajektnoj luci u Dubrovniku<\/h3>\n\n\n\n<p><strong>U trajektnoj luci ili njenoj neposrednoj<\/strong> blizini prona\u0107i \u0107ete bankomate, banku, info-urede, mjenja\u010dnicu, rent-a-car ured, nekoliko turisti\u010dkih agencija, supermarket Konzum, tr\u017enicu, shopping centar Sr\u0111 , hotel Petka te brojne restorane i barove.<\/p>\n\n\n\n<p>Dubrovnik je prili\u010dno mali grad pa je d<strong>obra ideja putovati taksijem do bilo kojeg dijela iz trajektne luke <\/strong>(posebice ako imate puno prtljage). Vo\u017enja \u0107e vas ko\u0161tati oko 13 \u20ac. Druga mogu\u0107nost je putovanje lokalnim autobusom do va\u0161eg smje\u0161taja (karta je oko 2 \u20ac).<\/p>\n\n\n\n<h3>Adresa trajektne luke Dubrovnik<\/h3>\n\n\n\n<ul>\n<li>Obala Ivana Pavla II 1<\/li>\n\n\n\n<li>20000 Dubrovnik<\/li>\n\n\n\n<li>GPS koordinate: 42.65837, 18.08615<\/li>\n<\/ul>\n\n\n\n<figure class=\"wp-block-image size-full\"><img decoding=\"async\" loading=\"lazy\" width=\"800\" height=\"459\" data-src=\"https:\/\/www.ferrycroatia.com\/hr\/wp-content\/uploads\/2024\/06\/Dubrovnik-mapa.webp\" alt=\"\" class=\"wp-image-3960\" data-srcset=\"https:\/\/www.ferrycroatia.com\/hr\/wp-content\/uploads\/2024\/06\/Dubrovnik-mapa.webp 800w, https:\/\/www.ferrycroatia.com\/hr\/wp-content\/uploads\/2024\/06\/Dubrovnik-mapa-300x172.webp 300w, https:\/\/www.ferrycroatia.com\/hr\/wp-content\/uploads\/2024\/06\/Dubrovnik-mapa-768x441.webp 768w\" sizes=\"(max-width: 800px) 100vw, 800px\" \/><\/figure>\n\n\n\n<h2 class=\"has-medium-font-size\">Trajektna luka Dubrovnik &#8211; naj\u010de\u0161\u0107a pitanja<\/h2>\n\n\n\n<p><strong>Je li lako do\u0107i od Starog grada do luke u Dubrovniku?<br><\/strong>Da, najjeftiniji na\u010din je autobusima broj 1A, 1B, 3 ili 6. Alternativna opcija su taksi, Uber ili Bolt.<\/p>\n\n\n\n<p><strong>Koje sadr\u017eaje mogu prona\u0107i na trajektnom terminalu?<br><\/strong>Na trajektnom terminalu u Dubrovniku imate kafi\u0107, javne toalete, turisti\u010dke informacije, najam automobila i ured Lu\u010dke kapetanije. Ispred terminala nalazi se ve\u0107i parkirali\u0161ni prostor.<\/p>\n\n\n\n<p><strong>Jesu li dubrova\u010dka luka i luka Gru\u017e isto?<br><\/strong>Da, luka se nalazi u Gru\u017eu, zbog \u010dega se oba naziva ponekad koriste.<\/p>\n\n\n\n<p><strong>Kako do\u0107i od Zra\u010dne luke Dubrovnik do luke u Dubrovniku?<br><\/strong>Najjednostavniji i najjeftiniji na\u010din je unaprijed rezervirati transfer. Alternativne opcije su taksi, Uber, Bolt ili shuttle bus do glavnog autobusnog kolodvora, koji je udaljen 8 minuta hoda od trajektne luke.<\/p>\n\n\n\n<h3>Trajektne i katamaranske linije iz Dubrovnika<\/h3>\n\n\n\n<h4>Trajekti i brodovi iz Dubrovnika<\/h4>\n\n\n\n<figure class=\"wp-block-table\"><table><tbody><tr><td><strong>Bari (Italija)<\/strong><\/td><td><strong>Otok Kolo\u010dep<\/strong><\/td><td><strong>Otok Lopud<\/strong><\/td><td><strong>Otok \u0160ipan<\/strong><\/td><\/tr><tr><td><a href=\"http:\/\/ferrycroatia.com\/hr\/dubrovnik-bari\/\">Dubrovnik \u2013 Bari<\/a><\/td><td><a href=\"http:\/\/ferrycroatia.com\/hr\/dubrovnik-kolocep\/\">Dubrovnik \u2013 Kolo\u010dep<\/a><\/td><td><a href=\"http:\/\/ferrycroatia.com\/hr\/dubrovnik-lopud\/\">Dubrovnik \u2013 Lopud<\/a><\/td><td><a href=\"http:\/\/ferrycroatia.com\/hr\/dubrovnik-sudurad\/\">Dubrovnik \u2013 Su\u0111ura\u0111<\/a><\/td><\/tr><tr><td><a href=\"http:\/\/ferrycroatia.com\/hr\/bari-dubrovnik\/\">Bari \u2013 Dubrovnik<\/a><\/td><td><a href=\"http:\/\/ferrycroatia.com\/hr\/kolocep-dubrovnik\/\">Kolo\u010dep \u2013 Dubrovnik<\/a><\/td><td><a href=\"http:\/\/ferrycroatia.com\/hr\/lopud-dubrovnik\/\">Lopud \u2013 Dubrovnik<\/a><\/td><td><a href=\"http:\/\/ferrycroatia.com\/hr\/sudurad-dubrovnik\/\">Su\u0111ura\u0111 \u2013 Dubrovnik<\/a><\/td><\/tr><\/tbody><\/table><\/figure>\n\n\n\n<h4>Popularne katamaranske linije iz Dubrovnika<\/h4>\n\n\n\n<figure class=\"wp-block-table\"><table><tbody><tr><td><strong>Otok Kor\u010dula<\/strong><\/td><td><strong>Otok Hvar<\/strong><\/td><td><strong>Otok Lastovo<\/strong><\/td><\/tr><tr><td><a href=\"http:\/\/ferrycroatia.com\/hr\/dubrovnik-korcula\/\">Dubrovnik \u2013 Kor\u010dula<\/a><\/td><td><a href=\"http:\/\/ferrycroatia.com\/hr\/dubrovnik-hvar\/\">Dubrovnik \u2013 Hvar<\/a><\/td><td><a href=\"http:\/\/ferrycroatia.com\/hr\/dubrovnik-ubli\/\">Dubrovnik \u2013 Ubli<\/a><\/td><\/tr><tr><td><a href=\"http:\/\/ferrycroatia.com\/hr\/korcula-dubrovnik\/\">Kor\u010dula \u2013 Dubrovnik<\/a><\/td><td><a href=\"http:\/\/ferrycroatia.com\/hr\/hvar-dubrovnik\/\">Hvar \u2013 Dubrovnik<\/a><\/td><td><a href=\"http:\/\/v\">Ubli \u2013 Dubrovnik<\/a><\/td><\/tr><\/tbody><\/table><\/figure>\n\n\n\n<h4>Katamaranske linije do otoka Mljeta<\/h4>\n\n\n\n<figure class=\"wp-block-table\"><table><tbody><tr><td><a href=\"http:\/\/ferrycroatia.com\/hr\/dubrovnik-sobra\/\">Dubrovnik \u2013 Sobra<\/a><\/td><td><a href=\"http:\/\/ferrycroatia.com\/hr\/dubrovnik-pomena\/\">Dubrovnik \u2013 Pomena<\/a><\/td><td><a href=\"http:\/\/ferrycroatia.com\/hr\/dubrovnik-polace\/\">Dubrovnik \u2013 Pola\u010de<\/a><\/td><\/tr><tr><td><a href=\"http:\/\/ferrycroatia.com\/hr\/sobra-dubrovnik\/\">Sobra \u2013 Dubrovnik<\/a><\/td><td><a href=\"http:\/\/ferrycroatia.com\/hr\/pomena-dubrovnik\/\">Pomena \u2013 Dubrovnik<\/a><\/td><td><a href=\"http:\/\/ferrycroatia.com\/hr\/polace-dubrovnik\/\">Pola\u010de \u2013 Dubrovnik<\/a><\/td><\/tr><\/tbody><\/table><\/figure>\n\n\n\n<h4>Katamaranske linije do otoka Bra\u010da i Splita<\/h4>\n\n\n\n<figure class=\"wp-block-table\"><table><tbody><tr><td><strong>Otok Bra\u010d<\/strong><\/td><td><strong>Otok Bra\u010d<\/strong><\/td><td><strong>Split<\/strong><\/td><td><strong>Makarska<\/strong><\/td><\/tr><tr><td><a href=\"http:\/\/ferrycroatia.com\/hr\/dubrovnik-bol\/\">Dubrovnik \u2013 Bol<\/a><\/td><td><a href=\"http:\/\/ferrycroatia.com\/hr\/dubrovnik-milna\/\">Dubrovnik \u2013 Milna<\/a><\/td><td><a href=\"http:\/\/ferrycroatia.com\/hr\/dubrovnik-split\/\">Dubrovnik \u2013 Split<\/a><\/td><td><a href=\"http:\/\/ferrycroatia.com\/hr\/dubrovnik-makarska\/\">Dubrovnik \u2013 Makarska<\/a><\/td><\/tr><tr><td><a href=\"http:\/\/ferrycroatia.com\/hr\/bol-dubrovnik\/\">Bol \u2013 Dubrovnik<\/a><\/td><td><a href=\"http:\/\/ferrycroatia.com\/hr\/milna-dubrovnik\/\">Milna \u2013 Dubrovnik<\/a><\/td><td><a href=\"http:\/\/ferrycroatia.com\/hr\/split-dubrovnik\/\">Split \u2013 Dubrovnik<\/a><\/td><td><a href=\"http:\/\/ferrycroatia.com\/hr\/makarska-dubrovnik\/\">Makarska \u2013 Dubrovnik<\/a><\/td><\/tr><\/tbody><\/table><\/figure>\n\n\n\n<p>Tekst i savjete za putovanja napisao&nbsp;<a href=\"https:\/\/www.ferrycroatia.com\/hr\/morten-smalby\/\">Morten Smalby<\/a>&nbsp;\u2013 zaljubljenik u putovanja koji \u017eivi u Splitu, u Hrvatskoj.<\/p>\n","protected":false},"excerpt":{"rendered":"<p>Trajektna luka u Dubrovniku nalazi se u predjelu Kantafig u uvali Gru\u017e udaljenoj 3 km od povijesnog dijela grada. Svi trajekti i katamarani iz\/do Dubrovnika prometuju od tamo. Trajektni terminal otvoren je svakim danom od 0-24 h. Glavni autobusni kolodvor smje\u0161ten je u blizini trajektne luke \u0161to uvelike olak\u0161ava putovanje iz drugih gradova. Kako do\u0107i [&hellip;]<\/p>\n<p><a class=\"more-link\" href=\"https:\/\/www.ferrycroatia.com\/hr\/trajektna-luka-dubrovnik\/\"> Continue reading&#8230;<\/a><\/p>\n","protected":false},"author":5,"featured_media":1324,"parent":0,"menu_order":0,"comment_status":"closed","ping_status":"closed","template":"","meta":[],"yoast_head":"<!-- This site is optimized with the Yoast SEO plugin v19.8 - https:\/\/yoast.com\/wordpress\/plugins\/seo\/ -->\n<title>Trajektna luka Dubrovnik, dolasci i polasci katamarana 2024<\/title>\n<meta name=\"description\" content=\"Trajektna luka Dubrovnik - sve informacije koje vam trebaju za putovanje trajektom ili katamaranom iz Dubrovnika\" \/>\n<meta name=\"robots\" content=\"index, follow, max-snippet:-1, max-image-preview:large, max-video-preview:-1\" \/>\n<link rel=\"canonical\" href=\"https:\/\/www.ferrycroatia.com\/hr\/trajektna-luka-dubrovnik\/\" \/>\n<meta property=\"og:locale\" content=\"en_US\" \/>\n<meta property=\"og:type\" content=\"article\" \/>\n<meta property=\"og:title\" content=\"Trajektna luka Dubrovnik, dolasci i polasci katamarana 2024\" \/>\n<meta property=\"og:description\" content=\"Trajektna luka Dubrovnik - sve informacije koje vam trebaju za putovanje trajektom ili katamaranom iz Dubrovnika\" \/>\n<meta property=\"og:url\" content=\"https:\/\/www.ferrycroatia.com\/hr\/trajektna-luka-dubrovnik\/\" \/>\n<meta property=\"og:site_name\" content=\"Trajekti Hrvatska\" \/>\n<meta property=\"article:modified_time\" content=\"2024-06-17T13:10:51+00:00\" \/>\n<meta property=\"og:image\" content=\"https:\/\/www.ferrycroatia.com\/hr\/wp-content\/uploads\/2021\/01\/Dubrovnik4.jpg\" \/>\n\t<meta property=\"og:image:width\" content=\"1024\" \/>\n\t<meta property=\"og:image:height\" content=\"576\" \/>\n\t<meta property=\"og:image:type\" content=\"image\/jpeg\" \/>\n<meta name=\"twitter:card\" content=\"summary_large_image\" \/>\n<meta name=\"twitter:label1\" content=\"Est. reading time\" \/>\n\t<meta name=\"twitter:data1\" content=\"5 minutes\" \/>\n<script type=\"application\/ld+json\" class=\"yoast-schema-graph\">{\"@context\":\"https:\/\/schema.org\",\"@graph\":[{\"@type\":\"WebPage\",\"@id\":\"https:\/\/www.ferrycroatia.com\/hr\/trajektna-luka-dubrovnik\/\",\"url\":\"https:\/\/www.ferrycroatia.com\/hr\/trajektna-luka-dubrovnik\/\",\"name\":\"Trajektna luka Dubrovnik, dolasci i polasci katamarana 2024\",\"isPartOf\":{\"@id\":\"https:\/\/www.ferrycroatia.com\/hr\/#website\"},\"datePublished\":\"2021-01-28T11:00:19+00:00\",\"dateModified\":\"2024-06-17T13:10:51+00:00\",\"description\":\"Trajektna luka Dubrovnik - sve informacije koje vam trebaju za putovanje trajektom ili katamaranom iz Dubrovnika\",\"breadcrumb\":{\"@id\":\"https:\/\/www.ferrycroatia.com\/hr\/trajektna-luka-dubrovnik\/#breadcrumb\"},\"inLanguage\":\"en-US\",\"potentialAction\":[{\"@type\":\"ReadAction\",\"target\":[\"https:\/\/www.ferrycroatia.com\/hr\/trajektna-luka-dubrovnik\/\"]}]},{\"@type\":\"BreadcrumbList\",\"@id\":\"https:\/\/www.ferrycroatia.com\/hr\/trajektna-luka-dubrovnik\/#breadcrumb\",\"itemListElement\":[{\"@type\":\"ListItem\",\"position\":1,\"name\":\"Home\",\"item\":\"https:\/\/www.ferrycroatia.com\/hr\/\"},{\"@type\":\"ListItem\",\"position\":2,\"name\":\"Trajektna luka Dubrovnik\"}]},{\"@type\":\"WebSite\",\"@id\":\"https:\/\/www.ferrycroatia.com\/hr\/#website\",\"url\":\"https:\/\/www.ferrycroatia.com\/hr\/\",\"name\":\"Trajekti Hrvatska\",\"description\":\"Vozni red za sve trajekte i katamarane u Hrvatskoj\",\"potentialAction\":[{\"@type\":\"SearchAction\",\"target\":{\"@type\":\"EntryPoint\",\"urlTemplate\":\"https:\/\/www.ferrycroatia.com\/hr\/?s={search_term_string}\"},\"query-input\":\"required name=search_term_string\"}],\"inLanguage\":\"en-US\"}]}<\/script>\n<!-- \/ Yoast SEO plugin. -->","yoast_head_json":{"title":"Trajektna luka Dubrovnik, dolasci i polasci katamarana 2024","description":"Trajektna luka Dubrovnik - sve informacije koje vam trebaju za putovanje trajektom ili katamaranom iz Dubrovnika","robots":{"index":"index","follow":"follow","max-snippet":"max-snippet:-1","max-image-preview":"max-image-preview:large","max-video-preview":"max-video-preview:-1"},"canonical":"https:\/\/www.ferrycroatia.com\/hr\/trajektna-luka-dubrovnik\/","og_locale":"en_US","og_type":"article","og_title":"Trajektna luka Dubrovnik, dolasci i polasci katamarana 2024","og_description":"Trajektna luka Dubrovnik - sve informacije koje vam trebaju za putovanje trajektom ili katamaranom iz Dubrovnika","og_url":"https:\/\/www.ferrycroatia.com\/hr\/trajektna-luka-dubrovnik\/","og_site_name":"Trajekti Hrvatska","article_modified_time":"2024-06-17T13:10:51+00:00","og_image":[{"width":1024,"height":576,"url":"https:\/\/www.ferrycroatia.com\/hr\/wp-content\/uploads\/2021\/01\/Dubrovnik4.jpg","type":"image\/jpeg"}],"twitter_card":"summary_large_image","twitter_misc":{"Est. reading time":"5 minutes"},"schema":{"@context":"https:\/\/schema.org","@graph":[{"@type":"WebPage","@id":"https:\/\/www.ferrycroatia.com\/hr\/trajektna-luka-dubrovnik\/","url":"https:\/\/www.ferrycroatia.com\/hr\/trajektna-luka-dubrovnik\/","name":"Trajektna luka Dubrovnik, dolasci i polasci katamarana 2024","isPartOf":{"@id":"https:\/\/www.ferrycroatia.com\/hr\/#website"},"datePublished":"2021-01-28T11:00:19+00:00","dateModified":"2024-06-17T13:10:51+00:00","description":"Trajektna luka Dubrovnik - sve informacije koje vam trebaju za putovanje trajektom ili katamaranom iz Dubrovnika","breadcrumb":{"@id":"https:\/\/www.ferrycroatia.com\/hr\/trajektna-luka-dubrovnik\/#breadcrumb"},"inLanguage":"en-US","potentialAction":[{"@type":"ReadAction","target":["https:\/\/www.ferrycroatia.com\/hr\/trajektna-luka-dubrovnik\/"]}]},{"@type":"BreadcrumbList","@id":"https:\/\/www.ferrycroatia.com\/hr\/trajektna-luka-dubrovnik\/#breadcrumb","itemListElement":[{"@type":"ListItem","position":1,"name":"Home","item":"https:\/\/www.ferrycroatia.com\/hr\/"},{"@type":"ListItem","position":2,"name":"Trajektna luka Dubrovnik"}]},{"@type":"WebSite","@id":"https:\/\/www.ferrycroatia.com\/hr\/#website","url":"https:\/\/www.ferrycroatia.com\/hr\/","name":"Trajekti Hrvatska","description":"Vozni red za sve trajekte i katamarane u Hrvatskoj","potentialAction":[{"@type":"SearchAction","target":{"@type":"EntryPoint","urlTemplate":"https:\/\/www.ferrycroatia.com\/hr\/?s={search_term_string}"},"query-input":"required name=search_term_string"}],"inLanguage":"en-US"}]}},"_links":{"self":[{"href":"https:\/\/www.ferrycroatia.com\/hr\/wp-json\/wp\/v2\/pages\/1323"}],"collection":[{"href":"https:\/\/www.ferrycroatia.com\/hr\/wp-json\/wp\/v2\/pages"}],"about":[{"href":"https:\/\/www.ferrycroatia.com\/hr\/wp-json\/wp\/v2\/types\/page"}],"author":[{"embeddable":true,"href":"https:\/\/www.ferrycroatia.com\/hr\/wp-json\/wp\/v2\/users\/5"}],"replies":[{"embeddable":true,"href":"https:\/\/www.ferrycroatia.com\/hr\/wp-json\/wp\/v2\/comments?post=1323"}],"version-history":[{"count":7,"href":"https:\/\/www.ferrycroatia.com\/hr\/wp-json\/wp\/v2\/pages\/1323\/revisions"}],"predecessor-version":[{"id":4045,"href":"https:\/\/www.ferrycroatia.com\/hr\/wp-json\/wp\/v2\/pages\/1323\/revisions\/4045"}],"wp:featuredmedia":[{"embeddable":true,"href":"https:\/\/www.ferrycroatia.com\/hr\/wp-json\/wp\/v2\/media\/1324"}],"wp:attachment":[{"href":"https:\/\/www.ferrycroatia.com\/hr\/wp-json\/wp\/v2\/media?parent=1323"}],"curies":[{"name":"wp","href":"https:\/\/api.w.org\/{rel}","templated":true}]}}