{"id":1329,"date":"2021-01-28T11:32:45","date_gmt":"2021-01-28T11:32:45","guid":{"rendered":"https:\/\/ferrycroatia.com\/hr\/?page_id=1329"},"modified":"2024-04-23T12:28:37","modified_gmt":"2024-04-23T10:28:37","slug":"trajektna-luka-hvar","status":"publish","type":"page","link":"https:\/\/www.ferrycroatia.com\/hr\/trajektna-luka-hvar\/","title":{"rendered":"Trajektna luka Hvar"},"content":{"rendered":"\n<p>Grad Hvar nalazi se <strong>u velikoj uvali<\/strong> na zapadnoj strani otoka Hvara, a za\u0161ti\u0107en je Paklinskim arhipelagom. <strong>Hvar nema tradicionalnu trajektnu luku<\/strong>, ve\u0107 samo luku\/vez za katamarane koji se nalazi u jugoisto\u010dnom dijelu luke, u samom centru grada. Ako putujete automobilom na otok Hvar, dr\u017eite na umu kako grad Hvar nema trajektnu luku te \u0107ete morati i\u0107i do Starog Grada.<\/p>\n\n\n\n<h2>Pogledajte na\u0161 video o katamaranu Split-Hvar<\/h2>\n\n\n\n<iframe loading=\"lazy\" width=\"560\" height=\"315\" src=\"https:\/\/www.youtube.com\/embed\/31dx3p6iz1I?si=cyIpSZs-M1li-anu\" title=\"YouTube video player\" frameborder=\"0\" allow=\"accelerometer; autoplay; clipboard-write; encrypted-media; gyroscope; picture-in-picture; web-share\" referrerpolicy=\"strict-origin-when-cross-origin\" allowfullscreen=\"\"><\/iframe>\n\n\n\n<h3>Gdje se nalazi luka u gradu Hvaru<\/h3>\n\n\n\n<p>Do\u0107i do luke u gradu Hvaru je jednostavno, ali po\u0161to se luka nalazi u pje\u0161a\u010dkoj zoni do nje \u0107ete morati pje\u0161ice. Najbli\u017ee \u0161to mo\u017eete do\u0107i automobilom\/taksijem je oko 400-500 metara od mjesta odakle kre\u0107e katamaran.<\/p>\n\n\n\n<p>Ako \u017eelite nastaviti dalje iz Hvara, glavni <a href=\"https:\/\/getbybus.com\/hr\/autobus-hvar-grad\">autobusni kolodvor<\/a> nalazi se<strong> samo 500 m od katamaranske luke<\/strong> pa autobusom mo\u017eete posjetiti neka druga mjesta na otoku poput Starog Grada, Jelse, Vrboske itd.<\/p>\n\n\n\n<h3>Od Hvara do Zra\u010dne luke Split\/Dubrovnik<\/h3>\n\n\n\n<p>Hvar je redovitim katamaranskim linijama povezan sa Splitom i Dubrovnikom. <strong>Kad do\u0111ete do Splita ili Dubrovnika<\/strong>, autobusni kolodvor mo\u017eete prona\u0107i blizu trajektne luke. Od kolodvora mo\u017eete autobusom zra\u010dne luke do\u0107i do Zra\u010dne luke Split\/Dubrovnik.<\/p>\n\n\n\n<p>Obje zra\u010dne luke su udaljene oko 25 km, autobusi kre\u0107u otprilike svakih 30 minuta, a vo\u017enja traje oko 30-40 minuta.<\/p>\n\n\n\n<p>Jo\u0161 jedna opcija je i <a href=\"https:\/\/ferrycroatia.com\/hr\/split-zracna-luka-split\/\">katamaran od Splita do Zra\u010dne luke Split<\/a>, \u0161to je odli\u010dno iskustvo na kraju va\u0161eg posjeta.&nbsp;<\/p>\n\n\n\n<p>Alternativa je naru\u010diti taksi ili privatni transfer, \u0161to bi bila odli\u010dna opcija ako imate dosta prtljage.<\/p>\n\n\n\n<h3>\u0160to se nalazi u blizini luke Hvar<\/h3>\n\n\n\n<p>Kao \u0161to je ve\u0107 gore spomenuto, <strong>luka u Hvaru<\/strong> nalazi se na glavnoj \u0161etnici, to\u010dno u centru grada, pa je <strong>sve \u0161to bi vam moglo biti potrebno blizu<\/strong>: barovi, restorani, trgovina, po\u0161ta, bankomati itd.<\/p>\n\n\n\n<p><strong>Karte se mogu kupiti <\/strong>na \u0161tandu za prodaju karata na rivi.<\/p>\n\n\n\n<h3>Adresa luke u gradu Hvaru<\/h3>\n\n\n\n<ul>\n<li>Riva<\/li>\n\n\n\n<li>21450 Hvar<\/li>\n\n\n\n<li><strong>GPS koordinate: <\/strong>43.170115, 16.441091<\/li>\n<\/ul>\n\n\n\n<figure class=\"wp-block-image size-large\"><img decoding=\"async\" loading=\"lazy\" width=\"800\" height=\"529\" data-src=\"https:\/\/ferrycroatia.com\/hr\/wp-content\/uploads\/2021\/01\/Hvar.jpg\" alt=\"Trajektna luka Hvar\" class=\"wp-image-1330\" data-srcset=\"https:\/\/www.ferrycroatia.com\/hr\/wp-content\/uploads\/2021\/01\/Hvar.jpg 800w, https:\/\/www.ferrycroatia.com\/hr\/wp-content\/uploads\/2021\/01\/Hvar-300x198.jpg 300w, https:\/\/www.ferrycroatia.com\/hr\/wp-content\/uploads\/2021\/01\/Hvar-768x508.jpg 768w\" sizes=\"(max-width: 800px) 100vw, 800px\" \/><\/figure>\n\n\n\n<h3>Brzobrodske linije iz hvarske luke<\/h3>\n\n\n\n<p>Hvarska luka brzobrodskom linijom je povezana s mnogim popularnim mjestima u Dalmaciji. Dr\u017eite na umu kako su neke linije dostupne samo tijekom ljetne sezone, na poveznicama ispod mo\u017eete prona\u0107i vi\u0161e informacija i vozni red za ode\u0111ene linije.&nbsp;<\/p>\n\n\n\n<h4>Katamaran iz Hvara do otoka Kor\u010dule<\/h4>\n\n\n\n<figure class=\"wp-block-table\"><table><tbody><tr><td><a href=\"http:\/\/ferrycroatia.com\/hr\/hvar-korcula\/\">Hvar \u2013 grad Kor\u010dula <\/a><\/td><td><a href=\"http:\/\/ferrycroatia.com\/hr\/hvar-vela-luka\/\">Hvar \u2013 Vela Luka<\/a><\/td><td><a href=\"http:\/\/ferrycroatia.com\/hr\/hvar-prigradica\/\">Hvar \u2013 Prigradica<\/a><\/td><\/tr><tr><td><a href=\"http:\/\/ferrycroatia.com\/hr\/korcula-hvar\/\">Kor\u010dula \u2013 Hvar<\/a><\/td><td><a href=\"http:\/\/ferrycroatia.com\/hr\/vela-luka-hvar\/\">Vela Luka \u2013 Hvar<\/a><\/td><td><a href=\"http:\/\/ferrycroatia.com\/hr\/prigradica-hvar\/\">Prigradica \u2013 Hvar<\/a><\/td><\/tr><\/tbody><\/table><\/figure>\n\n\n\n<h4>Katamaran iz Hvara do otoka Bra\u010da<\/h4>\n\n\n\n<figure class=\"wp-block-table\"><table><tbody><tr><td><a href=\"http:\/\/ferrycroatia.com\/hr\/hvar-bol\/\">Hvar \u2013 Bol<\/a><\/td><td><a href=\"http:\/\/ferrycroatia.com\/hr\/hvar-milna\/\">Hvar \u2013 Milna<\/a><\/td><\/tr><tr><td><a href=\"http:\/\/ferrycroatia.com\/hr\/bol-hvar\/\">Bol \u2013 Hvar<\/a><\/td><td><a href=\"http:\/\/ferrycroatia.com\/hr\/milna-hvar\/\">Milna \u2013 Hvar<\/a><\/td><\/tr><\/tbody><\/table><\/figure>\n\n\n\n<h4>Katamaran iz Hvara do drugih otoka<\/h4>\n\n\n\n<figure class=\"wp-block-table\"><table><tbody><tr><td><a href=\"http:\/\/ferrycroatia.com\/hr\/hvar-vis\/\">Hvar \u2013 Otok Vis<\/a><\/td><td><a href=\"http:\/\/ferrycroatia.com\/hr\/hvar-mljet\/\">Hvar \u2013 Mljet<\/a><\/td><td><a href=\"http:\/\/ferrycroatia.com\/hr\/hvar-ubli\/\">Hvar \u2013 Ubli Lastovo<\/a><\/td><\/tr><tr><td><a href=\"http:\/\/ferrycroatia.com\/hr\/vis-hvar\/\">Otok Vis \u2013 Hvar<\/a><\/td><td><a href=\"http:\/\/ferrycroatia.com\/hr\/mljet-hvar\/\">Mljet \u2013 Hvar<\/a><\/td><td><a href=\"http:\/\/ferrycroatia.com\/hr\/ubli-hvar\/\">Lastovo \u2013 Hvar<\/a><\/td><\/tr><\/tbody><\/table><\/figure>\n\n\n\n<h4>Katamaran iz Hvara do Splita i Dubrovnika<\/h4>\n\n\n\n<figure class=\"wp-block-table\"><table><tbody><tr><td><a href=\"http:\/\/ferrycroatia.com\/hr\/hvar-split\/\">Hvar \u2013 Split<\/a><\/td><td><a href=\"http:\/\/ferrycroatia.com\/hr\/hvar-dubrovnik\/\">Hvar \u2013 Dubrovnik<\/a><\/td><\/tr><tr><td><a href=\"http:\/\/ferrycroatia.com\/hr\/split-hvar\/\">Split \u2013 Hvar<\/a><\/td><td><a href=\"http:\/\/ferrycroatia.com\/hr\/dubrovnik-hvar\/\">Dubrovnik \u2013 Hvar<\/a><\/td><\/tr><\/tbody><\/table><\/figure>\n\n\n\n<h2>Video vodi\u010d kroz grad Hvar<\/h2>\n\n\n\n<figure class=\"wp-block-embed is-type-video is-provider-youtube wp-block-embed-youtube wp-embed-aspect-16-9 wp-has-aspect-ratio\"><div class=\"wp-block-embed__wrapper\">\n<iframe loading=\"lazy\" title=\"Hvar: Vodi\u010d za putovanje i na\u0161a iskustva\" width=\"740\" height=\"416\" src=\"https:\/\/www.youtube.com\/embed\/kfrZvEkNfTg?feature=oembed\" frameborder=\"0\" allow=\"accelerometer; autoplay; clipboard-write; encrypted-media; gyroscope; picture-in-picture; web-share\" referrerpolicy=\"strict-origin-when-cross-origin\" allowfullscreen><\/iframe>\n<\/div><\/figure>\n","protected":false},"excerpt":{"rendered":"<p>Grad Hvar nalazi se u velikoj uvali na zapadnoj strani otoka Hvara, a za\u0161ti\u0107en je Paklinskim arhipelagom. Hvar nema tradicionalnu trajektnu luku, ve\u0107 samo luku\/vez za katamarane koji se nalazi u jugoisto\u010dnom dijelu luke, u samom centru grada. Ako putujete automobilom na otok Hvar, dr\u017eite na umu kako grad Hvar nema trajektnu luku te \u0107ete [&hellip;]<\/p>\n<p><a class=\"more-link\" href=\"https:\/\/www.ferrycroatia.com\/hr\/trajektna-luka-hvar\/\"> Continue reading&#8230;<\/a><\/p>\n","protected":false},"author":5,"featured_media":1331,"parent":0,"menu_order":0,"comment_status":"closed","ping_status":"closed","template":"","meta":[],"yoast_head":"<!-- This site is optimized with the Yoast SEO plugin v19.8 - https:\/\/yoast.com\/wordpress\/plugins\/seo\/ -->\n<title>Trajektna luka Hvar, polasci i dolasci iz luke<\/title>\n<meta name=\"robots\" content=\"index, follow, max-snippet:-1, max-image-preview:large, max-video-preview:-1\" \/>\n<link rel=\"canonical\" href=\"https:\/\/www.ferrycroatia.com\/hr\/trajektna-luka-hvar\/\" \/>\n<meta property=\"og:locale\" content=\"en_US\" \/>\n<meta property=\"og:type\" content=\"article\" \/>\n<meta property=\"og:title\" content=\"Trajektna luka Hvar, polasci i dolasci iz luke\" \/>\n<meta property=\"og:description\" content=\"Grad Hvar nalazi se u velikoj uvali na zapadnoj strani otoka Hvara, a za\u0161ti\u0107en je Paklinskim arhipelagom. Hvar nema tradicionalnu trajektnu luku, ve\u0107 samo luku\/vez za katamarane koji se nalazi u jugoisto\u010dnom dijelu luke, u samom centru grada. Ako putujete automobilom na otok Hvar, dr\u017eite na umu kako grad Hvar nema trajektnu luku te \u0107ete [&hellip;] Continue reading...\" \/>\n<meta property=\"og:url\" content=\"https:\/\/www.ferrycroatia.com\/hr\/trajektna-luka-hvar\/\" \/>\n<meta property=\"og:site_name\" content=\"Trajekti Hrvatska\" \/>\n<meta property=\"article:modified_time\" content=\"2024-04-23T10:28:37+00:00\" \/>\n<meta property=\"og:image\" content=\"https:\/\/www.ferrycroatia.com\/hr\/wp-content\/uploads\/2021\/01\/Hvar-Catamaran.jpg\" \/>\n\t<meta property=\"og:image:width\" content=\"1024\" \/>\n\t<meta property=\"og:image:height\" content=\"576\" \/>\n\t<meta property=\"og:image:type\" content=\"image\/jpeg\" \/>\n<meta name=\"twitter:card\" content=\"summary_large_image\" \/>\n<meta name=\"twitter:label1\" content=\"Est. reading time\" \/>\n\t<meta name=\"twitter:data1\" content=\"3 minutes\" \/>\n<script type=\"application\/ld+json\" class=\"yoast-schema-graph\">{\"@context\":\"https:\/\/schema.org\",\"@graph\":[{\"@type\":\"WebPage\",\"@id\":\"https:\/\/www.ferrycroatia.com\/hr\/trajektna-luka-hvar\/\",\"url\":\"https:\/\/www.ferrycroatia.com\/hr\/trajektna-luka-hvar\/\",\"name\":\"Trajektna luka Hvar, polasci i dolasci iz luke\",\"isPartOf\":{\"@id\":\"https:\/\/www.ferrycroatia.com\/hr\/#website\"},\"datePublished\":\"2021-01-28T11:32:45+00:00\",\"dateModified\":\"2024-04-23T10:28:37+00:00\",\"breadcrumb\":{\"@id\":\"https:\/\/www.ferrycroatia.com\/hr\/trajektna-luka-hvar\/#breadcrumb\"},\"inLanguage\":\"en-US\",\"potentialAction\":[{\"@type\":\"ReadAction\",\"target\":[\"https:\/\/www.ferrycroatia.com\/hr\/trajektna-luka-hvar\/\"]}]},{\"@type\":\"BreadcrumbList\",\"@id\":\"https:\/\/www.ferrycroatia.com\/hr\/trajektna-luka-hvar\/#breadcrumb\",\"itemListElement\":[{\"@type\":\"ListItem\",\"position\":1,\"name\":\"Home\",\"item\":\"https:\/\/www.ferrycroatia.com\/hr\/\"},{\"@type\":\"ListItem\",\"position\":2,\"name\":\"Trajektna luka Hvar\"}]},{\"@type\":\"WebSite\",\"@id\":\"https:\/\/www.ferrycroatia.com\/hr\/#website\",\"url\":\"https:\/\/www.ferrycroatia.com\/hr\/\",\"name\":\"Trajekti Hrvatska\",\"description\":\"Vozni red za sve trajekte i katamarane u Hrvatskoj\",\"potentialAction\":[{\"@type\":\"SearchAction\",\"target\":{\"@type\":\"EntryPoint\",\"urlTemplate\":\"https:\/\/www.ferrycroatia.com\/hr\/?s={search_term_string}\"},\"query-input\":\"required name=search_term_string\"}],\"inLanguage\":\"en-US\"}]}<\/script>\n<!-- \/ Yoast SEO plugin. -->","yoast_head_json":{"title":"Trajektna luka Hvar, polasci i dolasci iz luke","robots":{"index":"index","follow":"follow","max-snippet":"max-snippet:-1","max-image-preview":"max-image-preview:large","max-video-preview":"max-video-preview:-1"},"canonical":"https:\/\/www.ferrycroatia.com\/hr\/trajektna-luka-hvar\/","og_locale":"en_US","og_type":"article","og_title":"Trajektna luka Hvar, polasci i dolasci iz luke","og_description":"Grad Hvar nalazi se u velikoj uvali na zapadnoj strani otoka Hvara, a za\u0161ti\u0107en je Paklinskim arhipelagom. Hvar nema tradicionalnu trajektnu luku, ve\u0107 samo luku\/vez za katamarane koji se nalazi u jugoisto\u010dnom dijelu luke, u samom centru grada. Ako putujete automobilom na otok Hvar, dr\u017eite na umu kako grad Hvar nema trajektnu luku te \u0107ete [&hellip;] Continue reading...","og_url":"https:\/\/www.ferrycroatia.com\/hr\/trajektna-luka-hvar\/","og_site_name":"Trajekti Hrvatska","article_modified_time":"2024-04-23T10:28:37+00:00","og_image":[{"width":1024,"height":576,"url":"https:\/\/www.ferrycroatia.com\/hr\/wp-content\/uploads\/2021\/01\/Hvar-Catamaran.jpg","type":"image\/jpeg"}],"twitter_card":"summary_large_image","twitter_misc":{"Est. reading time":"3 minutes"},"schema":{"@context":"https:\/\/schema.org","@graph":[{"@type":"WebPage","@id":"https:\/\/www.ferrycroatia.com\/hr\/trajektna-luka-hvar\/","url":"https:\/\/www.ferrycroatia.com\/hr\/trajektna-luka-hvar\/","name":"Trajektna luka Hvar, polasci i dolasci iz luke","isPartOf":{"@id":"https:\/\/www.ferrycroatia.com\/hr\/#website"},"datePublished":"2021-01-28T11:32:45+00:00","dateModified":"2024-04-23T10:28:37+00:00","breadcrumb":{"@id":"https:\/\/www.ferrycroatia.com\/hr\/trajektna-luka-hvar\/#breadcrumb"},"inLanguage":"en-US","potentialAction":[{"@type":"ReadAction","target":["https:\/\/www.ferrycroatia.com\/hr\/trajektna-luka-hvar\/"]}]},{"@type":"BreadcrumbList","@id":"https:\/\/www.ferrycroatia.com\/hr\/trajektna-luka-hvar\/#breadcrumb","itemListElement":[{"@type":"ListItem","position":1,"name":"Home","item":"https:\/\/www.ferrycroatia.com\/hr\/"},{"@type":"ListItem","position":2,"name":"Trajektna luka Hvar"}]},{"@type":"WebSite","@id":"https:\/\/www.ferrycroatia.com\/hr\/#website","url":"https:\/\/www.ferrycroatia.com\/hr\/","name":"Trajekti Hrvatska","description":"Vozni red za sve trajekte i katamarane u Hrvatskoj","potentialAction":[{"@type":"SearchAction","target":{"@type":"EntryPoint","urlTemplate":"https:\/\/www.ferrycroatia.com\/hr\/?s={search_term_string}"},"query-input":"required name=search_term_string"}],"inLanguage":"en-US"}]}},"_links":{"self":[{"href":"https:\/\/www.ferrycroatia.com\/hr\/wp-json\/wp\/v2\/pages\/1329"}],"collection":[{"href":"https:\/\/www.ferrycroatia.com\/hr\/wp-json\/wp\/v2\/pages"}],"about":[{"href":"https:\/\/www.ferrycroatia.com\/hr\/wp-json\/wp\/v2\/types\/page"}],"author":[{"embeddable":true,"href":"https:\/\/www.ferrycroatia.com\/hr\/wp-json\/wp\/v2\/users\/5"}],"replies":[{"embeddable":true,"href":"https:\/\/www.ferrycroatia.com\/hr\/wp-json\/wp\/v2\/comments?post=1329"}],"version-history":[{"count":6,"href":"https:\/\/www.ferrycroatia.com\/hr\/wp-json\/wp\/v2\/pages\/1329\/revisions"}],"predecessor-version":[{"id":3416,"href":"https:\/\/www.ferrycroatia.com\/hr\/wp-json\/wp\/v2\/pages\/1329\/revisions\/3416"}],"wp:featuredmedia":[{"embeddable":true,"href":"https:\/\/www.ferrycroatia.com\/hr\/wp-json\/wp\/v2\/media\/1331"}],"wp:attachment":[{"href":"https:\/\/www.ferrycroatia.com\/hr\/wp-json\/wp\/v2\/media?parent=1329"}],"curies":[{"name":"wp","href":"https:\/\/api.w.org\/{rel}","templated":true}]}}