{"id":1333,"date":"2021-01-28T11:37:34","date_gmt":"2021-01-28T11:37:34","guid":{"rendered":"https:\/\/ferrycroatia.com\/hr\/?page_id=1333"},"modified":"2021-04-08T10:35:58","modified_gmt":"2021-04-08T08:35:58","slug":"trajektna-luka-ilovik","status":"publish","type":"page","link":"https:\/\/www.ferrycroatia.com\/hr\/trajektna-luka-ilovik\/","title":{"rendered":"Trajektna luka Ilovik"},"content":{"rendered":"\n<p>Grad<strong> Ilovik smje\u0161ten je na sjeveroisto\u010dnoj strani otoka Ilovika<\/strong> (ju\u017eno od otoka Lo\u0161inja). Ova katamaranska luka jedna je od najljep\u0161ih i najsigurnijih luka na Jadranu, a nalazi se u blizini centra grada i glavne rive. Redovnim katamaranskim linijama<strong> povezana je s otocima Silba, Lo\u0161inj, Cres i Unije<\/strong> te sa gradovima Zadrom, Rijekom i Pulom.<\/p>\n\n\n\n<h3>Kako do\u0107i do luke Ilovik<\/h3>\n\n\n\n<p><strong>Ilovik je zaista maleni otok <\/strong>s malom lukom smje\u0161tenom u blizini centra grada, pa bez obzira gdje se nalazili, do nje lako mo\u017eete do\u0107i pje\u0161ice. To je ujedno i jedina opcija jer<strong> automobili nisu dopu\u0161teni na otoku<\/strong>.<\/p>\n\n\n\n<h3>\u0160to se nalazi u blizini luke Ilovik<\/h3>\n\n\n\n<p>Ilovik je zaista mali grad, ali tu se nalaze po\u0161ta, trgovina, suvenirnica, nekoliko kafi\u0107a i restorana.<\/p>\n\n\n\n<h3>Adresa Katamaranske luke Ilovik<\/h3>\n\n\n\n<ul><li>Du\u017eina: 14.548746<\/li><li>\u0160irina: 44.461829<\/li><li>51552 Ilovik (Ilovik)<\/li><\/ul>\n\n\n\n<figure class=\"wp-block-image\"><img decoding=\"async\" data-src=\"https:\/\/lh4.googleusercontent.com\/ib086U8wTc1CSaK9ZRIcTF2Lf6YLx2x794rJwOaoZLMfcjvJVBumNVUASGlvUB3Q8dC4qkXAIExqCsNktORwXdAedlaeU2_ocwA-U7vxsAuDrIs24Tv6bSxCX5qQOKj0tpfV1CNZ\" alt=\"Ilovik trajektna luka\"\/><\/figure>\n\n\n\n<h3>Popis katamaranskih i brodskih linija do Ilovika<\/h3>\n\n\n\n<p>\u2192 Katamaran: Zadar \u2013 Silba \u2013 Ilovik \u2013 Mali Lo\u0161inj \u2013 Unije \u2013 Pula<\/p>\n\n\n\n<ul><li><a href=\"http:\/\/ferrycroatia.com\/hr\/ilovik-zadar\/\">Ilovik \u2013 Zadar<\/a><\/li><li><a href=\"http:\/\/ferrycroatia.com\/hr\/ilovik-silba\/\">Ilovik \u2013 Silba<\/a><\/li><li><a href=\"http:\/\/ferrycroatia.com\/hr\/ilovik-mali-losinj\/\">Ilovik \u2013 Mali Lo\u0161inj<\/a><\/li><li><a href=\"http:\/\/ferrycroatia.com\/hr\/ilovik-unije\/\">Ilovik \u2013 Unije<\/a><\/li><li><a href=\"http:\/\/ferrycroatia.com\/hr\/ilovik-pula\/\">Ilovik \u2013 Pula<\/a><\/li><\/ul>\n\n\n\n<p>\u2192 Katamaran: Rijeka \u2013 Cres \u2013 Martin\u0161\u0107ica (Cres) \u2013 Unije \u2013 Susak \u2013 Ilovik \u2013 Mali Lo\u0161inj<\/p>\n\n\n\n<ul><li><a href=\"http:\/\/ferrycroatia.com\/hr\/ilovik-rijeka\/\">Ilovik \u2013 Rijeka<\/a><\/li><li><a href=\"http:\/\/ferrycroatia.com\/hr\/ilovik-cres\/\">Ilovik \u2013 Cres (grad)<\/a><\/li><li><a href=\"http:\/\/ferrycroatia.com\/hr\/ilovik-martinscica\/\">Ilovik \u2013 Martin\u0161\u0107ica (Cres)<\/a><\/li><li><a href=\"http:\/\/ferrycroatia.com\/hr\/ilovik-susak\/\">Ilovik \u2013 Susak<\/a><\/li><li><a href=\"http:\/\/ferrycroatia.com\/hr\/ilovik-mali-losinj\/\">Ilovik \u2013 Mali Lo\u0161inj<\/a><\/li><\/ul>\n\n\n\n<p>\u2192 Brod: Ilovik \u2013 Mrtva\u0161ka (Lo\u0161inj)<\/p>\n\n\n\n<ul><li>Ilovik \u2013 Mrtva\u0161ka<\/li><\/ul>\n","protected":false},"excerpt":{"rendered":"<p>Grad Ilovik smje\u0161ten je na sjeveroisto\u010dnoj strani otoka Ilovika (ju\u017eno od otoka Lo\u0161inja). Ova katamaranska luka jedna je od najljep\u0161ih i najsigurnijih luka na Jadranu, a nalazi se u blizini centra grada i glavne rive. Redovnim katamaranskim linijama povezana je s otocima Silba, Lo\u0161inj, Cres i Unije te sa gradovima Zadrom, Rijekom i Pulom. Kako [&hellip;]<\/p>\n<p><a class=\"more-link\" href=\"https:\/\/www.ferrycroatia.com\/hr\/trajektna-luka-ilovik\/\"> Continue reading&#8230;<\/a><\/p>\n","protected":false},"author":5,"featured_media":0,"parent":0,"menu_order":0,"comment_status":"closed","ping_status":"closed","template":"","meta":[],"yoast_head":"<!-- This site is optimized with the Yoast SEO plugin v19.8 - https:\/\/yoast.com\/wordpress\/plugins\/seo\/ -->\n<title>Trajektna luka Ilovik, dolasci i polasci iz luke<\/title>\n<meta name=\"robots\" content=\"index, follow, max-snippet:-1, max-image-preview:large, max-video-preview:-1\" \/>\n<link rel=\"canonical\" href=\"https:\/\/www.ferrycroatia.com\/hr\/trajektna-luka-ilovik\/\" \/>\n<meta property=\"og:locale\" content=\"en_US\" \/>\n<meta property=\"og:type\" content=\"article\" \/>\n<meta property=\"og:title\" content=\"Trajektna luka Ilovik, dolasci i polasci iz luke\" \/>\n<meta property=\"og:description\" content=\"Grad Ilovik smje\u0161ten je na sjeveroisto\u010dnoj strani otoka Ilovika (ju\u017eno od otoka Lo\u0161inja). Ova katamaranska luka jedna je od najljep\u0161ih i najsigurnijih luka na Jadranu, a nalazi se u blizini centra grada i glavne rive. Redovnim katamaranskim linijama povezana je s otocima Silba, Lo\u0161inj, Cres i Unije te sa gradovima Zadrom, Rijekom i Pulom. Kako [&hellip;] Continue reading...\" \/>\n<meta property=\"og:url\" content=\"https:\/\/www.ferrycroatia.com\/hr\/trajektna-luka-ilovik\/\" \/>\n<meta property=\"og:site_name\" content=\"Trajekti Hrvatska\" \/>\n<meta property=\"article:modified_time\" content=\"2021-04-08T08:35:58+00:00\" \/>\n<meta property=\"og:image\" content=\"https:\/\/lh4.googleusercontent.com\/ib086U8wTc1CSaK9ZRIcTF2Lf6YLx2x794rJwOaoZLMfcjvJVBumNVUASGlvUB3Q8dC4qkXAIExqCsNktORwXdAedlaeU2_ocwA-U7vxsAuDrIs24Tv6bSxCX5qQOKj0tpfV1CNZ\" \/>\n<meta name=\"twitter:card\" content=\"summary_large_image\" \/>\n<meta name=\"twitter:label1\" content=\"Est. reading time\" \/>\n\t<meta name=\"twitter:data1\" content=\"1 minute\" \/>\n<script type=\"application\/ld+json\" class=\"yoast-schema-graph\">{\"@context\":\"https:\/\/schema.org\",\"@graph\":[{\"@type\":\"WebPage\",\"@id\":\"https:\/\/www.ferrycroatia.com\/hr\/trajektna-luka-ilovik\/\",\"url\":\"https:\/\/www.ferrycroatia.com\/hr\/trajektna-luka-ilovik\/\",\"name\":\"Trajektna luka Ilovik, dolasci i polasci iz luke\",\"isPartOf\":{\"@id\":\"https:\/\/www.ferrycroatia.com\/hr\/#website\"},\"datePublished\":\"2021-01-28T11:37:34+00:00\",\"dateModified\":\"2021-04-08T08:35:58+00:00\",\"breadcrumb\":{\"@id\":\"https:\/\/www.ferrycroatia.com\/hr\/trajektna-luka-ilovik\/#breadcrumb\"},\"inLanguage\":\"en-US\",\"potentialAction\":[{\"@type\":\"ReadAction\",\"target\":[\"https:\/\/www.ferrycroatia.com\/hr\/trajektna-luka-ilovik\/\"]}]},{\"@type\":\"BreadcrumbList\",\"@id\":\"https:\/\/www.ferrycroatia.com\/hr\/trajektna-luka-ilovik\/#breadcrumb\",\"itemListElement\":[{\"@type\":\"ListItem\",\"position\":1,\"name\":\"Home\",\"item\":\"https:\/\/www.ferrycroatia.com\/hr\/\"},{\"@type\":\"ListItem\",\"position\":2,\"name\":\"Trajektna luka Ilovik\"}]},{\"@type\":\"WebSite\",\"@id\":\"https:\/\/www.ferrycroatia.com\/hr\/#website\",\"url\":\"https:\/\/www.ferrycroatia.com\/hr\/\",\"name\":\"Trajekti Hrvatska\",\"description\":\"Vozni red za sve trajekte i katamarane u Hrvatskoj\",\"potentialAction\":[{\"@type\":\"SearchAction\",\"target\":{\"@type\":\"EntryPoint\",\"urlTemplate\":\"https:\/\/www.ferrycroatia.com\/hr\/?s={search_term_string}\"},\"query-input\":\"required name=search_term_string\"}],\"inLanguage\":\"en-US\"}]}<\/script>\n<!-- \/ Yoast SEO plugin. -->","yoast_head_json":{"title":"Trajektna luka Ilovik, dolasci i polasci iz luke","robots":{"index":"index","follow":"follow","max-snippet":"max-snippet:-1","max-image-preview":"max-image-preview:large","max-video-preview":"max-video-preview:-1"},"canonical":"https:\/\/www.ferrycroatia.com\/hr\/trajektna-luka-ilovik\/","og_locale":"en_US","og_type":"article","og_title":"Trajektna luka Ilovik, dolasci i polasci iz luke","og_description":"Grad Ilovik smje\u0161ten je na sjeveroisto\u010dnoj strani otoka Ilovika (ju\u017eno od otoka Lo\u0161inja). Ova katamaranska luka jedna je od najljep\u0161ih i najsigurnijih luka na Jadranu, a nalazi se u blizini centra grada i glavne rive. Redovnim katamaranskim linijama povezana je s otocima Silba, Lo\u0161inj, Cres i Unije te sa gradovima Zadrom, Rijekom i Pulom. Kako [&hellip;] Continue reading...","og_url":"https:\/\/www.ferrycroatia.com\/hr\/trajektna-luka-ilovik\/","og_site_name":"Trajekti Hrvatska","article_modified_time":"2021-04-08T08:35:58+00:00","og_image":[{"url":"https:\/\/lh4.googleusercontent.com\/ib086U8wTc1CSaK9ZRIcTF2Lf6YLx2x794rJwOaoZLMfcjvJVBumNVUASGlvUB3Q8dC4qkXAIExqCsNktORwXdAedlaeU2_ocwA-U7vxsAuDrIs24Tv6bSxCX5qQOKj0tpfV1CNZ"}],"twitter_card":"summary_large_image","twitter_misc":{"Est. reading time":"1 minute"},"schema":{"@context":"https:\/\/schema.org","@graph":[{"@type":"WebPage","@id":"https:\/\/www.ferrycroatia.com\/hr\/trajektna-luka-ilovik\/","url":"https:\/\/www.ferrycroatia.com\/hr\/trajektna-luka-ilovik\/","name":"Trajektna luka Ilovik, dolasci i polasci iz luke","isPartOf":{"@id":"https:\/\/www.ferrycroatia.com\/hr\/#website"},"datePublished":"2021-01-28T11:37:34+00:00","dateModified":"2021-04-08T08:35:58+00:00","breadcrumb":{"@id":"https:\/\/www.ferrycroatia.com\/hr\/trajektna-luka-ilovik\/#breadcrumb"},"inLanguage":"en-US","potentialAction":[{"@type":"ReadAction","target":["https:\/\/www.ferrycroatia.com\/hr\/trajektna-luka-ilovik\/"]}]},{"@type":"BreadcrumbList","@id":"https:\/\/www.ferrycroatia.com\/hr\/trajektna-luka-ilovik\/#breadcrumb","itemListElement":[{"@type":"ListItem","position":1,"name":"Home","item":"https:\/\/www.ferrycroatia.com\/hr\/"},{"@type":"ListItem","position":2,"name":"Trajektna luka Ilovik"}]},{"@type":"WebSite","@id":"https:\/\/www.ferrycroatia.com\/hr\/#website","url":"https:\/\/www.ferrycroatia.com\/hr\/","name":"Trajekti Hrvatska","description":"Vozni red za sve trajekte i katamarane u Hrvatskoj","potentialAction":[{"@type":"SearchAction","target":{"@type":"EntryPoint","urlTemplate":"https:\/\/www.ferrycroatia.com\/hr\/?s={search_term_string}"},"query-input":"required name=search_term_string"}],"inLanguage":"en-US"}]}},"_links":{"self":[{"href":"https:\/\/www.ferrycroatia.com\/hr\/wp-json\/wp\/v2\/pages\/1333"}],"collection":[{"href":"https:\/\/www.ferrycroatia.com\/hr\/wp-json\/wp\/v2\/pages"}],"about":[{"href":"https:\/\/www.ferrycroatia.com\/hr\/wp-json\/wp\/v2\/types\/page"}],"author":[{"embeddable":true,"href":"https:\/\/www.ferrycroatia.com\/hr\/wp-json\/wp\/v2\/users\/5"}],"replies":[{"embeddable":true,"href":"https:\/\/www.ferrycroatia.com\/hr\/wp-json\/wp\/v2\/comments?post=1333"}],"version-history":[{"count":4,"href":"https:\/\/www.ferrycroatia.com\/hr\/wp-json\/wp\/v2\/pages\/1333\/revisions"}],"predecessor-version":[{"id":2062,"href":"https:\/\/www.ferrycroatia.com\/hr\/wp-json\/wp\/v2\/pages\/1333\/revisions\/2062"}],"wp:attachment":[{"href":"https:\/\/www.ferrycroatia.com\/hr\/wp-json\/wp\/v2\/media?parent=1333"}],"curies":[{"name":"wp","href":"https:\/\/api.w.org\/{rel}","templated":true}]}}