{"id":1338,"date":"2021-01-28T11:46:30","date_gmt":"2021-01-28T11:46:30","guid":{"rendered":"https:\/\/ferrycroatia.com\/hr\/?page_id=1338"},"modified":"2021-04-08T10:46:44","modified_gmt":"2021-04-08T08:46:44","slug":"trajektna-luka-jelsa","status":"publish","type":"page","link":"https:\/\/www.ferrycroatia.com\/hr\/trajektna-luka-jelsa\/","title":{"rendered":"Trajektna luka Jelsa"},"content":{"rendered":"\n<p>Grad Jelsa smje\u0161ten je u <strong>uvali koja se prostire po sredini sjeverne obale otoka Hvara.<\/strong> Trajektna luka Jelsa redovnim je katamaranskim linijama povezana s Bolom i Splitom. Smje\u0161tena je u sredi\u0161tu grada i udaljena 200 m od glavne \u0161etnice uz more.<\/p>\n\n\n\n<h3>Kako do\u0107i do luke Jelsa<\/h3>\n\n\n\n<p>Jelsa je doista malo oto\u010dno mjesto i pristani\u0161te s kojeg <strong>polazi katamaran nalazi se u samom sredi\u0161tu<\/strong>. Bez obzira na to gdje se nalazi va\u0161 smje\u0161taj, lako mo\u017eete do\u0107i do \u017eeljenih lokacija u gradu pje\u0161ice. <strong>Alternativno mo\u017eete pozvati taksi<\/strong>, koji vas ne\u0107e ko\u0161tati puno, jer se radi o malim udaljenostima.<\/p>\n\n\n\n<p>Do Jelse je prili\u010dno lako do\u0107i iz drugih gradova na Hvaru zbog dobre povezanosti autobusnim linijama.<a href=\"https:\/\/getbybus.com\/hr\/autobus-jelsa\"> Glavno autobusno stajali\u0161te Jelsa<\/a> udaljeno je oko 650 m od <strong>pristani\u0161ta s kojeg polaze katamarani i do tamo mo\u017eete i\u0107i pje\u0161ice.<\/strong><\/p>\n\n\n\n<h3>\u0160to se nalazi u blizini luke Jelsa<\/h3>\n\n\n\n<p>Kao \u0161to je ve\u0107 spomenuto, trajektna luka u Jelsi nalazi se to\u010dno u centru te&nbsp; u blizini mo\u017eete prona\u0107i ve\u0107inu gradskih sadr\u017eaja: kafi\u0107e, restorane, trgovine, bankomate itd.<\/p>\n\n\n\n<h3>Adresa Trajektne luke Jelsa<\/h3>\n\n\n\n<ul><li>Mala banda<\/li><li>21465 Jelsa (Hvar)<\/li><li><strong>GPS koordinate: <\/strong>43.16304, 16.69617<\/li><\/ul>\n\n\n\n<figure class=\"wp-block-image size-large\"><img decoding=\"async\" loading=\"lazy\" width=\"800\" height=\"438\" data-src=\"https:\/\/ferrycroatia.com\/hr\/wp-content\/uploads\/2021\/01\/Jelsa.jpg\" alt=\"Trajektna luka Jelsa\" class=\"wp-image-1339\" data-srcset=\"https:\/\/www.ferrycroatia.com\/hr\/wp-content\/uploads\/2021\/01\/Jelsa.jpg 800w, https:\/\/www.ferrycroatia.com\/hr\/wp-content\/uploads\/2021\/01\/Jelsa-300x164.jpg 300w, https:\/\/www.ferrycroatia.com\/hr\/wp-content\/uploads\/2021\/01\/Jelsa-768x420.jpg 768w\" sizes=\"(max-width: 800px) 100vw, 800px\" \/><\/figure>\n\n\n\n<h3>Popis dostupnih polazaka iz Jelse<\/h3>\n\n\n\n<p>Katamaran: Jelsa&nbsp; \u2013 Bol (Bra\u010d) \u2013 Split<\/p>\n\n\n\n<ul><li><a href=\"http:\/\/ferrycroatia.com\/hr\/jelsa-bol\/\">Jelsa&nbsp; \u2013 Bol (Bra\u010d)<\/a><\/li><li><a href=\"http:\/\/ferrycroatia.com\/hr\/jelsa-split\/\">Jelsa&nbsp; \u2013 Split<\/a><\/li><\/ul>\n","protected":false},"excerpt":{"rendered":"<p>Grad Jelsa smje\u0161ten je u uvali koja se prostire po sredini sjeverne obale otoka Hvara. Trajektna luka Jelsa redovnim je katamaranskim linijama povezana s Bolom i Splitom. Smje\u0161tena je u sredi\u0161tu grada i udaljena 200 m od glavne \u0161etnice uz more. Kako do\u0107i do luke Jelsa Jelsa je doista malo oto\u010dno mjesto i pristani\u0161te s [&hellip;]<\/p>\n<p><a class=\"more-link\" href=\"https:\/\/www.ferrycroatia.com\/hr\/trajektna-luka-jelsa\/\"> Continue reading&#8230;<\/a><\/p>\n","protected":false},"author":5,"featured_media":1340,"parent":0,"menu_order":0,"comment_status":"closed","ping_status":"closed","template":"","meta":[],"yoast_head":"<!-- This site is optimized with the Yoast SEO plugin v19.8 - https:\/\/yoast.com\/wordpress\/plugins\/seo\/ -->\n<title>Trajektna luka Jelsa, dolasci i polasci iz luke<\/title>\n<meta name=\"robots\" content=\"index, follow, max-snippet:-1, max-image-preview:large, max-video-preview:-1\" \/>\n<link rel=\"canonical\" href=\"https:\/\/www.ferrycroatia.com\/hr\/trajektna-luka-jelsa\/\" \/>\n<meta property=\"og:locale\" content=\"en_US\" \/>\n<meta property=\"og:type\" content=\"article\" \/>\n<meta property=\"og:title\" content=\"Trajektna luka Jelsa, dolasci i polasci iz luke\" \/>\n<meta property=\"og:description\" content=\"Grad Jelsa smje\u0161ten je u uvali koja se prostire po sredini sjeverne obale otoka Hvara. Trajektna luka Jelsa redovnim je katamaranskim linijama povezana s Bolom i Splitom. Smje\u0161tena je u sredi\u0161tu grada i udaljena 200 m od glavne \u0161etnice uz more. Kako do\u0107i do luke Jelsa Jelsa je doista malo oto\u010dno mjesto i pristani\u0161te s [&hellip;] Continue reading...\" \/>\n<meta property=\"og:url\" content=\"https:\/\/www.ferrycroatia.com\/hr\/trajektna-luka-jelsa\/\" \/>\n<meta property=\"og:site_name\" content=\"Trajekti Hrvatska\" \/>\n<meta property=\"article:modified_time\" content=\"2021-04-08T08:46:44+00:00\" \/>\n<meta property=\"og:image\" content=\"https:\/\/www.ferrycroatia.com\/hr\/wp-content\/uploads\/2021\/01\/Jelsa-Hvar.jpg\" \/>\n\t<meta property=\"og:image:width\" content=\"1024\" \/>\n\t<meta property=\"og:image:height\" content=\"442\" \/>\n\t<meta property=\"og:image:type\" content=\"image\/jpeg\" \/>\n<meta name=\"twitter:card\" content=\"summary_large_image\" \/>\n<meta name=\"twitter:label1\" content=\"Est. reading time\" \/>\n\t<meta name=\"twitter:data1\" content=\"1 minute\" \/>\n<script type=\"application\/ld+json\" class=\"yoast-schema-graph\">{\"@context\":\"https:\/\/schema.org\",\"@graph\":[{\"@type\":\"WebPage\",\"@id\":\"https:\/\/www.ferrycroatia.com\/hr\/trajektna-luka-jelsa\/\",\"url\":\"https:\/\/www.ferrycroatia.com\/hr\/trajektna-luka-jelsa\/\",\"name\":\"Trajektna luka Jelsa, dolasci i polasci iz luke\",\"isPartOf\":{\"@id\":\"https:\/\/www.ferrycroatia.com\/hr\/#website\"},\"datePublished\":\"2021-01-28T11:46:30+00:00\",\"dateModified\":\"2021-04-08T08:46:44+00:00\",\"breadcrumb\":{\"@id\":\"https:\/\/www.ferrycroatia.com\/hr\/trajektna-luka-jelsa\/#breadcrumb\"},\"inLanguage\":\"en-US\",\"potentialAction\":[{\"@type\":\"ReadAction\",\"target\":[\"https:\/\/www.ferrycroatia.com\/hr\/trajektna-luka-jelsa\/\"]}]},{\"@type\":\"BreadcrumbList\",\"@id\":\"https:\/\/www.ferrycroatia.com\/hr\/trajektna-luka-jelsa\/#breadcrumb\",\"itemListElement\":[{\"@type\":\"ListItem\",\"position\":1,\"name\":\"Home\",\"item\":\"https:\/\/www.ferrycroatia.com\/hr\/\"},{\"@type\":\"ListItem\",\"position\":2,\"name\":\"Trajektna luka Jelsa\"}]},{\"@type\":\"WebSite\",\"@id\":\"https:\/\/www.ferrycroatia.com\/hr\/#website\",\"url\":\"https:\/\/www.ferrycroatia.com\/hr\/\",\"name\":\"Trajekti Hrvatska\",\"description\":\"Vozni red za sve trajekte i katamarane u Hrvatskoj\",\"potentialAction\":[{\"@type\":\"SearchAction\",\"target\":{\"@type\":\"EntryPoint\",\"urlTemplate\":\"https:\/\/www.ferrycroatia.com\/hr\/?s={search_term_string}\"},\"query-input\":\"required name=search_term_string\"}],\"inLanguage\":\"en-US\"}]}<\/script>\n<!-- \/ Yoast SEO plugin. -->","yoast_head_json":{"title":"Trajektna luka Jelsa, dolasci i polasci iz luke","robots":{"index":"index","follow":"follow","max-snippet":"max-snippet:-1","max-image-preview":"max-image-preview:large","max-video-preview":"max-video-preview:-1"},"canonical":"https:\/\/www.ferrycroatia.com\/hr\/trajektna-luka-jelsa\/","og_locale":"en_US","og_type":"article","og_title":"Trajektna luka Jelsa, dolasci i polasci iz luke","og_description":"Grad Jelsa smje\u0161ten je u uvali koja se prostire po sredini sjeverne obale otoka Hvara. Trajektna luka Jelsa redovnim je katamaranskim linijama povezana s Bolom i Splitom. Smje\u0161tena je u sredi\u0161tu grada i udaljena 200 m od glavne \u0161etnice uz more. Kako do\u0107i do luke Jelsa Jelsa je doista malo oto\u010dno mjesto i pristani\u0161te s [&hellip;] Continue reading...","og_url":"https:\/\/www.ferrycroatia.com\/hr\/trajektna-luka-jelsa\/","og_site_name":"Trajekti Hrvatska","article_modified_time":"2021-04-08T08:46:44+00:00","og_image":[{"width":1024,"height":442,"url":"https:\/\/www.ferrycroatia.com\/hr\/wp-content\/uploads\/2021\/01\/Jelsa-Hvar.jpg","type":"image\/jpeg"}],"twitter_card":"summary_large_image","twitter_misc":{"Est. reading time":"1 minute"},"schema":{"@context":"https:\/\/schema.org","@graph":[{"@type":"WebPage","@id":"https:\/\/www.ferrycroatia.com\/hr\/trajektna-luka-jelsa\/","url":"https:\/\/www.ferrycroatia.com\/hr\/trajektna-luka-jelsa\/","name":"Trajektna luka Jelsa, dolasci i polasci iz luke","isPartOf":{"@id":"https:\/\/www.ferrycroatia.com\/hr\/#website"},"datePublished":"2021-01-28T11:46:30+00:00","dateModified":"2021-04-08T08:46:44+00:00","breadcrumb":{"@id":"https:\/\/www.ferrycroatia.com\/hr\/trajektna-luka-jelsa\/#breadcrumb"},"inLanguage":"en-US","potentialAction":[{"@type":"ReadAction","target":["https:\/\/www.ferrycroatia.com\/hr\/trajektna-luka-jelsa\/"]}]},{"@type":"BreadcrumbList","@id":"https:\/\/www.ferrycroatia.com\/hr\/trajektna-luka-jelsa\/#breadcrumb","itemListElement":[{"@type":"ListItem","position":1,"name":"Home","item":"https:\/\/www.ferrycroatia.com\/hr\/"},{"@type":"ListItem","position":2,"name":"Trajektna luka Jelsa"}]},{"@type":"WebSite","@id":"https:\/\/www.ferrycroatia.com\/hr\/#website","url":"https:\/\/www.ferrycroatia.com\/hr\/","name":"Trajekti Hrvatska","description":"Vozni red za sve trajekte i katamarane u Hrvatskoj","potentialAction":[{"@type":"SearchAction","target":{"@type":"EntryPoint","urlTemplate":"https:\/\/www.ferrycroatia.com\/hr\/?s={search_term_string}"},"query-input":"required name=search_term_string"}],"inLanguage":"en-US"}]}},"_links":{"self":[{"href":"https:\/\/www.ferrycroatia.com\/hr\/wp-json\/wp\/v2\/pages\/1338"}],"collection":[{"href":"https:\/\/www.ferrycroatia.com\/hr\/wp-json\/wp\/v2\/pages"}],"about":[{"href":"https:\/\/www.ferrycroatia.com\/hr\/wp-json\/wp\/v2\/types\/page"}],"author":[{"embeddable":true,"href":"https:\/\/www.ferrycroatia.com\/hr\/wp-json\/wp\/v2\/users\/5"}],"replies":[{"embeddable":true,"href":"https:\/\/www.ferrycroatia.com\/hr\/wp-json\/wp\/v2\/comments?post=1338"}],"version-history":[{"count":4,"href":"https:\/\/www.ferrycroatia.com\/hr\/wp-json\/wp\/v2\/pages\/1338\/revisions"}],"predecessor-version":[{"id":2076,"href":"https:\/\/www.ferrycroatia.com\/hr\/wp-json\/wp\/v2\/pages\/1338\/revisions\/2076"}],"wp:featuredmedia":[{"embeddable":true,"href":"https:\/\/www.ferrycroatia.com\/hr\/wp-json\/wp\/v2\/media\/1340"}],"wp:attachment":[{"href":"https:\/\/www.ferrycroatia.com\/hr\/wp-json\/wp\/v2\/media?parent=1338"}],"curies":[{"name":"wp","href":"https:\/\/api.w.org\/{rel}","templated":true}]}}