{"id":1348,"date":"2021-01-28T12:01:04","date_gmt":"2021-01-28T12:01:04","guid":{"rendered":"https:\/\/ferrycroatia.com\/hr\/?page_id=1348"},"modified":"2024-06-18T10:46:04","modified_gmt":"2024-06-18T08:46:04","slug":"trajektna-luka-korcula","status":"publish","type":"page","link":"https:\/\/www.ferrycroatia.com\/hr\/trajektna-luka-korcula\/","title":{"rendered":"Trajektna luka Kor\u010dula"},"content":{"rendered":"\n<p><strong>Kor\u010dula<\/strong> je povijesni grad smje\u0161ten na sjeveroisto\u010dnoj strani istoimenog otoka s pogledom na poluotok Pelje\u0161ac. Iz Kor\u010dule je mogu\u0107e putovati katamaranima (samo putni\u010dki trajekti) te iz obli\u017enje <a href=\"http:\/\/ferrycroatia.com\/hr\/trajektna-luka-domince\/\">luke Domin\u010de<\/a> gdje trajekti plove prema <a href=\"http:\/\/ferrycroatia.com\/hr\/trajektna-luka-orebic\/\">Orebi\u0107u<\/a>. <em>Trajektna luka Kor\u010dula<\/em> nalazi se u blizini starih gradskih zidina. Ulaznice za katamaran mogu se kupiti u uredu za prodaju karata u luci ili putem interneta.<\/p>\n\n\n\n<h3 class=\"has-medium-font-size\">Kako do\u0107i do luke Kor\u010dula<\/h3>\n\n\n\n<p>Kor\u010dula je, <strong>kao i ve\u0107ina ostalih oto\u010dnih gradova<\/strong>, poprili\u010dno mali grad i bez obzira na to gdje se nalazi va\u0161 smje\u0161taj, katamaransko pristani\u0161te lako je dostupno pje\u0161ice. Smje\u0161teno je neposredno ispred starih gradskih zidina i do njega se brzo dolazi iz bilo kojeg dijela grada. <strong>Ako boravite malo izvan Kor\u010dule, npr. u Lumbardi<\/strong>, do katamaranskog pristani\u0161ta morat \u0107ete pozvati taksi. Iz drugih gradova na otoku poput Vela Luke, Blata itd. na raspolaganju vam stoji oto\u010dni autobus koji prometuje nekoliko puta dnevno.<a href=\"https:\/\/getbybus.com\/hr\/autobus-korcula\"> Autobusni kolodvor u Kor\u010duli<\/a> nalazi se nekoliko stotina metara od mjesta na koje pristaju katamarani.<\/p>\n\n\n\n<h3 class=\"has-medium-font-size\">Kako do\u0107i s Kor\u010dule do Zra\u010dne luke Split ili Dubrovnik<\/h3>\n\n\n\n<p><strong>S Kor\u010dule se mo\u017eete izravno voziti katamaranom do Splita i Dubrovnika. Kad do\u0111ete do bilo kojeg od tih gradova<\/strong>, na\u0107i \u0107ete autobusni kolodvor u neposrednoj blizini trajektne luke. Tu se vozite autobusom zra\u010dne luke do aerodroma.<\/p>\n\n\n\n<h3 class=\"has-medium-font-size\">\u0160to se nalazi u blizini luke Kor\u010dula<\/h3>\n\n\n\n<p>Kao \u0161to je ve\u0107 spomenuto, katamaransko pristani\u0161te u Kor\u010duli smje\u0161teno je odmah do gradskih zidina tako da su svi gradski sadr\u017eaji na pje\u0161a\u010dkoj udaljenosti od mjesta s kojeg polaze katamarani. U centru Kor\u010dule mo\u017eete prona\u0107i brojne restorane, kafi\u0107e, trgovine, suvenirnice, bankomate itd.<\/p>\n\n\n\n<h3 class=\"has-medium-font-size\">Adresa Gradske luke Kor\u010dula<\/h3>\n\n\n\n<ul>\n<li>Obala Franje Tu\u0111mana<\/li>\n\n\n\n<li>20260 Kor\u010dula (Kor\u010dula)<\/li>\n\n\n\n<li><strong>GPS koordinate: <\/strong>42.9633, 17.13562<\/li>\n<\/ul>\n\n\n\n<figure class=\"wp-block-image size-full\"><img decoding=\"async\" loading=\"lazy\" width=\"800\" height=\"692\" data-src=\"https:\/\/www.ferrycroatia.com\/hr\/wp-content\/uploads\/2024\/06\/Trajektna-luka-Korc\u030cula.webp\" alt=\"Trajektna luka Kor\u010dula\" class=\"wp-image-4061\" data-srcset=\"https:\/\/www.ferrycroatia.com\/hr\/wp-content\/uploads\/2024\/06\/Trajektna-luka-Korc\u030cula.webp 800w, https:\/\/www.ferrycroatia.com\/hr\/wp-content\/uploads\/2024\/06\/Trajektna-luka-Korc\u030cula-300x260.webp 300w, https:\/\/www.ferrycroatia.com\/hr\/wp-content\/uploads\/2024\/06\/Trajektna-luka-Korc\u030cula-768x664.webp 768w\" sizes=\"(max-width: 800px) 100vw, 800px\" \/><figcaption class=\"wp-element-caption\">Trajektna luka Kor\u010dula<\/figcaption><\/figure>\n\n\n\n<h3 class=\"has-medium-font-size\">Trajektna luka Kor\u010dula &#8211; naj\u010de\u0161\u0107a pitanja<\/h3>\n\n\n\n<p><strong>Gdje se nalazi katamaransko pristani\u0161te u Kor\u010duli?<\/strong><\/p>\n\n\n\n<p>Katamaransko pristani\u0161te nalazi se u blizini starih gradskih zidina na sjeveroisto\u010dnoj strani otoka Kor\u010dule.<\/p>\n\n\n\n<p><strong>Kako do\u0107i do luke Kor\u010dula iz razli\u010ditih dijelova grada?<\/strong><\/p>\n\n\n\n<ul>\n<li><strong>Iz centra grada:<\/strong> Katamaransko pristani\u0161te je lako dostupno pje\u0161ice jer se nalazi neposredno ispred starih gradskih zidina.<\/li>\n\n\n\n<li><strong>Iz Lumbarde:<\/strong> Potrebno je pozvati taksi.<\/li>\n\n\n\n<li><strong>Iz drugih gradova na otoku (npr. Vela Luka, Blato):<\/strong> Na raspolaganju su oto\u010dni autobusi koji prometuju nekoliko puta dnevno. Autobusni kolodvor u Kor\u010duli nalazi se nekoliko stotina metara od katamaranskog pristani\u0161ta.<\/li>\n<\/ul>\n\n\n\n<p><strong>Kako do\u0107i s Kor\u010dule do Zra\u010dne luke Split ili Dubrovnik?<\/strong><\/p>\n\n\n\n<p>Katamaranom mo\u017eete izravno do\u0107i do Splita i Dubrovnika. U oba grada, autobusni kolodvori nalaze se u neposrednoj blizini trajektnih luka, odakle mo\u017eete uzeti autobus zra\u010dne luke do aerodroma.<\/p>\n\n\n\n<p><strong>Gdje mogu kupiti karte za katamaran?<\/strong><\/p>\n\n\n\n<p>Karte za katamaran mogu se kupiti u uredu za prodaju karata u luci ili putem interneta.<\/p>\n\n\n\n<p><strong>\u0160to se nalazi u blizini luke Kor\u010dula?<\/strong><\/p>\n\n\n\n<p>U blizini katamaranskog pristani\u0161ta, koje se nalazi uz gradske zidine, nalaze se brojni restorani, kafi\u0107i, trgovine, suvenirnice, bankomati i ostali gradski sadr\u017eaji.<\/p>\n\n\n\n<h3 class=\"has-medium-font-size\">Popis katamaranskih polazaka iz Kor\u010dule<\/h3>\n\n\n\n<figure class=\"wp-block-table\"><table><tbody><tr><td><a href=\"http:\/\/ferrycroatia.com\/hr\/korcula-dubrovnik\/\">Kor\u010dula \u2013 Dubrovnik<\/a><\/td><td><a href=\"http:\/\/ferrycroatia.com\/hr\/korcula-sobra\/\">Kor\u010dula \u2013 Mljet<\/a><\/td><td><a href=\"http:\/\/ferrycroatia.com\/hr\/korcula-hvar\/\">Kor\u010dula \u2013 Hvar<\/a><\/td><\/tr><tr><td><a href=\"http:\/\/ferrycroatia.com\/hr\/korcula-milna\/\">Kor\u010dula \u2013 Milna Bra\u010d<\/a><\/td><td><a href=\"http:\/\/ferrycroatia.com\/hr\/korcula-split\/\">Kor\u010dula \u2013 Split<\/a><\/td><td><\/td><\/tr><\/tbody><\/table><\/figure>\n\n\n\n<p>Tekst i savjete za putovanja napisao&nbsp;<a href=\"https:\/\/www.ferrycroatia.com\/hr\/morten-smalby\/\">Morten Smalby<\/a>&nbsp;\u2013 zaljubljenik u putovanja koji \u017eivi u Splitu, u Hrvatskoj.<\/p>\n","protected":false},"excerpt":{"rendered":"<p>Kor\u010dula je povijesni grad smje\u0161ten na sjeveroisto\u010dnoj strani istoimenog otoka s pogledom na poluotok Pelje\u0161ac. Iz Kor\u010dule je mogu\u0107e putovati katamaranima (samo putni\u010dki trajekti) te iz obli\u017enje luke Domin\u010de gdje trajekti plove prema Orebi\u0107u. Trajektna luka Kor\u010dula nalazi se u blizini starih gradskih zidina. Ulaznice za katamaran mogu se kupiti u uredu za prodaju karata [&hellip;]<\/p>\n<p><a class=\"more-link\" href=\"https:\/\/www.ferrycroatia.com\/hr\/trajektna-luka-korcula\/\"> Continue reading&#8230;<\/a><\/p>\n","protected":false},"author":5,"featured_media":1350,"parent":0,"menu_order":0,"comment_status":"closed","ping_status":"closed","template":"","meta":[],"yoast_head":"<!-- This site is optimized with the Yoast SEO plugin v19.8 - https:\/\/yoast.com\/wordpress\/plugins\/seo\/ -->\n<title>Trajektna luka Kor\u010dula, dolasci i polasci iz luke<\/title>\n<meta name=\"description\" content=\"Trajektna luka Kor\u010dula - sve informacije koje vam trebaju za putovanje trajektom ili katamaranom iz Kor\u010dule\" \/>\n<meta name=\"robots\" content=\"index, follow, max-snippet:-1, max-image-preview:large, max-video-preview:-1\" \/>\n<link rel=\"canonical\" href=\"https:\/\/www.ferrycroatia.com\/hr\/trajektna-luka-korcula\/\" \/>\n<meta property=\"og:locale\" content=\"en_US\" \/>\n<meta property=\"og:type\" content=\"article\" \/>\n<meta property=\"og:title\" content=\"Trajektna luka Kor\u010dula, dolasci i polasci iz luke\" \/>\n<meta property=\"og:description\" content=\"Trajektna luka Kor\u010dula - sve informacije koje vam trebaju za putovanje trajektom ili katamaranom iz Kor\u010dule\" \/>\n<meta property=\"og:url\" content=\"https:\/\/www.ferrycroatia.com\/hr\/trajektna-luka-korcula\/\" \/>\n<meta property=\"og:site_name\" content=\"Trajekti Hrvatska\" \/>\n<meta property=\"article:modified_time\" content=\"2024-06-18T08:46:04+00:00\" \/>\n<meta property=\"og:image\" content=\"https:\/\/www.ferrycroatia.com\/hr\/wp-content\/uploads\/2021\/01\/Korcula.jpg\" \/>\n\t<meta property=\"og:image:width\" content=\"1024\" \/>\n\t<meta property=\"og:image:height\" content=\"768\" \/>\n\t<meta property=\"og:image:type\" content=\"image\/jpeg\" \/>\n<meta name=\"twitter:card\" content=\"summary_large_image\" \/>\n<meta name=\"twitter:label1\" content=\"Est. reading time\" \/>\n\t<meta name=\"twitter:data1\" content=\"3 minutes\" \/>\n<script type=\"application\/ld+json\" class=\"yoast-schema-graph\">{\"@context\":\"https:\/\/schema.org\",\"@graph\":[{\"@type\":\"WebPage\",\"@id\":\"https:\/\/www.ferrycroatia.com\/hr\/trajektna-luka-korcula\/\",\"url\":\"https:\/\/www.ferrycroatia.com\/hr\/trajektna-luka-korcula\/\",\"name\":\"Trajektna luka Kor\u010dula, dolasci i polasci iz luke\",\"isPartOf\":{\"@id\":\"https:\/\/www.ferrycroatia.com\/hr\/#website\"},\"datePublished\":\"2021-01-28T12:01:04+00:00\",\"dateModified\":\"2024-06-18T08:46:04+00:00\",\"description\":\"Trajektna luka Kor\u010dula - sve informacije koje vam trebaju za putovanje trajektom ili katamaranom iz Kor\u010dule\",\"breadcrumb\":{\"@id\":\"https:\/\/www.ferrycroatia.com\/hr\/trajektna-luka-korcula\/#breadcrumb\"},\"inLanguage\":\"en-US\",\"potentialAction\":[{\"@type\":\"ReadAction\",\"target\":[\"https:\/\/www.ferrycroatia.com\/hr\/trajektna-luka-korcula\/\"]}]},{\"@type\":\"BreadcrumbList\",\"@id\":\"https:\/\/www.ferrycroatia.com\/hr\/trajektna-luka-korcula\/#breadcrumb\",\"itemListElement\":[{\"@type\":\"ListItem\",\"position\":1,\"name\":\"Home\",\"item\":\"https:\/\/www.ferrycroatia.com\/hr\/\"},{\"@type\":\"ListItem\",\"position\":2,\"name\":\"Trajektna luka Kor\u010dula\"}]},{\"@type\":\"WebSite\",\"@id\":\"https:\/\/www.ferrycroatia.com\/hr\/#website\",\"url\":\"https:\/\/www.ferrycroatia.com\/hr\/\",\"name\":\"Trajekti Hrvatska\",\"description\":\"Vozni red za sve trajekte i katamarane u Hrvatskoj\",\"potentialAction\":[{\"@type\":\"SearchAction\",\"target\":{\"@type\":\"EntryPoint\",\"urlTemplate\":\"https:\/\/www.ferrycroatia.com\/hr\/?s={search_term_string}\"},\"query-input\":\"required name=search_term_string\"}],\"inLanguage\":\"en-US\"}]}<\/script>\n<!-- \/ Yoast SEO plugin. -->","yoast_head_json":{"title":"Trajektna luka Kor\u010dula, dolasci i polasci iz luke","description":"Trajektna luka Kor\u010dula - sve informacije koje vam trebaju za putovanje trajektom ili katamaranom iz Kor\u010dule","robots":{"index":"index","follow":"follow","max-snippet":"max-snippet:-1","max-image-preview":"max-image-preview:large","max-video-preview":"max-video-preview:-1"},"canonical":"https:\/\/www.ferrycroatia.com\/hr\/trajektna-luka-korcula\/","og_locale":"en_US","og_type":"article","og_title":"Trajektna luka Kor\u010dula, dolasci i polasci iz luke","og_description":"Trajektna luka Kor\u010dula - sve informacije koje vam trebaju za putovanje trajektom ili katamaranom iz Kor\u010dule","og_url":"https:\/\/www.ferrycroatia.com\/hr\/trajektna-luka-korcula\/","og_site_name":"Trajekti Hrvatska","article_modified_time":"2024-06-18T08:46:04+00:00","og_image":[{"width":1024,"height":768,"url":"https:\/\/www.ferrycroatia.com\/hr\/wp-content\/uploads\/2021\/01\/Korcula.jpg","type":"image\/jpeg"}],"twitter_card":"summary_large_image","twitter_misc":{"Est. reading time":"3 minutes"},"schema":{"@context":"https:\/\/schema.org","@graph":[{"@type":"WebPage","@id":"https:\/\/www.ferrycroatia.com\/hr\/trajektna-luka-korcula\/","url":"https:\/\/www.ferrycroatia.com\/hr\/trajektna-luka-korcula\/","name":"Trajektna luka Kor\u010dula, dolasci i polasci iz luke","isPartOf":{"@id":"https:\/\/www.ferrycroatia.com\/hr\/#website"},"datePublished":"2021-01-28T12:01:04+00:00","dateModified":"2024-06-18T08:46:04+00:00","description":"Trajektna luka Kor\u010dula - sve informacije koje vam trebaju za putovanje trajektom ili katamaranom iz Kor\u010dule","breadcrumb":{"@id":"https:\/\/www.ferrycroatia.com\/hr\/trajektna-luka-korcula\/#breadcrumb"},"inLanguage":"en-US","potentialAction":[{"@type":"ReadAction","target":["https:\/\/www.ferrycroatia.com\/hr\/trajektna-luka-korcula\/"]}]},{"@type":"BreadcrumbList","@id":"https:\/\/www.ferrycroatia.com\/hr\/trajektna-luka-korcula\/#breadcrumb","itemListElement":[{"@type":"ListItem","position":1,"name":"Home","item":"https:\/\/www.ferrycroatia.com\/hr\/"},{"@type":"ListItem","position":2,"name":"Trajektna luka Kor\u010dula"}]},{"@type":"WebSite","@id":"https:\/\/www.ferrycroatia.com\/hr\/#website","url":"https:\/\/www.ferrycroatia.com\/hr\/","name":"Trajekti Hrvatska","description":"Vozni red za sve trajekte i katamarane u Hrvatskoj","potentialAction":[{"@type":"SearchAction","target":{"@type":"EntryPoint","urlTemplate":"https:\/\/www.ferrycroatia.com\/hr\/?s={search_term_string}"},"query-input":"required name=search_term_string"}],"inLanguage":"en-US"}]}},"_links":{"self":[{"href":"https:\/\/www.ferrycroatia.com\/hr\/wp-json\/wp\/v2\/pages\/1348"}],"collection":[{"href":"https:\/\/www.ferrycroatia.com\/hr\/wp-json\/wp\/v2\/pages"}],"about":[{"href":"https:\/\/www.ferrycroatia.com\/hr\/wp-json\/wp\/v2\/types\/page"}],"author":[{"embeddable":true,"href":"https:\/\/www.ferrycroatia.com\/hr\/wp-json\/wp\/v2\/users\/5"}],"replies":[{"embeddable":true,"href":"https:\/\/www.ferrycroatia.com\/hr\/wp-json\/wp\/v2\/comments?post=1348"}],"version-history":[{"count":6,"href":"https:\/\/www.ferrycroatia.com\/hr\/wp-json\/wp\/v2\/pages\/1348\/revisions"}],"predecessor-version":[{"id":4064,"href":"https:\/\/www.ferrycroatia.com\/hr\/wp-json\/wp\/v2\/pages\/1348\/revisions\/4064"}],"wp:featuredmedia":[{"embeddable":true,"href":"https:\/\/www.ferrycroatia.com\/hr\/wp-json\/wp\/v2\/media\/1350"}],"wp:attachment":[{"href":"https:\/\/www.ferrycroatia.com\/hr\/wp-json\/wp\/v2\/media?parent=1348"}],"curies":[{"name":"wp","href":"https:\/\/api.w.org\/{rel}","templated":true}]}}