{"id":1355,"date":"2021-01-28T12:06:30","date_gmt":"2021-01-28T12:06:30","guid":{"rendered":"https:\/\/ferrycroatia.com\/hr\/?page_id=1355"},"modified":"2024-06-17T15:32:11","modified_gmt":"2024-06-17T13:32:11","slug":"trajektna-luka-makarska","status":"publish","type":"page","link":"https:\/\/www.ferrycroatia.com\/hr\/trajektna-luka-makarska\/","title":{"rendered":"Trajektna luka Makarska"},"content":{"rendered":"\n<p><strong>Makarska je mali primorski grad<\/strong> smje\u0161ten nekih 90 km od Splita. Budu\u0107i da je to prili\u010dno mali grad, <strong>trajektnu luku nije te\u0161ko na\u0107i<\/strong>. Nalazi se u centru grada, u blizini glavne \u0161etnice i lijepih pla\u017ea. <strong>Glavni autobusni kolodvor nalazi se oko 500 m<\/strong> od trajektne luke. <\/p>\n\n\n\n<h3 class=\"has-medium-font-size\">Kako do\u0107i do luke Makarska<\/h3>\n\n\n\n<p>Ako odsjedate u Makarskoj i \u017eelite<strong> posjetiti Sumartin na otoku Bra\u010du<\/strong>, dr\u017eite na umu kako je Makarska zaista mali primorski grad, pa bez obzira gdje se nalazili, do trajektne luke lako mo\u017eete do\u0107i pje\u0161ice. Ako imate mnogo prtljage, uvijek mo\u017eete <strong>naru\u010diti taksi koji vas ne bi trebao puno ko\u0161tati<\/strong> jer se radi o maloj udaljenosti.<\/p>\n\n\n\n<h3 class=\"has-medium-font-size\">Kako do\u0107i do luke Makarska od Zra\u010dna luke Split<\/h3>\n\n\n\n<p>Ako slije\u0107ete u Zra\u010dnu luku Split i \u017eelite iz Makarske do\u0107i do Sumartina na otoku Bra\u010du, to mo\u017eete <strong>unaprijed rezerviranim prijevozom<\/strong> (cijene oko 85 eura), taksijem (koji \u0107e vas odvesti <strong>direktno do trajektne luke<\/strong> po cijeni od nekih 100 eura).<\/p>\n\n\n\n<p>Iz zra\u010dne luke do autobusnog kolodvora u Splitu mo\u017eete i autobusom. Cijena jednosmjerne karte je <strong>nekih 4 eura. Kad do\u0111ete do glavnog autobusnog kolodvora u Splitu<\/strong>, trebat \u0107ete kupiti kartu za Makarsku. Ako \u017eelite pro\u010ditati vi\u0161e o prijevozu iz Zra\u010dne luke Split, <a href=\"https:\/\/getbybus.com\/hr\/blog\/autobus-zracna-luka-split\/\">kliknite ovdje<\/a>.<\/p>\n\n\n\n<h3 class=\"has-medium-font-size\">Kako do\u0107i do luke u Makarskoj od drugih destinacija<\/h3>\n\n\n\n<p>Makarska je redovnim i sezonskim autobusnim linijama dobro povezana s <strong>mnogim hrvatskim i nekim europskim destinacijama<\/strong>. Kao \u0161to je ve\u0107 spomenuto, <strong>glavni autobusni kolodvor u Makarskoj <\/strong>nalazi se na oko <strong>500 m od trajektne luke<\/strong>, do koje je lako do\u0107i pje\u0161ice (ili taksijem ako imate prtljagu). To\u010dnu lokaciju kolodvora mo\u017eete prona\u0107i na idu\u0107oj poveznici: <a href=\"https:\/\/getbybus.com\/hr\/autobus-makarska\">https:\/\/getbybus.com\/hr\/autobus-makarska<\/a>&nbsp;<\/p>\n\n\n\n<p>Putujete li automobilom, mo\u017eete birati izme\u0111u <strong>autoceste i obalne ceste<\/strong>. Bilo da dolazite sa sjevera ili juga, <strong>\u010dim u\u0111ete u grad Makarsku<\/strong>, samo slijedite znakove prema centru grada i <strong>trajektnoj luci<\/strong>.<\/p>\n\n\n\n<h3 class=\"has-medium-font-size\">\u0160to se nalazi u blizini luke Makarska<\/h3>\n\n\n\n<p>Kao \u0161to je ve\u0107 spomenuto, trajektna luka u Makarskoj <strong>nalazi se u centru grad<\/strong>a,<strong> u blizini glavne \u0161etnice uz more<\/strong>, stoga u blizini mo\u017eete prona\u0107i gotovo sve \u0161to vam je potrebno: <strong>barove, restorane, bankomate, banke<\/strong>, mjenja\u010dnicu, nekoliko turisti\u010dkih agencija itd.<\/p>\n\n\n\n<h3>Adresa Trajektne luke Makarska<\/h3>\n\n\n\n<ul>\n<li>Obala kralja Tomislava 1<\/li>\n\n\n\n<li>21300 Makarska<\/li>\n\n\n\n<li><strong>GPS koordinate: <\/strong>43.29478, 17.01693<\/li>\n<\/ul>\n\n\n\n<figure class=\"wp-block-image size-full\"><img decoding=\"async\" loading=\"lazy\" width=\"800\" height=\"538\" data-src=\"https:\/\/www.ferrycroatia.com\/hr\/wp-content\/uploads\/2024\/06\/Trajektna-luka-Makarska.webp\" alt=\"Trajektna luka Makarska\" class=\"wp-image-4047\" data-srcset=\"https:\/\/www.ferrycroatia.com\/hr\/wp-content\/uploads\/2024\/06\/Trajektna-luka-Makarska.webp 800w, https:\/\/www.ferrycroatia.com\/hr\/wp-content\/uploads\/2024\/06\/Trajektna-luka-Makarska-300x202.webp 300w, https:\/\/www.ferrycroatia.com\/hr\/wp-content\/uploads\/2024\/06\/Trajektna-luka-Makarska-768x516.webp 768w\" sizes=\"(max-width: 800px) 100vw, 800px\" \/><figcaption class=\"wp-element-caption\">Trajektna luka Makarska<\/figcaption><\/figure>\n\n\n\n<h2 class=\"has-medium-font-size\">Trajektna luka Makarska &#8211; naj\u010de\u0161\u0107a pitanja<\/h2>\n\n\n\n<p><strong>Gdje se nalazi trajektna luka u Makarskoj?<\/strong><\/p>\n\n\n\n<p>Trajektna luka se nalazi u centru grada, u blizini glavne \u0161etnice i pla\u017ea.<\/p>\n\n\n\n<p><strong>Kako do\u0107i do luke Makarska?<\/strong><\/p>\n\n\n\n<p>Ako ste ve\u0107 u Makarskoj, do trajektne luke lako mo\u017eete do\u0107i pje\u0161ice jer je grad mali. Ako imate puno prtljage, mo\u017eete naru\u010diti taksi po pristupa\u010dnoj cijeni.<\/p>\n\n\n\n<p><strong>Kako do\u0107i do luke Makarska od Zra\u010dne luke Split?<\/strong><\/p>\n\n\n\n<ul>\n<li><strong>Unaprijed rezervirani prijevoz:<\/strong> Cijene su oko 85 eura.<\/li>\n\n\n\n<li><strong>Taksi:<\/strong> Direktno do trajektne luke po cijeni od oko 100 eura.<\/li>\n\n\n\n<li><strong>Autobus:<\/strong> Iz zra\u010dne luke do autobusnog kolodvora u Splitu za oko 4 eura, a zatim autobusom do Makarske.<\/li>\n<\/ul>\n\n\n\n<p><strong>Kako do\u0107i do luke u Makarskoj od drugih destinacija?<\/strong><\/p>\n\n\n\n<p>Makarska je dobro povezana redovnim i sezonskim autobusnim linijama s mnogim hrvatskim i nekim europskim destinacijama. Glavni autobusni kolodvor u Makarskoj nalazi se oko 500 m od trajektne luke. Ako dolazite automobilom, slijedite znakove prema centru grada i trajektnoj luci.<\/p>\n\n\n\n<p><strong>\u0160to se nalazi u blizini luke Makarska?<\/strong><\/p>\n\n\n\n<p>U blizini trajektne luke mo\u017eete prona\u0107i barove, restorane, bankomate, banke, mjenja\u010dnice, nekoliko turisti\u010dkih agencija i druge potrebne sadr\u017eaje.<\/p>\n\n\n\n<p><strong>Postoje li neki specifi\u010dni savjeti za putnike?<\/strong><\/p>\n\n\n\n<p>Preporu\u010da se kupnja karata unaprijed, osobito tijekom ljetnih mjeseci, kako biste izbjegli gu\u017eve i situacije poput rasprodanih karata.<\/p>\n\n\n\n<h3>Popis trajektnih i katamaranskih linija iz Makarske<\/h3>\n\n\n\n<figure class=\"wp-block-table\"><table><tbody><tr><td><a href=\"http:\/\/ferrycroatia.com\/hr\/makarska-sumartin\/\">Makarska \u2013 Sumartin<\/a><\/td><td><a href=\"http:\/\/ferrycroatia.com\/hr\/makarska-sobra\/\">Makarska \u2013 Sobra (Mljet)<\/a><\/td><td><a href=\"http:\/\/ferrycroatia.com\/hr\/makarska-bol\/\">Makarska \u2013 Bol (Bra\u010d)<\/a><\/td><\/tr><tr><td><a href=\"http:\/\/ferrycroatia.com\/hr\/makarska-dubrovnik\/\">Makarska \u2013 Dubrovnik<\/a><\/td><td><a href=\"http:\/\/ferrycroatia.com\/hr\/makarska-korcula\/\">Makarska \u2013 Kor\u010dula<\/a><\/td><td><\/td><\/tr><\/tbody><\/table><\/figure>\n\n\n\n<p>Tekst i savjete za putovanja napisao\u00a0<a href=\"https:\/\/www.ferrycroatia.com\/hr\/morten-smalby\/\">Morten Smalby<\/a>\u00a0\u2013 zaljubljenik u putovanja koji \u017eivi u Splitu, u Hrvatskoj.<\/p>\n","protected":false},"excerpt":{"rendered":"<p>Makarska je mali primorski grad smje\u0161ten nekih 90 km od Splita. Budu\u0107i da je to prili\u010dno mali grad, trajektnu luku nije te\u0161ko na\u0107i. Nalazi se u centru grada, u blizini glavne \u0161etnice i lijepih pla\u017ea. Glavni autobusni kolodvor nalazi se oko 500 m od trajektne luke. Kako do\u0107i do luke Makarska Ako odsjedate u Makarskoj [&hellip;]<\/p>\n<p><a class=\"more-link\" href=\"https:\/\/www.ferrycroatia.com\/hr\/trajektna-luka-makarska\/\"> Continue reading&#8230;<\/a><\/p>\n","protected":false},"author":5,"featured_media":1357,"parent":0,"menu_order":0,"comment_status":"closed","ping_status":"closed","template":"","meta":[],"yoast_head":"<!-- This site is optimized with the Yoast SEO plugin v19.8 - https:\/\/yoast.com\/wordpress\/plugins\/seo\/ -->\n<title>Trajektna luka Makarska, dolasci i polasci iz luke 2024.<\/title>\n<meta name=\"description\" content=\"Trajektna luka Makarska - sve informacije koje vam trebaju za putovanje trajektom ili katamaranom iz Makarske\" \/>\n<meta name=\"robots\" content=\"index, follow, max-snippet:-1, max-image-preview:large, max-video-preview:-1\" \/>\n<link rel=\"canonical\" href=\"https:\/\/www.ferrycroatia.com\/hr\/trajektna-luka-makarska\/\" \/>\n<meta property=\"og:locale\" content=\"en_US\" \/>\n<meta property=\"og:type\" content=\"article\" \/>\n<meta property=\"og:title\" content=\"Trajektna luka Makarska, dolasci i polasci iz luke 2024.\" \/>\n<meta property=\"og:description\" content=\"Trajektna luka Makarska - sve informacije koje vam trebaju za putovanje trajektom ili katamaranom iz Makarske\" \/>\n<meta property=\"og:url\" content=\"https:\/\/www.ferrycroatia.com\/hr\/trajektna-luka-makarska\/\" \/>\n<meta property=\"og:site_name\" content=\"Trajekti Hrvatska\" \/>\n<meta property=\"article:modified_time\" content=\"2024-06-17T13:32:11+00:00\" \/>\n<meta property=\"og:image\" content=\"https:\/\/www.ferrycroatia.com\/hr\/wp-content\/uploads\/2021\/01\/Makarska-ferry.jpg\" \/>\n\t<meta property=\"og:image:width\" content=\"1024\" \/>\n\t<meta property=\"og:image:height\" content=\"768\" \/>\n\t<meta property=\"og:image:type\" content=\"image\/jpeg\" \/>\n<meta name=\"twitter:card\" content=\"summary_large_image\" \/>\n<meta name=\"twitter:label1\" content=\"Est. reading time\" \/>\n\t<meta name=\"twitter:data1\" content=\"3 minutes\" \/>\n<script type=\"application\/ld+json\" class=\"yoast-schema-graph\">{\"@context\":\"https:\/\/schema.org\",\"@graph\":[{\"@type\":\"WebPage\",\"@id\":\"https:\/\/www.ferrycroatia.com\/hr\/trajektna-luka-makarska\/\",\"url\":\"https:\/\/www.ferrycroatia.com\/hr\/trajektna-luka-makarska\/\",\"name\":\"Trajektna luka Makarska, dolasci i polasci iz luke 2024.\",\"isPartOf\":{\"@id\":\"https:\/\/www.ferrycroatia.com\/hr\/#website\"},\"datePublished\":\"2021-01-28T12:06:30+00:00\",\"dateModified\":\"2024-06-17T13:32:11+00:00\",\"description\":\"Trajektna luka Makarska - sve informacije koje vam trebaju za putovanje trajektom ili katamaranom iz Makarske\",\"breadcrumb\":{\"@id\":\"https:\/\/www.ferrycroatia.com\/hr\/trajektna-luka-makarska\/#breadcrumb\"},\"inLanguage\":\"en-US\",\"potentialAction\":[{\"@type\":\"ReadAction\",\"target\":[\"https:\/\/www.ferrycroatia.com\/hr\/trajektna-luka-makarska\/\"]}]},{\"@type\":\"BreadcrumbList\",\"@id\":\"https:\/\/www.ferrycroatia.com\/hr\/trajektna-luka-makarska\/#breadcrumb\",\"itemListElement\":[{\"@type\":\"ListItem\",\"position\":1,\"name\":\"Home\",\"item\":\"https:\/\/www.ferrycroatia.com\/hr\/\"},{\"@type\":\"ListItem\",\"position\":2,\"name\":\"Trajektna luka Makarska\"}]},{\"@type\":\"WebSite\",\"@id\":\"https:\/\/www.ferrycroatia.com\/hr\/#website\",\"url\":\"https:\/\/www.ferrycroatia.com\/hr\/\",\"name\":\"Trajekti Hrvatska\",\"description\":\"Vozni red za sve trajekte i katamarane u Hrvatskoj\",\"potentialAction\":[{\"@type\":\"SearchAction\",\"target\":{\"@type\":\"EntryPoint\",\"urlTemplate\":\"https:\/\/www.ferrycroatia.com\/hr\/?s={search_term_string}\"},\"query-input\":\"required name=search_term_string\"}],\"inLanguage\":\"en-US\"}]}<\/script>\n<!-- \/ Yoast SEO plugin. -->","yoast_head_json":{"title":"Trajektna luka Makarska, dolasci i polasci iz luke 2024.","description":"Trajektna luka Makarska - sve informacije koje vam trebaju za putovanje trajektom ili katamaranom iz Makarske","robots":{"index":"index","follow":"follow","max-snippet":"max-snippet:-1","max-image-preview":"max-image-preview:large","max-video-preview":"max-video-preview:-1"},"canonical":"https:\/\/www.ferrycroatia.com\/hr\/trajektna-luka-makarska\/","og_locale":"en_US","og_type":"article","og_title":"Trajektna luka Makarska, dolasci i polasci iz luke 2024.","og_description":"Trajektna luka Makarska - sve informacije koje vam trebaju za putovanje trajektom ili katamaranom iz Makarske","og_url":"https:\/\/www.ferrycroatia.com\/hr\/trajektna-luka-makarska\/","og_site_name":"Trajekti Hrvatska","article_modified_time":"2024-06-17T13:32:11+00:00","og_image":[{"width":1024,"height":768,"url":"https:\/\/www.ferrycroatia.com\/hr\/wp-content\/uploads\/2021\/01\/Makarska-ferry.jpg","type":"image\/jpeg"}],"twitter_card":"summary_large_image","twitter_misc":{"Est. reading time":"3 minutes"},"schema":{"@context":"https:\/\/schema.org","@graph":[{"@type":"WebPage","@id":"https:\/\/www.ferrycroatia.com\/hr\/trajektna-luka-makarska\/","url":"https:\/\/www.ferrycroatia.com\/hr\/trajektna-luka-makarska\/","name":"Trajektna luka Makarska, dolasci i polasci iz luke 2024.","isPartOf":{"@id":"https:\/\/www.ferrycroatia.com\/hr\/#website"},"datePublished":"2021-01-28T12:06:30+00:00","dateModified":"2024-06-17T13:32:11+00:00","description":"Trajektna luka Makarska - sve informacije koje vam trebaju za putovanje trajektom ili katamaranom iz Makarske","breadcrumb":{"@id":"https:\/\/www.ferrycroatia.com\/hr\/trajektna-luka-makarska\/#breadcrumb"},"inLanguage":"en-US","potentialAction":[{"@type":"ReadAction","target":["https:\/\/www.ferrycroatia.com\/hr\/trajektna-luka-makarska\/"]}]},{"@type":"BreadcrumbList","@id":"https:\/\/www.ferrycroatia.com\/hr\/trajektna-luka-makarska\/#breadcrumb","itemListElement":[{"@type":"ListItem","position":1,"name":"Home","item":"https:\/\/www.ferrycroatia.com\/hr\/"},{"@type":"ListItem","position":2,"name":"Trajektna luka Makarska"}]},{"@type":"WebSite","@id":"https:\/\/www.ferrycroatia.com\/hr\/#website","url":"https:\/\/www.ferrycroatia.com\/hr\/","name":"Trajekti Hrvatska","description":"Vozni red za sve trajekte i katamarane u Hrvatskoj","potentialAction":[{"@type":"SearchAction","target":{"@type":"EntryPoint","urlTemplate":"https:\/\/www.ferrycroatia.com\/hr\/?s={search_term_string}"},"query-input":"required name=search_term_string"}],"inLanguage":"en-US"}]}},"_links":{"self":[{"href":"https:\/\/www.ferrycroatia.com\/hr\/wp-json\/wp\/v2\/pages\/1355"}],"collection":[{"href":"https:\/\/www.ferrycroatia.com\/hr\/wp-json\/wp\/v2\/pages"}],"about":[{"href":"https:\/\/www.ferrycroatia.com\/hr\/wp-json\/wp\/v2\/types\/page"}],"author":[{"embeddable":true,"href":"https:\/\/www.ferrycroatia.com\/hr\/wp-json\/wp\/v2\/users\/5"}],"replies":[{"embeddable":true,"href":"https:\/\/www.ferrycroatia.com\/hr\/wp-json\/wp\/v2\/comments?post=1355"}],"version-history":[{"count":5,"href":"https:\/\/www.ferrycroatia.com\/hr\/wp-json\/wp\/v2\/pages\/1355\/revisions"}],"predecessor-version":[{"id":4048,"href":"https:\/\/www.ferrycroatia.com\/hr\/wp-json\/wp\/v2\/pages\/1355\/revisions\/4048"}],"wp:featuredmedia":[{"embeddable":true,"href":"https:\/\/www.ferrycroatia.com\/hr\/wp-json\/wp\/v2\/media\/1357"}],"wp:attachment":[{"href":"https:\/\/www.ferrycroatia.com\/hr\/wp-json\/wp\/v2\/media?parent=1355"}],"curies":[{"name":"wp","href":"https:\/\/api.w.org\/{rel}","templated":true}]}}