{"id":1365,"date":"2021-01-28T12:25:04","date_gmt":"2021-01-28T12:25:04","guid":{"rendered":"https:\/\/ferrycroatia.com\/hr\/?page_id=1365"},"modified":"2021-04-08T12:03:04","modified_gmt":"2021-04-08T10:03:04","slug":"trajektna-luka-milna","status":"publish","type":"page","link":"https:\/\/www.ferrycroatia.com\/hr\/trajektna-luka-milna\/","title":{"rendered":"Trajektna luka Milna"},"content":{"rendered":"\n<p><strong>Gradi\u0107 Milna <\/strong>smje\u0161ten je na zapadnoj strani otoka Bra\u010da u uskoj uvali, dobro za\u0161ti\u0107en od vjetra i valova. Luka Milna uglavnom je namijenjena privatnim brodovima i&nbsp; jedrilicama i stoga do nje nisu uspostavljene trajektne, ve\u0107 samo katamaranske linije (brzi putni\u010dki brod). Luka je <strong>smje\u0161tena u sredi\u0161tu grada<\/strong> kraj glavne \u0161etnice uz more. Trajektna luka Milna povezana je redovitim katamaranskim linijama sa <strong>Splitom, Dubrovnikom i otocima Hvarom, Kor\u010dulom i Mljetom.<\/strong><\/p>\n\n\n\n<h3>Kako do\u0107i do luke Milna<\/h3>\n\n\n\n<p>Pristani\u0161te s kojeg polazi katamaran nalazi se u samom sredi\u0161tu Milne, a budu\u0107i da je ona zaista mali oto\u010dni grad, bez obzira na to gdje se nalazite, lako je do\u0107i do \u017eeljene lokacije pje\u0161ice. Do Milne je <strong>prili\u010dno lako do\u0107i autobusom iz drugih gradova na otoku<\/strong>. <a href=\"https:\/\/getbybus.com\/hr\/autobus-milna-brac\">Autobusna stanica Milna<\/a> nalazi se u blizini luke i povezano je s ve\u0107inom ostalih gradova na <strong>otoku Bra\u010du.<\/strong><\/p>\n\n\n\n<h3>Kako do\u0107i od Milne do Zra\u010dne luke Split<\/h3>\n\n\n\n<p>Milna je sa Splitom i Dubrovnikom povezana redovitim katamaranskim linijama. <strong>Kada do\u0111ete do jednog od navedenih gradova<\/strong>, prona\u0107i \u0107ete autobusni kolodvor u blizini trajektne luke. Od njega se vozite shuttle autobusom do zra\u010dne luke. Ako imate puno prtljage i ne \u017eelite dodatnu gnjava\u017eu, vozite se taksijem ili zaka\u017eite privatni transfer do zra\u010dne luke.<\/p>\n\n\n\n<h3>\u0160to se nalazi u blizini luke Milna<\/h3>\n\n\n\n<p>Kao \u0161to je ve\u0107 spomenuto, Milna nije velik grad i gotovo sve \u0161to vam treba mo\u017eete prona\u0107i u blizini luke (kafi\u0107i, restorani, trgovine, itd.).<\/p>\n\n\n\n<h3>Adresa trajektne luke Milna<\/h3>\n\n\n\n<ul><li>D114 4<\/li><li>21 405 Milna (Bra\u010d)<\/li><li><strong>GPS koordinate: <\/strong>43.32677, 16.44747<\/li><\/ul>\n\n\n\n<figure class=\"wp-block-image size-large\"><img decoding=\"async\" loading=\"lazy\" width=\"800\" height=\"588\" data-src=\"https:\/\/ferrycroatia.com\/hr\/wp-content\/uploads\/2021\/01\/Milna.jpg\" alt=\"Trajektna luka Milna\" class=\"wp-image-1366\" data-srcset=\"https:\/\/www.ferrycroatia.com\/hr\/wp-content\/uploads\/2021\/01\/Milna.jpg 800w, https:\/\/www.ferrycroatia.com\/hr\/wp-content\/uploads\/2021\/01\/Milna-300x221.jpg 300w, https:\/\/www.ferrycroatia.com\/hr\/wp-content\/uploads\/2021\/01\/Milna-768x564.jpg 768w\" sizes=\"(max-width: 800px) 100vw, 800px\" \/><\/figure>\n\n\n\n<h3>Popis dostupnih ruta od\/do Milne<\/h3>\n\n\n\n<p>\u2192 Katamaran: Split &#8211; Milna (Bra\u010d) -Hvar-Kor\u010dula-Mljet-Dubrovnik<\/p>\n\n\n\n<ul><li>&nbsp; <a href=\"http:\/\/ferrycroatia.com\/hr\/milna-split\/\">Milna &#8211; Split<\/a><\/li><li>&nbsp; <a href=\"http:\/\/ferrycroatia.com\/hr\/milna-hvar\/\">Milna &#8211; Hvar<\/a><\/li><li>&nbsp; <a href=\"http:\/\/ferrycroatia.com\/hr\/milna-korcula\/\">Milna &#8211; Kor\u010dula<\/a><\/li><li>&nbsp; <a href=\"http:\/\/ferrycroatia.com\/hr\/milna-sobra\/\">Milna &#8211; Mljet<\/a><\/li><li>&nbsp; <a href=\"http:\/\/ferrycroatia.com\/hr\/milna-dubrovnik\/\">Milna &#8211; Dubrovnik<\/a><\/li><\/ul>\n\n\n\n<p>\u2192 Katamaran: Split &#8211; Milna (Bra\u010d) &#8211; Hvar &#8211; Vis<\/p>\n\n\n\n<ul><li>&nbsp; <a href=\"http:\/\/ferrycroatia.com\/hr\/milna-vis\/\">Milna &#8211; Vis<\/a><\/li><\/ul>\n","protected":false},"excerpt":{"rendered":"<p>Gradi\u0107 Milna smje\u0161ten je na zapadnoj strani otoka Bra\u010da u uskoj uvali, dobro za\u0161ti\u0107en od vjetra i valova. Luka Milna uglavnom je namijenjena privatnim brodovima i&nbsp; jedrilicama i stoga do nje nisu uspostavljene trajektne, ve\u0107 samo katamaranske linije (brzi putni\u010dki brod). Luka je smje\u0161tena u sredi\u0161tu grada kraj glavne \u0161etnice uz more. Trajektna luka Milna [&hellip;]<\/p>\n<p><a class=\"more-link\" href=\"https:\/\/www.ferrycroatia.com\/hr\/trajektna-luka-milna\/\"> Continue reading&#8230;<\/a><\/p>\n","protected":false},"author":5,"featured_media":0,"parent":0,"menu_order":0,"comment_status":"closed","ping_status":"closed","template":"","meta":[],"yoast_head":"<!-- This site is optimized with the Yoast SEO plugin v19.8 - https:\/\/yoast.com\/wordpress\/plugins\/seo\/ -->\n<title>Trajektna luka Milna, dolasci i polasci iz luke<\/title>\n<meta name=\"robots\" content=\"index, follow, max-snippet:-1, max-image-preview:large, max-video-preview:-1\" \/>\n<link rel=\"canonical\" href=\"https:\/\/www.ferrycroatia.com\/hr\/trajektna-luka-milna\/\" \/>\n<meta property=\"og:locale\" content=\"en_US\" \/>\n<meta property=\"og:type\" content=\"article\" \/>\n<meta property=\"og:title\" content=\"Trajektna luka Milna, dolasci i polasci iz luke\" \/>\n<meta property=\"og:description\" content=\"Gradi\u0107 Milna smje\u0161ten je na zapadnoj strani otoka Bra\u010da u uskoj uvali, dobro za\u0161ti\u0107en od vjetra i valova. Luka Milna uglavnom je namijenjena privatnim brodovima i&nbsp; jedrilicama i stoga do nje nisu uspostavljene trajektne, ve\u0107 samo katamaranske linije (brzi putni\u010dki brod). Luka je smje\u0161tena u sredi\u0161tu grada kraj glavne \u0161etnice uz more. Trajektna luka Milna [&hellip;] Continue reading...\" \/>\n<meta property=\"og:url\" content=\"https:\/\/www.ferrycroatia.com\/hr\/trajektna-luka-milna\/\" \/>\n<meta property=\"og:site_name\" content=\"Trajekti Hrvatska\" \/>\n<meta property=\"article:modified_time\" content=\"2021-04-08T10:03:04+00:00\" \/>\n<meta property=\"og:image\" content=\"https:\/\/ferrycroatia.com\/hr\/wp-content\/uploads\/2021\/01\/Milna.jpg\" \/>\n<meta name=\"twitter:card\" content=\"summary_large_image\" \/>\n<meta name=\"twitter:label1\" content=\"Est. reading time\" \/>\n\t<meta name=\"twitter:data1\" content=\"2 minutes\" \/>\n<script type=\"application\/ld+json\" class=\"yoast-schema-graph\">{\"@context\":\"https:\/\/schema.org\",\"@graph\":[{\"@type\":\"WebPage\",\"@id\":\"https:\/\/www.ferrycroatia.com\/hr\/trajektna-luka-milna\/\",\"url\":\"https:\/\/www.ferrycroatia.com\/hr\/trajektna-luka-milna\/\",\"name\":\"Trajektna luka Milna, dolasci i polasci iz luke\",\"isPartOf\":{\"@id\":\"https:\/\/www.ferrycroatia.com\/hr\/#website\"},\"datePublished\":\"2021-01-28T12:25:04+00:00\",\"dateModified\":\"2021-04-08T10:03:04+00:00\",\"breadcrumb\":{\"@id\":\"https:\/\/www.ferrycroatia.com\/hr\/trajektna-luka-milna\/#breadcrumb\"},\"inLanguage\":\"en-US\",\"potentialAction\":[{\"@type\":\"ReadAction\",\"target\":[\"https:\/\/www.ferrycroatia.com\/hr\/trajektna-luka-milna\/\"]}]},{\"@type\":\"BreadcrumbList\",\"@id\":\"https:\/\/www.ferrycroatia.com\/hr\/trajektna-luka-milna\/#breadcrumb\",\"itemListElement\":[{\"@type\":\"ListItem\",\"position\":1,\"name\":\"Home\",\"item\":\"https:\/\/www.ferrycroatia.com\/hr\/\"},{\"@type\":\"ListItem\",\"position\":2,\"name\":\"Trajektna luka Milna\"}]},{\"@type\":\"WebSite\",\"@id\":\"https:\/\/www.ferrycroatia.com\/hr\/#website\",\"url\":\"https:\/\/www.ferrycroatia.com\/hr\/\",\"name\":\"Trajekti Hrvatska\",\"description\":\"Vozni red za sve trajekte i katamarane u Hrvatskoj\",\"potentialAction\":[{\"@type\":\"SearchAction\",\"target\":{\"@type\":\"EntryPoint\",\"urlTemplate\":\"https:\/\/www.ferrycroatia.com\/hr\/?s={search_term_string}\"},\"query-input\":\"required name=search_term_string\"}],\"inLanguage\":\"en-US\"}]}<\/script>\n<!-- \/ Yoast SEO plugin. -->","yoast_head_json":{"title":"Trajektna luka Milna, dolasci i polasci iz luke","robots":{"index":"index","follow":"follow","max-snippet":"max-snippet:-1","max-image-preview":"max-image-preview:large","max-video-preview":"max-video-preview:-1"},"canonical":"https:\/\/www.ferrycroatia.com\/hr\/trajektna-luka-milna\/","og_locale":"en_US","og_type":"article","og_title":"Trajektna luka Milna, dolasci i polasci iz luke","og_description":"Gradi\u0107 Milna smje\u0161ten je na zapadnoj strani otoka Bra\u010da u uskoj uvali, dobro za\u0161ti\u0107en od vjetra i valova. Luka Milna uglavnom je namijenjena privatnim brodovima i&nbsp; jedrilicama i stoga do nje nisu uspostavljene trajektne, ve\u0107 samo katamaranske linije (brzi putni\u010dki brod). Luka je smje\u0161tena u sredi\u0161tu grada kraj glavne \u0161etnice uz more. Trajektna luka Milna [&hellip;] Continue reading...","og_url":"https:\/\/www.ferrycroatia.com\/hr\/trajektna-luka-milna\/","og_site_name":"Trajekti Hrvatska","article_modified_time":"2021-04-08T10:03:04+00:00","og_image":[{"url":"https:\/\/ferrycroatia.com\/hr\/wp-content\/uploads\/2021\/01\/Milna.jpg"}],"twitter_card":"summary_large_image","twitter_misc":{"Est. reading time":"2 minutes"},"schema":{"@context":"https:\/\/schema.org","@graph":[{"@type":"WebPage","@id":"https:\/\/www.ferrycroatia.com\/hr\/trajektna-luka-milna\/","url":"https:\/\/www.ferrycroatia.com\/hr\/trajektna-luka-milna\/","name":"Trajektna luka Milna, dolasci i polasci iz luke","isPartOf":{"@id":"https:\/\/www.ferrycroatia.com\/hr\/#website"},"datePublished":"2021-01-28T12:25:04+00:00","dateModified":"2021-04-08T10:03:04+00:00","breadcrumb":{"@id":"https:\/\/www.ferrycroatia.com\/hr\/trajektna-luka-milna\/#breadcrumb"},"inLanguage":"en-US","potentialAction":[{"@type":"ReadAction","target":["https:\/\/www.ferrycroatia.com\/hr\/trajektna-luka-milna\/"]}]},{"@type":"BreadcrumbList","@id":"https:\/\/www.ferrycroatia.com\/hr\/trajektna-luka-milna\/#breadcrumb","itemListElement":[{"@type":"ListItem","position":1,"name":"Home","item":"https:\/\/www.ferrycroatia.com\/hr\/"},{"@type":"ListItem","position":2,"name":"Trajektna luka Milna"}]},{"@type":"WebSite","@id":"https:\/\/www.ferrycroatia.com\/hr\/#website","url":"https:\/\/www.ferrycroatia.com\/hr\/","name":"Trajekti Hrvatska","description":"Vozni red za sve trajekte i katamarane u Hrvatskoj","potentialAction":[{"@type":"SearchAction","target":{"@type":"EntryPoint","urlTemplate":"https:\/\/www.ferrycroatia.com\/hr\/?s={search_term_string}"},"query-input":"required name=search_term_string"}],"inLanguage":"en-US"}]}},"_links":{"self":[{"href":"https:\/\/www.ferrycroatia.com\/hr\/wp-json\/wp\/v2\/pages\/1365"}],"collection":[{"href":"https:\/\/www.ferrycroatia.com\/hr\/wp-json\/wp\/v2\/pages"}],"about":[{"href":"https:\/\/www.ferrycroatia.com\/hr\/wp-json\/wp\/v2\/types\/page"}],"author":[{"embeddable":true,"href":"https:\/\/www.ferrycroatia.com\/hr\/wp-json\/wp\/v2\/users\/5"}],"replies":[{"embeddable":true,"href":"https:\/\/www.ferrycroatia.com\/hr\/wp-json\/wp\/v2\/comments?post=1365"}],"version-history":[{"count":5,"href":"https:\/\/www.ferrycroatia.com\/hr\/wp-json\/wp\/v2\/pages\/1365\/revisions"}],"predecessor-version":[{"id":2095,"href":"https:\/\/www.ferrycroatia.com\/hr\/wp-json\/wp\/v2\/pages\/1365\/revisions\/2095"}],"wp:attachment":[{"href":"https:\/\/www.ferrycroatia.com\/hr\/wp-json\/wp\/v2\/media?parent=1365"}],"curies":[{"name":"wp","href":"https:\/\/api.w.org\/{rel}","templated":true}]}}