{"id":1371,"date":"2021-01-28T12:29:08","date_gmt":"2021-01-28T12:29:08","guid":{"rendered":"https:\/\/ferrycroatia.com\/hr\/?page_id=1371"},"modified":"2021-04-08T12:08:02","modified_gmt":"2021-04-08T10:08:02","slug":"trajektna-luka-olib","status":"publish","type":"page","link":"https:\/\/www.ferrycroatia.com\/hr\/trajektna-luka-olib\/","title":{"rendered":"Trajektna luka Olib"},"content":{"rendered":"\n<p><strong>Otok Olib nalazi se u sjevernoj Dalmaciji, sjeverozapadno od Zadra<\/strong>. Jedini trajektni terminal nalazi se u \u0161irokom zaljevu na sjeverozapadnoj strani otoka. Trajektni terminal Olib povezan je sa Zadrom (Ga\u017eenica) i otokom Silbom i Premudom. <strong>Zabranjeno je koristiti automobile na otoku<\/strong>, pa ako automobilom do\u0111ete na Olib, morate ga parkirati na odre\u0111enom mjestu uz trajektni terminal.<\/p>\n\n\n\n<h3>Kako do\u0107i do luke u Olibu<\/h3>\n\n\n\n<p>Vo\u017enja katamaranom iz Zadra traje dva sata, a trajektom 3 sata, <strong>ako sletite u zadarsku zra\u010dnu luku i \u017eelite do\u0107i do otoka Oliba<\/strong>, trebat \u0107e vam ukupno nekih 4-5 sati, a ovdje mo\u017eete na\u0107i vi\u0161e informacija o <a href=\"https:\/\/getbybus.com\/hr\/blog\/autobus-zracne-luke-zadar\/\">prijevozu iz Zra\u010dne luke Zadar<\/a>. <br><br><strong>NAPOMENA<\/strong>: Pogledajte polazak katamaranom sa <a href=\"https:\/\/ferrycroatia.com\/hr\/trajektna-luka-zadar\/\">starog gradskog pristani\u0161ta u Zadru i trajektni polazak s <strong>terminala Zadar (Ga\u017eenica)<\/strong><\/a>.<\/p>\n\n\n\n<p>Jedino mjesto <strong>gdje mo\u017eete odsjesti na otoku Olib je grad Olib<\/strong>, koji se nalazi nekoliko stotina metara pje\u0161ice od trajektnog terminala, tako da bez obzira gdje odsjeli, do trajektnog terminala lako mo\u017eete do\u0107i pje\u0161ice. To je ujedno i jedini na\u010din jer automobili nisu dopu\u0161teni na otoku.<\/p>\n\n\n\n<h3>\u0160to se nalazi u blizini luke Olib<\/h3>\n\n\n\n<p>Kao \u0161to je ve\u0107 navedeno, Olib je <strong>stvarno malo oto\u010dno mjesto<\/strong> i tu nema puno objekata, tek nekoliko kafi\u0107a, restorana i trgovina.<\/p>\n\n\n\n<h3>Adresa luke Olib<\/h3>\n\n\n\n<ul><li>Du\u017eina: 14.776787<\/li><li>\u0160irina: 44.380771<\/li><li>23296 Olib (Olib)<\/li><\/ul>\n\n\n\n<figure class=\"wp-block-image\"><img decoding=\"async\" data-src=\"https:\/\/lh5.googleusercontent.com\/sPWHymcwwAvmKhFNPfME-ZH6pz-6b0vD6KJoYfSxfM0vDspS-S94R-Bz61VqL5h8_Z3zL4WQCBytpuaC_xVJZi0SQVwafLz8aiG43lp-r4gfKaM9X_EDK-Ka42fzP9tuNKCDYntW\" alt=\"Trajektna luka Olib\"\/><\/figure>\n\n\n\n<h3>Popis trajektnih i katamaranskih linija od\/do otoka Olib<\/h3>\n\n\n\n<p>\u2192 Trajekt: Zadar (Ga\u017eenica) \u2013 Ist \u2013 Olib \u2013 Silba \u2013 Premuda \u2013 Mali Lo\u0161inj<\/p>\n\n\n\n<ul><li><a href=\"http:\/\/ferrycroatia.com\/hr\/olib-zadar\/\">Olib \u2013 Zadar<\/a><\/li><li><a href=\"http:\/\/ferrycroatia.com\/hr\/olib-silba\/\">Olib \u2013 Silba<\/a><\/li><li><a href=\"http:\/\/ferrycroatia.com\/hr\/olib-ist\/\">Olib \u2013 Ist<\/a><\/li><li><a href=\"http:\/\/ferrycroatia.com\/hr\/olib-premuda\/\">Olib \u2013 Premuda<\/a><\/li><li><a href=\"http:\/\/ferrycroatia.com\/hr\/olib-mali-losinj\/\">Olib \u2013 Mali Lo\u0161inj<\/a><\/li><\/ul>\n\n\n\n<p>\u2192 Katamaran: Zadar \u2013 Krijal (Premuda) \u2013 Silba \u2013 Olib<\/p>\n\n\n\n<ul><li>Olib \u2013 Krijal<\/li><\/ul>\n","protected":false},"excerpt":{"rendered":"<p>Otok Olib nalazi se u sjevernoj Dalmaciji, sjeverozapadno od Zadra. Jedini trajektni terminal nalazi se u \u0161irokom zaljevu na sjeverozapadnoj strani otoka. Trajektni terminal Olib povezan je sa Zadrom (Ga\u017eenica) i otokom Silbom i Premudom. Zabranjeno je koristiti automobile na otoku, pa ako automobilom do\u0111ete na Olib, morate ga parkirati na odre\u0111enom mjestu uz trajektni [&hellip;]<\/p>\n<p><a class=\"more-link\" href=\"https:\/\/www.ferrycroatia.com\/hr\/trajektna-luka-olib\/\"> Continue reading&#8230;<\/a><\/p>\n","protected":false},"author":5,"featured_media":0,"parent":0,"menu_order":0,"comment_status":"closed","ping_status":"closed","template":"","meta":[],"yoast_head":"<!-- This site is optimized with the Yoast SEO plugin v19.8 - https:\/\/yoast.com\/wordpress\/plugins\/seo\/ -->\n<title>Trajektna luka Olib, dolasci i polasci iz luke<\/title>\n<meta name=\"robots\" content=\"index, follow, max-snippet:-1, max-image-preview:large, max-video-preview:-1\" \/>\n<link rel=\"canonical\" href=\"https:\/\/www.ferrycroatia.com\/hr\/trajektna-luka-olib\/\" \/>\n<meta property=\"og:locale\" content=\"en_US\" \/>\n<meta property=\"og:type\" content=\"article\" \/>\n<meta property=\"og:title\" content=\"Trajektna luka Olib, dolasci i polasci iz luke\" \/>\n<meta property=\"og:description\" content=\"Otok Olib nalazi se u sjevernoj Dalmaciji, sjeverozapadno od Zadra. Jedini trajektni terminal nalazi se u \u0161irokom zaljevu na sjeverozapadnoj strani otoka. Trajektni terminal Olib povezan je sa Zadrom (Ga\u017eenica) i otokom Silbom i Premudom. Zabranjeno je koristiti automobile na otoku, pa ako automobilom do\u0111ete na Olib, morate ga parkirati na odre\u0111enom mjestu uz trajektni [&hellip;] Continue reading...\" \/>\n<meta property=\"og:url\" content=\"https:\/\/www.ferrycroatia.com\/hr\/trajektna-luka-olib\/\" \/>\n<meta property=\"og:site_name\" content=\"Trajekti Hrvatska\" \/>\n<meta property=\"article:modified_time\" content=\"2021-04-08T10:08:02+00:00\" \/>\n<meta property=\"og:image\" content=\"https:\/\/lh5.googleusercontent.com\/sPWHymcwwAvmKhFNPfME-ZH6pz-6b0vD6KJoYfSxfM0vDspS-S94R-Bz61VqL5h8_Z3zL4WQCBytpuaC_xVJZi0SQVwafLz8aiG43lp-r4gfKaM9X_EDK-Ka42fzP9tuNKCDYntW\" \/>\n<meta name=\"twitter:card\" content=\"summary_large_image\" \/>\n<meta name=\"twitter:label1\" content=\"Est. reading time\" \/>\n\t<meta name=\"twitter:data1\" content=\"1 minute\" \/>\n<script type=\"application\/ld+json\" class=\"yoast-schema-graph\">{\"@context\":\"https:\/\/schema.org\",\"@graph\":[{\"@type\":\"WebPage\",\"@id\":\"https:\/\/www.ferrycroatia.com\/hr\/trajektna-luka-olib\/\",\"url\":\"https:\/\/www.ferrycroatia.com\/hr\/trajektna-luka-olib\/\",\"name\":\"Trajektna luka Olib, dolasci i polasci iz luke\",\"isPartOf\":{\"@id\":\"https:\/\/www.ferrycroatia.com\/hr\/#website\"},\"datePublished\":\"2021-01-28T12:29:08+00:00\",\"dateModified\":\"2021-04-08T10:08:02+00:00\",\"breadcrumb\":{\"@id\":\"https:\/\/www.ferrycroatia.com\/hr\/trajektna-luka-olib\/#breadcrumb\"},\"inLanguage\":\"en-US\",\"potentialAction\":[{\"@type\":\"ReadAction\",\"target\":[\"https:\/\/www.ferrycroatia.com\/hr\/trajektna-luka-olib\/\"]}]},{\"@type\":\"BreadcrumbList\",\"@id\":\"https:\/\/www.ferrycroatia.com\/hr\/trajektna-luka-olib\/#breadcrumb\",\"itemListElement\":[{\"@type\":\"ListItem\",\"position\":1,\"name\":\"Home\",\"item\":\"https:\/\/www.ferrycroatia.com\/hr\/\"},{\"@type\":\"ListItem\",\"position\":2,\"name\":\"Trajektna luka Olib\"}]},{\"@type\":\"WebSite\",\"@id\":\"https:\/\/www.ferrycroatia.com\/hr\/#website\",\"url\":\"https:\/\/www.ferrycroatia.com\/hr\/\",\"name\":\"Trajekti Hrvatska\",\"description\":\"Vozni red za sve trajekte i katamarane u Hrvatskoj\",\"potentialAction\":[{\"@type\":\"SearchAction\",\"target\":{\"@type\":\"EntryPoint\",\"urlTemplate\":\"https:\/\/www.ferrycroatia.com\/hr\/?s={search_term_string}\"},\"query-input\":\"required name=search_term_string\"}],\"inLanguage\":\"en-US\"}]}<\/script>\n<!-- \/ Yoast SEO plugin. -->","yoast_head_json":{"title":"Trajektna luka Olib, dolasci i polasci iz luke","robots":{"index":"index","follow":"follow","max-snippet":"max-snippet:-1","max-image-preview":"max-image-preview:large","max-video-preview":"max-video-preview:-1"},"canonical":"https:\/\/www.ferrycroatia.com\/hr\/trajektna-luka-olib\/","og_locale":"en_US","og_type":"article","og_title":"Trajektna luka Olib, dolasci i polasci iz luke","og_description":"Otok Olib nalazi se u sjevernoj Dalmaciji, sjeverozapadno od Zadra. Jedini trajektni terminal nalazi se u \u0161irokom zaljevu na sjeverozapadnoj strani otoka. Trajektni terminal Olib povezan je sa Zadrom (Ga\u017eenica) i otokom Silbom i Premudom. Zabranjeno je koristiti automobile na otoku, pa ako automobilom do\u0111ete na Olib, morate ga parkirati na odre\u0111enom mjestu uz trajektni [&hellip;] Continue reading...","og_url":"https:\/\/www.ferrycroatia.com\/hr\/trajektna-luka-olib\/","og_site_name":"Trajekti Hrvatska","article_modified_time":"2021-04-08T10:08:02+00:00","og_image":[{"url":"https:\/\/lh5.googleusercontent.com\/sPWHymcwwAvmKhFNPfME-ZH6pz-6b0vD6KJoYfSxfM0vDspS-S94R-Bz61VqL5h8_Z3zL4WQCBytpuaC_xVJZi0SQVwafLz8aiG43lp-r4gfKaM9X_EDK-Ka42fzP9tuNKCDYntW"}],"twitter_card":"summary_large_image","twitter_misc":{"Est. reading time":"1 minute"},"schema":{"@context":"https:\/\/schema.org","@graph":[{"@type":"WebPage","@id":"https:\/\/www.ferrycroatia.com\/hr\/trajektna-luka-olib\/","url":"https:\/\/www.ferrycroatia.com\/hr\/trajektna-luka-olib\/","name":"Trajektna luka Olib, dolasci i polasci iz luke","isPartOf":{"@id":"https:\/\/www.ferrycroatia.com\/hr\/#website"},"datePublished":"2021-01-28T12:29:08+00:00","dateModified":"2021-04-08T10:08:02+00:00","breadcrumb":{"@id":"https:\/\/www.ferrycroatia.com\/hr\/trajektna-luka-olib\/#breadcrumb"},"inLanguage":"en-US","potentialAction":[{"@type":"ReadAction","target":["https:\/\/www.ferrycroatia.com\/hr\/trajektna-luka-olib\/"]}]},{"@type":"BreadcrumbList","@id":"https:\/\/www.ferrycroatia.com\/hr\/trajektna-luka-olib\/#breadcrumb","itemListElement":[{"@type":"ListItem","position":1,"name":"Home","item":"https:\/\/www.ferrycroatia.com\/hr\/"},{"@type":"ListItem","position":2,"name":"Trajektna luka Olib"}]},{"@type":"WebSite","@id":"https:\/\/www.ferrycroatia.com\/hr\/#website","url":"https:\/\/www.ferrycroatia.com\/hr\/","name":"Trajekti Hrvatska","description":"Vozni red za sve trajekte i katamarane u Hrvatskoj","potentialAction":[{"@type":"SearchAction","target":{"@type":"EntryPoint","urlTemplate":"https:\/\/www.ferrycroatia.com\/hr\/?s={search_term_string}"},"query-input":"required name=search_term_string"}],"inLanguage":"en-US"}]}},"_links":{"self":[{"href":"https:\/\/www.ferrycroatia.com\/hr\/wp-json\/wp\/v2\/pages\/1371"}],"collection":[{"href":"https:\/\/www.ferrycroatia.com\/hr\/wp-json\/wp\/v2\/pages"}],"about":[{"href":"https:\/\/www.ferrycroatia.com\/hr\/wp-json\/wp\/v2\/types\/page"}],"author":[{"embeddable":true,"href":"https:\/\/www.ferrycroatia.com\/hr\/wp-json\/wp\/v2\/users\/5"}],"replies":[{"embeddable":true,"href":"https:\/\/www.ferrycroatia.com\/hr\/wp-json\/wp\/v2\/comments?post=1371"}],"version-history":[{"count":4,"href":"https:\/\/www.ferrycroatia.com\/hr\/wp-json\/wp\/v2\/pages\/1371\/revisions"}],"predecessor-version":[{"id":2101,"href":"https:\/\/www.ferrycroatia.com\/hr\/wp-json\/wp\/v2\/pages\/1371\/revisions\/2101"}],"wp:attachment":[{"href":"https:\/\/www.ferrycroatia.com\/hr\/wp-json\/wp\/v2\/media?parent=1371"}],"curies":[{"name":"wp","href":"https:\/\/api.w.org\/{rel}","templated":true}]}}