{"id":1373,"date":"2021-01-28T12:31:15","date_gmt":"2021-01-28T12:31:15","guid":{"rendered":"https:\/\/ferrycroatia.com\/hr\/?page_id=1373"},"modified":"2021-04-08T12:13:57","modified_gmt":"2021-04-08T10:13:57","slug":"trajektna-luka-orebic","status":"publish","type":"page","link":"https:\/\/www.ferrycroatia.com\/hr\/trajektna-luka-orebic\/","title":{"rendered":"Trajektna luka Orebi\u0107"},"content":{"rendered":"\n<p><strong>Grad Orebi\u0107 smje\u0161ten je na jugozapadnoj strani poluotoka Pelje\u0161ca<\/strong>. Nije povezan s kopnom, ve\u0107 samo s otokom Kor\u010dulom redovnim trajektnim linijama. Trajektna luka nalazi se zapadno od centra grada. Orebi\u0107 je povezan s trajektnom lukom Domin\u010de (<strong>u blizini grada Kor\u010dule<\/strong>) redovnim trajektnim linijama i jednom linijom s gradom Kor\u010dulom koju nudi privatna tvrtka.<\/p>\n\n\n\n<h3>Kako do\u0107i do luke Orebi\u0107<\/h3>\n\n\n\n<p>Orebi\u0107 je stvarno mali grad i bez obzira na to gdje se nalazite, do trajektne luke lako je do\u0107i pje\u0161ice. Ukoliko nosite puno prtljage, razmotrite opciju i taksi slu\u017ebe. Vo\u017enja ne\u0107e biti skupa jer se sve nalazi na prili\u010dno maloj udaljenosti. Glavni <a href=\"https:\/\/getbybus.com\/hr\/autobus-orebic\">autobusni kolodvor u Orebi\u0107u<\/a> udaljen je oko 1 km od trajektne luke. Neki se autobusi zaustavljaju na glavnom kolodvoru, a neki na stanici u trajektnoj luci pa svakako provjerite to\u010dnu lokaciju ukrcaja\/iskrcaja.<\/p>\n\n\n\n<h3>Kako do\u0107i iz Orebi\u0107a do Dubrovnika<\/h3>\n\n\n\n<p>Ako ste na otoku Kor\u010duli i putujete automobilom do zra\u010dne luke Dubrovnik, prvo trebate do\u0107i trajektom iz Domin\u010da do Orebi\u0107a. Od tamo nastavljate vo\u017enju do Zra\u010dne luke Dubrovnik (130 km). Postoji jo\u0161 jedna opcija ako odsjedate u Orebi\u0107u. Mo\u017eete i\u0107i autobusom od Orebi\u0107a do glavnog autobusnog kolodvora u Dubrovniku gdje putovanje nastavljate autobusom do zra\u010dne luke.<\/p>\n\n\n\n<h3>\u0160to se nalazi u blizini luke Orebi\u0107<\/h3>\n\n\n\n<p>Kao \u0161to je ve\u0107 spomenuto, trajektna luka nalazi se blizu centra grada. Budu\u0107i da je lako do\u0107i do svih sadr\u017eaja pje\u0161ice, u blizini trajektne luke mo\u017eete prona\u0107i kafi\u0107e, restorane, trgovine, itd.<\/p>\n\n\n\n<h3>Adresa Trajektne luke Orebi\u0107<\/h3>\n\n\n\n<ul><li>Ulica bana Josipa Jela\u010di\u0107a 36<\/li><li>20250 Orebi\u0107 (Pelje\u0161ac)<\/li><li>GPS koordinate: 42.97276, 17.17495<\/li><\/ul>\n\n\n\n<figure class=\"wp-block-image size-large\"><img decoding=\"async\" loading=\"lazy\" width=\"800\" height=\"532\" data-src=\"https:\/\/ferrycroatia.com\/hr\/wp-content\/uploads\/2021\/01\/Orebic.jpg\" alt=\"Trajektna luka Orebi\u0107\" class=\"wp-image-1374\" data-srcset=\"https:\/\/www.ferrycroatia.com\/hr\/wp-content\/uploads\/2021\/01\/Orebic.jpg 800w, https:\/\/www.ferrycroatia.com\/hr\/wp-content\/uploads\/2021\/01\/Orebic-300x200.jpg 300w, https:\/\/www.ferrycroatia.com\/hr\/wp-content\/uploads\/2021\/01\/Orebic-768x511.jpg 768w\" sizes=\"(max-width: 800px) 100vw, 800px\" \/><\/figure>\n\n\n\n<h3>Popis dostupnih polazaka iz Orebi\u0107a<\/h3>\n\n\n\n<p>\u2192 Trajekt : Orebi\u0107 \u2013 Domin\u010de (Kor\u010dula)<\/p>\n\n\n\n<ul><li><a href=\"http:\/\/ferrycroatia.com\/hr\/orebic-domince\/\">Orebi\u0107 \u2013 Domin\u010de (Kor\u010dula)<\/a><\/li><\/ul>\n\n\n\n<p>\u2192 Brod: Orebi\u0107 \u2013 Kor\u010dula (grad)<\/p>\n\n\n\n<ul><li>Orebi\u0107 \u2013 Kor\u010dula (grad)<\/li><\/ul>\n","protected":false},"excerpt":{"rendered":"<p>Grad Orebi\u0107 smje\u0161ten je na jugozapadnoj strani poluotoka Pelje\u0161ca. Nije povezan s kopnom, ve\u0107 samo s otokom Kor\u010dulom redovnim trajektnim linijama. Trajektna luka nalazi se zapadno od centra grada. Orebi\u0107 je povezan s trajektnom lukom Domin\u010de (u blizini grada Kor\u010dule) redovnim trajektnim linijama i jednom linijom s gradom Kor\u010dulom koju nudi privatna tvrtka. Kako do\u0107i [&hellip;]<\/p>\n<p><a class=\"more-link\" href=\"https:\/\/www.ferrycroatia.com\/hr\/trajektna-luka-orebic\/\"> Continue reading&#8230;<\/a><\/p>\n","protected":false},"author":5,"featured_media":0,"parent":0,"menu_order":0,"comment_status":"closed","ping_status":"closed","template":"","meta":[],"yoast_head":"<!-- This site is optimized with the Yoast SEO plugin v19.8 - https:\/\/yoast.com\/wordpress\/plugins\/seo\/ -->\n<title>Trajektna luka Orebi\u0107, dolasci i polasci iz luke<\/title>\n<meta name=\"robots\" content=\"index, follow, max-snippet:-1, max-image-preview:large, max-video-preview:-1\" \/>\n<link rel=\"canonical\" href=\"https:\/\/www.ferrycroatia.com\/hr\/trajektna-luka-orebic\/\" \/>\n<meta property=\"og:locale\" content=\"en_US\" \/>\n<meta property=\"og:type\" content=\"article\" \/>\n<meta property=\"og:title\" content=\"Trajektna luka Orebi\u0107, dolasci i polasci iz luke\" \/>\n<meta property=\"og:description\" content=\"Grad Orebi\u0107 smje\u0161ten je na jugozapadnoj strani poluotoka Pelje\u0161ca. Nije povezan s kopnom, ve\u0107 samo s otokom Kor\u010dulom redovnim trajektnim linijama. Trajektna luka nalazi se zapadno od centra grada. Orebi\u0107 je povezan s trajektnom lukom Domin\u010de (u blizini grada Kor\u010dule) redovnim trajektnim linijama i jednom linijom s gradom Kor\u010dulom koju nudi privatna tvrtka. Kako do\u0107i [&hellip;] Continue reading...\" \/>\n<meta property=\"og:url\" content=\"https:\/\/www.ferrycroatia.com\/hr\/trajektna-luka-orebic\/\" \/>\n<meta property=\"og:site_name\" content=\"Trajekti Hrvatska\" \/>\n<meta property=\"article:modified_time\" content=\"2021-04-08T10:13:57+00:00\" \/>\n<meta property=\"og:image\" content=\"https:\/\/ferrycroatia.com\/hr\/wp-content\/uploads\/2021\/01\/Orebic.jpg\" \/>\n<meta name=\"twitter:card\" content=\"summary_large_image\" \/>\n<meta name=\"twitter:label1\" content=\"Est. reading time\" \/>\n\t<meta name=\"twitter:data1\" content=\"2 minutes\" \/>\n<script type=\"application\/ld+json\" class=\"yoast-schema-graph\">{\"@context\":\"https:\/\/schema.org\",\"@graph\":[{\"@type\":\"WebPage\",\"@id\":\"https:\/\/www.ferrycroatia.com\/hr\/trajektna-luka-orebic\/\",\"url\":\"https:\/\/www.ferrycroatia.com\/hr\/trajektna-luka-orebic\/\",\"name\":\"Trajektna luka Orebi\u0107, dolasci i polasci iz luke\",\"isPartOf\":{\"@id\":\"https:\/\/www.ferrycroatia.com\/hr\/#website\"},\"datePublished\":\"2021-01-28T12:31:15+00:00\",\"dateModified\":\"2021-04-08T10:13:57+00:00\",\"breadcrumb\":{\"@id\":\"https:\/\/www.ferrycroatia.com\/hr\/trajektna-luka-orebic\/#breadcrumb\"},\"inLanguage\":\"en-US\",\"potentialAction\":[{\"@type\":\"ReadAction\",\"target\":[\"https:\/\/www.ferrycroatia.com\/hr\/trajektna-luka-orebic\/\"]}]},{\"@type\":\"BreadcrumbList\",\"@id\":\"https:\/\/www.ferrycroatia.com\/hr\/trajektna-luka-orebic\/#breadcrumb\",\"itemListElement\":[{\"@type\":\"ListItem\",\"position\":1,\"name\":\"Home\",\"item\":\"https:\/\/www.ferrycroatia.com\/hr\/\"},{\"@type\":\"ListItem\",\"position\":2,\"name\":\"Trajektna luka Orebi\u0107\"}]},{\"@type\":\"WebSite\",\"@id\":\"https:\/\/www.ferrycroatia.com\/hr\/#website\",\"url\":\"https:\/\/www.ferrycroatia.com\/hr\/\",\"name\":\"Trajekti Hrvatska\",\"description\":\"Vozni red za sve trajekte i katamarane u Hrvatskoj\",\"potentialAction\":[{\"@type\":\"SearchAction\",\"target\":{\"@type\":\"EntryPoint\",\"urlTemplate\":\"https:\/\/www.ferrycroatia.com\/hr\/?s={search_term_string}\"},\"query-input\":\"required name=search_term_string\"}],\"inLanguage\":\"en-US\"}]}<\/script>\n<!-- \/ Yoast SEO plugin. -->","yoast_head_json":{"title":"Trajektna luka Orebi\u0107, dolasci i polasci iz luke","robots":{"index":"index","follow":"follow","max-snippet":"max-snippet:-1","max-image-preview":"max-image-preview:large","max-video-preview":"max-video-preview:-1"},"canonical":"https:\/\/www.ferrycroatia.com\/hr\/trajektna-luka-orebic\/","og_locale":"en_US","og_type":"article","og_title":"Trajektna luka Orebi\u0107, dolasci i polasci iz luke","og_description":"Grad Orebi\u0107 smje\u0161ten je na jugozapadnoj strani poluotoka Pelje\u0161ca. Nije povezan s kopnom, ve\u0107 samo s otokom Kor\u010dulom redovnim trajektnim linijama. Trajektna luka nalazi se zapadno od centra grada. Orebi\u0107 je povezan s trajektnom lukom Domin\u010de (u blizini grada Kor\u010dule) redovnim trajektnim linijama i jednom linijom s gradom Kor\u010dulom koju nudi privatna tvrtka. Kako do\u0107i [&hellip;] Continue reading...","og_url":"https:\/\/www.ferrycroatia.com\/hr\/trajektna-luka-orebic\/","og_site_name":"Trajekti Hrvatska","article_modified_time":"2021-04-08T10:13:57+00:00","og_image":[{"url":"https:\/\/ferrycroatia.com\/hr\/wp-content\/uploads\/2021\/01\/Orebic.jpg"}],"twitter_card":"summary_large_image","twitter_misc":{"Est. reading time":"2 minutes"},"schema":{"@context":"https:\/\/schema.org","@graph":[{"@type":"WebPage","@id":"https:\/\/www.ferrycroatia.com\/hr\/trajektna-luka-orebic\/","url":"https:\/\/www.ferrycroatia.com\/hr\/trajektna-luka-orebic\/","name":"Trajektna luka Orebi\u0107, dolasci i polasci iz luke","isPartOf":{"@id":"https:\/\/www.ferrycroatia.com\/hr\/#website"},"datePublished":"2021-01-28T12:31:15+00:00","dateModified":"2021-04-08T10:13:57+00:00","breadcrumb":{"@id":"https:\/\/www.ferrycroatia.com\/hr\/trajektna-luka-orebic\/#breadcrumb"},"inLanguage":"en-US","potentialAction":[{"@type":"ReadAction","target":["https:\/\/www.ferrycroatia.com\/hr\/trajektna-luka-orebic\/"]}]},{"@type":"BreadcrumbList","@id":"https:\/\/www.ferrycroatia.com\/hr\/trajektna-luka-orebic\/#breadcrumb","itemListElement":[{"@type":"ListItem","position":1,"name":"Home","item":"https:\/\/www.ferrycroatia.com\/hr\/"},{"@type":"ListItem","position":2,"name":"Trajektna luka Orebi\u0107"}]},{"@type":"WebSite","@id":"https:\/\/www.ferrycroatia.com\/hr\/#website","url":"https:\/\/www.ferrycroatia.com\/hr\/","name":"Trajekti Hrvatska","description":"Vozni red za sve trajekte i katamarane u Hrvatskoj","potentialAction":[{"@type":"SearchAction","target":{"@type":"EntryPoint","urlTemplate":"https:\/\/www.ferrycroatia.com\/hr\/?s={search_term_string}"},"query-input":"required name=search_term_string"}],"inLanguage":"en-US"}]}},"_links":{"self":[{"href":"https:\/\/www.ferrycroatia.com\/hr\/wp-json\/wp\/v2\/pages\/1373"}],"collection":[{"href":"https:\/\/www.ferrycroatia.com\/hr\/wp-json\/wp\/v2\/pages"}],"about":[{"href":"https:\/\/www.ferrycroatia.com\/hr\/wp-json\/wp\/v2\/types\/page"}],"author":[{"embeddable":true,"href":"https:\/\/www.ferrycroatia.com\/hr\/wp-json\/wp\/v2\/users\/5"}],"replies":[{"embeddable":true,"href":"https:\/\/www.ferrycroatia.com\/hr\/wp-json\/wp\/v2\/comments?post=1373"}],"version-history":[{"count":4,"href":"https:\/\/www.ferrycroatia.com\/hr\/wp-json\/wp\/v2\/pages\/1373\/revisions"}],"predecessor-version":[{"id":2103,"href":"https:\/\/www.ferrycroatia.com\/hr\/wp-json\/wp\/v2\/pages\/1373\/revisions\/2103"}],"wp:attachment":[{"href":"https:\/\/www.ferrycroatia.com\/hr\/wp-json\/wp\/v2\/media?parent=1373"}],"curies":[{"name":"wp","href":"https:\/\/api.w.org\/{rel}","templated":true}]}}