{"id":1376,"date":"2021-01-28T12:39:28","date_gmt":"2021-01-28T12:39:28","guid":{"rendered":"https:\/\/ferrycroatia.com\/hr\/?page_id=1376"},"modified":"2021-04-08T12:15:40","modified_gmt":"2021-04-08T10:15:40","slug":"trajektna-luka-ploce","status":"publish","type":"page","link":"https:\/\/www.ferrycroatia.com\/hr\/trajektna-luka-ploce\/","title":{"rendered":"Trajektna luka Plo\u010de"},"content":{"rendered":"\n<p>Plo\u010de su primorski grad smje\u0161ten <strong>oko 50 kilometara ju\u017eno od Makarske<\/strong>. Trajektbna luka Plo\u010de uvijek je imala veliko zna\u010denje jer se <strong>nalazi u uskom zaljevu<\/strong> koji je za\u0161ti\u0107en poluotokom Pelje\u0161cem. Trajektna luka <strong>nalazi se u centru grada<\/strong>, u neposrednoj blizini glavnog autobusnog kolodvora u Plo\u010dama, stoga je dobro povezana s ostalim dijelovima Hrvatske.<\/p>\n\n\n\n<h3>Kako do\u0107i do luke Plo\u010de<\/h3>\n\n\n\n<p>Kao \u0161to je ve\u0107 spomenuto, <strong>Plo\u010de su mali grad<\/strong>, pa odsjedate u Plo\u010dama i&nbsp; \u017eelite do\u0107i do Trpnja <strong>na poluotoku Pelje\u0161cu<\/strong>, lako \u0107ete prona\u0107i trajektnu luku. <strong>Vidjet \u0107ete je \u010dim stignete na rivu<\/strong>.<\/p>\n\n\n\n<h3>Kako iz Zra\u010dne luke Split\/Dubrovnik do\u0107i do luke Plo\u010de<\/h3>\n\n\n\n<p>Ako slije\u0107ete u splitsku zra\u010dnu luku i trebate trajektom iz Plo\u010da do\u0107i do Pelje\u0161ca, do tamo mo\u017eete autobusom iz <a href=\"https:\/\/getbybus.com\/hr\/autobus-split\">glavnog autobusnog kolodvora u Splitu<\/a>. Prvo \u0107ete morati autobusom zra\u010dne luke do\u0107i do kolodvora u Splitu, a zatim tamo uhvatiti drugi autobus. Druga opcija je da unajmite automobil, naru\u010dite taksi ili unaprijed rezervirate transfer od zra\u010dne luke do Plo\u010da. Druga opcija je vo\u017enja do Pelje\u0161ca.<\/p>\n\n\n\n<p>Ako slije\u0107ete u Zra\u010dnu luku Dubrovnik, trajekt iz Plo\u010da je jedina opcija ako idete do Trpanja na Pelje\u0161cu, u drugom slu\u010daju najbolje je da iz Stona do\u0111ete do mjesta koje \u017eelite posjetiti na Pelje\u0161cu.&nbsp;<\/p>\n\n\n\n<h3>\u0160to se nalazi u blizini luke Plo\u010de<\/h3>\n\n\n\n<p>Plo\u010de nisu velik grad, ali u blizini trajektnog terminala mo\u017eete prona\u0107i gotovo sve \u0161to vam treba: <strong>barove, trgovine, restorane, bankomate itd.<\/strong><\/p>\n\n\n\n<h3>Adresa Trajektne luke Plo\u010de<\/h3>\n\n\n\n<ul><li>Obala Hrvatskih Branitelja, Dalmatinska ulica<\/li><li>20340 Plo\u010de<\/li><li><strong>GPS koordinate: <\/strong>43.05139, 17.43053<\/li><\/ul>\n\n\n<p><img decoding=\"async\" loading=\"lazy\" class=\"alignnone size-full wp-image-136\" data-src=\"http:\/\/www.ferrycroatia.com\/wp-content\/uploads\/2016\/06\/Makarska.jpg\" sizes=\"(max-width: 800px) 100vw, 800px\" alt=\"Makarska\" data-src=\"http:\/\/www.ferrycroatia.com\/wp-content\/uploads\/2016\/06\/Makarska.jpg\" data-data-srcset=\"https:\/\/ferrycroatia.com\/en\/wp-content\/uploads\/2016\/06\/Makarska.jpg 800w, https:\/\/ferrycroatia.com\/en\/wp-content\/uploads\/2016\/06\/Makarska-300x202.jpg 300w\" width=\"800\" height=\"538\"><\/p>\n\n\n<h3>Popis trajektnih linija iz Plo\u010da<\/h3>\n\n\n\n<p>\u2192 Trajekt: Plo\u010de \u2013 Trpanj (Pelje\u0161ac)<\/p>\n\n\n\n<ul><li><a href=\"http:\/\/ferrycroatia.com\/hr\/ploce-trpanj\/\">Plo\u010de \u2013 Trpanj<\/a><\/li><\/ul>\n","protected":false},"excerpt":{"rendered":"<p>Plo\u010de su primorski grad smje\u0161ten oko 50 kilometara ju\u017eno od Makarske. Trajektbna luka Plo\u010de uvijek je imala veliko zna\u010denje jer se nalazi u uskom zaljevu koji je za\u0161ti\u0107en poluotokom Pelje\u0161cem. Trajektna luka nalazi se u centru grada, u neposrednoj blizini glavnog autobusnog kolodvora u Plo\u010dama, stoga je dobro povezana s ostalim dijelovima Hrvatske. Kako do\u0107i [&hellip;]<\/p>\n<p><a class=\"more-link\" href=\"https:\/\/www.ferrycroatia.com\/hr\/trajektna-luka-ploce\/\"> Continue reading&#8230;<\/a><\/p>\n","protected":false},"author":5,"featured_media":1377,"parent":0,"menu_order":0,"comment_status":"closed","ping_status":"closed","template":"","meta":[],"yoast_head":"<!-- This site is optimized with the Yoast SEO plugin v19.8 - https:\/\/yoast.com\/wordpress\/plugins\/seo\/ -->\n<title>Trajektna luka Plo\u010de, dolasci i polasci iz luke<\/title>\n<meta name=\"robots\" content=\"index, follow, max-snippet:-1, max-image-preview:large, max-video-preview:-1\" \/>\n<link rel=\"canonical\" href=\"https:\/\/www.ferrycroatia.com\/hr\/trajektna-luka-ploce\/\" \/>\n<meta property=\"og:locale\" content=\"en_US\" \/>\n<meta property=\"og:type\" content=\"article\" \/>\n<meta property=\"og:title\" content=\"Trajektna luka Plo\u010de, dolasci i polasci iz luke\" \/>\n<meta property=\"og:description\" content=\"Plo\u010de su primorski grad smje\u0161ten oko 50 kilometara ju\u017eno od Makarske. Trajektbna luka Plo\u010de uvijek je imala veliko zna\u010denje jer se nalazi u uskom zaljevu koji je za\u0161ti\u0107en poluotokom Pelje\u0161cem. Trajektna luka nalazi se u centru grada, u neposrednoj blizini glavnog autobusnog kolodvora u Plo\u010dama, stoga je dobro povezana s ostalim dijelovima Hrvatske. Kako do\u0107i [&hellip;] Continue reading...\" \/>\n<meta property=\"og:url\" content=\"https:\/\/www.ferrycroatia.com\/hr\/trajektna-luka-ploce\/\" \/>\n<meta property=\"og:site_name\" content=\"Trajekti Hrvatska\" \/>\n<meta property=\"article:modified_time\" content=\"2021-04-08T10:15:40+00:00\" \/>\n<meta property=\"og:image\" content=\"https:\/\/www.ferrycroatia.com\/hr\/wp-content\/uploads\/2021\/01\/Ferry-pier-in-Ploce.jpg\" \/>\n\t<meta property=\"og:image:width\" content=\"1024\" \/>\n\t<meta property=\"og:image:height\" content=\"768\" \/>\n\t<meta property=\"og:image:type\" content=\"image\/jpeg\" \/>\n<meta name=\"twitter:card\" content=\"summary_large_image\" \/>\n<meta name=\"twitter:label1\" content=\"Est. reading time\" \/>\n\t<meta name=\"twitter:data1\" content=\"1 minute\" \/>\n<script type=\"application\/ld+json\" class=\"yoast-schema-graph\">{\"@context\":\"https:\/\/schema.org\",\"@graph\":[{\"@type\":\"WebPage\",\"@id\":\"https:\/\/www.ferrycroatia.com\/hr\/trajektna-luka-ploce\/\",\"url\":\"https:\/\/www.ferrycroatia.com\/hr\/trajektna-luka-ploce\/\",\"name\":\"Trajektna luka Plo\u010de, dolasci i polasci iz luke\",\"isPartOf\":{\"@id\":\"https:\/\/www.ferrycroatia.com\/hr\/#website\"},\"datePublished\":\"2021-01-28T12:39:28+00:00\",\"dateModified\":\"2021-04-08T10:15:40+00:00\",\"breadcrumb\":{\"@id\":\"https:\/\/www.ferrycroatia.com\/hr\/trajektna-luka-ploce\/#breadcrumb\"},\"inLanguage\":\"en-US\",\"potentialAction\":[{\"@type\":\"ReadAction\",\"target\":[\"https:\/\/www.ferrycroatia.com\/hr\/trajektna-luka-ploce\/\"]}]},{\"@type\":\"BreadcrumbList\",\"@id\":\"https:\/\/www.ferrycroatia.com\/hr\/trajektna-luka-ploce\/#breadcrumb\",\"itemListElement\":[{\"@type\":\"ListItem\",\"position\":1,\"name\":\"Home\",\"item\":\"https:\/\/www.ferrycroatia.com\/hr\/\"},{\"@type\":\"ListItem\",\"position\":2,\"name\":\"Trajektna luka Plo\u010de\"}]},{\"@type\":\"WebSite\",\"@id\":\"https:\/\/www.ferrycroatia.com\/hr\/#website\",\"url\":\"https:\/\/www.ferrycroatia.com\/hr\/\",\"name\":\"Trajekti Hrvatska\",\"description\":\"Vozni red za sve trajekte i katamarane u Hrvatskoj\",\"potentialAction\":[{\"@type\":\"SearchAction\",\"target\":{\"@type\":\"EntryPoint\",\"urlTemplate\":\"https:\/\/www.ferrycroatia.com\/hr\/?s={search_term_string}\"},\"query-input\":\"required name=search_term_string\"}],\"inLanguage\":\"en-US\"}]}<\/script>\n<!-- \/ Yoast SEO plugin. -->","yoast_head_json":{"title":"Trajektna luka Plo\u010de, dolasci i polasci iz luke","robots":{"index":"index","follow":"follow","max-snippet":"max-snippet:-1","max-image-preview":"max-image-preview:large","max-video-preview":"max-video-preview:-1"},"canonical":"https:\/\/www.ferrycroatia.com\/hr\/trajektna-luka-ploce\/","og_locale":"en_US","og_type":"article","og_title":"Trajektna luka Plo\u010de, dolasci i polasci iz luke","og_description":"Plo\u010de su primorski grad smje\u0161ten oko 50 kilometara ju\u017eno od Makarske. Trajektbna luka Plo\u010de uvijek je imala veliko zna\u010denje jer se nalazi u uskom zaljevu koji je za\u0161ti\u0107en poluotokom Pelje\u0161cem. Trajektna luka nalazi se u centru grada, u neposrednoj blizini glavnog autobusnog kolodvora u Plo\u010dama, stoga je dobro povezana s ostalim dijelovima Hrvatske. Kako do\u0107i [&hellip;] Continue reading...","og_url":"https:\/\/www.ferrycroatia.com\/hr\/trajektna-luka-ploce\/","og_site_name":"Trajekti Hrvatska","article_modified_time":"2021-04-08T10:15:40+00:00","og_image":[{"width":1024,"height":768,"url":"https:\/\/www.ferrycroatia.com\/hr\/wp-content\/uploads\/2021\/01\/Ferry-pier-in-Ploce.jpg","type":"image\/jpeg"}],"twitter_card":"summary_large_image","twitter_misc":{"Est. reading time":"1 minute"},"schema":{"@context":"https:\/\/schema.org","@graph":[{"@type":"WebPage","@id":"https:\/\/www.ferrycroatia.com\/hr\/trajektna-luka-ploce\/","url":"https:\/\/www.ferrycroatia.com\/hr\/trajektna-luka-ploce\/","name":"Trajektna luka Plo\u010de, dolasci i polasci iz luke","isPartOf":{"@id":"https:\/\/www.ferrycroatia.com\/hr\/#website"},"datePublished":"2021-01-28T12:39:28+00:00","dateModified":"2021-04-08T10:15:40+00:00","breadcrumb":{"@id":"https:\/\/www.ferrycroatia.com\/hr\/trajektna-luka-ploce\/#breadcrumb"},"inLanguage":"en-US","potentialAction":[{"@type":"ReadAction","target":["https:\/\/www.ferrycroatia.com\/hr\/trajektna-luka-ploce\/"]}]},{"@type":"BreadcrumbList","@id":"https:\/\/www.ferrycroatia.com\/hr\/trajektna-luka-ploce\/#breadcrumb","itemListElement":[{"@type":"ListItem","position":1,"name":"Home","item":"https:\/\/www.ferrycroatia.com\/hr\/"},{"@type":"ListItem","position":2,"name":"Trajektna luka Plo\u010de"}]},{"@type":"WebSite","@id":"https:\/\/www.ferrycroatia.com\/hr\/#website","url":"https:\/\/www.ferrycroatia.com\/hr\/","name":"Trajekti Hrvatska","description":"Vozni red za sve trajekte i katamarane u Hrvatskoj","potentialAction":[{"@type":"SearchAction","target":{"@type":"EntryPoint","urlTemplate":"https:\/\/www.ferrycroatia.com\/hr\/?s={search_term_string}"},"query-input":"required name=search_term_string"}],"inLanguage":"en-US"}]}},"_links":{"self":[{"href":"https:\/\/www.ferrycroatia.com\/hr\/wp-json\/wp\/v2\/pages\/1376"}],"collection":[{"href":"https:\/\/www.ferrycroatia.com\/hr\/wp-json\/wp\/v2\/pages"}],"about":[{"href":"https:\/\/www.ferrycroatia.com\/hr\/wp-json\/wp\/v2\/types\/page"}],"author":[{"embeddable":true,"href":"https:\/\/www.ferrycroatia.com\/hr\/wp-json\/wp\/v2\/users\/5"}],"replies":[{"embeddable":true,"href":"https:\/\/www.ferrycroatia.com\/hr\/wp-json\/wp\/v2\/comments?post=1376"}],"version-history":[{"count":5,"href":"https:\/\/www.ferrycroatia.com\/hr\/wp-json\/wp\/v2\/pages\/1376\/revisions"}],"predecessor-version":[{"id":2105,"href":"https:\/\/www.ferrycroatia.com\/hr\/wp-json\/wp\/v2\/pages\/1376\/revisions\/2105"}],"wp:featuredmedia":[{"embeddable":true,"href":"https:\/\/www.ferrycroatia.com\/hr\/wp-json\/wp\/v2\/media\/1377"}],"wp:attachment":[{"href":"https:\/\/www.ferrycroatia.com\/hr\/wp-json\/wp\/v2\/media?parent=1376"}],"curies":[{"name":"wp","href":"https:\/\/api.w.org\/{rel}","templated":true}]}}