{"id":1382,"date":"2021-01-28T13:30:49","date_gmt":"2021-01-28T13:30:49","guid":{"rendered":"https:\/\/ferrycroatia.com\/hr\/?page_id=1382"},"modified":"2024-06-17T14:56:51","modified_gmt":"2024-06-17T12:56:51","slug":"trajektna-luka-porec","status":"publish","type":"page","link":"https:\/\/www.ferrycroatia.com\/hr\/trajektna-luka-porec\/","title":{"rendered":"Trajektna luka Pore\u010d"},"content":{"rendered":"\n<p><strong>Pore\u010d je prekrasan gradi\u0107 <\/strong>smje\u0161ten na zapadnoj obali istarskog poluotoka. Trajektna luka u Pore\u010du namijenjena je samo katamaranima\/brzim putni\u010dkim brodovima. <strong>Svi katamarani iz Pore\u010da<\/strong> polaze s pristani\u0161ta smje\u0161tenog tik uz stari grad (na lijevoj strani poluotoka na kojem se nalazi stara gradska jezgra &#8211; ako ste okrenuti moru).<\/p>\n\n\n\n<h3 class=\"has-medium-font-size\">Kako do\u0107i do luke Pore\u010d<\/h3>\n\n\n\n<p><strong>Pore\u010d je vrlo mali grad<\/strong>, tako da se sve nalazi poprili\u010dno blizu. U gradu nema usluge redovnog javnog prijevoza, ali mo\u017eete koristiti usluge taksi slu\u017ebe. CIjena vo\u017enje ne bi trebala biti visoka jer <strong>se sve nalazi u blizini<\/strong>.\u00a0<\/p>\n\n\n\n<p>Me\u0111utim, ako ne volite ili ne mo\u017eete hodati, tijekom ljetnih mjeseci postoji <strong>nekoliko opcija<\/strong>. Neke od njih su turisti\u010dki vlak (<strong>cijena jednosmjerne karte je oko 2,5 eura<\/strong>) koji vozi oko Pore\u010da, taksi brod (cijena vo\u017enje u jednom smjeru iznosi oko 3 eura, a u oba smjera oko 5 eura) te lokalne autobusne linije koje povezuju Pore\u010d i\u00a0 turisti\u010dka naselja Zelenu Lagunu, Plavu Lagunu i Brulo (<strong>cijena karte iznosi oko 2 eura<\/strong>) &#8211; <strong>svi se zaustavljaju na glavnom autobusnom kolodvoru u Pore\u010du<\/strong>.<\/p>\n\n\n\n<p>Pore\u010d je dobro povezan s drugim istarskim gradovima sa autobusnim linijama, a <a href=\"https:\/\/getbybus.com\/hr\/autobus-porec\">glavni autobusni kolodvor<\/a> nalazi se samo nekoliko minuta od trajektne luke, pa je tamo \u010dak <strong>mogu\u0107e do\u0107i i pje\u0161ice<\/strong> bez zamaranja o prijevozu.<\/p>\n\n\n\n<h3 class=\"has-medium-font-size\">\u0160to se nalazi u blizini luke Pore\u010d<\/h3>\n\n\n\n<p>Kao \u0161to je ve\u0107 spomenuto, <strong>mol s kojeg katamaran polazi<\/strong> nalazi se u samom centru Pore\u010da, tako da ono \u0161to se ne nalazi neposredno u luci mo\u017eete prona\u0107i <strong>u blizini centra grada<\/strong>, npr: barove, restorane, trgovine itd.<\/p>\n\n\n\n<h3 class=\"has-medium-font-size\">Adresa Trajektne luke Pore\u010d<\/h3>\n\n\n\n<ul>\n<li>Obala mar\u0161ala Tita 5<\/li>\n\n\n\n<li>52440 Pore\u010d<\/li>\n\n\n\n<li><strong>GPS koordinate: <\/strong>45.22526, 13.59459<\/li>\n<\/ul>\n\n\n\n<figure class=\"wp-block-image size-full is-resized\"><img decoding=\"async\" loading=\"lazy\" data-src=\"https:\/\/www.ferrycroatia.com\/hr\/wp-content\/uploads\/2024\/06\/Trajektna-luka-Porec\u030c-lokacija.webp\" alt=\"Trajektna luka Pore\u010d lokacija\" class=\"wp-image-4042\" width=\"800\" height=\"534\" data-srcset=\"https:\/\/www.ferrycroatia.com\/hr\/wp-content\/uploads\/2024\/06\/Trajektna-luka-Porec\u030c-lokacija.webp 800w, https:\/\/www.ferrycroatia.com\/hr\/wp-content\/uploads\/2024\/06\/Trajektna-luka-Porec\u030c-lokacija-300x200.webp 300w, https:\/\/www.ferrycroatia.com\/hr\/wp-content\/uploads\/2024\/06\/Trajektna-luka-Porec\u030c-lokacija-768x513.webp 768w\" sizes=\"(max-width: 800px) 100vw, 800px\" \/><figcaption class=\"wp-element-caption\">Trajektna luka Pore\u010d<\/figcaption><\/figure>\n\n\n\n<h3>Trajektna luka Pore\u010d &#8211; naj\u010de\u0161\u0107a pitanja<\/h3>\n\n\n\n<p><strong>Gdje se nalazi trajektna luka u Pore\u010du?<\/strong><\/p>\n\n\n\n<p>Luka u Pore\u010du se nalazi tik uz stari grad na lijevoj strani poluotoka, na kojem se nalazi stara gradska jezgra.<\/p>\n\n\n\n<p><strong>Kako do\u0107i do luke Pore\u010d?<\/strong><\/p>\n\n\n\n<p>Pore\u010d je mali grad, pa se sve nalazi poprili\u010dno blizu. U gradu nema redovnog javnog prijevoza, ali mo\u017eete koristiti taksi usluge. Cijena vo\u017enje ne bi trebala biti visoka zbog kratkih udaljenosti.<\/p>\n\n\n\n<p><strong>Koje su opcije prijevoza tijekom ljetnih mjeseci?<\/strong><\/p>\n\n\n\n<ul>\n<li><strong>Turisti\u010dki vlak:<\/strong> Vozi oko Pore\u010da, cijena jednosmjerne karte je oko 2,5 eura.<\/li>\n\n\n\n<li><strong>Taksi brod:<\/strong> Cijena vo\u017enje u jednom smjeru iznosi oko 3 eura, a povratna karta ko\u0161ta oko 5 eura.<\/li>\n\n\n\n<li><strong>Lokalne autobusne linije:<\/strong> Povezuju Pore\u010d s turisti\u010dkim naseljima Zelena Laguna, Plava Laguna i Brulo, a cijena karte je oko 2 eura.<\/li>\n<\/ul>\n\n\n\n<p><strong>Gdje se nalazi glavni autobusni kolodvor u Pore\u010du?<\/strong><\/p>\n\n\n\n<p>Glavni autobusni kolodvor nalazi se samo nekoliko minuta od trajektne luke, pa je mogu\u0107e do\u0107i pje\u0161ice.<\/p>\n\n\n\n<p><strong>Koji sadr\u017eaji se nalaze u blizini luke Pore\u010d?<\/strong><\/p>\n\n\n\n<p>Luka je smje\u0161tena u samom centru Pore\u010da, pa su u blizini barovi, restorani, trgovine i druge usluge.<\/p>\n\n\n\n<h2 class=\"has-medium-font-size\">Katamaranske linije iz Pore\u010da:<\/h2>\n\n\n\n<figure class=\"wp-block-table\"><table><tbody><tr><td><a href=\"http:\/\/ferrycroatia.com\/hr\/porec-venecija\/\">Pore\u010d \u2013 Venecija<\/a><\/td><td><a href=\"http:\/\/ferrycroatia.com\/hr\/porec-trst\/\">Pore\u010d \u2013 Trst<\/a><\/td><td><a href=\"http:\/\/ferrycroatia.com\/hr\/porec-piran\/\">Pore\u010d \u2013 Piran<\/a><\/td><\/tr><\/tbody><\/table><\/figure>\n\n\n\n<p>Tekst i savjete za putovanja napisao\u00a0<a href=\"https:\/\/www.ferrycroatia.com\/hr\/morten-smalby\/\">Morten Smalby<\/a>\u00a0\u2013 zaljubljenik u putovanja koji \u017eivi u Splitu, u Hrvatskoj.<\/p>\n","protected":false},"excerpt":{"rendered":"<p>Pore\u010d je prekrasan gradi\u0107 smje\u0161ten na zapadnoj obali istarskog poluotoka. Trajektna luka u Pore\u010du namijenjena je samo katamaranima\/brzim putni\u010dkim brodovima. Svi katamarani iz Pore\u010da polaze s pristani\u0161ta smje\u0161tenog tik uz stari grad (na lijevoj strani poluotoka na kojem se nalazi stara gradska jezgra &#8211; ako ste okrenuti moru). Kako do\u0107i do luke Pore\u010d Pore\u010d je [&hellip;]<\/p>\n<p><a class=\"more-link\" href=\"https:\/\/www.ferrycroatia.com\/hr\/trajektna-luka-porec\/\"> Continue reading&#8230;<\/a><\/p>\n","protected":false},"author":5,"featured_media":1384,"parent":0,"menu_order":0,"comment_status":"closed","ping_status":"closed","template":"","meta":[],"yoast_head":"<!-- This site is optimized with the Yoast SEO plugin v19.8 - https:\/\/yoast.com\/wordpress\/plugins\/seo\/ -->\n<title>Trajektna luka Pore\u010d, dolasci i polasci iz luke 2024.<\/title>\n<meta name=\"description\" content=\"Trajektna luka Pore\u010d - sve informacije koje vam trebaju za putovanje katamaranom iz Pore\u010da na jednom mjestu\" \/>\n<meta name=\"robots\" content=\"index, follow, max-snippet:-1, max-image-preview:large, max-video-preview:-1\" \/>\n<link rel=\"canonical\" href=\"https:\/\/www.ferrycroatia.com\/hr\/trajektna-luka-porec\/\" \/>\n<meta property=\"og:locale\" content=\"en_US\" \/>\n<meta property=\"og:type\" content=\"article\" \/>\n<meta property=\"og:title\" content=\"Trajektna luka Pore\u010d, dolasci i polasci iz luke 2024.\" \/>\n<meta property=\"og:description\" content=\"Trajektna luka Pore\u010d - sve informacije koje vam trebaju za putovanje katamaranom iz Pore\u010da na jednom mjestu\" \/>\n<meta property=\"og:url\" content=\"https:\/\/www.ferrycroatia.com\/hr\/trajektna-luka-porec\/\" \/>\n<meta property=\"og:site_name\" content=\"Trajekti Hrvatska\" \/>\n<meta property=\"article:modified_time\" content=\"2024-06-17T12:56:51+00:00\" \/>\n<meta property=\"og:image\" content=\"https:\/\/www.ferrycroatia.com\/hr\/wp-content\/uploads\/2021\/01\/Porec-catamaran-port.jpg\" \/>\n\t<meta property=\"og:image:width\" content=\"1024\" \/>\n\t<meta property=\"og:image:height\" content=\"768\" \/>\n\t<meta property=\"og:image:type\" content=\"image\/jpeg\" \/>\n<meta name=\"twitter:card\" content=\"summary_large_image\" \/>\n<meta name=\"twitter:label1\" content=\"Est. reading time\" \/>\n\t<meta name=\"twitter:data1\" content=\"3 minutes\" \/>\n<script type=\"application\/ld+json\" class=\"yoast-schema-graph\">{\"@context\":\"https:\/\/schema.org\",\"@graph\":[{\"@type\":\"WebPage\",\"@id\":\"https:\/\/www.ferrycroatia.com\/hr\/trajektna-luka-porec\/\",\"url\":\"https:\/\/www.ferrycroatia.com\/hr\/trajektna-luka-porec\/\",\"name\":\"Trajektna luka Pore\u010d, dolasci i polasci iz luke 2024.\",\"isPartOf\":{\"@id\":\"https:\/\/www.ferrycroatia.com\/hr\/#website\"},\"datePublished\":\"2021-01-28T13:30:49+00:00\",\"dateModified\":\"2024-06-17T12:56:51+00:00\",\"description\":\"Trajektna luka Pore\u010d - sve informacije koje vam trebaju za putovanje katamaranom iz Pore\u010da na jednom mjestu\",\"breadcrumb\":{\"@id\":\"https:\/\/www.ferrycroatia.com\/hr\/trajektna-luka-porec\/#breadcrumb\"},\"inLanguage\":\"en-US\",\"potentialAction\":[{\"@type\":\"ReadAction\",\"target\":[\"https:\/\/www.ferrycroatia.com\/hr\/trajektna-luka-porec\/\"]}]},{\"@type\":\"BreadcrumbList\",\"@id\":\"https:\/\/www.ferrycroatia.com\/hr\/trajektna-luka-porec\/#breadcrumb\",\"itemListElement\":[{\"@type\":\"ListItem\",\"position\":1,\"name\":\"Home\",\"item\":\"https:\/\/www.ferrycroatia.com\/hr\/\"},{\"@type\":\"ListItem\",\"position\":2,\"name\":\"Trajektna luka Pore\u010d\"}]},{\"@type\":\"WebSite\",\"@id\":\"https:\/\/www.ferrycroatia.com\/hr\/#website\",\"url\":\"https:\/\/www.ferrycroatia.com\/hr\/\",\"name\":\"Trajekti Hrvatska\",\"description\":\"Vozni red za sve trajekte i katamarane u Hrvatskoj\",\"potentialAction\":[{\"@type\":\"SearchAction\",\"target\":{\"@type\":\"EntryPoint\",\"urlTemplate\":\"https:\/\/www.ferrycroatia.com\/hr\/?s={search_term_string}\"},\"query-input\":\"required name=search_term_string\"}],\"inLanguage\":\"en-US\"}]}<\/script>\n<!-- \/ Yoast SEO plugin. -->","yoast_head_json":{"title":"Trajektna luka Pore\u010d, dolasci i polasci iz luke 2024.","description":"Trajektna luka Pore\u010d - sve informacije koje vam trebaju za putovanje katamaranom iz Pore\u010da na jednom mjestu","robots":{"index":"index","follow":"follow","max-snippet":"max-snippet:-1","max-image-preview":"max-image-preview:large","max-video-preview":"max-video-preview:-1"},"canonical":"https:\/\/www.ferrycroatia.com\/hr\/trajektna-luka-porec\/","og_locale":"en_US","og_type":"article","og_title":"Trajektna luka Pore\u010d, dolasci i polasci iz luke 2024.","og_description":"Trajektna luka Pore\u010d - sve informacije koje vam trebaju za putovanje katamaranom iz Pore\u010da na jednom mjestu","og_url":"https:\/\/www.ferrycroatia.com\/hr\/trajektna-luka-porec\/","og_site_name":"Trajekti Hrvatska","article_modified_time":"2024-06-17T12:56:51+00:00","og_image":[{"width":1024,"height":768,"url":"https:\/\/www.ferrycroatia.com\/hr\/wp-content\/uploads\/2021\/01\/Porec-catamaran-port.jpg","type":"image\/jpeg"}],"twitter_card":"summary_large_image","twitter_misc":{"Est. reading time":"3 minutes"},"schema":{"@context":"https:\/\/schema.org","@graph":[{"@type":"WebPage","@id":"https:\/\/www.ferrycroatia.com\/hr\/trajektna-luka-porec\/","url":"https:\/\/www.ferrycroatia.com\/hr\/trajektna-luka-porec\/","name":"Trajektna luka Pore\u010d, dolasci i polasci iz luke 2024.","isPartOf":{"@id":"https:\/\/www.ferrycroatia.com\/hr\/#website"},"datePublished":"2021-01-28T13:30:49+00:00","dateModified":"2024-06-17T12:56:51+00:00","description":"Trajektna luka Pore\u010d - sve informacije koje vam trebaju za putovanje katamaranom iz Pore\u010da na jednom mjestu","breadcrumb":{"@id":"https:\/\/www.ferrycroatia.com\/hr\/trajektna-luka-porec\/#breadcrumb"},"inLanguage":"en-US","potentialAction":[{"@type":"ReadAction","target":["https:\/\/www.ferrycroatia.com\/hr\/trajektna-luka-porec\/"]}]},{"@type":"BreadcrumbList","@id":"https:\/\/www.ferrycroatia.com\/hr\/trajektna-luka-porec\/#breadcrumb","itemListElement":[{"@type":"ListItem","position":1,"name":"Home","item":"https:\/\/www.ferrycroatia.com\/hr\/"},{"@type":"ListItem","position":2,"name":"Trajektna luka Pore\u010d"}]},{"@type":"WebSite","@id":"https:\/\/www.ferrycroatia.com\/hr\/#website","url":"https:\/\/www.ferrycroatia.com\/hr\/","name":"Trajekti Hrvatska","description":"Vozni red za sve trajekte i katamarane u Hrvatskoj","potentialAction":[{"@type":"SearchAction","target":{"@type":"EntryPoint","urlTemplate":"https:\/\/www.ferrycroatia.com\/hr\/?s={search_term_string}"},"query-input":"required name=search_term_string"}],"inLanguage":"en-US"}]}},"_links":{"self":[{"href":"https:\/\/www.ferrycroatia.com\/hr\/wp-json\/wp\/v2\/pages\/1382"}],"collection":[{"href":"https:\/\/www.ferrycroatia.com\/hr\/wp-json\/wp\/v2\/pages"}],"about":[{"href":"https:\/\/www.ferrycroatia.com\/hr\/wp-json\/wp\/v2\/types\/page"}],"author":[{"embeddable":true,"href":"https:\/\/www.ferrycroatia.com\/hr\/wp-json\/wp\/v2\/users\/5"}],"replies":[{"embeddable":true,"href":"https:\/\/www.ferrycroatia.com\/hr\/wp-json\/wp\/v2\/comments?post=1382"}],"version-history":[{"count":5,"href":"https:\/\/www.ferrycroatia.com\/hr\/wp-json\/wp\/v2\/pages\/1382\/revisions"}],"predecessor-version":[{"id":4043,"href":"https:\/\/www.ferrycroatia.com\/hr\/wp-json\/wp\/v2\/pages\/1382\/revisions\/4043"}],"wp:featuredmedia":[{"embeddable":true,"href":"https:\/\/www.ferrycroatia.com\/hr\/wp-json\/wp\/v2\/media\/1384"}],"wp:attachment":[{"href":"https:\/\/www.ferrycroatia.com\/hr\/wp-json\/wp\/v2\/media?parent=1382"}],"curies":[{"name":"wp","href":"https:\/\/api.w.org\/{rel}","templated":true}]}}