{"id":1389,"date":"2021-01-28T13:36:15","date_gmt":"2021-01-28T13:36:15","guid":{"rendered":"https:\/\/ferrycroatia.com\/hr\/?page_id=1389"},"modified":"2021-04-08T12:21:28","modified_gmt":"2021-04-08T10:21:28","slug":"trajektna-luka-prapratno","status":"publish","type":"page","link":"https:\/\/www.ferrycroatia.com\/hr\/trajektna-luka-prapratno\/","title":{"rendered":"Trajektna luka Prapratno"},"content":{"rendered":"\n<p>Prapratno je malo mjesto na poluotoku Pelje\u0161cu, smje\u0161teno u prekrasnoj uvali. Upravo radi toga trajektna luka <strong>se nalazi vrlo blizu centra grada<\/strong>. <strong>Prapratno je trajektnim linijama povezano<\/strong> s otokom Mljetom.<\/p>\n\n\n\n<h3>Kako do\u0107i do luke u Prapratnom<\/h3>\n\n\n\n<p>Kao \u0161to je ve\u0107 spomenuto, <strong>Prapratno je malo mejsto na otoku Pelje\u0161cu<\/strong>, s trajektnom lukom u centru. U blizini se nalazi veliki kamp i <strong>nekoliko drugih smje\u0161tajnih jedinica<\/strong>. Bez obzira gdje odsjeli do trajektne luke mo\u017eete do\u0107i pje\u0161ice.<\/p>\n\n\n\n<p>Ako odsjedate negdje drugdje na poluotoku Pelje\u0161cu i \u017eelite do\u0107i na otok Mljet, autobusom mo\u017eete do\u0107i do Prapratnog, a zatim trajektom do Mljeta. Autobusi se zaustavljaju na cesti koja povezuje gradove na poluotoku, tek 15 minuta hoda nizbrdo do trajektne luke.&nbsp;<\/p>\n\n\n\n<h3>\u0160to se nalazi u blizini luke Prapratno<\/h3>\n\n\n\n<p>Kao \u0161to je ve\u0107 spomenuto, Prapratno je <strong>malo mjesto s malom trajektnom lukom<\/strong>, pa tu nema puno razli\u010ditih sadr\u017eaja: ve\u0107ina ih je smje\u0161tena unutar kampa, a <strong>u blizini se nalaze<\/strong> restoran i vinarija.<\/p>\n\n\n\n<h3>Adresa Trajektne luke Prapratno<\/h3>\n\n\n\n<ul><li>Broce<\/li><li>20230 Prapratno (Pelje\u0161ac)<\/li><li><strong>GPS koordinate: <\/strong>42.81156, 17.67861<\/li><\/ul>\n\n\n\n<figure class=\"wp-block-image size-large\"><img decoding=\"async\" loading=\"lazy\" width=\"800\" height=\"672\" data-src=\"https:\/\/ferrycroatia.com\/hr\/wp-content\/uploads\/2021\/01\/Prapratno.jpg\" alt=\"Trajektna luka Prapratno\" class=\"wp-image-1390\" data-srcset=\"https:\/\/www.ferrycroatia.com\/hr\/wp-content\/uploads\/2021\/01\/Prapratno.jpg 800w, https:\/\/www.ferrycroatia.com\/hr\/wp-content\/uploads\/2021\/01\/Prapratno-300x252.jpg 300w, https:\/\/www.ferrycroatia.com\/hr\/wp-content\/uploads\/2021\/01\/Prapratno-768x645.jpg 768w\" sizes=\"(max-width: 800px) 100vw, 800px\" \/><\/figure>\n\n\n\n<h3>Popis linija od\/do Prapratnog<\/h3>\n\n\n\n<p>\u2192 Trajekt: Prapratno (Pelje\u0161ac) \u2013 Sobra (Mljet)<\/p>\n\n\n\n<ul><li><a href=\"http:\/\/ferrycroatia.com\/hr\/prapratno-sobra\/\">Prapratno \u2013 Sobra<\/a><\/li><\/ul>\n","protected":false},"excerpt":{"rendered":"<p>Prapratno je malo mjesto na poluotoku Pelje\u0161cu, smje\u0161teno u prekrasnoj uvali. Upravo radi toga trajektna luka se nalazi vrlo blizu centra grada. Prapratno je trajektnim linijama povezano s otokom Mljetom. Kako do\u0107i do luke u Prapratnom Kao \u0161to je ve\u0107 spomenuto, Prapratno je malo mejsto na otoku Pelje\u0161cu, s trajektnom lukom u centru. U blizini [&hellip;]<\/p>\n<p><a class=\"more-link\" href=\"https:\/\/www.ferrycroatia.com\/hr\/trajektna-luka-prapratno\/\"> Continue reading&#8230;<\/a><\/p>\n","protected":false},"author":5,"featured_media":0,"parent":0,"menu_order":0,"comment_status":"closed","ping_status":"closed","template":"","meta":[],"yoast_head":"<!-- This site is optimized with the Yoast SEO plugin v19.8 - https:\/\/yoast.com\/wordpress\/plugins\/seo\/ -->\n<title>Trajektna luka Prapratno, vozni red i cijene<\/title>\n<meta name=\"robots\" content=\"index, follow, max-snippet:-1, max-image-preview:large, max-video-preview:-1\" \/>\n<link rel=\"canonical\" href=\"https:\/\/www.ferrycroatia.com\/hr\/trajektna-luka-prapratno\/\" \/>\n<meta property=\"og:locale\" content=\"en_US\" \/>\n<meta property=\"og:type\" content=\"article\" \/>\n<meta property=\"og:title\" content=\"Trajektna luka Prapratno, vozni red i cijene\" \/>\n<meta property=\"og:description\" content=\"Prapratno je malo mjesto na poluotoku Pelje\u0161cu, smje\u0161teno u prekrasnoj uvali. Upravo radi toga trajektna luka se nalazi vrlo blizu centra grada. Prapratno je trajektnim linijama povezano s otokom Mljetom. Kako do\u0107i do luke u Prapratnom Kao \u0161to je ve\u0107 spomenuto, Prapratno je malo mejsto na otoku Pelje\u0161cu, s trajektnom lukom u centru. U blizini [&hellip;] Continue reading...\" \/>\n<meta property=\"og:url\" content=\"https:\/\/www.ferrycroatia.com\/hr\/trajektna-luka-prapratno\/\" \/>\n<meta property=\"og:site_name\" content=\"Trajekti Hrvatska\" \/>\n<meta property=\"article:modified_time\" content=\"2021-04-08T10:21:28+00:00\" \/>\n<meta property=\"og:image\" content=\"https:\/\/ferrycroatia.com\/hr\/wp-content\/uploads\/2021\/01\/Prapratno.jpg\" \/>\n<meta name=\"twitter:card\" content=\"summary_large_image\" \/>\n<meta name=\"twitter:label1\" content=\"Est. reading time\" \/>\n\t<meta name=\"twitter:data1\" content=\"1 minute\" \/>\n<script type=\"application\/ld+json\" class=\"yoast-schema-graph\">{\"@context\":\"https:\/\/schema.org\",\"@graph\":[{\"@type\":\"WebPage\",\"@id\":\"https:\/\/www.ferrycroatia.com\/hr\/trajektna-luka-prapratno\/\",\"url\":\"https:\/\/www.ferrycroatia.com\/hr\/trajektna-luka-prapratno\/\",\"name\":\"Trajektna luka Prapratno, vozni red i cijene\",\"isPartOf\":{\"@id\":\"https:\/\/www.ferrycroatia.com\/hr\/#website\"},\"datePublished\":\"2021-01-28T13:36:15+00:00\",\"dateModified\":\"2021-04-08T10:21:28+00:00\",\"breadcrumb\":{\"@id\":\"https:\/\/www.ferrycroatia.com\/hr\/trajektna-luka-prapratno\/#breadcrumb\"},\"inLanguage\":\"en-US\",\"potentialAction\":[{\"@type\":\"ReadAction\",\"target\":[\"https:\/\/www.ferrycroatia.com\/hr\/trajektna-luka-prapratno\/\"]}]},{\"@type\":\"BreadcrumbList\",\"@id\":\"https:\/\/www.ferrycroatia.com\/hr\/trajektna-luka-prapratno\/#breadcrumb\",\"itemListElement\":[{\"@type\":\"ListItem\",\"position\":1,\"name\":\"Home\",\"item\":\"https:\/\/www.ferrycroatia.com\/hr\/\"},{\"@type\":\"ListItem\",\"position\":2,\"name\":\"Trajektna luka Prapratno\"}]},{\"@type\":\"WebSite\",\"@id\":\"https:\/\/www.ferrycroatia.com\/hr\/#website\",\"url\":\"https:\/\/www.ferrycroatia.com\/hr\/\",\"name\":\"Trajekti Hrvatska\",\"description\":\"Vozni red za sve trajekte i katamarane u Hrvatskoj\",\"potentialAction\":[{\"@type\":\"SearchAction\",\"target\":{\"@type\":\"EntryPoint\",\"urlTemplate\":\"https:\/\/www.ferrycroatia.com\/hr\/?s={search_term_string}\"},\"query-input\":\"required name=search_term_string\"}],\"inLanguage\":\"en-US\"}]}<\/script>\n<!-- \/ Yoast SEO plugin. -->","yoast_head_json":{"title":"Trajektna luka Prapratno, vozni red i cijene","robots":{"index":"index","follow":"follow","max-snippet":"max-snippet:-1","max-image-preview":"max-image-preview:large","max-video-preview":"max-video-preview:-1"},"canonical":"https:\/\/www.ferrycroatia.com\/hr\/trajektna-luka-prapratno\/","og_locale":"en_US","og_type":"article","og_title":"Trajektna luka Prapratno, vozni red i cijene","og_description":"Prapratno je malo mjesto na poluotoku Pelje\u0161cu, smje\u0161teno u prekrasnoj uvali. Upravo radi toga trajektna luka se nalazi vrlo blizu centra grada. Prapratno je trajektnim linijama povezano s otokom Mljetom. Kako do\u0107i do luke u Prapratnom Kao \u0161to je ve\u0107 spomenuto, Prapratno je malo mejsto na otoku Pelje\u0161cu, s trajektnom lukom u centru. U blizini [&hellip;] Continue reading...","og_url":"https:\/\/www.ferrycroatia.com\/hr\/trajektna-luka-prapratno\/","og_site_name":"Trajekti Hrvatska","article_modified_time":"2021-04-08T10:21:28+00:00","og_image":[{"url":"https:\/\/ferrycroatia.com\/hr\/wp-content\/uploads\/2021\/01\/Prapratno.jpg"}],"twitter_card":"summary_large_image","twitter_misc":{"Est. reading time":"1 minute"},"schema":{"@context":"https:\/\/schema.org","@graph":[{"@type":"WebPage","@id":"https:\/\/www.ferrycroatia.com\/hr\/trajektna-luka-prapratno\/","url":"https:\/\/www.ferrycroatia.com\/hr\/trajektna-luka-prapratno\/","name":"Trajektna luka Prapratno, vozni red i cijene","isPartOf":{"@id":"https:\/\/www.ferrycroatia.com\/hr\/#website"},"datePublished":"2021-01-28T13:36:15+00:00","dateModified":"2021-04-08T10:21:28+00:00","breadcrumb":{"@id":"https:\/\/www.ferrycroatia.com\/hr\/trajektna-luka-prapratno\/#breadcrumb"},"inLanguage":"en-US","potentialAction":[{"@type":"ReadAction","target":["https:\/\/www.ferrycroatia.com\/hr\/trajektna-luka-prapratno\/"]}]},{"@type":"BreadcrumbList","@id":"https:\/\/www.ferrycroatia.com\/hr\/trajektna-luka-prapratno\/#breadcrumb","itemListElement":[{"@type":"ListItem","position":1,"name":"Home","item":"https:\/\/www.ferrycroatia.com\/hr\/"},{"@type":"ListItem","position":2,"name":"Trajektna luka Prapratno"}]},{"@type":"WebSite","@id":"https:\/\/www.ferrycroatia.com\/hr\/#website","url":"https:\/\/www.ferrycroatia.com\/hr\/","name":"Trajekti Hrvatska","description":"Vozni red za sve trajekte i katamarane u Hrvatskoj","potentialAction":[{"@type":"SearchAction","target":{"@type":"EntryPoint","urlTemplate":"https:\/\/www.ferrycroatia.com\/hr\/?s={search_term_string}"},"query-input":"required name=search_term_string"}],"inLanguage":"en-US"}]}},"_links":{"self":[{"href":"https:\/\/www.ferrycroatia.com\/hr\/wp-json\/wp\/v2\/pages\/1389"}],"collection":[{"href":"https:\/\/www.ferrycroatia.com\/hr\/wp-json\/wp\/v2\/pages"}],"about":[{"href":"https:\/\/www.ferrycroatia.com\/hr\/wp-json\/wp\/v2\/types\/page"}],"author":[{"embeddable":true,"href":"https:\/\/www.ferrycroatia.com\/hr\/wp-json\/wp\/v2\/users\/5"}],"replies":[{"embeddable":true,"href":"https:\/\/www.ferrycroatia.com\/hr\/wp-json\/wp\/v2\/comments?post=1389"}],"version-history":[{"count":6,"href":"https:\/\/www.ferrycroatia.com\/hr\/wp-json\/wp\/v2\/pages\/1389\/revisions"}],"predecessor-version":[{"id":2113,"href":"https:\/\/www.ferrycroatia.com\/hr\/wp-json\/wp\/v2\/pages\/1389\/revisions\/2113"}],"wp:attachment":[{"href":"https:\/\/www.ferrycroatia.com\/hr\/wp-json\/wp\/v2\/media?parent=1389"}],"curies":[{"name":"wp","href":"https:\/\/api.w.org\/{rel}","templated":true}]}}