{"id":1396,"date":"2021-01-29T09:59:23","date_gmt":"2021-01-29T09:59:23","guid":{"rendered":"https:\/\/ferrycroatia.com\/hr\/?page_id=1396"},"modified":"2021-04-08T12:23:29","modified_gmt":"2021-04-08T10:23:29","slug":"trajektna-luka-preko","status":"publish","type":"page","link":"https:\/\/www.ferrycroatia.com\/hr\/trajektna-luka-preko\/","title":{"rendered":"Trajektna luka Preko"},"content":{"rendered":"\n<p>Preko je grad smje\u0161ten na sjevernoj strani <strong>otoka Ugljanua<\/strong>, kako mu i samo ime ka\u017ee &#8211; nasuprot Zadru. S kopnom je redovnim <strong>trajektnim linijama povezan s Zadrom i Zadrom (Ga\u017eenica)<\/strong>. Trajektni terminal nalazi se nedaleko od centra grada, na kraju rive.<\/p>\n\n\n\n<h3>Kako do\u0107i do luke Preko<\/h3>\n\n\n\n<p>Vo\u017enja trajektom izme\u0111u Zadra i Preka traje nekih 30 minuta, a trajekt <strong>iz Zadra polazi iz <a href=\"https:\/\/ferrycroatia.com\/hr\/trajektna-luka-zadar\/\">Trajektne luke Ga\u017eenica<\/a><\/strong>. Ako u Zadar dolazite avionom do Trajektne luke, taksijem \u0107e vam trebati nekih 20 minuta taksijem.<\/p>\n\n\n\n<p>Budu\u0107i da je <strong>Preko mali oto\u010dni grad<\/strong>, bez obzira gdje se nalazili, do trajektnog terminala mo\u017eete lako do\u0107i pje\u0161ice. Druga opcija, pogotovo ako imate puno prtljage, je da naru\u010dite taksi, cijena usluge ne\u0107e biti visoka jer je sve relativno blizu.<\/p>\n\n\n\n<h3>\u0160to se nalazi u blizini luke Preko<\/h3>\n\n\n\n<p>Budu\u0107i da se trajektni terminal u Preku nalazi blizu centra i rive, u blizini se nalaze restorani, barovi, trgovine, banke itd.<\/p>\n\n\n\n<h3>Adresa luke Preko<\/h3>\n\n\n\n<ul><li>Du\u017eina: 15.194499<\/li><li>\u0160irina: 44.076429<\/li><li>Bili\u0161\u0107e 18<\/li><li>23273 Preko (Ugljan)<\/li><\/ul>\n\n\n\n<figure class=\"wp-block-image size-large\"><img decoding=\"async\" loading=\"lazy\" width=\"1024\" height=\"672\" data-src=\"https:\/\/ferrycroatia.com\/hr\/wp-content\/uploads\/2021\/01\/Preko-ferry-terminal.jpg\" alt=\"\" class=\"wp-image-1397\" data-srcset=\"https:\/\/www.ferrycroatia.com\/hr\/wp-content\/uploads\/2021\/01\/Preko-ferry-terminal.jpg 1024w, https:\/\/www.ferrycroatia.com\/hr\/wp-content\/uploads\/2021\/01\/Preko-ferry-terminal-300x197.jpg 300w, https:\/\/www.ferrycroatia.com\/hr\/wp-content\/uploads\/2021\/01\/Preko-ferry-terminal-768x504.jpg 768w\" sizes=\"(max-width: 1024px) 100vw, 1024px\" \/><\/figure>\n\n\n\n<h3>Popis trajektnih linija iz i do Preka<\/h3>\n\n\n\n<p>\u2192 Trajekt: Zadar (Ga\u017eenica) \u2013 Preko (Ugljan)<\/p>\n\n\n\n<ul><li><a href=\"http:\/\/ferrycroatia.com\/hr\/preko-zadar\/\">Preko \u2013 Zadar<\/a><\/li><\/ul>\n\n\n\n<p>\u2192 Brod: Zadar \u2013 Preko (Ugljan)<br><\/p>\n","protected":false},"excerpt":{"rendered":"<p>Preko je grad smje\u0161ten na sjevernoj strani otoka Ugljanua, kako mu i samo ime ka\u017ee &#8211; nasuprot Zadru. S kopnom je redovnim trajektnim linijama povezan s Zadrom i Zadrom (Ga\u017eenica). Trajektni terminal nalazi se nedaleko od centra grada, na kraju rive. Kako do\u0107i do luke Preko Vo\u017enja trajektom izme\u0111u Zadra i Preka traje nekih 30 [&hellip;]<\/p>\n<p><a class=\"more-link\" href=\"https:\/\/www.ferrycroatia.com\/hr\/trajektna-luka-preko\/\"> Continue reading&#8230;<\/a><\/p>\n","protected":false},"author":5,"featured_media":0,"parent":0,"menu_order":0,"comment_status":"closed","ping_status":"closed","template":"","meta":[],"yoast_head":"<!-- This site is optimized with the Yoast SEO plugin v19.8 - https:\/\/yoast.com\/wordpress\/plugins\/seo\/ -->\n<title>Trajektna luka Preko, dolasci i polasci iz luke<\/title>\n<meta name=\"robots\" content=\"index, follow, max-snippet:-1, max-image-preview:large, max-video-preview:-1\" \/>\n<link rel=\"canonical\" href=\"https:\/\/www.ferrycroatia.com\/hr\/trajektna-luka-preko\/\" \/>\n<meta property=\"og:locale\" content=\"en_US\" \/>\n<meta property=\"og:type\" content=\"article\" \/>\n<meta property=\"og:title\" content=\"Trajektna luka Preko, dolasci i polasci iz luke\" \/>\n<meta property=\"og:description\" content=\"Preko je grad smje\u0161ten na sjevernoj strani otoka Ugljanua, kako mu i samo ime ka\u017ee &#8211; nasuprot Zadru. S kopnom je redovnim trajektnim linijama povezan s Zadrom i Zadrom (Ga\u017eenica). Trajektni terminal nalazi se nedaleko od centra grada, na kraju rive. Kako do\u0107i do luke Preko Vo\u017enja trajektom izme\u0111u Zadra i Preka traje nekih 30 [&hellip;] Continue reading...\" \/>\n<meta property=\"og:url\" content=\"https:\/\/www.ferrycroatia.com\/hr\/trajektna-luka-preko\/\" \/>\n<meta property=\"og:site_name\" content=\"Trajekti Hrvatska\" \/>\n<meta property=\"article:modified_time\" content=\"2021-04-08T10:23:29+00:00\" \/>\n<meta property=\"og:image\" content=\"https:\/\/ferrycroatia.com\/hr\/wp-content\/uploads\/2021\/01\/Preko-ferry-terminal.jpg\" \/>\n<meta name=\"twitter:card\" content=\"summary_large_image\" \/>\n<meta name=\"twitter:label1\" content=\"Est. reading time\" \/>\n\t<meta name=\"twitter:data1\" content=\"1 minute\" \/>\n<script type=\"application\/ld+json\" class=\"yoast-schema-graph\">{\"@context\":\"https:\/\/schema.org\",\"@graph\":[{\"@type\":\"WebPage\",\"@id\":\"https:\/\/www.ferrycroatia.com\/hr\/trajektna-luka-preko\/\",\"url\":\"https:\/\/www.ferrycroatia.com\/hr\/trajektna-luka-preko\/\",\"name\":\"Trajektna luka Preko, dolasci i polasci iz luke\",\"isPartOf\":{\"@id\":\"https:\/\/www.ferrycroatia.com\/hr\/#website\"},\"datePublished\":\"2021-01-29T09:59:23+00:00\",\"dateModified\":\"2021-04-08T10:23:29+00:00\",\"breadcrumb\":{\"@id\":\"https:\/\/www.ferrycroatia.com\/hr\/trajektna-luka-preko\/#breadcrumb\"},\"inLanguage\":\"en-US\",\"potentialAction\":[{\"@type\":\"ReadAction\",\"target\":[\"https:\/\/www.ferrycroatia.com\/hr\/trajektna-luka-preko\/\"]}]},{\"@type\":\"BreadcrumbList\",\"@id\":\"https:\/\/www.ferrycroatia.com\/hr\/trajektna-luka-preko\/#breadcrumb\",\"itemListElement\":[{\"@type\":\"ListItem\",\"position\":1,\"name\":\"Home\",\"item\":\"https:\/\/www.ferrycroatia.com\/hr\/\"},{\"@type\":\"ListItem\",\"position\":2,\"name\":\"Trajektna luka Preko\"}]},{\"@type\":\"WebSite\",\"@id\":\"https:\/\/www.ferrycroatia.com\/hr\/#website\",\"url\":\"https:\/\/www.ferrycroatia.com\/hr\/\",\"name\":\"Trajekti Hrvatska\",\"description\":\"Vozni red za sve trajekte i katamarane u Hrvatskoj\",\"potentialAction\":[{\"@type\":\"SearchAction\",\"target\":{\"@type\":\"EntryPoint\",\"urlTemplate\":\"https:\/\/www.ferrycroatia.com\/hr\/?s={search_term_string}\"},\"query-input\":\"required name=search_term_string\"}],\"inLanguage\":\"en-US\"}]}<\/script>\n<!-- \/ Yoast SEO plugin. -->","yoast_head_json":{"title":"Trajektna luka Preko, dolasci i polasci iz luke","robots":{"index":"index","follow":"follow","max-snippet":"max-snippet:-1","max-image-preview":"max-image-preview:large","max-video-preview":"max-video-preview:-1"},"canonical":"https:\/\/www.ferrycroatia.com\/hr\/trajektna-luka-preko\/","og_locale":"en_US","og_type":"article","og_title":"Trajektna luka Preko, dolasci i polasci iz luke","og_description":"Preko je grad smje\u0161ten na sjevernoj strani otoka Ugljanua, kako mu i samo ime ka\u017ee &#8211; nasuprot Zadru. S kopnom je redovnim trajektnim linijama povezan s Zadrom i Zadrom (Ga\u017eenica). Trajektni terminal nalazi se nedaleko od centra grada, na kraju rive. Kako do\u0107i do luke Preko Vo\u017enja trajektom izme\u0111u Zadra i Preka traje nekih 30 [&hellip;] Continue reading...","og_url":"https:\/\/www.ferrycroatia.com\/hr\/trajektna-luka-preko\/","og_site_name":"Trajekti Hrvatska","article_modified_time":"2021-04-08T10:23:29+00:00","og_image":[{"url":"https:\/\/ferrycroatia.com\/hr\/wp-content\/uploads\/2021\/01\/Preko-ferry-terminal.jpg"}],"twitter_card":"summary_large_image","twitter_misc":{"Est. reading time":"1 minute"},"schema":{"@context":"https:\/\/schema.org","@graph":[{"@type":"WebPage","@id":"https:\/\/www.ferrycroatia.com\/hr\/trajektna-luka-preko\/","url":"https:\/\/www.ferrycroatia.com\/hr\/trajektna-luka-preko\/","name":"Trajektna luka Preko, dolasci i polasci iz luke","isPartOf":{"@id":"https:\/\/www.ferrycroatia.com\/hr\/#website"},"datePublished":"2021-01-29T09:59:23+00:00","dateModified":"2021-04-08T10:23:29+00:00","breadcrumb":{"@id":"https:\/\/www.ferrycroatia.com\/hr\/trajektna-luka-preko\/#breadcrumb"},"inLanguage":"en-US","potentialAction":[{"@type":"ReadAction","target":["https:\/\/www.ferrycroatia.com\/hr\/trajektna-luka-preko\/"]}]},{"@type":"BreadcrumbList","@id":"https:\/\/www.ferrycroatia.com\/hr\/trajektna-luka-preko\/#breadcrumb","itemListElement":[{"@type":"ListItem","position":1,"name":"Home","item":"https:\/\/www.ferrycroatia.com\/hr\/"},{"@type":"ListItem","position":2,"name":"Trajektna luka Preko"}]},{"@type":"WebSite","@id":"https:\/\/www.ferrycroatia.com\/hr\/#website","url":"https:\/\/www.ferrycroatia.com\/hr\/","name":"Trajekti Hrvatska","description":"Vozni red za sve trajekte i katamarane u Hrvatskoj","potentialAction":[{"@type":"SearchAction","target":{"@type":"EntryPoint","urlTemplate":"https:\/\/www.ferrycroatia.com\/hr\/?s={search_term_string}"},"query-input":"required name=search_term_string"}],"inLanguage":"en-US"}]}},"_links":{"self":[{"href":"https:\/\/www.ferrycroatia.com\/hr\/wp-json\/wp\/v2\/pages\/1396"}],"collection":[{"href":"https:\/\/www.ferrycroatia.com\/hr\/wp-json\/wp\/v2\/pages"}],"about":[{"href":"https:\/\/www.ferrycroatia.com\/hr\/wp-json\/wp\/v2\/types\/page"}],"author":[{"embeddable":true,"href":"https:\/\/www.ferrycroatia.com\/hr\/wp-json\/wp\/v2\/users\/5"}],"replies":[{"embeddable":true,"href":"https:\/\/www.ferrycroatia.com\/hr\/wp-json\/wp\/v2\/comments?post=1396"}],"version-history":[{"count":4,"href":"https:\/\/www.ferrycroatia.com\/hr\/wp-json\/wp\/v2\/pages\/1396\/revisions"}],"predecessor-version":[{"id":2115,"href":"https:\/\/www.ferrycroatia.com\/hr\/wp-json\/wp\/v2\/pages\/1396\/revisions\/2115"}],"wp:attachment":[{"href":"https:\/\/www.ferrycroatia.com\/hr\/wp-json\/wp\/v2\/media?parent=1396"}],"curies":[{"name":"wp","href":"https:\/\/api.w.org\/{rel}","templated":true}]}}