{"id":1399,"date":"2021-01-29T10:01:59","date_gmt":"2021-01-29T10:01:59","guid":{"rendered":"https:\/\/ferrycroatia.com\/hr\/?page_id=1399"},"modified":"2021-04-08T12:54:31","modified_gmt":"2021-04-08T10:54:31","slug":"trajektna-luka-premuda","status":"publish","type":"page","link":"https:\/\/www.ferrycroatia.com\/hr\/trajektna-luka-premuda\/","title":{"rendered":"Trajektna luka Premuda"},"content":{"rendered":"\n<p>Premuda je mali otok koji se nalazi sjeverozapadno od Zadra. <strong>Trajektna luka nalazi se na sjeverozapadnoj strani otoka<\/strong>, oko 500 m od centra grada koji se prote\u017ee sve do druge strane otoka. <strong>Trajektna luka redovnim trajektnim i katamaranskim linijama povezana je sa Zadrom i otocima Silba, Olibom i Lo\u0161injom<\/strong>. Otok Premuda popularan je me\u0111u roniocima zbog svoje netaknute prirode. Na otoku mo\u017eete u\u017eivati \u200b\u200bu istra\u017eivanju podmorskog svijeta, a mo\u017eete se vratiti na kopno i posjetiti \u0160ibenik i Zadar ili druge otoke u blizini: Silbu, Olib i Lo\u0161inj.<\/p>\n\n\n\n<h3>Kako do\u0107i do luke Premuda<\/h3>\n\n\n\n<p>Otok Premuda vrlo je mal otok, trajektna luka nalazi se nekih 500 m od Premude koja je u sredi\u0161tu otoka, pa bez obzira gdje se nalazili, do<strong> trajektne luke lako mo\u017eete do\u0107i pje\u0161ice<\/strong>. Ako imate prtljage, sigurno mo\u017eete dogovoriti sa svojim stanodavcem da do\u0111e po vas u trajektnu luku.<\/p>\n\n\n\n<h3>\u0160to se nalazi u blizini luke Premuda<\/h3>\n\n\n\n<p>Kao \u0161to je ve\u0107 spomenuto, Premuda je mali grad na zaista malom otoku, tako da u blizini trajektne luke nema puno objekata.<\/p>\n\n\n\n<h3>Adresa Trajektne luke Premuda<\/h3>\n\n\n\n<ul><li>Du\u017eina: 14.602068<\/li><li>\u0160irina: 44.346641<\/li><li>23294 Premuda (Premuda)<\/li><\/ul>\n\n\n\n<figure class=\"wp-block-image\"><img decoding=\"async\" data-src=\"https:\/\/lh5.googleusercontent.com\/BeqD_9twGgeEG00a66nLqjQaq-LwI3snsBDGSKnI29uAQnjxnKnxT9QipsUQbzX9rdh1DZlRY2GOvh10joKSYkCpOuD7RMsASu_4Y05443KOsx50ShiAUoVOrp7LSy9NIcg_FdIO\" alt=\"Premuda-ferry-port\"\/><\/figure>\n\n\n\n<h3>Popis linija od i do Premude<\/h3>\n\n\n\n<p>\u2192 Trajekt: Zadar (Ga\u017eenica) \u2013 Ist \u2013 Olib \u2013 Silba \u2013 Premuda \u2013 Mali Lo\u0161inj<\/p>\n\n\n\n<ul><li><a href=\"http:\/\/ferrycroatia.com\/hr\/premuda-zadar\/\">Premuda \u2013 Zadar<\/a><\/li><li><a href=\"http:\/\/ferrycroatia.com\/hr\/premuda-mali-losinj\/\">Premuda \u2013 Mali Lo\u0161inj<\/a><\/li><li><a href=\"http:\/\/ferrycroatia.com\/hr\/premuda-silba\/\">Premuda \u2013&nbsp; Silba<\/a><\/li><li><a href=\"http:\/\/ferrycroatia.com\/hr\/premuda-olib\/\">Premuda \u2013 Olib<\/a><\/li><li><a href=\"http:\/\/ferrycroatia.com\/hr\/premuda-ist\/\">Premuda \u2013 Ist<\/a><\/li><\/ul>\n\n\n\n<p>\u2192 Katamaran: Zadar \u2013 Premuda (Krijal) \u2013 Silba \u2013 Olib<br><\/p>\n","protected":false},"excerpt":{"rendered":"<p>Premuda je mali otok koji se nalazi sjeverozapadno od Zadra. Trajektna luka nalazi se na sjeverozapadnoj strani otoka, oko 500 m od centra grada koji se prote\u017ee sve do druge strane otoka. Trajektna luka redovnim trajektnim i katamaranskim linijama povezana je sa Zadrom i otocima Silba, Olibom i Lo\u0161injom. Otok Premuda popularan je me\u0111u roniocima [&hellip;]<\/p>\n<p><a class=\"more-link\" href=\"https:\/\/www.ferrycroatia.com\/hr\/trajektna-luka-premuda\/\"> Continue reading&#8230;<\/a><\/p>\n","protected":false},"author":5,"featured_media":0,"parent":0,"menu_order":0,"comment_status":"closed","ping_status":"closed","template":"","meta":[],"yoast_head":"<!-- This site is optimized with the Yoast SEO plugin v19.8 - https:\/\/yoast.com\/wordpress\/plugins\/seo\/ -->\n<title>Trajektna luka Premuda, dolasci i polasci iz luke<\/title>\n<meta name=\"robots\" content=\"index, follow, max-snippet:-1, max-image-preview:large, max-video-preview:-1\" \/>\n<link rel=\"canonical\" href=\"https:\/\/www.ferrycroatia.com\/hr\/trajektna-luka-premuda\/\" \/>\n<meta property=\"og:locale\" content=\"en_US\" \/>\n<meta property=\"og:type\" content=\"article\" \/>\n<meta property=\"og:title\" content=\"Trajektna luka Premuda, dolasci i polasci iz luke\" \/>\n<meta property=\"og:description\" content=\"Premuda je mali otok koji se nalazi sjeverozapadno od Zadra. Trajektna luka nalazi se na sjeverozapadnoj strani otoka, oko 500 m od centra grada koji se prote\u017ee sve do druge strane otoka. Trajektna luka redovnim trajektnim i katamaranskim linijama povezana je sa Zadrom i otocima Silba, Olibom i Lo\u0161injom. Otok Premuda popularan je me\u0111u roniocima [&hellip;] Continue reading...\" \/>\n<meta property=\"og:url\" content=\"https:\/\/www.ferrycroatia.com\/hr\/trajektna-luka-premuda\/\" \/>\n<meta property=\"og:site_name\" content=\"Trajekti Hrvatska\" \/>\n<meta property=\"article:modified_time\" content=\"2021-04-08T10:54:31+00:00\" \/>\n<meta property=\"og:image\" content=\"https:\/\/lh5.googleusercontent.com\/BeqD_9twGgeEG00a66nLqjQaq-LwI3snsBDGSKnI29uAQnjxnKnxT9QipsUQbzX9rdh1DZlRY2GOvh10joKSYkCpOuD7RMsASu_4Y05443KOsx50ShiAUoVOrp7LSy9NIcg_FdIO\" \/>\n<meta name=\"twitter:card\" content=\"summary_large_image\" \/>\n<meta name=\"twitter:label1\" content=\"Est. reading time\" \/>\n\t<meta name=\"twitter:data1\" content=\"1 minute\" \/>\n<script type=\"application\/ld+json\" class=\"yoast-schema-graph\">{\"@context\":\"https:\/\/schema.org\",\"@graph\":[{\"@type\":\"WebPage\",\"@id\":\"https:\/\/www.ferrycroatia.com\/hr\/trajektna-luka-premuda\/\",\"url\":\"https:\/\/www.ferrycroatia.com\/hr\/trajektna-luka-premuda\/\",\"name\":\"Trajektna luka Premuda, dolasci i polasci iz luke\",\"isPartOf\":{\"@id\":\"https:\/\/www.ferrycroatia.com\/hr\/#website\"},\"datePublished\":\"2021-01-29T10:01:59+00:00\",\"dateModified\":\"2021-04-08T10:54:31+00:00\",\"breadcrumb\":{\"@id\":\"https:\/\/www.ferrycroatia.com\/hr\/trajektna-luka-premuda\/#breadcrumb\"},\"inLanguage\":\"en-US\",\"potentialAction\":[{\"@type\":\"ReadAction\",\"target\":[\"https:\/\/www.ferrycroatia.com\/hr\/trajektna-luka-premuda\/\"]}]},{\"@type\":\"BreadcrumbList\",\"@id\":\"https:\/\/www.ferrycroatia.com\/hr\/trajektna-luka-premuda\/#breadcrumb\",\"itemListElement\":[{\"@type\":\"ListItem\",\"position\":1,\"name\":\"Home\",\"item\":\"https:\/\/www.ferrycroatia.com\/hr\/\"},{\"@type\":\"ListItem\",\"position\":2,\"name\":\"Trajektna luka Premuda\"}]},{\"@type\":\"WebSite\",\"@id\":\"https:\/\/www.ferrycroatia.com\/hr\/#website\",\"url\":\"https:\/\/www.ferrycroatia.com\/hr\/\",\"name\":\"Trajekti Hrvatska\",\"description\":\"Vozni red za sve trajekte i katamarane u Hrvatskoj\",\"potentialAction\":[{\"@type\":\"SearchAction\",\"target\":{\"@type\":\"EntryPoint\",\"urlTemplate\":\"https:\/\/www.ferrycroatia.com\/hr\/?s={search_term_string}\"},\"query-input\":\"required name=search_term_string\"}],\"inLanguage\":\"en-US\"}]}<\/script>\n<!-- \/ Yoast SEO plugin. -->","yoast_head_json":{"title":"Trajektna luka Premuda, dolasci i polasci iz luke","robots":{"index":"index","follow":"follow","max-snippet":"max-snippet:-1","max-image-preview":"max-image-preview:large","max-video-preview":"max-video-preview:-1"},"canonical":"https:\/\/www.ferrycroatia.com\/hr\/trajektna-luka-premuda\/","og_locale":"en_US","og_type":"article","og_title":"Trajektna luka Premuda, dolasci i polasci iz luke","og_description":"Premuda je mali otok koji se nalazi sjeverozapadno od Zadra. Trajektna luka nalazi se na sjeverozapadnoj strani otoka, oko 500 m od centra grada koji se prote\u017ee sve do druge strane otoka. Trajektna luka redovnim trajektnim i katamaranskim linijama povezana je sa Zadrom i otocima Silba, Olibom i Lo\u0161injom. Otok Premuda popularan je me\u0111u roniocima [&hellip;] Continue reading...","og_url":"https:\/\/www.ferrycroatia.com\/hr\/trajektna-luka-premuda\/","og_site_name":"Trajekti Hrvatska","article_modified_time":"2021-04-08T10:54:31+00:00","og_image":[{"url":"https:\/\/lh5.googleusercontent.com\/BeqD_9twGgeEG00a66nLqjQaq-LwI3snsBDGSKnI29uAQnjxnKnxT9QipsUQbzX9rdh1DZlRY2GOvh10joKSYkCpOuD7RMsASu_4Y05443KOsx50ShiAUoVOrp7LSy9NIcg_FdIO"}],"twitter_card":"summary_large_image","twitter_misc":{"Est. reading time":"1 minute"},"schema":{"@context":"https:\/\/schema.org","@graph":[{"@type":"WebPage","@id":"https:\/\/www.ferrycroatia.com\/hr\/trajektna-luka-premuda\/","url":"https:\/\/www.ferrycroatia.com\/hr\/trajektna-luka-premuda\/","name":"Trajektna luka Premuda, dolasci i polasci iz luke","isPartOf":{"@id":"https:\/\/www.ferrycroatia.com\/hr\/#website"},"datePublished":"2021-01-29T10:01:59+00:00","dateModified":"2021-04-08T10:54:31+00:00","breadcrumb":{"@id":"https:\/\/www.ferrycroatia.com\/hr\/trajektna-luka-premuda\/#breadcrumb"},"inLanguage":"en-US","potentialAction":[{"@type":"ReadAction","target":["https:\/\/www.ferrycroatia.com\/hr\/trajektna-luka-premuda\/"]}]},{"@type":"BreadcrumbList","@id":"https:\/\/www.ferrycroatia.com\/hr\/trajektna-luka-premuda\/#breadcrumb","itemListElement":[{"@type":"ListItem","position":1,"name":"Home","item":"https:\/\/www.ferrycroatia.com\/hr\/"},{"@type":"ListItem","position":2,"name":"Trajektna luka Premuda"}]},{"@type":"WebSite","@id":"https:\/\/www.ferrycroatia.com\/hr\/#website","url":"https:\/\/www.ferrycroatia.com\/hr\/","name":"Trajekti Hrvatska","description":"Vozni red za sve trajekte i katamarane u Hrvatskoj","potentialAction":[{"@type":"SearchAction","target":{"@type":"EntryPoint","urlTemplate":"https:\/\/www.ferrycroatia.com\/hr\/?s={search_term_string}"},"query-input":"required name=search_term_string"}],"inLanguage":"en-US"}]}},"_links":{"self":[{"href":"https:\/\/www.ferrycroatia.com\/hr\/wp-json\/wp\/v2\/pages\/1399"}],"collection":[{"href":"https:\/\/www.ferrycroatia.com\/hr\/wp-json\/wp\/v2\/pages"}],"about":[{"href":"https:\/\/www.ferrycroatia.com\/hr\/wp-json\/wp\/v2\/types\/page"}],"author":[{"embeddable":true,"href":"https:\/\/www.ferrycroatia.com\/hr\/wp-json\/wp\/v2\/users\/5"}],"replies":[{"embeddable":true,"href":"https:\/\/www.ferrycroatia.com\/hr\/wp-json\/wp\/v2\/comments?post=1399"}],"version-history":[{"count":5,"href":"https:\/\/www.ferrycroatia.com\/hr\/wp-json\/wp\/v2\/pages\/1399\/revisions"}],"predecessor-version":[{"id":2117,"href":"https:\/\/www.ferrycroatia.com\/hr\/wp-json\/wp\/v2\/pages\/1399\/revisions\/2117"}],"wp:attachment":[{"href":"https:\/\/www.ferrycroatia.com\/hr\/wp-json\/wp\/v2\/media?parent=1399"}],"curies":[{"name":"wp","href":"https:\/\/api.w.org\/{rel}","templated":true}]}}