{"id":1402,"date":"2021-01-29T10:06:25","date_gmt":"2021-01-29T10:06:25","guid":{"rendered":"https:\/\/ferrycroatia.com\/hr\/?page_id=1402"},"modified":"2024-06-17T15:52:33","modified_gmt":"2024-06-17T13:52:33","slug":"trajektna-luka-prizna","status":"publish","type":"page","link":"https:\/\/www.ferrycroatia.com\/hr\/trajektna-luka-prizna\/","title":{"rendered":"Trajektna luka Prizna"},"content":{"rendered":"\n<p>Prizna je <strong>lu\u010dko naselje izravno povezano s otokom Pagom<\/strong>. Nalazi se na obalnoj cesti izme\u0111u Karlobaga i Senja. Centar grada nalazi se tek nekih 350 m <strong>od trajektne luke, a autobusni kolodvor nalazi se na glavnoj cesti<\/strong>, oko 2,5 km od trajektne luke. Ako \u017eelite posjetiti Pag, iz Prizne ga mo\u017eete posjetiti trajektom.<\/p>\n\n\n\n<h3 class=\"has-medium-font-size\">Kako do\u0107i do luke Prizna<\/h3>\n\n\n\n<p>Trajektna luka u Prizni nalazi se u podno\u017eju strmog brda, stoga vam mo\u017eda bude naporno do nje do\u0107i pje\u0161ice, osim ako odsjedate u &#8220;turisti\u010dkom naselju&#8221; Prizna u blizini. Iz bilo kojeg drugog mjesta trebat \u0107ete vozilom do trajektne luke.<\/p>\n\n\n\n<h3 class=\"has-medium-font-size\">Kako iz Zra\u010dne luke Zadar\/Rijeka do\u0107i do luke Prizna<\/h3>\n\n\n\n<p>Prizna se otprilike nalazi na pola puta izme\u0111u <strong>Zra\u010dne luke Zadar<\/strong> (oko 90 km, a zra\u010dna luka se nalazi 10 km od Zadra) i <strong>Zra\u010dne luke Rijeka<\/strong> (oko 105 km, a zra\u010dna luka se nalazi oko 26 km od Rijeke). Nakon \u0161to sletite u zra\u010dnu luku u Zadru ili Rijeci, mo\u017eete <strong>unaprijed rezerviranim transferom ili taksijem izravno do\u0107i do Trajektne luke Prizna<\/strong>.<\/p>\n\n\n\n<p>Druga opcija su <strong>autobusi zra\u010dne luke<\/strong> koji prometuju i iz <a href=\"https:\/\/getbybus.com\/hr\/blog\/autobus-zracne-luke-zadar\/\">Zra\u010dne luke Zadar<\/a> i iz <a href=\"https:\/\/getbybus.com\/hr\/blog\/autobus-zracna-luka-rijeka\/\">Zra\u010dne luke Rijeka<\/a> koji voze do glavnih autobusnih kolodvora u Zadru i Rijeci, koji su drugim autobusnim linijama povezani s cijelom Hrvatskom. Cijena karte od zadarske zra\u010dne luke do Zadra iznosi nekih 3 eura, a od <strong>rije\u010dke zra\u010dne luke do Rijeke oko 7 eura<\/strong>.<\/p>\n\n\n\n<h3 class=\"has-medium-font-size\">Kako do\u0107i do luke Prizna od drugih destinacija<\/h3>\n\n\n\n<p>Prizna je autobusnim linijama povezana s nekim<strong> glavnim destinacijama u Hrvatskoj<\/strong>. Kao \u0161to je ve\u0107 spomenuto, glavni autobusni kolodvor u Priznoj nalazi se na glavnoj cesti,<strong> nekih 2,5 km od trajektne luke<\/strong>. \u0160etnja nizbrdo do trajektne luke traje nekih 20 minuta. Za to\u010dnu lokaciju <a href=\"https:\/\/getbybus.com\/en\/bus-from-prizna\">kliknite ovdje<\/a>.<\/p>\n\n\n\n<p>Ako automobilom putujete <strong>autocestom ili obalnom cestom<\/strong>, s juga ili sjevera, nakon \u0161to s <strong>glavne obalne ceste<\/strong> u\u0111ete u grad Priznu, slijedite upute prema trajektnoj luci (postoji mogu\u0107nost gu\u017eve u prometu, pogotovo ljeti, jer ve\u0107ina automobila ide do trajektne luke radi trajekata, pa je bolje do\u0107i malo ranije). Trajektna luka je dobro ozna\u010dena, a nalazi se <strong>nekih 350 m od centra grada<\/strong>.<\/p>\n\n\n\n<h3 class=\"has-medium-font-size\">\u0160to se nalazi u blizini luke Prizna<\/h3>\n\n\n\n<p>Kao \u0161to je ve\u0107 spomenuto, Prizna je <strong>malo naselje i njegovo sredi\u0161te<\/strong> nalazi se nekih 350 m od trajektne luke. U samoj trajektnoj luci<strong> nema mnogo sadr\u017eaja<\/strong>, ali trgovine, <strong>restorane i barove<\/strong> mo\u017eete prona\u0107i u centru naselja.<\/p>\n\n\n\n<h2 class=\"has-medium-font-size\">Trajektna luka Prizna &#8211; naj\u010de\u0161\u0107a pitanja<\/h2>\n\n\n\n<p><strong>Gdje se nalazi trajektna luka u Prizni?<\/strong><\/p>\n\n\n\n<p>Trajektna luka u Prizni nalazi se na obalnoj cesti izme\u0111u Karlobaga i Senja, u podno\u017eju strmog brda, nekih 350 m od centra naselja.<\/p>\n\n\n\n<p><strong>Kako do\u0107i do luke Prizna?<\/strong><\/p>\n\n\n\n<ul>\n<li><strong>Pje\u0161ice:<\/strong> Ako odsjedate u turisti\u010dkom naselju Prizna, mo\u017eete do\u0107i pje\u0161ice, iako je staza strma.<\/li>\n\n\n\n<li><strong>Automobilom:<\/strong> Iz bilo kojeg drugog mjesta trebat \u0107ete vozilom do\u0107i do trajektne luke. Slijedite upute prema trajektnoj luci nakon \u0161to u\u0111ete u Priznu s glavne obalne ceste.<\/li>\n<\/ul>\n\n\n\n<p><strong>Kako do\u0107i do luke Prizna iz Zra\u010dne luke Zadar ili Rijeka?<\/strong><\/p>\n\n\n\n<ul>\n<li><strong>Unaprijed rezervirani transfer ili taksi:<\/strong> Izravno do trajektne luke Prizna.<\/li>\n\n\n\n<li><strong>Autobusom:<\/strong> Iz zra\u010dne luke do glavnih autobusnih kolodvora u Zadru ili Rijeci, a zatim drugim autobusnim linijama do Prizne.<\/li>\n<\/ul>\n\n\n\n<p><strong>Gdje se nalazi glavni autobusni kolodvor u Prizni?<\/strong><\/p>\n\n\n\n<p>Glavni autobusni kolodvor nalazi se na glavnoj cesti, oko 2,5 km od trajektne luke.<\/p>\n\n\n\n<p><strong>\u0160to se nalazi u blizini luke Prizna?<\/strong><\/p>\n\n\n\n<p>Prizna je malo naselje. U samoj trajektnoj luci nema mnogo sadr\u017eaja, ali trgovine, restorane i barove mo\u017eete prona\u0107i u centru naselja, nekih 350 m od luke.<\/p>\n\n\n\n<h3 class=\"has-medium-font-size\">Adresa Trajektne luke Prizna<\/h3>\n\n\n\n<ul>\n<li>D406<\/li>\n\n\n\n<li>53287 Prizna<\/li>\n\n\n\n<li><strong>GPS koordinate: <\/strong>44.60192, 14.97015<\/li>\n<\/ul>\n\n\n\n<figure class=\"wp-block-image size-full\"><img decoding=\"async\" loading=\"lazy\" width=\"800\" height=\"451\" data-src=\"https:\/\/www.ferrycroatia.com\/hr\/wp-content\/uploads\/2024\/06\/Trajektna-luka-Prizna.webp\" alt=\"Trajektna luka Prizna\" class=\"wp-image-4050\" data-srcset=\"https:\/\/www.ferrycroatia.com\/hr\/wp-content\/uploads\/2024\/06\/Trajektna-luka-Prizna.webp 800w, https:\/\/www.ferrycroatia.com\/hr\/wp-content\/uploads\/2024\/06\/Trajektna-luka-Prizna-300x169.webp 300w, https:\/\/www.ferrycroatia.com\/hr\/wp-content\/uploads\/2024\/06\/Trajektna-luka-Prizna-768x433.webp 768w\" sizes=\"(max-width: 800px) 100vw, 800px\" \/><figcaption class=\"wp-element-caption\">Trajektna luka Prizna<\/figcaption><\/figure>\n\n\n\n<h3 class=\"has-medium-font-size\">Popis trajektnih linija od Prizne<\/h3>\n\n\n\n<figure class=\"wp-block-table\"><table><tbody><tr><td><strong><a href=\"http:\/\/ferrycroatia.com\/hr\/prizna-zigljen\/\">Prizna \u2013 \u017digljen<\/a><\/strong><\/td><\/tr><\/tbody><\/table><\/figure>\n\n\n\n<p>Tekst i savjete za putovanja napisao&nbsp;<a href=\"https:\/\/www.ferrycroatia.com\/hr\/morten-smalby\/\">Morten Smalby<\/a>&nbsp;\u2013 zaljubljenik u putovanja koji \u017eivi u Splitu, u Hrvatskoj.<\/p>\n\n\n\n<p><\/p>\n","protected":false},"excerpt":{"rendered":"<p>Prizna je lu\u010dko naselje izravno povezano s otokom Pagom. Nalazi se na obalnoj cesti izme\u0111u Karlobaga i Senja. Centar grada nalazi se tek nekih 350 m od trajektne luke, a autobusni kolodvor nalazi se na glavnoj cesti, oko 2,5 km od trajektne luke. Ako \u017eelite posjetiti Pag, iz Prizne ga mo\u017eete posjetiti trajektom. Kako do\u0107i [&hellip;]<\/p>\n<p><a class=\"more-link\" href=\"https:\/\/www.ferrycroatia.com\/hr\/trajektna-luka-prizna\/\"> Continue reading&#8230;<\/a><\/p>\n","protected":false},"author":5,"featured_media":1404,"parent":0,"menu_order":0,"comment_status":"closed","ping_status":"closed","template":"","meta":[],"yoast_head":"<!-- This site is optimized with the Yoast SEO plugin v19.8 - https:\/\/yoast.com\/wordpress\/plugins\/seo\/ -->\n<title>Trajektna luka Prizna, dolasci i polasci iz luke 2024.<\/title>\n<meta name=\"description\" content=\"Trajektna luka Prizna - sve informacije koje vam trebaju za putovanje trajektom ili katamaranom iz Dubrovnika\" \/>\n<meta name=\"robots\" content=\"index, follow, max-snippet:-1, max-image-preview:large, max-video-preview:-1\" \/>\n<link rel=\"canonical\" href=\"https:\/\/www.ferrycroatia.com\/hr\/trajektna-luka-prizna\/\" \/>\n<meta property=\"og:locale\" content=\"en_US\" \/>\n<meta property=\"og:type\" content=\"article\" \/>\n<meta property=\"og:title\" content=\"Trajektna luka Prizna, dolasci i polasci iz luke 2024.\" \/>\n<meta property=\"og:description\" content=\"Trajektna luka Prizna - sve informacije koje vam trebaju za putovanje trajektom ili katamaranom iz Dubrovnika\" \/>\n<meta property=\"og:url\" content=\"https:\/\/www.ferrycroatia.com\/hr\/trajektna-luka-prizna\/\" \/>\n<meta property=\"og:site_name\" content=\"Trajekti Hrvatska\" \/>\n<meta property=\"article:modified_time\" content=\"2024-06-17T13:52:33+00:00\" \/>\n<meta property=\"og:image\" content=\"https:\/\/www.ferrycroatia.com\/hr\/wp-content\/uploads\/2021\/01\/Prizna-ferry-terminal.jpg\" \/>\n\t<meta property=\"og:image:width\" content=\"1024\" \/>\n\t<meta property=\"og:image:height\" content=\"576\" \/>\n\t<meta property=\"og:image:type\" content=\"image\/jpeg\" \/>\n<meta name=\"twitter:card\" content=\"summary_large_image\" \/>\n<meta name=\"twitter:label1\" content=\"Est. reading time\" \/>\n\t<meta name=\"twitter:data1\" content=\"3 minutes\" \/>\n<script type=\"application\/ld+json\" class=\"yoast-schema-graph\">{\"@context\":\"https:\/\/schema.org\",\"@graph\":[{\"@type\":\"WebPage\",\"@id\":\"https:\/\/www.ferrycroatia.com\/hr\/trajektna-luka-prizna\/\",\"url\":\"https:\/\/www.ferrycroatia.com\/hr\/trajektna-luka-prizna\/\",\"name\":\"Trajektna luka Prizna, dolasci i polasci iz luke 2024.\",\"isPartOf\":{\"@id\":\"https:\/\/www.ferrycroatia.com\/hr\/#website\"},\"datePublished\":\"2021-01-29T10:06:25+00:00\",\"dateModified\":\"2024-06-17T13:52:33+00:00\",\"description\":\"Trajektna luka Prizna - sve informacije koje vam trebaju za putovanje trajektom ili katamaranom iz Dubrovnika\",\"breadcrumb\":{\"@id\":\"https:\/\/www.ferrycroatia.com\/hr\/trajektna-luka-prizna\/#breadcrumb\"},\"inLanguage\":\"en-US\",\"potentialAction\":[{\"@type\":\"ReadAction\",\"target\":[\"https:\/\/www.ferrycroatia.com\/hr\/trajektna-luka-prizna\/\"]}]},{\"@type\":\"BreadcrumbList\",\"@id\":\"https:\/\/www.ferrycroatia.com\/hr\/trajektna-luka-prizna\/#breadcrumb\",\"itemListElement\":[{\"@type\":\"ListItem\",\"position\":1,\"name\":\"Home\",\"item\":\"https:\/\/www.ferrycroatia.com\/hr\/\"},{\"@type\":\"ListItem\",\"position\":2,\"name\":\"Trajektna luka Prizna\"}]},{\"@type\":\"WebSite\",\"@id\":\"https:\/\/www.ferrycroatia.com\/hr\/#website\",\"url\":\"https:\/\/www.ferrycroatia.com\/hr\/\",\"name\":\"Trajekti Hrvatska\",\"description\":\"Vozni red za sve trajekte i katamarane u Hrvatskoj\",\"potentialAction\":[{\"@type\":\"SearchAction\",\"target\":{\"@type\":\"EntryPoint\",\"urlTemplate\":\"https:\/\/www.ferrycroatia.com\/hr\/?s={search_term_string}\"},\"query-input\":\"required name=search_term_string\"}],\"inLanguage\":\"en-US\"}]}<\/script>\n<!-- \/ Yoast SEO plugin. -->","yoast_head_json":{"title":"Trajektna luka Prizna, dolasci i polasci iz luke 2024.","description":"Trajektna luka Prizna - sve informacije koje vam trebaju za putovanje trajektom ili katamaranom iz Dubrovnika","robots":{"index":"index","follow":"follow","max-snippet":"max-snippet:-1","max-image-preview":"max-image-preview:large","max-video-preview":"max-video-preview:-1"},"canonical":"https:\/\/www.ferrycroatia.com\/hr\/trajektna-luka-prizna\/","og_locale":"en_US","og_type":"article","og_title":"Trajektna luka Prizna, dolasci i polasci iz luke 2024.","og_description":"Trajektna luka Prizna - sve informacije koje vam trebaju za putovanje trajektom ili katamaranom iz Dubrovnika","og_url":"https:\/\/www.ferrycroatia.com\/hr\/trajektna-luka-prizna\/","og_site_name":"Trajekti Hrvatska","article_modified_time":"2024-06-17T13:52:33+00:00","og_image":[{"width":1024,"height":576,"url":"https:\/\/www.ferrycroatia.com\/hr\/wp-content\/uploads\/2021\/01\/Prizna-ferry-terminal.jpg","type":"image\/jpeg"}],"twitter_card":"summary_large_image","twitter_misc":{"Est. reading time":"3 minutes"},"schema":{"@context":"https:\/\/schema.org","@graph":[{"@type":"WebPage","@id":"https:\/\/www.ferrycroatia.com\/hr\/trajektna-luka-prizna\/","url":"https:\/\/www.ferrycroatia.com\/hr\/trajektna-luka-prizna\/","name":"Trajektna luka Prizna, dolasci i polasci iz luke 2024.","isPartOf":{"@id":"https:\/\/www.ferrycroatia.com\/hr\/#website"},"datePublished":"2021-01-29T10:06:25+00:00","dateModified":"2024-06-17T13:52:33+00:00","description":"Trajektna luka Prizna - sve informacije koje vam trebaju za putovanje trajektom ili katamaranom iz Dubrovnika","breadcrumb":{"@id":"https:\/\/www.ferrycroatia.com\/hr\/trajektna-luka-prizna\/#breadcrumb"},"inLanguage":"en-US","potentialAction":[{"@type":"ReadAction","target":["https:\/\/www.ferrycroatia.com\/hr\/trajektna-luka-prizna\/"]}]},{"@type":"BreadcrumbList","@id":"https:\/\/www.ferrycroatia.com\/hr\/trajektna-luka-prizna\/#breadcrumb","itemListElement":[{"@type":"ListItem","position":1,"name":"Home","item":"https:\/\/www.ferrycroatia.com\/hr\/"},{"@type":"ListItem","position":2,"name":"Trajektna luka Prizna"}]},{"@type":"WebSite","@id":"https:\/\/www.ferrycroatia.com\/hr\/#website","url":"https:\/\/www.ferrycroatia.com\/hr\/","name":"Trajekti Hrvatska","description":"Vozni red za sve trajekte i katamarane u Hrvatskoj","potentialAction":[{"@type":"SearchAction","target":{"@type":"EntryPoint","urlTemplate":"https:\/\/www.ferrycroatia.com\/hr\/?s={search_term_string}"},"query-input":"required name=search_term_string"}],"inLanguage":"en-US"}]}},"_links":{"self":[{"href":"https:\/\/www.ferrycroatia.com\/hr\/wp-json\/wp\/v2\/pages\/1402"}],"collection":[{"href":"https:\/\/www.ferrycroatia.com\/hr\/wp-json\/wp\/v2\/pages"}],"about":[{"href":"https:\/\/www.ferrycroatia.com\/hr\/wp-json\/wp\/v2\/types\/page"}],"author":[{"embeddable":true,"href":"https:\/\/www.ferrycroatia.com\/hr\/wp-json\/wp\/v2\/users\/5"}],"replies":[{"embeddable":true,"href":"https:\/\/www.ferrycroatia.com\/hr\/wp-json\/wp\/v2\/comments?post=1402"}],"version-history":[{"count":5,"href":"https:\/\/www.ferrycroatia.com\/hr\/wp-json\/wp\/v2\/pages\/1402\/revisions"}],"predecessor-version":[{"id":4052,"href":"https:\/\/www.ferrycroatia.com\/hr\/wp-json\/wp\/v2\/pages\/1402\/revisions\/4052"}],"wp:featuredmedia":[{"embeddable":true,"href":"https:\/\/www.ferrycroatia.com\/hr\/wp-json\/wp\/v2\/media\/1404"}],"wp:attachment":[{"href":"https:\/\/www.ferrycroatia.com\/hr\/wp-json\/wp\/v2\/media?parent=1402"}],"curies":[{"name":"wp","href":"https:\/\/api.w.org\/{rel}","templated":true}]}}