{"id":1409,"date":"2021-01-29T10:10:03","date_gmt":"2021-01-29T10:10:03","guid":{"rendered":"https:\/\/ferrycroatia.com\/hr\/?page_id=1409"},"modified":"2021-04-08T13:00:15","modified_gmt":"2021-04-08T11:00:15","slug":"trajektna-luka-prvic-sepurine","status":"publish","type":"page","link":"https:\/\/www.ferrycroatia.com\/hr\/trajektna-luka-prvic-sepurine\/","title":{"rendered":"Trajektna luka Prvi\u0107 \u0160epurine"},"content":{"rendered":"\n<p>\u0160epurine su malo selo <strong>na ju\u017enoj strani otoka Prvi\u0107 u \u0161ibenskom arhipelagu<\/strong>. To je jedno od dva sela na otoku. Luka se nalazi u centru sela, u blizini rive. <strong>Prvi\u0107 je mali otok na kojem nema automobila<\/strong>, pa se mo\u017eete pro\u0161etati i istra\u017eiti skrivene uvale i pla\u017ee ili posjetiti drugo selo na otoku &#8211; Prvi\u0107 Luku.<\/p>\n\n\n\n<h3>Kako do\u0107i do luke \u0160epurine<\/h3>\n\n\n\n<p>\u0160epurine su malo selo na malom otoku Prvi\u0107u, pa bez obzira gdje se nalazili, d<strong>o luke mo\u017eete lako do\u0107i pje\u0161ice<\/strong>. To je ujedno i jedini na\u010din, jer automobili nisu dozvoljeni na otoku.<\/p>\n\n\n\n<h3>\u0160to se nalazi u blizini luke \u0160epurine<\/h3>\n\n\n\n<p>Kao \u0161to je ve\u0107 gore spomenuto, \u0160epurine su malo selo i tu nema puno objekata. Nekoliko ih se nalazi u blizini luke.<\/p>\n\n\n\n<h3>Adresa Trajektne luke \u0160epurine<\/h3>\n\n\n\n<ul><li>Du\u017eina: 15.786478<\/li><li>\u0160irina: 43.733854<\/li><li>22234 \u0160epurine<\/li><\/ul>\n\n\n\n<figure class=\"wp-block-image size-large\"><img decoding=\"async\" loading=\"lazy\" width=\"1024\" height=\"736\" data-src=\"https:\/\/ferrycroatia.com\/hr\/wp-content\/uploads\/2021\/01\/Sepurine-ferry-port.jpg\" alt=\"\" class=\"wp-image-1410\" data-srcset=\"https:\/\/www.ferrycroatia.com\/hr\/wp-content\/uploads\/2021\/01\/Sepurine-ferry-port.jpg 1024w, https:\/\/www.ferrycroatia.com\/hr\/wp-content\/uploads\/2021\/01\/Sepurine-ferry-port-300x216.jpg 300w, https:\/\/www.ferrycroatia.com\/hr\/wp-content\/uploads\/2021\/01\/Sepurine-ferry-port-768x552.jpg 768w\" sizes=\"(max-width: 1024px) 100vw, 1024px\" \/><\/figure>\n\n\n\n<h3>Popis linija od i do \u0160epurina<\/h3>\n\n\n\n<p>\u2192 Brod: \u0160ibenik \u2013 Zlarin \u2013 Prvi\u0107 Luka \u2013 \u0160epurine \u2013 Vodice<\/p>\n\n\n\n<ul><li><a href=\"https:\/\/ferrycroatia.com\/hr\/sepurine-sibenik\/\">\u0160epurine \u2013 \u0160ibenik<\/a><\/li><li><a href=\"https:\/\/ferrycroatia.com\/hr\/sepurine-vodice\/\">\u0160epurine \u2013 Vodice<\/a><\/li><li><a href=\"https:\/\/ferrycroatia.com\/hr\/sepurine-zlarin\/\">\u0160epurine \u2013 Zlarin<\/a><\/li><li>\u0160epurine \u2013 Prvi\u0107 Luka<\/li><\/ul>\n","protected":false},"excerpt":{"rendered":"<p>\u0160epurine su malo selo na ju\u017enoj strani otoka Prvi\u0107 u \u0161ibenskom arhipelagu. To je jedno od dva sela na otoku. Luka se nalazi u centru sela, u blizini rive. Prvi\u0107 je mali otok na kojem nema automobila, pa se mo\u017eete pro\u0161etati i istra\u017eiti skrivene uvale i pla\u017ee ili posjetiti drugo selo na otoku &#8211; Prvi\u0107 [&hellip;]<\/p>\n<p><a class=\"more-link\" href=\"https:\/\/www.ferrycroatia.com\/hr\/trajektna-luka-prvic-sepurine\/\"> Continue reading&#8230;<\/a><\/p>\n","protected":false},"author":5,"featured_media":0,"parent":0,"menu_order":0,"comment_status":"closed","ping_status":"closed","template":"","meta":[],"yoast_head":"<!-- This site is optimized with the Yoast SEO plugin v19.8 - https:\/\/yoast.com\/wordpress\/plugins\/seo\/ -->\n<title>Trajektna luka Prvi\u0107 \u0160epurine, dolasci i polasci iz luke<\/title>\n<meta name=\"robots\" content=\"index, follow, max-snippet:-1, max-image-preview:large, max-video-preview:-1\" \/>\n<link rel=\"canonical\" href=\"https:\/\/www.ferrycroatia.com\/hr\/trajektna-luka-prvic-sepurine\/\" \/>\n<meta property=\"og:locale\" content=\"en_US\" \/>\n<meta property=\"og:type\" content=\"article\" \/>\n<meta property=\"og:title\" content=\"Trajektna luka Prvi\u0107 \u0160epurine, dolasci i polasci iz luke\" \/>\n<meta property=\"og:description\" content=\"\u0160epurine su malo selo na ju\u017enoj strani otoka Prvi\u0107 u \u0161ibenskom arhipelagu. To je jedno od dva sela na otoku. Luka se nalazi u centru sela, u blizini rive. Prvi\u0107 je mali otok na kojem nema automobila, pa se mo\u017eete pro\u0161etati i istra\u017eiti skrivene uvale i pla\u017ee ili posjetiti drugo selo na otoku &#8211; Prvi\u0107 [&hellip;] Continue reading...\" \/>\n<meta property=\"og:url\" content=\"https:\/\/www.ferrycroatia.com\/hr\/trajektna-luka-prvic-sepurine\/\" \/>\n<meta property=\"og:site_name\" content=\"Trajekti Hrvatska\" \/>\n<meta property=\"article:modified_time\" content=\"2021-04-08T11:00:15+00:00\" \/>\n<meta property=\"og:image\" content=\"https:\/\/ferrycroatia.com\/hr\/wp-content\/uploads\/2021\/01\/Sepurine-ferry-port.jpg\" \/>\n<meta name=\"twitter:card\" content=\"summary_large_image\" \/>\n<meta name=\"twitter:label1\" content=\"Est. reading time\" \/>\n\t<meta name=\"twitter:data1\" content=\"1 minute\" \/>\n<script type=\"application\/ld+json\" class=\"yoast-schema-graph\">{\"@context\":\"https:\/\/schema.org\",\"@graph\":[{\"@type\":\"WebPage\",\"@id\":\"https:\/\/www.ferrycroatia.com\/hr\/trajektna-luka-prvic-sepurine\/\",\"url\":\"https:\/\/www.ferrycroatia.com\/hr\/trajektna-luka-prvic-sepurine\/\",\"name\":\"Trajektna luka Prvi\u0107 \u0160epurine, dolasci i polasci iz luke\",\"isPartOf\":{\"@id\":\"https:\/\/www.ferrycroatia.com\/hr\/#website\"},\"datePublished\":\"2021-01-29T10:10:03+00:00\",\"dateModified\":\"2021-04-08T11:00:15+00:00\",\"breadcrumb\":{\"@id\":\"https:\/\/www.ferrycroatia.com\/hr\/trajektna-luka-prvic-sepurine\/#breadcrumb\"},\"inLanguage\":\"en-US\",\"potentialAction\":[{\"@type\":\"ReadAction\",\"target\":[\"https:\/\/www.ferrycroatia.com\/hr\/trajektna-luka-prvic-sepurine\/\"]}]},{\"@type\":\"BreadcrumbList\",\"@id\":\"https:\/\/www.ferrycroatia.com\/hr\/trajektna-luka-prvic-sepurine\/#breadcrumb\",\"itemListElement\":[{\"@type\":\"ListItem\",\"position\":1,\"name\":\"Home\",\"item\":\"https:\/\/www.ferrycroatia.com\/hr\/\"},{\"@type\":\"ListItem\",\"position\":2,\"name\":\"Trajektna luka Prvi\u0107 \u0160epurine\"}]},{\"@type\":\"WebSite\",\"@id\":\"https:\/\/www.ferrycroatia.com\/hr\/#website\",\"url\":\"https:\/\/www.ferrycroatia.com\/hr\/\",\"name\":\"Trajekti Hrvatska\",\"description\":\"Vozni red za sve trajekte i katamarane u Hrvatskoj\",\"potentialAction\":[{\"@type\":\"SearchAction\",\"target\":{\"@type\":\"EntryPoint\",\"urlTemplate\":\"https:\/\/www.ferrycroatia.com\/hr\/?s={search_term_string}\"},\"query-input\":\"required name=search_term_string\"}],\"inLanguage\":\"en-US\"}]}<\/script>\n<!-- \/ Yoast SEO plugin. -->","yoast_head_json":{"title":"Trajektna luka Prvi\u0107 \u0160epurine, dolasci i polasci iz luke","robots":{"index":"index","follow":"follow","max-snippet":"max-snippet:-1","max-image-preview":"max-image-preview:large","max-video-preview":"max-video-preview:-1"},"canonical":"https:\/\/www.ferrycroatia.com\/hr\/trajektna-luka-prvic-sepurine\/","og_locale":"en_US","og_type":"article","og_title":"Trajektna luka Prvi\u0107 \u0160epurine, dolasci i polasci iz luke","og_description":"\u0160epurine su malo selo na ju\u017enoj strani otoka Prvi\u0107 u \u0161ibenskom arhipelagu. To je jedno od dva sela na otoku. Luka se nalazi u centru sela, u blizini rive. Prvi\u0107 je mali otok na kojem nema automobila, pa se mo\u017eete pro\u0161etati i istra\u017eiti skrivene uvale i pla\u017ee ili posjetiti drugo selo na otoku &#8211; Prvi\u0107 [&hellip;] Continue reading...","og_url":"https:\/\/www.ferrycroatia.com\/hr\/trajektna-luka-prvic-sepurine\/","og_site_name":"Trajekti Hrvatska","article_modified_time":"2021-04-08T11:00:15+00:00","og_image":[{"url":"https:\/\/ferrycroatia.com\/hr\/wp-content\/uploads\/2021\/01\/Sepurine-ferry-port.jpg"}],"twitter_card":"summary_large_image","twitter_misc":{"Est. reading time":"1 minute"},"schema":{"@context":"https:\/\/schema.org","@graph":[{"@type":"WebPage","@id":"https:\/\/www.ferrycroatia.com\/hr\/trajektna-luka-prvic-sepurine\/","url":"https:\/\/www.ferrycroatia.com\/hr\/trajektna-luka-prvic-sepurine\/","name":"Trajektna luka Prvi\u0107 \u0160epurine, dolasci i polasci iz luke","isPartOf":{"@id":"https:\/\/www.ferrycroatia.com\/hr\/#website"},"datePublished":"2021-01-29T10:10:03+00:00","dateModified":"2021-04-08T11:00:15+00:00","breadcrumb":{"@id":"https:\/\/www.ferrycroatia.com\/hr\/trajektna-luka-prvic-sepurine\/#breadcrumb"},"inLanguage":"en-US","potentialAction":[{"@type":"ReadAction","target":["https:\/\/www.ferrycroatia.com\/hr\/trajektna-luka-prvic-sepurine\/"]}]},{"@type":"BreadcrumbList","@id":"https:\/\/www.ferrycroatia.com\/hr\/trajektna-luka-prvic-sepurine\/#breadcrumb","itemListElement":[{"@type":"ListItem","position":1,"name":"Home","item":"https:\/\/www.ferrycroatia.com\/hr\/"},{"@type":"ListItem","position":2,"name":"Trajektna luka Prvi\u0107 \u0160epurine"}]},{"@type":"WebSite","@id":"https:\/\/www.ferrycroatia.com\/hr\/#website","url":"https:\/\/www.ferrycroatia.com\/hr\/","name":"Trajekti Hrvatska","description":"Vozni red za sve trajekte i katamarane u Hrvatskoj","potentialAction":[{"@type":"SearchAction","target":{"@type":"EntryPoint","urlTemplate":"https:\/\/www.ferrycroatia.com\/hr\/?s={search_term_string}"},"query-input":"required name=search_term_string"}],"inLanguage":"en-US"}]}},"_links":{"self":[{"href":"https:\/\/www.ferrycroatia.com\/hr\/wp-json\/wp\/v2\/pages\/1409"}],"collection":[{"href":"https:\/\/www.ferrycroatia.com\/hr\/wp-json\/wp\/v2\/pages"}],"about":[{"href":"https:\/\/www.ferrycroatia.com\/hr\/wp-json\/wp\/v2\/types\/page"}],"author":[{"embeddable":true,"href":"https:\/\/www.ferrycroatia.com\/hr\/wp-json\/wp\/v2\/users\/5"}],"replies":[{"embeddable":true,"href":"https:\/\/www.ferrycroatia.com\/hr\/wp-json\/wp\/v2\/comments?post=1409"}],"version-history":[{"count":4,"href":"https:\/\/www.ferrycroatia.com\/hr\/wp-json\/wp\/v2\/pages\/1409\/revisions"}],"predecessor-version":[{"id":2123,"href":"https:\/\/www.ferrycroatia.com\/hr\/wp-json\/wp\/v2\/pages\/1409\/revisions\/2123"}],"wp:attachment":[{"href":"https:\/\/www.ferrycroatia.com\/hr\/wp-json\/wp\/v2\/media?parent=1409"}],"curies":[{"name":"wp","href":"https:\/\/api.w.org\/{rel}","templated":true}]}}