{"id":1412,"date":"2021-01-29T10:12:17","date_gmt":"2021-01-29T10:12:17","guid":{"rendered":"https:\/\/ferrycroatia.com\/hr\/?page_id=1412"},"modified":"2024-06-18T09:43:11","modified_gmt":"2024-06-18T07:43:11","slug":"trajektna-luka-pula","status":"publish","type":"page","link":"https:\/\/www.ferrycroatia.com\/hr\/trajektna-luka-pula\/","title":{"rendered":"Trajektna luka Pula"},"content":{"rendered":"\n<p><strong>Pula<\/strong> je poznati povijesni grad na jugozapadnoj strani istarskog poluotoka. <strong>Svi katamarani u Puli polaze s pristani\u0161ta smje\u0161tenog u samom sredi\u0161tu<\/strong>, nedaleko od ve\u0107ine povijesnih znamenitosti. Povezana je redovitim <strong>katamaranskim linijama s Venecijom u Italiji i Piranom u Sloveniji<\/strong>, ba\u0161 kao i sa Zadrom i otocima: Unije, Silba, Lo\u0161inj i Ilovik.<\/p>\n\n\n\n<h3 class=\"has-medium-font-size\">Kako do\u0107i do luke Pula<\/h3>\n\n\n\n<p>Ako odsjedate u centru Pule, u blizini ve\u0107ine povijesnih znamenitosti, <strong>nije vam potreban prijevoz do katamaranske luke<\/strong> s obzirom da je i ona tu smje\u0161tena. Ako nosite puno prtljage, mo\u017eete pozvati taksi koji vas ne\u0107e puno ko\u0161tati jer se radi o maloj udaljenosti.<\/p>\n\n\n\n<p><strong>Javni autobusi ne zaustavljaju se to\u010dno u luci,<\/strong> ali svi prolaze kroz sredi\u0161te grada koje je udaljeno 500 m.<\/p>\n\n\n\n<p>Ako odsjedate u <strong>turisti\u010dkim dijelovima grada kao \u0161to je Verudela ili Lungo Mare<\/strong>, na raspolaganju vam stoje redovni lokalni autobusi koji ih povezuju s centrom Pule. Autobus 2a vozi za Verudelu dok linija 1 prometuje za Lungo Mare. Cijena karte je oko 1 euro (ne\u0161to skuplje ako se kupi u autobusu). Alternativno, mo\u017eete putovati taksijem iz navedenih gradova.<\/p>\n\n\n\n<p><strong>Ako boravite u Medulinu<\/strong>, do Pule mo\u017eete do\u0107i autobusom broj 25. Karta \u0107e vas ko\u0161tati oko 1,5 eura (malo skuplje ako kartu kupite u autobusu).<\/p>\n\n\n\n<p><strong>Ako boravite u Fa\u017eani<\/strong>, do Pule trebate putovati autobusnom linijom 21, a cijena karte je ista kao na ruti Medulin-Pula.<\/p>\n\n\n\n<p><a href=\"https:\/\/getbybus.com\/hr\/autobus-pula\">Glavni autobusni kolodvor u Puli<\/a>, <strong>koji je dobro povezan s drugim istarskim gradovima i ostatkom Hrvatske<\/strong>, udaljen je 600 m od katamaranskog pristani\u0161ta.<\/p>\n\n\n\n<h3 class=\"has-medium-font-size\">Kako do\u0107i do trajektne luke Pula iz zra\u010dne luke Pula<\/h3>\n\n\n\n<p>Zra\u010dna luka Pula udaljena je 9 km od katamaranskog pristani\u0161ta. Nakon \u0161to sletite, <strong>autobusom od zra\u010dne luke mo\u017eete do\u0107i do glavnog autobusnog kolodvora u Puli<\/strong>, a od tamo pje\u0161ice do katamaranske luke udaljene oko 600 m. Ako nosite prtljagu, uvijek mo\u017eete pozvati taksi koji vas ne\u0107e puno ko\u0161tati. Drugi na\u010din putovanja iz zra\u010dne luke je<a href=\"https:\/\/transfers.getbybus.com\/en\/pula-airport-pula\"> unaprijed dogovoreni transfer<\/a> ili taksi izravno do luke.<\/p>\n\n\n\n<p>Ako \u017eelite pro\u010ditati vi\u0161e o Zra\u010dnoj luci Pula,<a href=\"https:\/\/getbybus.com\/en\/blog\/pula-airport\/\"> odaberite ovu poveznicu<\/a><\/p>\n\n\n\n<h3>\u0160to se sve nalazi blizini luke Pula<\/h3>\n\n\n\n<p>Budu\u0107i da je pristani\u0161te u blizini centra grada, lako su dostupni brojni sadr\u017eaji: kafi\u0107i, restorani, trgovine itd.<\/p>\n\n\n\n<h3>Adresa luke Pula<\/h3>\n\n\n\n<ul>\n<li>Ulica Svetog Petra<\/li>\n\n\n\n<li>52100 Pula<\/li>\n\n\n\n<li><strong>GPS-koordinate<\/strong>: 44.874889, 13.847119<\/li>\n<\/ul>\n\n\n\n<figure class=\"wp-block-image size-full\"><img decoding=\"async\" loading=\"lazy\" width=\"1024\" height=\"768\" data-src=\"https:\/\/www.ferrycroatia.com\/hr\/wp-content\/uploads\/2024\/06\/Trajektna-luka-Pula.webp\" alt=\"Trajektna luka Pula\" class=\"wp-image-4055\" data-srcset=\"https:\/\/www.ferrycroatia.com\/hr\/wp-content\/uploads\/2024\/06\/Trajektna-luka-Pula.webp 1024w, https:\/\/www.ferrycroatia.com\/hr\/wp-content\/uploads\/2024\/06\/Trajektna-luka-Pula-300x225.webp 300w, https:\/\/www.ferrycroatia.com\/hr\/wp-content\/uploads\/2024\/06\/Trajektna-luka-Pula-768x576.webp 768w\" sizes=\"(max-width: 1024px) 100vw, 1024px\" \/><figcaption class=\"wp-element-caption\">Trajektna luka Pula<\/figcaption><\/figure>\n\n\n\n<h3>Trajektna luka Pula &#8211; naj\u010de\u0161\u0107a pitanja<\/h3>\n\n\n\n<p><strong>Gdje se nalazi trajektna luka u Puli?<\/strong><\/p>\n\n\n\n<p>Trajektna luka u Puli smje\u0161tena je u samom sredi\u0161tu grada, nedaleko od ve\u0107ine povijesnih znamenitosti.<\/p>\n\n\n\n<p><strong>Koje destinacije povezuju katamaranske linije iz Pule?<\/strong><\/p>\n\n\n\n<p>Katamarani iz Pule redovito prometuju prema Veneciji (Italija), Piranu (Slovenija), Zadru te otocima Unije, Silba, Lo\u0161inj i Ilovik.<\/p>\n\n\n\n<p><strong>Kako do\u0107i do luke Pula ako odsjedate u centru grada?<\/strong><\/p>\n\n\n\n<p>Ako ste smje\u0161teni u centru Pule, lako mo\u017eete do\u0107i do luke pje\u0161ice. Ako imate puno prtljage, mo\u017eete uzeti taksi jer je udaljenost mala.<\/p>\n\n\n\n<p><strong>Kako do\u0107i do luke Pula iz turisti\u010dkih dijelova grada kao \u0161to su Verudela ili Lungo Mare?<\/strong><\/p>\n\n\n\n<p>Iz Verudele mo\u017eete do\u0107i autobusom linije 2a, a iz Lungo Mare autobusom linije 1. Cijena karte je oko 1 euro (ne\u0161to skuplje ako se kupi u autobusu). Tako\u0111er, mo\u017eete koristiti taksi usluge.<\/p>\n\n\n\n<p><strong>Kako do\u0107i do luke Pula iz okolnih mjesta poput Medulina i Fa\u017eane?<\/strong><\/p>\n\n\n\n<ul>\n<li><strong>Iz Medulina:<\/strong> Autobusom broj 25, karta ko\u0161ta oko 1,5 eura (skuplje ako se kupi u autobusu).<\/li>\n\n\n\n<li><strong>Iz Fa\u017eane:<\/strong> Autobusnom linijom 21, cijena karte je ista kao na ruti Medulin-Pula.<\/li>\n<\/ul>\n\n\n\n<p><strong>Gdje se nalazi glavni autobusni kolodvor u Puli i koliko je udaljen od katamaranskog pristani\u0161ta?<\/strong><\/p>\n\n\n\n<p>Glavni autobusni kolodvor u Puli udaljen je 600 m od katamaranskog pristani\u0161ta. Lako je dostupan pje\u0161ice ili taksijem.<\/p>\n\n\n\n<p><strong>Kako do\u0107i do trajektne luke Pula iz Zra\u010dne luke Pula?<\/strong><\/p>\n\n\n\n<p>Zra\u010dna luka Pula udaljena je 9 km od katamaranskog pristani\u0161ta. Mo\u017eete autobusom iz zra\u010dne luke do\u0107i do glavnog autobusnog kolodvora u Puli, a zatim pje\u0161ice do luke. Alternativno, mo\u017eete koristiti taksi ili unaprijed dogovoreni transfer izravno do luke.<\/p>\n\n\n\n<p><strong>\u0160to se nalazi u blizini luke Pula?<\/strong><\/p>\n\n\n\n<p>Budu\u0107i da se luka nalazi u blizini centra grada, u okolici su dostupni brojni sadr\u017eaji kao \u0161to su kafi\u0107i, restorani, trgovine i druge usluge.<\/p>\n\n\n\n<p><strong>Postoje li javni autobusi koji zaustavljaju to\u010dno u luci?<\/strong><\/p>\n\n\n\n<p>Javni autobusi ne zaustavljaju se to\u010dno u luci, ali svi prolaze kroz sredi\u0161te grada koje je udaljeno oko 500 m od luke.<\/p>\n\n\n\n<h3>Popis katamaranskih polazaka iz Pule<\/h3>\n\n\n\n<figure class=\"wp-block-table\"><table><tbody><tr><td><a href=\"http:\/\/ferrycroatia.com\/hr\/pula-venecija\/\">Pula &#8211; Venecija<\/a><\/td><td><a href=\"http:\/\/ferrycroatia.com\/hr\/pula-zadar\/\">Pula &#8211; Zadar<\/a><\/td><td><a href=\"http:\/\/ferrycroatia.com\/hr\/pula-unije\/\">Pula &#8211; Unije<\/a><\/td><\/tr><tr><td><a href=\"http:\/\/ferrycroatia.com\/hr\/pula-mali-losinj\/\">Pula &#8211; Mali Lo\u0161inj<\/a><\/td><td><a href=\"http:\/\/ferrycroatia.com\/hr\/pula-ilovik\/\">Pula &#8211; Ilovik<\/a><\/td><td><a href=\"http:\/\/ferrycroatia.com\/hr\/pula-silba\/\">Pula &#8211; Silba<\/a><\/td><\/tr><tr><td><a href=\"http:\/\/ferrycroatia.com\/hr\/pula-piran\/\">Pula &#8211; Piran<\/a><\/td><td><a href=\"http:\/\/ferrycroatia.com\/hr\/pula-trst\/\">Pula &#8211; Trst<\/a><\/td><td><\/td><\/tr><\/tbody><\/table><\/figure>\n\n\n\n<p>Tekst i savjete za putovanja napisao\u00a0<a href=\"https:\/\/www.ferrycroatia.com\/hr\/morten-smalby\/\">Morten Smalby<\/a>\u00a0\u2013 zaljubljenik u putovanja koji \u017eivi u Splitu, u Hrvatskoj.<br><\/p>\n","protected":false},"excerpt":{"rendered":"<p>Pula je poznati povijesni grad na jugozapadnoj strani istarskog poluotoka. Svi katamarani u Puli polaze s pristani\u0161ta smje\u0161tenog u samom sredi\u0161tu, nedaleko od ve\u0107ine povijesnih znamenitosti. Povezana je redovitim katamaranskim linijama s Venecijom u Italiji i Piranom u Sloveniji, ba\u0161 kao i sa Zadrom i otocima: Unije, Silba, Lo\u0161inj i Ilovik. Kako do\u0107i do luke [&hellip;]<\/p>\n<p><a class=\"more-link\" href=\"https:\/\/www.ferrycroatia.com\/hr\/trajektna-luka-pula\/\"> Continue reading&#8230;<\/a><\/p>\n","protected":false},"author":5,"featured_media":1414,"parent":0,"menu_order":0,"comment_status":"closed","ping_status":"closed","template":"","meta":[],"yoast_head":"<!-- This site is optimized with the Yoast SEO plugin v19.8 - https:\/\/yoast.com\/wordpress\/plugins\/seo\/ -->\n<title>Trajektna luka Pula, dolasci i polasci iz luke<\/title>\n<meta name=\"description\" content=\"Trajektna luka Pula - sve informacije koje vam trebaju za putovanje trajektom ili katamaranom iz Pule na jednom mjestu\" \/>\n<meta name=\"robots\" content=\"index, follow, max-snippet:-1, max-image-preview:large, max-video-preview:-1\" \/>\n<link rel=\"canonical\" href=\"https:\/\/www.ferrycroatia.com\/hr\/trajektna-luka-pula\/\" \/>\n<meta property=\"og:locale\" content=\"en_US\" \/>\n<meta property=\"og:type\" content=\"article\" \/>\n<meta property=\"og:title\" content=\"Trajektna luka Pula, dolasci i polasci iz luke\" \/>\n<meta property=\"og:description\" content=\"Trajektna luka Pula - sve informacije koje vam trebaju za putovanje trajektom ili katamaranom iz Pule na jednom mjestu\" \/>\n<meta property=\"og:url\" content=\"https:\/\/www.ferrycroatia.com\/hr\/trajektna-luka-pula\/\" \/>\n<meta property=\"og:site_name\" content=\"Trajekti Hrvatska\" \/>\n<meta property=\"article:modified_time\" content=\"2024-06-18T07:43:11+00:00\" \/>\n<meta property=\"og:image\" content=\"https:\/\/www.ferrycroatia.com\/hr\/wp-content\/uploads\/2021\/01\/Pula-arena.jpg\" \/>\n\t<meta property=\"og:image:width\" content=\"1024\" \/>\n\t<meta property=\"og:image:height\" content=\"768\" \/>\n\t<meta property=\"og:image:type\" content=\"image\/jpeg\" \/>\n<meta name=\"twitter:card\" content=\"summary_large_image\" \/>\n<meta name=\"twitter:label1\" content=\"Est. reading time\" \/>\n\t<meta name=\"twitter:data1\" content=\"4 minutes\" \/>\n<script type=\"application\/ld+json\" class=\"yoast-schema-graph\">{\"@context\":\"https:\/\/schema.org\",\"@graph\":[{\"@type\":\"WebPage\",\"@id\":\"https:\/\/www.ferrycroatia.com\/hr\/trajektna-luka-pula\/\",\"url\":\"https:\/\/www.ferrycroatia.com\/hr\/trajektna-luka-pula\/\",\"name\":\"Trajektna luka Pula, dolasci i polasci iz luke\",\"isPartOf\":{\"@id\":\"https:\/\/www.ferrycroatia.com\/hr\/#website\"},\"datePublished\":\"2021-01-29T10:12:17+00:00\",\"dateModified\":\"2024-06-18T07:43:11+00:00\",\"description\":\"Trajektna luka Pula - sve informacije koje vam trebaju za putovanje trajektom ili katamaranom iz Pule na jednom mjestu\",\"breadcrumb\":{\"@id\":\"https:\/\/www.ferrycroatia.com\/hr\/trajektna-luka-pula\/#breadcrumb\"},\"inLanguage\":\"en-US\",\"potentialAction\":[{\"@type\":\"ReadAction\",\"target\":[\"https:\/\/www.ferrycroatia.com\/hr\/trajektna-luka-pula\/\"]}]},{\"@type\":\"BreadcrumbList\",\"@id\":\"https:\/\/www.ferrycroatia.com\/hr\/trajektna-luka-pula\/#breadcrumb\",\"itemListElement\":[{\"@type\":\"ListItem\",\"position\":1,\"name\":\"Home\",\"item\":\"https:\/\/www.ferrycroatia.com\/hr\/\"},{\"@type\":\"ListItem\",\"position\":2,\"name\":\"Trajektna luka Pula\"}]},{\"@type\":\"WebSite\",\"@id\":\"https:\/\/www.ferrycroatia.com\/hr\/#website\",\"url\":\"https:\/\/www.ferrycroatia.com\/hr\/\",\"name\":\"Trajekti Hrvatska\",\"description\":\"Vozni red za sve trajekte i katamarane u Hrvatskoj\",\"potentialAction\":[{\"@type\":\"SearchAction\",\"target\":{\"@type\":\"EntryPoint\",\"urlTemplate\":\"https:\/\/www.ferrycroatia.com\/hr\/?s={search_term_string}\"},\"query-input\":\"required name=search_term_string\"}],\"inLanguage\":\"en-US\"}]}<\/script>\n<!-- \/ Yoast SEO plugin. -->","yoast_head_json":{"title":"Trajektna luka Pula, dolasci i polasci iz luke","description":"Trajektna luka Pula - sve informacije koje vam trebaju za putovanje trajektom ili katamaranom iz Pule na jednom mjestu","robots":{"index":"index","follow":"follow","max-snippet":"max-snippet:-1","max-image-preview":"max-image-preview:large","max-video-preview":"max-video-preview:-1"},"canonical":"https:\/\/www.ferrycroatia.com\/hr\/trajektna-luka-pula\/","og_locale":"en_US","og_type":"article","og_title":"Trajektna luka Pula, dolasci i polasci iz luke","og_description":"Trajektna luka Pula - sve informacije koje vam trebaju za putovanje trajektom ili katamaranom iz Pule na jednom mjestu","og_url":"https:\/\/www.ferrycroatia.com\/hr\/trajektna-luka-pula\/","og_site_name":"Trajekti Hrvatska","article_modified_time":"2024-06-18T07:43:11+00:00","og_image":[{"width":1024,"height":768,"url":"https:\/\/www.ferrycroatia.com\/hr\/wp-content\/uploads\/2021\/01\/Pula-arena.jpg","type":"image\/jpeg"}],"twitter_card":"summary_large_image","twitter_misc":{"Est. reading time":"4 minutes"},"schema":{"@context":"https:\/\/schema.org","@graph":[{"@type":"WebPage","@id":"https:\/\/www.ferrycroatia.com\/hr\/trajektna-luka-pula\/","url":"https:\/\/www.ferrycroatia.com\/hr\/trajektna-luka-pula\/","name":"Trajektna luka Pula, dolasci i polasci iz luke","isPartOf":{"@id":"https:\/\/www.ferrycroatia.com\/hr\/#website"},"datePublished":"2021-01-29T10:12:17+00:00","dateModified":"2024-06-18T07:43:11+00:00","description":"Trajektna luka Pula - sve informacije koje vam trebaju za putovanje trajektom ili katamaranom iz Pule na jednom mjestu","breadcrumb":{"@id":"https:\/\/www.ferrycroatia.com\/hr\/trajektna-luka-pula\/#breadcrumb"},"inLanguage":"en-US","potentialAction":[{"@type":"ReadAction","target":["https:\/\/www.ferrycroatia.com\/hr\/trajektna-luka-pula\/"]}]},{"@type":"BreadcrumbList","@id":"https:\/\/www.ferrycroatia.com\/hr\/trajektna-luka-pula\/#breadcrumb","itemListElement":[{"@type":"ListItem","position":1,"name":"Home","item":"https:\/\/www.ferrycroatia.com\/hr\/"},{"@type":"ListItem","position":2,"name":"Trajektna luka Pula"}]},{"@type":"WebSite","@id":"https:\/\/www.ferrycroatia.com\/hr\/#website","url":"https:\/\/www.ferrycroatia.com\/hr\/","name":"Trajekti Hrvatska","description":"Vozni red za sve trajekte i katamarane u Hrvatskoj","potentialAction":[{"@type":"SearchAction","target":{"@type":"EntryPoint","urlTemplate":"https:\/\/www.ferrycroatia.com\/hr\/?s={search_term_string}"},"query-input":"required name=search_term_string"}],"inLanguage":"en-US"}]}},"_links":{"self":[{"href":"https:\/\/www.ferrycroatia.com\/hr\/wp-json\/wp\/v2\/pages\/1412"}],"collection":[{"href":"https:\/\/www.ferrycroatia.com\/hr\/wp-json\/wp\/v2\/pages"}],"about":[{"href":"https:\/\/www.ferrycroatia.com\/hr\/wp-json\/wp\/v2\/types\/page"}],"author":[{"embeddable":true,"href":"https:\/\/www.ferrycroatia.com\/hr\/wp-json\/wp\/v2\/users\/5"}],"replies":[{"embeddable":true,"href":"https:\/\/www.ferrycroatia.com\/hr\/wp-json\/wp\/v2\/comments?post=1412"}],"version-history":[{"count":4,"href":"https:\/\/www.ferrycroatia.com\/hr\/wp-json\/wp\/v2\/pages\/1412\/revisions"}],"predecessor-version":[{"id":4056,"href":"https:\/\/www.ferrycroatia.com\/hr\/wp-json\/wp\/v2\/pages\/1412\/revisions\/4056"}],"wp:featuredmedia":[{"embeddable":true,"href":"https:\/\/www.ferrycroatia.com\/hr\/wp-json\/wp\/v2\/media\/1414"}],"wp:attachment":[{"href":"https:\/\/www.ferrycroatia.com\/hr\/wp-json\/wp\/v2\/media?parent=1412"}],"curies":[{"name":"wp","href":"https:\/\/api.w.org\/{rel}","templated":true}]}}