{"id":1419,"date":"2021-01-29T10:16:38","date_gmt":"2021-01-29T10:16:38","guid":{"rendered":"https:\/\/ferrycroatia.com\/hr\/?page_id=1419"},"modified":"2024-06-18T10:17:20","modified_gmt":"2024-06-18T08:17:20","slug":"trajektna-luka-rijeka","status":"publish","type":"page","link":"https:\/\/www.ferrycroatia.com\/hr\/trajektna-luka-rijeka\/","title":{"rendered":"Trajektna luka Rijeka"},"content":{"rendered":"\n<p><strong>Rijeka je tre\u0107i najve\u0107i grad u Hrvatskoj<\/strong> i drugi najve\u0107i grad na hrvatskoj obali. Iako nema mnogo putni\u010dkih linija koje prolaze kroz Rijeku, smatra se najve\u0107om hrvatskom lukom. <strong>Trajektna luka u Rijeci<\/strong> nalazi se u samom centru grada, tek nekih 350 m od glavne \u0161etnice i svih uzbudljivih gradskih znamenitosti.<\/p>\n\n\n\n<h3 class=\"has-medium-font-size\">Kako do\u0107i do luke u Rijeci<\/h3>\n\n\n\n<p>Ako boravite u Rijeci i <strong>\u017eelite posjetiti otoke Cres, Rab, Mali Lo\u0161inj, Unije, Susak<\/strong> i druge, ispod mo\u017eete prona\u0107i informacije o tome kako iz razli\u010ditih dijelova grada mo\u017eete do\u0107i do trajektnog terminala; ve\u0107ina autobusnih linija prolazi <strong>blizu trajektne luke (5 minuta \u0161etnje od luke<\/strong>).<\/p>\n\n\n\n<p>Od starog grada do trajektne luke mo\u017eete do\u0107i <strong>autobusnim linijama 1, 1A, 1B, 2, 4, 5 itd.<\/strong> Autobusna stanica udaljena je nekih 5 minuta hoda od trajektne luke, a centar grada nekih 10 minuta hoda (tek par autobusnih stanica).<\/p>\n\n\n\n<p>Ako odsjedate u <strong>Kantridi (jo\u0161 jednom popularnom dijelu grada)<\/strong>, autobusnom linijom broj 1 mo\u017eete do\u0107i do trajektne luke.<\/p>\n\n\n\n<p>Cijena autobusne karte <strong>ako je kupite u autobusu je malo vi\u0161e od 1 eura<\/strong>.<\/p>\n\n\n\n<p><strong>Bez obzira u kojem dijelu grada se nalazite, uvijek mo\u017eete naru\u010diti taksi<\/strong>. Iz centra grada i Kantride ne bi trebao ko\u0161tati puno, jer se ne radi o velikoj udaljenosti.<\/p>\n\n\n\n<p>Ako odsjedate u Kastvu, do trajektne luke mo\u017eete do\u0107i <strong>autobusnim linijama 18, 18B ili 18C.<\/strong> Vo\u017enja traje oko 20 minuta, a karta cijena karte je nekih<strong> 2 eura ako kartu kupite u autobusu<\/strong>.<\/p>\n\n\n\n<p><strong>Ako odsjedate u Opatiji<\/strong>, do trajektne luke mo\u017eete do\u0107i autobusnom linijom broj 32 , a cijena karte iznosi nekih 2 eura ako je kupite u autobusu.<\/p>\n\n\n\n<p>Sve autobusne linije prometuju od ranog jutra do kasno nave\u010der te su poprili\u010dno u\u010destale. <strong>Dr\u017eite na umu kako je cijena karata vi\u0161a ako ih kupite na kiosku<\/strong>.<\/p>\n\n\n\n<h3 class=\"has-medium-font-size\">Kako do\u0107i iz Zra\u010dne luke Rijeka do trajektne luke u Rijeci<\/h3>\n\n\n\n<p>Zra\u010dna luka Rijeka nalazi se u blizini grada Omi\u0161lja na otoku Krku, <strong>nekih 26 km od rije\u010dke trajektne luke<\/strong>. Nakon \u0161to sletite <strong>unaprijed rezerviranim transferom ili taksijem (nekih 30 eura) <\/strong>mo\u017eete do\u0107i do Rijeke. Na raspolaganju su vam i <strong>autobusi zra\u010dne luke koji voze do glavnog autobusnog kolodvora u Rijeci.<\/strong> Zatim <strong>lokalnim autobusnim linijama 1, 2, 6 mo\u017eete do\u0107i do trajektne luke<\/strong>. <strong>Cijena karte za autobuse zra\u010dne luke je nekih 7 eura<\/strong>, a vo\u017enja traje oko 30 minuta.<\/p>\n\n\n\n<p>Ako \u017eelite saznati vi\u0161e o prijevozu od zra\u010dne luke do trajektne luke <a href=\"https:\/\/getbybus.com\/hr\/blog\/autobus-zracna-luka-rijeka\/\">kliknite ovdje<\/a>.&nbsp;<\/p>\n\n\n\n<h3 class=\"has-medium-font-size\">Kako do\u0107i do luke u Rijeci iz drugih destinacija<\/h3>\n\n\n\n<p><strong>Rijeka je redovnim i sezonskim autobusnim linijama vrlo dobro povezana<\/strong> s mnogim hrvatskim, pa \u010dak i nekim europskim destinacijama. <a href=\"https:\/\/getbybus.com\/hr\/autobus-rijeka\">Glavni autobusni kolodvor<\/a> nalazi se nekih 10 minuta od trajektne luke i tamo <strong>mo\u017eete do\u0107i autobusnim linijama 1, 2, 6<\/strong> ili taksijem, pogotovo ako imate prtljagu.<\/p>\n\n\n\n<p>Ako putujete <strong>automobilom, iz smjera sjevera ili juga<\/strong>, autocestom ili cestom uz obalu, kad u\u0111ete u Rijeku, <strong>vidjet \u0107ete znak za centar grada i trajektnu luku.<\/strong> Trajektna luka nalazi se tek nekih 350 m od centra grada.<\/p>\n\n\n\n<h3 class=\"has-medium-font-size\">\u0160to se nalazi u blizini luke u Rijeci<\/h3>\n\n\n\n<p>Trajektna luka se nalazi<strong> u blizini centra grada te stoga u njoj i blizu nje blizini postoje mnogi drugi sadr\u017eaji<\/strong>: \u0161alter za prodaju karata, barovi, restorani, trgovine, banke, po\u0161ta, povijesne znamenitosti itd. Glavni autobusni kolodvor udaljen je <strong>samo 10 minuta (pje\u0161ice), a autobusni kolodvor za lokalne linije nalazi se nekih 5 minuta hoda <\/strong>od trajektne luke.<\/p>\n\n\n\n<h3 class=\"has-medium-font-size\">Adresa trajektne luke Rijeka<\/h3>\n\n\n\n<ul>\n<li>Senjsko pristani\u0161te 3<\/li>\n\n\n\n<li>51000 Rijeka<\/li>\n\n\n\n<li>GPS koordinate: 45.324, 14.43998<\/li>\n<\/ul>\n\n\n\n<figure class=\"wp-block-image size-full\"><img decoding=\"async\" loading=\"lazy\" width=\"800\" height=\"456\" data-src=\"https:\/\/www.ferrycroatia.com\/hr\/wp-content\/uploads\/2024\/06\/Trajektna-luka-Rijeka.webp\" alt=\"Trajektna luka Rijeka\" class=\"wp-image-4058\" data-srcset=\"https:\/\/www.ferrycroatia.com\/hr\/wp-content\/uploads\/2024\/06\/Trajektna-luka-Rijeka.webp 800w, https:\/\/www.ferrycroatia.com\/hr\/wp-content\/uploads\/2024\/06\/Trajektna-luka-Rijeka-300x171.webp 300w, https:\/\/www.ferrycroatia.com\/hr\/wp-content\/uploads\/2024\/06\/Trajektna-luka-Rijeka-768x438.webp 768w\" sizes=\"(max-width: 800px) 100vw, 800px\" \/><figcaption class=\"wp-element-caption\">Trajektna luka Rijeka<\/figcaption><\/figure>\n\n\n\n<h3>Trajektna luka Rijeka &#8211; naj\u010de\u0161\u0107a pitanja<\/h3>\n\n\n\n<p><strong>Gdje se nalazi trajektna luka u Rijeci?<\/strong><\/p>\n\n\n\n<p>Trajektna luka u Rijeci nalazi se u samom centru grada, tek nekih 350 m od glavne \u0161etnice i svih gradskih znamenitosti.<\/p>\n\n\n\n<p><strong>Koje destinacije povezuju trajektne linije iz Rijeke?<\/strong><\/p>\n\n\n\n<p>Trajektne linije iz Rijeke povezuju grad s otocima Cres, Rab, Mali Lo\u0161inj, Unije, Susak i drugim destinacijama.<\/p>\n\n\n\n<p><strong>Kako do\u0107i do luke u Rijeci iz razli\u010ditih dijelova grada?<\/strong><\/p>\n\n\n\n<ul>\n<li><strong>Iz starog grada:<\/strong> Autobusnim linijama 1, 1A, 1B, 2, 4, 5 itd. Autobusna stanica je 5 minuta hoda od luke.<\/li>\n\n\n\n<li><strong>Iz Kantride:<\/strong> Autobusnom linijom broj 1.<\/li>\n\n\n\n<li><strong>Iz Kastva:<\/strong> Autobusnim linijama 18, 18B ili 18C (vo\u017enja traje oko 20 minuta).<\/li>\n\n\n\n<li><strong>Iz Opatije:<\/strong> Autobusnom linijom broj 32.<\/li>\n<\/ul>\n\n\n\n<p><strong>Koliko ko\u0161ta autobusna karta?<\/strong><\/p>\n\n\n\n<p>Cijena autobusne karte je malo vi\u0161e od 1 eura ako je kupite u autobusu, a oko 2 eura za du\u017ee linije (Kastav, Opatija).<\/p>\n\n\n\n<p><strong>Kako do\u0107i iz Zra\u010dne luke Rijeka do trajektne luke u Rijeci?<\/strong><\/p>\n\n\n\n<p>Zra\u010dna luka Rijeka nalazi se 26 km od luke. Mo\u017eete do\u0107i unaprijed rezerviranim transferom ili taksijem (oko 30 eura), ili autobusom zra\u010dne luke do glavnog autobusnog kolodvora u Rijeci (cijena karte je oko 7 eura). Od autobusnog kolodvora do luke lokalnim autobusnim linijama 1, 2, 6.<\/p>\n\n\n\n<p><strong>Kako do\u0107i do luke u Rijeci iz drugih destinacija?<\/strong><\/p>\n\n\n\n<p>Rijeka je dobro povezana redovnim i sezonskim autobusnim linijama s mnogim hrvatskim i europskim destinacijama. Glavni autobusni kolodvor nalazi se nekih 10 minuta hoda od trajektne luke.<\/p>\n\n\n\n<p><strong>Kako do\u0107i do luke automobilom?<\/strong><\/p>\n\n\n\n<p>Iz smjera sjevera ili juga, autocestom ili cestom uz obalu, nakon ulaska u Rijeku pratite znakove za centar grada i trajektnu luku. Luka se nalazi oko 350 m od centra grada.<\/p>\n\n\n\n<p><strong>\u0160to se nalazi u blizini luke u Rijeci?<\/strong><\/p>\n\n\n\n<p>U blizini luke nalaze se brojni sadr\u017eaji kao \u0161to su \u0161alter za prodaju karata, barovi, restorani, trgovine, banke, po\u0161ta, povijesne znamenitosti itd. Glavni autobusni kolodvor udaljen je samo 10 minuta hoda, a lokalne autobusne linije 5 minuta hoda od luke.<\/p>\n\n\n\n<h3>Popis linija iz Rijeke<\/h3>\n\n\n\n<figure class=\"wp-block-table\"><table><tbody><tr><td><a href=\"http:\/\/ferrycroatia.com\/hr\/rijeka-cres\/\">Rijeka &#8211; Cres<\/a><\/td><td><a href=\"http:\/\/ferrycroatia.com\/hr\/rijeka-martinscica\/\">Rijeka &#8211; Martin\u0161\u0107ica<\/a><\/td><td><a href=\"http:\/\/ferrycroatia.com\/hr\/rijeka-unije\/\">Rijeka &#8211; Unije<\/a><\/td><\/tr><tr><td>Rijeka &#8211; Susak<\/td><td><a href=\"http:\/\/ferrycroatia.com\/hr\/rijeka-ilovik\/\">Rijeka &#8211; Ilovik<\/a><\/td><td><a href=\"http:\/\/ferrycroatia.com\/hr\/rijeka-mali-losinj\/\">Rijeka &#8211; Mali Lo\u0161inj<\/a><\/td><\/tr><tr><td><a href=\"http:\/\/ferrycroatia.com\/hr\/rijeka-rab\/\">Rijeka &#8211; Rab<\/a><\/td><td><a href=\"http:\/\/ferrycroatia.com\/hr\/rijeka-novalja\/\">Rijeka &#8211; Novalja<\/a><\/td><td><a href=\"http:\/\/ferrycroatia.com\/hr\/rijeka-zadar\/\">Rijeka &#8211; Zadar<\/a><\/td><\/tr><tr><td><a href=\"http:\/\/ferrycroatia.com\/hr\/rijeka-krk\/\">Rijeka &#8211; Krk<\/a><\/td><td><a href=\"http:\/\/ferrycroatia.com\/hr\/rijeka-lopar\/\">Rijeka &#8211; Lopar<\/a><\/td><td><a href=\"http:\/\/ferrycroatia.com\/hr\/rijeka-silba\/\">Rijeka &#8211; Silba<\/a><\/td><\/tr><\/tbody><\/table><\/figure>\n\n\n\n<p>Tekst i savjete za putovanja napisao\u00a0<a href=\"https:\/\/www.ferrycroatia.com\/hr\/morten-smalby\/\">Morten Smalby<\/a>\u00a0\u2013 zaljubljenik u putovanja koji \u017eivi u Splitu, u Hrvatskoj.<\/p>\n","protected":false},"excerpt":{"rendered":"<p>Rijeka je tre\u0107i najve\u0107i grad u Hrvatskoj i drugi najve\u0107i grad na hrvatskoj obali. Iako nema mnogo putni\u010dkih linija koje prolaze kroz Rijeku, smatra se najve\u0107om hrvatskom lukom. Trajektna luka u Rijeci nalazi se u samom centru grada, tek nekih 350 m od glavne \u0161etnice i svih uzbudljivih gradskih znamenitosti. Kako do\u0107i do luke u [&hellip;]<\/p>\n<p><a class=\"more-link\" href=\"https:\/\/www.ferrycroatia.com\/hr\/trajektna-luka-rijeka\/\"> Continue reading&#8230;<\/a><\/p>\n","protected":false},"author":5,"featured_media":0,"parent":0,"menu_order":0,"comment_status":"closed","ping_status":"closed","template":"","meta":[],"yoast_head":"<!-- This site is optimized with the Yoast SEO plugin v19.8 - https:\/\/yoast.com\/wordpress\/plugins\/seo\/ -->\n<title>Trajektna luka Rijeka, dolasci i polasci iz luke<\/title>\n<meta name=\"description\" content=\"Trajektna luka Rijeka - sve informacije koje vam trebaju za putovanje trajektom ili katamaranom iz Rijeke na jednom mjestu\" \/>\n<meta name=\"robots\" content=\"index, follow, max-snippet:-1, max-image-preview:large, max-video-preview:-1\" \/>\n<link rel=\"canonical\" href=\"https:\/\/www.ferrycroatia.com\/hr\/trajektna-luka-rijeka\/\" \/>\n<meta property=\"og:locale\" content=\"en_US\" \/>\n<meta property=\"og:type\" content=\"article\" \/>\n<meta property=\"og:title\" content=\"Trajektna luka Rijeka, dolasci i polasci iz luke\" \/>\n<meta property=\"og:description\" content=\"Trajektna luka Rijeka - sve informacije koje vam trebaju za putovanje trajektom ili katamaranom iz Rijeke na jednom mjestu\" \/>\n<meta property=\"og:url\" content=\"https:\/\/www.ferrycroatia.com\/hr\/trajektna-luka-rijeka\/\" \/>\n<meta property=\"og:site_name\" content=\"Trajekti Hrvatska\" \/>\n<meta property=\"article:modified_time\" content=\"2024-06-18T08:17:20+00:00\" \/>\n<meta property=\"og:image\" content=\"https:\/\/www.ferrycroatia.com\/hr\/wp-content\/uploads\/2024\/06\/Trajektna-luka-Rijeka.webp\" \/>\n<meta name=\"twitter:card\" content=\"summary_large_image\" \/>\n<meta name=\"twitter:label1\" content=\"Est. reading time\" \/>\n\t<meta name=\"twitter:data1\" content=\"5 minutes\" \/>\n<script type=\"application\/ld+json\" class=\"yoast-schema-graph\">{\"@context\":\"https:\/\/schema.org\",\"@graph\":[{\"@type\":\"WebPage\",\"@id\":\"https:\/\/www.ferrycroatia.com\/hr\/trajektna-luka-rijeka\/\",\"url\":\"https:\/\/www.ferrycroatia.com\/hr\/trajektna-luka-rijeka\/\",\"name\":\"Trajektna luka Rijeka, dolasci i polasci iz luke\",\"isPartOf\":{\"@id\":\"https:\/\/www.ferrycroatia.com\/hr\/#website\"},\"datePublished\":\"2021-01-29T10:16:38+00:00\",\"dateModified\":\"2024-06-18T08:17:20+00:00\",\"description\":\"Trajektna luka Rijeka - sve informacije koje vam trebaju za putovanje trajektom ili katamaranom iz Rijeke na jednom mjestu\",\"breadcrumb\":{\"@id\":\"https:\/\/www.ferrycroatia.com\/hr\/trajektna-luka-rijeka\/#breadcrumb\"},\"inLanguage\":\"en-US\",\"potentialAction\":[{\"@type\":\"ReadAction\",\"target\":[\"https:\/\/www.ferrycroatia.com\/hr\/trajektna-luka-rijeka\/\"]}]},{\"@type\":\"BreadcrumbList\",\"@id\":\"https:\/\/www.ferrycroatia.com\/hr\/trajektna-luka-rijeka\/#breadcrumb\",\"itemListElement\":[{\"@type\":\"ListItem\",\"position\":1,\"name\":\"Home\",\"item\":\"https:\/\/www.ferrycroatia.com\/hr\/\"},{\"@type\":\"ListItem\",\"position\":2,\"name\":\"Trajektna luka Rijeka\"}]},{\"@type\":\"WebSite\",\"@id\":\"https:\/\/www.ferrycroatia.com\/hr\/#website\",\"url\":\"https:\/\/www.ferrycroatia.com\/hr\/\",\"name\":\"Trajekti Hrvatska\",\"description\":\"Vozni red za sve trajekte i katamarane u Hrvatskoj\",\"potentialAction\":[{\"@type\":\"SearchAction\",\"target\":{\"@type\":\"EntryPoint\",\"urlTemplate\":\"https:\/\/www.ferrycroatia.com\/hr\/?s={search_term_string}\"},\"query-input\":\"required name=search_term_string\"}],\"inLanguage\":\"en-US\"}]}<\/script>\n<!-- \/ Yoast SEO plugin. -->","yoast_head_json":{"title":"Trajektna luka Rijeka, dolasci i polasci iz luke","description":"Trajektna luka Rijeka - sve informacije koje vam trebaju za putovanje trajektom ili katamaranom iz Rijeke na jednom mjestu","robots":{"index":"index","follow":"follow","max-snippet":"max-snippet:-1","max-image-preview":"max-image-preview:large","max-video-preview":"max-video-preview:-1"},"canonical":"https:\/\/www.ferrycroatia.com\/hr\/trajektna-luka-rijeka\/","og_locale":"en_US","og_type":"article","og_title":"Trajektna luka Rijeka, dolasci i polasci iz luke","og_description":"Trajektna luka Rijeka - sve informacije koje vam trebaju za putovanje trajektom ili katamaranom iz Rijeke na jednom mjestu","og_url":"https:\/\/www.ferrycroatia.com\/hr\/trajektna-luka-rijeka\/","og_site_name":"Trajekti Hrvatska","article_modified_time":"2024-06-18T08:17:20+00:00","og_image":[{"url":"https:\/\/www.ferrycroatia.com\/hr\/wp-content\/uploads\/2024\/06\/Trajektna-luka-Rijeka.webp"}],"twitter_card":"summary_large_image","twitter_misc":{"Est. reading time":"5 minutes"},"schema":{"@context":"https:\/\/schema.org","@graph":[{"@type":"WebPage","@id":"https:\/\/www.ferrycroatia.com\/hr\/trajektna-luka-rijeka\/","url":"https:\/\/www.ferrycroatia.com\/hr\/trajektna-luka-rijeka\/","name":"Trajektna luka Rijeka, dolasci i polasci iz luke","isPartOf":{"@id":"https:\/\/www.ferrycroatia.com\/hr\/#website"},"datePublished":"2021-01-29T10:16:38+00:00","dateModified":"2024-06-18T08:17:20+00:00","description":"Trajektna luka Rijeka - sve informacije koje vam trebaju za putovanje trajektom ili katamaranom iz Rijeke na jednom mjestu","breadcrumb":{"@id":"https:\/\/www.ferrycroatia.com\/hr\/trajektna-luka-rijeka\/#breadcrumb"},"inLanguage":"en-US","potentialAction":[{"@type":"ReadAction","target":["https:\/\/www.ferrycroatia.com\/hr\/trajektna-luka-rijeka\/"]}]},{"@type":"BreadcrumbList","@id":"https:\/\/www.ferrycroatia.com\/hr\/trajektna-luka-rijeka\/#breadcrumb","itemListElement":[{"@type":"ListItem","position":1,"name":"Home","item":"https:\/\/www.ferrycroatia.com\/hr\/"},{"@type":"ListItem","position":2,"name":"Trajektna luka Rijeka"}]},{"@type":"WebSite","@id":"https:\/\/www.ferrycroatia.com\/hr\/#website","url":"https:\/\/www.ferrycroatia.com\/hr\/","name":"Trajekti Hrvatska","description":"Vozni red za sve trajekte i katamarane u Hrvatskoj","potentialAction":[{"@type":"SearchAction","target":{"@type":"EntryPoint","urlTemplate":"https:\/\/www.ferrycroatia.com\/hr\/?s={search_term_string}"},"query-input":"required name=search_term_string"}],"inLanguage":"en-US"}]}},"_links":{"self":[{"href":"https:\/\/www.ferrycroatia.com\/hr\/wp-json\/wp\/v2\/pages\/1419"}],"collection":[{"href":"https:\/\/www.ferrycroatia.com\/hr\/wp-json\/wp\/v2\/pages"}],"about":[{"href":"https:\/\/www.ferrycroatia.com\/hr\/wp-json\/wp\/v2\/types\/page"}],"author":[{"embeddable":true,"href":"https:\/\/www.ferrycroatia.com\/hr\/wp-json\/wp\/v2\/users\/5"}],"replies":[{"embeddable":true,"href":"https:\/\/www.ferrycroatia.com\/hr\/wp-json\/wp\/v2\/comments?post=1419"}],"version-history":[{"count":5,"href":"https:\/\/www.ferrycroatia.com\/hr\/wp-json\/wp\/v2\/pages\/1419\/revisions"}],"predecessor-version":[{"id":4059,"href":"https:\/\/www.ferrycroatia.com\/hr\/wp-json\/wp\/v2\/pages\/1419\/revisions\/4059"}],"wp:attachment":[{"href":"https:\/\/www.ferrycroatia.com\/hr\/wp-json\/wp\/v2\/media?parent=1419"}],"curies":[{"name":"wp","href":"https:\/\/api.w.org\/{rel}","templated":true}]}}