{"id":1425,"date":"2021-01-29T10:20:05","date_gmt":"2021-01-29T10:20:05","guid":{"rendered":"https:\/\/ferrycroatia.com\/hr\/?page_id=1425"},"modified":"2021-04-08T13:09:03","modified_gmt":"2021-04-08T11:09:03","slug":"trajektna-luka-rogac","status":"publish","type":"page","link":"https:\/\/www.ferrycroatia.com\/hr\/trajektna-luka-rogac\/","title":{"rendered":"Trajektna luka Roga\u010d"},"content":{"rendered":"\n<p><strong>Roga\u010d je mali grad na sjevernoj strani otoka \u0160olte<\/strong>. To je ujedno i glavna luka na otoku koja je autobusnim linijama povezana <strong>s ostalim gradovima na otoku<\/strong>. Trajektna luka nalazi se u \u0161irokom zaljevu blizu centra grada.<\/p>\n\n\n\n<h3>Kako do\u0107i do luke Roga\u010d<\/h3>\n\n\n\n<p>Kao \u0161to je ve\u0107 spomenuto, Roga\u010d je mali oto\u010dni grad pa, <strong>bez obzira gdje se nalazite<\/strong>, do trajektne luke mo\u017eete do\u0107i pje\u0161ice. <strong>Ako imate puno prtljage<\/strong>, mo\u017eete naru\u010diti taksi \u010dija usluga ne bi trebala puno ko\u0161tati jer se radi o maloj udaljenosti. puno ko\u0161tati, jer je to prili\u010dno mala udaljenost. Ako odsjedate negdje drugdje na otoku \u0160olti, do Roga\u010da mo\u017eete jednostavno do\u0107i autobusom. <a href=\"https:\/\/getbybus.com\/hr\/autobus-rogac-solta\">Autobusna stanica<\/a> <strong>nalazi se odmah pored trajektne luke<\/strong>, a autobusne linije su prilago\u0111ene redu vo\u017enje trajekta.&nbsp;<\/p>\n\n\n\n<h3>Kako iz Roga\u010da do\u0107i do Zra\u010dne luke Split<\/h3>\n\n\n\n<p>Roga\u010d i Split dobro su povezani redovitim katamaranskim i trajektnim linijama. Kad do\u0111ete do trajektne luke u Splitu, jednostavno pre\u0111ite ulicu i vidjet \u0107ete glavni autobusni kolodvor. Zatim idite autobusom zra\u010dne luke do zra\u010dne luke. Vo\u017enja traje 30-40 minuta (25 km), a cijena karte iznosi oko 30 kn = 4 eura. Ako imate dosta prtljage tako\u0111er mo\u017eete naru\u010diti privatni transfer ili taksi iz <a href=\"https:\/\/ferrycroatia.com\/hr\/trajektna-luka-split\/\">trajektne luke u Splitu<\/a>.<\/p>\n\n\n\n<h3>\u0160to se nalazi u blizini luke Roga\u010d<\/h3>\n\n\n\n<p>Roga\u010d je mali grad, no <strong>u blizini trajektne luke se nalaze<\/strong> kafi\u0107i, restorani, trgovine, \u0161alter za prodaju karata i sl.&nbsp;<\/p>\n\n\n\n<h3>Adresa luke Roga\u010d<\/h3>\n\n\n\n<ul><li>D112 32<\/li><li>21430 Roga\u010d (\u0160olta)<\/li><li><strong>GPS koordinate: <\/strong>43.39616, 16.29989<\/li><\/ul>\n\n\n\n<figure class=\"wp-block-image size-large\"><img decoding=\"async\" loading=\"lazy\" width=\"800\" height=\"491\" data-src=\"https:\/\/ferrycroatia.com\/hr\/wp-content\/uploads\/2021\/01\/Rogac.jpg\" alt=\"Trajektna luka Roga\u010d\" class=\"wp-image-1426\" data-srcset=\"https:\/\/www.ferrycroatia.com\/hr\/wp-content\/uploads\/2021\/01\/Rogac.jpg 800w, https:\/\/www.ferrycroatia.com\/hr\/wp-content\/uploads\/2021\/01\/Rogac-300x184.jpg 300w, https:\/\/www.ferrycroatia.com\/hr\/wp-content\/uploads\/2021\/01\/Rogac-768x471.jpg 768w\" sizes=\"(max-width: 800px) 100vw, 800px\" \/><\/figure>\n\n\n\n<h3>Popis trajektnih i katamaranskih linija do Roga\u010da<\/h3>\n\n\n\n<p>Trajekt i Katamaran: Split \u2013 Roga\u010d (\u0160olta)<\/p>\n\n\n\n<ul><li><a href=\"http:\/\/ferrycroatia.com\/hr\/split-rogac\/\">Split \u2013 Roga\u010d<\/a><\/li><\/ul>\n","protected":false},"excerpt":{"rendered":"<p>Roga\u010d je mali grad na sjevernoj strani otoka \u0160olte. To je ujedno i glavna luka na otoku koja je autobusnim linijama povezana s ostalim gradovima na otoku. Trajektna luka nalazi se u \u0161irokom zaljevu blizu centra grada. Kako do\u0107i do luke Roga\u010d Kao \u0161to je ve\u0107 spomenuto, Roga\u010d je mali oto\u010dni grad pa, bez obzira [&hellip;]<\/p>\n<p><a class=\"more-link\" href=\"https:\/\/www.ferrycroatia.com\/hr\/trajektna-luka-rogac\/\"> Continue reading&#8230;<\/a><\/p>\n","protected":false},"author":5,"featured_media":1427,"parent":0,"menu_order":0,"comment_status":"closed","ping_status":"closed","template":"","meta":[],"yoast_head":"<!-- This site is optimized with the Yoast SEO plugin v19.8 - https:\/\/yoast.com\/wordpress\/plugins\/seo\/ -->\n<title>Trajektna luka Roga\u010d, dolasci i polasci iz luke<\/title>\n<meta name=\"robots\" content=\"index, follow, max-snippet:-1, max-image-preview:large, max-video-preview:-1\" \/>\n<link rel=\"canonical\" href=\"https:\/\/www.ferrycroatia.com\/hr\/trajektna-luka-rogac\/\" \/>\n<meta property=\"og:locale\" content=\"en_US\" \/>\n<meta property=\"og:type\" content=\"article\" \/>\n<meta property=\"og:title\" content=\"Trajektna luka Roga\u010d, dolasci i polasci iz luke\" \/>\n<meta property=\"og:description\" content=\"Roga\u010d je mali grad na sjevernoj strani otoka \u0160olte. To je ujedno i glavna luka na otoku koja je autobusnim linijama povezana s ostalim gradovima na otoku. Trajektna luka nalazi se u \u0161irokom zaljevu blizu centra grada. Kako do\u0107i do luke Roga\u010d Kao \u0161to je ve\u0107 spomenuto, Roga\u010d je mali oto\u010dni grad pa, bez obzira [&hellip;] Continue reading...\" \/>\n<meta property=\"og:url\" content=\"https:\/\/www.ferrycroatia.com\/hr\/trajektna-luka-rogac\/\" \/>\n<meta property=\"og:site_name\" content=\"Trajekti Hrvatska\" \/>\n<meta property=\"article:modified_time\" content=\"2021-04-08T11:09:03+00:00\" \/>\n<meta property=\"og:image\" content=\"https:\/\/www.ferrycroatia.com\/hr\/wp-content\/uploads\/2021\/01\/Rogaz-ferry-terminal.jpg\" \/>\n\t<meta property=\"og:image:width\" content=\"1024\" \/>\n\t<meta property=\"og:image:height\" content=\"768\" \/>\n\t<meta property=\"og:image:type\" content=\"image\/jpeg\" \/>\n<meta name=\"twitter:card\" content=\"summary_large_image\" \/>\n<meta name=\"twitter:label1\" content=\"Est. reading time\" \/>\n\t<meta name=\"twitter:data1\" content=\"1 minute\" \/>\n<script type=\"application\/ld+json\" class=\"yoast-schema-graph\">{\"@context\":\"https:\/\/schema.org\",\"@graph\":[{\"@type\":\"WebPage\",\"@id\":\"https:\/\/www.ferrycroatia.com\/hr\/trajektna-luka-rogac\/\",\"url\":\"https:\/\/www.ferrycroatia.com\/hr\/trajektna-luka-rogac\/\",\"name\":\"Trajektna luka Roga\u010d, dolasci i polasci iz luke\",\"isPartOf\":{\"@id\":\"https:\/\/www.ferrycroatia.com\/hr\/#website\"},\"datePublished\":\"2021-01-29T10:20:05+00:00\",\"dateModified\":\"2021-04-08T11:09:03+00:00\",\"breadcrumb\":{\"@id\":\"https:\/\/www.ferrycroatia.com\/hr\/trajektna-luka-rogac\/#breadcrumb\"},\"inLanguage\":\"en-US\",\"potentialAction\":[{\"@type\":\"ReadAction\",\"target\":[\"https:\/\/www.ferrycroatia.com\/hr\/trajektna-luka-rogac\/\"]}]},{\"@type\":\"BreadcrumbList\",\"@id\":\"https:\/\/www.ferrycroatia.com\/hr\/trajektna-luka-rogac\/#breadcrumb\",\"itemListElement\":[{\"@type\":\"ListItem\",\"position\":1,\"name\":\"Home\",\"item\":\"https:\/\/www.ferrycroatia.com\/hr\/\"},{\"@type\":\"ListItem\",\"position\":2,\"name\":\"Trajektna luka Roga\u010d\"}]},{\"@type\":\"WebSite\",\"@id\":\"https:\/\/www.ferrycroatia.com\/hr\/#website\",\"url\":\"https:\/\/www.ferrycroatia.com\/hr\/\",\"name\":\"Trajekti Hrvatska\",\"description\":\"Vozni red za sve trajekte i katamarane u Hrvatskoj\",\"potentialAction\":[{\"@type\":\"SearchAction\",\"target\":{\"@type\":\"EntryPoint\",\"urlTemplate\":\"https:\/\/www.ferrycroatia.com\/hr\/?s={search_term_string}\"},\"query-input\":\"required name=search_term_string\"}],\"inLanguage\":\"en-US\"}]}<\/script>\n<!-- \/ Yoast SEO plugin. -->","yoast_head_json":{"title":"Trajektna luka Roga\u010d, dolasci i polasci iz luke","robots":{"index":"index","follow":"follow","max-snippet":"max-snippet:-1","max-image-preview":"max-image-preview:large","max-video-preview":"max-video-preview:-1"},"canonical":"https:\/\/www.ferrycroatia.com\/hr\/trajektna-luka-rogac\/","og_locale":"en_US","og_type":"article","og_title":"Trajektna luka Roga\u010d, dolasci i polasci iz luke","og_description":"Roga\u010d je mali grad na sjevernoj strani otoka \u0160olte. To je ujedno i glavna luka na otoku koja je autobusnim linijama povezana s ostalim gradovima na otoku. Trajektna luka nalazi se u \u0161irokom zaljevu blizu centra grada. Kako do\u0107i do luke Roga\u010d Kao \u0161to je ve\u0107 spomenuto, Roga\u010d je mali oto\u010dni grad pa, bez obzira [&hellip;] Continue reading...","og_url":"https:\/\/www.ferrycroatia.com\/hr\/trajektna-luka-rogac\/","og_site_name":"Trajekti Hrvatska","article_modified_time":"2021-04-08T11:09:03+00:00","og_image":[{"width":1024,"height":768,"url":"https:\/\/www.ferrycroatia.com\/hr\/wp-content\/uploads\/2021\/01\/Rogaz-ferry-terminal.jpg","type":"image\/jpeg"}],"twitter_card":"summary_large_image","twitter_misc":{"Est. reading time":"1 minute"},"schema":{"@context":"https:\/\/schema.org","@graph":[{"@type":"WebPage","@id":"https:\/\/www.ferrycroatia.com\/hr\/trajektna-luka-rogac\/","url":"https:\/\/www.ferrycroatia.com\/hr\/trajektna-luka-rogac\/","name":"Trajektna luka Roga\u010d, dolasci i polasci iz luke","isPartOf":{"@id":"https:\/\/www.ferrycroatia.com\/hr\/#website"},"datePublished":"2021-01-29T10:20:05+00:00","dateModified":"2021-04-08T11:09:03+00:00","breadcrumb":{"@id":"https:\/\/www.ferrycroatia.com\/hr\/trajektna-luka-rogac\/#breadcrumb"},"inLanguage":"en-US","potentialAction":[{"@type":"ReadAction","target":["https:\/\/www.ferrycroatia.com\/hr\/trajektna-luka-rogac\/"]}]},{"@type":"BreadcrumbList","@id":"https:\/\/www.ferrycroatia.com\/hr\/trajektna-luka-rogac\/#breadcrumb","itemListElement":[{"@type":"ListItem","position":1,"name":"Home","item":"https:\/\/www.ferrycroatia.com\/hr\/"},{"@type":"ListItem","position":2,"name":"Trajektna luka Roga\u010d"}]},{"@type":"WebSite","@id":"https:\/\/www.ferrycroatia.com\/hr\/#website","url":"https:\/\/www.ferrycroatia.com\/hr\/","name":"Trajekti Hrvatska","description":"Vozni red za sve trajekte i katamarane u Hrvatskoj","potentialAction":[{"@type":"SearchAction","target":{"@type":"EntryPoint","urlTemplate":"https:\/\/www.ferrycroatia.com\/hr\/?s={search_term_string}"},"query-input":"required name=search_term_string"}],"inLanguage":"en-US"}]}},"_links":{"self":[{"href":"https:\/\/www.ferrycroatia.com\/hr\/wp-json\/wp\/v2\/pages\/1425"}],"collection":[{"href":"https:\/\/www.ferrycroatia.com\/hr\/wp-json\/wp\/v2\/pages"}],"about":[{"href":"https:\/\/www.ferrycroatia.com\/hr\/wp-json\/wp\/v2\/types\/page"}],"author":[{"embeddable":true,"href":"https:\/\/www.ferrycroatia.com\/hr\/wp-json\/wp\/v2\/users\/5"}],"replies":[{"embeddable":true,"href":"https:\/\/www.ferrycroatia.com\/hr\/wp-json\/wp\/v2\/comments?post=1425"}],"version-history":[{"count":5,"href":"https:\/\/www.ferrycroatia.com\/hr\/wp-json\/wp\/v2\/pages\/1425\/revisions"}],"predecessor-version":[{"id":2134,"href":"https:\/\/www.ferrycroatia.com\/hr\/wp-json\/wp\/v2\/pages\/1425\/revisions\/2134"}],"wp:featuredmedia":[{"embeddable":true,"href":"https:\/\/www.ferrycroatia.com\/hr\/wp-json\/wp\/v2\/media\/1427"}],"wp:attachment":[{"href":"https:\/\/www.ferrycroatia.com\/hr\/wp-json\/wp\/v2\/media?parent=1425"}],"curies":[{"name":"wp","href":"https:\/\/api.w.org\/{rel}","templated":true}]}}