{"id":1430,"date":"2021-01-29T10:51:18","date_gmt":"2021-01-29T10:51:18","guid":{"rendered":"https:\/\/ferrycroatia.com\/hr\/?page_id=1430"},"modified":"2024-06-18T10:56:43","modified_gmt":"2024-06-18T08:56:43","slug":"trajektna-luka-rovinj","status":"publish","type":"page","link":"https:\/\/www.ferrycroatia.com\/hr\/trajektna-luka-rovinj\/","title":{"rendered":"Trajektna luka Rovinj"},"content":{"rendered":"\n<p>Rovinj je lijepi mediteranski grad smje\u0161ten na <strong>zapadnoj strani istarskog poluotoka<\/strong>. Svi katamarani u Rovinju polaze s pristani\u0161ta (<em>Trajektna luka Rovinj<\/em>) smje\u0161tenog neposredno uz poluotok na kojem se nalazi stari grad (lijevo od njega ako ste okrenuti moru).<\/p>\n\n\n\n<h3 class=\"has-medium-font-size\">Kako do\u0107i do luke Rovinj<\/h3>\n\n\n\n<p>Rovinj je jako mali grad i <strong>nema redovnog javnog prijevoza<\/strong>. Ako odsjedate bilo gdje u gradu Rovinju, katamaransko pristani\u0161te nije daleko i lako je do\u0107i pje\u0161ice. Ako imate puno prtljage, mo\u017eete pozvati taksi koji vas ne bi trebao puno ko\u0161tati jer se radi o prili\u010dno maloj udaljenosti. <strong>Tijekom ljetnih mjeseci<\/strong>, <strong>na raspolaganju vam stoje turisti\u010dki brodovi <\/strong>koji plove do sredi\u0161ta Rovinja (i katamaranskog pristani\u0161ta) iz nekih poznatih turisti\u010dkih odmarali\u0161ta kao \u0161to je Amarin ili Villas Rubin (karta je nekoliko eura).<\/p>\n\n\n\n<h3 class=\"has-medium-font-size\">\u0160to se nalazi u blizini luke Rovinj<\/h3>\n\n\n\n<p>Kao \u0161to je ve\u0107 spomenuto, pristani\u0161te s kojeg polazi katamaran nalazi se u samom sredi\u0161tu Rovinja. Stoga, sve ono \u0161to ne mo\u017eete prona\u0107i u trajektnoj luci bit \u0107e dostupno u blizini gradskog sredi\u0161ta, a to su kafi\u0107i, restorani, trgovine itd.<\/p>\n\n\n\n<h3 class=\"has-medium-font-size\">Adresa luke Rovinj<\/h3>\n\n\n\n<ul>\n<li>Veliki Mol<\/li>\n\n\n\n<li>52210 Rovinj<\/li>\n\n\n\n<li><strong>GPS-koordinate:<\/strong> 45.080266, 13.633015<\/li>\n<\/ul>\n\n\n\n<figure class=\"wp-block-image size-full\"><img decoding=\"async\" loading=\"lazy\" width=\"1024\" height=\"852\" data-src=\"https:\/\/www.ferrycroatia.com\/hr\/wp-content\/uploads\/2024\/06\/Trajektna-luka-Rovinj.webp\" alt=\"Trajektna luka Rovinj\" class=\"wp-image-4065\" data-srcset=\"https:\/\/www.ferrycroatia.com\/hr\/wp-content\/uploads\/2024\/06\/Trajektna-luka-Rovinj.webp 1024w, https:\/\/www.ferrycroatia.com\/hr\/wp-content\/uploads\/2024\/06\/Trajektna-luka-Rovinj-300x250.webp 300w, https:\/\/www.ferrycroatia.com\/hr\/wp-content\/uploads\/2024\/06\/Trajektna-luka-Rovinj-768x639.webp 768w\" sizes=\"(max-width: 1024px) 100vw, 1024px\" \/><figcaption class=\"wp-element-caption\">Trajektna luka Rovinj<\/figcaption><\/figure>\n\n\n\n<h2 class=\"has-medium-font-size\">Trajektna luka Rovinj &#8211; naj\u010de\u0161\u0107a pitanja<\/h2>\n\n\n\n<p><strong>Gdje se nalazi katamaransko pristani\u0161te u Rovinju?<\/strong><\/p>\n\n\n\n<p>Katamaransko pristani\u0161te nalazi se na Velikom molu, smje\u0161tenom neposredno uz poluotok na kojem se nalazi stari grad Rovinj.<\/p>\n\n\n\n<p><strong>Kako do\u0107i do luke Rovinj iz razli\u010ditih dijelova grada?<\/strong><\/p>\n\n\n\n<ul>\n<li><strong>Pje\u0161ice:<\/strong> Rovinj je mali grad i katamaransko pristani\u0161te je lako dostupno pje\u0161ice iz bilo kojeg dijela grada.<\/li>\n\n\n\n<li><strong>Taksi:<\/strong> Ako imate puno prtljage, mo\u017eete pozvati taksi koji vas ne\u0107e puno ko\u0161tati zbog male udaljenosti.<\/li>\n\n\n\n<li><strong>Turisti\u010dki brodovi:<\/strong> Tijekom ljetnih mjeseci, turisti\u010dki brodovi povezuju sredi\u0161te Rovinja s turisti\u010dkim odmarali\u0161tima kao \u0161to su Amarin ili Villas Rubin. Cijena karte je nekoliko eura.<\/li>\n<\/ul>\n\n\n\n<p><strong>\u0160to se nalazi u blizini luke Rovinj?<\/strong><\/p>\n\n\n\n<p>Katamaransko pristani\u0161te nalazi se u samom centru Rovinja. U blizini mo\u017eete prona\u0107i kafi\u0107e, restorane, trgovine i druge gradske sadr\u017eaje.<\/p>\n\n\n\n<p><strong>Postoji li redovan javni prijevoz unutar Rovinja?<\/strong><\/p>\n\n\n\n<p>Rovinj nema redovan javni prijevoz unutar grada, ali je dovoljno malen da se ve\u0107ina destinacija mo\u017ee dosegnuti pje\u0161ice.<\/p>\n\n\n\n<p><strong>Kako do\u0107i do Rovinja iz zra\u010dne luke?<\/strong><\/p>\n\n\n\n<p>Najbli\u017ea zra\u010dna luka je Zra\u010dna luka Pula, koja je udaljena oko 40 km od Rovinja. Iz zra\u010dne luke do Rovinja mo\u017eete do\u0107i taksijem, unaprijed dogovorenim transferom ili autobusom do Pore\u010da, a zatim lokalnim autobusom do Rovinja.<\/p>\n\n\n\n<h3>Popis brodskih linija iz Rovinja<\/h3>\n\n\n\n<figure class=\"wp-block-table\"><table><tbody><tr><td><a href=\"http:\/\/ferrycroatia.com\/hr\/rovinj-venecija\/\">Od Rovinja do Venecije<\/a><\/td><td><a href=\"http:\/\/ferrycroatia.com\/hr\/rovinj-trst\/\">Od Rovinja do Trsta<\/a><\/td><td><a href=\"http:\/\/ferrycroatia.com\/hr\/rovinj-trst\/\">Od Rovinja do Pirana<\/a><\/td><\/tr><\/tbody><\/table><\/figure>\n\n\n\n<p>Tekst i savjete za putovanja napisao&nbsp;<a href=\"https:\/\/www.ferrycroatia.com\/hr\/morten-smalby\/\">Morten Smalby<\/a>&nbsp;\u2013 zaljubljenik u putovanja koji \u017eivi u Splitu, u Hrvatskoj.<\/p>\n","protected":false},"excerpt":{"rendered":"<p>Rovinj je lijepi mediteranski grad smje\u0161ten na zapadnoj strani istarskog poluotoka. Svi katamarani u Rovinju polaze s pristani\u0161ta (Trajektna luka Rovinj) smje\u0161tenog neposredno uz poluotok na kojem se nalazi stari grad (lijevo od njega ako ste okrenuti moru). Kako do\u0107i do luke Rovinj Rovinj je jako mali grad i nema redovnog javnog prijevoza. Ako odsjedate [&hellip;]<\/p>\n<p><a class=\"more-link\" href=\"https:\/\/www.ferrycroatia.com\/hr\/trajektna-luka-rovinj\/\"> Continue reading&#8230;<\/a><\/p>\n","protected":false},"author":5,"featured_media":1432,"parent":0,"menu_order":0,"comment_status":"closed","ping_status":"closed","template":"","meta":[],"yoast_head":"<!-- This site is optimized with the Yoast SEO plugin v19.8 - https:\/\/yoast.com\/wordpress\/plugins\/seo\/ -->\n<title>Trajektna luka Rovinj, dolasci i polasci iz luke<\/title>\n<meta name=\"description\" content=\"Trajektna luka Rovinj - sve informacije koje vam trebaju za putovanje trajektom ili katamaranom iz Rovinja\" \/>\n<meta name=\"robots\" content=\"index, follow, max-snippet:-1, max-image-preview:large, max-video-preview:-1\" \/>\n<link rel=\"canonical\" href=\"https:\/\/www.ferrycroatia.com\/hr\/trajektna-luka-rovinj\/\" \/>\n<meta property=\"og:locale\" content=\"en_US\" \/>\n<meta property=\"og:type\" content=\"article\" \/>\n<meta property=\"og:title\" content=\"Trajektna luka Rovinj, dolasci i polasci iz luke\" \/>\n<meta property=\"og:description\" content=\"Trajektna luka Rovinj - sve informacije koje vam trebaju za putovanje trajektom ili katamaranom iz Rovinja\" \/>\n<meta property=\"og:url\" content=\"https:\/\/www.ferrycroatia.com\/hr\/trajektna-luka-rovinj\/\" \/>\n<meta property=\"og:site_name\" content=\"Trajekti Hrvatska\" \/>\n<meta property=\"article:modified_time\" content=\"2024-06-18T08:56:43+00:00\" \/>\n<meta property=\"og:image\" content=\"https:\/\/www.ferrycroatia.com\/hr\/wp-content\/uploads\/2021\/01\/Rovinj.jpg\" \/>\n\t<meta property=\"og:image:width\" content=\"1024\" \/>\n\t<meta property=\"og:image:height\" content=\"768\" \/>\n\t<meta property=\"og:image:type\" content=\"image\/jpeg\" \/>\n<meta name=\"twitter:card\" content=\"summary_large_image\" \/>\n<meta name=\"twitter:label1\" content=\"Est. reading time\" \/>\n\t<meta name=\"twitter:data1\" content=\"2 minutes\" \/>\n<script type=\"application\/ld+json\" class=\"yoast-schema-graph\">{\"@context\":\"https:\/\/schema.org\",\"@graph\":[{\"@type\":\"WebPage\",\"@id\":\"https:\/\/www.ferrycroatia.com\/hr\/trajektna-luka-rovinj\/\",\"url\":\"https:\/\/www.ferrycroatia.com\/hr\/trajektna-luka-rovinj\/\",\"name\":\"Trajektna luka Rovinj, dolasci i polasci iz luke\",\"isPartOf\":{\"@id\":\"https:\/\/www.ferrycroatia.com\/hr\/#website\"},\"datePublished\":\"2021-01-29T10:51:18+00:00\",\"dateModified\":\"2024-06-18T08:56:43+00:00\",\"description\":\"Trajektna luka Rovinj - sve informacije koje vam trebaju za putovanje trajektom ili katamaranom iz Rovinja\",\"breadcrumb\":{\"@id\":\"https:\/\/www.ferrycroatia.com\/hr\/trajektna-luka-rovinj\/#breadcrumb\"},\"inLanguage\":\"en-US\",\"potentialAction\":[{\"@type\":\"ReadAction\",\"target\":[\"https:\/\/www.ferrycroatia.com\/hr\/trajektna-luka-rovinj\/\"]}]},{\"@type\":\"BreadcrumbList\",\"@id\":\"https:\/\/www.ferrycroatia.com\/hr\/trajektna-luka-rovinj\/#breadcrumb\",\"itemListElement\":[{\"@type\":\"ListItem\",\"position\":1,\"name\":\"Home\",\"item\":\"https:\/\/www.ferrycroatia.com\/hr\/\"},{\"@type\":\"ListItem\",\"position\":2,\"name\":\"Trajektna luka Rovinj\"}]},{\"@type\":\"WebSite\",\"@id\":\"https:\/\/www.ferrycroatia.com\/hr\/#website\",\"url\":\"https:\/\/www.ferrycroatia.com\/hr\/\",\"name\":\"Trajekti Hrvatska\",\"description\":\"Vozni red za sve trajekte i katamarane u Hrvatskoj\",\"potentialAction\":[{\"@type\":\"SearchAction\",\"target\":{\"@type\":\"EntryPoint\",\"urlTemplate\":\"https:\/\/www.ferrycroatia.com\/hr\/?s={search_term_string}\"},\"query-input\":\"required name=search_term_string\"}],\"inLanguage\":\"en-US\"}]}<\/script>\n<!-- \/ Yoast SEO plugin. -->","yoast_head_json":{"title":"Trajektna luka Rovinj, dolasci i polasci iz luke","description":"Trajektna luka Rovinj - sve informacije koje vam trebaju za putovanje trajektom ili katamaranom iz Rovinja","robots":{"index":"index","follow":"follow","max-snippet":"max-snippet:-1","max-image-preview":"max-image-preview:large","max-video-preview":"max-video-preview:-1"},"canonical":"https:\/\/www.ferrycroatia.com\/hr\/trajektna-luka-rovinj\/","og_locale":"en_US","og_type":"article","og_title":"Trajektna luka Rovinj, dolasci i polasci iz luke","og_description":"Trajektna luka Rovinj - sve informacije koje vam trebaju za putovanje trajektom ili katamaranom iz Rovinja","og_url":"https:\/\/www.ferrycroatia.com\/hr\/trajektna-luka-rovinj\/","og_site_name":"Trajekti Hrvatska","article_modified_time":"2024-06-18T08:56:43+00:00","og_image":[{"width":1024,"height":768,"url":"https:\/\/www.ferrycroatia.com\/hr\/wp-content\/uploads\/2021\/01\/Rovinj.jpg","type":"image\/jpeg"}],"twitter_card":"summary_large_image","twitter_misc":{"Est. reading time":"2 minutes"},"schema":{"@context":"https:\/\/schema.org","@graph":[{"@type":"WebPage","@id":"https:\/\/www.ferrycroatia.com\/hr\/trajektna-luka-rovinj\/","url":"https:\/\/www.ferrycroatia.com\/hr\/trajektna-luka-rovinj\/","name":"Trajektna luka Rovinj, dolasci i polasci iz luke","isPartOf":{"@id":"https:\/\/www.ferrycroatia.com\/hr\/#website"},"datePublished":"2021-01-29T10:51:18+00:00","dateModified":"2024-06-18T08:56:43+00:00","description":"Trajektna luka Rovinj - sve informacije koje vam trebaju za putovanje trajektom ili katamaranom iz Rovinja","breadcrumb":{"@id":"https:\/\/www.ferrycroatia.com\/hr\/trajektna-luka-rovinj\/#breadcrumb"},"inLanguage":"en-US","potentialAction":[{"@type":"ReadAction","target":["https:\/\/www.ferrycroatia.com\/hr\/trajektna-luka-rovinj\/"]}]},{"@type":"BreadcrumbList","@id":"https:\/\/www.ferrycroatia.com\/hr\/trajektna-luka-rovinj\/#breadcrumb","itemListElement":[{"@type":"ListItem","position":1,"name":"Home","item":"https:\/\/www.ferrycroatia.com\/hr\/"},{"@type":"ListItem","position":2,"name":"Trajektna luka Rovinj"}]},{"@type":"WebSite","@id":"https:\/\/www.ferrycroatia.com\/hr\/#website","url":"https:\/\/www.ferrycroatia.com\/hr\/","name":"Trajekti Hrvatska","description":"Vozni red za sve trajekte i katamarane u Hrvatskoj","potentialAction":[{"@type":"SearchAction","target":{"@type":"EntryPoint","urlTemplate":"https:\/\/www.ferrycroatia.com\/hr\/?s={search_term_string}"},"query-input":"required name=search_term_string"}],"inLanguage":"en-US"}]}},"_links":{"self":[{"href":"https:\/\/www.ferrycroatia.com\/hr\/wp-json\/wp\/v2\/pages\/1430"}],"collection":[{"href":"https:\/\/www.ferrycroatia.com\/hr\/wp-json\/wp\/v2\/pages"}],"about":[{"href":"https:\/\/www.ferrycroatia.com\/hr\/wp-json\/wp\/v2\/types\/page"}],"author":[{"embeddable":true,"href":"https:\/\/www.ferrycroatia.com\/hr\/wp-json\/wp\/v2\/users\/5"}],"replies":[{"embeddable":true,"href":"https:\/\/www.ferrycroatia.com\/hr\/wp-json\/wp\/v2\/comments?post=1430"}],"version-history":[{"count":5,"href":"https:\/\/www.ferrycroatia.com\/hr\/wp-json\/wp\/v2\/pages\/1430\/revisions"}],"predecessor-version":[{"id":4068,"href":"https:\/\/www.ferrycroatia.com\/hr\/wp-json\/wp\/v2\/pages\/1430\/revisions\/4068"}],"wp:featuredmedia":[{"embeddable":true,"href":"https:\/\/www.ferrycroatia.com\/hr\/wp-json\/wp\/v2\/media\/1432"}],"wp:attachment":[{"href":"https:\/\/www.ferrycroatia.com\/hr\/wp-json\/wp\/v2\/media?parent=1430"}],"curies":[{"name":"wp","href":"https:\/\/api.w.org\/{rel}","templated":true}]}}