{"id":1439,"date":"2021-01-29T10:56:04","date_gmt":"2021-01-29T10:56:04","guid":{"rendered":"https:\/\/ferrycroatia.com\/hr\/?page_id=1439"},"modified":"2021-04-08T14:52:38","modified_gmt":"2021-04-08T12:52:38","slug":"trajektna-luka-sibenik","status":"publish","type":"page","link":"https:\/\/www.ferrycroatia.com\/hr\/trajektna-luka-sibenik\/","title":{"rendered":"Trajektna luka \u0160ibenik"},"content":{"rendered":"\n<p>\u0160ibenik je povijesni grad smje\u0161ten u srednjoj Dalmaciji gdje se rijeka Krka ulijeva u Jadransko more. Trajektna luka nalazi se u uskoj uvali, za\u0161ti\u0107enoj od vjetra i valova. Smje\u0161tena je u neposrednoj blizini centra grada i svih<strong> zanimljivih povijesnih znamenitosti,<\/strong> dakle na nekoliko minuta hoda od glavnog trga <strong>tik uz \u0161etnicu uz more<\/strong>. \u017deljeznicka stanica tako\u0111er se nalazi u blizini kao i glavni autobusni kolodvor koji je udaljen 70 m.<\/p>\n\n\n\n<h3>Kako do\u0107i do trajektne luke u \u0160ibeniku<\/h3>\n\n\n\n<p>Ako odsjedate u \u0160ibeniku i \u017eelite do\u0107i na otoke <strong>Prvi\u0107, Murter, Zlarin ili Kaprije<\/strong>, trebali biste znati da je \u0160ibenik prili\u010dno mali, pa su gotovo svi dijelovi grada na pje\u0161a\u010dkoj udaljenosti. <strong>Sredi\u0161te grada i sve va\u017ene povijesne znamenitosti<\/strong> nalaze se oko 800 m od trajektnog terminala pa je lako do\u0107i do njega \u0161etali\u0161tem uz more.<\/p>\n\n\n\n<p>Ostali popularni dijelovi grada su Crnica i Dolac. <strong>S obzirom da su smje\u0161teni uz sam centar i oni se nalaze u neposrednoj blizini trajektnog terminala<\/strong> (pje\u0161a\u010dka udaljenost).<\/p>\n\n\n\n<p><strong>Ukoliko nosite puno prtljage<\/strong>, mo\u017eete pozvati taksi koji vas ne\u0107e puno ko\u0161tati jer se radi o maloj udaljenosti.<\/p>\n\n\n\n<p>Ako odsjedate u Solarisu ili Brodarici (<strong>popularna turisti\u010dka odredi\u0161ta<\/strong> &#8211; Solaris udaljen 6 km, a Brodarica 5 km od \u0160ibenika), mo\u017eete gradskim autobusom do\u0107i do grada. Cijena karte je oko 1-2 \u20ac, a svi autobusi staju na autobusnoj stanici kraj tr\u017enice <strong>u \u0160ibeniku (udaljena nekoliko minuta od trajektnog terminala).<\/strong><\/p>\n\n\n\n<h3>Kako do\u0107i do trajektne luke u \u0160ibeniku od Zra\u010dne luke Split<\/h3>\n\n\n\n<p>\u0160ibeniku je najbli\u017ea zra\u010dna luka Split udaljena oko 50 km od grada. Nakon \u0161to sletite, <strong>unaprijed rezerviranim transferom ili taksijem <\/strong>mo\u017eete izravno do\u0107i do \u0160ibenika. Na raspolaganju su vam i <strong>autobusi zra\u010dne luke koji voze do glavnog autobusnog kolodvora u Splitu <\/strong>(udaljen 25 km) i <strong>od tamo mo\u017eete nastaviti putovanje prema \u0160ibeniku.<\/strong> Cijena karte za autobuse zra\u010dne luke je nekih 30 HRK = 4 \u20ac.<\/p>\n\n\n\n<p>Tako\u0111er, iz zra\u010dne luke mo\u017eete putovati <strong>gradskim autobusom broj 37 do Trogira<\/strong> (cijena karte oko 3 \u20ac), a od tamo autobusom do \u0160ibenika (<strong>polasci su malo rje\u0111i nego iz Splita<\/strong>).<\/p>\n\n\n\n<p>Ako \u017eelite saznati vi\u0161e o prijevozu od zra\u010dne do trajektne luke<a href=\"https:\/\/getbybus.com\/hr\/blog\/autobus-zracna-luka-split\/\"> kliknite ovdje<\/a>.&nbsp;<\/p>\n\n\n\n<h3>\u0160to se nalazi u blizini luke u \u0160ibeniku<\/h3>\n\n\n\n<p>Mo\u017eete prona\u0107i puno toga na trajektnom terminalu (kafi\u0107e, restorane, trgovine, bankomate, parking itd.), dok su ostali potrebni sadr\u017eaji s,je\u0161teni u samom centru grada u blizini.<\/p>\n\n\n\n<h3>Adresa trajektne luke \u0160ibenik<\/h3>\n\n\n\n<ul><li>Obala hrvatske mornarice 4<\/li><li>22000 \u0160ibenik<\/li><li><strong>GPS koordinate:<\/strong> 43.73042, 15.89536<\/li><\/ul>\n\n\n\n<figure class=\"wp-block-image size-large\"><img decoding=\"async\" loading=\"lazy\" width=\"800\" height=\"530\" data-src=\"https:\/\/ferrycroatia.com\/hr\/wp-content\/uploads\/2021\/01\/Sibenik.jpg\" alt=\"Trajektna luka \u0160ibenik\" class=\"wp-image-1440\" data-srcset=\"https:\/\/www.ferrycroatia.com\/hr\/wp-content\/uploads\/2021\/01\/Sibenik.jpg 800w, https:\/\/www.ferrycroatia.com\/hr\/wp-content\/uploads\/2021\/01\/Sibenik-300x199.jpg 300w, https:\/\/www.ferrycroatia.com\/hr\/wp-content\/uploads\/2021\/01\/Sibenik-768x509.jpg 768w\" sizes=\"(max-width: 800px) 100vw, 800px\" \/><\/figure>\n\n\n\n<h3>Popis trajektnih i katamaranskih linija iz \u0160ibenika<\/h3>\n\n\n\n<p>\u2192 Trajekt: \u0160ibenik \u2013 Zlarin \u2013 Obonjan \u2013 Kaprije \u2013 \u017dirje<\/p>\n\n\n\n<p><a href=\"http:\/\/ferrycroatia.com\/hr\/sibenik-zlarin\/\"> \u0160ibenik \u2013 Zlarin<\/a><\/p>\n\n\n\n<p> <a href=\"http:\/\/ferrycroatia.com\/hr\/sibenik-obonjan\/\">\u0160ibenik \u2013 Obonjan<\/a><\/p>\n\n\n\n<p><a href=\"http:\/\/ferrycroatia.com\/hr\/sibenik-kaprije\/\"> \u0160ibenik \u2013 Kaprije<\/a><\/p>\n\n\n\n<p> <a href=\"http:\/\/ferrycroatia.com\/hr\/sibenik-zirje\/\">\u0160ibenik \u2013 \u017dirje<\/a><\/p>\n\n\n\n<p>\u2192 Brod: \u0160ibenik \u2013 Zlarin \u2013 Prvi\u0107 Luka \u2013 \u0160epurine \u2013 Vodice<\/p>\n\n\n\n<p> <a href=\"http:\/\/ferrycroatia.com\/hr\/sibenik-prvic\/\">\u0160ibenik \u2013 Prvi\u0107 Luka<\/a><\/p>\n\n\n\n<p>\t\u0160ibenik \u2013 \u0160epurine<\/p>\n\n\n\n<p> <a href=\"http:\/\/ferrycroatia.com\/hr\/sibenik-vodice\/\">\u0160ibenik \u2013 Vodice<\/a><\/p>\n\n\n\n<p>\u2192 Katamaran: \u0160ibenik \u2013 Kaprije \u2013 \u017dirje<br><\/p>\n","protected":false},"excerpt":{"rendered":"<p>\u0160ibenik je povijesni grad smje\u0161ten u srednjoj Dalmaciji gdje se rijeka Krka ulijeva u Jadransko more. Trajektna luka nalazi se u uskoj uvali, za\u0161ti\u0107enoj od vjetra i valova. Smje\u0161tena je u neposrednoj blizini centra grada i svih zanimljivih povijesnih znamenitosti, dakle na nekoliko minuta hoda od glavnog trga tik uz \u0161etnicu uz more. \u017deljeznicka stanica [&hellip;]<\/p>\n<p><a class=\"more-link\" href=\"https:\/\/www.ferrycroatia.com\/hr\/trajektna-luka-sibenik\/\"> Continue reading&#8230;<\/a><\/p>\n","protected":false},"author":5,"featured_media":1441,"parent":0,"menu_order":0,"comment_status":"closed","ping_status":"closed","template":"","meta":[],"yoast_head":"<!-- This site is optimized with the Yoast SEO plugin v19.8 - https:\/\/yoast.com\/wordpress\/plugins\/seo\/ -->\n<title>Trajektna luka \u0160ibenik, dolasci i polasci iz luke<\/title>\n<meta name=\"robots\" content=\"index, follow, max-snippet:-1, max-image-preview:large, max-video-preview:-1\" \/>\n<link rel=\"canonical\" href=\"https:\/\/www.ferrycroatia.com\/hr\/trajektna-luka-sibenik\/\" \/>\n<meta property=\"og:locale\" content=\"en_US\" \/>\n<meta property=\"og:type\" content=\"article\" \/>\n<meta property=\"og:title\" content=\"Trajektna luka \u0160ibenik, dolasci i polasci iz luke\" \/>\n<meta property=\"og:description\" content=\"\u0160ibenik je povijesni grad smje\u0161ten u srednjoj Dalmaciji gdje se rijeka Krka ulijeva u Jadransko more. Trajektna luka nalazi se u uskoj uvali, za\u0161ti\u0107enoj od vjetra i valova. Smje\u0161tena je u neposrednoj blizini centra grada i svih zanimljivih povijesnih znamenitosti, dakle na nekoliko minuta hoda od glavnog trga tik uz \u0161etnicu uz more. \u017deljeznicka stanica [&hellip;] Continue reading...\" \/>\n<meta property=\"og:url\" content=\"https:\/\/www.ferrycroatia.com\/hr\/trajektna-luka-sibenik\/\" \/>\n<meta property=\"og:site_name\" content=\"Trajekti Hrvatska\" \/>\n<meta property=\"article:modified_time\" content=\"2021-04-08T12:52:38+00:00\" \/>\n<meta property=\"og:image\" content=\"https:\/\/www.ferrycroatia.com\/hr\/wp-content\/uploads\/2021\/01\/Sibenik-ferry-terminal.jpg\" \/>\n\t<meta property=\"og:image:width\" content=\"1024\" \/>\n\t<meta property=\"og:image:height\" content=\"576\" \/>\n\t<meta property=\"og:image:type\" content=\"image\/jpeg\" \/>\n<meta name=\"twitter:card\" content=\"summary_large_image\" \/>\n<meta name=\"twitter:label1\" content=\"Est. reading time\" \/>\n\t<meta name=\"twitter:data1\" content=\"2 minutes\" \/>\n<script type=\"application\/ld+json\" class=\"yoast-schema-graph\">{\"@context\":\"https:\/\/schema.org\",\"@graph\":[{\"@type\":\"WebPage\",\"@id\":\"https:\/\/www.ferrycroatia.com\/hr\/trajektna-luka-sibenik\/\",\"url\":\"https:\/\/www.ferrycroatia.com\/hr\/trajektna-luka-sibenik\/\",\"name\":\"Trajektna luka \u0160ibenik, dolasci i polasci iz luke\",\"isPartOf\":{\"@id\":\"https:\/\/www.ferrycroatia.com\/hr\/#website\"},\"datePublished\":\"2021-01-29T10:56:04+00:00\",\"dateModified\":\"2021-04-08T12:52:38+00:00\",\"breadcrumb\":{\"@id\":\"https:\/\/www.ferrycroatia.com\/hr\/trajektna-luka-sibenik\/#breadcrumb\"},\"inLanguage\":\"en-US\",\"potentialAction\":[{\"@type\":\"ReadAction\",\"target\":[\"https:\/\/www.ferrycroatia.com\/hr\/trajektna-luka-sibenik\/\"]}]},{\"@type\":\"BreadcrumbList\",\"@id\":\"https:\/\/www.ferrycroatia.com\/hr\/trajektna-luka-sibenik\/#breadcrumb\",\"itemListElement\":[{\"@type\":\"ListItem\",\"position\":1,\"name\":\"Home\",\"item\":\"https:\/\/www.ferrycroatia.com\/hr\/\"},{\"@type\":\"ListItem\",\"position\":2,\"name\":\"Trajektna luka \u0160ibenik\"}]},{\"@type\":\"WebSite\",\"@id\":\"https:\/\/www.ferrycroatia.com\/hr\/#website\",\"url\":\"https:\/\/www.ferrycroatia.com\/hr\/\",\"name\":\"Trajekti Hrvatska\",\"description\":\"Vozni red za sve trajekte i katamarane u Hrvatskoj\",\"potentialAction\":[{\"@type\":\"SearchAction\",\"target\":{\"@type\":\"EntryPoint\",\"urlTemplate\":\"https:\/\/www.ferrycroatia.com\/hr\/?s={search_term_string}\"},\"query-input\":\"required name=search_term_string\"}],\"inLanguage\":\"en-US\"}]}<\/script>\n<!-- \/ Yoast SEO plugin. -->","yoast_head_json":{"title":"Trajektna luka \u0160ibenik, dolasci i polasci iz luke","robots":{"index":"index","follow":"follow","max-snippet":"max-snippet:-1","max-image-preview":"max-image-preview:large","max-video-preview":"max-video-preview:-1"},"canonical":"https:\/\/www.ferrycroatia.com\/hr\/trajektna-luka-sibenik\/","og_locale":"en_US","og_type":"article","og_title":"Trajektna luka \u0160ibenik, dolasci i polasci iz luke","og_description":"\u0160ibenik je povijesni grad smje\u0161ten u srednjoj Dalmaciji gdje se rijeka Krka ulijeva u Jadransko more. Trajektna luka nalazi se u uskoj uvali, za\u0161ti\u0107enoj od vjetra i valova. Smje\u0161tena je u neposrednoj blizini centra grada i svih zanimljivih povijesnih znamenitosti, dakle na nekoliko minuta hoda od glavnog trga tik uz \u0161etnicu uz more. \u017deljeznicka stanica [&hellip;] Continue reading...","og_url":"https:\/\/www.ferrycroatia.com\/hr\/trajektna-luka-sibenik\/","og_site_name":"Trajekti Hrvatska","article_modified_time":"2021-04-08T12:52:38+00:00","og_image":[{"width":1024,"height":576,"url":"https:\/\/www.ferrycroatia.com\/hr\/wp-content\/uploads\/2021\/01\/Sibenik-ferry-terminal.jpg","type":"image\/jpeg"}],"twitter_card":"summary_large_image","twitter_misc":{"Est. reading time":"2 minutes"},"schema":{"@context":"https:\/\/schema.org","@graph":[{"@type":"WebPage","@id":"https:\/\/www.ferrycroatia.com\/hr\/trajektna-luka-sibenik\/","url":"https:\/\/www.ferrycroatia.com\/hr\/trajektna-luka-sibenik\/","name":"Trajektna luka \u0160ibenik, dolasci i polasci iz luke","isPartOf":{"@id":"https:\/\/www.ferrycroatia.com\/hr\/#website"},"datePublished":"2021-01-29T10:56:04+00:00","dateModified":"2021-04-08T12:52:38+00:00","breadcrumb":{"@id":"https:\/\/www.ferrycroatia.com\/hr\/trajektna-luka-sibenik\/#breadcrumb"},"inLanguage":"en-US","potentialAction":[{"@type":"ReadAction","target":["https:\/\/www.ferrycroatia.com\/hr\/trajektna-luka-sibenik\/"]}]},{"@type":"BreadcrumbList","@id":"https:\/\/www.ferrycroatia.com\/hr\/trajektna-luka-sibenik\/#breadcrumb","itemListElement":[{"@type":"ListItem","position":1,"name":"Home","item":"https:\/\/www.ferrycroatia.com\/hr\/"},{"@type":"ListItem","position":2,"name":"Trajektna luka \u0160ibenik"}]},{"@type":"WebSite","@id":"https:\/\/www.ferrycroatia.com\/hr\/#website","url":"https:\/\/www.ferrycroatia.com\/hr\/","name":"Trajekti Hrvatska","description":"Vozni red za sve trajekte i katamarane u Hrvatskoj","potentialAction":[{"@type":"SearchAction","target":{"@type":"EntryPoint","urlTemplate":"https:\/\/www.ferrycroatia.com\/hr\/?s={search_term_string}"},"query-input":"required name=search_term_string"}],"inLanguage":"en-US"}]}},"_links":{"self":[{"href":"https:\/\/www.ferrycroatia.com\/hr\/wp-json\/wp\/v2\/pages\/1439"}],"collection":[{"href":"https:\/\/www.ferrycroatia.com\/hr\/wp-json\/wp\/v2\/pages"}],"about":[{"href":"https:\/\/www.ferrycroatia.com\/hr\/wp-json\/wp\/v2\/types\/page"}],"author":[{"embeddable":true,"href":"https:\/\/www.ferrycroatia.com\/hr\/wp-json\/wp\/v2\/users\/5"}],"replies":[{"embeddable":true,"href":"https:\/\/www.ferrycroatia.com\/hr\/wp-json\/wp\/v2\/comments?post=1439"}],"version-history":[{"count":4,"href":"https:\/\/www.ferrycroatia.com\/hr\/wp-json\/wp\/v2\/pages\/1439\/revisions"}],"predecessor-version":[{"id":2142,"href":"https:\/\/www.ferrycroatia.com\/hr\/wp-json\/wp\/v2\/pages\/1439\/revisions\/2142"}],"wp:featuredmedia":[{"embeddable":true,"href":"https:\/\/www.ferrycroatia.com\/hr\/wp-json\/wp\/v2\/media\/1441"}],"wp:attachment":[{"href":"https:\/\/www.ferrycroatia.com\/hr\/wp-json\/wp\/v2\/media?parent=1439"}],"curies":[{"name":"wp","href":"https:\/\/api.w.org\/{rel}","templated":true}]}}