{"id":1443,"date":"2021-01-29T10:57:17","date_gmt":"2021-01-29T10:57:17","guid":{"rendered":"https:\/\/ferrycroatia.com\/hr\/?page_id=1443"},"modified":"2021-04-08T14:54:32","modified_gmt":"2021-04-08T12:54:32","slug":"trajektna-luka-silba","status":"publish","type":"page","link":"https:\/\/www.ferrycroatia.com\/hr\/trajektna-luka-silba\/","title":{"rendered":"Trajektna luka Silba"},"content":{"rendered":"\n<p>Otok Silba <strong>nalazi se sjeverozapadno od grada Zadra<\/strong>, izme\u0111u otoka Olib i Premuda. <strong>Jedini trajektni terminal nalazi se u gradu Silba<\/strong> &#8211; povezan trajektnim i katamaranskim linijama sa Zadrom i otocima Olib, Premuda i Lo\u0161inj. Idealno je <strong>mjesto za miran odmor<\/strong>, osobito za one \u017eeljne mira i ti\u0161ine. No, jo\u0161 uvijek je jednostavno do\u0107i do kopna i posjetiti Zadar i \u0160ibenik te nacionalne parkove Kornate i Krku. Mo\u017eete posjetiti i otoke Premuda, Lo\u0161inj i Olib.<\/p>\n\n\n\n<h3>Kako do\u0107i do luke Silba<\/h3>\n\n\n\n<p>Kao \u0161to je ve\u0107 spomenuto, Silba je gradi\u0107 na malom otoku, a<strong> trajektni terminal se nalazi u blizini centra grada<\/strong>, pa do tamo mo\u017eete jednostavno do\u0107i pje\u0161ice, neovisno o tome gdje se nalazi va\u0161 smje\u0161taj. Druga opcija je dogovoriti prijevoz od\/do va\u0161eg smje\u0161taja.<\/p>\n\n\n\n<h3>\u0160to se nalazi u blizini luke Silba<\/h3>\n\n\n\n<p><strong>Silba je zaista mali grad<\/strong>, tako da se tu ne nalazi mnogo objekata: nekoliko restorana, barova, po\u0161ta itd.<\/p>\n\n\n\n<h3>Adresa luke Silba<\/h3>\n\n\n\n<ul><li>Du\u017eina: 14.691785<\/li><li>\u0160irina: 44.373697<\/li><li>23295 Silba (Silba)<\/li><\/ul>\n\n\n\n<figure class=\"wp-block-image\"><img decoding=\"async\" data-src=\"https:\/\/lh4.googleusercontent.com\/ZpI0n6-_G0IaYvCe1oJj90MlhE-jkFbpNzk4v7lEorgtEphLMZ4yCgBJ0x9--VlQCtrgjVcR7hSm0WHe48QSq2To-Q0JD3K21HGyafQG8OM2fx9vbdh5y3K1oS0s4ZQpxcVVaOcB\" alt=\"Trajektna luka SIlba\"\/><\/figure>\n\n\n\n<h3>Popis linija od i do Silbe<\/h3>\n\n\n\n<p>\u2192 Trajekt: Zadar (Ga\u017eenica) \u2013 Ist \u2013 Olib \u2013 Silba \u2013 Premuda \u2013 Mali Lo\u0161inj<\/p>\n\n\n\n<ul><li><a href=\"http:\/\/ferrycroatia.com\/hr\/silba-zadar\/\">Silba \u2013 Zadar<\/a><\/li><li><a href=\"http:\/\/ferrycroatia.com\/hr\/silba-ist\/\">Silba \u2013 Ist<\/a><\/li><li><a href=\"http:\/\/ferrycroatia.com\/hr\/silba-olib\/\">Silba \u2013 Olib<\/a><\/li><li><a href=\"http:\/\/ferrycroatia.com\/hr\/silba-premuda\/\">Silba \u2013 Premuda<\/a><\/li><li><a href=\"http:\/\/ferrycroatia.com\/hr\/silba-mali-losinj\/\">Silba \u2013 Mali Lo\u0161inj<\/a><\/li><\/ul>\n\n\n\n<p>\u2192 Katamaran: Zadar \u2013&nbsp; Premuda (Krijal) \u2013 Silba \u2013 Olib<br><\/p>\n","protected":false},"excerpt":{"rendered":"<p>Otok Silba nalazi se sjeverozapadno od grada Zadra, izme\u0111u otoka Olib i Premuda. Jedini trajektni terminal nalazi se u gradu Silba &#8211; povezan trajektnim i katamaranskim linijama sa Zadrom i otocima Olib, Premuda i Lo\u0161inj. Idealno je mjesto za miran odmor, osobito za one \u017eeljne mira i ti\u0161ine. No, jo\u0161 uvijek je jednostavno do\u0107i do [&hellip;]<\/p>\n<p><a class=\"more-link\" href=\"https:\/\/www.ferrycroatia.com\/hr\/trajektna-luka-silba\/\"> Continue reading&#8230;<\/a><\/p>\n","protected":false},"author":5,"featured_media":0,"parent":0,"menu_order":0,"comment_status":"closed","ping_status":"closed","template":"","meta":[],"yoast_head":"<!-- This site is optimized with the Yoast SEO plugin v19.8 - https:\/\/yoast.com\/wordpress\/plugins\/seo\/ -->\n<title>Trajektna luka Silba, dolasci i polasci iz luke<\/title>\n<meta name=\"robots\" content=\"index, follow, max-snippet:-1, max-image-preview:large, max-video-preview:-1\" \/>\n<link rel=\"canonical\" href=\"https:\/\/www.ferrycroatia.com\/hr\/trajektna-luka-silba\/\" \/>\n<meta property=\"og:locale\" content=\"en_US\" \/>\n<meta property=\"og:type\" content=\"article\" \/>\n<meta property=\"og:title\" content=\"Trajektna luka Silba, dolasci i polasci iz luke\" \/>\n<meta property=\"og:description\" content=\"Otok Silba nalazi se sjeverozapadno od grada Zadra, izme\u0111u otoka Olib i Premuda. Jedini trajektni terminal nalazi se u gradu Silba &#8211; povezan trajektnim i katamaranskim linijama sa Zadrom i otocima Olib, Premuda i Lo\u0161inj. Idealno je mjesto za miran odmor, osobito za one \u017eeljne mira i ti\u0161ine. No, jo\u0161 uvijek je jednostavno do\u0107i do [&hellip;] Continue reading...\" \/>\n<meta property=\"og:url\" content=\"https:\/\/www.ferrycroatia.com\/hr\/trajektna-luka-silba\/\" \/>\n<meta property=\"og:site_name\" content=\"Trajekti Hrvatska\" \/>\n<meta property=\"article:modified_time\" content=\"2021-04-08T12:54:32+00:00\" \/>\n<meta property=\"og:image\" content=\"https:\/\/lh4.googleusercontent.com\/ZpI0n6-_G0IaYvCe1oJj90MlhE-jkFbpNzk4v7lEorgtEphLMZ4yCgBJ0x9--VlQCtrgjVcR7hSm0WHe48QSq2To-Q0JD3K21HGyafQG8OM2fx9vbdh5y3K1oS0s4ZQpxcVVaOcB\" \/>\n<meta name=\"twitter:card\" content=\"summary_large_image\" \/>\n<meta name=\"twitter:label1\" content=\"Est. reading time\" \/>\n\t<meta name=\"twitter:data1\" content=\"1 minute\" \/>\n<script type=\"application\/ld+json\" class=\"yoast-schema-graph\">{\"@context\":\"https:\/\/schema.org\",\"@graph\":[{\"@type\":\"WebPage\",\"@id\":\"https:\/\/www.ferrycroatia.com\/hr\/trajektna-luka-silba\/\",\"url\":\"https:\/\/www.ferrycroatia.com\/hr\/trajektna-luka-silba\/\",\"name\":\"Trajektna luka Silba, dolasci i polasci iz luke\",\"isPartOf\":{\"@id\":\"https:\/\/www.ferrycroatia.com\/hr\/#website\"},\"datePublished\":\"2021-01-29T10:57:17+00:00\",\"dateModified\":\"2021-04-08T12:54:32+00:00\",\"breadcrumb\":{\"@id\":\"https:\/\/www.ferrycroatia.com\/hr\/trajektna-luka-silba\/#breadcrumb\"},\"inLanguage\":\"en-US\",\"potentialAction\":[{\"@type\":\"ReadAction\",\"target\":[\"https:\/\/www.ferrycroatia.com\/hr\/trajektna-luka-silba\/\"]}]},{\"@type\":\"BreadcrumbList\",\"@id\":\"https:\/\/www.ferrycroatia.com\/hr\/trajektna-luka-silba\/#breadcrumb\",\"itemListElement\":[{\"@type\":\"ListItem\",\"position\":1,\"name\":\"Home\",\"item\":\"https:\/\/www.ferrycroatia.com\/hr\/\"},{\"@type\":\"ListItem\",\"position\":2,\"name\":\"Trajektna luka Silba\"}]},{\"@type\":\"WebSite\",\"@id\":\"https:\/\/www.ferrycroatia.com\/hr\/#website\",\"url\":\"https:\/\/www.ferrycroatia.com\/hr\/\",\"name\":\"Trajekti Hrvatska\",\"description\":\"Vozni red za sve trajekte i katamarane u Hrvatskoj\",\"potentialAction\":[{\"@type\":\"SearchAction\",\"target\":{\"@type\":\"EntryPoint\",\"urlTemplate\":\"https:\/\/www.ferrycroatia.com\/hr\/?s={search_term_string}\"},\"query-input\":\"required name=search_term_string\"}],\"inLanguage\":\"en-US\"}]}<\/script>\n<!-- \/ Yoast SEO plugin. -->","yoast_head_json":{"title":"Trajektna luka Silba, dolasci i polasci iz luke","robots":{"index":"index","follow":"follow","max-snippet":"max-snippet:-1","max-image-preview":"max-image-preview:large","max-video-preview":"max-video-preview:-1"},"canonical":"https:\/\/www.ferrycroatia.com\/hr\/trajektna-luka-silba\/","og_locale":"en_US","og_type":"article","og_title":"Trajektna luka Silba, dolasci i polasci iz luke","og_description":"Otok Silba nalazi se sjeverozapadno od grada Zadra, izme\u0111u otoka Olib i Premuda. Jedini trajektni terminal nalazi se u gradu Silba &#8211; povezan trajektnim i katamaranskim linijama sa Zadrom i otocima Olib, Premuda i Lo\u0161inj. Idealno je mjesto za miran odmor, osobito za one \u017eeljne mira i ti\u0161ine. No, jo\u0161 uvijek je jednostavno do\u0107i do [&hellip;] Continue reading...","og_url":"https:\/\/www.ferrycroatia.com\/hr\/trajektna-luka-silba\/","og_site_name":"Trajekti Hrvatska","article_modified_time":"2021-04-08T12:54:32+00:00","og_image":[{"url":"https:\/\/lh4.googleusercontent.com\/ZpI0n6-_G0IaYvCe1oJj90MlhE-jkFbpNzk4v7lEorgtEphLMZ4yCgBJ0x9--VlQCtrgjVcR7hSm0WHe48QSq2To-Q0JD3K21HGyafQG8OM2fx9vbdh5y3K1oS0s4ZQpxcVVaOcB"}],"twitter_card":"summary_large_image","twitter_misc":{"Est. reading time":"1 minute"},"schema":{"@context":"https:\/\/schema.org","@graph":[{"@type":"WebPage","@id":"https:\/\/www.ferrycroatia.com\/hr\/trajektna-luka-silba\/","url":"https:\/\/www.ferrycroatia.com\/hr\/trajektna-luka-silba\/","name":"Trajektna luka Silba, dolasci i polasci iz luke","isPartOf":{"@id":"https:\/\/www.ferrycroatia.com\/hr\/#website"},"datePublished":"2021-01-29T10:57:17+00:00","dateModified":"2021-04-08T12:54:32+00:00","breadcrumb":{"@id":"https:\/\/www.ferrycroatia.com\/hr\/trajektna-luka-silba\/#breadcrumb"},"inLanguage":"en-US","potentialAction":[{"@type":"ReadAction","target":["https:\/\/www.ferrycroatia.com\/hr\/trajektna-luka-silba\/"]}]},{"@type":"BreadcrumbList","@id":"https:\/\/www.ferrycroatia.com\/hr\/trajektna-luka-silba\/#breadcrumb","itemListElement":[{"@type":"ListItem","position":1,"name":"Home","item":"https:\/\/www.ferrycroatia.com\/hr\/"},{"@type":"ListItem","position":2,"name":"Trajektna luka Silba"}]},{"@type":"WebSite","@id":"https:\/\/www.ferrycroatia.com\/hr\/#website","url":"https:\/\/www.ferrycroatia.com\/hr\/","name":"Trajekti Hrvatska","description":"Vozni red za sve trajekte i katamarane u Hrvatskoj","potentialAction":[{"@type":"SearchAction","target":{"@type":"EntryPoint","urlTemplate":"https:\/\/www.ferrycroatia.com\/hr\/?s={search_term_string}"},"query-input":"required name=search_term_string"}],"inLanguage":"en-US"}]}},"_links":{"self":[{"href":"https:\/\/www.ferrycroatia.com\/hr\/wp-json\/wp\/v2\/pages\/1443"}],"collection":[{"href":"https:\/\/www.ferrycroatia.com\/hr\/wp-json\/wp\/v2\/pages"}],"about":[{"href":"https:\/\/www.ferrycroatia.com\/hr\/wp-json\/wp\/v2\/types\/page"}],"author":[{"embeddable":true,"href":"https:\/\/www.ferrycroatia.com\/hr\/wp-json\/wp\/v2\/users\/5"}],"replies":[{"embeddable":true,"href":"https:\/\/www.ferrycroatia.com\/hr\/wp-json\/wp\/v2\/comments?post=1443"}],"version-history":[{"count":5,"href":"https:\/\/www.ferrycroatia.com\/hr\/wp-json\/wp\/v2\/pages\/1443\/revisions"}],"predecessor-version":[{"id":2144,"href":"https:\/\/www.ferrycroatia.com\/hr\/wp-json\/wp\/v2\/pages\/1443\/revisions\/2144"}],"wp:attachment":[{"href":"https:\/\/www.ferrycroatia.com\/hr\/wp-json\/wp\/v2\/media?parent=1443"}],"curies":[{"name":"wp","href":"https:\/\/api.w.org\/{rel}","templated":true}]}}