{"id":1449,"date":"2021-01-29T10:59:56","date_gmt":"2021-01-29T10:59:56","guid":{"rendered":"https:\/\/ferrycroatia.com\/hr\/?page_id=1449"},"modified":"2021-04-08T15:21:54","modified_gmt":"2021-04-08T13:21:54","slug":"trajektna-luka-slatine-ciovo","status":"publish","type":"page","link":"https:\/\/www.ferrycroatia.com\/hr\/trajektna-luka-slatine-ciovo\/","title":{"rendered":"Trajektna luka Slatine \u010ciovo"},"content":{"rendered":"\n<p>Slatine su malo mjesto na <strong>sjeveroisto\u010dnoj strani otoka \u010ciova<\/strong>. Sezonskim brodskim i katamaranskim linijama <strong>(Bura Line)<\/strong> povezane su sa Splitom i Trogirom. Luka Slatine nalazi se u samom centru mjesta, blizu glavne \u0161etnice uz more.<\/p>\n\n\n\n<h3>Kako do\u0107i do luke u Slatinama<\/h3>\n\n\n\n<p>Slatine su lokalnom autobusnom linijom (linija br. 42) povezane s Trogirom i nekim drugim mjestima na otoku \u010ciovu. Autobusni kolodvor u Slatinama nalazi se blizu luke pa je lako dostupan pje\u0161ice. To\u010dnu lokaciju mo\u017eete <a href=\"https:\/\/getbybus.com\/hr\/autobus-slatine\">vidjeti ovdje<\/a>.<\/p>\n\n\n\n<p><strong>Slatine su malo mjesto na otoku \u010ciovu<\/strong> i bez obzira gdje se nalazili u Slatinama, do luke mo\u017eete lako do\u0107i pje\u0161ice. Ako imate prtljage mo\u017eete naru\u010diti taksi. S obzirom da se radi o maloj udaljenosti, cijena ne bi trebala biti visoka.<\/p>\n\n\n\n<h3>\u0160to se nalazi u Luci Slatine<\/h3>\n\n\n\n<p>Kao \u0161to je ve\u0107 spomenuto, Slatine su vrlo malo mjesto i luka se nalazi u centru. U blizini luke nalaze se barovi, restorani, trgovine itd.<\/p>\n\n\n\n<h3>Adresa Luke Slatine<\/h3>\n\n\n\n<ul><li>Du\u017eina: 16.338406<\/li><li>\u0160irina: 43.499473<\/li><li>Put Porta<\/li><li>21224 Slatine (\u010ciovo)<\/li><\/ul>\n\n\n\n<figure class=\"wp-block-image\"><img decoding=\"async\" data-src=\"https:\/\/lh6.googleusercontent.com\/O9DFU95hb__3Y4ptQR2uqDp79v0HsihnkDyzev3sH2vQPDK-E6IUElArHE5hLPqBSpW4e4rUGzf4LI5QC9s_9gJdzKeCk5dSkiN45acECsJKNgsG5E3sgr72KphEeN8yZYqfaId8\" alt=\"Slatine trajektna luka\"\/><\/figure>\n\n\n\n<h3>Popis linija od i do Slatina<\/h3>\n\n\n\n<p>Putni\u010dki brod: Split \u2013 Slatine (\u010ciovo) \u2013 Trogir (Bura Line)<\/p>\n\n\n\n<ul><li>Slatine \u2013 Trogir<\/li><li>Slatine \u2013 Split<\/li><\/ul>\n","protected":false},"excerpt":{"rendered":"<p>Slatine su malo mjesto na sjeveroisto\u010dnoj strani otoka \u010ciova. Sezonskim brodskim i katamaranskim linijama (Bura Line) povezane su sa Splitom i Trogirom. Luka Slatine nalazi se u samom centru mjesta, blizu glavne \u0161etnice uz more. Kako do\u0107i do luke u Slatinama Slatine su lokalnom autobusnom linijom (linija br. 42) povezane s Trogirom i nekim drugim [&hellip;]<\/p>\n<p><a class=\"more-link\" href=\"https:\/\/www.ferrycroatia.com\/hr\/trajektna-luka-slatine-ciovo\/\"> Continue reading&#8230;<\/a><\/p>\n","protected":false},"author":5,"featured_media":0,"parent":0,"menu_order":0,"comment_status":"closed","ping_status":"closed","template":"","meta":[],"yoast_head":"<!-- This site is optimized with the Yoast SEO plugin v19.8 - https:\/\/yoast.com\/wordpress\/plugins\/seo\/ -->\n<title>Trajektna luka Slatine \u010ciovo, dolasci i polasci iz luke<\/title>\n<meta name=\"robots\" content=\"index, follow, max-snippet:-1, max-image-preview:large, max-video-preview:-1\" \/>\n<link rel=\"canonical\" href=\"https:\/\/www.ferrycroatia.com\/hr\/trajektna-luka-slatine-ciovo\/\" \/>\n<meta property=\"og:locale\" content=\"en_US\" \/>\n<meta property=\"og:type\" content=\"article\" \/>\n<meta property=\"og:title\" content=\"Trajektna luka Slatine \u010ciovo, dolasci i polasci iz luke\" \/>\n<meta property=\"og:description\" content=\"Slatine su malo mjesto na sjeveroisto\u010dnoj strani otoka \u010ciova. Sezonskim brodskim i katamaranskim linijama (Bura Line) povezane su sa Splitom i Trogirom. Luka Slatine nalazi se u samom centru mjesta, blizu glavne \u0161etnice uz more. Kako do\u0107i do luke u Slatinama Slatine su lokalnom autobusnom linijom (linija br. 42) povezane s Trogirom i nekim drugim [&hellip;] Continue reading...\" \/>\n<meta property=\"og:url\" content=\"https:\/\/www.ferrycroatia.com\/hr\/trajektna-luka-slatine-ciovo\/\" \/>\n<meta property=\"og:site_name\" content=\"Trajekti Hrvatska\" \/>\n<meta property=\"article:modified_time\" content=\"2021-04-08T13:21:54+00:00\" \/>\n<meta property=\"og:image\" content=\"https:\/\/lh6.googleusercontent.com\/O9DFU95hb__3Y4ptQR2uqDp79v0HsihnkDyzev3sH2vQPDK-E6IUElArHE5hLPqBSpW4e4rUGzf4LI5QC9s_9gJdzKeCk5dSkiN45acECsJKNgsG5E3sgr72KphEeN8yZYqfaId8\" \/>\n<meta name=\"twitter:card\" content=\"summary_large_image\" \/>\n<meta name=\"twitter:label1\" content=\"Est. reading time\" \/>\n\t<meta name=\"twitter:data1\" content=\"1 minute\" \/>\n<script type=\"application\/ld+json\" class=\"yoast-schema-graph\">{\"@context\":\"https:\/\/schema.org\",\"@graph\":[{\"@type\":\"WebPage\",\"@id\":\"https:\/\/www.ferrycroatia.com\/hr\/trajektna-luka-slatine-ciovo\/\",\"url\":\"https:\/\/www.ferrycroatia.com\/hr\/trajektna-luka-slatine-ciovo\/\",\"name\":\"Trajektna luka Slatine \u010ciovo, dolasci i polasci iz luke\",\"isPartOf\":{\"@id\":\"https:\/\/www.ferrycroatia.com\/hr\/#website\"},\"datePublished\":\"2021-01-29T10:59:56+00:00\",\"dateModified\":\"2021-04-08T13:21:54+00:00\",\"breadcrumb\":{\"@id\":\"https:\/\/www.ferrycroatia.com\/hr\/trajektna-luka-slatine-ciovo\/#breadcrumb\"},\"inLanguage\":\"en-US\",\"potentialAction\":[{\"@type\":\"ReadAction\",\"target\":[\"https:\/\/www.ferrycroatia.com\/hr\/trajektna-luka-slatine-ciovo\/\"]}]},{\"@type\":\"BreadcrumbList\",\"@id\":\"https:\/\/www.ferrycroatia.com\/hr\/trajektna-luka-slatine-ciovo\/#breadcrumb\",\"itemListElement\":[{\"@type\":\"ListItem\",\"position\":1,\"name\":\"Home\",\"item\":\"https:\/\/www.ferrycroatia.com\/hr\/\"},{\"@type\":\"ListItem\",\"position\":2,\"name\":\"Trajektna luka Slatine \u010ciovo\"}]},{\"@type\":\"WebSite\",\"@id\":\"https:\/\/www.ferrycroatia.com\/hr\/#website\",\"url\":\"https:\/\/www.ferrycroatia.com\/hr\/\",\"name\":\"Trajekti Hrvatska\",\"description\":\"Vozni red za sve trajekte i katamarane u Hrvatskoj\",\"potentialAction\":[{\"@type\":\"SearchAction\",\"target\":{\"@type\":\"EntryPoint\",\"urlTemplate\":\"https:\/\/www.ferrycroatia.com\/hr\/?s={search_term_string}\"},\"query-input\":\"required name=search_term_string\"}],\"inLanguage\":\"en-US\"}]}<\/script>\n<!-- \/ Yoast SEO plugin. -->","yoast_head_json":{"title":"Trajektna luka Slatine \u010ciovo, dolasci i polasci iz luke","robots":{"index":"index","follow":"follow","max-snippet":"max-snippet:-1","max-image-preview":"max-image-preview:large","max-video-preview":"max-video-preview:-1"},"canonical":"https:\/\/www.ferrycroatia.com\/hr\/trajektna-luka-slatine-ciovo\/","og_locale":"en_US","og_type":"article","og_title":"Trajektna luka Slatine \u010ciovo, dolasci i polasci iz luke","og_description":"Slatine su malo mjesto na sjeveroisto\u010dnoj strani otoka \u010ciova. Sezonskim brodskim i katamaranskim linijama (Bura Line) povezane su sa Splitom i Trogirom. Luka Slatine nalazi se u samom centru mjesta, blizu glavne \u0161etnice uz more. Kako do\u0107i do luke u Slatinama Slatine su lokalnom autobusnom linijom (linija br. 42) povezane s Trogirom i nekim drugim [&hellip;] Continue reading...","og_url":"https:\/\/www.ferrycroatia.com\/hr\/trajektna-luka-slatine-ciovo\/","og_site_name":"Trajekti Hrvatska","article_modified_time":"2021-04-08T13:21:54+00:00","og_image":[{"url":"https:\/\/lh6.googleusercontent.com\/O9DFU95hb__3Y4ptQR2uqDp79v0HsihnkDyzev3sH2vQPDK-E6IUElArHE5hLPqBSpW4e4rUGzf4LI5QC9s_9gJdzKeCk5dSkiN45acECsJKNgsG5E3sgr72KphEeN8yZYqfaId8"}],"twitter_card":"summary_large_image","twitter_misc":{"Est. reading time":"1 minute"},"schema":{"@context":"https:\/\/schema.org","@graph":[{"@type":"WebPage","@id":"https:\/\/www.ferrycroatia.com\/hr\/trajektna-luka-slatine-ciovo\/","url":"https:\/\/www.ferrycroatia.com\/hr\/trajektna-luka-slatine-ciovo\/","name":"Trajektna luka Slatine \u010ciovo, dolasci i polasci iz luke","isPartOf":{"@id":"https:\/\/www.ferrycroatia.com\/hr\/#website"},"datePublished":"2021-01-29T10:59:56+00:00","dateModified":"2021-04-08T13:21:54+00:00","breadcrumb":{"@id":"https:\/\/www.ferrycroatia.com\/hr\/trajektna-luka-slatine-ciovo\/#breadcrumb"},"inLanguage":"en-US","potentialAction":[{"@type":"ReadAction","target":["https:\/\/www.ferrycroatia.com\/hr\/trajektna-luka-slatine-ciovo\/"]}]},{"@type":"BreadcrumbList","@id":"https:\/\/www.ferrycroatia.com\/hr\/trajektna-luka-slatine-ciovo\/#breadcrumb","itemListElement":[{"@type":"ListItem","position":1,"name":"Home","item":"https:\/\/www.ferrycroatia.com\/hr\/"},{"@type":"ListItem","position":2,"name":"Trajektna luka Slatine \u010ciovo"}]},{"@type":"WebSite","@id":"https:\/\/www.ferrycroatia.com\/hr\/#website","url":"https:\/\/www.ferrycroatia.com\/hr\/","name":"Trajekti Hrvatska","description":"Vozni red za sve trajekte i katamarane u Hrvatskoj","potentialAction":[{"@type":"SearchAction","target":{"@type":"EntryPoint","urlTemplate":"https:\/\/www.ferrycroatia.com\/hr\/?s={search_term_string}"},"query-input":"required name=search_term_string"}],"inLanguage":"en-US"}]}},"_links":{"self":[{"href":"https:\/\/www.ferrycroatia.com\/hr\/wp-json\/wp\/v2\/pages\/1449"}],"collection":[{"href":"https:\/\/www.ferrycroatia.com\/hr\/wp-json\/wp\/v2\/pages"}],"about":[{"href":"https:\/\/www.ferrycroatia.com\/hr\/wp-json\/wp\/v2\/types\/page"}],"author":[{"embeddable":true,"href":"https:\/\/www.ferrycroatia.com\/hr\/wp-json\/wp\/v2\/users\/5"}],"replies":[{"embeddable":true,"href":"https:\/\/www.ferrycroatia.com\/hr\/wp-json\/wp\/v2\/comments?post=1449"}],"version-history":[{"count":3,"href":"https:\/\/www.ferrycroatia.com\/hr\/wp-json\/wp\/v2\/pages\/1449\/revisions"}],"predecessor-version":[{"id":2150,"href":"https:\/\/www.ferrycroatia.com\/hr\/wp-json\/wp\/v2\/pages\/1449\/revisions\/2150"}],"wp:attachment":[{"href":"https:\/\/www.ferrycroatia.com\/hr\/wp-json\/wp\/v2\/media?parent=1449"}],"curies":[{"name":"wp","href":"https:\/\/api.w.org\/{rel}","templated":true}]}}