{"id":1451,"date":"2021-01-29T11:01:01","date_gmt":"2021-01-29T11:01:01","guid":{"rendered":"https:\/\/ferrycroatia.com\/hr\/?page_id=1451"},"modified":"2021-04-08T15:24:00","modified_gmt":"2021-04-08T13:24:00","slug":"trajektna-luka-sobra","status":"publish","type":"page","link":"https:\/\/www.ferrycroatia.com\/hr\/trajektna-luka-sobra\/","title":{"rendered":"Trajektna luka Sobra"},"content":{"rendered":"\n<p><strong>Trajektna luka Sobra nalazi se otprilike 2 km od grada Sobre<\/strong> u maloj prekrasnoj uvali na otoku Mljetu. To je ujedno i glavna oto\u010dna luka i mjesto na koje sti\u017eu svi trajekti. Tako\u0111er, tu se nalazi i <strong>Lu\u010dka uprava Mljet<\/strong>. Sobra je dobro povezana s ostalim dijelovima otoka i s nacionalnim parkom Mljet redovnim autobusnim linijama.<\/p>\n\n\n\n<h3>Kako do\u0107i luke Sobra<\/h3>\n\n\n\n<p>Vo\u017enja trajektom <strong>izme\u0111u Dubrovnika i Sobre<\/strong> traje 2 sata (linija obustavljena 2016.), a katamaranom oko sat vremena i 15 minuta. Ako ste rezervirali smje\u0161taj u Sobri, <strong>do trajektne luke lako mo\u017eete do\u0107i pje\u0161ice<\/strong>. Ukoliko trebate do\u0107i do drugih dijelova otoka, na raspolaganju vam stoji autobus ili taksi.<\/p>\n\n\n\n<h3>\u0160to se nalazi u blizini luke Sobra<\/h3>\n\n\n\n<p>U trajektnoj luci nalazi se ured za prodaju karata, kiosk i kafi\u0107.<\/p>\n\n\n\n<h3>Adresa luke Sobra<\/h3>\n\n\n\n<ul><li>20225 Sobra (Mljet)<\/li><li>GPS-koordinate: 42.739454, 17.620476<\/li><\/ul>\n\n\n\n<figure class=\"wp-block-image size-large\"><img decoding=\"async\" loading=\"lazy\" width=\"1024\" height=\"540\" data-src=\"https:\/\/ferrycroatia.com\/hr\/wp-content\/uploads\/2021\/01\/Sobra-ferry-terminal.jpg\" alt=\"Trajektna luka Sobra\" class=\"wp-image-1452\" data-srcset=\"https:\/\/www.ferrycroatia.com\/hr\/wp-content\/uploads\/2021\/01\/Sobra-ferry-terminal.jpg 1024w, https:\/\/www.ferrycroatia.com\/hr\/wp-content\/uploads\/2021\/01\/Sobra-ferry-terminal-300x158.jpg 300w, https:\/\/www.ferrycroatia.com\/hr\/wp-content\/uploads\/2021\/01\/Sobra-ferry-terminal-768x405.jpg 768w\" sizes=\"(max-width: 1024px) 100vw, 1024px\" \/><\/figure>\n\n\n\n<h3>Popis trajektnih i katamaranskih linija do i iz Sobre<\/h3>\n\n\n\n<p>\u2192 Trajekt: Prapratno (Pelje\u0161ac) -Sobra<\/p>\n\n\n\n<ul><li>&nbsp; <a href=\"http:\/\/ferrycroatia.com\/hr\/sobra-prapratno\/\">Sobra &#8211; Prapratno<\/a><\/li><\/ul>\n\n\n\n<p>\u2192 Katamaran: Dubrovnik-Luka \u0160ipanska-Sobra (Mljet) -Pola\u010de (Mljet) -Kor\u010dula-Ubli (Lastovo)<\/p>\n\n\n\n<ul><li>&nbsp; <a href=\"http:\/\/ferrycroatia.com\/hr\/sobra-dubrovnik\/\">Sobra &#8211; Dubrovnik<\/a><\/li><li>&nbsp; <a href=\"https:\/\/ferrycroatia.com\/hr\/sobra-sipanska-luka\/\">Sobra &#8211; \u0160ipanska Luka<\/a><\/li><li>&nbsp; <a href=\"http:\/\/ferrycroatia.com\/hr\/sobra-korcula\/\">Sobra &#8211; Kor\u010dula<\/a><\/li><li>&nbsp; <a href=\"http:\/\/ferrycroatia.com\/hr\/sobra-ubli\/\">Sobra &#8211; Ubli<\/a><\/li><\/ul>\n","protected":false},"excerpt":{"rendered":"<p>Trajektna luka Sobra nalazi se otprilike 2 km od grada Sobre u maloj prekrasnoj uvali na otoku Mljetu. To je ujedno i glavna oto\u010dna luka i mjesto na koje sti\u017eu svi trajekti. Tako\u0111er, tu se nalazi i Lu\u010dka uprava Mljet. Sobra je dobro povezana s ostalim dijelovima otoka i s nacionalnim parkom Mljet redovnim autobusnim [&hellip;]<\/p>\n<p><a class=\"more-link\" href=\"https:\/\/www.ferrycroatia.com\/hr\/trajektna-luka-sobra\/\"> Continue reading&#8230;<\/a><\/p>\n","protected":false},"author":5,"featured_media":0,"parent":0,"menu_order":0,"comment_status":"closed","ping_status":"closed","template":"","meta":[],"yoast_head":"<!-- This site is optimized with the Yoast SEO plugin v19.8 - https:\/\/yoast.com\/wordpress\/plugins\/seo\/ -->\n<title>Trajektna luka Sobra, dolasci i polasci iz luke<\/title>\n<meta name=\"robots\" content=\"index, follow, max-snippet:-1, max-image-preview:large, max-video-preview:-1\" \/>\n<link rel=\"canonical\" href=\"https:\/\/www.ferrycroatia.com\/hr\/trajektna-luka-sobra\/\" \/>\n<meta property=\"og:locale\" content=\"en_US\" \/>\n<meta property=\"og:type\" content=\"article\" \/>\n<meta property=\"og:title\" content=\"Trajektna luka Sobra, dolasci i polasci iz luke\" \/>\n<meta property=\"og:description\" content=\"Trajektna luka Sobra nalazi se otprilike 2 km od grada Sobre u maloj prekrasnoj uvali na otoku Mljetu. To je ujedno i glavna oto\u010dna luka i mjesto na koje sti\u017eu svi trajekti. Tako\u0111er, tu se nalazi i Lu\u010dka uprava Mljet. Sobra je dobro povezana s ostalim dijelovima otoka i s nacionalnim parkom Mljet redovnim autobusnim [&hellip;] Continue reading...\" \/>\n<meta property=\"og:url\" content=\"https:\/\/www.ferrycroatia.com\/hr\/trajektna-luka-sobra\/\" \/>\n<meta property=\"og:site_name\" content=\"Trajekti Hrvatska\" \/>\n<meta property=\"article:modified_time\" content=\"2021-04-08T13:24:00+00:00\" \/>\n<meta property=\"og:image\" content=\"https:\/\/ferrycroatia.com\/hr\/wp-content\/uploads\/2021\/01\/Sobra-ferry-terminal.jpg\" \/>\n<meta name=\"twitter:card\" content=\"summary_large_image\" \/>\n<meta name=\"twitter:label1\" content=\"Est. reading time\" \/>\n\t<meta name=\"twitter:data1\" content=\"1 minute\" \/>\n<script type=\"application\/ld+json\" class=\"yoast-schema-graph\">{\"@context\":\"https:\/\/schema.org\",\"@graph\":[{\"@type\":\"WebPage\",\"@id\":\"https:\/\/www.ferrycroatia.com\/hr\/trajektna-luka-sobra\/\",\"url\":\"https:\/\/www.ferrycroatia.com\/hr\/trajektna-luka-sobra\/\",\"name\":\"Trajektna luka Sobra, dolasci i polasci iz luke\",\"isPartOf\":{\"@id\":\"https:\/\/www.ferrycroatia.com\/hr\/#website\"},\"datePublished\":\"2021-01-29T11:01:01+00:00\",\"dateModified\":\"2021-04-08T13:24:00+00:00\",\"breadcrumb\":{\"@id\":\"https:\/\/www.ferrycroatia.com\/hr\/trajektna-luka-sobra\/#breadcrumb\"},\"inLanguage\":\"en-US\",\"potentialAction\":[{\"@type\":\"ReadAction\",\"target\":[\"https:\/\/www.ferrycroatia.com\/hr\/trajektna-luka-sobra\/\"]}]},{\"@type\":\"BreadcrumbList\",\"@id\":\"https:\/\/www.ferrycroatia.com\/hr\/trajektna-luka-sobra\/#breadcrumb\",\"itemListElement\":[{\"@type\":\"ListItem\",\"position\":1,\"name\":\"Home\",\"item\":\"https:\/\/www.ferrycroatia.com\/hr\/\"},{\"@type\":\"ListItem\",\"position\":2,\"name\":\"Trajektna luka Sobra\"}]},{\"@type\":\"WebSite\",\"@id\":\"https:\/\/www.ferrycroatia.com\/hr\/#website\",\"url\":\"https:\/\/www.ferrycroatia.com\/hr\/\",\"name\":\"Trajekti Hrvatska\",\"description\":\"Vozni red za sve trajekte i katamarane u Hrvatskoj\",\"potentialAction\":[{\"@type\":\"SearchAction\",\"target\":{\"@type\":\"EntryPoint\",\"urlTemplate\":\"https:\/\/www.ferrycroatia.com\/hr\/?s={search_term_string}\"},\"query-input\":\"required name=search_term_string\"}],\"inLanguage\":\"en-US\"}]}<\/script>\n<!-- \/ Yoast SEO plugin. -->","yoast_head_json":{"title":"Trajektna luka Sobra, dolasci i polasci iz luke","robots":{"index":"index","follow":"follow","max-snippet":"max-snippet:-1","max-image-preview":"max-image-preview:large","max-video-preview":"max-video-preview:-1"},"canonical":"https:\/\/www.ferrycroatia.com\/hr\/trajektna-luka-sobra\/","og_locale":"en_US","og_type":"article","og_title":"Trajektna luka Sobra, dolasci i polasci iz luke","og_description":"Trajektna luka Sobra nalazi se otprilike 2 km od grada Sobre u maloj prekrasnoj uvali na otoku Mljetu. To je ujedno i glavna oto\u010dna luka i mjesto na koje sti\u017eu svi trajekti. Tako\u0111er, tu se nalazi i Lu\u010dka uprava Mljet. Sobra je dobro povezana s ostalim dijelovima otoka i s nacionalnim parkom Mljet redovnim autobusnim [&hellip;] Continue reading...","og_url":"https:\/\/www.ferrycroatia.com\/hr\/trajektna-luka-sobra\/","og_site_name":"Trajekti Hrvatska","article_modified_time":"2021-04-08T13:24:00+00:00","og_image":[{"url":"https:\/\/ferrycroatia.com\/hr\/wp-content\/uploads\/2021\/01\/Sobra-ferry-terminal.jpg"}],"twitter_card":"summary_large_image","twitter_misc":{"Est. reading time":"1 minute"},"schema":{"@context":"https:\/\/schema.org","@graph":[{"@type":"WebPage","@id":"https:\/\/www.ferrycroatia.com\/hr\/trajektna-luka-sobra\/","url":"https:\/\/www.ferrycroatia.com\/hr\/trajektna-luka-sobra\/","name":"Trajektna luka Sobra, dolasci i polasci iz luke","isPartOf":{"@id":"https:\/\/www.ferrycroatia.com\/hr\/#website"},"datePublished":"2021-01-29T11:01:01+00:00","dateModified":"2021-04-08T13:24:00+00:00","breadcrumb":{"@id":"https:\/\/www.ferrycroatia.com\/hr\/trajektna-luka-sobra\/#breadcrumb"},"inLanguage":"en-US","potentialAction":[{"@type":"ReadAction","target":["https:\/\/www.ferrycroatia.com\/hr\/trajektna-luka-sobra\/"]}]},{"@type":"BreadcrumbList","@id":"https:\/\/www.ferrycroatia.com\/hr\/trajektna-luka-sobra\/#breadcrumb","itemListElement":[{"@type":"ListItem","position":1,"name":"Home","item":"https:\/\/www.ferrycroatia.com\/hr\/"},{"@type":"ListItem","position":2,"name":"Trajektna luka Sobra"}]},{"@type":"WebSite","@id":"https:\/\/www.ferrycroatia.com\/hr\/#website","url":"https:\/\/www.ferrycroatia.com\/hr\/","name":"Trajekti Hrvatska","description":"Vozni red za sve trajekte i katamarane u Hrvatskoj","potentialAction":[{"@type":"SearchAction","target":{"@type":"EntryPoint","urlTemplate":"https:\/\/www.ferrycroatia.com\/hr\/?s={search_term_string}"},"query-input":"required name=search_term_string"}],"inLanguage":"en-US"}]}},"_links":{"self":[{"href":"https:\/\/www.ferrycroatia.com\/hr\/wp-json\/wp\/v2\/pages\/1451"}],"collection":[{"href":"https:\/\/www.ferrycroatia.com\/hr\/wp-json\/wp\/v2\/pages"}],"about":[{"href":"https:\/\/www.ferrycroatia.com\/hr\/wp-json\/wp\/v2\/types\/page"}],"author":[{"embeddable":true,"href":"https:\/\/www.ferrycroatia.com\/hr\/wp-json\/wp\/v2\/users\/5"}],"replies":[{"embeddable":true,"href":"https:\/\/www.ferrycroatia.com\/hr\/wp-json\/wp\/v2\/comments?post=1451"}],"version-history":[{"count":4,"href":"https:\/\/www.ferrycroatia.com\/hr\/wp-json\/wp\/v2\/pages\/1451\/revisions"}],"predecessor-version":[{"id":2153,"href":"https:\/\/www.ferrycroatia.com\/hr\/wp-json\/wp\/v2\/pages\/1451\/revisions\/2153"}],"wp:attachment":[{"href":"https:\/\/www.ferrycroatia.com\/hr\/wp-json\/wp\/v2\/media?parent=1451"}],"curies":[{"name":"wp","href":"https:\/\/api.w.org\/{rel}","templated":true}]}}