{"id":1454,"date":"2021-01-29T11:03:58","date_gmt":"2021-01-29T11:03:58","guid":{"rendered":"https:\/\/ferrycroatia.com\/hr\/?page_id=1454"},"modified":"2024-06-07T12:58:15","modified_gmt":"2024-06-07T10:58:15","slug":"trajektna-luka-split","status":"publish","type":"page","link":"https:\/\/www.ferrycroatia.com\/hr\/trajektna-luka-split\/","title":{"rendered":"Trajektna luka Split"},"content":{"rendered":"\n<p><strong>Split je drugi najve\u0107i grad u Hrvatskoj <\/strong>i najve\u0107i grad na jadranskoj obali, a smatra se glavnim gradom Dalmacije. <strong>Trajektna luka u Splitu glavna je putni\u010dka luka<\/strong> u cijeloj Hrvatskoj i stoga je dobro povezana s mnogim hrvatskim otocima, pa \u010dak i Italijom. <\/p>\n\n\n\n<p><strong>Osim trajektnih postoje i brojne katamaranske linije<\/strong> koje Split povezuju s otocima. Trajektna luka u Splitu nalazi se samo nekoliko minuta od <strong>uzbudljive povijesne gradske jezgre<\/strong> gdje mo\u017eete u\u017eivati \u200b\u200bu obilasku <strong>Dioklecijanove pala\u010de<\/strong>. Nalazi se u blizini nekih od poznatijih pla\u017ea, poput pla\u017ee <strong>Ba\u010dvice<\/strong>. <\/p>\n\n\n\n<p>Glavni autobusni i \u017eeljezni\u010dki kolodvor <strong>nalaze se nasuprot trajektne luke<\/strong>, \u0161to odli\u010dno povezuje Split s ostalim europskim i hrvatskim gradovima.<\/p>\n\n\n\n<h3>Kako do\u0107i do trajektne luke u Splitu<\/h3>\n\n\n\n<p>Ako odsjedate u Splitu i ako \u017eelite posjetiti<strong> otoke Bra\u010d, \u0160oltu, Hvar, Kor\u010dulu, Vis i druge, ispod mo\u017eete prona\u0107i informacije<\/strong> o tome kako iz nekih popularnih dijelova grada mo\u017eete do\u0107i do trajektne luke.<\/p>\n\n\n\n<p>Ako odsjedate u starom dijelu grada, jedini na\u010din da do\u0111ete do trajektnog terminala je pje\u0161ice (nekih 10-15 minuta) jer su <strong>automobili zabranjeni na prostoru Dioklecijanove pala\u010de<\/strong>.<\/p>\n\n\n\n<p>Ako odsjedate u Velom Varo\u0161u, <strong>situacija je vrlo sli\u010dna<\/strong>. <strong>Riva je glavno \u0161etali\u0161te uz more izme\u0111u Varo\u0161a i trajektne luke<\/strong> te su na njoj tako\u0111er zabranjeni automobili. Dakle, <strong>morat \u0107ete se pro\u0161etati (20-25 minuta)<\/strong> ili naru\u010diti taksi do kraja \u0161etnice. <strong>Cijena je oko nekih 60-70 kn (8-9 eura)<\/strong> jer taksi mora i\u0107i sve do centra kako bi do\u0161ao do trajektne luke.<\/p>\n\n\n\n<p>Ako odsjedate na Ba\u010dvicama, t<strong>rajektna luka se nalazi vrlo blizu<\/strong>. Ako imate prtljage, najjednostavnije je naru\u010diti taksi do <strong>trajektne luke<\/strong> (cijena ne\u0107e biti visoka jer se ne radi o velikoj udaljenosti). <strong>Glavnom cestom pored Ba\u010dvica prolazi mnogo lokalnih autobusnih linija <\/strong>(brojevi 3, 8, 60, 25 itd.), A ve\u0107ina ide do pazara koji se nalazi tek nekoliko minuta od trajektne luke.<\/p>\n\n\n\n<figure class=\"wp-block-image size-full\"><img decoding=\"async\" loading=\"lazy\" width=\"1024\" height=\"576\" data-src=\"https:\/\/www.ferrycroatia.com\/hr\/wp-content\/uploads\/2024\/06\/Trajektna-luka-Split.webp\" alt=\"Trajektna luka Split\" class=\"wp-image-3952\" data-srcset=\"https:\/\/www.ferrycroatia.com\/hr\/wp-content\/uploads\/2024\/06\/Trajektna-luka-Split.webp 1024w, https:\/\/www.ferrycroatia.com\/hr\/wp-content\/uploads\/2024\/06\/Trajektna-luka-Split-300x169.webp 300w, https:\/\/www.ferrycroatia.com\/hr\/wp-content\/uploads\/2024\/06\/Trajektna-luka-Split-768x432.webp 768w\" sizes=\"(max-width: 1024px) 100vw, 1024px\" \/><figcaption class=\"wp-element-caption\">Trajektna luka Split<\/figcaption><\/figure>\n\n\n\n<p><strong>Ako odsjedate na Mejama<\/strong> <strong>i imate prtljagu bilo bi mudro naru\u010diti taksi<\/strong> od apartmana\/hotela do trajektne luke. Do trajektne luke mo\u017eete do\u0107i i <strong>autobusnim linijama broj 12 ili 21 (ovisno gdje na Mejama odsjedate)<\/strong> koje se zaustavljaju na autobusnoj stanici <strong>na kraju rive<\/strong>. Zatim mo\u017eete taksijem do trajektne luke (dr\u017eite na umu kako automobili nisu dozvoljeni na rivi) ili pje\u0161ice (15 minuta).<\/p>\n\n\n\n<p>Cijena karte za gradske autobusne linije je nekih 11 kn = 1,5 eura, ako je kupite u autobusu.<\/p>\n\n\n\n<p>Ako odsjedate u <strong>Omi\u0161u, Podstrani ili Stobre\u010du<\/strong>, autobusnom linijom broj 60 mo\u017eete do\u0107i do pazara koji se nalazi <strong>tek nekoliko minuta od trajektne luke<\/strong>. Cijena karte od Omi\u0161a ko\u0161ta iznosi oko 20 kn = 2,5 eura, a od Podstrane i Stobre\u010da iznosi ne\u0161to manje.<\/p>\n\n\n\n<p>Ako odsjedate u Trogiru, najbolji na\u010din je da direktnim autobusom do\u0111ete <strong>do glavnog autobusnog kolodvora u Splitu (preko puta trajektne luke)<\/strong>. Cijena karte je oko 20-30 kn (3-4 eura).<\/p>\n\n\n\n<p><strong>Tako\u0111er mo\u017eete i autobusnom linijom broj 37<\/strong> koja prolazi kroz sela uz obalu (Ka\u0161tela). <strong>Autobus se zaustavlja na autobusnom kolodvoru SUKOI\u0160AN<\/strong> koji je malo udaljen od centra (ne na glavnom autobusnom kolodvoru!), zatim od tamo mo\u017eete autobusnom linijom broj 60 do pazara.<\/p>\n\n\n\n<p>Sve autobusne linije <strong>prometuju od ranog jutra do kasno nave\u010der i to prili\u010dno \u010desto<\/strong>. Dr\u017eite na umu kako su karte malo jeftinije ako se kupe na kiosku.<\/p>\n\n\n\n<p>Ako dolazite iz smjera Trogira, Omi\u0161a, Podstrane, Stobre\u010da itd., mo\u017eete <strong>organizirati i privatni transfer<\/strong>.<\/p>\n\n\n\n<p>U nastavku pogledajte moj vodi\u010d kroz Trajektnu luku Split:<\/p>\n\n\n\n<div style=\"position: relative; overflow: hidden; padding-top: 56.25%; width: 100%;\">\n    <iframe src=\"https:\/\/www.youtube.com\/embed\/Yu2g3VCBj28?si=XTAmT8W2YXLgg9v8\" title=\"Split Ferry Port\" frameborder=\"0\" style=\"position: absolute; top: 0; left: 0; width: 100%; height: 100%;\" allow=\"accelerometer; autoplay; clipboard-write; encrypted-media; gyroscope; picture-in-picture; web-share\" referrerpolicy=\"strict-origin-when-cross-origin\" allowfullscreen=\"\" loading=\"lazy\">\n    <\/iframe>\n<\/div>\n\n\n\n<p>Zra\u010dna luka Split nalazi se nekih<strong> 25 km od splitske trajektne luke<\/strong>. Nakon \u0161to sletite, do Splita mo\u017eete do\u0107i <a href=\"https:\/\/getbytransfer.com\/en\/split-airport-split\">unaprijed rezerviranim transferom<\/a> (koji \u0107e vas ko\u0161tati oko 32 eura), naru\u010diti taksi (koji \u0107e vas odvesti direktno do trajektne luke po cijeni oko 45 eura), na raspolaganju imate i autobuse zra\u010dne luke koji<strong> voze od zra\u010dne luke do Splita<\/strong>. Direktne autobusne linije zaustavljaju se na glavnom autobusnom kolodvoru koji se nalazi preko puta puta trajektne luke. <strong>Cijena jednosmjerne karte oko 35 kn = 5 eura<\/strong>.<\/p>\n\n\n\n<p><strong>NOVO:<\/strong> Sada je mogu\u0107e putovati i brzim trajektom od zra\u010dne luke do centra Splita, \u0161to je nevjerojatan na\u010din za do\u0107i u Split. Ovdje mo\u017eete prona\u0107i vozni red <a href=\"https:\/\/ferrycroatia.com\/hr\/zracna-luka-split-split\/\">od zra\u010dne luke do Splita<\/a>, a ovdje i vozni red <a href=\"https:\/\/ferrycroatia.com\/hr\/split-zracna-luka-split\/\">od Splita do zra\u010dne luke<\/a>.<\/p>\n\n\n\n<p>Na raspolaganju vam je i <strong>autobusna linija broj 37 koji prolazi kroz sela uz obalu (Ka\u0161tela)<\/strong>. Autobus se zaustavlja na autobusnom kolodvoru SUKOI\u0160AN koji je malo udaljen od centra (ne na glavnom autobusnom kolodvoru!), zatim od tamo mo\u017eete autobusnom linijom broj 60 do pazara. <strong>Cijena karte je nekih 27 kuna = ne\u0161to manje od 4 eura<\/strong>.<\/p>\n\n\n\n<p>Autobus se zaustavlja malo izvan centra na autobusnom kolodvoru SUKOI\u0160AN (ne glavnom autobusnom kolodvoru!), Pa je odatle najbolje usko\u010diti u autobus broj 60 i iza\u0107i na tr\u017enici (nekoliko minuta od trajektnog terminala). Ulaznica za autobus broj 37 iznosi oko 27 kn = ne\u0161to manje od 4 eura.<\/p>\n\n\n\n<p>No, ako \u017eelite do\u0107i do trajektne luke, ovaj autobus nije najidealnija opcija, stoga vam toplo savjetujemo da koristtie <strong>direktni autobus zra\u010dne luke<\/strong> koji \u0107e vas odvesti do glavnog autobusnog kolodvora, nasuprot trajektne luke.<\/p>\n\n\n\n<p>\u017delite li saznati vi\u0161e <strong>o prijevozu<\/strong> od zra\u010dne luke do trajektne luke, <a href=\"https:\/\/getbybus.com\/hr\/blog\/autobus-zracna-luka-split\/\">kliknite ovdje<\/a>.<\/p>\n\n\n\n<h3>Kako do Trajektne luke Split iz drugih gradova<\/h3>\n\n\n\n<p>Split je redovnim i sezonskim autobusnim linijama vrlo dobro povezan s ve\u0107inom hrvatskih i nekim europskim destinacijama. <strong>Kao \u0161to je ve\u0107 spomenuto, glavni autobusni kolodvor u Splitu<\/strong> nalazi se preko puta trajektne luke.<\/p>\n\n\n\n<p>Kako biste vidjeli gdje se to\u010dno nalazi, slijedite ovu poveznicu: <a href=\"https:\/\/getbybus.com\/hr\/autobus-split\">https:\/\/getbybus.com\/hr\/autobus-split<\/a>&nbsp;<\/p>\n\n\n\n<p>Ukoliko putujete automobilom, \u010dim u\u0111ete u Split, <strong>bilo sa sjevera ili juga<\/strong>, autocestom ili obalnom cestom, vidjet \u0107ete znak za centar grada i trajektnu luku. Sve \u0161to trebate je slijediti znakove koji \u0107e vas odvesti izravno trajektne luke.<\/p>\n\n\n\n<h3>\u0160to se nalazi u blizini luke Split<\/h3>\n\n\n\n<p>Kao \u0161to sam ve\u0107 spomenuo,<strong> rije\u010d je o jednoj od najve\u0107ih hrvatskih luka koja se nalazi gotovo u samom centru grada<\/strong> i glavnog \u0161etali\u0161ta (riva), pa je o\u010dito da tu ili u blizini mo\u017eete prona\u0107i razli\u010dite vrste sadr\u017eaja. U trajektnoj luci mo\u017eete prona\u0107i nekoliko \u0161altera za karte, po\u0161tu, nekoliko bankomata, razli\u010dite vrste trgovina, \u0161tandove sa suvenirima i ostalim<strong> rekvizitima za pla\u017eu, barove, restorane, \u0161tandove brze hrane<\/strong> itd. Ako vam je potrebno ne\u0161to drugo, uvijek <strong>mo\u017eete pro\u0161etati do centra grada<\/strong> gdje mo\u017eete prona\u0107i sve potrebno.<\/p>\n\n\n\n<h3>Adresa trajektne luke u Splitu<\/h3>\n\n\n\n<ul>\n<li>Gat Svetog Duje 1<\/li>\n\n\n\n<li>21000 Split<\/li>\n\n\n\n<li><strong>GPS koordinate:<\/strong> 43. 502910, 16.440749<\/li>\n<\/ul>\n\n\n\n<figure class=\"wp-block-image size-full\"><img decoding=\"async\" loading=\"lazy\" width=\"800\" height=\"457\" data-src=\"https:\/\/www.ferrycroatia.com\/hr\/wp-content\/uploads\/2024\/06\/Trajektna-luka-Split-mapa.webp\" alt=\"Trajektna luka Split map\" class=\"wp-image-3953\" data-srcset=\"https:\/\/www.ferrycroatia.com\/hr\/wp-content\/uploads\/2024\/06\/Trajektna-luka-Split-mapa.webp 800w, https:\/\/www.ferrycroatia.com\/hr\/wp-content\/uploads\/2024\/06\/Trajektna-luka-Split-mapa-300x171.webp 300w, https:\/\/www.ferrycroatia.com\/hr\/wp-content\/uploads\/2024\/06\/Trajektna-luka-Split-mapa-768x439.webp 768w\" sizes=\"(max-width: 800px) 100vw, 800px\" \/><\/figure>\n\n\n\n<h3>Katamaranske, brodske i trajektne linije iz Splita<\/h3>\n\n\n\n<p><strong>Trajektne linije iz Splita:<\/strong><\/p>\n\n\n\n<p>\u2192 Split \u2013 Supetar (Bra\u010d)<\/p>\n\n\n\n<p>\u2192 Split \u2013 Stari Grad (Hvar)<\/p>\n\n\n\n<p>\u2192 Split \u2013 Roga\u010d (\u0160olta)<\/p>\n\n\n\n<p>\u2192 Split \u2013 Vis<\/p>\n\n\n\n<p>\u2192 Split \u2013 Vela Luka (Kor\u010dula) \u2013 Ubli (Lastovo)<\/p>\n\n\n\n<p>\u2192 Split \u2013 Trogir \u2013 Seget Donji \u2013 Drvenik Mali \u2013 Drvenik Veliki<\/p>\n\n\n\n<p>\u2192 Split \u2013 Ancona<\/p>\n\n\n\n<p>\u2192 Split \u2013 Ancona (SNAV)<\/p>\n\n\n\n<p>\u2192 Split \u2013 Stari Grad (Hvar) \u2013 Ancona<\/p>\n\n\n\n<p><strong>Katamaranske linije iz Splita:<\/strong><\/p>\n\n\n\n<p>\u2192 Split \u2013 Milna (Bra\u010d) \u2013 Hvar<\/p>\n\n\n\n<p>\u2192 Split \u2013 Hvar&nbsp; \u2013 Kor\u010dula<\/p>\n\n\n\n<p>\u2192 Split \u2013 Hvar&nbsp; \u2013 Vela Luka (Kor\u010dula) \u2013 Ubli (Lastovo)<\/p>\n\n\n\n<p>\u2192 Split \u2013 Hvar&nbsp; \u2013 Prigradica (Kor\u010dula) \u2013 Kor\u010dula<\/p>\n\n\n\n<p>\u2192 Split \u2013 Bol (Bra\u010d) \u2013 Jelsa (Hvar)<\/p>\n\n\n\n<p>\u2192 Split \u2013 Roga\u010d (\u0160olta)<\/p>\n\n\n\n<p>\u2192 Split \u2013 Milna (Bra\u010d) \u2013 Hvar \u2013 Kor\u010dula&nbsp; \u2013 Mljet \u2013 Dubrovnik<\/p>\n\n\n\n<p>\u2192 Split \u2013 Milna \u2013 Hvar (town) \u2013 Vis<\/p>\n\n\n\n<p>\u2192 Split \u2013 Bra\u010d (Bol) \u2013 Makarska \u2013 Kor\u010dula \u2013 Mljet (Sobra) \u2013 Dubrovnik<\/p>\n\n\n\n<p><strong>Ostale linije iz Splita:<\/strong><\/p>\n\n\n\n<p>\u2192 Split \u2013 Trogir \u2013 Seget Donji \u2013 Drvenik Mali \u2013 Drvenik Veliki (brod)<\/p>\n\n\n\n<p>\u2192 Split \u2013 Slatine (\u010ciovo) \u2013 Trogir (brod)<\/p>\n\n\n\n<h2 class=\"has-medium-font-size\">Trajektna luka Split &#8211; naj\u010de\u0161\u0107a pitanja<\/h2>\n\n\n\n<p><strong>Odakle polaze trajekti u Splitu?<br><\/strong>Svi trajekti polaze iz splitske luke (Trajektna luka Split), koja se nalazi u centru grada. Ne mo\u017eete je proma\u0161iti jer je luka prili\u010dno velika.<\/p>\n\n\n\n<p><strong>Koliko trajektnih luka ima Split?<br><\/strong>Split ima jednu trajektnu luku koja ima 25 vezova. Luka je smje\u0161tena u centru grada pored glavnog autobusnog i \u017eeljezni\u010dkog kolodvora.<\/p>\n\n\n\n<p><strong>Koliko rano trebam do\u0107i u splitsku luku?<br><\/strong>To ovisi o sljede\u0107im faktorima: 1. Putujete li pje\u0161ice ili automobilom 2. U koje doba godine putujete? Ako putujete tijekom ljetne sezone pje\u0161ice, trebali biste biti u luci 30 minuta prije polaska, a ako putujete automobilom, minimalno 1 sat prije. U zimskom razdoblju dovoljno je do\u0107i 15-20 minuta prije polaska.<\/p>\n\n\n\n<p><strong>Gdje se nalazi trajektna luka u Splitu?<br><\/strong>Trajektni terminal nalazi se u centru grada, pored autobusnog i \u017eeljezni\u010dkog kolodvora. Ako dolazite u Split automobilom, postoje znakovi koje mo\u017eete slijediti do luke.<\/p>\n\n\n\n<h3><strong>Abecedni popis voznih redova:<\/strong><\/h3>\n\n\n\n<figure class=\"wp-block-table\"><table><tbody><tr><td><a href=\"https:\/\/ferrycroatia.com\/hr\/split-ancona\/\">Split \u2013 Ancona<\/a><\/td><td><a href=\"https:\/\/ferrycroatia.com\/hr\/split-bol\/\">Split \u2013 Bol<\/a><\/td><td><a href=\"https:\/\/ferrycroatia.com\/hr\/split-drvenik-mali\/\">Split \u2013 Drvenik Mali<\/a><\/td><\/tr><tr><td><a href=\"https:\/\/ferrycroatia.com\/hr\/split-drvenik-veli\/\">Split \u2013 Drvenik Veliki<\/a><\/td><td><a href=\"https:\/\/ferrycroatia.com\/hr\/split-dubrovnik\/\">Split \u2013 Dubrovnik<\/a><\/td><td><a href=\"https:\/\/ferrycroatia.com\/hr\/split-jelsa\/\">Split \u2013 Jelsa<\/a><\/td><\/tr><tr><td><a href=\"https:\/\/ferrycroatia.com\/hr\/split-korcula\/\">Split \u2013 Kor\u010dula<\/a><\/td><td><a href=\"https:\/\/ferrycroatia.com\/hr\/split-makarska\/\">Split \u2013 Makarska<\/a><\/td><td><a href=\"https:\/\/ferrycroatia.com\/hr\/split-milna\/\">Split \u2013 Milna<\/a><\/td><\/tr><tr><td><a href=\"https:\/\/ferrycroatia.com\/hr\/split-sobra\/\">Split \u2013 Mljet<\/a><\/td><td><a href=\"https:\/\/ferrycroatia.com\/hr\/split-rogac\/\">Split \u2013 Roga\u010d<\/a><\/td><td><a href=\"https:\/\/ferrycroatia.com\/hr\/split-seget-donji\/\">Split \u2013 Seget Donji<\/a><\/td><\/tr><tr><td>Split \u2013 Slatine<\/td><td><a href=\"https:\/\/ferrycroatia.com\/hr\/split-stari-grad\/\">Split \u2013 Stari Grad<\/a><\/td><td><a href=\"https:\/\/ferrycroatia.com\/hr\/split-supetar\/\">Split \u2013 Supetar<\/a><\/td><\/tr><tr><td><a href=\"https:\/\/ferrycroatia.com\/hr\/split-trogir\/\">Split \u2013 Trogir<\/a><\/td><td><a href=\"https:\/\/ferrycroatia.com\/hr\/split-ubli\/\">Split \u2013 Ubli<\/a><\/td><td><a href=\"https:\/\/ferrycroatia.com\/hr\/split-vela-luka\/\">Split \u2013 Vela Luka<\/a><\/td><\/tr><tr><td><a href=\"https:\/\/ferrycroatia.com\/hr\/split-vis\/\">Split \u2013 Vis<\/a><\/td><td><a href=\"https:\/\/ferrycroatia.com\/hr\/split-hvar\/\">Split-Hvar<\/a><\/td><td><a href=\"https:\/\/ferrycroatia.com\/hr\/split-zadar\/\">Split \u2013 Zadar<\/a><\/td><\/tr><\/tbody><\/table><\/figure>\n\n\n\n<h3>Karta Splitske luke (vezovi i prodajna mjesta karata)<\/h3>\n\n\n\n<p>Ispod se nalazi karta Splitske luke, katamaran obi\u010dno polazi i dolazi na vez broj 6 (6a, 6b, 6c) i (11a, 11b, 11c), brojevi 6 i 11 na karti ozna\u010deni su plavom bojom, a prodajna mjesta nara\u010danstim brojem 4.<\/p>\n\n\n\n<figure class=\"wp-block-image size-full\"><img decoding=\"async\" loading=\"lazy\" width=\"768\" height=\"1024\" data-src=\"https:\/\/www.ferrycroatia.com\/hr\/wp-content\/uploads\/2024\/06\/Karta-splitske-trajektne-luke.webp\" alt=\"Karta splitske trajektne luke\" class=\"wp-image-3954\" data-srcset=\"https:\/\/www.ferrycroatia.com\/hr\/wp-content\/uploads\/2024\/06\/Karta-splitske-trajektne-luke.webp 768w, https:\/\/www.ferrycroatia.com\/hr\/wp-content\/uploads\/2024\/06\/Karta-splitske-trajektne-luke-225x300.webp 225w\" sizes=\"(max-width: 768px) 100vw, 768px\" \/><\/figure>\n\n\n\n<p>Tekst i savjete za putovanja napisao\u00a0<a href=\"https:\/\/www.ferrycroatia.com\/hr\/morten-smalby\/\">Morten Smalby<\/a>\u00a0\u2013 zaljubljenik u putovanja koji \u017eivi u Splitu, u Hrvatskoj.<\/p>\n","protected":false},"excerpt":{"rendered":"<p>Split je drugi najve\u0107i grad u Hrvatskoj i najve\u0107i grad na jadranskoj obali, a smatra se glavnim gradom Dalmacije. Trajektna luka u Splitu glavna je putni\u010dka luka u cijeloj Hrvatskoj i stoga je dobro povezana s mnogim hrvatskim otocima, pa \u010dak i Italijom. Osim trajektnih postoje i brojne katamaranske linije koje Split povezuju s otocima. [&hellip;]<\/p>\n<p><a class=\"more-link\" href=\"https:\/\/www.ferrycroatia.com\/hr\/trajektna-luka-split\/\"> Continue reading&#8230;<\/a><\/p>\n","protected":false},"author":5,"featured_media":1455,"parent":0,"menu_order":0,"comment_status":"closed","ping_status":"closed","template":"","meta":[],"yoast_head":"<!-- This site is optimized with the Yoast SEO plugin v19.8 - https:\/\/yoast.com\/wordpress\/plugins\/seo\/ -->\n<title>Trajektna luka Split, dolasci i polasci iz luke<\/title>\n<meta name=\"description\" content=\"Trajektna luk Split - sve aktualne informacije potrebne za putovanje katamaranom ili trajektom iz Splita na jednom mjestu!\" \/>\n<meta name=\"robots\" content=\"index, follow, max-snippet:-1, max-image-preview:large, max-video-preview:-1\" \/>\n<link rel=\"canonical\" href=\"https:\/\/www.ferrycroatia.com\/hr\/trajektna-luka-split\/\" \/>\n<meta property=\"og:locale\" content=\"en_US\" \/>\n<meta property=\"og:type\" content=\"article\" \/>\n<meta property=\"og:title\" content=\"Trajektna luka Split, dolasci i polasci iz luke\" \/>\n<meta property=\"og:description\" content=\"Trajektna luk Split - sve aktualne informacije potrebne za putovanje katamaranom ili trajektom iz Splita na jednom mjestu!\" \/>\n<meta property=\"og:url\" content=\"https:\/\/www.ferrycroatia.com\/hr\/trajektna-luka-split\/\" \/>\n<meta property=\"og:site_name\" content=\"Trajekti Hrvatska\" \/>\n<meta property=\"article:modified_time\" content=\"2024-06-07T10:58:15+00:00\" \/>\n<meta property=\"og:image\" content=\"https:\/\/www.ferrycroatia.com\/hr\/wp-content\/uploads\/2021\/01\/Split-ferry-port.jpg\" \/>\n\t<meta property=\"og:image:width\" content=\"1024\" \/>\n\t<meta property=\"og:image:height\" content=\"576\" \/>\n\t<meta property=\"og:image:type\" content=\"image\/jpeg\" \/>\n<meta name=\"twitter:card\" content=\"summary_large_image\" \/>\n<meta name=\"twitter:label1\" content=\"Est. reading time\" \/>\n\t<meta name=\"twitter:data1\" content=\"7 minutes\" \/>\n<script type=\"application\/ld+json\" class=\"yoast-schema-graph\">{\"@context\":\"https:\/\/schema.org\",\"@graph\":[{\"@type\":\"WebPage\",\"@id\":\"https:\/\/www.ferrycroatia.com\/hr\/trajektna-luka-split\/\",\"url\":\"https:\/\/www.ferrycroatia.com\/hr\/trajektna-luka-split\/\",\"name\":\"Trajektna luka Split, dolasci i polasci iz luke\",\"isPartOf\":{\"@id\":\"https:\/\/www.ferrycroatia.com\/hr\/#website\"},\"datePublished\":\"2021-01-29T11:03:58+00:00\",\"dateModified\":\"2024-06-07T10:58:15+00:00\",\"description\":\"Trajektna luk Split - sve aktualne informacije potrebne za putovanje katamaranom ili trajektom iz Splita na jednom mjestu!\",\"breadcrumb\":{\"@id\":\"https:\/\/www.ferrycroatia.com\/hr\/trajektna-luka-split\/#breadcrumb\"},\"inLanguage\":\"en-US\",\"potentialAction\":[{\"@type\":\"ReadAction\",\"target\":[\"https:\/\/www.ferrycroatia.com\/hr\/trajektna-luka-split\/\"]}]},{\"@type\":\"BreadcrumbList\",\"@id\":\"https:\/\/www.ferrycroatia.com\/hr\/trajektna-luka-split\/#breadcrumb\",\"itemListElement\":[{\"@type\":\"ListItem\",\"position\":1,\"name\":\"Home\",\"item\":\"https:\/\/www.ferrycroatia.com\/hr\/\"},{\"@type\":\"ListItem\",\"position\":2,\"name\":\"Trajektna luka Split\"}]},{\"@type\":\"WebSite\",\"@id\":\"https:\/\/www.ferrycroatia.com\/hr\/#website\",\"url\":\"https:\/\/www.ferrycroatia.com\/hr\/\",\"name\":\"Trajekti Hrvatska\",\"description\":\"Vozni red za sve trajekte i katamarane u Hrvatskoj\",\"potentialAction\":[{\"@type\":\"SearchAction\",\"target\":{\"@type\":\"EntryPoint\",\"urlTemplate\":\"https:\/\/www.ferrycroatia.com\/hr\/?s={search_term_string}\"},\"query-input\":\"required name=search_term_string\"}],\"inLanguage\":\"en-US\"}]}<\/script>\n<!-- \/ Yoast SEO plugin. -->","yoast_head_json":{"title":"Trajektna luka Split, dolasci i polasci iz luke","description":"Trajektna luk Split - sve aktualne informacije potrebne za putovanje katamaranom ili trajektom iz Splita na jednom mjestu!","robots":{"index":"index","follow":"follow","max-snippet":"max-snippet:-1","max-image-preview":"max-image-preview:large","max-video-preview":"max-video-preview:-1"},"canonical":"https:\/\/www.ferrycroatia.com\/hr\/trajektna-luka-split\/","og_locale":"en_US","og_type":"article","og_title":"Trajektna luka Split, dolasci i polasci iz luke","og_description":"Trajektna luk Split - sve aktualne informacije potrebne za putovanje katamaranom ili trajektom iz Splita na jednom mjestu!","og_url":"https:\/\/www.ferrycroatia.com\/hr\/trajektna-luka-split\/","og_site_name":"Trajekti Hrvatska","article_modified_time":"2024-06-07T10:58:15+00:00","og_image":[{"width":1024,"height":576,"url":"https:\/\/www.ferrycroatia.com\/hr\/wp-content\/uploads\/2021\/01\/Split-ferry-port.jpg","type":"image\/jpeg"}],"twitter_card":"summary_large_image","twitter_misc":{"Est. reading time":"7 minutes"},"schema":{"@context":"https:\/\/schema.org","@graph":[{"@type":"WebPage","@id":"https:\/\/www.ferrycroatia.com\/hr\/trajektna-luka-split\/","url":"https:\/\/www.ferrycroatia.com\/hr\/trajektna-luka-split\/","name":"Trajektna luka Split, dolasci i polasci iz luke","isPartOf":{"@id":"https:\/\/www.ferrycroatia.com\/hr\/#website"},"datePublished":"2021-01-29T11:03:58+00:00","dateModified":"2024-06-07T10:58:15+00:00","description":"Trajektna luk Split - sve aktualne informacije potrebne za putovanje katamaranom ili trajektom iz Splita na jednom mjestu!","breadcrumb":{"@id":"https:\/\/www.ferrycroatia.com\/hr\/trajektna-luka-split\/#breadcrumb"},"inLanguage":"en-US","potentialAction":[{"@type":"ReadAction","target":["https:\/\/www.ferrycroatia.com\/hr\/trajektna-luka-split\/"]}]},{"@type":"BreadcrumbList","@id":"https:\/\/www.ferrycroatia.com\/hr\/trajektna-luka-split\/#breadcrumb","itemListElement":[{"@type":"ListItem","position":1,"name":"Home","item":"https:\/\/www.ferrycroatia.com\/hr\/"},{"@type":"ListItem","position":2,"name":"Trajektna luka Split"}]},{"@type":"WebSite","@id":"https:\/\/www.ferrycroatia.com\/hr\/#website","url":"https:\/\/www.ferrycroatia.com\/hr\/","name":"Trajekti Hrvatska","description":"Vozni red za sve trajekte i katamarane u Hrvatskoj","potentialAction":[{"@type":"SearchAction","target":{"@type":"EntryPoint","urlTemplate":"https:\/\/www.ferrycroatia.com\/hr\/?s={search_term_string}"},"query-input":"required name=search_term_string"}],"inLanguage":"en-US"}]}},"_links":{"self":[{"href":"https:\/\/www.ferrycroatia.com\/hr\/wp-json\/wp\/v2\/pages\/1454"}],"collection":[{"href":"https:\/\/www.ferrycroatia.com\/hr\/wp-json\/wp\/v2\/pages"}],"about":[{"href":"https:\/\/www.ferrycroatia.com\/hr\/wp-json\/wp\/v2\/types\/page"}],"author":[{"embeddable":true,"href":"https:\/\/www.ferrycroatia.com\/hr\/wp-json\/wp\/v2\/users\/5"}],"replies":[{"embeddable":true,"href":"https:\/\/www.ferrycroatia.com\/hr\/wp-json\/wp\/v2\/comments?post=1454"}],"version-history":[{"count":5,"href":"https:\/\/www.ferrycroatia.com\/hr\/wp-json\/wp\/v2\/pages\/1454\/revisions"}],"predecessor-version":[{"id":3956,"href":"https:\/\/www.ferrycroatia.com\/hr\/wp-json\/wp\/v2\/pages\/1454\/revisions\/3956"}],"wp:featuredmedia":[{"embeddable":true,"href":"https:\/\/www.ferrycroatia.com\/hr\/wp-json\/wp\/v2\/media\/1455"}],"wp:attachment":[{"href":"https:\/\/www.ferrycroatia.com\/hr\/wp-json\/wp\/v2\/media?parent=1454"}],"curies":[{"name":"wp","href":"https:\/\/api.w.org\/{rel}","templated":true}]}}