{"id":1459,"date":"2021-01-29T11:11:08","date_gmt":"2021-01-29T11:11:08","guid":{"rendered":"https:\/\/ferrycroatia.com\/hr\/?page_id=1459"},"modified":"2021-04-08T15:39:44","modified_gmt":"2021-04-08T13:39:44","slug":"trajektna-luka-stinica","status":"publish","type":"page","link":"https:\/\/www.ferrycroatia.com\/hr\/trajektna-luka-stinica\/","title":{"rendered":"Trajektna luka Stinica"},"content":{"rendered":"\n<p>Stinica je malo mjesto koje se nalazi nekih<strong> 40 km od povijesnog grada Senja<\/strong>. Trajektna luka Stinica smje\u0161tena je u zaljevu, u blizini centra grada i glavne \u0161etnice (<strong>oko 1,5 km dalje<\/strong>).<\/p>\n\n\n\n<h3>Kako do\u0107i do luke Stinica<\/h3>\n\n\n\n<p>Ako odsjedate u centru Stinica, trajektna luka nalazi se nekih 1,5 km dalje. Ako imate puno prtljage, mo\u017eete pitati svog stanodavca mo\u017ee li vas odvesti\/pokupiti u trajektnoj luci ili dogovoriti to s nekim drugim.<\/p>\n\n\n\n<h3>\u0160to se nalazi u blizini luke Stinica<\/h3>\n\n\n\n<p>Kao \u0161to je ve\u0107 spomenuto, Stinica je malo selo, a <strong>centar se nalazi nekih 1,5 km od trajektne luke<\/strong>. Ve\u0107ina usluga (bar, restoran, trgovina) nalaze se u centru, a u samoj trajektnoj luci nema puno sadr\u017eaja.&nbsp;<\/p>\n\n\n\n<h3>Adresa luke Stinica<\/h3>\n\n\n\n<ul><li>D105<\/li><li>53287 Stinica<\/li><li><strong>GPS koordinate: <\/strong>44.71939, 14.89089<\/li><\/ul>\n\n\n\n<figure class=\"wp-block-image size-large\"><img decoding=\"async\" loading=\"lazy\" width=\"800\" height=\"656\" data-src=\"https:\/\/ferrycroatia.com\/hr\/wp-content\/uploads\/2021\/01\/Stinica-1.jpg\" alt=\"Stinica trajektna luka\" class=\"wp-image-1461\" data-srcset=\"https:\/\/www.ferrycroatia.com\/hr\/wp-content\/uploads\/2021\/01\/Stinica-1.jpg 800w, https:\/\/www.ferrycroatia.com\/hr\/wp-content\/uploads\/2021\/01\/Stinica-1-300x246.jpg 300w, https:\/\/www.ferrycroatia.com\/hr\/wp-content\/uploads\/2021\/01\/Stinica-1-768x630.jpg 768w\" sizes=\"(max-width: 800px) 100vw, 800px\" \/><\/figure>\n\n\n\n<h3>Popis linija od i do Stinice<\/h3>\n\n\n\n<p>\u2192 Trajekt: Mi\u0161njak (Rab) \u2013 Stinica<\/p>\n\n\n\n<ul><li><a href=\"https:\/\/ferrycroatia.com\/hr\/stinica-rab\/\">Stinica \u2013 Mi\u0161njak<\/a><\/li><\/ul>\n","protected":false},"excerpt":{"rendered":"<p>Stinica je malo mjesto koje se nalazi nekih 40 km od povijesnog grada Senja. Trajektna luka Stinica smje\u0161tena je u zaljevu, u blizini centra grada i glavne \u0161etnice (oko 1,5 km dalje). Kako do\u0107i do luke Stinica Ako odsjedate u centru Stinica, trajektna luka nalazi se nekih 1,5 km dalje. Ako imate puno prtljage, mo\u017eete [&hellip;]<\/p>\n<p><a class=\"more-link\" href=\"https:\/\/www.ferrycroatia.com\/hr\/trajektna-luka-stinica\/\"> Continue reading&#8230;<\/a><\/p>\n","protected":false},"author":5,"featured_media":1460,"parent":0,"menu_order":0,"comment_status":"closed","ping_status":"closed","template":"","meta":[],"yoast_head":"<!-- This site is optimized with the Yoast SEO plugin v19.8 - https:\/\/yoast.com\/wordpress\/plugins\/seo\/ -->\n<title>Trajektna luka Stinica, dolasci i polasci iz luke<\/title>\n<meta name=\"robots\" content=\"index, follow, max-snippet:-1, max-image-preview:large, max-video-preview:-1\" \/>\n<link rel=\"canonical\" href=\"https:\/\/www.ferrycroatia.com\/hr\/trajektna-luka-stinica\/\" \/>\n<meta property=\"og:locale\" content=\"en_US\" \/>\n<meta property=\"og:type\" content=\"article\" \/>\n<meta property=\"og:title\" content=\"Trajektna luka Stinica, dolasci i polasci iz luke\" \/>\n<meta property=\"og:description\" content=\"Stinica je malo mjesto koje se nalazi nekih 40 km od povijesnog grada Senja. Trajektna luka Stinica smje\u0161tena je u zaljevu, u blizini centra grada i glavne \u0161etnice (oko 1,5 km dalje). Kako do\u0107i do luke Stinica Ako odsjedate u centru Stinica, trajektna luka nalazi se nekih 1,5 km dalje. Ako imate puno prtljage, mo\u017eete [&hellip;] Continue reading...\" \/>\n<meta property=\"og:url\" content=\"https:\/\/www.ferrycroatia.com\/hr\/trajektna-luka-stinica\/\" \/>\n<meta property=\"og:site_name\" content=\"Trajekti Hrvatska\" \/>\n<meta property=\"article:modified_time\" content=\"2021-04-08T13:39:44+00:00\" \/>\n<meta property=\"og:image\" content=\"https:\/\/www.ferrycroatia.com\/hr\/wp-content\/uploads\/2021\/01\/Stinica.jpg\" \/>\n\t<meta property=\"og:image:width\" content=\"1024\" \/>\n\t<meta property=\"og:image:height\" content=\"576\" \/>\n\t<meta property=\"og:image:type\" content=\"image\/jpeg\" \/>\n<meta name=\"twitter:card\" content=\"summary_large_image\" \/>\n<meta name=\"twitter:label1\" content=\"Est. reading time\" \/>\n\t<meta name=\"twitter:data1\" content=\"1 minute\" \/>\n<script type=\"application\/ld+json\" class=\"yoast-schema-graph\">{\"@context\":\"https:\/\/schema.org\",\"@graph\":[{\"@type\":\"WebPage\",\"@id\":\"https:\/\/www.ferrycroatia.com\/hr\/trajektna-luka-stinica\/\",\"url\":\"https:\/\/www.ferrycroatia.com\/hr\/trajektna-luka-stinica\/\",\"name\":\"Trajektna luka Stinica, dolasci i polasci iz luke\",\"isPartOf\":{\"@id\":\"https:\/\/www.ferrycroatia.com\/hr\/#website\"},\"datePublished\":\"2021-01-29T11:11:08+00:00\",\"dateModified\":\"2021-04-08T13:39:44+00:00\",\"breadcrumb\":{\"@id\":\"https:\/\/www.ferrycroatia.com\/hr\/trajektna-luka-stinica\/#breadcrumb\"},\"inLanguage\":\"en-US\",\"potentialAction\":[{\"@type\":\"ReadAction\",\"target\":[\"https:\/\/www.ferrycroatia.com\/hr\/trajektna-luka-stinica\/\"]}]},{\"@type\":\"BreadcrumbList\",\"@id\":\"https:\/\/www.ferrycroatia.com\/hr\/trajektna-luka-stinica\/#breadcrumb\",\"itemListElement\":[{\"@type\":\"ListItem\",\"position\":1,\"name\":\"Home\",\"item\":\"https:\/\/www.ferrycroatia.com\/hr\/\"},{\"@type\":\"ListItem\",\"position\":2,\"name\":\"Trajektna luka Stinica\"}]},{\"@type\":\"WebSite\",\"@id\":\"https:\/\/www.ferrycroatia.com\/hr\/#website\",\"url\":\"https:\/\/www.ferrycroatia.com\/hr\/\",\"name\":\"Trajekti Hrvatska\",\"description\":\"Vozni red za sve trajekte i katamarane u Hrvatskoj\",\"potentialAction\":[{\"@type\":\"SearchAction\",\"target\":{\"@type\":\"EntryPoint\",\"urlTemplate\":\"https:\/\/www.ferrycroatia.com\/hr\/?s={search_term_string}\"},\"query-input\":\"required name=search_term_string\"}],\"inLanguage\":\"en-US\"}]}<\/script>\n<!-- \/ Yoast SEO plugin. -->","yoast_head_json":{"title":"Trajektna luka Stinica, dolasci i polasci iz luke","robots":{"index":"index","follow":"follow","max-snippet":"max-snippet:-1","max-image-preview":"max-image-preview:large","max-video-preview":"max-video-preview:-1"},"canonical":"https:\/\/www.ferrycroatia.com\/hr\/trajektna-luka-stinica\/","og_locale":"en_US","og_type":"article","og_title":"Trajektna luka Stinica, dolasci i polasci iz luke","og_description":"Stinica je malo mjesto koje se nalazi nekih 40 km od povijesnog grada Senja. Trajektna luka Stinica smje\u0161tena je u zaljevu, u blizini centra grada i glavne \u0161etnice (oko 1,5 km dalje). Kako do\u0107i do luke Stinica Ako odsjedate u centru Stinica, trajektna luka nalazi se nekih 1,5 km dalje. Ako imate puno prtljage, mo\u017eete [&hellip;] Continue reading...","og_url":"https:\/\/www.ferrycroatia.com\/hr\/trajektna-luka-stinica\/","og_site_name":"Trajekti Hrvatska","article_modified_time":"2021-04-08T13:39:44+00:00","og_image":[{"width":1024,"height":576,"url":"https:\/\/www.ferrycroatia.com\/hr\/wp-content\/uploads\/2021\/01\/Stinica.jpg","type":"image\/jpeg"}],"twitter_card":"summary_large_image","twitter_misc":{"Est. reading time":"1 minute"},"schema":{"@context":"https:\/\/schema.org","@graph":[{"@type":"WebPage","@id":"https:\/\/www.ferrycroatia.com\/hr\/trajektna-luka-stinica\/","url":"https:\/\/www.ferrycroatia.com\/hr\/trajektna-luka-stinica\/","name":"Trajektna luka Stinica, dolasci i polasci iz luke","isPartOf":{"@id":"https:\/\/www.ferrycroatia.com\/hr\/#website"},"datePublished":"2021-01-29T11:11:08+00:00","dateModified":"2021-04-08T13:39:44+00:00","breadcrumb":{"@id":"https:\/\/www.ferrycroatia.com\/hr\/trajektna-luka-stinica\/#breadcrumb"},"inLanguage":"en-US","potentialAction":[{"@type":"ReadAction","target":["https:\/\/www.ferrycroatia.com\/hr\/trajektna-luka-stinica\/"]}]},{"@type":"BreadcrumbList","@id":"https:\/\/www.ferrycroatia.com\/hr\/trajektna-luka-stinica\/#breadcrumb","itemListElement":[{"@type":"ListItem","position":1,"name":"Home","item":"https:\/\/www.ferrycroatia.com\/hr\/"},{"@type":"ListItem","position":2,"name":"Trajektna luka Stinica"}]},{"@type":"WebSite","@id":"https:\/\/www.ferrycroatia.com\/hr\/#website","url":"https:\/\/www.ferrycroatia.com\/hr\/","name":"Trajekti Hrvatska","description":"Vozni red za sve trajekte i katamarane u Hrvatskoj","potentialAction":[{"@type":"SearchAction","target":{"@type":"EntryPoint","urlTemplate":"https:\/\/www.ferrycroatia.com\/hr\/?s={search_term_string}"},"query-input":"required name=search_term_string"}],"inLanguage":"en-US"}]}},"_links":{"self":[{"href":"https:\/\/www.ferrycroatia.com\/hr\/wp-json\/wp\/v2\/pages\/1459"}],"collection":[{"href":"https:\/\/www.ferrycroatia.com\/hr\/wp-json\/wp\/v2\/pages"}],"about":[{"href":"https:\/\/www.ferrycroatia.com\/hr\/wp-json\/wp\/v2\/types\/page"}],"author":[{"embeddable":true,"href":"https:\/\/www.ferrycroatia.com\/hr\/wp-json\/wp\/v2\/users\/5"}],"replies":[{"embeddable":true,"href":"https:\/\/www.ferrycroatia.com\/hr\/wp-json\/wp\/v2\/comments?post=1459"}],"version-history":[{"count":4,"href":"https:\/\/www.ferrycroatia.com\/hr\/wp-json\/wp\/v2\/pages\/1459\/revisions"}],"predecessor-version":[{"id":2161,"href":"https:\/\/www.ferrycroatia.com\/hr\/wp-json\/wp\/v2\/pages\/1459\/revisions\/2161"}],"wp:featuredmedia":[{"embeddable":true,"href":"https:\/\/www.ferrycroatia.com\/hr\/wp-json\/wp\/v2\/media\/1460"}],"wp:attachment":[{"href":"https:\/\/www.ferrycroatia.com\/hr\/wp-json\/wp\/v2\/media?parent=1459"}],"curies":[{"name":"wp","href":"https:\/\/api.w.org\/{rel}","templated":true}]}}