{"id":1463,"date":"2021-01-29T11:12:25","date_gmt":"2021-01-29T11:12:25","guid":{"rendered":"https:\/\/ferrycroatia.com\/hr\/?page_id=1463"},"modified":"2021-04-08T15:41:46","modified_gmt":"2021-04-08T13:41:46","slug":"trajektna-luka-sucuraj","status":"publish","type":"page","link":"https:\/\/www.ferrycroatia.com\/hr\/trajektna-luka-sucuraj\/","title":{"rendered":"Trajektna luka Su\u0107uraj"},"content":{"rendered":"\n<p><strong>Su\u0107uraj je malo mjesto smje\u0161teno na isto\u010dnoj strani otoka Hvara<\/strong> koje je ujedno i najbli\u017ea to\u010dka kopnu. Trajektna luka nalazi se u maloj, uskoj uvali i kao u gotovo svim ostalim oto\u010dnim gradovima smje\u0161tena je nedaleko od centra grada na kraju \u0161etnice uz more. Karte za \u017eeljene polaske mo\u017eete kupiti na blagajni u Su\u0107uraju ili Drveniku.<\/p>\n\n\n\n<h3>Kako do\u0107i do luke Su\u0107uraj<\/h3>\n\n\n\n<p><strong>Su\u0107uraj je mali oto\u010dni grad<\/strong>, pa bez obzira na to gdje se nalazite, lako mo\u017eete do\u0107i pje\u0161ice do trajektne luke. Ako ste iznajmili apartman u nekoj od uvala uz obalu Su\u0107uraja, morat \u0107ete dogovoriti prijevoz s va\u0161im stanodavcem. Ukoliko odsjedate <strong>negdje drugdje na otoku Hvaru<\/strong>, mo\u017eete autobusom do\u0107i do Su\u0107uraja. Autobusno stajali\u0161te smje\u0161teno je tako\u0111er u samom sredi\u0161tu grada.<\/p>\n\n\n\n<h3>\u0160to se nalazi u blizini luke Su\u0107uraj<\/h3>\n\n\n\n<p>Kao \u0161to je ve\u0107 spomenuto, Su\u0107uraj je <strong>doista malo oto\u010dno mjesto i trajektna luka nije smje\u0161tena daleko od centra.<\/strong> Zbog toga je ve\u0107ina sadr\u017eaja u blizini luke: kafi\u0107i, restorani, trgovine itd.<\/p>\n\n\n\n<h3>Adresa trajektne luke Su\u0107uraj<\/h3>\n\n\n\n<ul><li>D116 29<\/li><li>21469 Su\u0107uraj (Hvar)<\/li><li><strong>GPS koordinate: <\/strong>43.12486, 17.18808<\/li><\/ul>\n\n\n\n<h3>Popis dostupnih polazaka od i do Su\u0107urja<\/h3>\n\n\n\n<p>\u2192 Trajekt: Su\u0107uraj \u2013 Drvenik<\/p>\n\n\n\n<ul><li><a href=\"https:\/\/ferrycroatia.com\/hr\/sucuraj-drvenik\/\">Su\u0107uraj \u2013 Drvenik<\/a><\/li><\/ul>\n","protected":false},"excerpt":{"rendered":"<p>Su\u0107uraj je malo mjesto smje\u0161teno na isto\u010dnoj strani otoka Hvara koje je ujedno i najbli\u017ea to\u010dka kopnu. Trajektna luka nalazi se u maloj, uskoj uvali i kao u gotovo svim ostalim oto\u010dnim gradovima smje\u0161tena je nedaleko od centra grada na kraju \u0161etnice uz more. Karte za \u017eeljene polaske mo\u017eete kupiti na blagajni u Su\u0107uraju ili [&hellip;]<\/p>\n<p><a class=\"more-link\" href=\"https:\/\/www.ferrycroatia.com\/hr\/trajektna-luka-sucuraj\/\"> Continue reading&#8230;<\/a><\/p>\n","protected":false},"author":5,"featured_media":0,"parent":0,"menu_order":0,"comment_status":"closed","ping_status":"closed","template":"","meta":[],"yoast_head":"<!-- This site is optimized with the Yoast SEO plugin v19.8 - https:\/\/yoast.com\/wordpress\/plugins\/seo\/ -->\n<title>Trajektna luka Su\u0107uraj, dolasci i polasci iz luke<\/title>\n<meta name=\"robots\" content=\"index, follow, max-snippet:-1, max-image-preview:large, max-video-preview:-1\" \/>\n<link rel=\"canonical\" href=\"https:\/\/www.ferrycroatia.com\/hr\/trajektna-luka-sucuraj\/\" \/>\n<meta property=\"og:locale\" content=\"en_US\" \/>\n<meta property=\"og:type\" content=\"article\" \/>\n<meta property=\"og:title\" content=\"Trajektna luka Su\u0107uraj, dolasci i polasci iz luke\" \/>\n<meta property=\"og:description\" content=\"Su\u0107uraj je malo mjesto smje\u0161teno na isto\u010dnoj strani otoka Hvara koje je ujedno i najbli\u017ea to\u010dka kopnu. Trajektna luka nalazi se u maloj, uskoj uvali i kao u gotovo svim ostalim oto\u010dnim gradovima smje\u0161tena je nedaleko od centra grada na kraju \u0161etnice uz more. Karte za \u017eeljene polaske mo\u017eete kupiti na blagajni u Su\u0107uraju ili [&hellip;] Continue reading...\" \/>\n<meta property=\"og:url\" content=\"https:\/\/www.ferrycroatia.com\/hr\/trajektna-luka-sucuraj\/\" \/>\n<meta property=\"og:site_name\" content=\"Trajekti Hrvatska\" \/>\n<meta property=\"article:modified_time\" content=\"2021-04-08T13:41:46+00:00\" \/>\n<meta name=\"twitter:card\" content=\"summary_large_image\" \/>\n<meta name=\"twitter:label1\" content=\"Est. reading time\" \/>\n\t<meta name=\"twitter:data1\" content=\"1 minute\" \/>\n<script type=\"application\/ld+json\" class=\"yoast-schema-graph\">{\"@context\":\"https:\/\/schema.org\",\"@graph\":[{\"@type\":\"WebPage\",\"@id\":\"https:\/\/www.ferrycroatia.com\/hr\/trajektna-luka-sucuraj\/\",\"url\":\"https:\/\/www.ferrycroatia.com\/hr\/trajektna-luka-sucuraj\/\",\"name\":\"Trajektna luka Su\u0107uraj, dolasci i polasci iz luke\",\"isPartOf\":{\"@id\":\"https:\/\/www.ferrycroatia.com\/hr\/#website\"},\"datePublished\":\"2021-01-29T11:12:25+00:00\",\"dateModified\":\"2021-04-08T13:41:46+00:00\",\"breadcrumb\":{\"@id\":\"https:\/\/www.ferrycroatia.com\/hr\/trajektna-luka-sucuraj\/#breadcrumb\"},\"inLanguage\":\"en-US\",\"potentialAction\":[{\"@type\":\"ReadAction\",\"target\":[\"https:\/\/www.ferrycroatia.com\/hr\/trajektna-luka-sucuraj\/\"]}]},{\"@type\":\"BreadcrumbList\",\"@id\":\"https:\/\/www.ferrycroatia.com\/hr\/trajektna-luka-sucuraj\/#breadcrumb\",\"itemListElement\":[{\"@type\":\"ListItem\",\"position\":1,\"name\":\"Home\",\"item\":\"https:\/\/www.ferrycroatia.com\/hr\/\"},{\"@type\":\"ListItem\",\"position\":2,\"name\":\"Trajektna luka Su\u0107uraj\"}]},{\"@type\":\"WebSite\",\"@id\":\"https:\/\/www.ferrycroatia.com\/hr\/#website\",\"url\":\"https:\/\/www.ferrycroatia.com\/hr\/\",\"name\":\"Trajekti Hrvatska\",\"description\":\"Vozni red za sve trajekte i katamarane u Hrvatskoj\",\"potentialAction\":[{\"@type\":\"SearchAction\",\"target\":{\"@type\":\"EntryPoint\",\"urlTemplate\":\"https:\/\/www.ferrycroatia.com\/hr\/?s={search_term_string}\"},\"query-input\":\"required name=search_term_string\"}],\"inLanguage\":\"en-US\"}]}<\/script>\n<!-- \/ Yoast SEO plugin. -->","yoast_head_json":{"title":"Trajektna luka Su\u0107uraj, dolasci i polasci iz luke","robots":{"index":"index","follow":"follow","max-snippet":"max-snippet:-1","max-image-preview":"max-image-preview:large","max-video-preview":"max-video-preview:-1"},"canonical":"https:\/\/www.ferrycroatia.com\/hr\/trajektna-luka-sucuraj\/","og_locale":"en_US","og_type":"article","og_title":"Trajektna luka Su\u0107uraj, dolasci i polasci iz luke","og_description":"Su\u0107uraj je malo mjesto smje\u0161teno na isto\u010dnoj strani otoka Hvara koje je ujedno i najbli\u017ea to\u010dka kopnu. Trajektna luka nalazi se u maloj, uskoj uvali i kao u gotovo svim ostalim oto\u010dnim gradovima smje\u0161tena je nedaleko od centra grada na kraju \u0161etnice uz more. Karte za \u017eeljene polaske mo\u017eete kupiti na blagajni u Su\u0107uraju ili [&hellip;] Continue reading...","og_url":"https:\/\/www.ferrycroatia.com\/hr\/trajektna-luka-sucuraj\/","og_site_name":"Trajekti Hrvatska","article_modified_time":"2021-04-08T13:41:46+00:00","twitter_card":"summary_large_image","twitter_misc":{"Est. reading time":"1 minute"},"schema":{"@context":"https:\/\/schema.org","@graph":[{"@type":"WebPage","@id":"https:\/\/www.ferrycroatia.com\/hr\/trajektna-luka-sucuraj\/","url":"https:\/\/www.ferrycroatia.com\/hr\/trajektna-luka-sucuraj\/","name":"Trajektna luka Su\u0107uraj, dolasci i polasci iz luke","isPartOf":{"@id":"https:\/\/www.ferrycroatia.com\/hr\/#website"},"datePublished":"2021-01-29T11:12:25+00:00","dateModified":"2021-04-08T13:41:46+00:00","breadcrumb":{"@id":"https:\/\/www.ferrycroatia.com\/hr\/trajektna-luka-sucuraj\/#breadcrumb"},"inLanguage":"en-US","potentialAction":[{"@type":"ReadAction","target":["https:\/\/www.ferrycroatia.com\/hr\/trajektna-luka-sucuraj\/"]}]},{"@type":"BreadcrumbList","@id":"https:\/\/www.ferrycroatia.com\/hr\/trajektna-luka-sucuraj\/#breadcrumb","itemListElement":[{"@type":"ListItem","position":1,"name":"Home","item":"https:\/\/www.ferrycroatia.com\/hr\/"},{"@type":"ListItem","position":2,"name":"Trajektna luka Su\u0107uraj"}]},{"@type":"WebSite","@id":"https:\/\/www.ferrycroatia.com\/hr\/#website","url":"https:\/\/www.ferrycroatia.com\/hr\/","name":"Trajekti Hrvatska","description":"Vozni red za sve trajekte i katamarane u Hrvatskoj","potentialAction":[{"@type":"SearchAction","target":{"@type":"EntryPoint","urlTemplate":"https:\/\/www.ferrycroatia.com\/hr\/?s={search_term_string}"},"query-input":"required name=search_term_string"}],"inLanguage":"en-US"}]}},"_links":{"self":[{"href":"https:\/\/www.ferrycroatia.com\/hr\/wp-json\/wp\/v2\/pages\/1463"}],"collection":[{"href":"https:\/\/www.ferrycroatia.com\/hr\/wp-json\/wp\/v2\/pages"}],"about":[{"href":"https:\/\/www.ferrycroatia.com\/hr\/wp-json\/wp\/v2\/types\/page"}],"author":[{"embeddable":true,"href":"https:\/\/www.ferrycroatia.com\/hr\/wp-json\/wp\/v2\/users\/5"}],"replies":[{"embeddable":true,"href":"https:\/\/www.ferrycroatia.com\/hr\/wp-json\/wp\/v2\/comments?post=1463"}],"version-history":[{"count":4,"href":"https:\/\/www.ferrycroatia.com\/hr\/wp-json\/wp\/v2\/pages\/1463\/revisions"}],"predecessor-version":[{"id":2163,"href":"https:\/\/www.ferrycroatia.com\/hr\/wp-json\/wp\/v2\/pages\/1463\/revisions\/2163"}],"wp:attachment":[{"href":"https:\/\/www.ferrycroatia.com\/hr\/wp-json\/wp\/v2\/media?parent=1463"}],"curies":[{"name":"wp","href":"https:\/\/api.w.org\/{rel}","templated":true}]}}