{"id":1473,"date":"2021-01-29T11:16:33","date_gmt":"2021-01-29T11:16:33","guid":{"rendered":"https:\/\/ferrycroatia.com\/hr\/?page_id=1473"},"modified":"2021-04-08T16:02:13","modified_gmt":"2021-04-08T14:02:13","slug":"trajektna-luka-supetar","status":"publish","type":"page","link":"https:\/\/www.ferrycroatia.com\/hr\/trajektna-luka-supetar\/","title":{"rendered":"Trajektna luka Supetar"},"content":{"rendered":"\n<p><strong>Supetar je grad na sjevernoj strani otoka Bra\u010da<\/strong> i glavna oto\u010dna luka s izravnom trajektnom vezom sa gradom Splitom.<\/p>\n\n\n\n<h3>Kako do\u0107i do Trajektne luke Supetar<\/h3>\n\n\n\n<p><strong>Supetar se smatra glavnim gradom na otoku Bra\u010du<\/strong>. Gdje god odsjeli u Supetru do trajektne luke mo\u017eete do\u0107i pje\u0161ice (maksimalna udaljenost 1,5 km), ako imate prtljage mo\u017eete organizirati prijevoz ili naru\u010diti taksi. Ako odsjedate drugdje na otoku Bra\u010du, do Supetra mo\u017eete lako do\u0107i autobusom. Glavni autobusni kolodvor nalazi se<strong> 2 minute od trajektne luke<\/strong>. To\u010dnu lokaciju mo\u017eete vidjeti na idu\u0107oj poveznici: <a href=\"https:\/\/getbybus.com\/hr\/autobus-supetar-brac\">https:\/\/getbybus.com\/hr\/autobus-supetar-brac<\/a>&nbsp;<\/p>\n\n\n\n<h3>Kako iz Supetra do\u0107i do Zra\u010dne luke Split<\/h3>\n\n\n\n<p>Ako iz Supetra putujete do splitske zra\u010dne luke, trebat \u0107e vam oko 1 sat i 45 minuta, to je ako taksijem ili transferom idete od Trajektne luke Split do zra\u010dne luke, ako se odlu\u010dite za autobus zra\u010dne luke putovanje mo\u017ee trajati du\u017ee, ovisno o vremenu polaska autobusa. Ako vam nije problem potro\u0161iti malo vi\u0161e, mo\u017eete rezervirati gliser izravno od Supetra do Zra\u010dne luke Split, \u0161to bi trajalo nekih 30 minuta.<\/p>\n\n\n\n<h3>\u0160to se nalazi u blizini luke Supetar<\/h3>\n\n\n\n<p>Kao \u0161to je ve\u0107 navedeno, <strong>Trajektna luka Supetar<\/strong> nalazi se u blizini centra grada i glavne \u0161etnice uz more. <strong>U trajektnoj luci nalazi se \u0161alter za prodaju karata<\/strong>, a u blizini se nalaze <strong>restorani, barovi, kiosci, trgovine, suvenirnice <\/strong>itd.<\/p>\n\n\n\n<h3>Adresa Trajektne luke Supetar<\/h3>\n\n\n\n<ul><li>D113 14<\/li><li>21400 Supetar (Bra\u010d)<\/li><li><strong>GPS koordinate: <\/strong>43.38582, 16.55373<\/li><\/ul>\n\n\n\n<figure class=\"wp-block-image size-large\"><img decoding=\"async\" loading=\"lazy\" width=\"800\" height=\"518\" data-src=\"https:\/\/ferrycroatia.com\/hr\/wp-content\/uploads\/2021\/01\/Supetar1.jpg\" alt=\"Trajektna luka Supetar\" class=\"wp-image-1474\" data-srcset=\"https:\/\/www.ferrycroatia.com\/hr\/wp-content\/uploads\/2021\/01\/Supetar1.jpg 800w, https:\/\/www.ferrycroatia.com\/hr\/wp-content\/uploads\/2021\/01\/Supetar1-300x194.jpg 300w, https:\/\/www.ferrycroatia.com\/hr\/wp-content\/uploads\/2021\/01\/Supetar1-768x497.jpg 768w\" sizes=\"(max-width: 800px) 100vw, 800px\" \/><\/figure>\n\n\n\n<h3>Popis linija do i od Supetra<\/h3>\n\n\n\n<p>\u2192 Trajekt: Supetar (Bra\u010d) \u2013 Split<\/p>\n\n\n\n<ul><li><a href=\"https:\/\/ferrycroatia.com\/hr\/supetar-split\/\">Supetar \u2013 Split<\/a><\/li><\/ul>\n","protected":false},"excerpt":{"rendered":"<p>Supetar je grad na sjevernoj strani otoka Bra\u010da i glavna oto\u010dna luka s izravnom trajektnom vezom sa gradom Splitom. Kako do\u0107i do Trajektne luke Supetar Supetar se smatra glavnim gradom na otoku Bra\u010du. Gdje god odsjeli u Supetru do trajektne luke mo\u017eete do\u0107i pje\u0161ice (maksimalna udaljenost 1,5 km), ako imate prtljage mo\u017eete organizirati prijevoz ili [&hellip;]<\/p>\n<p><a class=\"more-link\" href=\"https:\/\/www.ferrycroatia.com\/hr\/trajektna-luka-supetar\/\"> Continue reading&#8230;<\/a><\/p>\n","protected":false},"author":5,"featured_media":0,"parent":0,"menu_order":0,"comment_status":"closed","ping_status":"closed","template":"","meta":[],"yoast_head":"<!-- This site is optimized with the Yoast SEO plugin v19.8 - https:\/\/yoast.com\/wordpress\/plugins\/seo\/ -->\n<title>Trajektna luka Supetar, dolasci i polasci iz luke<\/title>\n<meta name=\"robots\" content=\"index, follow, max-snippet:-1, max-image-preview:large, max-video-preview:-1\" \/>\n<link rel=\"canonical\" href=\"https:\/\/www.ferrycroatia.com\/hr\/trajektna-luka-supetar\/\" \/>\n<meta property=\"og:locale\" content=\"en_US\" \/>\n<meta property=\"og:type\" content=\"article\" \/>\n<meta property=\"og:title\" content=\"Trajektna luka Supetar, dolasci i polasci iz luke\" \/>\n<meta property=\"og:description\" content=\"Supetar je grad na sjevernoj strani otoka Bra\u010da i glavna oto\u010dna luka s izravnom trajektnom vezom sa gradom Splitom. Kako do\u0107i do Trajektne luke Supetar Supetar se smatra glavnim gradom na otoku Bra\u010du. Gdje god odsjeli u Supetru do trajektne luke mo\u017eete do\u0107i pje\u0161ice (maksimalna udaljenost 1,5 km), ako imate prtljage mo\u017eete organizirati prijevoz ili [&hellip;] Continue reading...\" \/>\n<meta property=\"og:url\" content=\"https:\/\/www.ferrycroatia.com\/hr\/trajektna-luka-supetar\/\" \/>\n<meta property=\"og:site_name\" content=\"Trajekti Hrvatska\" \/>\n<meta property=\"article:modified_time\" content=\"2021-04-08T14:02:13+00:00\" \/>\n<meta property=\"og:image\" content=\"https:\/\/ferrycroatia.com\/hr\/wp-content\/uploads\/2021\/01\/Supetar1.jpg\" \/>\n<meta name=\"twitter:card\" content=\"summary_large_image\" \/>\n<meta name=\"twitter:label1\" content=\"Est. reading time\" \/>\n\t<meta name=\"twitter:data1\" content=\"1 minute\" \/>\n<script type=\"application\/ld+json\" class=\"yoast-schema-graph\">{\"@context\":\"https:\/\/schema.org\",\"@graph\":[{\"@type\":\"WebPage\",\"@id\":\"https:\/\/www.ferrycroatia.com\/hr\/trajektna-luka-supetar\/\",\"url\":\"https:\/\/www.ferrycroatia.com\/hr\/trajektna-luka-supetar\/\",\"name\":\"Trajektna luka Supetar, dolasci i polasci iz luke\",\"isPartOf\":{\"@id\":\"https:\/\/www.ferrycroatia.com\/hr\/#website\"},\"datePublished\":\"2021-01-29T11:16:33+00:00\",\"dateModified\":\"2021-04-08T14:02:13+00:00\",\"breadcrumb\":{\"@id\":\"https:\/\/www.ferrycroatia.com\/hr\/trajektna-luka-supetar\/#breadcrumb\"},\"inLanguage\":\"en-US\",\"potentialAction\":[{\"@type\":\"ReadAction\",\"target\":[\"https:\/\/www.ferrycroatia.com\/hr\/trajektna-luka-supetar\/\"]}]},{\"@type\":\"BreadcrumbList\",\"@id\":\"https:\/\/www.ferrycroatia.com\/hr\/trajektna-luka-supetar\/#breadcrumb\",\"itemListElement\":[{\"@type\":\"ListItem\",\"position\":1,\"name\":\"Home\",\"item\":\"https:\/\/www.ferrycroatia.com\/hr\/\"},{\"@type\":\"ListItem\",\"position\":2,\"name\":\"Trajektna luka Supetar\"}]},{\"@type\":\"WebSite\",\"@id\":\"https:\/\/www.ferrycroatia.com\/hr\/#website\",\"url\":\"https:\/\/www.ferrycroatia.com\/hr\/\",\"name\":\"Trajekti Hrvatska\",\"description\":\"Vozni red za sve trajekte i katamarane u Hrvatskoj\",\"potentialAction\":[{\"@type\":\"SearchAction\",\"target\":{\"@type\":\"EntryPoint\",\"urlTemplate\":\"https:\/\/www.ferrycroatia.com\/hr\/?s={search_term_string}\"},\"query-input\":\"required name=search_term_string\"}],\"inLanguage\":\"en-US\"}]}<\/script>\n<!-- \/ Yoast SEO plugin. -->","yoast_head_json":{"title":"Trajektna luka Supetar, dolasci i polasci iz luke","robots":{"index":"index","follow":"follow","max-snippet":"max-snippet:-1","max-image-preview":"max-image-preview:large","max-video-preview":"max-video-preview:-1"},"canonical":"https:\/\/www.ferrycroatia.com\/hr\/trajektna-luka-supetar\/","og_locale":"en_US","og_type":"article","og_title":"Trajektna luka Supetar, dolasci i polasci iz luke","og_description":"Supetar je grad na sjevernoj strani otoka Bra\u010da i glavna oto\u010dna luka s izravnom trajektnom vezom sa gradom Splitom. Kako do\u0107i do Trajektne luke Supetar Supetar se smatra glavnim gradom na otoku Bra\u010du. Gdje god odsjeli u Supetru do trajektne luke mo\u017eete do\u0107i pje\u0161ice (maksimalna udaljenost 1,5 km), ako imate prtljage mo\u017eete organizirati prijevoz ili [&hellip;] Continue reading...","og_url":"https:\/\/www.ferrycroatia.com\/hr\/trajektna-luka-supetar\/","og_site_name":"Trajekti Hrvatska","article_modified_time":"2021-04-08T14:02:13+00:00","og_image":[{"url":"https:\/\/ferrycroatia.com\/hr\/wp-content\/uploads\/2021\/01\/Supetar1.jpg"}],"twitter_card":"summary_large_image","twitter_misc":{"Est. reading time":"1 minute"},"schema":{"@context":"https:\/\/schema.org","@graph":[{"@type":"WebPage","@id":"https:\/\/www.ferrycroatia.com\/hr\/trajektna-luka-supetar\/","url":"https:\/\/www.ferrycroatia.com\/hr\/trajektna-luka-supetar\/","name":"Trajektna luka Supetar, dolasci i polasci iz luke","isPartOf":{"@id":"https:\/\/www.ferrycroatia.com\/hr\/#website"},"datePublished":"2021-01-29T11:16:33+00:00","dateModified":"2021-04-08T14:02:13+00:00","breadcrumb":{"@id":"https:\/\/www.ferrycroatia.com\/hr\/trajektna-luka-supetar\/#breadcrumb"},"inLanguage":"en-US","potentialAction":[{"@type":"ReadAction","target":["https:\/\/www.ferrycroatia.com\/hr\/trajektna-luka-supetar\/"]}]},{"@type":"BreadcrumbList","@id":"https:\/\/www.ferrycroatia.com\/hr\/trajektna-luka-supetar\/#breadcrumb","itemListElement":[{"@type":"ListItem","position":1,"name":"Home","item":"https:\/\/www.ferrycroatia.com\/hr\/"},{"@type":"ListItem","position":2,"name":"Trajektna luka Supetar"}]},{"@type":"WebSite","@id":"https:\/\/www.ferrycroatia.com\/hr\/#website","url":"https:\/\/www.ferrycroatia.com\/hr\/","name":"Trajekti Hrvatska","description":"Vozni red za sve trajekte i katamarane u Hrvatskoj","potentialAction":[{"@type":"SearchAction","target":{"@type":"EntryPoint","urlTemplate":"https:\/\/www.ferrycroatia.com\/hr\/?s={search_term_string}"},"query-input":"required name=search_term_string"}],"inLanguage":"en-US"}]}},"_links":{"self":[{"href":"https:\/\/www.ferrycroatia.com\/hr\/wp-json\/wp\/v2\/pages\/1473"}],"collection":[{"href":"https:\/\/www.ferrycroatia.com\/hr\/wp-json\/wp\/v2\/pages"}],"about":[{"href":"https:\/\/www.ferrycroatia.com\/hr\/wp-json\/wp\/v2\/types\/page"}],"author":[{"embeddable":true,"href":"https:\/\/www.ferrycroatia.com\/hr\/wp-json\/wp\/v2\/users\/5"}],"replies":[{"embeddable":true,"href":"https:\/\/www.ferrycroatia.com\/hr\/wp-json\/wp\/v2\/comments?post=1473"}],"version-history":[{"count":4,"href":"https:\/\/www.ferrycroatia.com\/hr\/wp-json\/wp\/v2\/pages\/1473\/revisions"}],"predecessor-version":[{"id":2170,"href":"https:\/\/www.ferrycroatia.com\/hr\/wp-json\/wp\/v2\/pages\/1473\/revisions\/2170"}],"wp:attachment":[{"href":"https:\/\/www.ferrycroatia.com\/hr\/wp-json\/wp\/v2\/media?parent=1473"}],"curies":[{"name":"wp","href":"https:\/\/api.w.org\/{rel}","templated":true}]}}