{"id":1476,"date":"2021-01-29T11:17:40","date_gmt":"2021-01-29T11:17:40","guid":{"rendered":"https:\/\/ferrycroatia.com\/hr\/?page_id=1476"},"modified":"2021-04-08T16:03:41","modified_gmt":"2021-04-08T14:03:41","slug":"trajektna-luka-tkon","status":"publish","type":"page","link":"https:\/\/www.ferrycroatia.com\/hr\/trajektna-luka-tkon\/","title":{"rendered":"Trajektna luka Tkon"},"content":{"rendered":"\n<p>Tkon je malo mjesto <strong>na sjevernoj strani otoka Pa\u0161mana<\/strong>, a&nbsp; redovnim trajektnim linijama je povezano s <strong>obalnim gradom Biogradom na Moru<\/strong>. Tkon je malo oto\u010dno mjesto, a trajektni terminal se nalazi nedaleko od centra i rive.<\/p>\n\n\n\n<h3>Kako do\u0107i do luke u Tkonu<\/h3>\n\n\n\n<p>Vo\u017enja <strong>trajektom od Biograda na Moru do Tkona<\/strong> traje nekih 20 minuta. Od trajektnog terminala lako mo\u017eete do\u0107i pje\u0161ice do bilo kojeg smje\u0161taja u gradu, ako boravite negdje drugdje na otoku, mo\u017eete naru\u010diti taksi ili i\u0107i autobusom.<\/p>\n\n\n\n<p><strong>Najbli\u017ea zra\u010dna luka je Zra\u010dna luka Zadar <\/strong>koja se nalazi oko 25 km od Biograda na Moru (oko 10 km od Zadra). Nakon \u0161to sletite, mo\u017eete <strong>unaprijed rezerviranim transferom<\/strong> ili taksijem izravno do luke u Biogradu na Moru odakle mo\u017eete trajektom do Tkona.<\/p>\n\n\n\n<h3>\u0160to se nalazi u blizini luke Tkon<\/h3>\n\n\n\n<p>Kao \u0161to je ve\u0107 navedeno, Tkon je malo oto\u010dno mjesto, a trajektni terminal se nalazi u blizini centra, tako se ve\u0107ina objekata nalazi u blizini: restorani, barovi, trgovine itd.<\/p>\n\n\n\n<h3>Adresa luke Tkon<\/h3>\n\n\n\n<ul><li>Du\u017eina: 15.420635<\/li><li>\u0160irina: 43.921652<\/li><li>Trg Mulina 12<\/li><li>23212 Tkon (Pa\u0161man)<\/li><\/ul>\n\n\n\n<figure class=\"wp-block-image\"><img decoding=\"async\" data-src=\"https:\/\/lh3.googleusercontent.com\/xU_kX7ZI2Bt0D3CiC6C96AcAmjDcMhPHITU_NAFvXBJ4CzkR6ncHf-Sm21AN4RI6r8oad7v3vH2dlwenF_5ZHsR6RmyClodi6Yi4kycWvLq0OoPVNl4rZNo29GTEkM6RTlE5QPW9\" alt=\"Tkon Trajektna luka\"\/><\/figure>\n\n\n\n<h3>Popis trajektnih linija od i do Tkona<\/h3>\n\n\n\n<p>\u2192 Trajekt: Biograd na moru \u2013 Tkon (Pa\u0161man)<\/p>\n\n\n\n<ul><li><a href=\"https:\/\/ferrycroatia.com\/hr\/tkon-biograd-na-moru\/\">Tkon \u2013 Biograd<\/a><\/li><\/ul>\n","protected":false},"excerpt":{"rendered":"<p>Tkon je malo mjesto na sjevernoj strani otoka Pa\u0161mana, a&nbsp; redovnim trajektnim linijama je povezano s obalnim gradom Biogradom na Moru. Tkon je malo oto\u010dno mjesto, a trajektni terminal se nalazi nedaleko od centra i rive. Kako do\u0107i do luke u Tkonu Vo\u017enja trajektom od Biograda na Moru do Tkona traje nekih 20 minuta. Od [&hellip;]<\/p>\n<p><a class=\"more-link\" href=\"https:\/\/www.ferrycroatia.com\/hr\/trajektna-luka-tkon\/\"> Continue reading&#8230;<\/a><\/p>\n","protected":false},"author":5,"featured_media":0,"parent":0,"menu_order":0,"comment_status":"closed","ping_status":"closed","template":"","meta":[],"yoast_head":"<!-- This site is optimized with the Yoast SEO plugin v19.8 - https:\/\/yoast.com\/wordpress\/plugins\/seo\/ -->\n<title>Trajektna luka Tkon, dolasci i polasci iz luke<\/title>\n<meta name=\"robots\" content=\"index, follow, max-snippet:-1, max-image-preview:large, max-video-preview:-1\" \/>\n<link rel=\"canonical\" href=\"https:\/\/www.ferrycroatia.com\/hr\/trajektna-luka-tkon\/\" \/>\n<meta property=\"og:locale\" content=\"en_US\" \/>\n<meta property=\"og:type\" content=\"article\" \/>\n<meta property=\"og:title\" content=\"Trajektna luka Tkon, dolasci i polasci iz luke\" \/>\n<meta property=\"og:description\" content=\"Tkon je malo mjesto na sjevernoj strani otoka Pa\u0161mana, a&nbsp; redovnim trajektnim linijama je povezano s obalnim gradom Biogradom na Moru. Tkon je malo oto\u010dno mjesto, a trajektni terminal se nalazi nedaleko od centra i rive. Kako do\u0107i do luke u Tkonu Vo\u017enja trajektom od Biograda na Moru do Tkona traje nekih 20 minuta. Od [&hellip;] Continue reading...\" \/>\n<meta property=\"og:url\" content=\"https:\/\/www.ferrycroatia.com\/hr\/trajektna-luka-tkon\/\" \/>\n<meta property=\"og:site_name\" content=\"Trajekti Hrvatska\" \/>\n<meta property=\"article:modified_time\" content=\"2021-04-08T14:03:41+00:00\" \/>\n<meta property=\"og:image\" content=\"https:\/\/lh3.googleusercontent.com\/xU_kX7ZI2Bt0D3CiC6C96AcAmjDcMhPHITU_NAFvXBJ4CzkR6ncHf-Sm21AN4RI6r8oad7v3vH2dlwenF_5ZHsR6RmyClodi6Yi4kycWvLq0OoPVNl4rZNo29GTEkM6RTlE5QPW9\" \/>\n<meta name=\"twitter:card\" content=\"summary_large_image\" \/>\n<meta name=\"twitter:label1\" content=\"Est. reading time\" \/>\n\t<meta name=\"twitter:data1\" content=\"1 minute\" \/>\n<script type=\"application\/ld+json\" class=\"yoast-schema-graph\">{\"@context\":\"https:\/\/schema.org\",\"@graph\":[{\"@type\":\"WebPage\",\"@id\":\"https:\/\/www.ferrycroatia.com\/hr\/trajektna-luka-tkon\/\",\"url\":\"https:\/\/www.ferrycroatia.com\/hr\/trajektna-luka-tkon\/\",\"name\":\"Trajektna luka Tkon, dolasci i polasci iz luke\",\"isPartOf\":{\"@id\":\"https:\/\/www.ferrycroatia.com\/hr\/#website\"},\"datePublished\":\"2021-01-29T11:17:40+00:00\",\"dateModified\":\"2021-04-08T14:03:41+00:00\",\"breadcrumb\":{\"@id\":\"https:\/\/www.ferrycroatia.com\/hr\/trajektna-luka-tkon\/#breadcrumb\"},\"inLanguage\":\"en-US\",\"potentialAction\":[{\"@type\":\"ReadAction\",\"target\":[\"https:\/\/www.ferrycroatia.com\/hr\/trajektna-luka-tkon\/\"]}]},{\"@type\":\"BreadcrumbList\",\"@id\":\"https:\/\/www.ferrycroatia.com\/hr\/trajektna-luka-tkon\/#breadcrumb\",\"itemListElement\":[{\"@type\":\"ListItem\",\"position\":1,\"name\":\"Home\",\"item\":\"https:\/\/www.ferrycroatia.com\/hr\/\"},{\"@type\":\"ListItem\",\"position\":2,\"name\":\"Trajektna luka Tkon\"}]},{\"@type\":\"WebSite\",\"@id\":\"https:\/\/www.ferrycroatia.com\/hr\/#website\",\"url\":\"https:\/\/www.ferrycroatia.com\/hr\/\",\"name\":\"Trajekti Hrvatska\",\"description\":\"Vozni red za sve trajekte i katamarane u Hrvatskoj\",\"potentialAction\":[{\"@type\":\"SearchAction\",\"target\":{\"@type\":\"EntryPoint\",\"urlTemplate\":\"https:\/\/www.ferrycroatia.com\/hr\/?s={search_term_string}\"},\"query-input\":\"required name=search_term_string\"}],\"inLanguage\":\"en-US\"}]}<\/script>\n<!-- \/ Yoast SEO plugin. -->","yoast_head_json":{"title":"Trajektna luka Tkon, dolasci i polasci iz luke","robots":{"index":"index","follow":"follow","max-snippet":"max-snippet:-1","max-image-preview":"max-image-preview:large","max-video-preview":"max-video-preview:-1"},"canonical":"https:\/\/www.ferrycroatia.com\/hr\/trajektna-luka-tkon\/","og_locale":"en_US","og_type":"article","og_title":"Trajektna luka Tkon, dolasci i polasci iz luke","og_description":"Tkon je malo mjesto na sjevernoj strani otoka Pa\u0161mana, a&nbsp; redovnim trajektnim linijama je povezano s obalnim gradom Biogradom na Moru. Tkon je malo oto\u010dno mjesto, a trajektni terminal se nalazi nedaleko od centra i rive. Kako do\u0107i do luke u Tkonu Vo\u017enja trajektom od Biograda na Moru do Tkona traje nekih 20 minuta. Od [&hellip;] Continue reading...","og_url":"https:\/\/www.ferrycroatia.com\/hr\/trajektna-luka-tkon\/","og_site_name":"Trajekti Hrvatska","article_modified_time":"2021-04-08T14:03:41+00:00","og_image":[{"url":"https:\/\/lh3.googleusercontent.com\/xU_kX7ZI2Bt0D3CiC6C96AcAmjDcMhPHITU_NAFvXBJ4CzkR6ncHf-Sm21AN4RI6r8oad7v3vH2dlwenF_5ZHsR6RmyClodi6Yi4kycWvLq0OoPVNl4rZNo29GTEkM6RTlE5QPW9"}],"twitter_card":"summary_large_image","twitter_misc":{"Est. reading time":"1 minute"},"schema":{"@context":"https:\/\/schema.org","@graph":[{"@type":"WebPage","@id":"https:\/\/www.ferrycroatia.com\/hr\/trajektna-luka-tkon\/","url":"https:\/\/www.ferrycroatia.com\/hr\/trajektna-luka-tkon\/","name":"Trajektna luka Tkon, dolasci i polasci iz luke","isPartOf":{"@id":"https:\/\/www.ferrycroatia.com\/hr\/#website"},"datePublished":"2021-01-29T11:17:40+00:00","dateModified":"2021-04-08T14:03:41+00:00","breadcrumb":{"@id":"https:\/\/www.ferrycroatia.com\/hr\/trajektna-luka-tkon\/#breadcrumb"},"inLanguage":"en-US","potentialAction":[{"@type":"ReadAction","target":["https:\/\/www.ferrycroatia.com\/hr\/trajektna-luka-tkon\/"]}]},{"@type":"BreadcrumbList","@id":"https:\/\/www.ferrycroatia.com\/hr\/trajektna-luka-tkon\/#breadcrumb","itemListElement":[{"@type":"ListItem","position":1,"name":"Home","item":"https:\/\/www.ferrycroatia.com\/hr\/"},{"@type":"ListItem","position":2,"name":"Trajektna luka Tkon"}]},{"@type":"WebSite","@id":"https:\/\/www.ferrycroatia.com\/hr\/#website","url":"https:\/\/www.ferrycroatia.com\/hr\/","name":"Trajekti Hrvatska","description":"Vozni red za sve trajekte i katamarane u Hrvatskoj","potentialAction":[{"@type":"SearchAction","target":{"@type":"EntryPoint","urlTemplate":"https:\/\/www.ferrycroatia.com\/hr\/?s={search_term_string}"},"query-input":"required name=search_term_string"}],"inLanguage":"en-US"}]}},"_links":{"self":[{"href":"https:\/\/www.ferrycroatia.com\/hr\/wp-json\/wp\/v2\/pages\/1476"}],"collection":[{"href":"https:\/\/www.ferrycroatia.com\/hr\/wp-json\/wp\/v2\/pages"}],"about":[{"href":"https:\/\/www.ferrycroatia.com\/hr\/wp-json\/wp\/v2\/types\/page"}],"author":[{"embeddable":true,"href":"https:\/\/www.ferrycroatia.com\/hr\/wp-json\/wp\/v2\/users\/5"}],"replies":[{"embeddable":true,"href":"https:\/\/www.ferrycroatia.com\/hr\/wp-json\/wp\/v2\/comments?post=1476"}],"version-history":[{"count":4,"href":"https:\/\/www.ferrycroatia.com\/hr\/wp-json\/wp\/v2\/pages\/1476\/revisions"}],"predecessor-version":[{"id":2172,"href":"https:\/\/www.ferrycroatia.com\/hr\/wp-json\/wp\/v2\/pages\/1476\/revisions\/2172"}],"wp:attachment":[{"href":"https:\/\/www.ferrycroatia.com\/hr\/wp-json\/wp\/v2\/media?parent=1476"}],"curies":[{"name":"wp","href":"https:\/\/api.w.org\/{rel}","templated":true}]}}